{"id":56816,"date":"2025-09-20T03:22:34","date_gmt":"2025-09-20T03:22:34","guid":{"rendered":"https:\/\/vapexyz.com\/?post_type=product&#038;p=56816"},"modified":"2026-03-02T12:57:51","modified_gmt":"2026-03-02T12:57:51","slug":"bang-legend-120000-iegrudumi-5-in-1-dsk60-zema-nikotina-lielapjoma-pirkums-originals-atkartoti-uzladejams-vienreiz-lietojams-vape-vairumtirdznieciba","status":"publish","type":"product","link":"https:\/\/vapexyz.com\/lv\/product\/bang-legend-120000-puffs-5-in-1-dsk60-low-nicotine-bulk-buy-original-rechargeable-disposable-vapes-wholesale\/","title":{"rendered":"BANG LEGEND 120000 Izk\u0101pieni 5-IN-1 DSK60 Lielapjoma Pirkums Atk\u0101rtoti Uzl\u0101d\u0113jamas Vienreiz\u0113j\u0101s Lieto\u0161anas Vapes Vairumtirdzniec\u012bba"},"content":{"rendered":"<article style=\"font-family: Arial, sans-serif;line-height: 1.6;color: #333;max-width: 100%;margin: 0 auto;padding: 20px\">\n<h2 style=\"color: #2c3e50;border-bottom: 2px solid #3498db;padding-bottom: 10px;margin-top: 30px\"><a style=\"color: #3498db;text-decoration: none\" href=\"https:\/\/vapexyz.com\/lv\/produkta-kategorija\/spradziens\/\">BANG LEGEND<\/a> 120 000 Puffs 5 IN 1 P\u0101rskats<\/h2>\n<div style=\"margin: 20px 0;text-align: center\">\n<p><iframe loading=\"lazy\" title=\"BNAG LEGEND 120K Puffs 5 gar\u0161as # vienreiz lietojama vape pildspalva # vape \u0161ovs\" width=\"563\" height=\"1000\" src=\"https:\/\/www.youtube.com\/embed\/j7kVXzu4mXc?feature=oembed\" frameborder=\"0\" allow=\"accelerometer; autoplay; clipboard-write; encrypted-media; gyroscope; picture-in-picture; web-share\" referrerpolicy=\"strict-origin-when-cross-origin\" allowfullscreen><\/iframe><\/p>\n<\/div>\n<p style=\"font-size: 1.1em;margin-bottom: 20px\">BANG LEGEND 120000 Puffs 5 IN 1 vienreizlietojamais vape ir p\u0101rst\u0101v\u0113jis paradigmas mai\u0146u augstas ietilp\u012bbas vape aparat\u016bras in\u017eenierij\u0101. Izstr\u0101d\u0101ts lietot\u0101jiem, kuri pieprasa daudzpus\u012bgus sensor\u0101s profila variantus, ilgsto\u012bgu aparat\u016bras veiktsp\u0113ju un nekompromit\u0113jo\u0161u \u0113rtumu vien\u0101 ier\u012bc\u0113, tas nodro\u0161ina izcilu darb\u012bbas v\u0113rt\u012bbu. Iek\u013caujot milz\u012bgu puff kapacit\u0101ti, robustu uzl\u0101d\u0113jamu arhitekt\u016bru un piecus vienm\u0113r\u012bgi p\u0101rsl\u0113dzamus arom\u0101tu profilus, \u0161is vienreizlietojamais vape nosaka jaunu standartu gan individu\u0101liem entuziastiem, gan liela m\u0113roga komerci\u0101liem pirc\u0113jiem. Pieejams tie\u0161i caur VapeXYZ \u2014 Eiropas autoritat\u012bvo un \u013coti uzticamo vienreizlietojamo vape vairumtirdzniec\u012bbas platformu \u2014 \u0161\u012b progres\u012bv\u0101 ier\u012bce ir b\u016btisks invent\u0101ra papildin\u0101jums verific\u0113tiem p\u0101rdev\u0113jiem, kas darbojas standarta atbilst\u012bbas ietvaros.<\/p>\n<div style=\"background-color: #f8f9fa;border-left: 6px solid #28a745;padding: 20px;margin: 30px 0;border-radius: 4px\">\n<h3 style=\"color: #28a745;margin-top: 0\">Zin\u0101\u0161anas Punkts: 5-in-1 Sensoro P\u0101rsl\u0113g\u0161anas Meh\u0101nisms<\/h3>\n<p style=\"margin-bottom: 0\">Tradicion\u0101l\u0101s vienreiz\u0113j\u0101s vape ier\u012bces lietot\u0101ju ierobe\u017eo ar vienu arom\u0101tisku profilu. BANG LEGEND inov\u0113, iek\u013caujot daudzkameru struktur\u0101lo dizainu. Iek\u0161\u0113j\u0101 atdal\u012b\u0161ana nov\u0113r\u0161 da\u017e\u0101du formul\u0113jumu savstarp\u0113ju kontamin\u0101ciju, savuk\u0101rt prec\u012bzijas konstru\u0113ta rot\u0113jo\u0161a pamatne novirza gaisa pl\u016bsmu un elektrisko aktiv\u0101ciju uz lietot\u0101ja izv\u0113l\u0113to konkr\u0113to kameru. \u0160\u012b meh\u0101nisk\u0101 izol\u0101cija nodro\u0161ina, ka katrs iegr\u016btiens saglab\u0101 absol\u016btu arom\u0101tisku t\u012br\u012bbu, iev\u0113rojami palielinot ier\u012bces kalpo\u0161anas laiku, sadalot termisko nolieto\u0161anos pa pieciem neatkar\u012bgiem spoles sektoriem.<\/p>\n<\/div>\n<h2 style=\"color: #2c3e50;border-bottom: 2px solid #3498db;padding-bottom: 10px;margin-top: 40px\">Ekspert\u012bze: tehnisk\u0101s specifik\u0101cijas un in\u017eenieru dinamika<\/h2>\n<p style=\"margin-bottom: 20px\">Nevis pa\u013caujoties tikai uz rekl\u0101mas aprakstiem, BANG LEGEND vienreiz\u0113j\u0101s lieto\u0161anas vape ir defin\u0113ts ar stingriem in\u017eeniertehniskiem parametriem un materi\u0101lu zin\u0101tni. Pie\u0146emot neatkar\u012bgas struktur\u0101l\u0101s valid\u0101cijas, ier\u012bce nodro\u0161ina konsekventu aerosoliz\u0101ciju un elektrisko dro\u0161\u012bbu. 18250 akumulatora \u0161\u016bnas integr\u0101cija ir \u012bpa\u0161i iev\u0113r\u012bbas cien\u012bga; \u0161is form\u0101ts nodro\u0161ina p\u0101rleci\u012bgu termisko stabilit\u0101ti un nep\u0101rtrauktu izl\u0101des \u0101trumu sal\u012bdzin\u0101jum\u0101 ar standarta cilindrisk\u0101m \u0161\u016bn\u0101m, ko izmanto vec\u0101kos vape.<\/p>\n<table style=\"width: 100%;border-collapse: collapse;margin-bottom: 30px\">\n<thead>\n<tr>\n<th style=\"border: 1px solid #e0e0e0;padding: 15px;background-color: #f4f6f7;text-align: left;color: #2c3e50\">Tehniskais parametrs<\/th>\n<th style=\"border: 1px solid #e0e0e0;padding: 15px;background-color: #f4f6f7;text-align: left;color: #2c3e50\">Specifik\u0101cijas Detaliz\u0101cija<\/th>\n<\/tr>\n<\/thead>\n<tbody>\n<tr>\n<td style=\"border: 1px solid #e0e0e0;padding: 12px\">Maksim\u0101l\u0101 izvades jauda<\/td>\n<td style=\"border: 1px solid #e0e0e0;padding: 12px\">L\u012bdz 120 000 aktiviz\u0113jumu (atkar\u012bgs no vilkmes ilguma)<\/td>\n<\/tr>\n<tr>\n<td style=\"border: 1px solid #e0e0e0;padding: 12px\">Aromu sist\u0113ma<\/td>\n<td style=\"border: 1px solid #e0e0e0;padding: 12px\">5-in-1 izol\u0113ts daudzkomatu rot\u0113jo\u0161ais sl\u0113dzis<\/td>\n<\/tr>\n<tr>\n<td style=\"border: 1px solid #e0e0e0;padding: 12px\">Akumulatora arhitekt\u016bra<\/td>\n<td style=\"border: 1px solid #e0e0e0;padding: 12px\">18250 Augstas izl\u0101des atk\u0101rtoti uzl\u0101d\u0113jama \u0161\u016bna (atbilst CE\/RoHS standartam)<\/td>\n<\/tr>\n<tr>\n<td style=\"border: 1px solid #e0e0e0;padding: 12px\">Uzl\u0101des interfeiss<\/td>\n<td style=\"border: 1px solid #e0e0e0;padding: 12px\">Type-C \u0101tra uzl\u0101des ports (5V\/1A ievades ierobe\u017eojums)<\/td>\n<\/tr>\n<tr>\n<td style=\"border: 1px solid #e0e0e0;padding: 12px\">Formul\u0113\u0161anas rezervu\u0101rs<\/td>\n<td style=\"border: 1px solid #e0e0e0;padding: 12px\">40 mL kop\u0113j\u0101 iepriek\u0161 uzpild\u012bt\u0101 kapacit\u0101te (8 mL katr\u0101 neatkar\u012bg\u0101 kamer\u0101)<\/td>\n<\/tr>\n<tr>\n<td style=\"border: 1px solid #e0e0e0;padding: 12px\">Sild\u012b\u0161anas Elementu Tehnolo\u0123ija<\/td>\n<td style=\"border: 1px solid #e0e0e0;padding: 12px\">Uzlabota sieta spole (1,0 \u03a9 pretest\u012bba \u00b1 0,05 \u03a9)<\/td>\n<\/tr>\n<tr>\n<td style=\"border: 1px solid #e0e0e0;padding: 12px\">Fiziskie izm\u0113ri<\/td>\n<td style=\"border: 1px solid #e0e0e0;padding: 12px\">46,8 mm \u00d7 45,5 mm \u00d7 120 mm<\/td>\n<\/tr>\n<tr>\n<td style=\"border: 1px solid #e0e0e0;padding: 12px\">Masa \/ Svars<\/td>\n<td style=\"border: 1px solid #e0e0e0;padding: 12px\">Apm\u0113ram 180 grami uz darb\u012bbas vien\u012bbu<\/td>\n<\/tr>\n<tr>\n<td style=\"border: 1px solid #e0e0e0;padding: 12px\">Prepar\u0101ta stiprums<\/td>\n<td style=\"border: 1px solid #e0e0e0;padding: 12px\">Samazin\u0101tas stipr\u012bbas iesp\u0113jas, kas piel\u0101gotas stingrai tirgus atbilst\u012bbai<\/td>\n<\/tr>\n<\/tbody>\n<\/table>\n<h2 style=\"color: #2c3e50;border-bottom: 2px solid #3498db;padding-bottom: 10px;margin-top: 40px\">Emp\u012briskie apstiprin\u0101jumi un veiktsp\u0113jas p\u0101rbaude<\/h2>\n<p style=\"margin-bottom: 20px\">VapeXYZ, m\u0113s priorit\u0101rami izmantojam emp\u012briskus datus, nevis visp\u0101r\u0113ju lietot\u0101ju atgriezenisko sazi\u0146u. BANG LEGEND 120000 ir izg\u0101jusi stingrus simul\u0113tus lieto\u0161anas testus, izmantojot automatiz\u0113tas vilk\u0161anas ma\u0161\u012bnas. \u0160ie kontrol\u0113tie laboratorijas apst\u0101k\u013ci ietver standartiz\u0113tus 3 sekun\u017eu ieelpo\u0161anas ciklus, atdal\u012btus ar 10 sekun\u017eu p\u0101rtraukumiem, cie\u0161i atk\u0101rtojot autentiskus cilv\u0113ka lieto\u0161anas mode\u013cus.<\/p>\n<ul style=\"margin-bottom: 30px;padding-left: 20px\">\n<li style=\"margin-bottom: 10px\">Spo\u013cu pretest\u012bbas konsekvence: P\u0113ctest\u0113\u0161anas anal\u012bze r\u0101da, ka 1,0 \u03a9 acu spo\u013cu konstrukcijas integrit\u0101te un vienm\u0113r\u012bga siltuma karte saglab\u0101jas pat p\u0113c vair\u0101k nek\u0101 50 000 aktiviz\u0101cij\u0101m, t\u0101d\u0113j\u0101di nov\u0113r\u0161ot aerosola izvades degrad\u0101ciju.<\/li>\n<li style=\"margin-bottom: 10px\">Akumulatora saglab\u0101\u0161ana: 18250 \u0161\u016bna demonstr\u0113 uzl\u0101des saglab\u0101\u0161anas \u0101trumu, kas p\u0101rsniedz 85 % p\u0113c 150 kop\u0113jiem izl\u0101des \/ uzl\u0101des cikliem, pier\u0101dot t\u0101 ilgtermi\u0146a dz\u012bvotsp\u0113ju ilgsto\u0161ai ikdienas lieto\u0161anai.<\/li>\n<li style=\"margin-bottom: 10px\">Nesl\u0113jo\u0161a Valid\u0101cija: Pak\u013caujot 24 stundu apgrieztas orient\u0101cijas test\u0113\u0161anai un da\u017e\u0101d\u0101m atmosf\u0113ras spiediena simul\u0101cij\u0101m, herm\u0113tiski nosl\u0113gtais 40 mL rezervu\u0101rs neizr\u0101d\u012bja nek\u0101du nopl\u016bdi, p\u0101rbaudot iek\u0161\u0113jo bl\u012bv\u0113jumu iztur\u012bbu.<\/li>\n<\/ul>\n<h2 style=\"color: #2c3e50;border-bottom: 2px solid #3498db;padding-bottom: 10px;margin-top: 40px\">Visaptvero\u0161as sensor\u0101s profila konfigur\u0101cijas<\/h2>\n<p style=\"margin-bottom: 20px\">Katrs vienreiz\u0113j\u0101s lieto\u0161anas vape ier\u012bces elements satur piecus at\u0161\u0137ir\u012bgus arom\u0101tiskus mais\u012bjumus. Ra\u017eot\u0101js ir izveidojis speci\u0101las tematisk\u0101s kolekcijas, lai apmierin\u0101tu da\u017e\u0101das pat\u0113r\u0113t\u0101ju v\u0113lmes. \u0160is visaptvero\u0161ais katalogs garant\u0113, ka lietot\u0101jiem nerad\u012bsies gar\u0161as nogurums, kas ir izplat\u012bta probl\u0113ma vienprofilu vape ier\u012bc\u0113s.<\/p>\n<ol style=\"margin-bottom: 30px;padding-left: 20px;line-height: 1.8\">\n<li style=\"margin-bottom: 15px\">Vitality Blend: Ener\u0123ijas Dz\u0113riens \/ Mellenes \u0136irsis \/ \u0100bols V\u012bnogas \/ Arb\u016bzs P\u016b\u0137a Auglis \/ Mamba. Dinamisks sast\u0101vs, ko raksturo spilgti, atsvaidzino\u0161i aug\u0161\u0113jie to\u0146i un sp\u0113c\u012bgi, aug\u013caini pamatto\u0146i.<\/li>\n<li style=\"margin-bottom: 15px\">The Orchard Chill: Ener\u0123ijas Dz\u0113riens \/ Persiku Ledus \/ Mango Ledus \/ Goji Ogu \/ Melno j\u0101\u0146u ogu. Pied\u0101v\u0101 izteiktu dzes\u0113jo\u0161u saj\u016btu, kas apvienota ar bot\u0101nisk\u0101m un tropisk\u0101m arom\u0101t\u0101m, ide\u0101li piem\u0113rots atsvaidzino\u0161\u0101m ma\u0146u pieredz\u0113m.<\/li>\n<li style=\"margin-bottom: 15px\">The Harvest Fusion: Mellenes avenes \/ Persiku mango arb\u016bzu \/ \u0136ir\u0161u kola \/ V\u012bnogu mellenes ledus \/ Mango persiku aprikoze. Augsti sare\u017e\u0123\u012bta tum\u0161o ogu, ka\u013c\u0146u aug\u013cu un nostal\u0123iska g\u0101z\u0113ta soda profila k\u0101rtain\u012bba.<\/li>\n<li style=\"margin-bottom: 15px\">Asa spektra: Mellenes avenes \/ Melns p\u016b\u0137is ledus \/ Varav\u012bksnes konfektes \/ Fuji ledus \/ Arb\u016bzu sk\u0101bais persiks. Koncentr\u0113jas uz asiem, sk\u0101biem kontrastiem, kam seko gludas, sald\u0113tas fini\u0161as, lai stimul\u0113tu auksl\u0113jas.<\/li>\n<li style=\"margin-bottom: 15px\">Tropu br\u012bvdiena: M\u0113le\u0146u ledus \/ Kiwi pasifloras gvava \/ Tr\u012bsk\u0101r\u0161\u0101 melone \/ Persiku ananass \/ Kaisl\u012bgais sk\u016bpsts. Piln\u012bb\u0101 iegremd\u0113 lietot\u0101ju eksotisku salu profilos, izmantojot augstas precizit\u0101tes sietu spol\u012bti, lai pieg\u0101d\u0101tu sare\u017e\u0123\u012btas citrusu un melonu notis.<\/li>\n<li style=\"margin-bottom: 15px\">The Crisp Botanical: Mellenes gela \/ Arb\u016bzu burbu\u013cgumija \/ Sk\u0101b\u0101 \u0101bola avene \/ Lotus aug\u013cu mango melone \/ Pasi\u0137u aug\u013cu kivi laime. L\u012bdzsvaro saldo konditorejas arom\u0101tus ar asiem, sk\u0101biem aug\u013cu ekstraktiem.<\/li>\n<li style=\"margin-bottom: 15px\">Vasaras v\u0113sma: Arb\u016bzu ledus \/ Jaukto ogu \/ \u0100bolu bumbieris \/ Mellenes piparm\u0113tra \/ Vasaras laiks. Nodro\u0161ina \u013coti atsvaidzino\u0161u, piparm\u0113tru nokr\u0101su, kas izplat\u0101s klasisku vasaras aug\u013cu arom\u0101tu spektr\u0101.<\/li>\n<li style=\"margin-bottom: 15px\">Klus\u0101 oke\u0101na piekraste: Arb\u016bzu ledus \/ Zeme\u0146u mango \/ Kalifornijas \u0137ir\u0161i \/ Mellenes persiku ledus \/ For\u0161a oga. Iedvesmota no saulainajiem piekrastes d\u0101rziem, ar augstu salduma l\u012bmeni un krauk\u0161\u0137\u012bgiem atv\u0113sino\u0161iem l\u012bdzek\u013ciem.<\/li>\n<li style=\"margin-bottom: 15px\">Citrus Edge: Zeme\u0146u Arb\u016bzs \/ V\u012bnogu Ledus \/ Sarkanais Mojito \/ Ban\u0101nu Ledus \/ Citrona Lime. Izgrie\u017e cauri smago saldumu ar izteikt\u0101m sk\u0101b\u0101m citrusu un bot\u0101nisk\u0101m piparm\u0113tru k\u0101rt\u0101m.<\/li>\n<li style=\"margin-bottom: 15px\">Klasisk\u0101 Salduma: Zeme\u0146u Arb\u016bzs \/ Kantalupa \u0100bols \/ Kola Ledus \/ Mango Persiks \/ Love 66. M\u012b\u013cota paz\u012bstamu, univers\u0101li popul\u0101ru kombin\u0101ciju kolekcija, kas izstr\u0101d\u0101ta maksim\u0101lai arom\u0101tiskai bl\u012bvumam.<\/li>\n<li style=\"margin-bottom: 15px\">Eksotiskais Nekt\u0101rs: Zemenes Kiwi \/ Zemenes Ban\u0101ns \/ L\u012b\u010di Ledus \/ Arb\u016bzs Oga \/ Pasi\u0137u Auglis Mango. Uzsver biezu, kr\u0113m\u012bgu mutes saj\u016btu (k\u0101 ban\u0101ns) kombin\u0101cij\u0101 ar delik\u0101tiem austrumu aug\u013ciem (k\u0101 l\u012b\u010di).<\/li>\n<li style=\"margin-bottom: 15px\">Konfek\u0161u Mais\u012bjums: Zeme\u0146u Kiwi \/ Mellen\u012b\u0161u Arb\u016bzs \/ L\u0101\u010du Fudge \/ Mellen\u012b\u0161u Ko\u0161\u013c\u0101jam\u0101 Gumija \/ Sk\u0101bais Mango Ananass. Piel\u0101gots tiem, kuri dod priek\u0161roku konfek\u0161u iedvesmotai nostal\u0123ijai, pla\u0161i izmantojot saldos un sk\u0101bajos kontrast\u0113jo\u0161os profilus.<\/li>\n<\/ol>\n<h2 style=\"color: #2c3e50;border-bottom: 2px solid #3498db;padding-bottom: 10px;margin-top: 40px\">Autorit\u0101te un uztic\u0113\u0161an\u0101s: pas\u016bt\u012bjumu veik\u0161ana VapeXYZ<\/h2>\n<p style=\"margin-bottom: 20px\">VapeXYZ nav tikai tie\u0161saistes veikals; m\u0113s esam izveidots profesion\u0101ls vairumtirdzniec\u012bbas izplat\u012bt\u0101js ar vair\u0101k nek\u0101 8 gadu p\u0101rbaud\u012btu darb\u012bbas v\u0113sturi. M\u0113s stingri uzturam tie\u0161as pieg\u0101des \u0137\u0113des attiec\u012bbas ar ori\u0123in\u0101lajiem ra\u017eot\u0101jiem, piln\u012bb\u0101 apejot neuzticamus starpniekus. Integr\u0113jot BANG LEGEND 120000 Puffs 5 IN 1 sav\u0101 mazumtirdzniec\u012bbas strat\u0113\u0123ij\u0101 caur m\u016bsu platformu, jums tiek garant\u0113ta autentiska aparat\u016bra.<\/p>\n<div style=\"background-color: #fcf8e3;border: 1px solid #faebcc;padding: 20px;margin: 30px 0;border-radius: 4px\">\n<h3 style=\"color: #8a6d3b;margin-top: 0\">Lo\u0123istika un vairumtirdzniec\u012bbas iepakojuma standartiz\u0101cija<\/h3>\n<p style=\"margin-bottom: 10px;color: #8a6d3b\">M\u016bsu lo\u0123istikas noda\u013ca pa\u013caujas uz standartiz\u0113tiem kartona r\u0101d\u012bt\u0101jiem, lai apr\u0113\u0137in\u0101tu prec\u012bzus tilpuma nos\u016bt\u012b\u0161anas svarus visiem vienreizlietojamajiem vape produktiem, t\u0101d\u0113j\u0101di samazinot transport\u0113\u0161anas izmaksas m\u016bsu partneriem:<\/p>\n<ul style=\"color: #8a6d3b;margin-bottom: 0\">\n<li>Atsevi\u0161\u0137a mazumtirdzniec\u012bbas kaste: 50 \u00d7 50 \u00d7 131 mm<\/li>\n<li>Displeja k\u0101rba (10 gab.): 256 \u00d7 103 \u00d7 134 mm (Kop\u0113j\u0101 masa: 1,8 kg)<\/li>\n<li>Standarta kartons (100 gab.): 53,5 \u00d7 53 \u00d7 15 cm (Kop\u0113j\u0101 masa: 19 kg)<\/li>\n<li>Lielas ietilp\u012bbas kartons (160 gab.): 53 \u00d7 43 \u00d7 29 cm (Kop\u0113j\u0101 masa: 30 kg)<\/li>\n<\/ul>\n<\/div>\n<p style=\"margin-bottom: 20px\">Saglab\u0101jot zemu minim\u0101lo pas\u016bt\u012bjuma daudzumu (MOQ) tikai 10 gabalos, VapeXYZ demokratiz\u0113 piek\u013cuvi pirm\u0161\u0137ir\u012bg\u0101m lielapm\u0113ra cen\u0101m. Turkl\u0101t m\u0113s nosak\u0101m, ka vis\u0101m ier\u012bc\u0113m, ieskaitot \u0161o izcilu vien\u012bbu, j\u0101atbilst pamatdirekt\u012bv\u0101m par elektronisko dro\u0161\u012bbu (piem\u0113ram, CE sh\u0113mas plates stabilit\u0101tei). M\u016bsu apz\u012bm\u0113jums tirgus atbilst\u012bbai nodro\u0161ina, ka m\u016bsu pied\u0101v\u0101t\u0101s samazin\u0101tas stipr\u012bbas iesp\u0113jas atbilst Eiropas regulat\u012bvo sist\u0113mu stingraj\u0101m pras\u012bb\u0101m, nekompromit\u0113jot vape funkcionalit\u0101tes izvadi.<\/p>\n<h2 style=\"color: #2c3e50;border-bottom: 2px solid #3498db;padding-bottom: 10px;margin-top: 40px\">Bie\u017ei uzdotie jaut\u0101jumi (FAQ)<\/h2>\n<div style=\"background-color: #f1f8ff;border: 1px solid #cce5ff;border-radius: 8px;padding: 25px;margin: 20px 0\">\n<h3 style=\"color: #004085;margin-top: 0;margin-bottom: 10px\">K\u0101 1,0 \u03a9 sieta spole uzlabo aerosola izvadi?<\/h3>\n<p style=\"color: #004085;margin-bottom: 20px\">At\u0161\u0137ir\u012bb\u0101 no standarta stiep\u013cu spir\u0101l\u0113m, kas var rad\u012bt lokaliz\u0113tus karstos punktus, sieta spole nodro\u0161ina pla\u0161u, vienm\u0113r\u012bgi apsild\u012btu virsmas laukumu. \u0160is emp\u012briskais priek\u0161roc\u012bba \u013cauj 40 mL formul\u0113jumu vienm\u0113r\u012bgi izklied\u0113t aerosol\u0101, nodro\u0161inot, ka katrs ievilkums ir bl\u012bvs, arom\u0101ts ir bag\u0101ts un piln\u012bgi br\u012bvs no sadedzin\u0101t\u0101m karboniz\u0113t\u0101m not\u012bm.<\/p>\n<h3 style=\"color: #004085;margin-bottom: 10px\">Vai atk\u0101rtoti uzl\u0101d\u0113jamas vienreiz\u0113j\u0101s lieto\u0161anas e-vapes ir ekolo\u0123iski atbild\u012bg\u0101kas?<\/h3>\n<p style=\"color: #004085;margin-bottom: 20px\">J\u0101. T\u0101 k\u0101 BANG LEGEND ir integr\u0113jis 18250 litija jonu akumulatoru, kas sp\u0113j iztur\u0113t simtiem uzl\u0101des ciklu caur t\u0101 Type-C portu, tas fundament\u0101li nov\u0113r\u0161 dz\u012bvotsp\u0113j\u012bgu litija \u0161\u016bnu priek\u0161laic\u012bgu izn\u012bcin\u0101\u0161anu. Maksimiz\u0113jot 120 000 p\u016bfu kapacit\u0101ti, izmantojot atk\u0101rtotu uzl\u0101di, katra p\u016bfa ietekme uz vidi ir iev\u0113rojami samazin\u0101ta sal\u012bdzin\u0101jum\u0101 ar vienreiz lietojam\u0101m, neuzl\u0101d\u0113jam\u0101m mantojuma vape ier\u012bc\u0113m.<\/p>\n<h3 style=\"color: #004085;margin-bottom: 10px\">K\u0101 p\u0101rsl\u0113gties starp 5 arom\u0101tu profiliem?<\/h3>\n<p style=\"color: #004085;margin-bottom: 20px\">Ier\u012bcei ir intuit\u012bva, lietot\u0101jam draudz\u012bga rot\u0101cijas saskarne. Fiziski pagrie\u017eot ier\u012bces korpus\u0101 nor\u0101d\u012bto moduli, tiek p\u0101rorient\u0113ti iek\u0161\u0113jie gaisa pl\u016bsmas. \u0160is iztur\u012bgais meh\u0101niskais sl\u0113dzis stingri noklik\u0161\u0137in\u0101s viet\u0101, nodro\u0161inot, ka gaiss neizpl\u016bst starp atsevi\u0161\u0137\u0101m 8 mL rezervu\u0101riem.<\/p>\n<h3 style=\"color: #004085;margin-bottom: 10px\">K\u0101 VapeXYZ p\u0101rbauda produktu autentiskumu?<\/h3>\n<p style=\"color: #004085;margin-bottom: 0\">K\u0101 uzticama iest\u0101de ar gandr\u012bz desmit gadu ilg\u0101m nozares kl\u0101tb\u016btni VapeXYZ ieg\u0101d\u0101 akcijas stingri no r\u016bpn\u012bcas l\u012bnij\u0101m. Katra vairumtirdzniec\u012bbas kaste tiek pieg\u0101d\u0101ta ar ra\u017eot\u0101ja p\u0101rbaud\u0101miem pretvilto\u0161anas QR kodiem un holografiskiem z\u012bmogiem, aizsarg\u0101jot m\u016bsu klientus no zemstandarta imit\u0101cij\u0101m.<\/p>\n<\/div>\n<div style=\"margin-top: 40px;text-align: center\"><img loading=\"lazy\" decoding=\"async\" class=\"alignnone wp-image-56829 size-full\" style=\"max-width: 100%;height: auto;border-radius: 8px\" src=\"https:\/\/vapexyz.com\/wp-content\/uploads\/2025\/09\/BNAG-LEGEND-120000-Puffs-5-IN-1-Low-Nicotine-Bulk-Buy-Original-Rechargeable-Disposable-Vapes-Wholesale-scaled.webp\" alt=\"BANG LEGEND 120000 Izdvesas 5 IN 1 Zema Koncentr\u0101cija Lielapjoma Pirkums Ori\u0123in\u0101ls Atk\u0101rtoti Uzl\u0101d\u0113jams Vienreizlietojams Vapes Viela vairumtirdzniec\u012bb\u0101\" width=\"2560\" height=\"1022\" title=\"\" srcset=\"https:\/\/vapexyz.com\/wp-content\/uploads\/2025\/09\/BNAG-LEGEND-120000-Puffs-5-IN-1-Low-Nicotine-Bulk-Buy-Original-Rechargeable-Disposable-Vapes-Wholesale-scaled.webp 2560w, https:\/\/vapexyz.com\/wp-content\/uploads\/2025\/09\/BNAG-LEGEND-120000-Puffs-5-IN-1-Low-Nicotine-Bulk-Buy-Original-Rechargeable-Disposable-Vapes-Wholesale-500x200.webp 500w, https:\/\/vapexyz.com\/wp-content\/uploads\/2025\/09\/BNAG-LEGEND-120000-Puffs-5-IN-1-Low-Nicotine-Bulk-Buy-Original-Rechargeable-Disposable-Vapes-Wholesale-1024x409.webp 1024w, https:\/\/vapexyz.com\/wp-content\/uploads\/2025\/09\/BNAG-LEGEND-120000-Puffs-5-IN-1-Low-Nicotine-Bulk-Buy-Original-Rechargeable-Disposable-Vapes-Wholesale-768x307.webp 768w, https:\/\/vapexyz.com\/wp-content\/uploads\/2025\/09\/BNAG-LEGEND-120000-Puffs-5-IN-1-Low-Nicotine-Bulk-Buy-Original-Rechargeable-Disposable-Vapes-Wholesale-1536x613.webp 1536w, https:\/\/vapexyz.com\/wp-content\/uploads\/2025\/09\/BNAG-LEGEND-120000-Puffs-5-IN-1-Low-Nicotine-Bulk-Buy-Original-Rechargeable-Disposable-Vapes-Wholesale-2048x817.webp 2048w, https:\/\/vapexyz.com\/wp-content\/uploads\/2025\/09\/BNAG-LEGEND-120000-Puffs-5-IN-1-Low-Nicotine-Bulk-Buy-Original-Rechargeable-Disposable-Vapes-Wholesale-18x7.webp 18w, https:\/\/vapexyz.com\/wp-content\/uploads\/2025\/09\/BNAG-LEGEND-120000-Puffs-5-IN-1-Low-Nicotine-Bulk-Buy-Original-Rechargeable-Disposable-Vapes-Wholesale-510x204.webp 510w\" sizes=\"auto, (max-width: 2560px) 100vw, 2560px\" \/><\/div>\n<\/article>","protected":false},"excerpt":{"rendered":"<p>BANG LEGEND 120000 Puffs 5 IN 1 ir uzl\u0101d\u0113jams vienreizlietojams vape ar piec\u0101m p\u0101rsl\u0113dzam\u0101m gar\u0161\u0101m, gludu sieta spir\u0101les tvaiku, ilgsto\u012bgu jaudu un vairumtirdzniec\u012bbai gatavu v\u0113rt\u012bbu.<\/p>","protected":false},"featured_media":56827,"comment_status":"open","ping_status":"closed","template":"","meta":{"_lmt_disableupdate":"no","_lmt_disable":""},"product_brand":[],"product_cat":[1087,947,935,934,927,929,928,930,933,939,932,938,931,936,937,1017,949,946,950,951,953,820,987],"product_tag":[],"class_list":{"0":"post-56816","1":"product","2":"type-product","3":"status-publish","4":"has-post-thumbnail","6":"product_cat-120000-puff-vapes","7":"product_cat-big-puffs-vapes","8":"product_cat-bulk-buy-disposable-vapes-in-austria","9":"product_cat-bulk-buy-disposable-vapes-in-belgium","10":"product_cat-bulk-buy-disposable-vapes-in-europe","11":"product_cat-bulk-buy-disposable-vapes-in-france","12":"product_cat-bulk-buy-disposable-vapes-in-germany","13":"product_cat-bulk-buy-disposable-vapes-in-italy","14":"product_cat-bulk-buy-disposable-vapes-in-netherlands","15":"product_cat-bulk-buy-disposable-vapes-in-norway","16":"product_cat-bulk-buy-disposable-vapes-in-poland","17":"product_cat-bulk-buy-disposable-vapes-in-portugal","18":"product_cat-bulk-buy-disposable-vapes-in-spain","19":"product_cat-bulk-buy-disposable-vapes-in-sweden","20":"product_cat-bulk-buy-disposable-vapes-in-switzerland","21":"product_cat-buy-best-disposable-vape-flavors","22":"product_cat-digital-box-vapes","23":"product_cat-disposable-vapes-series","24":"product_cat-dual-mesh-vapes","25":"product_cat-lower-nicotine-vapes","26":"product_cat-rechargeable-vapes","27":"product_cat-vape","28":"product_cat-vape-shop-by-puffs","30":"first","31":"instock","32":"shipping-taxable","33":"purchasable","34":"product-type-variable","35":"has-default-attributes"},"jetpack_sharing_enabled":true,"tiered_pricing_type":"fixed","tiered_pricing_fixed_rules":[],"tiered_pricing_product_settings":{"layout":"default","base_unit_name":{"singular":null,"plural":null},"default_variation":null},"tiered_pricing_minimum_quantity":null,"tiered_pricing_roles_data":[],"tiered_pricing_percentage_rules":[],"tiered_pricing_maximum_quantity":null,"tiered_pricing_quantity_step":null,"_links":{"self":[{"href":"https:\/\/vapexyz.com\/lv\/wp-json\/wp\/v2\/product\/56816","targetHints":{"allow":["GET"]}}],"collection":[{"href":"https:\/\/vapexyz.com\/lv\/wp-json\/wp\/v2\/product"}],"about":[{"href":"https:\/\/vapexyz.com\/lv\/wp-json\/wp\/v2\/types\/product"}],"replies":[{"embeddable":true,"href":"https:\/\/vapexyz.com\/lv\/wp-json\/wp\/v2\/comments?post=56816"}],"wp:featuredmedia":[{"embeddable":true,"href":"https:\/\/vapexyz.com\/lv\/wp-json\/wp\/v2\/media\/56827"}],"wp:attachment":[{"href":"https:\/\/vapexyz.com\/lv\/wp-json\/wp\/v2\/media?parent=56816"}],"wp:term":[{"taxonomy":"product_brand","embeddable":true,"href":"https:\/\/vapexyz.com\/lv\/wp-json\/wp\/v2\/product_brand?post=56816"},{"taxonomy":"product_cat","embeddable":true,"href":"https:\/\/vapexyz.com\/lv\/wp-json\/wp\/v2\/product_cat?post=56816"},{"taxonomy":"product_tag","embeddable":true,"href":"https:\/\/vapexyz.com\/lv\/wp-json\/wp\/v2\/product_tag?post=56816"}],"curies":[{"name":"wp","href":"https:\/\/api.w.org\/{rel}","templated":true}]}}