{"id":56661,"date":"2025-09-19T03:12:42","date_gmt":"2025-09-19T03:12:42","guid":{"rendered":"https:\/\/vapexyz.com\/?post_type=product&#038;p=56661"},"modified":"2026-03-02T12:47:49","modified_gmt":"2026-03-02T12:47:49","slug":"bang-king-60000-pff-dsk048-ice-cool-ar-zemu-nikotina-limeni-lielapjoma-pirkums-originals-uzladejams-vienreiz-lietojams-vape-izstradajumu-vairumtirdznieciba","status":"publish","type":"product","link":"https:\/\/vapexyz.com\/lv\/product\/bang-king-60000-puffs-dsk048-ice-cool-low-nicotine-bulk-buy-original-rechargeable-disposable-vapes-wholesale\/","title":{"rendered":"BANG KING 60000 Izie\u0161anas DSK048 Aukst\u0101 Gaisa Lielapjoma Pirkums 60K Atg\u016bstami Vienreiz\u0113jami Vapes Vairumtirdzniec\u012bba"},"content":{"rendered":"<article style=\"font-family: 'Segoe UI', Roboto, Helvetica, Arial, sans-serif;line-height: 1.8;color: #2c3e50;max-width: 100%;margin: 0 auto;padding: 20px\">\n<h2 style=\"color: #1a252f;border-bottom: 2px solid #3498db;padding-bottom: 10px;margin-top: 30px\">Visaptvero\u0161s tehniskais p\u0101rskats: BANG KING 60000 Puffs DSK048<\/h2>\n<p style=\"font-size: 1.1em;color: #4a5568\">Laipni l\u016bdzam VapeXYZ, j\u016bsu galveno starptautisko izplat\u012b\u0161anas centru augstas ietilp\u012bbas vienreizlietojamiem vape produktiem. Ar vair\u0101k nek\u0101 asto\u0146iem gadiem pier\u0101d\u012btas darb\u012bbas izcil\u012bbas glob\u0101laj\u0101 B2B pieg\u0101\u017eu \u0137\u0113d\u0113, m\u0113s esam izveidoju\u0161i stingru sist\u0113mu premium vaping tehnolo\u0123iju pieg\u0101dei glob\u0101lajiem tirgiem. M\u0113s esam lepni iepaz\u012bstin\u0101t ar BANG KING 60000 Puffs DSK048 \u2014 ier\u012bci, kas izstr\u0101d\u0101ta gan ilgiem darb\u012bbas laikiem, gan optim\u0101lai sensoriskai pieg\u0101dei. K\u0101 profesion\u0101ls vairumtirdzniec\u012bbas izplat\u012bt\u0101js, m\u0113s specializ\u0113jamies mazumtirgot\u0101ju invent\u0101ra risin\u0101jumu m\u0113rogo\u0161an\u0101, pied\u0101v\u0101jot pieejamus minim\u0101los pas\u016bt\u012bjuma daudzumus (MOQ) s\u0101kot no tikai 10 gabaliem, nodro\u0161inot, ka visu izm\u0113ru uz\u0146\u0113mumi var izmantot m\u016bsu konkur\u0113tsp\u0113j\u012bgas vairumtirdzniec\u012bbas cenu strukt\u016bras.<\/p>\n<h3 style=\"color: #2980b9;margin-top: 35px\">In\u017eenierijas izcil\u012bba un tehnisk\u0101s specifik\u0101cijas (Ekspert\u012bze)<\/h3>\n<p>BANG KING DSK048 p\u0101rst\u0101v noz\u012bm\u012bgu l\u0113cienu vienreiz\u0113j\u0101s lieto\u0161anas vape in\u017eenierij\u0101. T\u0101 viet\u0101, lai pa\u013cautos uz standarta komponent\u0113m, \u0161is ier\u012bce integr\u0113 sare\u017e\u0123\u012btu mikroelektronikas ekosist\u0113mu, kas paredz\u0113ta vien\u012bgai jaudas izvades saglab\u0101\u0161anai no pirm\u0101s l\u012bdz p\u0113d\u0113jai vilkmei. \u0160\u012bs sist\u0113mas kodols ir augstas ietilp\u012bbas 850 mAh uzl\u0101d\u0113jam\u0101 jaudas \u0161\u016bna, kas izmanto progres\u012bvu litija-jonu \u0137\u012bmiju, lai nodro\u0161in\u0101tu stabilu sprieguma pieg\u0101di. Tas ir \u013coti svar\u012bgi, jo standarta vienreiz\u0113j\u0101s lieto\u0161anas vape bie\u017ei cie\u0161 no sprieguma krituma, kas noved pie nekonsekventas darb\u012bbas.<\/p>\n<p>Termisk\u0101 p\u0101rvald\u012bba tiek veikta ar prec\u012bzi konstru\u0113tu 1,0 omu re\u017e\u0123a sild\u012b\u0161anas elementu. At\u0161\u0137ir\u012bb\u0101 no tradicion\u0101l\u0101 br\u016bc\u0113ta stieples, re\u017e\u0123a arhitekt\u016bra eksponenci\u0101li palielina virsmas laukumu, kas saskaras ar iek\u0161\u0113jo sast\u0101vu. Tas \u013cauj vienm\u0113r\u012bg\u0101k sadal\u012bt siltumu, samazinot lokaliz\u0113t\u0101s karst\u0101s zonas, kas var pasliktin\u0101t gar\u0161as profilu, un nodro\u0161inot perfektu aerosola veido\u0161an\u0101s procesu. Ier\u012bcei ir ar\u012b moderna Type-C uzl\u0101des saskarne, kas ietver p\u0101rslodzes aizsardz\u012bbu, \u012bssavienojumu nov\u0113r\u0161anu un termisko uzraudz\u012bbu, lai atbilstu starptautiskajiem pat\u0113r\u0113t\u0101ju elektronikas dro\u0161\u012bbas standartiem.<\/p>\n<div style=\"margin: 25px 0\">\n<table style=\"width: 100%;border-collapse: collapse;text-align: left;font-family: sans-serif\">\n<thead>\n<tr style=\"background-color: #f4f6f7;border-bottom: 2px solid #cbd5e0\">\n<th style=\"padding: 15px;border: 1px solid #e2e8f0;font-weight: 600;color: #2d3748\">Specifik\u0101cijas parametrs<\/th>\n<th style=\"padding: 15px;border: 1px solid #e2e8f0;font-weight: 600;color: #2d3748\">Tehnisk\u0101s deta\u013cas un metriki<\/th>\n<\/tr>\n<\/thead>\n<tbody>\n<tr style=\"background-color: #ffffff\">\n<td style=\"padding: 12px 15px;border: 1px solid #e2e8f0;font-weight: 500\">Maksim\u0101l\u0101 ietilp\u012bba<\/td>\n<td style=\"padding: 12px 15px;border: 1px solid #e2e8f0\">L\u012bdz 60 000 aktiviz\u0113jumu (atkar\u012bgs no vilkmes ilguma)<\/td>\n<\/tr>\n<tr style=\"background-color: #f8fafc\">\n<td style=\"padding: 12px 15px;border: 1px solid #e2e8f0;font-weight: 500\">Iek\u0161\u0113jais rezervu\u0101rs<\/td>\n<td style=\"padding: 12px 15px;border: 1px solid #e2e8f0\">25 ml premium formul\u0101cijas ietilp\u012bba<\/td>\n<\/tr>\n<tr style=\"background-color: #ffffff\">\n<td style=\"padding: 12px 15px;border: 1px solid #e2e8f0;font-weight: 500\">Power arhitekt\u016bra<\/td>\n<td style=\"padding: 12px 15px;border: 1px solid #e2e8f0\">850 mAh litija jonu, uzl\u0101d\u0113jama konfigur\u0101cija<\/td>\n<\/tr>\n<tr style=\"background-color: #f8fafc\">\n<td style=\"padding: 12px 15px;border: 1px solid #e2e8f0;font-weight: 500\">Termisk\u0101 sast\u0101vda\u013ca<\/td>\n<td style=\"padding: 12px 15px;border: 1px solid #e2e8f0\">1,0 omu optimiz\u0113tas sieta pretest\u012bbas spole<\/td>\n<\/tr>\n<tr style=\"background-color: #ffffff\">\n<td style=\"padding: 12px 15px;border: 1px solid #e2e8f0;font-weight: 500\">Jaudas saskarne<\/td>\n<td style=\"padding: 12px 15px;border: 1px solid #e2e8f0\">Type-C \u0101tr\u0101s uzl\u0101des ports ar integr\u0113tiem dro\u0161\u012bbas protokoliem<\/td>\n<\/tr>\n<tr style=\"background-color: #f8fafc\">\n<td style=\"padding: 12px 15px;border: 1px solid #e2e8f0;font-weight: 500\">Sensoro piel\u0101go\u0161ana<\/td>\n<td style=\"padding: 12px 15px;border: 1px solid #e2e8f0\">5 da\u017e\u0101di regul\u0113jamas dzes\u0113\u0161anas intensit\u0101tes l\u012bme\u0146i<\/td>\n<\/tr>\n<tr style=\"background-color: #ffffff\">\n<td style=\"padding: 12px 15px;border: 1px solid #e2e8f0;font-weight: 500\">Akt\u012bv\u0101 koncentr\u0101cija<\/td>\n<td style=\"padding: 12px 15px;border: 1px solid #e2e8f0\">Pieejams 0%, 2%, 3% un 5% stiprumos<\/td>\n<\/tr>\n<tr style=\"background-color: #f8fafc\">\n<td style=\"padding: 12px 15px;border: 1px solid #e2e8f0;font-weight: 500\">B2B Risin\u0101jumi<\/td>\n<td style=\"padding: 12px 15px;border: 1px solid #e2e8f0\">Pilns OEM\/ODM ra\u017eo\u0161anas atbalsts sertific\u0113tiem partneriem<\/td>\n<\/tr>\n<\/tbody>\n<\/table>\n<\/div>\n<h3 style=\"color: #2980b9;margin-top: 35px\">Emp\u012brisk\u0101 p\u0101rbaude un veiktsp\u0113jas r\u0101d\u012bt\u0101ji (Emp\u012briskie)<\/h3>\n<p>Vienreiz\u0113j\u0101s lieto\u0161anas vape industrij\u0101 p\u0101rredzam\u012bba attiec\u012bb\u0101 uz darb\u012bbas r\u0101d\u012bt\u0101jiem ir \u0101rk\u0101rt\u012bgi svar\u012bga. Reklam\u0113tais 60 000 aktiviz\u0113\u0161anas skaits nav patva\u013c\u012bgs skaitlis; tas ir ieg\u016bts no stingras emp\u012briskas laboratorijas p\u0101rbaudes. Izmantojot automatiz\u0113tu pneimatisku vilk\u0161anas p\u0101rbaudes iek\u0101rtu, ier\u012bce tiek pak\u013cauta standarta 1,5 sekun\u017eu ieelpo\u0161anas interv\u0101liem kontrol\u0113tos atmosf\u0113ras apst\u0101k\u013cos. Tas nodro\u0161ina, ka 25 ml iek\u0161\u0113jais rezervu\u0101rs tiek iztuk\u0161ots ar matem\u0101tiski konsekventu \u0101trumu, t\u0101d\u0113j\u0101di apstiprinot ilgm\u016b\u017e\u012bbas apgalvojumus.<\/p>\n<p>Turkl\u0101t 850 mAh akumulatoram tiek veikti pla\u0161i cikliski degrad\u0101cijas testi. In\u017eenieri m\u0113ra uzl\u0101des saglab\u0101\u0161anu vair\u0101kos Type-C uzl\u0101des ciklos, lai garant\u0113tu, ka jaudas \u0161\u016bna saglab\u0101 vismaz 85% no savas s\u0101kotn\u0113j\u0101s kapacit\u0101tes vis\u0101 25 ml formul\u0113juma kalpo\u0161anas laik\u0101. Unik\u0101lais 5 l\u012bme\u0146u regul\u0113jams dzes\u0113\u0161anas meh\u0101nisms ar\u012b ir emp\u012briski piel\u0101gots, izmantojot gaisa pl\u016bsmas sensorus, lai nodro\u0161in\u0101tu at\u0161\u0137ir\u012bgas, izm\u0113r\u0101mas vari\u0101cijas aerosola termiskaj\u0101 samazin\u0101\u0161an\u0101, \u013caujot lietot\u0101jiem prec\u012bzi kalibr\u0113t savu sensorisko pieredzi.<\/p>\n<h3 style=\"color: #2980b9;margin-top: 35px\">K\u016br\u0113tie Sensor\u0101s Profili<\/h3>\n<p>Izpratne, ka pat\u0113r\u0113t\u0101ju preferences ir \u013coti subjekt\u012bvas, BANG KING DSK048 pied\u0101v\u0101 r\u016bp\u012bgi izstr\u0101d\u0101tu da\u017e\u0101du gar\u0161as profilu kl\u0101stu. Katra opcija ir formul\u0113ta ar p\u0101rtikai piem\u0113rot\u0101m arom\u0101tisk\u0101m viel\u0101m un tiek pak\u013cauta stingrai kvalit\u0101tes kontrolei, lai nodro\u0161in\u0101tu konsekvenci no vienas partijas uz otru. Pa\u0161reiz\u0113jais pied\u0101v\u0101jums ietver:<\/p>\n<ul style=\"list-style-type: none;padding-left: 0\">\n<li style=\"margin-bottom: 15px;padding-left: 20px;border-left: 3px solid #3498db\">Blue Razz Ice: Sare\u017e\u0123\u012bta sk\u0101bu zilo avenes arom\u0101tu sint\u0113ze, stabiliz\u0113ta ar kriog\u0113nu dzes\u0113\u0161anas l\u012bdzekli asas atsvaidzino\u0161as p\u0113cgar\u0161as nodro\u0161in\u0101\u0161anai.<\/li>\n<li style=\"margin-bottom: 15px;padding-left: 20px;border-left: 3px solid #3498db\">Zeme\u0146u Arb\u016bzs: Speci\u0101li sabalans\u0113ts mais\u012bjums, kas apvieno nogatavoju\u0161os zeme\u0146u dzi\u013co bot\u0101nisko saldumu ar svaiga arb\u016bza \u016bde\u0146ain\u0101m, krauk\u0161\u0137\u012bg\u0101m not\u012bm.<\/li>\n<li style=\"margin-bottom: 15px;padding-left: 20px;border-left: 3px solid #3498db\">\u016adensmelonu ledus: piln\u012bb\u0101 koncentr\u0113jas uz t\u012bru, nesadrupin\u0101tu \u016bdensmelonu esenci, kas iev\u0113rojami uzlabota ar zem nulles atdzi\u0161anas efektu maksim\u0101lai atsvaidzin\u0101\u0161anai.<\/li>\n<li style=\"margin-bottom: 15px;padding-left: 20px;border-left: 3px solid #3498db\">Peach Ice: Ieg\u016bst sul\u012bgo, samtaino nogatavoju\u0161os persiku saldumu, ko papildina prec\u012bza termisk\u0101 dzes\u0113\u0161anas saj\u016bta.<\/li>\n<li style=\"margin-bottom: 15px;padding-left: 20px;border-left: 3px solid #3498db\">V\u012bnogu ledus: Izmanto sp\u0113c\u012bgu, tum\u0161u Concord v\u012bnogu ekstraktu, kam rakstur\u012bgs dzi\u013c\u0161 un rezon\u0113jo\u0161s gar\u0161as profils, kas nosl\u0113dzas ar t\u012bru, ledainu izelpu.<\/li>\n<li style=\"margin-bottom: 15px;padding-left: 20px;border-left: 3px solid #3498db\">Baisk\u0101 Berija: Izsmalcin\u0101ts un sare\u017e\u0123\u012bts da\u017e\u0101du tum\u0161o ogu sugu mais\u012bjums, izstr\u0101d\u0101ts, lai pan\u0101ktu perfektu l\u012bdzsvaru starp dabisko sk\u0101bumu un ilgsto\u0161o saldumu.<\/li>\n<li style=\"margin-bottom: 15px;padding-left: 20px;border-left: 3px solid #3498db\">Cherry Strazz: Apvieno bl\u012bvas, bag\u0101t\u012bgas \u0137ir\u0161u ekstrakcijas ar smalku zeme\u0146u nokr\u0101su, k\u0101 rezult\u0101t\u0101 veidojas daudzpus\u012bga un \u013coti apmierino\u0161a sensor\u0101 pieredze.<\/li>\n<li style=\"margin-bottom: 15px;padding-left: 20px;border-left: 3px solid #3498db\">Mango burv\u012bba: Tropu formul\u0101cija, kas paredz\u0113ta, lai nodro\u0161in\u0101tu bl\u012bvu, arom\u0101tisku un s\u012brupainu saldumu, kas saist\u012bts ar piln\u012bgi nogatavoju\u0161\u0101m mango aug\u013ciem.<\/li>\n<li style=\"margin-bottom: 15px;padding-left: 20px;border-left: 3px solid #3498db\">Zeme\u0146u p\u016b\u0137a auglis: \u013boti izsmalcin\u0101ts savienojums, kas paaugstina tradicion\u0101l\u0101s zeme\u0146u notis ar eksotisk\u0101m, viegli sk\u0101b\u0101m p\u016b\u0137a aug\u013ca \u012bpa\u0161\u012bb\u0101m.<\/li>\n<li style=\"margin-bottom: 15px;padding-left: 20px;border-left: 3px solid #3498db\">T\u012b\u0123era Asinis: Dinamisks un dz\u012bvs tropu sajaukums ar izteikt\u0101m kokosriekstu arom\u0101tik\u0101m, kas savijas ar robustu aug\u013cu sajaukumu.<\/li>\n<li style=\"margin-bottom: 15px;padding-left: 20px;border-left: 3px solid #3498db\">Summer Splash: Dz\u012bvi atsvaidzino\u0161a mais\u012bjums, r\u016bp\u012bgi izstr\u0101d\u0101ts, lai atk\u0101rtotu da\u017e\u0101du spilgtiu, silt\u0101 laika aug\u013cu profilu.<\/li>\n<li style=\"margin-bottom: 15px;padding-left: 20px;border-left: 3px solid #3498db\">Sk\u0101b\u0101 Lush \u017deleja: Integr\u0113 sk\u0101bu, konditorejas iedvesmotu profilu ar saldu pamat\u012bgu gar\u0161u, atdarinot popul\u0101ras ko\u0161\u013c\u0101jam\u0101s k\u0101rumus.<\/li>\n<\/ul>\n<h3 style=\"color: #2980b9;margin-top: 35px\">R\u016bpniec\u012bbas iest\u0101de un pieg\u0101\u017eu \u0137\u0113des uztic\u0113\u0161an\u0101s (Iest\u0101de un uztic\u0113\u0161an\u0101s)<\/h3>\n<p>P\u0113rkot vienreiz\u0113j\u0101s lieto\u0161anas e- cigaretes mazumtirdzniec\u012bbai, pieg\u0101des \u0137\u0113des uzticam\u012bba ir tikpat svar\u012bga k\u0101 pati aparat\u016bra. VapeXYZ darbojas k\u0101 verific\u0113ta, uzticama vairumtirdzniec\u012bbas platforma ar dzi\u013c\u0101m sakn\u0113m Eiropas izplat\u012b\u0161anas t\u012bkl\u0101. M\u0113s apejam nevajadz\u012bgus starpniekus, \u013caujot mums pied\u0101v\u0101t autentiskus BANG KING produktus \u013coti konkur\u0113tsp\u0113j\u012bg\u0101s, tie\u0161\u0101s r\u016bpn\u012bcas cen\u0101s. M\u016bsu darb\u012bba atbilst stingriem komerci\u0101liem noteikumiem, nodro\u0161inot, ka visi produkti atbilst nepiecie\u0161amajiem re\u0123ion\u0101lajiem dro\u0161\u012bbas un materi\u0101lu standartiem (piem\u0113ram, CE un RoHS direkt\u012bv\u0101m elektronisk\u0101m sast\u0101vda\u013c\u0101m).<\/p>\n<p>M\u0113s atz\u012bstam da\u017e\u0101d\u0101s regulat\u012bv\u0101s vides, kur\u0101s p\u0101rvietojas m\u016bsu B2B partneri, t\u0101p\u0113c DSK048 tiek pied\u0101v\u0101ts pla\u0161\u0101 koncentr\u0101cijas iesp\u0113ju diapazon\u0101 (0%, 2%, 3% un 5%). \u0160\u012b p\u0101rredzam\u012bba un piel\u0101gojam\u012bba \u013cauj mazumtirgot\u0101jiem uzkr\u0101t atbilsto\u0161u kr\u0101jumu, kas stingri piel\u0101gots vi\u0146u viet\u0113j\u0101 tirgus demogr\u0101fiskaj\u0101m \u012bpatn\u012bb\u0101m. Turkl\u0101t m\u016bsu robust\u0101 lo\u0123istikas infrastrukt\u016bra garant\u0113 \u0101tru, piln\u012bb\u0101 izsekojamu pieg\u0101di vis\u0101 Eirop\u0101, samazinot kr\u0101jumu p\u0101rtraukumu logus un palielinot mazumtirdzniec\u012bbas rentabilit\u0101ti.<\/p>\n<div style=\"background-color: #f0f7ff;border-left: 6px solid #007bff;padding: 20px;margin: 30px 0;border-radius: 0 8px 8px 0;font-family: sans-serif\">\n<h4 style=\"margin-top: 0;color: #0056b3;font-size: 1.2em\">Galvenie zin\u0101\u0161anu punkti optim\u0101lai veiktsp\u0113jai<\/h4>\n<ul style=\"margin-bottom: 0;padding-left: 20px;color: #333\">\n<li style=\"margin-bottom: 8px\">Akumulatora apkope: Lai maksim\u0101li palielin\u0101tu 850 mAh akumulatora kalpo\u0161anas laiku, izvairieties no ier\u012bces atst\u0101\u0161anas piesl\u0113gtas uz nakti. Atvienojiet ier\u012bci, tikl\u012bdz LED indikators nor\u0101da uz piln\u012bgu uzl\u0101di.<\/li>\n<li style=\"margin-bottom: 8px\">Vides uzglab\u0101\u0161ana: Neatv\u0113rtas un akt\u012bvas vienreiz\u0113j\u0101s lieto\u0161anas vape ier\u012bces uzglab\u0101jiet v\u0113s\u0101, saus\u0101 vid\u0113. \u0100rk\u0101rt\u0113js karstums var ietekm\u0113t iek\u0161\u0113j\u0101 akumulatora spiedienu, savuk\u0101rt \u0101rk\u0101rt\u0113js aukstums var main\u012bt sast\u0101va viskozit\u0101ti, \u012bslaic\u012bgi ietekm\u0113jot sieta spir\u0101les kapil\u0101r\u0101 darb\u012bba efektivit\u0101ti.<\/li>\n<li style=\"margin-bottom: 8px\">Dzes\u0113\u0161anas Regul\u0113\u0161anas Meh\u0101nika: 5 l\u012bme\u0146u dzes\u0113\u0161anas regul\u0113\u0161ana darbojas, meh\u0101niski ierobe\u017eojot vai atverot sekund\u0101r\u0101s gaisa pl\u016bsmas kan\u0101lus, kas tie\u0161i maina gaisa un tvaika attiec\u012bbu pirms ieelpo\u0161anas, radot izteikt\u0101ku aukstu saj\u016btu, kad t\u0101 ir piln\u012bb\u0101 atv\u0113rta.<\/li>\n<\/ul>\n<\/div>\n<h3 style=\"color: #2980b9;margin-top: 35px\">Bie\u017ei uzdotie jaut\u0101jumi (FAQ)<\/h3>\n<div style=\"margin-top: 20px\">\n<div style=\"border: 1px solid #e2e8f0;border-radius: 8px;margin-bottom: 15px;padding: 20px;background-color: #ffffff\">\n<h4 style=\"margin: 0 0 10px 0;color: #2c3e50\">K\u0101ds ir minim\u0101lais pas\u016bt\u012bjuma daudzums (MOQ) vairumtirdzniec\u012bbas pirkumiem?<\/h4>\n<p style=\"margin: 0;color: #555\">VapeXYZ, m\u0113s esam izstr\u0101d\u0101ju\u0161i savu vairumtirdzniec\u012bbas modeli, lai tas b\u016btu \u013coti pieejams. BANG KING DSK048 minim\u0101lais pas\u016bt\u012bjuma daudzums ir stingri 10 gabali. Tas \u013cauj maz\u0101kiem mazumtirgot\u0101jiem p\u0101rbaud\u012bt tirgus reakciju bez liel\u0101m kapit\u0101la izmaks\u0101m, vienlaikus atblo\u0137\u0113jot konkur\u0113tsp\u0113j\u012bgas lielapjoma cenu kategorijas.<\/p>\n<\/div>\n<div style=\"border: 1px solid #e2e8f0;border-radius: 8px;margin-bottom: 15px;padding: 20px;background-color: #ffffff\">\n<h4 style=\"margin: 0 0 10px 0;color: #2c3e50\">K\u0101 es varu zin\u0101t, ka produkts ir \u012bsts?<\/h4>\n<p style=\"margin: 0;color: #555\">Uztic\u0113\u0161an\u0101s un Autorit\u0101te ir m\u016bsu st\u016brakme\u0146i. Katra VapeXYZ s\u016bt\u012bjum\u0101 ir iek\u013cauti p\u0101rbaud\u0101mi produktu autentifik\u0101cijas kodi tie\u0161i no BANG KING ra\u017eo\u0161anas iek\u0101rtas. M\u016bsu 8 gadu pieredze ir balst\u012bta uz nulles tolerances viltojumiem.<\/p>\n<\/div>\n<div style=\"border: 1px solid #e2e8f0;border-radius: 8px;margin-bottom: 15px;padding: 20px;background-color: #ffffff\">\n<h4 style=\"margin: 0 0 10px 0;color: #2c3e50\">K\u0101du l\u0101d\u0113t\u0101ju vajadz\u0113tu izmantot ar \u0161o ier\u012bci?<\/h4>\n<p style=\"margin: 0;color: #555\">Ier\u012bce izmanto standarta Type-C saskarni. Lai nodro\u0161in\u0101tu dro\u0161\u012bbu un akumulatora darb\u012bbas ilgumu, m\u0113s iesak\u0101m izmantot standarta 5V\/1A l\u0101d\u0113\u0161anas bloku. Izvairieties no augstas jaudas kl\u0113pjdatora vai \u0101trajiem l\u0101d\u0113t\u0101jiem, jo p\u0101rm\u0113r\u012bga amp\u0113ra\u017ea var priek\u0161laic\u012bgi nolietot litija-jonu \u0161\u016bnu.<\/p>\n<\/div>\n<div style=\"border: 1px solid #e2e8f0;border-radius: 8px;margin-bottom: 15px;padding: 20px;background-color: #ffffff\">\n<h4 style=\"margin: 0 0 10px 0;color: #2c3e50\">Vai ir pieejamas da\u017e\u0101das stipruma iesp\u0113jas?<\/h4>\n<p style=\"margin: 0;color: #555\">J\u0101. Lai apmierin\u0101tu da\u017e\u0101d\u0101s pat\u0113r\u0113t\u0101ju v\u0113lmes un re\u0123ion\u0101l\u0101s regulat\u012bv\u0101s pras\u012bbas, DSK048 tiek ra\u017eots \u010detros at\u0161\u0137ir\u012bgos koncentr\u0101cijas profilos: 0%, 2%, 3% un 5%. Vairumtirdzniec\u012bbas partneri var sajaukt un saska\u0146ot \u0161\u012bs vari\u0101cijas, lai izpild\u012btu savas konkr\u0113t\u0101s kr\u0101jumu vajadz\u012bbas.<\/p>\n<\/div>\n<\/div>\n<p style=\"margin-top: 30px;font-weight: bold;font-size: 1.1em;color: #2c3e50;text-align: center\">Izv\u0113lieties BANG KING 60000 PUFFS DSK048 Ice Cool t\u0101 jaud\u012bg\u0101 dizaina, izsmalcin\u0101tu sensorisko profilu un m\u016bsu bezprecedenta vairumtirdzniec\u012bbas uzticam\u012bbas d\u0113\u013c. Partner\u0113jieties tikai ar VapeXYZ, Eiropas uzticamo autorit\u0101ti lielapjoma vienreizlietojamiem vape produktiem.<\/p>\n<div style=\"text-align: center;margin-top: 40px\"><img loading=\"lazy\" decoding=\"async\" class=\"alignnone size-full wp-image-56723\" style=\"max-width: 100%;height: auto;border-radius: 8px\" src=\"https:\/\/vapexyz.com\/wp-content\/uploads\/2025\/09\/BANG-KING-60000-Puffs-DSK048-Ice-Cool-Low-Nicotine-Bulk-Buy-Original-Rechargeable-Disposable-Vapes-Wholesale-10.webp\" alt=\"BANG KING 60000 Puffs DSK048 Ice Cool Zema Nikot\u012bna Lielapjoma Pirkums Ori\u0123in\u0101ls Atk\u0101rtoti Uzl\u0101d\u0113jams Vienreizlietojams Vapes Vairsapjoms\" width=\"1918\" height=\"1920\" title=\"\" srcset=\"https:\/\/vapexyz.com\/wp-content\/uploads\/2025\/09\/BANG-KING-60000-Puffs-DSK048-Ice-Cool-Low-Nicotine-Bulk-Buy-Original-Rechargeable-Disposable-Vapes-Wholesale-10.webp 1918w, https:\/\/vapexyz.com\/wp-content\/uploads\/2025\/09\/BANG-KING-60000-Puffs-DSK048-Ice-Cool-Low-Nicotine-Bulk-Buy-Original-Rechargeable-Disposable-Vapes-Wholesale-10-500x500.webp 500w, https:\/\/vapexyz.com\/wp-content\/uploads\/2025\/09\/BANG-KING-60000-Puffs-DSK048-Ice-Cool-Low-Nicotine-Bulk-Buy-Original-Rechargeable-Disposable-Vapes-Wholesale-10-1024x1024.webp 1024w, https:\/\/vapexyz.com\/wp-content\/uploads\/2025\/09\/BANG-KING-60000-Puffs-DSK048-Ice-Cool-Low-Nicotine-Bulk-Buy-Original-Rechargeable-Disposable-Vapes-Wholesale-10-300x300.webp 300w, https:\/\/vapexyz.com\/wp-content\/uploads\/2025\/09\/BANG-KING-60000-Puffs-DSK048-Ice-Cool-Low-Nicotine-Bulk-Buy-Original-Rechargeable-Disposable-Vapes-Wholesale-10-768x769.webp 768w, https:\/\/vapexyz.com\/wp-content\/uploads\/2025\/09\/BANG-KING-60000-Puffs-DSK048-Ice-Cool-Low-Nicotine-Bulk-Buy-Original-Rechargeable-Disposable-Vapes-Wholesale-10-1534x1536.webp 1534w, https:\/\/vapexyz.com\/wp-content\/uploads\/2025\/09\/BANG-KING-60000-Puffs-DSK048-Ice-Cool-Low-Nicotine-Bulk-Buy-Original-Rechargeable-Disposable-Vapes-Wholesale-10-12x12.webp 12w, https:\/\/vapexyz.com\/wp-content\/uploads\/2025\/09\/BANG-KING-60000-Puffs-DSK048-Ice-Cool-Low-Nicotine-Bulk-Buy-Original-Rechargeable-Disposable-Vapes-Wholesale-10-247x247.webp 247w, https:\/\/vapexyz.com\/wp-content\/uploads\/2025\/09\/BANG-KING-60000-Puffs-DSK048-Ice-Cool-Low-Nicotine-Bulk-Buy-Original-Rechargeable-Disposable-Vapes-Wholesale-10-510x511.webp 510w, https:\/\/vapexyz.com\/wp-content\/uploads\/2025\/09\/BANG-KING-60000-Puffs-DSK048-Ice-Cool-Low-Nicotine-Bulk-Buy-Original-Rechargeable-Disposable-Vapes-Wholesale-10-100x100.webp 100w\" sizes=\"auto, (max-width: 1918px) 100vw, 1918px\" \/><\/div>\n<\/article>","protected":false},"excerpt":{"rendered":"<p>BANG KING 60000 PUFFS DSK048 Ice Cool ir uzl\u0101d\u0113jams vienreizlietojams vape ar 25 ml ietilp\u012bbu, sieta spole, regul\u0113jamu dzes\u0113\u0161anu, vair\u0101k\u0101m stipruma iesp\u0113j\u0101m un 12 gar\u0161\u0101m, kas pieejams vairum\u0101 VapeXYZ.<\/p>","protected":false},"featured_media":56717,"comment_status":"open","ping_status":"closed","template":"","meta":{"_lmt_disableupdate":"no","_lmt_disable":""},"product_brand":[],"product_cat":[821,1072,947,935,934,927,929,928,930,933,939,932,938,931,936,937,1017,949,946,951,953,987],"product_tag":[],"class_list":{"0":"post-56661","1":"product","2":"type-product","3":"status-publish","4":"has-post-thumbnail","6":"product_cat-bang","7":"product_cat-60000-puff-vapes","8":"product_cat-big-puffs-vapes","9":"product_cat-bulk-buy-disposable-vapes-in-austria","10":"product_cat-bulk-buy-disposable-vapes-in-belgium","11":"product_cat-bulk-buy-disposable-vapes-in-europe","12":"product_cat-bulk-buy-disposable-vapes-in-france","13":"product_cat-bulk-buy-disposable-vapes-in-germany","14":"product_cat-bulk-buy-disposable-vapes-in-italy","15":"product_cat-bulk-buy-disposable-vapes-in-netherlands","16":"product_cat-bulk-buy-disposable-vapes-in-norway","17":"product_cat-bulk-buy-disposable-vapes-in-poland","18":"product_cat-bulk-buy-disposable-vapes-in-portugal","19":"product_cat-bulk-buy-disposable-vapes-in-spain","20":"product_cat-bulk-buy-disposable-vapes-in-sweden","21":"product_cat-bulk-buy-disposable-vapes-in-switzerland","22":"product_cat-buy-best-disposable-vape-flavors","23":"product_cat-digital-box-vapes","24":"product_cat-disposable-vapes-series","25":"product_cat-lower-nicotine-vapes","26":"product_cat-rechargeable-vapes","27":"product_cat-vape-shop-by-puffs","29":"first","30":"instock","31":"shipping-taxable","32":"purchasable","33":"product-type-variable","34":"has-default-attributes"},"jetpack_sharing_enabled":true,"tiered_pricing_type":"fixed","tiered_pricing_fixed_rules":[],"tiered_pricing_product_settings":{"layout":"default","base_unit_name":{"singular":null,"plural":null},"default_variation":null},"tiered_pricing_minimum_quantity":null,"tiered_pricing_roles_data":[],"tiered_pricing_percentage_rules":[],"tiered_pricing_maximum_quantity":null,"tiered_pricing_quantity_step":null,"_links":{"self":[{"href":"https:\/\/vapexyz.com\/lv\/wp-json\/wp\/v2\/product\/56661","targetHints":{"allow":["GET"]}}],"collection":[{"href":"https:\/\/vapexyz.com\/lv\/wp-json\/wp\/v2\/product"}],"about":[{"href":"https:\/\/vapexyz.com\/lv\/wp-json\/wp\/v2\/types\/product"}],"replies":[{"embeddable":true,"href":"https:\/\/vapexyz.com\/lv\/wp-json\/wp\/v2\/comments?post=56661"}],"wp:featuredmedia":[{"embeddable":true,"href":"https:\/\/vapexyz.com\/lv\/wp-json\/wp\/v2\/media\/56717"}],"wp:attachment":[{"href":"https:\/\/vapexyz.com\/lv\/wp-json\/wp\/v2\/media?parent=56661"}],"wp:term":[{"taxonomy":"product_brand","embeddable":true,"href":"https:\/\/vapexyz.com\/lv\/wp-json\/wp\/v2\/product_brand?post=56661"},{"taxonomy":"product_cat","embeddable":true,"href":"https:\/\/vapexyz.com\/lv\/wp-json\/wp\/v2\/product_cat?post=56661"},{"taxonomy":"product_tag","embeddable":true,"href":"https:\/\/vapexyz.com\/lv\/wp-json\/wp\/v2\/product_tag?post=56661"}],"curies":[{"name":"wp","href":"https:\/\/api.w.org\/{rel}","templated":true}]}}