{"id":55639,"date":"2025-09-08T03:17:35","date_gmt":"2025-09-08T03:17:35","guid":{"rendered":"https:\/\/vapexyz.com\/?post_type=product&#038;p=55639"},"modified":"2026-03-05T03:54:54","modified_gmt":"2026-03-05T03:54:54","slug":"fycos-divkarsas-garsas-50-000-pff-uzladejams-vienreizlietojams-vape-vairumtirdznieciba-lielapjema-pirkums","status":"publish","type":"product","link":"https:\/\/vapexyz.com\/lv\/product\/fycos-dual-flavors-50000-puffs-rechargeable-disposable-vape-wholesale-bulk-buy\/","title":{"rendered":"FYCOS Divk\u0101r\u0161\u0101s Gar\u0161as 50000 Iziegumi Atk\u0101rtoti Uzl\u0101d\u0113jama Vienreizlietojama Vape Viela Lielapjoma Pirkums"},"content":{"rendered":"<article style=\"font-family: 'Segoe UI', Roboto, Helvetica, Arial, sans-serif; line-height: 1.8; color: #2c3e50; padding: 20px; max-width: 100%; margin: 0 auto;\">\n<h2 style=\"color: #1a365d; border-bottom: 2px solid #e2e8f0; padding-bottom: 10px; font-size: 28px;\">Augst\u0101k\u0101s In\u017eenierijas un Bezprecedenta Jauda: FYCOS Divk\u0101r\u0161ais 50000 Puffs Vienreiz\u0113j\u0101s Lieto\u0161anas Vape<\/h2>\n<p style=\"margin-bottom: 20px; font-size: 16px;\">Atrodot uzticamu, augstas veiktsp\u0113jas vienreiz lietojamu vape, kas l\u012bdzsvaro vien\u0101du izvadi ar ilgsto\u0161u darb\u012bbu, ir nepiecie\u0161ams p\u0101rk\u0101pt standarta pat\u0113r\u0113t\u0101ju pras\u012bjumus. FYCOS Dual 50000 Puffs vienreiz lietojamais vape p\u0101rst\u0101v noz\u012bm\u012bgu l\u0113cienu ieelpo\u0161anas aparat\u016br\u0101, kas izstr\u0101d\u0101ta gan r\u016bp\u012bgiem atsevi\u0161\u0137iem lietot\u0101jiem, gan pla\u0161ai vairumtirdzniec\u012bbas izplat\u012b\u0161anai. Pieejams lielos daudzumos caur VapeXYZ, m\u016bsu vado\u0161\u0101 Eiropas lo\u0123istikas platforma garant\u0113 piek\u013cuvi stingri p\u0101rbaud\u012btiem, augst\u0101k\u0101s kvalit\u0101tes vienreiz lietojamiem vape, kas izstr\u0101d\u0101ti, lai atbilstu stingriem darb\u012bbas standartiem.<\/p>\n<p style=\"margin-bottom: 20px; font-size: 16px;\">\u0160\u012b flagm\u0101na ier\u012bce nodro\u0161ina zin\u0101tniski apstiprin\u0101tu l\u012bdz 50 000 ieelpu kapacit\u0101ti, nosakot jaunu ier\u012bces ilgm\u016b\u017e\u012bbas etalonu. Integr\u0113jot izsmalcin\u0101tu paral\u0113lu sieta sild\u012b\u0161anas arhitekt\u016bru, sist\u0113ma garant\u0113 stabilu termisko slodzi, kas noz\u012bm\u0113 perfektu l\u012bdzsvarotu ieelpu no pirm\u0101s l\u012bdz p\u0113d\u0113jai. Apvienojum\u0101 ar pla\u0161u 45 ml formulas rezervu\u0101ru \u0161\u012b vienreizlietojam\u0101 vape iev\u0113rojami samazina nomai\u0146as bie\u017eumu. Neatkar\u012bgi no t\u0101, vai j\u016bs palielin\u0101t komerci\u0101l\u0101 veikala kr\u0101jumu vai optimiz\u0113jat savu person\u012bgo kolekciju, \u0161\u012b prec\u012bzijas in\u017eenierijas ier\u012bce ir kalibr\u0113ta absol\u016btai apmierin\u0101t\u012bbai.<\/p>\n<div style=\"background-color: #f8fafc; border-left: 6px solid #3b82f6; padding: 20px; margin: 30px 0; border-radius: 0 8px 8px 0; box-shadow: 0 2px 5px rgba(0,0,0,0.05);\">\n<h4 style=\"margin: 0 0 10px 0; color: #1e40af; font-size: 18px;\">Emp\u012brisk\u0101 p\u0101rbaude un kvalit\u0101tes nodro\u0161in\u0101\u0161anas laboratorijas ieskati<\/h4>\n<p style=\"margin: 0; font-size: 15px; color: #475569;\">At\u0161\u0137ir\u012bb\u0101 no standarta tirgus pras\u012bb\u0101m, kas balst\u0101s uz apl\u0113s\u0113m, FYCOS s\u0113rija tiek stingri nov\u0113rt\u0113ta emp\u012briski. Neatkar\u012bgi laboratorijas nov\u0113rt\u0113jumi izmanto automatiz\u0113tus pneimatiskos vilk\u0161anas simulatorus, kas kalibr\u0113ti p\u0113c standarta 3 sekun\u017eu ieelpo\u0161anas metrika, lai p\u0101rbaud\u012btu 50 000 vilk\u0161anas v\u0113rt\u0113jumu. Termisk\u0101s att\u0113lveido\u0161anas testi apstiprina, ka dubult\u0101 sieta strukt\u016bra saglab\u0101 optim\u0101lu iztvaiko\u0161anas temperat\u016bru, nep\u0101rsniedzot sadeg\u0161anas sliek\u0161\u0146us, nodro\u0161inot akt\u012bv\u0101s formulas nulles degrad\u0101ciju. Turkl\u0101t akumulatora iztur\u012bba tiek p\u0101rbaud\u012bta zem nep\u0101rtrauktas izl\u0101des ciklu, lai garant\u0113tu, ka 850mAh \u0161\u016bna saglab\u0101 virs 90% kapacit\u0101tes p\u0113c atk\u0101rtot\u0101m uzl\u0101des f\u0101z\u0113m.<\/p>\n<\/div>\n<h3 style=\"color: #2b6cb0; font-size: 24px; margin-top: 40px;\"><a style=\"color: #2b6cb0; text-decoration: none; border-bottom: 1px dotted #2b6cb0;\" href=\"https:\/\/vapexyz.com\/lv\/produkta-kategorija\/fycos-vienreizejas-lietosanas-vape\/\">FYCOS<\/a> Du\u0101ls 50000 Izklaus\u012bjumi: Kodola Tehnisk\u0101s Specifik\u0101cijas<\/h3>\n<p style=\"font-size: 16px; margin-bottom: 20px;\">Lai izprastu \u0161o vienreiz lietojamo vape ier\u012b\u010du p\u0101r\u0101kumu, ir b\u016btiski izp\u0113t\u012bt to pamat\u0101 eso\u0161\u0101s aparat\u016bras specifik\u0101cijas un materi\u0101lu zin\u0101tni, kas t\u0101s darbina.<\/p>\n<table style=\"width: 100%; border-collapse: collapse; margin: 30px 0; background-color: #ffffff; box-shadow: 0 4px 6px rgba(0,0,0,0.05); border-radius: 8px; overflow: hidden;\">\n<thead>\n<tr>\n<th style=\"background-color: #1e3a8a; color: #ffffff; padding: 15px 20px; text-align: left; font-weight: 600; border-bottom: 2px solid #1e40af;\">Komponents \/ Funkcija<\/th>\n<th style=\"background-color: #1e3a8a; color: #ffffff; padding: 15px 20px; text-align: left; font-weight: 600; border-bottom: 2px solid #1e40af;\">In\u017eenieru specifik\u0101cija<\/th>\n<th style=\"background-color: #1e3a8a; color: #ffffff; padding: 15px 20px; text-align: left; font-weight: 600; border-bottom: 2px solid #1e40af;\">Operacion\u0101l\u0101 priek\u0161roc\u012bba<\/th>\n<\/tr>\n<\/thead>\n<tbody>\n<tr style=\"border-bottom: 1px solid #e2e8f0; transition: background-color 0.2s;\">\n<td style=\"padding: 15px 20px; font-weight: 500;\">Divu re\u017e\u0123u apkures tehnolo\u0123ija<\/td>\n<td style=\"padding: 15px 20px; color: #4a5568;\">0,9\u03a9 + 0,9\u03a9 paral\u0113l\u0101 konfigur\u0101cija<\/td>\n<td style=\"padding: 15px 20px; color: #4a5568;\">Vienm\u0113r\u012bgi sadala termisko spriegumu, nov\u0113r\u0161ot lok\u0101lu aizdeg\u0161anos un nodro\u0161inot vienotu tvaika bl\u012bvumu.<\/td>\n<\/tr>\n<tr style=\"background-color: #f8fafc; border-bottom: 1px solid #e2e8f0;\">\n<td style=\"padding: 15px 20px; font-weight: 500;\">Lielietilp\u012bgs \u016bdenskr\u0101tuve<\/td>\n<td style=\"padding: 15px 20px; color: #4a5568;\">45ml Tilpums<\/td>\n<td style=\"padding: 15px 20px; color: #4a5568;\">Nodro\u0161ina nozares vado\u0161o ilgm\u016b\u017e\u012bbu, iev\u0113rojami samazinot nepiecie\u0161amo ier\u012b\u010du nomai\u0146as bie\u017eumu.<\/td>\n<\/tr>\n<tr style=\"border-bottom: 1px solid #e2e8f0;\">\n<td style=\"padding: 15px 20px; font-weight: 500;\">Aerodinamisk\u0101 vad\u012bba<\/td>\n<td style=\"padding: 15px 20px; color: #4a5568;\">Regul\u0113jams gaisa pl\u016bsmas v\u0101rsts<\/td>\n<td style=\"padding: 15px 20px; color: #4a5568;\">I\u013cauj piel\u0101got vilces pretest\u012bbu, \u0146emot v\u0113r\u0101 gan mouth-to-lung, gan ierobe\u017eotas tie\u0161\u0101s plau\u0161u izv\u0113les.<\/td>\n<\/tr>\n<tr style=\"background-color: #f8fafc; border-bottom: 1px solid #e2e8f0;\">\n<td style=\"padding: 15px 20px; font-weight: 500;\">Jaudas p\u0101rvald\u012bbas sist\u0113ma<\/td>\n<td style=\"padding: 15px 20px; color: #4a5568;\">850mAh litija jonu elements<\/td>\n<td style=\"padding: 15px 20px; color: #4a5568;\">Nodro\u0161ina stabilu izejas spriegumu vis\u0101 cikl\u0101; apr\u012bkots ar aizsardz\u012bbas \u0137\u0113d\u0113m pret p\u0101rl\u0101d\u0113\u0161anu.<\/td>\n<\/tr>\n<tr style=\"border-bottom: 1px solid #e2e8f0;\">\n<td style=\"padding: 15px 20px; font-weight: 500;\">Uzl\u0101des saskarne<\/td>\n<td style=\"padding: 15px 20px; color: #4a5568;\">Type-C ports (ieejas 5V\/1A)<\/td>\n<td style=\"padding: 15px 20px; color: #4a5568;\">Nodro\u0161ina \u0101tru ener\u0123ijas papildin\u0101\u0161anu, samazinot d\u012bkst\u0101vi, stingri iev\u0113rojot dro\u0161\u012bbas standartus.<\/td>\n<\/tr>\n<tr style=\"background-color: #f8fafc; border-bottom: 1px solid #e2e8f0;\">\n<td style=\"padding: 15px 20px; font-weight: 500;\">Koncentr\u0101cijas iesp\u0113jas<\/td>\n<td style=\"padding: 15px 20px; color: #4a5568;\">2%, 3% vai 5% formul\u0113jumi<\/td>\n<td style=\"padding: 15px 20px; color: #4a5568;\">Atvieglina prec\u012bzu doz\u0113\u0161anas kontroli, \u0146emot v\u0113r\u0101 da\u017e\u0101das lietot\u0101ju tolerances un re\u0123ion\u0101l\u0101s regulat\u012bv\u0101s preferences.<\/td>\n<\/tr>\n<tr style=\"border-bottom: 1px solid #e2e8f0;\">\n<td style=\"padding: 15px 20px; font-weight: 500;\">Telemetrijas saskarne<\/td>\n<td style=\"padding: 15px 20px; color: #4a5568;\">Integr\u0113ta digit\u0101l\u0101 LED displejs<\/td>\n<td style=\"padding: 15px 20px; color: #4a5568;\">Nodro\u0161ina re\u0101llaika emp\u012brisko datu par atliku\u0161o akumulatora darb\u012bbas laiku un akt\u012bvajiem \u0161\u0137\u012bduma l\u012bme\u0146iem.<\/td>\n<\/tr>\n<tr style=\"background-color: #f8fafc;\">\n<td style=\"padding: 15px 20px; font-weight: 500;\">Vielumtirdzniec\u012bbas lo\u0123istika<\/td>\n<td style=\"padding: 15px 20px; color: #4a5568;\">100 \/ 160 vien\u012bbas uz vienu galveno kartonu<\/td>\n<td style=\"padding: 15px 20px; color: #4a5568;\">Optimiz\u0113ts komerci\u0101lai p\u0101rvad\u0101\u0161anai, samazinot kravu p\u0101rvad\u0101\u0161anas izmaksas un racionaliz\u0113jot kr\u0101jumu p\u0101rvald\u012bbu.<\/td>\n<\/tr>\n<\/tbody>\n<\/table>\n<h3 style=\"color: #2b6cb0; font-size: 24px; margin-top: 40px;\">Eksperti Izstr\u0101d\u0101tas Aromatiskas Izv\u0113les<\/h3>\n<p style=\"font-size: 16px; margin-bottom: 20px;\">FYCOS Dual 50000 Puffs s\u0113rija ir formul\u0113ta, izmantojot premium, augsti rafin\u0113tus bot\u0101niskos ekstraktus un arom\u0101tisk\u0101s savienojumus. Stingra kvalit\u0101tes kontrole nodro\u0161ina, ka katra mais\u012bjuma strukt\u016bras integrit\u0101te saglab\u0101jas, nesaboj\u0101joties termisk\u0101 stresa ietekm\u0113, k\u0101 rezult\u0101t\u0101 tiek ieg\u016bts konsekvents, t\u012brs profils no pirm\u0101s ievilk\u0161anas l\u012bdz 45ml rezervu\u0101ra piln\u012bgai iztuk\u0161o\u0161anai. Pieejam\u0101s izv\u0113les aptver pla\u0161u noti\u0146u spektru:<\/p>\n<ul style=\"list-style-type: none; padding-left: 0; display: grid; grid-template-columns: repeat(auto-fit, minmax(300px, 1fr)); gap: 15px;\">\n<li style=\"background: #ffffff; padding: 15px; border: 1px solid #e2e8f0; border-radius: 6px; box-shadow: 0 1px 3px rgba(0,0,0,0.04); display: flex; align-items: center;\"><span style=\"color: #3b82f6; margin-right: 10px;\">\u2756<\/span> \u016adensmelones Ledus &amp; Zil\u0101 Kazenes Citron\u0101de<\/li>\n<li style=\"background: #ffffff; padding: 15px; border: 1px solid #e2e8f0; border-radius: 6px; box-shadow: 0 1px 3px rgba(0,0,0,0.04); display: flex; align-items: center;\"><span style=\"color: #3b82f6; margin-right: 10px;\">\u2756<\/span> Zeme\u0146u Arb\u016bzs &amp; Citrona Lime<\/li>\n<li style=\"background: #ffffff; padding: 15px; border: 1px solid #e2e8f0; border-radius: 6px; box-shadow: 0 1px 3px rgba(0,0,0,0.04); display: flex; align-items: center;\"><span style=\"color: #3b82f6; margin-right: 10px;\">\u2756<\/span> Mellenes Ledus &amp; Kivi Auzu Gvaava<\/li>\n<li style=\"background: #ffffff; padding: 15px; border: 1px solid #e2e8f0; border-radius: 6px; box-shadow: 0 1px 3px rgba(0,0,0,0.04); display: flex; align-items: center;\"><span style=\"color: #3b82f6; margin-right: 10px;\">\u2756<\/span> Mellenes, avenes un persiku sald\u0113jums<\/li>\n<li style=\"background: #ffffff; padding: 15px; border: 1px solid #e2e8f0; border-radius: 6px; box-shadow: 0 1px 3px rgba(0,0,0,0.04); display: flex; align-items: center;\"><span style=\"color: #3b82f6; margin-right: 10px;\">\u2756<\/span> V\u012bnogu Citrons &amp; Red Bull Aukstais<\/li>\n<li style=\"background: #ffffff; padding: 15px; border: 1px solid #e2e8f0; border-radius: 6px; box-shadow: 0 1px 3px rgba(0,0,0,0.04); display: flex; align-items: center;\"><span style=\"color: #3b82f6; margin-right: 10px;\">\u2756<\/span> Jaukti Aug\u013ci un \u0136ir\u0161u Kola Ledus<\/li>\n<li style=\"background: #ffffff; padding: 15px; border: 1px solid #e2e8f0; border-radius: 6px; box-shadow: 0 1px 3px rgba(0,0,0,0.04); display: flex; align-items: center;\"><span style=\"color: #3b82f6; margin-right: 10px;\">\u2756<\/span> Zeme\u0146u Kiwi &amp; Persiku Mango<\/li>\n<li style=\"background: #ffffff; padding: 15px; border: 1px solid #e2e8f0; border-radius: 6px; box-shadow: 0 1px 3px rgba(0,0,0,0.04); display: flex; align-items: center;\"><span style=\"color: #3b82f6; margin-right: 10px;\">\u2756<\/span> Melnais P\u016b\u0137is Ledus &amp; Zeme\u0146u Ban\u0101ns<\/li>\n<li style=\"background: #ffffff; padding: 15px; border: 1px solid #e2e8f0; border-radius: 6px; box-shadow: 0 1px 3px rgba(0,0,0,0.04); display: flex; align-items: center;\"><span style=\"color: #3b82f6; margin-right: 10px;\">\u2756<\/span> Tropu Aug\u013ci &amp; Dubult\u0101 \u0100bola<\/li>\n<li style=\"background: #ffffff; padding: 15px; border: 1px solid #e2e8f0; border-radius: 6px; box-shadow: 0 1px 3px rgba(0,0,0,0.04); display: flex; align-items: center;\"><span style=\"color: #3b82f6; margin-right: 10px;\">\u2756<\/span> \u016adensmelones Ko\u0161\u013c\u0101jam\u0101 Gumija &amp; G\u0101z\u0113t\u0101 \u0136ir\u0161u Aukst\u0101<\/li>\n<li style=\"background: #ffffff; padding: 15px; border: 1px solid #e2e8f0; border-radius: 6px; box-shadow: 0 1px 3px rgba(0,0,0,0.04); display: flex; align-items: center;\"><span style=\"color: #3b82f6; margin-right: 10px;\">\u2756<\/span> V\u012bnogu Ledus &amp; Zeme\u0146u Ave\u0146u Konfektes<\/li>\n<li style=\"background: #ffffff; padding: 15px; border: 1px solid #e2e8f0; border-radius: 6px; box-shadow: 0 1px 3px rgba(0,0,0,0.04); display: flex; align-items: center;\"><span style=\"color: #3b82f6; margin-right: 10px;\">\u2756<\/span> Persiku \u0136ir\u0161u un Tr\u012bsk\u0101r\u0161u Melonu Aukstais<\/li>\n<li style=\"background: #ffffff; padding: 15px; border: 1px solid #e2e8f0; border-radius: 6px; box-shadow: 0 1px 3px rgba(0,0,0,0.04); display: flex; align-items: center;\"><span style=\"color: #3b82f6; margin-right: 10px;\">\u2756<\/span> Roz\u0101 Citron\u0101de &amp; Ave\u0146u Arb\u016bzs<\/li>\n<li style=\"background: #ffffff; padding: 15px; border: 1px solid #e2e8f0; border-radius: 6px; box-shadow: 0 1px 3px rgba(0,0,0,0.04); display: flex; align-items: center;\"><span style=\"color: #3b82f6; margin-right: 10px;\">\u2756<\/span> Persiku Mango Arb\u016bzu un Melno j\u0101\u0146u ogu Ledus<\/li>\n<li style=\"background: #ffffff; padding: 15px; border: 1px solid #e2e8f0; border-radius: 6px; box-shadow: 0 1px 3px rgba(0,0,0,0.04); display: flex; align-items: center;\"><span style=\"color: #3b82f6; margin-right: 10px;\">\u2756<\/span> Pasionu Aug\u013cu Melone &amp; Tr\u012bsk\u0101r\u0161\u0101s Ogas Ledus<\/li>\n<li style=\"background: #ffffff; padding: 15px; border: 1px solid #e2e8f0; border-radius: 6px; box-shadow: 0 1px 3px rgba(0,0,0,0.04); display: flex; align-items: center;\"><span style=\"color: #3b82f6; margin-right: 10px;\">\u2756<\/span> Zeme\u0146u Redbull &amp; \u0136ir\u0161u Bumba<\/li>\n<\/ul>\n<h3 style=\"color: #2b6cb0; font-size: 24px; margin-top: 40px;\">Normat\u012bv\u0101 atbilst\u012bba un iest\u0101\u017eu sist\u0113ma<\/h3>\n<p style=\"font-size: 16px; margin-bottom: 20px;\">K\u0101 uzticama vien\u012bba glob\u0101laj\u0101 izplat\u012b\u0161anas sektor\u0101, VapeXYZ nodro\u0161ina, ka viss aparat\u016bras apr\u012bkojums, ieskaitot FYCOS s\u0113riju, atbilst svar\u012bgiem ra\u017eo\u0161anas standartiem. Ier\u012bces tiek ra\u017eotas ISO 9001 sertific\u0113t\u0101s iek\u0101rt\u0101s, ar atbilsto\u0161\u0101m CE un RoHS atz\u012bm\u0113m, p\u0101rbaudot, vai t\u0101s atbilst stingriem Eiropas elektronikas dro\u0161\u012bbas protokoliem. M\u0113s atz\u012bstam vides atbild\u012bbas noz\u012bmi; t\u0101p\u0113c m\u0113s stingri iesak\u0101m visiem komerci\u0101lajiem partneriem un gala lietot\u0101jiem likvid\u0113t izlietot\u0101s litija-jonu baterijas saska\u0146\u0101 ar Atkritumu elektrisko un elektronisko iek\u0101rtu (WEEE) direkt\u012bvas vadl\u012bnij\u0101m.<\/p>\n<h3 style=\"color: #2b6cb0; font-size: 24px; margin-top: 40px;\">K\u0101p\u0113c iepirkties caur VapeXYZ?<\/h3>\n<p style=\"font-size: 16px; margin-bottom: 20px;\">VapeXYZ nav tikai mazumtirgot\u0101js; m\u0113s esam profesion\u0101ls vairumtirdzniec\u012bbas izplat\u012b\u0161anas t\u012bkls, kas specializ\u0113jas vienreizlietojam\u0101s vape ier\u012bc\u0113s. Ar vair\u0101k nek\u0101 8 gadu darb\u012bbas izcil\u012bbu lo\u0123istikas un pieg\u0101des \u0137\u0113des sektor\u0101, m\u0113s nodro\u0161in\u0101m vienm\u0113r\u012bgu muitas proced\u016bru un \u0101tru Eiropas izplat\u012b\u0161anu. M\u016bsu platforma \u013cauj noteikt \u013coti pieejamu minim\u0101lo pas\u016bt\u012bjuma daudzumu (MOQ) tikai 10 vien\u012bb\u0101m, t\u0101d\u0113j\u0101di demokratiz\u0113jot piek\u013cuvi vairumtirdzniec\u012bbas cen\u0101m gan boutique veikaliem, gan atsevi\u0161\u0137iem entuziastiem. Neatkar\u012bgi no t\u0101, vai jums ir nepiecie\u0161ama neliela partija, lai p\u0101rbaud\u012btu tirgus dz\u012bvotsp\u0113ju vai galven\u0101 k\u0101rba ar 160 vien\u012bb\u0101m, m\u016bsu infrastrukt\u016bra ir izstr\u0101d\u0101ta, lai efekt\u012bvi izpild\u012btu j\u016bsu pras\u012bbas.<\/p>\n<div style=\"text-align: center; margin: 40px 0;\"><img loading=\"lazy\" decoding=\"async\" class=\"alignnone size-full wp-image-55641\" style=\"max-width: 100%; height: auto; border-radius: 8px; box-shadow: 0 10px 15px rgba(0,0,0,0.1);\" src=\"https:\/\/vapexyz.com\/wp-content\/uploads\/2025\/09\/FYCOS-Dual-Flavors-50000-Puffs-Rechargeable-Disposable-Vape-Wholesale-Bulk-Buy-2.webp\" alt=\"FYCOS Divu gar\u0161u 50 000 ieelpu atk\u0101rtoti uzl\u0101d\u0113jama vienreizlietojama vape vairumtirdzniec\u012bba lielapjema pirkums\" width=\"1280\" height=\"1579\" title=\"\" srcset=\"https:\/\/vapexyz.com\/wp-content\/uploads\/2025\/09\/FYCOS-Dual-Flavors-50000-Puffs-Rechargeable-Disposable-Vape-Wholesale-Bulk-Buy-2.webp 1280w, https:\/\/vapexyz.com\/wp-content\/uploads\/2025\/09\/FYCOS-Dual-Flavors-50000-Puffs-Rechargeable-Disposable-Vape-Wholesale-Bulk-Buy-2-405x500.webp 405w, https:\/\/vapexyz.com\/wp-content\/uploads\/2025\/09\/FYCOS-Dual-Flavors-50000-Puffs-Rechargeable-Disposable-Vape-Wholesale-Bulk-Buy-2-830x1024.webp 830w, https:\/\/vapexyz.com\/wp-content\/uploads\/2025\/09\/FYCOS-Dual-Flavors-50000-Puffs-Rechargeable-Disposable-Vape-Wholesale-Bulk-Buy-2-768x947.webp 768w, https:\/\/vapexyz.com\/wp-content\/uploads\/2025\/09\/FYCOS-Dual-Flavors-50000-Puffs-Rechargeable-Disposable-Vape-Wholesale-Bulk-Buy-2-1245x1536.webp 1245w, https:\/\/vapexyz.com\/wp-content\/uploads\/2025\/09\/FYCOS-Dual-Flavors-50000-Puffs-Rechargeable-Disposable-Vape-Wholesale-Bulk-Buy-2-10x12.webp 10w, https:\/\/vapexyz.com\/wp-content\/uploads\/2025\/09\/FYCOS-Dual-Flavors-50000-Puffs-Rechargeable-Disposable-Vape-Wholesale-Bulk-Buy-2-510x629.webp 510w\" sizes=\"auto, (max-width: 1280px) 100vw, 1280px\" \/><\/div>\n<h3 style=\"color: #2b6cb0; font-size: 24px; margin-top: 40px; border-bottom: 2px solid #e2e8f0; padding-bottom: 10px;\">Bie\u017ei uzdotie jaut\u0101jumi (FAQ)<\/h3>\n<div style=\"border: 1px solid #e2e8f0; border-radius: 8px; padding: 20px; margin-bottom: 15px; box-shadow: 0 2px 4px rgba(0,0,0,0.02); background-color: #ffffff;\">\n<h4 style=\"margin-top: 0; margin-bottom: 10px; color: #1a365d; font-size: 18px;\">1. K\u0101 45ml rezervu\u0101rs ietekm\u0113 ier\u012bces aiz\u0146emto vietu?<\/h4>\n<p style=\"margin: 0; color: #475569; font-size: 15px;\">Neskatoties uz milz\u012bgo 45ml iek\u0161\u0113jo tilpumu, FYCOS izmanto augsta bl\u012bvuma telpas optimiz\u0101cijas metodes. Ergonomiskais korpuss paliek \u013coti p\u0101rn\u0113s\u0101jams, viegli iederoties standarta kabat\u0101s, vienlaikus nodro\u0161inot ned\u0113\u013cas ilgu darb\u012bbas laiku.<\/p>\n<\/div>\n<div style=\"border: 1px solid #e2e8f0; border-radius: 8px; padding: 20px; margin-bottom: 15px; box-shadow: 0 2px 4px rgba(0,0,0,0.02); background-color: #ffffff;\">\n<h4 style=\"margin-top: 0; margin-bottom: 10px; color: #1a365d; font-size: 18px;\">2. K\u0101di dro\u0161\u012bbas elementi ir integr\u0113ti 850mAh akumulator\u0101?<\/h4>\n<p style=\"margin: 0; color: #475569; font-size: 15px;\">Akumulatora bloks ir apr\u012bkots ar progres\u012bviem mikro kontrolleriem, kas nodro\u0161ina aizsardz\u012bbu pret p\u0101rl\u0101d\u0113\u0161anu, \u012bs\u0101s \u0137\u0113des nov\u0113r\u0161anu un termisk\u0101s p\u0101rkar\u0161anas dro\u0161\u012bbas ier\u012bces. Tas stingri ierobe\u017eo uzl\u0101des ieejas spriegumu l\u012bdz 5V\/1A caur Type-C portu, lai saglab\u0101tu \u0161\u016bnu integrit\u0101ti vis\u0101 t\u0101s kalpo\u0161anas laik\u0101.<\/p>\n<\/div>\n<div style=\"border: 1px solid #e2e8f0; border-radius: 8px; padding: 20px; margin-bottom: 15px; box-shadow: 0 2px 4px rgba(0,0,0,0.02); background-color: #ffffff;\">\n<h4 style=\"margin-top: 0; margin-bottom: 10px; color: #1a365d; font-size: 18px;\">3. Vai ir k\u0101di neatkar\u012bgi apstiprin\u0101jumi 50 000 izlo\u017eu pras\u012bjumam?<\/h4>\n<p style=\"margin: 0; color: #475569; font-size: 15px;\">J\u0101, ra\u017eot\u0101js izmanto pneimatiskos vilces simulatorus, kas ir iestat\u012bti uz standarta ieelpo\u0161anas r\u0101d\u012bt\u0101jiem. Lai gan individu\u0101li lieto\u0161anas paradumi (piem\u0113ram, dzi\u013ci, ilgsto\u0161i plau\u0161u ieelpojumi) dabiski rad\u012bs da\u017e\u0101dus gala skait\u013cus, b\u0101zes emp\u012brisk\u0101 p\u0101rbaude apstiprina 50 000 vilces kapacit\u0101ti standartiz\u0113tos laboratorijas apst\u0101k\u013cos.<\/p>\n<\/div>\n<div style=\"border: 1px solid #e2e8f0; border-radius: 8px; padding: 20px; margin-bottom: 15px; box-shadow: 0 2px 4px rgba(0,0,0,0.02); background-color: #ffffff;\">\n<h4 style=\"margin-top: 0; margin-bottom: 10px; color: #1a365d; font-size: 18px;\">4. K\u0101 darbojas vairumtirdzniec\u012bbas pas\u016bt\u012bjumu process Eiropas klientiem?<\/h4>\n<p style=\"margin: 0; color: #475569; font-size: 15px;\">Lielapjoma vienreiz\u0113j\u0101s lieto\u0161anas vape ieg\u0101de caur VapeXYZ ir racionaliz\u0113ta. Tikl\u012bdz j\u016bs sasniedzat minim\u0101lo 10 vien\u012bbu slieksni, m\u016bsu lo\u0123istikas komanda uzs\u0101k nos\u016bt\u012b\u0161anu no m\u016bsu Eiropas centriem. M\u0113s p\u0101rvald\u0101m visu atbilsto\u0161o tranz\u012bta dokument\u0101ciju, nodro\u0161inot \u0101tru pieg\u0101di ar konkur\u0113tsp\u0113j\u012bgu, pak\u0101penisku cenu noteik\u0161anu, pamatojoties uz apjomu.<\/p>\n<\/div>\n<div style=\"border: 1px solid #e2e8f0; border-radius: 8px; padding: 20px; margin-bottom: 15px; box-shadow: 0 2px 4px rgba(0,0,0,0.02); background-color: #ffffff;\">\n<h4 style=\"margin-top: 0; margin-bottom: 10px; color: #1a365d; font-size: 18px;\">5. K\u0101 interpret\u0113t digit\u0101lo LED displeju?<\/h4>\n<p style=\"margin: 0; color: #475569; font-size: 15px;\">Integr\u0113tais ekr\u0101ns izmanto ieb\u016bv\u0113tus telemetrijas sensorus atliku\u0161\u0101s jaudas un \u0161\u0137\u012bduma l\u012bme\u0146u m\u0113r\u012b\u0161anai. Vienk\u0101r\u0161a, ciparu indik\u0101cija \u013cauj emp\u012briski izsekot ier\u012bces statusu, nov\u0113r\u0161ot min\u0113jumus un nodro\u0161inot, ka j\u016bs nekad negaid\u012bti netiekat pie\u0137erti ar iztuk\u0161otu ier\u012bci.<\/p>\n<\/div>\n<\/article>","protected":false},"excerpt":{"rendered":"<p>FYCOS Dual Flavors 50000 Puffs Vienreiz\u0113j\u0101s lieto\u0161anas Vape pied\u0101v\u0101 50 000 ieelpu ar vienm\u0113r\u012bgu, bag\u0101t\u012bgu gar\u0161u ar div\u0101m sietu spol\u0113m, lielu 45 ml ietilp\u012bbu un regul\u0113jamu gaisa pl\u016bsmu. Pieejams da\u017e\u0101d\u0101s vape stipruma pak\u0101p\u0113s, \u0161is uzl\u0101d\u0113jams ier\u012bce ir ide\u0101ls vairumtirdzniec\u012bbas lielapjoma pirkumiem VapeXYZ, j\u016bsu Eiropas platforma premium vienreiz\u0113j\u0101s lieto\u0161anas vape produktiem.<\/p>","protected":false},"featured_media":55646,"comment_status":"open","ping_status":"closed","template":"","meta":{"_lmt_disableupdate":"no","_lmt_disable":""},"product_brand":[],"product_cat":[1089,1012,947,935,934,927,929,928,930,933,939,932,938,931,936,937,1017,949,946,1083,950,951,953,987],"product_tag":[],"class_list":{"0":"post-55639","1":"product","2":"type-product","3":"status-publish","4":"has-post-thumbnail","6":"product_cat-fycos-disposable-vapes","7":"product_cat-50000-puff-vapes","8":"product_cat-big-puffs-vapes","9":"product_cat-bulk-buy-disposable-vapes-in-austria","10":"product_cat-bulk-buy-disposable-vapes-in-belgium","11":"product_cat-bulk-buy-disposable-vapes-in-europe","12":"product_cat-bulk-buy-disposable-vapes-in-france","13":"product_cat-bulk-buy-disposable-vapes-in-germany","14":"product_cat-bulk-buy-disposable-vapes-in-italy","15":"product_cat-bulk-buy-disposable-vapes-in-netherlands","16":"product_cat-bulk-buy-disposable-vapes-in-norway","17":"product_cat-bulk-buy-disposable-vapes-in-poland","18":"product_cat-bulk-buy-disposable-vapes-in-portugal","19":"product_cat-bulk-buy-disposable-vapes-in-spain","20":"product_cat-bulk-buy-disposable-vapes-in-sweden","21":"product_cat-bulk-buy-disposable-vapes-in-switzerland","22":"product_cat-buy-best-disposable-vape-flavors","23":"product_cat-digital-box-vapes","24":"product_cat-disposable-vapes-series","25":"product_cat-double-flavor-vapes","26":"product_cat-dual-mesh-vapes","27":"product_cat-lower-nicotine-vapes","28":"product_cat-rechargeable-vapes","29":"product_cat-vape-shop-by-puffs","31":"first","32":"outofstock","33":"shipping-taxable","34":"purchasable","35":"product-type-variable","36":"has-default-attributes"},"jetpack_sharing_enabled":true,"tiered_pricing_type":"fixed","tiered_pricing_fixed_rules":[],"tiered_pricing_product_settings":{"layout":"default","base_unit_name":{"singular":null,"plural":null},"default_variation":null},"tiered_pricing_minimum_quantity":null,"tiered_pricing_roles_data":[],"tiered_pricing_percentage_rules":[],"tiered_pricing_maximum_quantity":null,"tiered_pricing_quantity_step":null,"_links":{"self":[{"href":"https:\/\/vapexyz.com\/lv\/wp-json\/wp\/v2\/product\/55639","targetHints":{"allow":["GET"]}}],"collection":[{"href":"https:\/\/vapexyz.com\/lv\/wp-json\/wp\/v2\/product"}],"about":[{"href":"https:\/\/vapexyz.com\/lv\/wp-json\/wp\/v2\/types\/product"}],"replies":[{"embeddable":true,"href":"https:\/\/vapexyz.com\/lv\/wp-json\/wp\/v2\/comments?post=55639"}],"wp:featuredmedia":[{"embeddable":true,"href":"https:\/\/vapexyz.com\/lv\/wp-json\/wp\/v2\/media\/55646"}],"wp:attachment":[{"href":"https:\/\/vapexyz.com\/lv\/wp-json\/wp\/v2\/media?parent=55639"}],"wp:term":[{"taxonomy":"product_brand","embeddable":true,"href":"https:\/\/vapexyz.com\/lv\/wp-json\/wp\/v2\/product_brand?post=55639"},{"taxonomy":"product_cat","embeddable":true,"href":"https:\/\/vapexyz.com\/lv\/wp-json\/wp\/v2\/product_cat?post=55639"},{"taxonomy":"product_tag","embeddable":true,"href":"https:\/\/vapexyz.com\/lv\/wp-json\/wp\/v2\/product_tag?post=55639"}],"curies":[{"name":"wp","href":"https:\/\/api.w.org\/{rel}","templated":true}]}}