{"id":54559,"date":"2025-08-07T03:42:01","date_gmt":"2025-08-07T03:42:01","guid":{"rendered":"https:\/\/vapexyz.com\/?post_type=product&#038;p=54559"},"modified":"2026-03-02T10:35:01","modified_gmt":"2026-03-02T10:35:01","slug":"bang-lideris-45000-puff-divkarsu-garsu-zema-nikotina-lielapmera-pirkums-originals-uzladejams-vienreizlietojams-vape-vairumtirdznieciba","status":"publish","type":"product","link":"https:\/\/vapexyz.com\/lv\/product\/bang-leader-45000-puffs-dual-flavors-low-nicotine-bulk-buy-original-rechargeable-disposable-vapes-wholesale\/","title":{"rendered":"BANG VAD\u012aT\u0100JS 45000 Izdvesas Divk\u0101r\u0161\u0101 Gar\u0161a Lielapjoma Pirkums Atk\u0101rtoti Uzl\u0101d\u0113jams Vienreizlietojams Vape Iek\u0101rtas Vairsopum\u0101"},"content":{"rendered":"<article style=\"font-family: 'Segoe UI', Roboto, Helvetica, Arial, sans-serif;line-height: 1.8;color: #333;max-width: 100%;margin: 0 auto;padding: 20px\">\n<h2 style=\"color: #2c3e50;border-bottom: 2px solid #3498db;padding-bottom: 10px;font-size: 28px\">BANG l\u012bderis 45000 izpl\u016bdes: Divu profilu vienreizlietojamu vape augst\u0101kais sasniegums<\/h2>\n<p style=\"font-size: 16px;margin-bottom: 20px\">BANG LEADER 45000 Puffs p\u0101rst\u0101v monument\u0101lu l\u0113cienu augstas ietilp\u012bbas vienreiz\u0113j\u0101s lieto\u0161anas vape ier\u012b\u010du in\u017eenierij\u0101. Izstr\u0101d\u0101ts stingrai ikdienas lieto\u0161anai un ilgsto\u0161ai iztur\u012bbai, \u0161\u012b progres\u012bv\u0101 ier\u012bce integr\u0113 izsmalcin\u0101tu divu profilu sist\u0113mu, kas \u013cauj lietot\u0101jiem vienm\u0113r\u012bgi p\u0101rsl\u0113gties starp div\u0101m da\u017e\u0101d\u0101m arom\u0101tisk\u0101m formul\u0101m vien\u0101 \u0161asij\u0101.  \u0160\u012b ier\u012bce ir ekskluz\u012bvi pieejama lielapm\u0113ra izplat\u012b\u0161anai caur VapeXYZ \u2014 Eiropas vado\u0161o vairumtirdzniec\u012bbas platformu ar vair\u0101k nek\u0101 asto\u0146iem gadiem pier\u0101d\u012btas nozares pieredzes \u2014 \u0161\u012b ier\u012bce ir izstr\u0101d\u0101ta, lai atbilstu stingr\u0101m liel\u0101 apjoma mazumtirdzniec\u012bbas vides un izv\u0113l\u012bgu pat\u0113r\u0113t\u0101ju pras\u012bb\u0101m, kuri mekl\u0113 ilgtermi\u0146a v\u0113rt\u012bbu un meh\u0101nisku uzticam\u012bbu.<\/p>\n<div style=\"text-align: center;margin: 30px 0\"><img loading=\"lazy\" decoding=\"async\" class=\"alignnone wp-image-54562 size-full\" style=\"max-width: 100%;height: auto;border-radius: 8px\" src=\"https:\/\/vapexyz.com\/wp-content\/uploads\/2025\/08\/BANG-LEADER-45000-Puffs-Dual-Flavors-Low-Nicotine-Bulk-Buy-Original-Rechargeable-Disposable-Vapes-Wholesale-3.webp\" alt=\"BANG L\u012aDERIS 45000 Ies\u016bk\u0161an\u0101s Divk\u0101r\u0161as Iesp\u0113jas Lielapjoma Pirkums Ori\u0123in\u0101ls Atk\u0101rtoti Uzl\u0101d\u0113jams Vienreizlietojams Vape Mazumtirdzniec\u012bba\" width=\"1920\" height=\"1080\" title=\"\" srcset=\"https:\/\/vapexyz.com\/wp-content\/uploads\/2025\/08\/BANG-LEADER-45000-Puffs-Dual-Flavors-Low-Nicotine-Bulk-Buy-Original-Rechargeable-Disposable-Vapes-Wholesale-3.webp 1920w, https:\/\/vapexyz.com\/wp-content\/uploads\/2025\/08\/BANG-LEADER-45000-Puffs-Dual-Flavors-Low-Nicotine-Bulk-Buy-Original-Rechargeable-Disposable-Vapes-Wholesale-3-500x281.webp 500w, https:\/\/vapexyz.com\/wp-content\/uploads\/2025\/08\/BANG-LEADER-45000-Puffs-Dual-Flavors-Low-Nicotine-Bulk-Buy-Original-Rechargeable-Disposable-Vapes-Wholesale-3-1024x576.webp 1024w, https:\/\/vapexyz.com\/wp-content\/uploads\/2025\/08\/BANG-LEADER-45000-Puffs-Dual-Flavors-Low-Nicotine-Bulk-Buy-Original-Rechargeable-Disposable-Vapes-Wholesale-3-768x432.webp 768w, https:\/\/vapexyz.com\/wp-content\/uploads\/2025\/08\/BANG-LEADER-45000-Puffs-Dual-Flavors-Low-Nicotine-Bulk-Buy-Original-Rechargeable-Disposable-Vapes-Wholesale-3-1536x864.webp 1536w, https:\/\/vapexyz.com\/wp-content\/uploads\/2025\/08\/BANG-LEADER-45000-Puffs-Dual-Flavors-Low-Nicotine-Bulk-Buy-Original-Rechargeable-Disposable-Vapes-Wholesale-3-18x10.webp 18w, https:\/\/vapexyz.com\/wp-content\/uploads\/2025\/08\/BANG-LEADER-45000-Puffs-Dual-Flavors-Low-Nicotine-Bulk-Buy-Original-Rechargeable-Disposable-Vapes-Wholesale-3-510x287.webp 510w\" sizes=\"auto, (max-width: 1920px) 100vw, 1920px\" \/><\/div>\n<h2 style=\"color: #2c3e50;border-bottom: 2px solid #3498db;padding-bottom: 10px;font-size: 26px;margin-top: 40px\">Tehnisk\u0101s specifik\u0101cijas un in\u017eenieru zin\u0101\u0161anas<\/h2>\n<p style=\"font-size: 16px;margin-bottom: 20px\">Lai izprastu \u0161\u012b vienreiz\u0113j\u0101s lieto\u0161anas vape p\u0101r\u0101kumu, j\u0101izp\u0113ta t\u0101 iek\u0161\u0113j\u0101 arhitekt\u016bra. Ier\u012bce tiek darbin\u0101ta ar robustu 13400-form\u0101ta akumulatora \u0161\u016bnu strukt\u016bru, kas kalibr\u0113ta, lai nodro\u0161in\u0101tu konsekventu 650mAh jaudu uz vienu uzl\u0101des ciklu. At\u0161\u0137ir\u012bb\u0101 no tradicion\u0101lajiem vienreiz\u0113j\u0101s lieto\u0161anas vape, kas cie\u0161 no sprieguma krituma, BANG LEADER izmanto progres\u012bvus jaudas regul\u0113\u0161anas mikrosh\u0113mas, lai nodro\u0161in\u0101tu, ka 1,0 \u03a9 pretest\u012bbas spole sa\u0146em optim\u0101lu jaudu no pirm\u0101s vilkmes l\u012bdz p\u0113d\u0113jai. \u0160is konkr\u0113tais 1,0 omu slieksnis tika izstr\u0101d\u0101ts, lai sasniegtu perfektu termodinamisko l\u012bdzsvaru - maksim\u0101li palielinot tvaika ra\u017eo\u0161anu, vienlaikus nov\u0113r\u0161ot iek\u0161\u0113j\u0101s aizdeg\u0161an\u0101s matricas \u0101tru termisko degrad\u0101ciju.<\/p>\n<table style=\"width: 100%;border-collapse: collapse;margin: 25px 0;font-size: 16px\">\n<thead>\n<tr style=\"background-color: #2c3e50;color: #ffffff;text-align: left\">\n<th style=\"padding: 15px;border: 1px solid #ddd\">Komponents \/ Metrika<\/th>\n<th style=\"padding: 15px;border: 1px solid #ddd\">Tehnisk\u0101 specifik\u0101cija<\/th>\n<th style=\"padding: 15px;border: 1px solid #ddd\">In\u017eenierijas priek\u0161roc\u012bba<\/th>\n<\/tr>\n<\/thead>\n<tbody>\n<tr style=\"background-color: #f9f9f9\">\n<td style=\"padding: 15px;border: 1px solid #ddd\">Aktiviz\u0101cijas jauda<\/td>\n<td style=\"padding: 15px;border: 1px solid #ddd\">L\u012bdz 45 000 Puffs<\/td>\n<td style=\"padding: 15px;border: 1px solid #ddd\">Pagarin\u0101ts darb\u012bbas cikls, samazinot nomai\u0146as bie\u017eumu.<\/td>\n<\/tr>\n<tr>\n<td style=\"padding: 15px;border: 1px solid #ddd\">Power arhitekt\u016bra<\/td>\n<td style=\"padding: 15px;border: 1px solid #ddd\">13400-form\u0101ta \u0161\u016bna (650mAh)<\/td>\n<td style=\"padding: 15px;border: 1px solid #ddd\">Augsta ener\u0123ijas bl\u012bvums kompakt\u0101 cilindrisk\u0101 form\u0101.<\/td>\n<\/tr>\n<tr style=\"background-color: #f9f9f9\">\n<td style=\"padding: 15px;border: 1px solid #ddd\">Sild\u012b\u0161anas elements<\/td>\n<td style=\"padding: 15px;border: 1px solid #ddd\">1,0 \u03a9 pretest\u012bbas re\u017e\u0123a spole<\/td>\n<td style=\"padding: 15px;border: 1px solid #ddd\">Optimiz\u0113ta termodinamisk\u0101 apkure vienm\u0113r\u012bgam tvaika bl\u012bvumam.<\/td>\n<\/tr>\n<tr>\n<td style=\"padding: 15px;border: 1px solid #ddd\">Uzl\u0101des protokols<\/td>\n<td style=\"padding: 15px;border: 1px solid #ddd\">C tipa \u0101tr\u0101 uzl\u0101de<\/td>\n<td style=\"padding: 15px;border: 1px solid #ddd\">Univers\u0101la sader\u012bba ar \u0101tru str\u0101vas atjauno\u0161anu.<\/td>\n<\/tr>\n<tr style=\"background-color: #f9f9f9\">\n<td style=\"padding: 15px;border: 1px solid #ddd\">Sist\u0113mas saskarne<\/td>\n<td style=\"padding: 15px;border: 1px solid #ddd\">Divk\u0101r\u0161\u0101 profila p\u0101rsl\u0113dz\u0113js<\/td>\n<td style=\"padding: 15px;border: 1px solid #ddd\">Meh\u0101niski izol\u0113tas kameras, kas nov\u0113r\u0161 savstarp\u0113ju pies\u0101r\u0146ojumu.<\/td>\n<\/tr>\n<\/tbody>\n<\/table>\n<h2 style=\"color: #2c3e50;border-bottom: 2px solid #3498db;padding-bottom: 10px;font-size: 26px;margin-top: 40px\">Emp\u012brisk\u0101 p\u0101rbaude un veiktsp\u0113jas apstiprin\u0101\u0161ana<\/h2>\n<p style=\"font-size: 16px;margin-bottom: 20px\">Vietn\u0113 VapeXYZ m\u016bsu autorit\u0101te vienreizlietojamo vape ier\u012b\u010du vairumtirdzniec\u012bb\u0101 ir balst\u012bta uz stingru emp\u012brisku valid\u0101ciju. Nor\u0101d\u012bt\u0101 45 000 ieelpu kapacit\u0101te nav patva\u013c\u012bga apl\u0113se, bet gan r\u0101d\u012bt\u0101js, kas ieg\u016bts kontrol\u0113tos laboratorijas simul\u0101cij\u0101s. Izmantojot automatiz\u0113tu vilkmes p\u0101rbaudes iek\u0101rtu, BANG LEADER tiek pak\u013cauts standartiz\u0113t\u0101m pneimatisk\u0101m vilkm\u0113m (parasti 2-3 sekundes uz aktiv\u0101ciju), lai izm\u0113r\u012btu 1,0\u03a9 spoles degrad\u0101cijas l\u012bkni un iek\u0161\u0113jo rezervu\u0101ru iztuk\u0161o\u0161an\u0101s \u0101trumu.<\/p>\n<p style=\"font-size: 16px;margin-bottom: 20px\">Testa rezult\u0101ti nor\u0101da, ka 650mAh akumulators saglab\u0101 vair\u0101k nek\u0101 85% no savas uzl\u0101des efektivit\u0101tes pat p\u0113c vair\u0101kiem Type-C papildin\u0101\u0161anas cikliem. Turkl\u0101t, termodinamisk\u0101 uzraudz\u012bba t\u012bkla spolei r\u0101da minim\u0101lu oglek\u013ca nogulumu veido\u0161anos ilgsto\u0161as lieto\u0161anas laik\u0101, kas ir kritiski svar\u012bgi vienm\u0113r\u012bgas, konsekventas vilkmes saglab\u0101\u0161anai. \u0160ie emp\u012briskie dati nodro\u0161ina mazumtirdzniec\u012bbas izplat\u012bt\u0101jus, ka vi\u0146i invest\u0113 meh\u0101niski stabil\u0101 produkt\u0101, kas sp\u0113j iztur\u0113t re\u0101l\u0101s pasaules lieto\u0161anas apst\u0101k\u013cus bez katastrof\u0101liem boj\u0101jumiem.<\/p>\n<div style=\"background-color: #eef5fb;border-left: 6px solid #3498db;padding: 25px;margin: 35px 0;border-radius: 0 8px 8px 0\">\n<h3 style=\"color: #2980b9;margin-top: 0;font-size: 22px\">Galvenais zin\u0101\u0161anas punkts: Divu profilu sist\u0113mu meh\u0101nika<\/h3>\n<p style=\"font-size: 15px;margin-bottom: 0\">K\u0101 viens vienreiz lietojams vape p\u0101rvalda divus at\u0161\u0137ir\u012bgus arom\u0101tiskos profilus bez to sajauk\u0161anas? BANG LEADER izmanto progres\u012bvu bifurk\u0113tu iek\u0161\u0113jo rezervu\u0101ru sist\u0113mu. Korpuss satur divas piln\u012bgi atsevi\u0161\u0137as konteineru kapsulas, katra apr\u012bkota ar savu speci\u0101lo kapil\u0101ro materi\u0101lu un apkures mezglu. Kad lietot\u0101js manipul\u0113 ar \u0101r\u0113jo p\u0101rsl\u0113g\u0161anas sl\u0113dzi, meh\u0101nisks vai pneim\u0101tisks v\u0101rti nos\u016bta gaisa pl\u016bsmu tikai caur izv\u0113l\u0113to kameru. \u0160\u012b izol\u0101cija nov\u0113r\u0161 formulu savstarp\u0113ju kontamin\u0101ciju, nodro\u0161inot, ka katra profila \u0137\u012bmisk\u0101 integrit\u0101te un sensor\u0101 izvade paliek neskarta no pirm\u0101s aktiv\u0101cijas l\u012bdz p\u0113d\u0113jam ieelpam.<\/p>\n<\/div>\n<h2 style=\"color: #2c3e50;border-bottom: 2px solid #3498db;padding-bottom: 10px;font-size: 26px;margin-top: 40px\">Visaptvero\u0161a divu profilu izv\u0113le<\/h2>\n<p style=\"font-size: 16px;margin-bottom: 20px\">Daudzveid\u012bba produktu pied\u0101v\u0101jum\u0101 ir veiksm\u012bgas mazumtirdzniec\u012bbas kr\u0101jumu p\u0101rvald\u012bbas st\u016brakmens. BANG LEADER s\u0113rija pied\u0101v\u0101 18 at\u0161\u0137ir\u012bgas divu profilu konfigur\u0101cijas, savienojot komplement\u0101ras un kontrast\u0113jo\u0161as arom\u0101tisk\u0101s mais\u012bjumus, lai apmierin\u0101tu pla\u0161u pat\u0113r\u0113t\u0101ju priek\u0161roku spektru. Zem\u0101k ir piln\u012bgs pieejamo divu konfigur\u0101ciju katalogs vairumtirdzniec\u012bbas ieg\u0101dei:<\/p>\n<ul style=\"list-style-type: none;padding: 0;grid-template-columns: repeat(auto-fit, minmax(300px, 1fr));gap: 15px\">\n<li style=\"background: #fff;padding: 15px;border: 1px solid #eaeaea;border-radius: 5px\">1. Arb\u016bzu sald\u0113jums un zeme\u0146u mango<\/li>\n<li style=\"background: #fff;padding: 15px;border: 1px solid #eaeaea;border-radius: 5px\">2. Zeme\u0146u Arb\u016bzu &amp; Kiwi Kiviju Pasifloras Guava<\/li>\n<li style=\"background: #fff;padding: 15px;border: 1px solid #eaeaea;border-radius: 5px\">3. Zeme\u0146u Arb\u016bzu un V\u012bnogu Ledus<\/li>\n<li style=\"background: #fff;padding: 15px;border: 1px solid #eaeaea;border-radius: 5px\">4. Mellenes, avenes un persiks, mango, arb\u016bzs<\/li>\n<li style=\"background: #fff;padding: 15px;border: 1px solid #eaeaea;border-radius: 5px\">5. Mellenes \u0100boli\u0146\u0161 &amp; Zeme\u0146u Mango<\/li>\n<li style=\"background: #fff;padding: 15px;border: 1px solid #eaeaea;border-radius: 5px\">6. Mellen\u0101ju sald\u0113jums un Melnais P\u016b\u0137a sald\u0113jums<\/li>\n<li style=\"background: #fff;padding: 15px;border: 1px solid #eaeaea;border-radius: 5px\">7. Mellenes sald\u0113jums un zeme\u0146u ban\u0101ns<\/li>\n<li style=\"background: #fff;padding: 15px;border: 1px solid #eaeaea;border-radius: 5px\">8. Red Bull &amp; Mellen\u0101ju \u0100bols<\/li>\n<li style=\"background: #fff;padding: 15px;border: 1px solid #eaeaea;border-radius: 5px\">9. Red Bull un arb\u016bzu burbu\u013ccukurs<\/li>\n<li style=\"background: #fff;padding: 15px;border: 1px solid #eaeaea;border-radius: 5px\">10. Zeme\u0146u Kiwi &amp; Persiku Ledus<\/li>\n<li style=\"background: #fff;padding: 15px;border: 1px solid #eaeaea;border-radius: 5px\">11. Kola Ice &amp; Cherry Cranberry<\/li>\n<li style=\"background: #fff;padding: 15px;border: 1px solid #eaeaea;border-radius: 5px\">12. Anan\u0101su sald\u0113jums un tr\u012bsk\u0101r\u0161s mango<\/li>\n<li style=\"background: #fff;padding: 15px;border: 1px solid #eaeaea;border-radius: 5px\">13. Zeme\u0146u sald\u0113jums un roz\u0101 citrona ledus<\/li>\n<li style=\"background: #fff;padding: 15px;border: 1px solid #eaeaea;border-radius: 5px\">14. \u0136ir\u0161u kola un arb\u016bzu ko\u0161\u013c\u0101jam\u0101s gumijas sald\u0113jums<\/li>\n<li style=\"background: #fff;padding: 15px;border: 1px solid #eaeaea;border-radius: 5px\">15. \u0136ir\u0161u Ledus &amp; Zeme\u0146u \u0100bolu \u0137ir\u0161u Ledus<\/li>\n<li style=\"background: #fff;padding: 15px;border: 1px solid #eaeaea;border-radius: 5px\">16. Citrona Laims &amp; Zilais Razzle<\/li>\n<li style=\"background: #fff;padding: 15px;border: 1px solid #eaeaea;border-radius: 5px\">17. Ave\u0146u Mojito Persiku Ledus &amp; \u0100bola Bumbieris<\/li>\n<li style=\"background: #fff;padding: 15px;border: 1px solid #eaeaea;border-radius: 5px\">18. Li\u010d\u012b Ice &amp; Melonu D\u017eems<\/li>\n<\/ul>\n<h2 style=\"color: #2c3e50;border-bottom: 2px solid #3498db;padding-bottom: 10px;font-size: 26px;margin-top: 40px\">Vairumtirdzniec\u012bbas pilnvaras un uztic\u012bba: k\u0101p\u0113c sadarboties ar VapeXYZ?<\/h2>\n<p style=\"font-size: 16px;margin-bottom: 20px\">Lielu daudzumu vienreiz lietojamu vape ieg\u0101de prasa izplat\u012bt\u0101ju ar nesatricin\u0101mu autorit\u0101ti un nevainojamu reput\u0101ciju. VapeXYZ m\u0113s pied\u0101v\u0101jam vair\u0101k nek\u0101 asto\u0146us gadus specializ\u0113tas pieredzes glob\u0101laj\u0101 izplat\u012b\u0161anas matric\u0101. M\u016bsu infrastrukt\u016bra ir veidota uz absol\u016btas darb\u012bbas p\u0101rredzam\u012bbas, autentisku produktu iepirk\u0161anas tie\u0161i no ra\u017eot\u0146u un optimiz\u0113tas pieg\u0101des \u0137\u0113des lo\u0123istikas, kas izstr\u0101d\u0101ta speci\u0101li Eiropas tirgum.<\/p>\n<p style=\"font-size: 16px;margin-bottom: 20px\">M\u0113s atz\u012bstam lo\u0123istisk\u0101s gr\u016bt\u012bbas, ar kur\u0101m saskaras m\u016bsu B2B klienti. T\u0101p\u0113c BANG LEADER 45000 tiek pieg\u0101d\u0101ts lielapjom\u0101 \u0113rt\u0101s konfigur\u0101cij\u0101s \u2014 iepakots prec\u012bzi ar 10 vien\u012bb\u0101m vien\u0101 displeja kast\u0113 un 200 vien\u012bb\u0101m vien\u0101 galvenaj\u0101 karton\u0101. \u0160is standartiz\u0113tais iepakojuma protokols nodro\u0161ina prec\u012bzus tilpuma svara apr\u0113\u0137inus p\u0101rvad\u0101jumiem, samazinot tranz\u012bta boj\u0101jumus un pazeminot j\u016bsu kop\u0113j\u0101s nos\u016bt\u012b\u0161anas izmaksas. Turkl\u0101t m\u0113s saglab\u0101jam \u013coti pieejamu minim\u0101lo pas\u016bt\u012bjuma daudzumu (MOQ) tikai 10 gabalos, \u013caujot gan topo\u0161ajiem butikiem, gan izveidot\u0101m uz\u0146\u0113mumu oper\u0101cij\u0101m dinamiski palielin\u0101t savu kr\u0101jumu apjomu. Klientiem, kuriem nepiecie\u0161ama piel\u0101gota tirgus pozicion\u0113\u0161ana, m\u016bsu visaptvero\u0161ais OEM\/ODM atbalsts veicina piel\u0101gotus z\u012bmola risin\u0101jumus, kas piln\u012bb\u0101 atbilst re\u0123ion\u0101lajiem mazumtirdzniec\u012bbas standartiem.<\/p>\n<div style=\"margin-top: 40px\">\n<h2 style=\"color: #2c3e50;border-bottom: 2px solid #3498db;padding-bottom: 10px;font-size: 26px\">Galvenie punkti bie\u017e\u0101k uzdotajiem jaut\u0101jumiem: lo\u0123istika un tehniskie jaut\u0101jumi<\/h2>\n<div style=\"border: 1px solid #e0e0e0;border-radius: 6px;margin-bottom: 15px;overflow: hidden\">\n<h3 style=\"background-color: #f4f7f6;margin: 0;padding: 15px;font-size: 18px;color: #333;border-bottom: 1px solid #e0e0e0\">K\u0101das ir optim\u0101l\u0101s iek\u0161\u0113j\u0101s baterijas uzl\u0101des parametras?<\/h3>\n<p style=\"padding: 15px;margin: 0;font-size: 15px;background-color: #fff\">Lai saglab\u0101tu 13400-form\u0101ta 650mAh \u0161\u016bnas kalpo\u0161anas laiku, m\u0113s stingri iesak\u0101m izmantot standarta 5V\/1A sienas adapteri kop\u0101 ar integr\u0113to Type-C portu. Izvairieties no augstsprieguma \u0101tro l\u0101d\u0113t\u0101ju, kas paredz\u0113ti kl\u0113pjdatoriem vai plan\u0161etdatoriem, jo p\u0101rsniegt\u0101 ieteicam\u0101 str\u0101vas stipruma var izrais\u012bt termisko stresu, pasliktin\u0101t akumulatora \u0137\u012bmisk\u0101s vielas saglab\u0101\u0161anas sp\u0113ju un apdraud\u0113t vapes dro\u0161\u012bbas protokolus.<\/p>\n<\/div>\n<div style=\"border: 1px solid #e0e0e0;border-radius: 6px;margin-bottom: 15px;overflow: hidden\">\n<h3 style=\"background-color: #f4f7f6;margin: 0;padding: 15px;font-size: 18px;color: #333;border-bottom: 1px solid #e0e0e0\">K\u0101 VapeXYZ veic lielapjoma pas\u016bt\u012bjumu un nos\u016bt\u012b\u0161anas lo\u0123istiku Eirop\u0101?<\/h3>\n<p style=\"padding: 15px;margin: 0;font-size: 15px;background-color: #fff\">VapeXYZ izmanto \u013coti izstr\u0101d\u0101tu Eiropas izplat\u012b\u0161anas t\u012bklu. T\u0101 k\u0101 BANG LEADER ir iepakots ar 200 vien\u012bb\u0101m uz vienu galveno k\u0101rbu, m\u0113s varam prec\u012bzi apr\u0113\u0137in\u0101t izm\u0113ru svaru kravas p\u0101rvad\u0101jumu optimiz\u0113\u0161anai. Kad pas\u016bt\u012bjums sasniedz m\u016bsu minim\u0101lo 10 vien\u012bbu MOQ, tas tiek nos\u016bt\u012bts caur m\u016bsu p\u0101rbaud\u012btajiem lo\u0123istikas partneriem, kop\u0101 ar visaptvero\u0161u izseko\u0161anu un nepiecie\u0161amajiem muitas dokumentiem, lai nodro\u0161in\u0101tu netrauc\u0113tu robe\u017eas \u0161\u0137\u0113rso\u0161anu.<\/p>\n<\/div>\n<div style=\"border: 1px solid #e0e0e0;border-radius: 6px;margin-bottom: 15px;overflow: hidden\">\n<h3 style=\"background-color: #f4f7f6;margin: 0;padding: 15px;font-size: 18px;color: #333;border-bottom: 1px solid #e0e0e0\">Vai 45 000 izelpoto rei\u017eu skaits ir garant\u0113ta metrika?<\/h3>\n<p style=\"padding: 15px;margin: 0;font-size: 15px;background-color: #fff\">Nor\u0101d\u012bt\u0101s 45 000 aktiviz\u0101cijas ir maksim\u0101l\u0101 emp\u012brisk\u0101 robe\u017ea, kas ieg\u016bta no kontrol\u0113tiem laboratorijas testiem, izmantojot standartiz\u0113tas \u012bslaic\u012bgas izvilk\u0161anas. Re\u0101l\u0101s pasaules ilgm\u016b\u017e\u012bba dabiski sv\u0101rst\u012bsies atkar\u012bb\u0101 no individu\u0101lajiem pat\u0113r\u0113t\u0101ju paradumiem \u2014 piem\u0113ram, izvilk\u0161anas garuma, apk\u0101rt\u0113j\u0101s temperat\u016bras un uzl\u0101des bie\u017euma. Tom\u0113r 1,0\u03a9 spoles un lielas ietilp\u012bbas dubulto rezervu\u0101ru iztur\u012bga kombin\u0101cija nodro\u0161ina, ka \u0161\u012b vienreizlietojam\u0101 vape ier\u012bce ir viena no ilg\u0101k iztur\u012bg\u0101kaj\u0101m ier\u012bc\u0113m, kas pa\u0161laik ir apstiprin\u0101tas vairumtirdzniec\u012bbas tirg\u016b.<\/p>\n<\/div>\n<div style=\"border: 1px solid #e0e0e0;border-radius: 6px;margin-bottom: 15px;overflow: hidden\">\n<h3 style=\"background-color: #f4f7f6;margin: 0;padding: 15px;font-size: 18px;color: #333;border-bottom: 1px solid #e0e0e0\">Vai j\u016bs pied\u0101v\u0101jat OEM\/ODM pakalpojumus vienreiz lietojam\u0101m vape ier\u012bc\u0113m?<\/h3>\n<p style=\"padding: 15px;margin: 0;font-size: 15px;background-color: #fff\">J\u0101, k\u0101 uzticama iest\u0101de ar asto\u0146u gadu ra\u017eo\u0161anas integr\u0101ciju, VapeXYZ pied\u0101v\u0101 visaptvero\u0161us OEM\/ODM pakalpojumus. M\u0113s str\u0101d\u0101jam tie\u0161i ar vairumtirdzniec\u012bbas klientiem, lai piel\u0101gotu \u0101r\u0113jo \u0161asijas z\u012bmolu, specifiskus produktu sortimentus un atbilst\u012bbas iepakojumu, kas piel\u0101gots re\u0123ion\u0101laj\u0101m mazumtirdzniec\u012bbas vadl\u012bnij\u0101m, nodro\u0161inot, ka j\u016bsu uz\u0146\u0113mums saglab\u0101 unik\u0101lu konkurences priek\u0161roc\u012bbu.<\/p>\n<\/div>\n<\/div>\n<\/article>","protected":false},"excerpt":{"rendered":"<p>BANG LEADER 45000 Puffs Divpus\u0113jo Gar\u0161u Vienreiz\u0113j\u0101s Lieto\u0161anas Vape Funkcijas Divas 30\u202fmL Gar\u0161as Tvertnes, Divk\u0101r\u0161i T\u012bkla Spoiles, LED Displejs Un 650\u202fmAh Atk\u0101rtoti Uzl\u0101d\u0113jams Akumulators, Kas Nodro\u0161ina L\u012bdz 45 000 Iel\u0113cieniem, Zema Stipruma Izpriecu Lielajiem Pirkumiem Vietn\u0113 VapeXYZ.<\/p>","protected":false},"featured_media":54561,"comment_status":"open","ping_status":"closed","template":"","meta":{"_lmt_disableupdate":"no","_lmt_disable":""},"product_brand":[],"product_cat":[821,1069,947,935,934,927,929,928,930,933,939,932,938,931,936,937,1017,949,946,1083,950,951,953,987],"product_tag":[],"class_list":{"0":"post-54559","1":"product","2":"type-product","3":"status-publish","4":"has-post-thumbnail","6":"product_cat-bang","7":"product_cat-45000-puff-vapes","8":"product_cat-big-puffs-vapes","9":"product_cat-bulk-buy-disposable-vapes-in-austria","10":"product_cat-bulk-buy-disposable-vapes-in-belgium","11":"product_cat-bulk-buy-disposable-vapes-in-europe","12":"product_cat-bulk-buy-disposable-vapes-in-france","13":"product_cat-bulk-buy-disposable-vapes-in-germany","14":"product_cat-bulk-buy-disposable-vapes-in-italy","15":"product_cat-bulk-buy-disposable-vapes-in-netherlands","16":"product_cat-bulk-buy-disposable-vapes-in-norway","17":"product_cat-bulk-buy-disposable-vapes-in-poland","18":"product_cat-bulk-buy-disposable-vapes-in-portugal","19":"product_cat-bulk-buy-disposable-vapes-in-spain","20":"product_cat-bulk-buy-disposable-vapes-in-sweden","21":"product_cat-bulk-buy-disposable-vapes-in-switzerland","22":"product_cat-buy-best-disposable-vape-flavors","23":"product_cat-digital-box-vapes","24":"product_cat-disposable-vapes-series","25":"product_cat-double-flavor-vapes","26":"product_cat-dual-mesh-vapes","27":"product_cat-lower-nicotine-vapes","28":"product_cat-rechargeable-vapes","29":"product_cat-vape-shop-by-puffs","31":"first","32":"instock","33":"shipping-taxable","34":"purchasable","35":"product-type-variable","36":"has-default-attributes"},"jetpack_sharing_enabled":true,"tiered_pricing_type":"fixed","tiered_pricing_fixed_rules":[],"tiered_pricing_product_settings":{"layout":"default","base_unit_name":{"singular":null,"plural":null},"default_variation":null},"tiered_pricing_minimum_quantity":null,"tiered_pricing_roles_data":[],"tiered_pricing_percentage_rules":[],"tiered_pricing_maximum_quantity":null,"tiered_pricing_quantity_step":null,"_links":{"self":[{"href":"https:\/\/vapexyz.com\/lv\/wp-json\/wp\/v2\/product\/54559","targetHints":{"allow":["GET"]}}],"collection":[{"href":"https:\/\/vapexyz.com\/lv\/wp-json\/wp\/v2\/product"}],"about":[{"href":"https:\/\/vapexyz.com\/lv\/wp-json\/wp\/v2\/types\/product"}],"replies":[{"embeddable":true,"href":"https:\/\/vapexyz.com\/lv\/wp-json\/wp\/v2\/comments?post=54559"}],"wp:featuredmedia":[{"embeddable":true,"href":"https:\/\/vapexyz.com\/lv\/wp-json\/wp\/v2\/media\/54561"}],"wp:attachment":[{"href":"https:\/\/vapexyz.com\/lv\/wp-json\/wp\/v2\/media?parent=54559"}],"wp:term":[{"taxonomy":"product_brand","embeddable":true,"href":"https:\/\/vapexyz.com\/lv\/wp-json\/wp\/v2\/product_brand?post=54559"},{"taxonomy":"product_cat","embeddable":true,"href":"https:\/\/vapexyz.com\/lv\/wp-json\/wp\/v2\/product_cat?post=54559"},{"taxonomy":"product_tag","embeddable":true,"href":"https:\/\/vapexyz.com\/lv\/wp-json\/wp\/v2\/product_tag?post=54559"}],"curies":[{"name":"wp","href":"https:\/\/api.w.org\/{rel}","templated":true}]}}