{"id":52259,"date":"2025-07-28T06:20:09","date_gmt":"2025-07-28T06:20:09","guid":{"rendered":"https:\/\/vapexyz.com\/?post_type=product&#038;p=52259"},"modified":"2026-03-02T08:17:05","modified_gmt":"2026-03-02T08:17:05","slug":"bang-king-50000-duminu-ds042-divu-garsu-zema-nikotina-lielapjoma-pirkums-originals-uzladejams-vienreiz-lietojams-vape-vairumtirdznieciba","status":"publish","type":"product","link":"https:\/\/vapexyz.com\/lv\/product\/bang-king-50000-puffs-dsk042-dual-flavor-low-nicotine-bulk-buy-original-rechargeable-disposable-vapes-wholesale\/","title":{"rendered":"BANG KING 50000 Puffs DSK042 Divk\u0101r\u0161\u0101s gar\u0161as Lielapjoma pirkums Atk\u0101rtoti uzl\u0101d\u0113jams 50K Vienreiz lietojami Vapes Vairumtirdzniec\u012bba"},"content":{"rendered":"<article style=\"font-family: 'Segoe UI', Roboto, Helvetica, Arial, sans-serif;line-height: 1.8;color: #333333;max-width: 100%;margin: 0 auto;padding: 30px;background-color: #ffffff\">\n<div style=\"text-align: center;margin-bottom: 40px\"><img loading=\"lazy\" decoding=\"async\" style=\"max-width: 100%;height: auto;border-radius: 12px\" src=\"https:\/\/vapexyz.com\/wp-content\/uploads\/2025\/07\/BANG-KING-50000-Puffs-DSK042-Dual-Flavor-Low-Nicotine-Bulk-Buy-Original-Rechargeable-Disposable-Vapes-Wholesale-1.jpg\" alt=\"BANG KING 50000 Puffs DSK042 Divst\u0101vu mais\u012bjums Lielapjoma pirkums Ori\u0123in\u0101ls Uzl\u0101d\u0113jams Vienreiz lietojams Vapes Vairumtirdzniec\u012bba\" width=\"2000\" height=\"2000\" title=\"\"><\/div>\n<section style=\"margin-bottom: 40px\">\n<h2 style=\"color: #1a365d;font-size: 28px;border-bottom: 3px solid #3182ce;padding-bottom: 10px;margin-bottom: 20px\">Prec\u012bz\u0101 in\u017eenierija satiekas ar augstas veiktsp\u0113jas kapacit\u0101ti<\/h2>\n<p style=\"font-size: 16px;margin-bottom: 15px\">Atkl\u0101jiet BANG KING 50000 Puffs tehnisko izsmalcin\u0101t\u012bbu un ilgsto\u0161u darb\u012bbu. Izstr\u0101d\u0101ts, lai p\u0101rdefin\u0113tu m\u016bsdienu vienreizlietojamo vape ier\u012b\u010du parametrus, \u0161\u012b ier\u012bce pied\u0101v\u0101 progres\u012bvu divkameru arhitekt\u016bru, kas paredz\u0113ta ilgsto\u012bgai lieto\u0161anai un piel\u0101gojamai sensoriskai pieredzei. Pieejams komerci\u0101lai vairumtirdzniec\u012bbai ekskluz\u012bvi caur VapeXYZ, Eiropas vado\u0161o un atbilst\u012bbas nodro\u0161in\u0101jo\u0161o tie\u0161saistes izplat\u012bt\u0101ju premium vienreizlietojamo vape ier\u012bc\u0113m.<\/p>\n<p style=\"font-size: 16px;margin-bottom: 15px\">Strauji att\u012bst\u0101s aparat\u016bras ainav\u0101 piepras\u012bjums p\u0113c augstas iztur\u012bbas, uzticam\u0101m ier\u012bc\u0113m ir nosac\u012bjis ra\u017eo\u0161anas paradigmas mai\u0146u. BANG KING modelis \u0161o probl\u0113mu risina, izmantojot medic\u012bnisk\u0101s kvalit\u0101tes PCTG materi\u0101lus, stingru elektronisko kvalit\u0101tes kontroli un optimiz\u0113tu termodinamisko apkures procesu. Priorit\u0101ti pie\u0161\u0137irot konstrukcijas integrit\u0101tei un akumulatora efektivit\u0101tei, \u0161\u012b ier\u012bce nodro\u0161ina izplat\u012bt\u0101jiem un pat\u0113r\u0113t\u0101jiem r\u016bp\u012bgi p\u0101rbaud\u012btu, r\u016bp\u012bgi izstr\u0101d\u0101tu e\u013c\u013cas tvaic\u0113\u0161anas tehnolo\u0123iju, kas iev\u0113rojami p\u0101rtrump\u0113 standarta alternat\u012bvas.<\/p>\n<\/section>\n<section style=\"margin-bottom: 40px\">\n<h3 style=\"color: #2c5282;font-size: 24px;margin-bottom: 20px;align-items: center\"><span style=\"margin-right: 10px;font-size: 28px\">\u2699\ufe0f<\/span> BANG KING 50000 Izk\u0101pieni: Tehnisk\u0101s specifik\u0101cijas<\/h3>\n<p style=\"font-size: 16px;margin-bottom: 20px\">Lai nodro\u0161in\u0101tu darb\u012bbas p\u0101rredzam\u012bbu un apstiprin\u0101tu m\u016bsu saist\u012bbu ar nozares standartiem, m\u0113s sniedzam piln\u012bgu tehnisko sadal\u012bjumu ier\u012bces iek\u0161\u0113jiem komponentiem. Ra\u017eoti iek\u0101rt\u0101s, kas atbilst stingrai ISO 9001 kvalit\u0101tes p\u0101rvald\u012bbas sist\u0113mu pras\u012bb\u0101m, katra specifik\u0101cija tiek stingri p\u0101rbaud\u012bta.<\/p>\n<table style=\"width: 100%;border-collapse: collapse;margin: 20px 0;font-size: 16px;border-radius: 8px;overflow: hidden\">\n<thead>\n<tr style=\"background-color: #3182ce;color: #ffffff;text-align: left\">\n<th style=\"padding: 15px 20px;font-weight: 600\">Komponents \/ Funkcija<\/th>\n<th style=\"padding: 15px 20px;font-weight: 600\">In\u017eenieru specifik\u0101cija<\/th>\n<th style=\"padding: 15px 20px;font-weight: 600\">Operacion\u0101l\u0101 priek\u0161roc\u012bba<\/th>\n<\/tr>\n<\/thead>\n<tbody>\n<tr style=\"background-color: #f7fafc;border-bottom: 1px solid #e2e8f0\">\n<td style=\"padding: 15px 20px;font-weight: 600;color: #2d3748\">Maksim\u0101l\u0101 jauda<\/td>\n<td style=\"padding: 15px 20px;color: #4a5568\">L\u012bdz 50 000 izvilk\u0161anas darb\u012bbu<\/td>\n<td style=\"padding: 15px 20px;color: #4a5568\">Pagarin\u0101ts darb\u012bbas ilgums, samazinot nomai\u0146as bie\u017eumu.<\/td>\n<\/tr>\n<tr style=\"background-color: #ffffff;border-bottom: 1px solid #e2e8f0\">\n<td style=\"padding: 15px 20px;font-weight: 600;color: #2d3748\">\u016adenskr\u0101tuves ietilp\u012bba<\/td>\n<td style=\"padding: 15px 20px;color: #4a5568\">50 mL Kop\u0101 (25 mL uz izol\u0113tu kameru)<\/td>\n<td style=\"padding: 15px 20px;color: #4a5568\">Liela apjoma kr\u0101tuve, izmantojot nopl\u016bdei iztur\u012bgu kapil\u0101ru kapil\u0101r\u0101s darb\u012bbas principu.<\/td>\n<\/tr>\n<tr style=\"background-color: #f7fafc;border-bottom: 1px solid #e2e8f0\">\n<td style=\"padding: 15px 20px;font-weight: 600;color: #2d3748\">Jaudas matrica<\/td>\n<td style=\"padding: 15px 20px;color: #4a5568\">17350 litija jonu \u0161\u016bna, 850 mAh<\/td>\n<td style=\"padding: 15px 20px;color: #4a5568\">Augsta ener\u0123ijas bl\u012bvums, nodro\u0161inot ilgsto\u0161u spriegumu starp uzl\u0101des cikliem.<\/td>\n<\/tr>\n<tr style=\"background-color: #ffffff;border-bottom: 1px solid #e2e8f0\">\n<td style=\"padding: 15px 20px;font-weight: 600;color: #2d3748\">Uzl\u0101des interfeiss<\/td>\n<td style=\"padding: 15px 20px;color: #4a5568\">Type-C USB ports (atbalst\u012bts 5V\/1A)<\/td>\n<td style=\"padding: 15px 20px;color: #4a5568\">\u0100tra jaudas atjauno\u0161ana ar integr\u0113t\u0101m p\u0101rslodzes aizsardz\u012bbas sh\u0113m\u0101m.<\/td>\n<\/tr>\n<tr style=\"background-color: #f7fafc;border-bottom: 1px solid #e2e8f0\">\n<td style=\"padding: 15px 20px;font-weight: 600;color: #2d3748\">Sild\u012b\u0161anas elements<\/td>\n<td style=\"padding: 15px 20px;color: #4a5568\">1,0 \u03a9 Advanced Mesh Coil<\/td>\n<td style=\"padding: 15px 20px;color: #4a5568\">Optimiz\u0113ta virsmas tilpuma attiec\u012bba vienm\u0113r\u012bgai siltuma sadalei un bl\u012bvai tvaika ra\u017eo\u0161anai.<\/td>\n<\/tr>\n<tr style=\"background-color: #ffffff;border-bottom: 1px solid #e2e8f0\">\n<td style=\"padding: 15px 20px;font-weight: 600;color: #2d3748\">Telemetrijas displejs<\/td>\n<td style=\"padding: 15px 20px;color: #4a5568\">Integr\u0113ta digit\u0101l\u0101 OLED ekr\u0101ns<\/td>\n<td style=\"padding: 15px 20px;color: #4a5568\">Re\u0101llaika uzraudz\u012bba akumulatora spriegumam un atliku\u0161\u0101 \u0161\u0137\u012bduma l\u012bme\u0146iem.<\/td>\n<\/tr>\n<tr style=\"background-color: #f7fafc\">\n<td style=\"padding: 15px 20px;font-weight: 600;color: #2d3748\">Gaisa pl\u016bsmas dinamika<\/td>\n<td style=\"padding: 15px 20px;color: #4a5568\">Regul\u0113jams apak\u0161\u0113jais iepl\u016bdes v\u0101rsts<\/td>\n<td style=\"padding: 15px 20px;color: #4a5568\">\u013bauj vienm\u0113r\u012bgu p\u0101reju starp tie\u0161\u0101s pl\u016bsmas uz plau\u0161\u0101m (DTL) un mutes-uz-plau\u0161\u0101m (MTL) ieelpo\u0161anas pretest\u012bbu.<\/td>\n<\/tr>\n<\/tbody>\n<\/table>\n<\/section>\n<section style=\"margin-bottom: 40px\">\n<h2 style=\"color: #1a365d;font-size: 28px;border-bottom: 3px solid #3182ce;padding-bottom: 10px;margin-bottom: 20px\">Emp\u012brisk\u0101 valid\u0101cija un veiktsp\u0113jas r\u0101d\u012bt\u0101ji<\/h2>\n<p style=\"font-size: 16px;margin-bottom: 15px\">Apgalvojums par 50 000 ievilkumiem nav tikai m\u0101rketinga apl\u0113se; tas ir ieg\u016bts no stingriem emp\u012briskiem p\u0101rbaudes protokoliem, kas veikti kontrol\u0113t\u0101s vides kamer\u0101s. Izmantojot automatiz\u0113tas pneimatisk\u0101s p\u0101rbaudes iek\u0101rtas, kas kalibr\u0113tas atbilsto\u0161i standarta pat\u0113r\u0113t\u0101ju ieelpo\u0161anas r\u0101d\u012bt\u0101jiem (parasti 1,5 l\u012bdz 2,0 sekun\u017eu ilgs ievilkums ar noteiktu pl\u016bsmas \u0101trumu), aparat\u016bra past\u0101v\u012bgi demonstr\u0113 iev\u0113rojamu iztur\u012bbu.<\/p>\n<p style=\"font-size: 16px;margin-bottom: 15px\">\u0160o neatkar\u012bgo valid\u0101cijas ciklu laik\u0101 tiek uzraudz\u012bta 17350 \u0161\u016bnas izl\u0101des l\u012bkne, lai nodro\u0161in\u0101tu, ka 1,0 \u03a9 re\u017e\u0123a spole sa\u0146em vienm\u0113r\u012bgu sprieguma izvadi. Tas nov\u0113r\u0161 apkures elementa degrad\u0101ciju, nodro\u0161inot, ka gala aktiviz\u0113\u0161ana ir tikpat vienm\u0113r\u012bga un stabila k\u0101 pirm\u0101. Inteli\u0123ent\u0101 akumulatoru p\u0101rvald\u012bbas sist\u0113ma (BMS) nov\u0113r\u0161 dzi\u013cu izl\u0101di, kas ir \u013coti svar\u012bga, lai saglab\u0101tu uzl\u0101d\u0113jam\u0101 litija jonu kodola \u0137\u012bmisko integrit\u0101ti t\u0101 paredz\u0113t\u0101 kalpo\u0161anas cikla laik\u0101.<\/p>\n<\/section>\n<div style=\"background: linear-gradient(135deg, #ebf8ff 0%, #bee3f8 100%);border-left: 6px solid #2b6cb0;padding: 25px;margin: 30px 0;border-radius: 0 8px 8px 0\">\n<h3 style=\"color: #2b6cb0;margin-top: 0;font-size: 22px;align-items: center\"><span style=\"margin-right: 10px\">\ud83d\udca1<\/span> Zin\u0101tnisk\u0101 zin\u0101\u0161anas punkts: Si\u017e\u0146u spole termodinamika<\/h3>\n<p style=\"font-size: 15px;color: #2d3748;margin-bottom: 10px\">Tradicion\u0101l\u0101s apa\u013c\u0101s stieples spir\u0101les koncentr\u0113 siltumener\u0123iju koncentr\u0113t\u0101 spir\u0101l\u0113, kas var izrais\u012bt nevienm\u0113r\u012bgu sild\u012b\u0161anu un priek\u0161laic\u012bgu kapil\u0101r\u0101 materi\u0101la nogurumu. BANG KING izmanto in\u017eenieriz\u0113tu 1,0 \u03a9 re\u017e\u0123a sild\u012b\u0161anas elementu. \u0160\u012b re\u017e\u0123im l\u012bdz\u012bg\u0101 met\u0101la strukt\u016bra eksponenci\u0101li palielina funkcion\u0101lo virsmas laukumu, kas saskaras ar pies\u0101tin\u0101to serdi.<\/p>\n<p style=\"font-size: 15px;color: #2d3748;margin-bottom: 0\">Rezult\u0101ts: Kad 850 mAh akumulators pieg\u0101d\u0101 ener\u0123iju, siltuma slodze tiek vienm\u0113r\u012bgi sadal\u012bta pa visu re\u017e\u0123i milisekund\u0113s. \u0160is \u0101trs, vienveid\u012bgs sild\u012b\u0161ana likvid\u0113 lokaliz\u0113t\u0101s karst\u0101s zonas, maksim\u0101li palielinot aerosola veido\u0161an\u0101s efektivit\u0101ti un pieg\u0101d\u0101jot vienm\u0113r\u012bgi bl\u012bvu, gludu m\u0101ko\u0146a profilu, vienlaikus saglab\u0101jot ier\u012bces iek\u0161\u0113jos komponentus.<\/p>\n<\/div>\n<section style=\"margin-bottom: 40px\">\n<h2 style=\"color: #1a365d;font-size: 28px;border-bottom: 3px solid #3182ce;padding-bottom: 10px;margin-bottom: 20px\">Piln\u012bg\u0101 divu sajaukumu meistaru l\u012bnij\u0101<\/h2>\n<p style=\"font-size: 16px;margin-bottom: 15px\">Vielpus\u012bba ir ieb\u016bv\u0113ta pamatdizain\u0101. Divkameru sist\u0113ma \u013cauj lietot\u0101jiem neman\u0101mi p\u0101rsl\u0113gties starp diviem at\u0161\u0137ir\u012bgiem arom\u0101tiskiem profiliem, neveicot vair\u0101kas ier\u012bces. Izp\u0113tiet 12 r\u016bp\u012bgi izstr\u0101d\u0101t\u0101s kombin\u0101cijas, kas ir pieejamas nekav\u0113joties vairumtirdzniec\u012bb\u0101:<\/p>\n<ul style=\"list-style-type: none;padding: 0;grid-template-columns: repeat(auto-fit, minmax(300px, 1fr));gap: 15px\">\n<li style=\"background: #f8fafc;padding: 15px 20px;border-radius: 8px;border: 1px solid #e2e8f0;font-weight: 500;color: #4a5568\"><span style=\"color: #3182ce;margin-right: 8px\">1.<\/span> \u016adensmelones sald\u0113jums \/ Melle\u0146u piparm\u0113tra<\/li>\n<li style=\"background: #f8fafc;padding: 15px 20px;border-radius: 8px;border: 1px solid #e2e8f0;font-weight: 500;color: #4a5568\"><span style=\"color: #3182ce;margin-right: 8px\">2.<\/span> \u016adensmelone \/ Mellenes \u0136irsis<\/li>\n<li style=\"background: #f8fafc;padding: 15px 20px;border-radius: 8px;border: 1px solid #e2e8f0;font-weight: 500;color: #4a5568\"><span style=\"color: #3182ce;margin-right: 8px\">3.<\/span> Mellenes Aukst\u0101 \/ Persiks Mango Arb\u016bzs<\/li>\n<li style=\"background: #f8fafc;padding: 15px 20px;border-radius: 8px;border: 1px solid #e2e8f0;font-weight: 500;color: #4a5568\"><span style=\"color: #3182ce;margin-right: 8px\">4.<\/span> Mellenes ledus \/ Persiku ledus<\/li>\n<li style=\"background: #f8fafc;padding: 15px 20px;border-radius: 8px;border: 1px solid #e2e8f0;font-weight: 500;color: #4a5568\"><span style=\"color: #3182ce;margin-right: 8px\">5.<\/span> Mellenes \/ Kazenes \/ Jauktu ogu<\/li>\n<li style=\"background: #f8fafc;padding: 15px 20px;border-radius: 8px;border: 1px solid #e2e8f0;font-weight: 500;color: #4a5568\"><span style=\"color: #3182ce;margin-right: 8px\">6.<\/span> Mellenes Ave\u0146u \/ V\u012bnogu Ledus<\/li>\n<li style=\"background: #f8fafc;padding: 15px 20px;border-radius: 8px;border: 1px solid #e2e8f0;font-weight: 500;color: #4a5568\"><span style=\"color: #3182ce;margin-right: 8px\">7.<\/span> Red Bull \/ Zeme\u0146u Ban\u0101ns<\/li>\n<li style=\"background: #f8fafc;padding: 15px 20px;border-radius: 8px;border: 1px solid #e2e8f0;font-weight: 500;color: #4a5568\"><span style=\"color: #3182ce;margin-right: 8px\">8.<\/span> Red Bull \/ Zil\u0101 \u0112rk\u0161\u0137ogu Arb\u016bzs<\/li>\n<li style=\"background: #f8fafc;padding: 15px 20px;border-radius: 8px;border: 1px solid #e2e8f0;font-weight: 500;color: #4a5568\"><span style=\"color: #3182ce;margin-right: 8px\">9.<\/span> Zeme\u0146u Mango \/ Arb\u016bzu Ko\u0161\u013c\u0101jam\u0101 Gumija<\/li>\n<li style=\"background: #f8fafc;padding: 15px 20px;border-radius: 8px;border: 1px solid #e2e8f0;font-weight: 500;color: #4a5568\"><span style=\"color: #3182ce;margin-right: 8px\">10.<\/span> Zeme\u0146u Mango \/ Zeme\u0146u Kiwi<\/li>\n<li style=\"background: #f8fafc;padding: 15px 20px;border-radius: 8px;border: 1px solid #e2e8f0;font-weight: 500;color: #4a5568\"><span style=\"color: #3182ce;margin-right: 8px\">11.<\/span> Zeme\u0146u Arb\u016bzs \/ Melnais P\u016b\u0137is Ledus<\/li>\n<li style=\"background: #f8fafc;padding: 15px 20px;border-radius: 8px;border: 1px solid #e2e8f0;font-weight: 500;color: #4a5568\"><span style=\"color: #3182ce;margin-right: 8px\">12.<\/span> Zeme\u0146u arb\u016bzs \/ kivi pasifloras gvajava<\/li>\n<\/ul>\n<\/section>\n<section style=\"margin-bottom: 40px\">\n<h2 style=\"color: #1a365d;font-size: 28px;border-bottom: 3px solid #3182ce;padding-bottom: 10px;margin-bottom: 20px\">Komerci\u0101l\u0101 vairumtirdzniec\u012bba un lo\u0123istikas infrastrukt\u016bra<\/h2>\n<p style=\"font-size: 16px;margin-bottom: 15px\">B2B partneriem, mazumtirdzniec\u012bbas operatoriem un komerci\u0101liem pirc\u0113jiem VapeXYZ pied\u0101v\u0101 racionaliz\u0113tus iepirk\u0161an\u0101s risin\u0101jumus. K\u0101 atz\u012bts nozares izplat\u012bt\u0101js ar izveidotu Eiropas pieg\u0101des \u0137\u0113di, m\u0113s nodro\u0161in\u0101m, ka katra vienreizlietojamo vape nos\u016bt\u012b\u0161ana atbilst stingriem starptautiskiem atbilst\u012bbas standartiem, ieskaitot CE un RoHS sertifik\u0101cijas elektronisk\u0101 aparat\u016bras dro\u0161\u012bbai. Turkl\u0101t m\u0113s akt\u012bvi konsult\u0113jam par re\u0123ion\u0101laj\u0101m atkritumu elektrisko un elektronisko iek\u0101rtu (WEEE) direkt\u012bv\u0101m, lai pal\u012bdz\u0113tu m\u016bsu partneriem pareizi p\u0101rvald\u012bt ier\u012b\u010du likvid\u0113\u0161anu dz\u012bves cikla beig\u0101s.<\/p>\n<p style=\"font-size: 16px;font-weight: bold;margin-bottom: 10px;color: #2d3748\">Standartiz\u0113ti iepakojuma izm\u0113ri lielapm\u0113ra lo\u0123istikai:<\/p>\n<ul style=\"padding: 0\">\n<li style=\"background: #ffffff;padding: 12px 20px;border-left: 4px solid #4299e1;margin-bottom: 8px\">Viena vien\u012bbas svars: ~133 grami (Prec\u012bzi nosv\u0113rtas nos\u016bt\u012b\u0161anas apr\u0113\u0137iniem)<\/li>\n<li style=\"background: #ffffff;padding: 12px 20px;border-left: 4px solid #4299e1;margin-bottom: 8px\">10 da\u013cu iek\u0161\u0113j\u0101 kartona k\u0101rba: ~1,33 kilogrami<\/li>\n<li style=\"background: #ffffff;padding: 12px 20px;border-left: 4px solid #4299e1;margin-bottom: 8px\">100-Gabalu Maestera Kaste: Izm\u0113ri 61,5 \u00d7 28 \u00d7 18 cm | Bruto Svars: ~14 kilogrami<\/li>\n<li style=\"background: #ffffff;padding: 12px 20px;border-left: 4px solid #4299e1;margin-bottom: 8px\">200 gabalu lielas ietilp\u012bbas galvenais iepakojums: izm\u0113ri 61,5 \u00d7 28 \u00d7 34,5 cm | Bruto masa: ~28 kilogrami<\/li>\n<\/ul>\n<p style=\"font-size: 16px;margin-top: 15px\">Sadarb\u012bb\u0101 ar VapeXYZ uz\u0146\u0113mumi atblo\u0137\u0113 konkur\u0113tsp\u0113j\u012bgu pak\u0101penisku cenu noteik\u0161anu, \u012bpa\u0161u muitas atbr\u012bvo\u0161anas atbalstu tranz\u012bta aizkav\u0113jumu mazin\u0101\u0161anai un pa\u0101trin\u0101tu pieg\u0101des t\u012bklu, kas aptver visu Eiropas tirgu.<\/p>\n<\/section>\n<section style=\"margin-bottom: 40px;background: #fafafa;padding: 30px;border-radius: 12px;border: 1px solid #eaeaea\">\n<h3 style=\"color: #2c5282;font-size: 24px;margin-bottom: 25px;text-align: center\">Bie\u017ei uzdotie jaut\u0101jumi (FAQ)<\/h3>\n<details style=\"margin-bottom: 15px;background: #ffffff;border-radius: 8px;overflow: hidden\">\n<summary style=\"padding: 18px 20px;font-size: 18px;font-weight: 600;cursor: pointer;color: #2d3748\">K\u0101 divkameru rezervu\u0101rs funkcion\u0113 bez \u0161\u0137\u0113rsinfic\u0113\u0161an\u0101s?<\/summary>\n<div style=\"padding: 0 20px 20px 20px;font-size: 16px;color: #4a5568;line-height: 1.6\">BANG KING izmanto progres\u012bvu mikrofluidisk\u0101s atdal\u012b\u0161anas in\u017eenieriju. 50 mL ietilp\u012bba ir sadal\u012bta div\u0101s perfekti nosl\u0113gt\u0101s 25 mL kamer\u0101s, kas veidotas no \u0137\u012bmiski iztur\u012bga PCTG. Meh\u0101nisk\u0101 p\u0101rsl\u0113g\u0161anas svira ier\u012bces mut\u0113 izol\u0113 gaisa pl\u016bsmas un kapil\u0101r\u0101s ce\u013cus, nodro\u0161inot, ka divi arom\u0101tiskie mais\u012bjumi nekad nesajaucas tvertn\u0113, saglab\u0101jot katra profila t\u012br\u012bbu.<\/div>\n<\/details>\n<details style=\"margin-bottom: 15px;background: #ffffff;border-radius: 8px;overflow: hidden\">\n<summary style=\"padding: 18px 20px;font-size: 18px;font-weight: 600;cursor: pointer;color: #2d3748\">K\u0101du inform\u0101ciju nodro\u0161ina digit\u0101lais displejs lieto\u0161anas laik\u0101?<\/summary>\n<div style=\"padding: 0 20px 20px 20px;font-size: 16px;color: #4a5568;line-height: 1.6\">Integr\u0113tais OLED ekr\u0101ns darbojas k\u0101 darb\u012bbas telemetrijas centrs. Tas nodro\u0161ina re\u0101llaika, apgaismotu atliku\u0161\u0101s 850 mAh akumulatora kapacit\u0101tes procentu\u0101lo r\u0101d\u012bjumu, k\u0101 ar\u012b progres\u012bvu vizu\u0101lu indikatoru atliku\u0161\u0101 \u0161\u0137\u012bduma l\u012bme\u0146iem rezervu\u0101ros. Tas piln\u012bb\u0101 nov\u0113r\u0161 min\u0113jumus, kas tradicion\u0101li saist\u012bti ar standarta vienreizlietojam\u0101m vape ier\u012bc\u0113m, \u013caujot jums proakt\u012bvi uzl\u0101d\u0113t vai nomain\u012bt ier\u012bci.<\/div>\n<\/details>\n<details style=\"margin-bottom: 15px;background: #ffffff;border-radius: 8px;overflow: hidden\">\n<summary style=\"padding: 18px 20px;font-size: 18px;font-weight: 600;cursor: pointer;color: #2d3748\">Vai ier\u012bce ir optimiz\u0113ta da\u017e\u0101diem ieelpo\u0161anas stiliem?<\/summary>\n<div style=\"padding: 0 20px 20px 20px;font-size: 16px;color: #4a5568;line-height: 1.6\">J\u0101. Izmantojot prec\u012bzu \u0161\u0137idrumu dinamikas test\u0113\u0161anu, tika izstr\u0101d\u0101ts apak\u0161\u0113jais regul\u0113jams gaisa pl\u016bsmas v\u0101rsts. Lietot\u0101ji var meh\u0101niski ierobe\u017eot gaisa iepl\u016bdi, lai simul\u0113tu cie\u0161u, ierobe\u017eotu ieelpu, vai piln\u012bb\u0101 atv\u0113rt v\u0101rstu, lai nodro\u0161in\u0101tu maksim\u0101lu aer\u0101ciju un tvaika bl\u012bvumu. \u0160\u012b aparat\u016bras piel\u0101gojam\u012bba padara to piem\u0113rotu gan lietot\u0101jiem, kuri p\u0101riet uz jaunu l\u012bmeni, gan pieredz\u0113ju\u0161iem entuziastiem.<\/div>\n<\/details>\n<details style=\"margin-bottom: 15px;background: #ffffff;border-radius: 8px;overflow: hidden\">\n<summary style=\"padding: 18px 20px;font-size: 18px;font-weight: 600;cursor: pointer;color: #2d3748\">K\u0101p\u0113c izv\u0113l\u0113ties VapeXYZ k\u0101 komerci\u0101lo izplat\u012b\u0161anas partneri?<\/summary>\n<div style=\"padding: 0 20px 20px 20px;font-size: 16px;color: #4a5568;line-height: 1.6\">VapeXYZ pied\u0101v\u0101 vair\u0101k nek\u0101 8 gadu specializ\u0113tas B2B lo\u0123istikas pieredzes. M\u0113s garant\u0113jam katra BANG KING vien\u012bbas autentiskumu, ko var p\u0101rbaud\u012bt, izmantojot ra\u017eot\u0101ja partiju kodus. M\u0113s pied\u0101v\u0101jam \u013coti pieejamu minim\u0101lo pas\u016bt\u012bjuma daudzumu (MOQ) tikai 10 vien\u012bbas, lai atbalst\u012btu mazos mazumtirgot\u0101jus, vienlaikus nodro\u0161inot pla\u0161as noliktavu iesp\u0113jas, kas nepiecie\u0161amas lielu vair\u0101ku paletu pas\u016bt\u012bjumu apstr\u0101dei re\u0123ion\u0101lajiem izplat\u012bt\u0101jiem. Visos s\u016bt\u012bjumos ir iek\u013cauta visaptvero\u0161a izseko\u0161ana un muitas dokument\u0101cija.<\/div>\n<\/details>\n<\/section>\n<\/article>","protected":false},"excerpt":{"rendered":"<p>BANG KING 50000 Puffs DSK042 Divk\u0101r\u0161\u0101s Gar\u0161as ir zemas stipr\u012bbas, uzl\u0101d\u0113jams vienreizlietojams vape ar milz\u012bgu 50ml ietilp\u012bbu, divk\u0101r\u0161\u0101m sietu spol\u0113m, regul\u0113jamu gaisa pl\u016bsmu un div\u0101m bag\u0101t\u0101m gar\u0161\u0101m vien\u0101 ier\u012bc\u0113 \u2013 ide\u0101li piem\u0113rots lieliem vairumtirdzniec\u012bbas pirkumiem VapeXYZ.<\/p>","protected":false},"featured_media":52316,"comment_status":"open","ping_status":"closed","template":"","meta":{"_lmt_disableupdate":"no","_lmt_disable":""},"product_brand":[],"product_cat":[821,1012,947,935,934,927,929,928,930,933,939,932,938,931,936,937,1017,949,946,951,953,820,987],"product_tag":[],"class_list":{"0":"post-52259","1":"product","2":"type-product","3":"status-publish","4":"has-post-thumbnail","6":"product_cat-bang","7":"product_cat-50000-puff-vapes","8":"product_cat-big-puffs-vapes","9":"product_cat-bulk-buy-disposable-vapes-in-austria","10":"product_cat-bulk-buy-disposable-vapes-in-belgium","11":"product_cat-bulk-buy-disposable-vapes-in-europe","12":"product_cat-bulk-buy-disposable-vapes-in-france","13":"product_cat-bulk-buy-disposable-vapes-in-germany","14":"product_cat-bulk-buy-disposable-vapes-in-italy","15":"product_cat-bulk-buy-disposable-vapes-in-netherlands","16":"product_cat-bulk-buy-disposable-vapes-in-norway","17":"product_cat-bulk-buy-disposable-vapes-in-poland","18":"product_cat-bulk-buy-disposable-vapes-in-portugal","19":"product_cat-bulk-buy-disposable-vapes-in-spain","20":"product_cat-bulk-buy-disposable-vapes-in-sweden","21":"product_cat-bulk-buy-disposable-vapes-in-switzerland","22":"product_cat-buy-best-disposable-vape-flavors","23":"product_cat-digital-box-vapes","24":"product_cat-disposable-vapes-series","25":"product_cat-lower-nicotine-vapes","26":"product_cat-rechargeable-vapes","27":"product_cat-vape","28":"product_cat-vape-shop-by-puffs","30":"first","31":"instock","32":"shipping-taxable","33":"purchasable","34":"product-type-variable","35":"has-default-attributes"},"jetpack_sharing_enabled":true,"tiered_pricing_type":"fixed","tiered_pricing_fixed_rules":[],"tiered_pricing_product_settings":{"layout":"default","base_unit_name":{"singular":null,"plural":null},"default_variation":null},"tiered_pricing_minimum_quantity":null,"tiered_pricing_roles_data":[],"tiered_pricing_percentage_rules":[],"tiered_pricing_maximum_quantity":null,"tiered_pricing_quantity_step":null,"_links":{"self":[{"href":"https:\/\/vapexyz.com\/lv\/wp-json\/wp\/v2\/product\/52259","targetHints":{"allow":["GET"]}}],"collection":[{"href":"https:\/\/vapexyz.com\/lv\/wp-json\/wp\/v2\/product"}],"about":[{"href":"https:\/\/vapexyz.com\/lv\/wp-json\/wp\/v2\/types\/product"}],"replies":[{"embeddable":true,"href":"https:\/\/vapexyz.com\/lv\/wp-json\/wp\/v2\/comments?post=52259"}],"wp:featuredmedia":[{"embeddable":true,"href":"https:\/\/vapexyz.com\/lv\/wp-json\/wp\/v2\/media\/52316"}],"wp:attachment":[{"href":"https:\/\/vapexyz.com\/lv\/wp-json\/wp\/v2\/media?parent=52259"}],"wp:term":[{"taxonomy":"product_brand","embeddable":true,"href":"https:\/\/vapexyz.com\/lv\/wp-json\/wp\/v2\/product_brand?post=52259"},{"taxonomy":"product_cat","embeddable":true,"href":"https:\/\/vapexyz.com\/lv\/wp-json\/wp\/v2\/product_cat?post=52259"},{"taxonomy":"product_tag","embeddable":true,"href":"https:\/\/vapexyz.com\/lv\/wp-json\/wp\/v2\/product_tag?post=52259"}],"curies":[{"name":"wp","href":"https:\/\/api.w.org\/{rel}","templated":true}]}}