{"id":50070,"date":"2025-08-01T08:54:28","date_gmt":"2025-08-01T08:54:28","guid":{"rendered":"https:\/\/vapexyz.com\/?post_type=product&#038;p=50070"},"modified":"2026-03-05T03:55:05","modified_gmt":"2026-03-05T03:55:05","slug":"lielapjoma-vairumtirdznieciba-premium-kvalitates-razz-bar-45000-puff-ista-vienreizlietojama-vape-ar-zemu-nikotina-saturu","status":"publish","type":"product","link":"https:\/\/vapexyz.com\/lv\/product\/bulk-wholesale-premium-quality-razz-bar-45000-puff-authentic-disposable-vape-low-nicotine\/","title":{"rendered":"RAZZ BAR 45000 Puff Vienreiz\u0113j\u0101s Lieto\u0161anas Vape Izk\u0101rtne Vairumtirdzniec\u012bb\u0101"},"content":{"rendered":"<article style=\"font-family: 'Segoe UI', Roboto, Helvetica, Arial, sans-serif; line-height: 1.8; color: #2c3e50; max-width: 100%; margin: 0 auto; padding: 20px;\">\n<h2 style=\"color: #1a252f; border-bottom: 2px solid #3498db; padding-bottom: 10px; margin-top: 30px;\">Paceliet savu vairumtirdzniec\u012bbas kr\u0101jumu: RAZZ BAR 45000 Puff vienreiz\u0113j\u0101s lieto\u0161anas vape<\/h2>\n<p style=\"margin-bottom: 15px;\">Laipni l\u016bdzam VapeXYZ, j\u016bsu galveno digit\u0101lo izplat\u012b\u0161anas centru un uzticamu glob\u0101lu partneri augstas ietilp\u012bbas vienreizlietojamiem vape produktiem. Ar vair\u0101k nek\u0101 asto\u0146iem gadiem dokument\u0113tas operacion\u0101l\u0101s izcil\u012bbas starptautiskaj\u0101 tirg\u016b, m\u0113s esam izveidoju\u0161i stabilu pieg\u0101des \u0137\u0113des t\u012bklu, kas apkalpo komerci\u0101los mazumtirgot\u0101jus un lielos pirc\u0113jus vis\u0101 V\u0101cij\u0101, N\u012bderland\u0113, Be\u013c\u0123ij\u0101, Sp\u0101nij\u0101, Francij\u0101, Portug\u0101l\u0113, Polij\u0101, It\u0101lij\u0101 un t\u0101l\u0101k. K\u0101 ofici\u0101li pilnvaroti t\u0101du vado\u0161o nozares z\u012bmolu k\u0101 BANG BOX, WASPE, UWIN, BIMO, RandM, BANG, VOZOL, Elf Box un MYDE izplat\u012bt\u0101ji, m\u0113s aizpild\u0101m plaisu starp augst\u0101k\u0101s kvalit\u0101tes ra\u017eo\u0161anu un mazumtirdzniec\u012bbas piepras\u012bjumu.<\/p>\n<p style=\"margin-bottom: 15px;\">M\u0113s esam specializ\u0113ts vairumtirdzniec\u012bbas izplat\u012bt\u0101js, kas ap\u0146em\u0101s nodro\u0161in\u0101t autentiskus vienreiz\u0113j\u0101s lieto\u0161anas vape produktus \u013coti konkur\u0113tsp\u0113j\u012bg\u0101s cenas punktos. Saglab\u0101jot minim\u0101lo pas\u016bt\u012bjuma daudzumu (MOQ) tikai 10 gabalos, m\u0113s dodam iesp\u0113ju visu lielumu uz\u0146\u0113mumiem piek\u013c\u016bt premium kr\u0101jumiem tie\u0161i no vairumtirdzniec\u012bbas kan\u0101liem. \u0160odien m\u0113s lepojamies ar to, ka sav\u0101 katalog\u0101 prezent\u0113jam in\u017eenierijas br\u012bnumu: RAZZ BAR 45000 Puff. \u0160\u012b ier\u012bce p\u0101rst\u0101v m\u016bsdienu iztvaiko\u0161anas tehnolo\u0123ijas virsotni, r\u016bp\u012bgi izstr\u0101d\u0101tu, lai no jauna defin\u0113tu \u0113rt\u012bbu, konsekventu veiktsp\u0113ju un sensorisku apmierin\u0101jumu gala pat\u0113r\u0113t\u0101jam.<\/p>\n<h2 style=\"color: #1a252f; border-bottom: 2px solid #3498db; padding-bottom: 10px; margin-top: 40px;\">In\u017eenierijas Izcil\u012bba: Tehnisk\u0101s Specifik\u0101cijas un Ekspert\u012bze<\/h2>\n<p style=\"margin-bottom: 15px;\">RAZZ BAR 45000 Puff nav tikai standarta ier\u012bce; t\u0101 ir stingras izp\u0113tes un izstr\u0101des produkts, kas izveidots, lai atbilstu m\u016bsdienu vienreiz\u0113j\u0101s lieto\u0161anas vape tirgus stingraj\u0101m pras\u012bb\u0101m. Zem\u0101k ir visaptvero\u0161a sadal\u012b\u0161ana struktur\u0101lajiem un meh\u0101niskajiem elementiem, kas nosaka t\u0101s p\u0101r\u0101kumu:<\/p>\n<table style=\"width: 100%; border-collapse: collapse; margin: 25px 0; font-size: 0.95em; box-shadow: 0 0 20px rgba(0, 0, 0, 0.05); background-color: #ffffff;\">\n<thead>\n<tr style=\"background-color: #3498db; color: #ffffff; text-align: left;\">\n<th style=\"padding: 15px; border: 1px solid #2980b9;\">Specifik\u0101cija<\/th>\n<th style=\"padding: 15px; border: 1px solid #2980b9;\">Tehnisk\u0101 inform\u0101cija<\/th>\n<th style=\"padding: 15px; border: 1px solid #2980b9;\">Operacion\u0101l\u0101 priek\u0161roc\u012bba<\/th>\n<\/tr>\n<\/thead>\n<tbody>\n<tr style=\"border-bottom: 1px solid #dddddd;\">\n<td style=\"padding: 15px; font-weight: bold;\">Aktiviz\u0101cijas jauda<\/td>\n<td style=\"padding: 15px;\">L\u012bdz 45 000 vilkumu vien\u012bbai<\/td>\n<td style=\"padding: 15px;\">Palielina ier\u012bces kalpo\u0161anas laiku, krasi samazinot pat\u0113r\u0113t\u0101ju nomai\u0146as bie\u017eumu.<\/td>\n<\/tr>\n<tr style=\"background-color: #f9f9f9; border-bottom: 1px solid #dddddd;\">\n<td style=\"padding: 15px; font-weight: bold;\">Akumulatora arhitekt\u016bra<\/td>\n<td style=\"padding: 15px;\">650mAh A-klases litija jonu (atg\u016bstams)<\/td>\n<td style=\"padding: 15px;\">Nodro\u0161ina stabilu sprieguma izvadi (3,7 V nomin\u0101l\u0101) vis\u0101 produkta dz\u012bves cikl\u0101.<\/td>\n<\/tr>\n<tr style=\"border-bottom: 1px solid #dddddd;\">\n<td style=\"padding: 15px; font-weight: bold;\">Uzl\u0101des interfeiss<\/td>\n<td style=\"padding: 15px;\">Type-C USB (5V\/1A ieeja)<\/td>\n<td style=\"padding: 15px;\">Atvieglina \u0101tru, efekt\u012bvu jaudas papildin\u0101\u0161anu, lai nov\u0113rstu d\u012bkst\u0101vi.<\/td>\n<\/tr>\n<tr style=\"background-color: #f9f9f9; border-bottom: 1px solid #dddddd;\">\n<td style=\"padding: 15px; font-weight: bold;\">Sild\u012b\u0161anas elements<\/td>\n<td style=\"padding: 15px;\">Uzlabota 1,2 omu acu spole<\/td>\n<td style=\"padding: 15px;\">Palielina virsmas laukumu vienm\u0113r\u012bgai siltuma sadalei, nov\u0113r\u0161ot saus\u0101s iedarb\u012bbas.<\/td>\n<\/tr>\n<tr style=\"border-bottom: 1px solid #dddddd;\">\n<td style=\"padding: 15px; font-weight: bold;\">Koncentr\u0101cijas iesp\u0113jas<\/td>\n<td style=\"padding: 15px;\">2% (20mg\/ml) vai 5% (50mg\/ml) uz s\u0101ls b\u0101zes<\/td>\n<td style=\"padding: 15px;\">Nodro\u0161ina daudzpus\u012bbu da\u017e\u0101d\u0101m pat\u0113r\u0113t\u0101ju stipruma v\u0113lm\u0113m.<\/td>\n<\/tr>\n<\/tbody>\n<\/table>\n<h3 style=\"color: #2c3e50; margin-top: 30px;\">Emp\u012briskie dati: laboratorijas p\u0101rbaude un veiktsp\u0113jas p\u0101rbaude<\/h3>\n<p style=\"margin-bottom: 15px;\">Lai nodro\u0161in\u0101tu, ka apgalvojumi atbilst realit\u0101tei, RAZZ BAR tiek pak\u013cauts stingriem emp\u012briskiem p\u0101rbaudes protokoliem. Nor\u0101d\u012bt\u0101 45 000 ieelpu kapacit\u0101te nav patva\u013c\u012bga apl\u0113se, bet gan r\u0101d\u012bt\u0101js, kas ieg\u016bts kontrol\u0113tos laboratorijas apst\u0101k\u013cos. Izmantojot automatiz\u0113tu pneimatisku vilkmes p\u0101rbaudes iek\u0101rtu, kas kalibr\u0113ta p\u0113c standartiz\u0113tiem parametriem (parasti 1,5 sekun\u017eu ilga ieelpa ar specifiskiem interv\u0101liem), in\u017eenieri p\u0101rbauda iek\u0161\u0113j\u0101s formulas pat\u0113ri\u0146a un akumulatora iztur\u012bbas konsistenci.<\/p>\n<div style=\"background-color: #e8f4f8; border-left: 6px solid #2980b9; padding: 20px; margin: 25px 0; border-radius: 0 8px 8px 0;\">\n<h4 style=\"margin-top: 0; color: #1a252f; font-size: 1.1em;\">Zin\u0101\u0161anu punkts: Meh\u0101nisk\u0101s spoles tehnolo\u0123ijas zin\u0101tne<\/h4>\n<p style=\"margin-bottom: 0;\">Tradicion\u0101l\u0101s stieples spoles bie\u017ei cie\u0161 no nevienm\u0113r\u012bgas apkures, k\u0101 rezult\u0101t\u0101 laika gait\u0101 pasliktin\u0101s veiktsp\u0113ja. RAZZ BAR izmanto mikroaustu sietu re\u017e\u0123i ar 1,2 omu pretest\u012bbu. \u0160is konstrukcijas dizains krasi palielina akt\u012bvo apkures virsmas laukumu. No termodinamisk\u0101 viedok\u013ca tas nodro\u0161ina \u0101tru, vienm\u0113r\u012bgu iek\u0161\u0113j\u0101s \u0161\u0137\u012bduma iztvaiko\u0161anu zem\u0101k\u0101 kop\u0113j\u0101 temperat\u016br\u0101, k\u0101 rezult\u0101t\u0101 tiek ieg\u016bts perfekti l\u012bdzsvarots aerosola izvads, kas saglab\u0101 savu integrit\u0101ti no pirm\u0101s l\u012bdz 45 000. vilk\u0161anai.<\/p>\n<\/div>\n<h2 style=\"color: #1a252f; border-bottom: 2px solid #3498db; padding-bottom: 10px; margin-top: 40px;\">Aromu simfonija: 16 r\u016bp\u012bgi izstr\u0101d\u0101ti mais\u012bjumi<\/h2>\n<p style=\"margin-bottom: 15px;\">Vienreizlietojamo vape ier\u012b\u010du konkurences vid\u0113 sensor\u0101 pieredze ir \u0101rk\u0101rt\u012bgi svar\u012bga. RAZZ BAR s\u0113rija pied\u0101v\u0101 izsmalcin\u0101tu 16 at\u0161\u0137ir\u012bgu gar\u0161as profilu katalogu, kas formul\u0113ti, izmantojot augstas t\u012br\u012bbas pak\u0101pes, p\u0101rtikas kvalit\u0101tes izejvielas. Katra opcija tiek pak\u013cauta stingrai stabilit\u0101tes p\u0101rbaudei, lai nodro\u0161in\u0101tu, ka arom\u0101ts nesaboj\u0101jas pat p\u0113c ned\u0113\u013c\u0101m ilgas lieto\u0161anas.<\/p>\n<ol style=\"margin: 20px 0; padding-left: 20px;\">\n<li style=\"margin-bottom: 12px; padding-left: 10px;\"><strong>T\u012b\u0123era asinis:<\/strong> Augsti izstr\u0101d\u0101ta krisp\u012bga arb\u016bza, asu citrusaug\u013cu un nogatavoju\u0161os mango kombin\u0101cija, k\u0101 rezult\u0101t\u0101 ieg\u016bst drosm\u012bgu tropisku mais\u012bjumu, kas nodro\u0161ina konsekventu, daudzsl\u0101\u0146u profilu.<\/li>\n<li style=\"margin-bottom: 12px; padding-left: 10px;\"><strong>Zeme\u0146u ledus:<\/strong> Prec\u012bzi sabalans\u0113ts mais\u012bjums, izmantojot dabiskus zeme\u0146u ekstraktus, nosl\u0113dzot ar zin\u0101tniski formul\u0113tu dzes\u0113jo\u0161u l\u012bdzekli, lai ieg\u016btu krauk\u0161\u0137\u012bgu, atsvaidzino\u0161u fini\u0161u.<\/li>\n<li style=\"margin-bottom: 12px; padding-left: 10px;\"><strong>Zeme\u0146u ban\u0101ns:<\/strong> Klasiska, gluda sapl\u016b\u0161ana, kas apvieno svaigu zeme\u0146u sk\u0101bumu ar nogatavoju\u0161\u0101s ban\u0101na bag\u0101t\u012bg\u0101m, kr\u0113m\u012bg\u0101m nokr\u0101s\u0101m.<\/li>\n<li style=\"margin-bottom: 12px; padding-left: 10px;\"><strong>Vasaras sapnis:<\/strong> Sare\u017e\u0123\u012bta aug\u013cu kombin\u0101cija, kas apvieno d\u0101rza persiku, sk\u0101bu anan\u0101su un r\u016bgtu aveti\u0146u, kas paredz\u0113ta vienlaic\u012bgai iedarb\u012bbai uz vair\u0101k\u0101m ma\u0146u receptoru grup\u0101m.<\/li>\n<li style=\"margin-bottom: 12px; padding-left: 10px;\"><strong>Tropu aug\u013ci:<\/strong> Salds un sk\u0101bs mango, papajas un pasifloras aug\u013cu mais\u012bjums, izmantojot optimiz\u0113tas formul\u0101cijas proporcijas, lai nov\u0113rstu gar\u0161as nogurumu.<\/li>\n<li style=\"margin-bottom: 12px; padding-left: 10px;\"><strong>Melle\u0146u ledus:<\/strong> Dzi\u013ca, savva\u013cas mellenes esence, ko papildina progres\u012bvs kriog\u0113nisk\u0101 stila dzes\u0113\u0161anas piesk\u0101riens maksim\u0101lai izelpas skaidr\u012bbai.<\/li>\n<li style=\"margin-bottom: 12px; padding-left: 10px;\"><strong>Dz\u012bvsarkana persiku kr\u0101sa:<\/strong> Sp\u0113c\u012bgs, nogadisks persiku profils sistem\u0101tiski savienots ar gludu, v\u0113so v\u0113smu, lai uzlabotu dabisko saldumu.<\/li>\n<li style=\"margin-bottom: 12px; padding-left: 10px;\"><strong>Zeme\u0146u ave\u0146u \u0137ir\u0161u ledus:<\/strong> Sare\u017e\u0123\u012bta, tr\u012bs ogu matrica, kas l\u012bdzsvaro sk\u0101bumu un saldumu, nosl\u0113gta ar krauk\u0161\u0137\u012bgu mentola l\u012bdz\u012bgu p\u0113cgar\u0161u.<\/li>\n<li style=\"margin-bottom: 12px; padding-left: 10px;\"><strong>Arb\u016bzu ledus:<\/strong> T\u012bra, nesaboj\u0101ta salda arb\u016bza b\u0101ze, stipri uzlabota ar aukstu piesk\u0101rienu intens\u012bvai atsvaidzin\u0101\u0161anai.<\/li>\n<li style=\"margin-bottom: 12px; padding-left: 10px;\"><strong>Melnais p\u016b\u0137a ledus:<\/strong> Eksotisks, tum\u0161s ogu un p\u016b\u0137a aug\u013ca sapl\u016bdiens, izstr\u0101d\u0101ts ar asu, ledainu malu patiesi unik\u0101lai ieelpo\u0161anas pieredzei.<\/li>\n<li style=\"margin-bottom: 12px; padding-left: 10px;\"><strong>M\u012blest\u012bba 66:<\/strong> Sofistic\u0113ts, arom\u0101tisks sarkano \u0101bolu un gran\u0101t\u0101bolu mais\u012bjums, sare\u017e\u0123\u012bti sav\u012bts ar viegl\u0101m, pat\u012bkam\u0101m ziedu not\u012bm.<\/li>\n<li style=\"margin-bottom: 12px; padding-left: 10px;\"><strong>Zeme\u0146u kivi:<\/strong> Augsta kontrasta sapl\u016b\u0161ana, kas apvieno zeme\u0146u dzi\u013co saldumu ar svaigas kivi asaj\u0101m, sk\u0101baj\u0101m \u012bpa\u0161\u012bb\u0101m.<\/li>\n<li style=\"margin-bottom: 12px; padding-left: 10px;\"><strong>\u0136ir\u0161u kola:<\/strong> Iztur\u012bga, prec\u012bza klasisk\u0101 g\u0101z\u0113t\u0101 dz\u0113riena atjauno\u0161ana, papildin\u0101ta ar drosm\u012bgu, tum\u0161as \u0137ir\u0161es nokr\u0101su.<\/li>\n<li style=\"margin-bottom: 12px; padding-left: 10px;\"><strong>Anan\u0101su kokosrieksts:<\/strong> Gluda, tropiska arhitekt\u016bra, kur anan\u0101sa sk\u0101bums tiek neitraliz\u0113ts ar bag\u0101t\u012bgu, kr\u0113m\u012bgu kokosriekstu b\u0101zi.<\/li>\n<li style=\"margin-bottom: 12px; padding-left: 10px;\"><strong>Citronu laims:<\/strong> \u013boti pikants, citrusaug\u013cu virziena kombin\u0101cija, kas izmanto prec\u012bzu sk\u0101buma l\u012bdzsvaru spilgtai, sk\u0101btai izvadei.<\/li>\n<li style=\"margin-bottom: 12px; padding-left: 10px;\"><strong>Bl\u016b kungs:<\/strong> Spilgti zils avik\u0161u kodols, r\u016bp\u012bgi izl\u012bdzin\u0101ts ar smalku, kr\u0113m\u012bgu vani\u013cas p\u0101rkl\u0101jumu ilgsto\u0161ai baud\u012b\u0161anai.<\/li>\n<\/ol>\n<h2 style=\"color: #1a252f; border-bottom: 2px solid #3498db; padding-bottom: 10px; margin-top: 40px;\">Iest\u0101de un uztic\u0113\u0161an\u0101s: nekompromis\u0113jo\u0161a atbilst\u012bba un ra\u017eo\u0161anas standarti<\/h2>\n<p style=\"margin-bottom: 15px;\">VapeXYZ, m\u0113s ne vien\u012bgi pa\u013caujamies uz rekl\u0101mas retoriku; m\u0113s savas darb\u012bbas balst\u0101m uz p\u0101rbaud\u0101miem dro\u0161\u012bbas un atbilst\u012bbas standartiem. Ra\u017eotnes, kas ra\u017eo m\u016bsu vienreiz\u0113j\u0101s lieto\u0161anas vape ier\u012bces, darbojas stingru ISO 9001 kvalit\u0101tes p\u0101rvald\u012bbas sist\u0113mu ietvaros. Tas nodro\u0161ina, ka katra RAZZ BAR ier\u012bce, kas tiek samont\u0113ta, atbilst stingriem starptautiskiem standartiem attiec\u012bb\u0101 uz konsekvenci un defektu samazin\u0101\u0161anu.<\/p>\n<p style=\"margin-bottom: 15px;\">Turkl\u0101t m\u016bsu ier\u012bc\u0113s eso\u0161\u0101s sast\u0101vda\u013cas atbilst CE (Conformit\u00e9 Europ\u00e9enne) un RoHS (Restriction of Hazardous Substances) direkt\u012bv\u0101m. \u0160\u012b autoritat\u012bv\u0101 dokument\u0101cija apliecina, ka izmantot\u0101s elektronisk\u0101s sh\u0113mas un materi\u0101li ir br\u012bvi no ierobe\u017eotajiem smagajiem met\u0101liem un tiek uzskat\u012bti par dro\u0161iem lietot\u0101jiem vis\u0101 Eiropas Ekonomiskaj\u0101 zon\u0101. M\u0113s ar\u012b akt\u012bvi mudin\u0101m mazumtirgot\u0101jus iev\u0113rot WEEE (Waste Electrical and Electronic Equipment) direkt\u012bvu, veicinot litija jonu akumulatoru un elektronisko atkritumu atbild\u012bgu p\u0101rstr\u0101di.<\/p>\n<h2 style=\"color: #1a252f; border-bottom: 2px solid #3498db; padding-bottom: 10px; margin-top: 40px;\">Vielumtirdzniec\u012bbas lo\u0123istika: j\u016bsu pieg\u0101\u017eu \u0137\u0113des optimiz\u0113\u0161ana<\/h2>\n<p style=\"margin-bottom: 15px;\">Izv\u0113loties VapeXYZ k\u0101 savu pieg\u0101d\u0101t\u0101ju, j\u016bs sav\u0101 biznesa model\u012b integr\u0113jat \u0101rk\u0101rt\u012bgi efekt\u012bvu lo\u0123istikas partneri. M\u0113s saprotam, ka strauji main\u012bgaj\u0101 mazumtirdzniec\u012bbas sektor\u0101 kr\u0101jumu \u0101trums ir kritisks, lai saglab\u0101tu pe\u013c\u0146u un pat\u0113r\u0113t\u0101ju apmierin\u0101t\u012bbu.<\/p>\n<ul style=\"margin: 20px 0; padding-left: 20px; list-style-type: square;\">\n<li style=\"margin-bottom: 10px;\"><strong>Strat\u0113\u0123isk\u0101 lielapjoma iepakojuma risin\u0101jumi:<\/strong> Katrs galvenais kartons satur 200 vien\u012bbas, prec\u012bzi izstr\u0101d\u0101ts, lai sv\u0113rtu tie\u0161i 23kg ar kompaktajiem izm\u0113riem 53,5 x 37,5 x 27cm. \u0160\u012b izm\u0113ru svara optimiz\u0101cija iev\u0113rojami samazina starptautisk\u0101s kravas p\u0101rvad\u0101\u0161anas izmaksas.<\/li>\n<li style=\"margin-bottom: 10px;\"><strong>Tirgus vado\u0161\u0101 ekonomika:<\/strong> Sakar\u0101 ar m\u016bsu tie\u0161aj\u0101m pieg\u0101d\u0101t\u0101ju iepirk\u0161an\u0101s strat\u0113\u0123ij\u0101m, m\u0113s pied\u0101v\u0101jam zem\u0101ko cenu garantiju. M\u0113s nodro\u0161in\u0101m lielapjoma cenas, kas tie\u0161i p\u0101rtulkojas k\u0101 maksim\u0101li palielin\u0101tas pe\u013c\u0146as mar\u017eas j\u016bsu uz\u0146\u0113mumam.<\/li>\n<li style=\"margin-bottom: 10px;\"><strong>Dro\u0161i finan\u0161u v\u0101rti:<\/strong> M\u0113s apstr\u0101d\u0101jam transakcijas caur \u013coti dro\u0161iem, SSL-\u0161ifr\u0113tiem kan\u0101liem. M\u0113s pie\u0146emam pla\u0161u re\u0123ion\u0101lo maks\u0101jumu sist\u0113mu kl\u0101stu, ieskaitot iDEAL (N\u012bderlande), Bancontact (Be\u013c\u0123ija), standarta SEPA bankas p\u0101rskait\u012bjumus vis\u0101s ES valst\u012bs, PayPal un liel\u0101s kred\u012btkartes.<\/li>\n<li style=\"margin-bottom: 10px;\"><strong>Pa\u0101trin\u0101ta, apdro\u0161in\u0101ta p\u0101rvad\u0101\u0161ana:<\/strong> Darbodamies no strat\u0113\u0123iski izvietotiem ES b\u0101z\u0113tiem noliktavu centriem, m\u016bsu piepild\u012b\u0161anas komanda apstr\u0101d\u0101 pas\u016bt\u012bjumus 48 stundu laik\u0101. Visas s\u016bt\u012bjumi tiek nos\u016bt\u012bti ar augst\u0101k\u0101s kvalit\u0101tes kurjeru pakalpojumiem ar visaptvero\u0161u tranz\u012bta apdro\u0161in\u0101\u0161anu, nodro\u0161inot piln\u012bgu j\u016bsu kapit\u0101la ieguld\u012bjumu aizsardz\u012bbu.<\/li>\n<\/ul>\n<h2 style=\"color: #1a252f; border-bottom: 2px solid #3498db; padding-bottom: 10px; margin-top: 40px;\">Bie\u017ei uzdotie jaut\u0101jumi (FAQ)<\/h2>\n<div style=\"border: 1px solid #e0e0e0; border-radius: 8px; margin-bottom: 15px; box-shadow: 0 2px 5px rgba(0,0,0,0.02);\">\n<div style=\"background-color: #f8f9fa; padding: 15px; border-bottom: 1px solid #e0e0e0; border-radius: 8px 8px 0 0; font-weight: bold; color: #2c3e50;\">1. K\u0101ds ir minim\u0101lais pas\u016bt\u012bjuma daudzums (MOQ) vairumtirdzniec\u012bbas pirkumiem?<\/div>\n<div style=\"padding: 15px; background-color: #ffffff; border-radius: 0 0 8px 8px;\">Lai atbalst\u012btu visu\u898f\u6a21 biznesu, VapeXYZ saglab\u0101 \u013coti pieejamu minim\u0101lo pas\u016bt\u012bjuma daudzumu tikai 10 vien\u012bb\u0101m. Tom\u0113r, lai maksim\u0101li palielin\u0101tu nos\u016bt\u012b\u0161anas efektivit\u0101ti un samazin\u0101tu vien\u012bbas izmaksas, m\u0113s \u013coti iesak\u0101m ieg\u0101d\u0101ties piln\u0101s kartona vien\u012bb\u0101s (200 vien\u012bbas).<\/div>\n<\/div>\n<div style=\"border: 1px solid #e0e0e0; border-radius: 8px; margin-bottom: 15px; box-shadow: 0 2px 5px rgba(0,0,0,0.02);\">\n<div style=\"background-color: #f8f9fa; padding: 15px; border-bottom: 1px solid #e0e0e0; border-radius: 8px 8px 0 0; font-weight: bold; color: #2c3e50;\">2. Vai \u0161\u012bs vienreiz\u0113j\u0101s lieto\u0161anas vape ier\u012bces atbilst Eiropas noteikumiem?<\/div>\n<div style=\"padding: 15px; background-color: #ffffff; border-radius: 0 0 8px 8px;\">J\u0101. Ier\u012bc\u0113m ir CE un RoHS sertifik\u0101ti, kas apliecina elektronisko dro\u0161\u012bbu un kait\u012bgu vielu neesam\u012bbu. Mazumtirgot\u0101ji ir atbild\u012bgi par konkr\u0113tu viet\u0113jo tirgu ierobe\u017eojumu p\u0101rbaudi attiec\u012bb\u0101 uz koncentr\u0101cijas limitiem pirms izplat\u012b\u0161anas.<\/div>\n<\/div>\n<div style=\"border: 1px solid #e0e0e0; border-radius: 8px; margin-bottom: 15px; box-shadow: 0 2px 5px rgba(0,0,0,0.02);\">\n<div style=\"background-color: #f8f9fa; padding: 15px; border-bottom: 1px solid #e0e0e0; border-radius: 8px 8px 0 0; font-weight: bold; color: #2c3e50;\">3. K\u0101 es varu zin\u0101t, ka 650mAh akumulators darbosies visu 45 000 ieelpu ilgumu?<\/div>\n<div style=\"padding: 15px; background-color: #ffffff; border-radius: 0 0 8px 8px;\">RAZZ BAR ir apr\u012bkots ar Type-C uzl\u0101d\u0113jamo saskarni. 650mAh akumulators nodro\u0161ina pietiekami daudz ener\u0123ijas ilgsto\u0161ai ikdienas lieto\u0161anai, un to var atk\u0101rtoti uzl\u0101d\u0113t, l\u012bdz iek\u0161\u0113jais formulas rezervu\u0101rs ir piln\u012bb\u0101 iztuk\u0161ots, nodro\u0161inot nulles produkta jaudas atkritumus.<\/div>\n<\/div>\n<div style=\"border: 1px solid #e0e0e0; border-radius: 8px; margin-bottom: 15px; box-shadow: 0 2px 5px rgba(0,0,0,0.02);\">\n<div style=\"background-color: #f8f9fa; padding: 15px; border-bottom: 1px solid #e0e0e0; border-radius: 8px 8px 0 0; font-weight: bold; color: #2c3e50;\">4. K\u0101di maks\u0101jumu veidi ir pieejami starptautiskajiem pirc\u0113jiem?<\/div>\n<div style=\"padding: 15px; background-color: #ffffff; border-radius: 0 0 8px 8px;\">M\u0113s pied\u0101v\u0101jam lokaliz\u0113tas, dro\u0161as transakciju metodes, tostarp SEPA bankas p\u0101rskait\u012bjumus ES klientiem, iDEAL N\u012bderlandei, Bancontact Be\u013c\u0123ijai, k\u0101 ar\u012b glob\u0101los standartus, piem\u0113ram, PayPal un liel\u0101s kred\u012btkartes, lai nodro\u0161in\u0101tu vienm\u0113r\u012bgu iepirk\u0161anos.<\/div>\n<\/div>\n<h2 style=\"color: #1a252f; border-bottom: 2px solid #3498db; padding-bottom: 10px; margin-top: 40px;\">Nodro\u0161iniet savu konkurences priek\u0161roc\u012bbu jau \u0161odien<\/h2>\n<p style=\"margin-bottom: 25px;\">Neatkar\u012bgi no t\u0101, vai j\u016bs palielin\u0101t mazumtirdzniec\u012bbas starta oper\u0101ciju vai p\u0101rvald\u0101t izplat\u012b\u0161anu jau izveidotam uz\u0146\u0113mumam, RAZZ BAR 45000 Puff ir galvenais vienreiz\u0113j\u0101s lieto\u0161anas vape, ko j\u016bsu pat\u0113r\u0113t\u0101ju b\u0101ze pieprasa. To raksturo p\u0101rbaud\u012bta in\u017eenierija, stingra dro\u0161\u012bbas atbilst\u012bba, 16 iev\u0113rojami arom\u0101tu profili un VapeXYZ neatlaid\u012bg\u0101 ap\u0146em\u0161an\u0101s nodro\u0161in\u0101t izcilu lo\u0123istiku. \u0160\u012b produkta ieg\u0101de ir strat\u0113\u0123isks ieguld\u012bjums j\u016bsu tirgus da\u013c\u0101.<\/p>\n<div style=\"text-align: center; margin: 40px 0;\"><img loading=\"lazy\" decoding=\"async\" class=\"alignnone size-large wp-image-50083\" style=\"max-width: 100%; height: auto; border-radius: 12px; box-shadow: 0 4px 15px rgba(0,0,0,0.1);\" src=\"https:\/\/vapexyz.com\/wp-content\/uploads\/2025\/06\/Bulk-Wholesale-Razz-Bar-45000-Puffs-Authentic-Disposable-Vape-Low-Nicot-15-1024x1024.webp\" alt=\"Lielie vairumtirdzniec\u012bbas premium kvalit\u0101tes Razz Bar 45000 ieelpu autentiski vienreiz\u0113jami vape ar zemu koncentr\u0101ciju\" width=\"1024\" height=\"1024\" title=\"\" srcset=\"https:\/\/vapexyz.com\/wp-content\/uploads\/2025\/06\/Bulk-Wholesale-Razz-Bar-45000-Puffs-Authentic-Disposable-Vape-Low-Nicot-15-1024x1024.webp 1024w, https:\/\/vapexyz.com\/wp-content\/uploads\/2025\/06\/Bulk-Wholesale-Razz-Bar-45000-Puffs-Authentic-Disposable-Vape-Low-Nicot-15-500x500.webp 500w, https:\/\/vapexyz.com\/wp-content\/uploads\/2025\/06\/Bulk-Wholesale-Razz-Bar-45000-Puffs-Authentic-Disposable-Vape-Low-Nicot-15-300x300.webp 300w, https:\/\/vapexyz.com\/wp-content\/uploads\/2025\/06\/Bulk-Wholesale-Razz-Bar-45000-Puffs-Authentic-Disposable-Vape-Low-Nicot-15-768x768.webp 768w, https:\/\/vapexyz.com\/wp-content\/uploads\/2025\/06\/Bulk-Wholesale-Razz-Bar-45000-Puffs-Authentic-Disposable-Vape-Low-Nicot-15-1536x1536.webp 1536w, https:\/\/vapexyz.com\/wp-content\/uploads\/2025\/06\/Bulk-Wholesale-Razz-Bar-45000-Puffs-Authentic-Disposable-Vape-Low-Nicot-15-12x12.webp 12w, https:\/\/vapexyz.com\/wp-content\/uploads\/2025\/06\/Bulk-Wholesale-Razz-Bar-45000-Puffs-Authentic-Disposable-Vape-Low-Nicot-15-247x247.webp 247w, https:\/\/vapexyz.com\/wp-content\/uploads\/2025\/06\/Bulk-Wholesale-Razz-Bar-45000-Puffs-Authentic-Disposable-Vape-Low-Nicot-15-510x510.webp 510w, https:\/\/vapexyz.com\/wp-content\/uploads\/2025\/06\/Bulk-Wholesale-Razz-Bar-45000-Puffs-Authentic-Disposable-Vape-Low-Nicot-15-100x100.webp 100w, https:\/\/vapexyz.com\/wp-content\/uploads\/2025\/06\/Bulk-Wholesale-Razz-Bar-45000-Puffs-Authentic-Disposable-Vape-Low-Nicot-15.webp 2000w\" sizes=\"auto, (max-width: 1024px) 100vw, 1024px\" \/><\/div>\n<\/article>","protected":false},"excerpt":{"rendered":"<p>RAZZ BAR 45000 Puff, Eiropas uzticamais vairumtirdzniec\u012bbas vienreiz\u0113jais vape, pied\u0101v\u0101 nozares vado\u0161o 45 000 ieelpu, uzl\u0101d\u0113jamu 650mAh akumulatoru ar Type-C portu, premium sieta spole tehnolo\u0123iju, 16 neatgriezeniskas gar\u0161as un regul\u0113jamu 2%\/5% vape stiprumu, nodro\u0161inot nep\u0101rsp\u0113jamu veiktsp\u0113ju mazumtirgot\u0101jiem un lielajiem pirc\u0113jiem.<\/p>","protected":false},"featured_media":50089,"comment_status":"open","ping_status":"closed","template":"","meta":{"_lmt_disableupdate":"no","_lmt_disable":""},"product_brand":[],"product_cat":[1077,1069,947,935,934,927,929,928,930,933,939,932,938,931,936,937,949,946,951,953,987],"product_tag":[],"class_list":{"0":"post-50070","1":"product","2":"type-product","3":"status-publish","4":"has-post-thumbnail","6":"product_cat-razz-bar-disposable-vapes","7":"product_cat-45000-puff-vapes","8":"product_cat-big-puffs-vapes","9":"product_cat-bulk-buy-disposable-vapes-in-austria","10":"product_cat-bulk-buy-disposable-vapes-in-belgium","11":"product_cat-bulk-buy-disposable-vapes-in-europe","12":"product_cat-bulk-buy-disposable-vapes-in-france","13":"product_cat-bulk-buy-disposable-vapes-in-germany","14":"product_cat-bulk-buy-disposable-vapes-in-italy","15":"product_cat-bulk-buy-disposable-vapes-in-netherlands","16":"product_cat-bulk-buy-disposable-vapes-in-norway","17":"product_cat-bulk-buy-disposable-vapes-in-poland","18":"product_cat-bulk-buy-disposable-vapes-in-portugal","19":"product_cat-bulk-buy-disposable-vapes-in-spain","20":"product_cat-bulk-buy-disposable-vapes-in-sweden","21":"product_cat-bulk-buy-disposable-vapes-in-switzerland","22":"product_cat-digital-box-vapes","23":"product_cat-disposable-vapes-series","24":"product_cat-lower-nicotine-vapes","25":"product_cat-rechargeable-vapes","26":"product_cat-vape-shop-by-puffs","28":"first","29":"outofstock","30":"shipping-taxable","31":"purchasable","32":"product-type-variable","33":"has-default-attributes"},"jetpack_sharing_enabled":true,"tiered_pricing_type":"fixed","tiered_pricing_fixed_rules":[],"tiered_pricing_product_settings":{"layout":"default","base_unit_name":{"singular":null,"plural":null},"default_variation":null},"tiered_pricing_minimum_quantity":null,"tiered_pricing_roles_data":[],"tiered_pricing_percentage_rules":[],"tiered_pricing_maximum_quantity":null,"tiered_pricing_quantity_step":null,"_links":{"self":[{"href":"https:\/\/vapexyz.com\/lv\/wp-json\/wp\/v2\/product\/50070","targetHints":{"allow":["GET"]}}],"collection":[{"href":"https:\/\/vapexyz.com\/lv\/wp-json\/wp\/v2\/product"}],"about":[{"href":"https:\/\/vapexyz.com\/lv\/wp-json\/wp\/v2\/types\/product"}],"replies":[{"embeddable":true,"href":"https:\/\/vapexyz.com\/lv\/wp-json\/wp\/v2\/comments?post=50070"}],"wp:featuredmedia":[{"embeddable":true,"href":"https:\/\/vapexyz.com\/lv\/wp-json\/wp\/v2\/media\/50089"}],"wp:attachment":[{"href":"https:\/\/vapexyz.com\/lv\/wp-json\/wp\/v2\/media?parent=50070"}],"wp:term":[{"taxonomy":"product_brand","embeddable":true,"href":"https:\/\/vapexyz.com\/lv\/wp-json\/wp\/v2\/product_brand?post=50070"},{"taxonomy":"product_cat","embeddable":true,"href":"https:\/\/vapexyz.com\/lv\/wp-json\/wp\/v2\/product_cat?post=50070"},{"taxonomy":"product_tag","embeddable":true,"href":"https:\/\/vapexyz.com\/lv\/wp-json\/wp\/v2\/product_tag?post=50070"}],"curies":[{"name":"wp","href":"https:\/\/api.w.org\/{rel}","templated":true}]}}