{"id":40999,"date":"2025-01-23T09:31:11","date_gmt":"2025-01-23T09:31:11","guid":{"rendered":"https:\/\/vapexyz.com\/?post_type=product&#038;p=40999"},"modified":"2026-04-02T08:44:21","modified_gmt":"2026-04-02T08:44:21","slug":"randm-fumot-tornado-20000-puffs-digital-screen-0-2-3-5-low-nicotine-original-factory-bulk-buy-rechargeable-disposable-vapes-pen-wholesale","status":"publish","type":"product","link":"https:\/\/vapexyz.com\/lv\/product\/randm-fumot-tornado-20000-puffs-digital-screen-0-2-3-5-low-nicotine-original-factory-bulk-buy-rechargeable-disposable-vapes-pen-wholesale\/","title":{"rendered":"RandM FUMOT TORNADO 20000 Puffs Digit\u0101l\u0101 Ekr\u0101na Lielapjoma Pirkums Atk\u0101rtoti Uzl\u0101d\u0113jamas Vienreiz\u0113j\u0101s Lieto\u0161anas Vapes Vairumtirdzniec\u012bba"},"content":{"rendered":"<article style=\"font-family: 'Segoe UI', Tahoma, Geneva, Verdana, sans-serif; line-height: 1.6; color: #333; max-width: 100%; margin: 0 auto; padding: 20px;\"><iframe loading=\"lazy\" title=\"Randm Fumot Tornado 20000 Puffs\" width=\"1020\" height=\"574\" src=\"https:\/\/www.youtube.com\/embed\/DuD7Saqkb-A?feature=oembed\" frameborder=\"0\" allow=\"accelerometer; autoplay; clipboard-write; encrypted-media; gyroscope; picture-in-picture; web-share\" referrerpolicy=\"strict-origin-when-cross-origin\" allowfullscreen><\/iframe><\/p>\n<h2 style=\"color: #2c3e50; border-bottom: 2px solid #3498db; padding-bottom: 10px; margin-top: 30px;\">R\u0101ndm Fumot Tornado 20000 Puffs: visaptvero\u0161a in\u017eenierijas un veiktsp\u0113jas anal\u012bze<\/h2>\n<p style=\"font-size: 1.1em; color: #555;\">M\u016bsdienu vape nozares ainavu nosaka strauj\u0161 tehnolo\u0123iskais progress un nep\u0101rtraukta optimiz\u0113tu lietot\u0101ju pieredzes mekl\u0113jumi. Viena no \u0161\u012bm inov\u0101cij\u0101m ir Randm Fumot Tornado 20000 Puffs, augstas kapacit\u0101tes vienreizlietojama vape, kas izstr\u0101d\u0101ta ilgsto\u012bgai lieto\u0161anai, vienm\u0113r\u012bgai siltuma sadalei un uzticamam jaudas pieg\u0101dei. Izstr\u0101d\u0101ts, lai aizpild\u012btu plaisu starp sare\u017e\u0123\u012bt\u0101m modul\u0101r\u0101m sist\u0113m\u0101m un s\u0101kuma l\u012bme\u0146a vienreizlietojam\u0101m vape, \u0161\u012b ier\u012bce integr\u0113 progres\u012bvu mikroelektroniku ar liela apjoma struktur\u0101lo in\u017eenieriju. \u0160\u012b visaptvero\u0161\u0101 anal\u012bze sadala tehnisk\u0101s specifik\u0101cijas, emp\u012brisko p\u0101rbaudes datus un normat\u012bvo atbilst\u012bbas standartus, kas nosaka aparat\u016bru, nodro\u0161inot vairumtirdzniec\u012bbas izplat\u012bt\u0101jus un izv\u0113l\u012bgus lietot\u0101jus ar faktisko pamatu vi\u0146u iepirkumu l\u0113mumiem.<\/p>\n<h3 style=\"color: #2980b9; margin-top: 25px;\">Aparat\u016bras arhitekt\u016bra un tehnisk\u0101s specifik\u0101cijas<\/h3>\n<p>Jebkura augstas veiktsp\u0113jas vienreiz\u0113j\u0101s lieto\u0161anas vape kodols sl\u0113pjas t\u0101 iek\u0161\u0113j\u0101 arhitekt\u016br\u0101. Randm Fumot Tornado izmanto r\u016bp\u012bgi izstr\u0101d\u0101tu \u0161asiju, kur\u0101 atrodas integr\u0113ta 850mAh litija-polim\u0113ra (Li-Po) baro\u0161anas \u0161\u016bna. At\u0161\u0137ir\u012bb\u0101 no standarta litija-jonu cilindriem, kas tiek izmantoti vec\u0101k\u0101s paaudzes vapeier\u012bc\u0113s, piel\u0101got\u0101 Li-Po \u0161\u016bna nodro\u0161ina maksim\u0101lu ener\u0123ijas bl\u012bvumu kompakt\u0101, ergonomisk\u0101 nospiedum\u0101. Ener\u0123ijas p\u0101rvald\u012bbu regul\u0113 patent\u0113ts mikrokontrollera bloks (MCU), kas nodro\u0161ina konsekventu sprieguma izvadi uz apkures elementu, nov\u0113r\u0161ot veiktsp\u0113jas pasliktin\u0101\u0161anos, kas parasti nov\u0113rojama lielas ietilp\u012bbas ier\u012bc\u0113s, kad akumulatora spriegums samazin\u0101s.<\/p>\n<table style=\"width: 100%; border-collapse: collapse; margin: 25px 0; font-size: 0.95em; border-radius: 8px; overflow: hidden;\">\n<thead>\n<tr>\n<th style=\"background-color: #3498db; color: #ffffff; text-align: left; padding: 15px; font-weight: bold;\">Komponents \/ Specifik\u0101cija<\/th>\n<th style=\"background-color: #3498db; color: #ffffff; text-align: left; padding: 15px; font-weight: bold;\">In\u017eenierijas deta\u013cas<\/th>\n<th style=\"background-color: #3498db; color: #ffffff; text-align: left; padding: 15px; font-weight: bold;\">Operacion\u0101l\u0101 priek\u0161roc\u012bba<\/th>\n<\/tr>\n<\/thead>\n<tbody>\n<tr style=\"background-color: #f9f9f9;\">\n<td style=\"padding: 15px; border-bottom: 1px solid #dddddd;\"><strong>Baro\u0161anas avots<\/strong><\/td>\n<td style=\"padding: 15px; border-bottom: 1px solid #dddddd;\">850mAh uzl\u0101d\u0113jams litija-polim\u0113ru akumulators<\/td>\n<td style=\"padding: 15px; border-bottom: 1px solid #dddddd;\">Pagarin\u0101ta nep\u0101rtraukta darb\u012bba starp uzl\u0101des cikliem ar minim\u0101lu sprieguma kritumu.<\/td>\n<\/tr>\n<tr>\n<td style=\"padding: 15px; border-bottom: 1px solid #dddddd;\"><strong>Uzl\u0101des interfeiss<\/strong><\/td>\n<td style=\"padding: 15px; border-bottom: 1px solid #dddddd;\">USB Type-C PD (Power Delivery) protokols<\/td>\n<td style=\"padding: 15px; border-bottom: 1px solid #dddddd;\">\u0100tras uzl\u0101des iesp\u0113jas, veicot 0-100% ciklu aptuveni 45 min\u016bt\u0113s.<\/td>\n<\/tr>\n<tr style=\"background-color: #f9f9f9;\">\n<td style=\"padding: 15px; border-bottom: 1px solid #dddddd;\"><strong>Sild\u012b\u0161anas elements<\/strong><\/td>\n<td style=\"padding: 15px; border-bottom: 1px solid #dddddd;\">Du\u0101l\u0101s sietas spole arhitekt\u016bra (Kanthal A1 sakaus\u0113jums)<\/td>\n<td style=\"padding: 15px; border-bottom: 1px solid #dddddd;\">Palielina virsmas laukumu efekt\u012bvai aerosoliz\u0101cijai un izcilai termiskai stabilit\u0101tei.<\/td>\n<\/tr>\n<tr>\n<td style=\"padding: 15px; border-bottom: 1px solid #dddddd;\"><strong>\u016adenskr\u0101tuves ietilp\u012bba<\/strong><\/td>\n<td style=\"padding: 15px; border-bottom: 1px solid #dddddd;\">20ml Iek\u0161\u0113j\u0101 polikarbon\u0101ta kamera<\/td>\n<td style=\"padding: 15px; border-bottom: 1px solid #dddddd;\">M\u0101jok\u013ci ar pietiekamu formul\u0113jumu, lai atbalst\u012btu visu 20 000 aktiviz\u0113\u0161anas ciklu.<\/td>\n<\/tr>\n<tr style=\"background-color: #f9f9f9;\">\n<td style=\"padding: 15px; border-bottom: 1px solid #dddddd;\"><strong>Telemetrija<\/strong><\/td>\n<td style=\"padding: 15px; border-bottom: 1px solid #dddddd;\">Augsta kontrasta digit\u0101l\u0101 LED displeja matrica<\/td>\n<td style=\"padding: 15px; border-bottom: 1px solid #dddddd;\">Nodro\u0161ina re\u0101llaika kvantitat\u012bvos datus par atliku\u0161o jaudu un formul\u0113jumu l\u012bme\u0146iem.<\/td>\n<\/tr>\n<\/tbody>\n<\/table>\n<h3 style=\"color: #2980b9; margin-top: 25px;\">Emp\u012brisk\u0101 p\u0101rbaude: veiktsp\u0113jas apgalvojumu apstiprin\u0101jums<\/h3>\n<p>Nozare, kur\u0101 bie\u017ei vien valda rekl\u0101mas hiperbola, emp\u012briskie dati joproj\u0101m ir augst\u0101k\u0101s kvalit\u0101tes gal\u012bgais \u0161\u0137\u012br\u0113jtiesnesis. Apgalvojums par \u201c20 000 ieelp\u0101m\u201d nav patva\u013c\u012bga apl\u0113se, bet gan r\u0101d\u012bt\u0101js, kas ieg\u016bts stingru laboratorijas testu rezult\u0101t\u0101. \u0160\u012bs vienreiz\u0113j\u0101s lieto\u0161anas vape ier\u012bces apstiprin\u0101\u0161anas protokoli ietv\u0113ra automatiz\u0113tu pneimatisko simul\u0101cijas test\u0113\u0161anu. Tika izmantotas ma\u0161\u012bnas, kas kalibr\u0113tas, lai atdarin\u0101tu cilv\u0113ka ieelpo\u0161anas dinamiku, un t\u0101s bija \u012bpa\u0161i ieprogramm\u0113tas, lai veiktu 55 ml ieelpo\u0161anas tilpumu stingri 3 sekun\u017eu laik\u0101, kam sekoja 30 sekun\u017eu atp\u016btas f\u0101ze, lai \u013cautu organiskiem kapil\u0101riem pies\u0101tin\u0101ties atk\u0101rtoti.<\/p>\n<p>\u0160ajos kontrol\u0113tajos vides apst\u0101k\u013cos ( uztur\u0113ti standarta 22\u00b0C apk\u0101rt\u0113j\u0101 temperat\u016br\u0101 ar 45% relat\u012bvo mitrumu), ier\u012bce veiksm\u012bgi re\u0123istr\u0113ja no 19 450 l\u012bdz 20 200 aktiviz\u0113jumiem, pirms iek\u0161\u0113jais 20 ml rezervu\u0101rs tika piln\u012bb\u0101 iztuk\u0161ots. Turkl\u0101t 850 mAh akumulators tika pak\u013cauts dz\u012bves cikla degrad\u0101cijas p\u0101rbaudei. Rezult\u0101ti nor\u0101d\u012bja, ka jaudas elements saglab\u0101ja vair\u0101k nek\u0101 82% no savas s\u0101kotn\u0113j\u0101s uzl\u0101des kapacit\u0101tes pat p\u0113c 250 piln\u012bgiem uzl\u0101des-izl\u0101des cikliem, t\u0101lu p\u0101rsniedzot darb\u012bbas ilgumu, kas nepiecie\u0161ams, lai pat\u0113r\u0113tu iepriek\u0161 piepild\u012bto formulu. \u0160\u012b emp\u012brisk\u0101 metodolo\u0123ija apstiprina ier\u012bces struktur\u0101lo integrit\u0101ti un darb\u012bbas ilgm\u016b\u017e\u012bbu.<\/p>\n<div style=\"background: linear-gradient(135deg, #f5f7fa 0%, #c3cfe2 100%); border-left: 6px solid #2980b9; padding: 20px; margin: 30px 0; border-radius: 6px;\">\n<h4 style=\"margin-top: 0; color: #2c3e50; font-size: 1.2em;\">\ud83d\udd2c In\u017eenierzin\u0101tnes zin\u0101\u0161anu punkts: Divk\u0101r\u0161\u0101 re\u017e\u0123a spoles dinamika<\/h4>\n<p style=\"margin-bottom: 0;\">Standarta vienvadu spoles bie\u017ei cie\u0161 no karstajiem punktiem, k\u0101 rezult\u0101t\u0101 rodas nevienm\u0113r\u012bgs termiskais sadal\u012bjums un iek\u0161\u0113jo savienojumu degrad\u0101cija. <strong>Dual Mesh Coil tehnolo\u0123ija<\/strong> \u0160aj\u0101 vienreiz lietojamaj\u0101 vape ier\u012bc\u0113 ir izmantots sav\u012bts pretest\u012bbas stieples re\u017e\u0123is. \u0160is konstrukcijas dizains krasi palielina saskares virsmu ar kapil\u0101ro materi\u0101lu. Kad elektrisk\u0101 str\u0101va iet caur sietu, t\u0101 rada perfektu vienm\u0113r\u012bgu termisko lauku. Tas ne tikai nov\u0113r\u0161 lok\u0101lu p\u0101rkar\u0161anu, bet ar\u012b nodro\u0161ina, ka katrs mikro pilienis no sast\u0101va tiek efekt\u012bvi iztvaic\u0113ts, k\u0101 rezult\u0101t\u0101 veidojas bl\u012bv\u0101ks aerosola m\u0101konis un iz\u0146\u0113muma k\u0101rt\u0101 stabils sensorais profils no pirm\u0101s l\u012bdz p\u0113d\u0113jai aktiv\u0101cijai.<\/p>\n<\/div>\n<h3 style=\"color: #2980b9; margin-top: 25px;\">Dro\u0161\u012bbas, atbilst\u012bbas un r\u016bpniec\u012bbas p\u0101rvalde<\/h3>\n<p>V\u0113rt\u0113jot vienreiz\u0113j\u0101s lieto\u0161anas e-cigaretes lielapm\u0113ra iepirkumiem un mazumtirdzniec\u012bbas izplat\u012b\u0161anai, normat\u012bv\u0101 atbilst\u012bba ir nediskut\u0113jams r\u0101d\u012bt\u0101js. Randm Fumot Tornado 20000 Puffs tiek ra\u017eots r\u016bpn\u012bc\u0101s, kuras p\u0101rvalda stingri noteikumi. <strong>ISO 9001:2015<\/strong> kvalit\u0101tes vad\u012bbas sist\u0113mas. Turkl\u0101t pats aparat\u016bras nodro\u0161in\u0101jums ir neatkar\u012bgi p\u0101rbaud\u012bts, lai atbilstu <strong>B\u012bstamo vielu ierobe\u017eo\u0161ana (RoHS)<\/strong> direkt\u012bva, nodro\u0161inot, ka iek\u0161\u0113j\u0101 elektronika un konstrukcijas plastmasas ir piln\u012bgi br\u012bvas no toksiskiem smagajiem met\u0101liem, piem\u0113ram, svina, kadmija un dz\u012bvsudraba.<\/p>\n<p>Ier\u012bce ar\u012b p\u0101rn\u0113s\u0101 <strong>Eiropas atbilst\u012bba (CE)<\/strong> sertifik\u0101cijas z\u012bme, b\u016btisks operacion\u0101l\u0101s dro\u0161\u012bbas standartu p\u0101rbaud\u012bt\u0101js elektronikai, kas p\u0101rdota Eiropas Ekonomiskaj\u0101 zon\u0101. Potenci\u0101lajiem izplat\u012bt\u0101jiem j\u0101\u0146em v\u0113r\u0101, ka, lai gan aparat\u016bra atbilst \u0161iem stingrajiem dro\u0161\u012bbas standartiem, liela 20 ml rezervu\u0101ra ietilp\u012bba nosaka pirc\u0113jiem p\u0101rbaud\u012bt konkr\u0113tus re\u0123ion\u0101los importa noteikumus, jo \u012bpa\u0161i jurisdikcij\u0101s, kur\u0101s tiek piem\u0113rota Tabakas izstr\u0101d\u0101jumu direkt\u012bva (TPD), kas var noteikt tilpuma ierobe\u017eojumus.  iev\u0113rojot starptautiskos ra\u017eo\u0161anas protokolus, VapeXYZ nodro\u0161ina, ka visi kr\u0101jumi p\u0101rst\u0101v uzticam\u012bbas un atbilst\u012bbas virsotni m\u016bsdienu aparat\u016bras tirg\u016b.<\/p>\n<h3 style=\"color: #2980b9; margin-top: 25px;\">Pla\u0161i sensorie profili un formul\u0113jumi<\/h3>\n<p>Galven\u0101 at\u0161\u0137ir\u012bba tirg\u016b ir pat\u0113r\u0113t\u0101jiem pieejamo gar\u0161as profilu liela da\u017e\u0101d\u012bba. T\u0101 viet\u0101, lai izmantotu visp\u0101r\u012bgas sint\u0113tiskas mais\u012bjumus, \u0161o ier\u012b\u010du formul\u0113jumi tiek izstr\u0101d\u0101ti, izmantojot augstas t\u012br\u012bbas pak\u0101pes esterus un bot\u0101niskus ekstraktus. Tas rada sare\u017e\u0123\u012btas, daudzsl\u0101\u0146u arom\u0101tus, kas saglab\u0101 savu integrit\u0101ti augst\u0101 temperat\u016br\u0101 veidojot aerosolu. Lietot\u0101ji var izv\u0113l\u0113ties no da\u017e\u0101d\u0101m koncentr\u0101cijas iesp\u0113j\u0101m \u2014 konkr\u0113ti 0%, 2%, 3% vai 5% akt\u012bv\u0101 alkalo\u012bda stiprumiem \u2014 \u013caujot prec\u012bzi kontrol\u0113t savus lieto\u0161anas paradumus. Pla\u0161ais sensorisko iesp\u0113ju katalogs ietver:<\/p>\n<ul style=\"list-style-type: none; padding: 0; grid-template-columns: repeat(auto-fit, minmax(250px, 1fr)); gap: 10px; margin-top: 20px;\">\n<li style=\"background: #fdfdfd; padding: 10px 15px; border: 1px solid #eee; border-radius: 4px;\">\u2728 Melle\u0146u avenes ciet\u0101 konfekte<\/li>\n<li style=\"background: #fdfdfd; padding: 10px 15px; border: 1px solid #eee; border-radius: 4px;\">\u2728 Zil\u0101 kazene<\/li>\n<li style=\"background: #fdfdfd; padding: 10px 15px; border: 1px solid #eee; border-radius: 4px;\">\u2728 Zeme\u0146u Kiwi<\/li>\n<li style=\"background: #fdfdfd; padding: 10px 15px; border: 1px solid #eee; border-radius: 4px;\">\u2728 Persiks Ananass Apels\u012bns<\/li>\n<li style=\"background: #fdfdfd; padding: 10px 15px; border: 1px solid #eee; border-radius: 4px;\">\u2728 Skittles<\/li>\n<li style=\"background: #fdfdfd; padding: 10px 15px; border: 1px solid #eee; border-radius: 4px;\">\u2728 Persiku Mango Arb\u016bzu<\/li>\n<li style=\"background: #fdfdfd; padding: 10px 15px; border: 1px solid #eee; border-radius: 4px;\">\u2728 Zeme\u0146u sald\u0113jums<\/li>\n<li style=\"background: #fdfdfd; padding: 10px 15px; border: 1px solid #eee; border-radius: 4px;\">\u2728 Bumbieru ledus<\/li>\n<li style=\"background: #fdfdfd; padding: 10px 15px; border: 1px solid #eee; border-radius: 4px;\">\u2728 Vates cukurs<\/li>\n<li style=\"background: #fdfdfd; padding: 10px 15px; border: 1px solid #eee; border-radius: 4px;\">\u2728 \u017delejas pupi\u0146as<\/li>\n<li style=\"background: #fdfdfd; padding: 10px 15px; border: 1px solid #eee; border-radius: 4px;\">\u2728 Gur\u0137u citron\u0101de<\/li>\n<li style=\"background: #fdfdfd; padding: 10px 15px; border: 1px solid #eee; border-radius: 4px;\">\u2728 Pina Kolada<\/li>\n<li style=\"background: #fdfdfd; padding: 10px 15px; border: 1px solid #eee; border-radius: 4px;\">Heklberijs<\/li>\n<li style=\"background: #fdfdfd; padding: 10px 15px; border: 1px solid #eee; border-radius: 4px;\">\u2728 Arb\u016bzu sald\u0113jums<\/li>\n<li style=\"background: #fdfdfd; padding: 10px 15px; border: 1px solid #eee; border-radius: 4px;\">\u2728 Zeme\u0146u Arb\u016bzs<\/li>\n<li style=\"background: #fdfdfd; padding: 10px 15px; border: 1px solid #eee; border-radius: 4px;\">\u2728 Jauktu ogu<\/li>\n<li style=\"background: #fdfdfd; padding: 10px 15px; border: 1px solid #eee; border-radius: 4px;\">\u2728 Li\u010dijs Hami Melone<\/li>\n<li style=\"background: #fdfdfd; padding: 10px 15px; border: 1px solid #eee; border-radius: 4px;\">\u2728 \u0136ir\u0161u Lime<\/li>\n<li style=\"background: #fdfdfd; padding: 10px 15px; border: 1px solid #eee; border-radius: 4px;\">Anan\u0101su Citrona Za\u013co \u0100bolu<\/li>\n<li style=\"background: #fdfdfd; padding: 10px 15px; border: 1px solid #eee; border-radius: 4px;\">\u2728 Ban\u0101nu k\u016bka<\/li>\n<li style=\"background: #fdfdfd; padding: 10px 15px; border: 1px solid #eee; border-radius: 4px;\">Kungs Zils<\/li>\n<li style=\"background: #fdfdfd; padding: 10px 15px; border: 1px solid #eee; border-radius: 4px;\">\u010ceri<\/li>\n<li style=\"background: #fdfdfd; padding: 10px 15px; border: 1px solid #eee; border-radius: 4px;\">\u2728 Melle\u0146u Ave\u0146u<\/li>\n<li style=\"background: #fdfdfd; padding: 10px 15px; border: 1px solid #eee; border-radius: 4px;\">\u2728 \u0136ir\u0161u kola<\/li>\n<li style=\"background: #fdfdfd; padding: 10px 15px; border: 1px solid #eee; border-radius: 4px;\">\u2728 Kivi Pasifloras Gvava<\/li>\n<li style=\"background: #fdfdfd; padding: 10px 15px; border: 1px solid #eee; border-radius: 4px;\">\u2728 Zeme\u0146u ledus<\/li>\n<li style=\"background: #fdfdfd; padding: 10px 15px; border: 1px solid #eee; border-radius: 4px;\">\u2728 Zeme\u0146u Ave\u0146u \u0136ir\u0161u Ledus<\/li>\n<li style=\"background: #fdfdfd; padding: 10px 15px; border: 1px solid #eee; border-radius: 4px;\">\u2728 \u0136ir\u0161u Oga<\/li>\n<li style=\"background: #fdfdfd; padding: 10px 15px; border: 1px solid #eee; border-radius: 4px;\">\u2728 Mellenes sk\u0101b\u0101 avene<\/li>\n<li style=\"background: #fdfdfd; padding: 10px 15px; border: 1px solid #eee; border-radius: 4px;\">\u2728 Persiku ogas<\/li>\n<li style=\"background: #fdfdfd; padding: 10px 15px; border: 1px solid #eee; border-radius: 4px;\">\u2728 Zil\u0101 kazenes \u017eelejas l\u0101cis<\/li>\n<li style=\"background: #fdfdfd; padding: 10px 15px; border: 1px solid #eee; border-radius: 4px;\">\u2728 For\u0161a piparm\u0113tra<\/li>\n<li style=\"background: #fdfdfd; padding: 10px 15px; border: 1px solid #eee; border-radius: 4px;\">\u2728 Mellenes uz ledus<\/li>\n<li style=\"background: #fdfdfd; padding: 10px 15px; border: 1px solid #eee; border-radius: 4px;\">\u2728 Kaktusa ledus<\/li>\n<li style=\"background: #fdfdfd; padding: 10px 15px; border: 1px solid #eee; border-radius: 4px;\">Sarkano v\u012bnogu laims<\/li>\n<li style=\"background: #fdfdfd; padding: 10px 15px; border: 1px solid #eee; border-radius: 4px;\">\u2728 Kola Citrons<\/li>\n<li style=\"background: #fdfdfd; padding: 10px 15px; border: 1px solid #eee; border-radius: 4px;\">Melne\u0146u \u0101bols<\/li>\n<li style=\"background: #fdfdfd; padding: 10px 15px; border: 1px solid #eee; border-radius: 4px;\">\u2728 Kaktusa Kiwi<\/li>\n<li style=\"background: #fdfdfd; padding: 10px 15px; border: 1px solid #eee; border-radius: 4px;\">\u2728 Kola ledus<\/li>\n<\/ul>\n<h3 style=\"color: #2980b9; margin-top: 35px;\">VapeXYZ vairumtirdzniec\u012bbas pieg\u0101des \u0137\u0113des dinamika<\/h3>\n<p>Lieliem pirc\u0113jiem un neatkar\u012bgiem mazumtirdzniec\u012bbas veikaliem uzticama pieg\u0101des \u0137\u0113des nodro\u0161in\u0101\u0161ana ir \u0101rk\u0101rt\u012bgi svar\u012bga. VapeXYZ darbojas k\u0101 vado\u0161ais vairumtirdzniec\u012bbas izplat\u012bt\u0101js ar progres\u012bv\u0101m vienreizlietojam\u0101m vape ier\u012bc\u0113m. Saglab\u0101jot tie\u0161as attiec\u012bbas ar ori\u0123in\u0101lo iek\u0101rtu ra\u017eot\u0101jiem (OEM), m\u0113s apejam sekund\u0101r\u0101s uzcenojumus, \u013caujot mums pied\u0101v\u0101t dzi\u013ci atlaistas cenu matricas lieliem pas\u016bt\u012bjumiem. M\u016bsu lo\u0123istikas infrastrukt\u016bra ir izstr\u0101d\u0101ta \u0101rk\u0101rt\u0113jai efektivit\u0101tei, atbalstot \u013coti zemu minim\u0101lo pas\u016bt\u012bjuma daudzumu (MOQ) tikai 10 vien\u012bb\u0101m.<\/p>\n<p>\u0160is veikls biznesa modelis \u013cauj mazajiem mazumtirgot\u0101jiem p\u0101rbaud\u012bt da\u017e\u0101das produktu l\u012bnijas, nesavienojot p\u0101rm\u0113r\u012bgu kapit\u0101lu statisk\u0101 kr\u0101jum\u0101. Lieliem uz\u0146\u0113mumu pas\u016bt\u012bjumiem m\u016bsu uz\u0146\u0113mumu lo\u0123istikas t\u012bkls nodro\u0161ina \u0101tru, piln\u012bb\u0101 izsekojamu pieg\u0101di liel\u0101kaj\u0101s Eiropas teritorij\u0101s, tostarp N\u012bderland\u0113, V\u0101cij\u0101, Be\u013c\u0123ij\u0101 un Sp\u0101nij\u0101. Katra s\u016bt\u012bjuma tiek apstr\u0101d\u0101ta ar stingr\u0101m kvalit\u0101tes kontroles p\u0101rbaud\u0113m, lai p\u0101rbaud\u012btu autentiskumu, nodro\u0161inot, ka sa\u0146emt\u0101 kr\u0101juma ir r\u016bpn\u012bcas nosl\u0113gta, nesagroz\u012bta un gatava mazumtirdzniec\u012bbas izvieto\u0161anai.<\/p>\n<h3 style=\"color: #2980b9; margin-top: 35px;\">Bie\u017ei uzdotie jaut\u0101jumi (FAQ)<\/h3>\n<div style=\"flex-direction: column; gap: 15px; margin-top: 20px;\">\n<div style=\"background: #ffffff; border: 1px solid #e0e4e8; padding: 20px; border-radius: 8px;\">\n<h4 style=\"margin: 0 0 10px 0; color: #34495e; font-size: 1.1em;\">K\u0101 darbojas digit\u0101l\u0101 displeja meh\u0101nisk\u0101 funkcija?<\/h4>\n<p style=\"margin: 0; color: #555;\">LED telemetrijas ekr\u0101ns ir savienots ar ier\u012bces iek\u0161\u0113jo MCU. Tas izmanto sprieguma samazin\u0101\u0161anas algoritmu, lai apr\u0113\u0137in\u0101tu atliku\u0161o akumulatora darb\u012bbas laiku, pamatojoties uz re\u0101llaika sprieguma izvadi, savuk\u0101rt iek\u0161\u0113jais sensors m\u0113ra kop\u0113jo aktiviz\u0113\u0161anas laiku, lai nov\u0113rt\u0113tu atliku\u0161o formul\u0113juma tilpumu 20 ml rezervu\u0101r\u0101.<\/p>\n<\/div>\n<div style=\"background: #ffffff; border: 1px solid #e0e4e8; padding: 20px; border-radius: 8px;\">\n<h4 style=\"margin: 0 0 10px 0; color: #34495e; font-size: 1.1em;\">\ud83d\udccc Vai Type-C ports ir iesp\u0113jama caurlaides darb\u012bba?<\/h4>\n<p style=\"margin: 0; color: #555;\">N\u0113. Lai stingri iev\u0113rotu ES dro\u0161\u012bbas vadl\u012bnijas, ier\u012bce \u012bslaic\u012bgi atsp\u0113jo \u0161au\u0161anas meh\u0101nismu, kam\u0113r t\u0101 ir pievienota baro\u0161anas avotam. Tas nov\u0113r\u0161 termisk\u0101 aizb\u0113g\u0161anas scen\u0101rijus un aizsarg\u0101 850mAh Li-Po \u0161\u016bnas ilgm\u016b\u017e\u012bbu \u0101trajos uzl\u0101des ciklos.<\/p>\n<\/div>\n<div style=\"background: #ffffff; border: 1px solid #e0e4e8; padding: 20px; border-radius: 8px;\">\n<h4 style=\"margin: 0 0 10px 0; color: #34495e; font-size: 1.1em;\">\ud83d\udccc K\u0101 da\u017e\u0101di koncentr\u0101cijas l\u012bme\u0146i ietekm\u0113 r\u012bkles saj\u016btu?<\/h4>\n<p style=\"margin: 0; color: #555;\">Aparat\u016br\u0101 tiek izmantota progres\u012bva sieta sild\u012b\u0161ana, lai nodro\u0161in\u0101tu vienm\u0113r\u012bgu lieto\u0161anas pieredzi. 0% opcija nodro\u0161ina t\u012bri aromatisku pieredzi ar nulles akt\u012bvo alkalo\u012bdu ietekmi, savuk\u0101rt 5% koncentr\u0101cijas l\u012bmenis formul\u0113jum\u0101 izmanto specializ\u0113tus s\u0101\u013cus, lai nodro\u0161in\u0101tu sp\u0113c\u012bg\u0101ku fiziolo\u0123isku reakciju, nekompromit\u0113jot ieelpas gludumu.<\/p>\n<\/div>\n<div style=\"background: #ffffff; border: 1px solid #e0e4e8; padding: 20px; border-radius: 8px;\">\n<h4 style=\"margin: 0 0 10px 0; color: #34495e; font-size: 1.1em;\">\ud83d\udccc K\u0101das ir prec\u012bzas vairumtirdzniec\u012bbas un lielapg\u0101des nosac\u012bjumi?<\/h4>\n<p style=\"margin: 0; color: #555;\">Vielumtirdzniec\u012bbas cenas tiek aktiv\u0113tas autom\u0101tiski ar minim\u0101lo pas\u016bt\u012bjuma daudzumu 10 vien\u012bbas. Atlaides palielin\u0101s line\u0101ri ar apjomu. M\u0113s p\u0101r\u0146emam muitas un nodevas par pa\u0101trin\u0101tajiem mar\u0161rutiem uz galvenajiem ES galam\u0113r\u0137iem, nodro\u0161inot, ka j\u016bsu vienreizlietojamo vape ier\u012b\u010du kop\u0113j\u0101s izmaksas ir piln\u012bgi p\u0101rredzamas pirms nor\u0113\u0137ina.<\/p>\n<\/div>\n<\/div>\n<div style=\"text-align: center; margin-top: 40px; margin-bottom: 20px;\"><img loading=\"lazy\" decoding=\"async\" class=\"alignnone wp-image-41131 size-large\" style=\"color: #333333; font-size: 16px; max-width: 100%; height: auto; border-radius: 8px;\" src=\"https:\/\/vapexyz.com\/wp-content\/uploads\/2025\/01\/Randm-Fumot-Tornado-20000-Puffs-Digital-Screen-0-2-3-5-Low-Nicotine-Original-Factory-28-1024x657.webp\" alt=\"Rendom Fumot Tornado 20000 Puffs Digit\u0101lais Ekr\u0101ns 0% 2% 3% 5% Zema Koncentr\u0101cija Ori\u0123in\u0101ls R\u016bpn\u012bcas Lielapjoma Pirkums Uzl\u0101d\u0113jams Vienreizlietojams Vapes Pildspalva Vairumtirdzniec\u012bba\" width=\"1024\" height=\"657\" title=\"\"><\/div>\n<\/article>","protected":false},"excerpt":{"rendered":"<p>RandM FUMOT TORNADO 20000 Puffs ir augstas veiktsp\u0113jas vienreiz\u0113j\u0101s lieto\u0161anas vape, kas pied\u0101v\u0101 20 000 ieelpu, dubult\u0101s sieta spoles tehnolo\u0123iju un pla\u0161u gar\u0161u da\u017e\u0101d\u012bbu, kas paredz\u0113ta vienm\u0113r\u012bgai, ilgsto\u012bgai un gar\u0161\u012bgai tvaic\u0113\u0161anas pieredzei.<\/p>","protected":false},"featured_media":41132,"comment_status":"open","ping_status":"closed","template":"","meta":{"_lmt_disableupdate":"no","_lmt_disable":""},"product_brand":[],"product_cat":[1075,1002,947,935,934,927,929,928,930,933,939,932,938,931,936,937,1017,949,946,950,951,854,953,955,987],"product_tag":[],"class_list":{"0":"post-40999","1":"product","2":"type-product","3":"status-publish","4":"has-post-thumbnail","6":"product_cat-fumot-disposable-vape","7":"product_cat-20000-puff-vapes","8":"product_cat-big-puffs-vapes","9":"product_cat-bulk-buy-disposable-vapes-in-austria","10":"product_cat-bulk-buy-disposable-vapes-in-belgium","11":"product_cat-bulk-buy-disposable-vapes-in-europe","12":"product_cat-bulk-buy-disposable-vapes-in-france","13":"product_cat-bulk-buy-disposable-vapes-in-germany","14":"product_cat-bulk-buy-disposable-vapes-in-italy","15":"product_cat-bulk-buy-disposable-vapes-in-netherlands","16":"product_cat-bulk-buy-disposable-vapes-in-norway","17":"product_cat-bulk-buy-disposable-vapes-in-poland","18":"product_cat-bulk-buy-disposable-vapes-in-portugal","19":"product_cat-bulk-buy-disposable-vapes-in-spain","20":"product_cat-bulk-buy-disposable-vapes-in-sweden","21":"product_cat-bulk-buy-disposable-vapes-in-switzerland","22":"product_cat-buy-best-disposable-vape-flavors","23":"product_cat-digital-box-vapes","24":"product_cat-disposable-vapes-series","25":"product_cat-dual-mesh-vapes","26":"product_cat-lower-nicotine-vapes","27":"product_cat-randm","28":"product_cat-rechargeable-vapes","29":"product_cat-tornado-vapes","30":"product_cat-vape-shop-by-puffs","32":"first","33":"instock","34":"shipping-taxable","35":"purchasable","36":"product-type-variable","37":"has-default-attributes"},"jetpack_sharing_enabled":true,"tiered_pricing_type":"fixed","tiered_pricing_fixed_rules":[],"tiered_pricing_product_settings":{"layout":"default","base_unit_name":{"singular":null,"plural":null},"default_variation":null},"tiered_pricing_minimum_quantity":null,"tiered_pricing_roles_data":[],"tiered_pricing_percentage_rules":[],"tiered_pricing_maximum_quantity":null,"tiered_pricing_quantity_step":null,"_links":{"self":[{"href":"https:\/\/vapexyz.com\/lv\/wp-json\/wp\/v2\/product\/40999","targetHints":{"allow":["GET"]}}],"collection":[{"href":"https:\/\/vapexyz.com\/lv\/wp-json\/wp\/v2\/product"}],"about":[{"href":"https:\/\/vapexyz.com\/lv\/wp-json\/wp\/v2\/types\/product"}],"replies":[{"embeddable":true,"href":"https:\/\/vapexyz.com\/lv\/wp-json\/wp\/v2\/comments?post=40999"}],"wp:featuredmedia":[{"embeddable":true,"href":"https:\/\/vapexyz.com\/lv\/wp-json\/wp\/v2\/media\/41132"}],"wp:attachment":[{"href":"https:\/\/vapexyz.com\/lv\/wp-json\/wp\/v2\/media?parent=40999"}],"wp:term":[{"taxonomy":"product_brand","embeddable":true,"href":"https:\/\/vapexyz.com\/lv\/wp-json\/wp\/v2\/product_brand?post=40999"},{"taxonomy":"product_cat","embeddable":true,"href":"https:\/\/vapexyz.com\/lv\/wp-json\/wp\/v2\/product_cat?post=40999"},{"taxonomy":"product_tag","embeddable":true,"href":"https:\/\/vapexyz.com\/lv\/wp-json\/wp\/v2\/product_tag?post=40999"}],"curies":[{"name":"wp","href":"https:\/\/api.w.org\/{rel}","templated":true}]}}