{"id":38606,"date":"2024-11-14T12:26:17","date_gmt":"2024-11-14T12:26:17","guid":{"rendered":"https:\/\/vapexyz.com\/?post_type=product&#038;p=38606"},"modified":"2026-03-06T09:40:37","modified_gmt":"2026-03-06T09:40:37","slug":"sfog-plus-800-dvesmas-2-3-5-zems-nikotina-originalais-rupnicas-lielapjoma-pirksana-uzladejama-vienreiz-lietojama-vapes-pildspalva-vairumtirdznieciba","status":"publish","type":"product","link":"https:\/\/vapexyz.com\/lv\/product\/sfog-plus-800-puffs-2-3-5-low-nicotine-original-factory-bulk-buy-rechargeable-disposable-vapes-pen-wholesale\/","title":{"rendered":"SFOG PLUS 800 Izturieni Lielapjoma P\u0113rkam\u0101 Atk\u0101rtoti Uzl\u0101d\u0113jam\u0101 Vienreizlietojam\u0101 Vape Ier\u012bce Vairumtirdzniec\u012bbai"},"content":{"rendered":"<article style=\"font-family: 'Segoe UI', Roboto, Helvetica, Arial, sans-serif; line-height: 1.6; color: #333; max-width: 100%; margin: 0 auto; padding: 20px;\">\n<div style=\"text-align: center; margin-bottom: 40px;\">\n<h2 style=\"font-size: 2.5em; color: #2c3e50; margin-bottom: 10px;\">Visaptvero\u0161a in\u017eenierijas un komerci\u0101la p\u0101rskats: SFOG PLUS 800 Puffs vienreiz\u0113j\u0101s lieto\u0161anas vape<\/h2>\n<p style=\"font-size: 1.1em; color: #7f8c8d;\">Padzi\u013cin\u0101ta tehnisko specifik\u0101ciju, emp\u012brisko darb\u012bbas r\u0101d\u012bt\u0101ju un vairumtirdzniec\u012bbas iepirkumu parametru anal\u012bze uz\u0146\u0113mumu pirc\u0113jiem.<\/p>\n<\/div>\n<section style=\"margin-bottom: 40px;\">\n<h3 style=\"color: #2980b9; border-bottom: 2px solid #ecf0f1; padding-bottom: 10px;\">1. Izpildsajegums: VapeXYZ uz\u0146\u0113muma izplat\u012b\u0161ana<\/h3>\n<p>Laipni l\u016bdzam VapeXYZ, pirmaj\u0101 starptautiskaj\u0101 izplat\u012b\u0161anas t\u012bkl\u0101 komerci\u0101lai kvalit\u0101tei paredz\u0113t\u0101m vienreizlietojam\u0101m vape ier\u012bc\u0113m. Darbojoties glob\u0101li ar vair\u0101k nek\u0101 asto\u0146iem gadiem pieredzes pieg\u0101\u017eu \u0137\u0113d\u0113, m\u0113s veicin\u0101m netrauc\u0113tas B2B transakcijas vis\u0101m nozar\u0113 piepras\u012bt\u0101kaj\u0101m z\u012bm\u0113m, ieskaitot BANG BOX, WASPE, UWIN, BIMO, RandM, BANG, VOZOL, Elf Box un MYDE. M\u016bsu infrastrukt\u016bra ir izstr\u0101d\u0101ta, lai atbalst\u012btu gan jaunizveidot\u0101s mazumtirdzniec\u012bbas vietas, gan izveidot\u0101s vairumtirdzniec\u012bbas uz\u0146\u0113mumus.<\/p>\n<p>K\u0101 specializ\u0113ts vairumtirdzniec\u012bbas izplat\u012bt\u0101js vapexyz.com aizpilda plaisu starp sare\u017e\u0123\u012bt\u0101m ra\u017eo\u0161anas iek\u0101rt\u0101m un pat\u0113r\u0113t\u0101jiem v\u0113rst\u0101m mazumtirdzniec\u012bbas platform\u0101m. M\u0113s pied\u0101v\u0101jam premium vienreiz\u0113j\u0101s lieto\u0161anas e-cigaretes par \u013coti konkur\u0113tsp\u0113j\u012bg\u0101m, apjoma m\u0113roga cenu arhitekt\u016br\u0101m. Par\u0101dot m\u016bsu ap\u0146em\u0161anos nodro\u0161in\u0101t tirgus pieejam\u012bbu, m\u016bsu minim\u0101lais pas\u016bt\u012bjuma daudzums (MOQ) ir stingri noteikts tikai 10 gabalos. Neatkar\u012bgi no t\u0101, vai j\u016bs komplekt\u0113jat buti\u0137a veikalu vai izpild\u0101t re\u0123ion\u0101l\u0101s izplat\u012b\u0161anas kvotas, m\u016bsu pak\u0101penisk\u0101 cenu noteik\u0161ana nodro\u0161ina, ka optim\u0101lo vienreiz\u0113j\u0101s lieto\u0161anas e-cigare\u0161u ieg\u0101de paliek ekonomiski dz\u012bvotsp\u0113j\u012bgs un \u013coti ienes\u012bgs pas\u0101kums.<\/p>\n<\/section>\n<div style=\"text-align: center; margin: 40px 0;\"><img loading=\"lazy\" decoding=\"async\" class=\"alignnone wp-image-38610 size-large\" style=\"border-radius: 8px; box-shadow: 0 4px 15px rgba(0,0,0,0.1); max-width: 100%; height: auto;\" src=\"https:\/\/vapexyz.com\/wp-content\/uploads\/2024\/11\/SFOG-PLUS-800-Puffs-2-3-5-Low-Nicotine-Original-Factory-1-788x1024.webp\" alt=\"SFOG PLUS 800 Iztvaiko\u0161anas 2% 3% 5% Koncentr\u0101cija Ori\u0123in\u0101ls Fabrikas Lielapjoma Pirkums Atk\u0101rtoti Uzl\u0101d\u0113jams Vienreizlietojams Vapes Pildspalva Vairumtirdzniec\u012bba\" width=\"788\" height=\"1024\" title=\"\" srcset=\"https:\/\/vapexyz.com\/wp-content\/uploads\/2024\/11\/SFOG-PLUS-800-Puffs-2-3-5-Low-Nicotine-Original-Factory-1-788x1024.webp 788w, https:\/\/vapexyz.com\/wp-content\/uploads\/2024\/11\/SFOG-PLUS-800-Puffs-2-3-5-Low-Nicotine-Original-Factory-1-385x500.webp 385w, https:\/\/vapexyz.com\/wp-content\/uploads\/2024\/11\/SFOG-PLUS-800-Puffs-2-3-5-Low-Nicotine-Original-Factory-1-768x998.webp 768w, https:\/\/vapexyz.com\/wp-content\/uploads\/2024\/11\/SFOG-PLUS-800-Puffs-2-3-5-Low-Nicotine-Original-Factory-1-1182x1536.webp 1182w, https:\/\/vapexyz.com\/wp-content\/uploads\/2024\/11\/SFOG-PLUS-800-Puffs-2-3-5-Low-Nicotine-Original-Factory-1-1576x2048.webp 1576w, https:\/\/vapexyz.com\/wp-content\/uploads\/2024\/11\/SFOG-PLUS-800-Puffs-2-3-5-Low-Nicotine-Original-Factory-1-9x12.webp 9w, https:\/\/vapexyz.com\/wp-content\/uploads\/2024\/11\/SFOG-PLUS-800-Puffs-2-3-5-Low-Nicotine-Original-Factory-1-510x663.webp 510w, https:\/\/vapexyz.com\/wp-content\/uploads\/2024\/11\/SFOG-PLUS-800-Puffs-2-3-5-Low-Nicotine-Original-Factory-1.webp 1970w\" sizes=\"auto, (max-width: 788px) 100vw, 788px\" \/><\/p>\n<p style=\"font-size: 0.9em; color: #95a5a6; margin-top: 10px;\">1. att\u0113ls: SFOG PLUS 800 Puffs \u2013 Izstr\u0101d\u0101ts p\u0101rn\u0113s\u0101jam\u012bbai un vien\u0101dai veiktsp\u0113jai.<\/p>\n<\/div>\n<section style=\"margin-bottom: 40px;\">\n<h3 style=\"color: #2980b9; border-bottom: 2px solid #ecf0f1; padding-bottom: 10px;\">2. Tehnolo\u0123isk\u0101 arhitekt\u016bra un veiktsp\u0113jas r\u0101d\u012bt\u0101ji<\/h3>\n<p>The <a style=\"color: #e67e22; text-decoration: none; font-weight: bold;\" href=\"https:\/\/vapexyz.com\/lv\/produkta-kategorija\/sfog-vienreizejas-lietosanas-vape\/\">Sfog plus 800 dvese\u013ci<\/a> p\u0101rst\u0101v \u013coti izsmalcin\u0101tu iter\u0101ciju kompaktaj\u0101 vienreizlietojamo vape kategorij\u0101. Izstr\u0101d\u0101ts gan ies\u0101c\u0113ju lietot\u0101jiem, gan pieredz\u0113ju\u0161iem entuziastiem, ier\u012bce p\u0101rvar plaisu starp kabatas izm\u0113ra ergonomiku un nekompromisu iek\u0161\u0113jo aparat\u016bru. Zem\u0101k ir stingra tehnisk\u0101 sadal\u012b\u0161ana ier\u012bces specifik\u0101cij\u0101m, kas p\u0101rbaud\u012btas pret standartiz\u0113tiem nozares parametriem.<\/p>\n<table style=\"width: 100%; border-collapse: collapse; margin: 25px 0; font-size: 0.95em; box-shadow: 0 1px 3px rgba(0,0,0,0.1);\">\n<thead>\n<tr style=\"background-color: #34495e; color: #ffffff; text-align: left;\">\n<th style=\"padding: 15px; border: 1px solid #2c3e50;\">Komponents \/ Parametrs<\/th>\n<th style=\"padding: 15px; border: 1px solid #2c3e50;\">In\u017eenieru specifik\u0101cija<\/th>\n<th style=\"padding: 15px; border: 1px solid #2c3e50;\">Emp\u012brisk\u0101 lietder\u012bba<\/th>\n<\/tr>\n<\/thead>\n<tbody>\n<tr style=\"background-color: #f8f9fa;\">\n<td style=\"padding: 15px; border: 1px solid #ddd; font-weight: bold;\">Jaudas \u0161\u016bna (Akumulators)<\/td>\n<td style=\"padding: 15px; border: 1px solid #ddd;\">550mAh A-klases litija jonu (atg\u016bstams)<\/td>\n<td style=\"padding: 15px; border: 1px solid #ddd;\">Saglab\u0101 vien\u012bgu izejas spriegumu vis\u0101 izl\u0101des cikla laik\u0101, nov\u0113r\u0161ot veiktsp\u0113jas pasliktin\u0101\u0161anos gala lieto\u0161anas posmos.<\/td>\n<\/tr>\n<tr>\n<td style=\"padding: 15px; border: 1px solid #ddd; font-weight: bold;\">\u016adenskr\u0101tuves tilpums<\/td>\n<td style=\"padding: 15px; border: 1px solid #ddd;\">3,0 ml polim\u0113ru kamera<\/td>\n<td style=\"padding: 15px; border: 1px solid #ddd;\">Noregul\u0113ts, lai atbilstu akumulatora darb\u012bbas ciklam, nodro\u0161inot pietiekamu tilpumu ilgsto\u0161ai darb\u012bbai bez konstrukcijas nopl\u016bdes.<\/td>\n<\/tr>\n<tr style=\"background-color: #f8f9fa;\">\n<td style=\"padding: 15px; border: 1px solid #ddd; font-weight: bold;\">Rezult\u0101ta gaid\u012bjums<\/td>\n<td style=\"padding: 15px; border: 1px solid #ddd;\">L\u012bdz 800 aktiviz\u0101cij\u0101m (standartiz\u0113tas)<\/td>\n<td style=\"padding: 15px; border: 1px solid #ddd;\">Test\u0113ts ar automatiz\u0113tiem plau\u0161u inhal\u0101cijas simulatoriem standarta laboratorijas apst\u0101k\u013cos (3 sekun\u017eu ievilk\u0161anas interv\u0101li).<\/td>\n<\/tr>\n<tr>\n<td style=\"padding: 15px; border: 1px solid #ddd; font-weight: bold;\">Sild\u012b\u0161anas elements<\/td>\n<td style=\"padding: 15px; border: 1px solid #ddd;\">1,4 \u03a9 progres\u012bv\u0101 acu cilindra spole<\/td>\n<td style=\"padding: 15px; border: 1px solid #ddd;\">Maksimiz\u0113 virsmas laukuma un masas attiec\u012bbu \u0101trai termiskai izvieto\u0161anai un iz\u0146\u0113muma k\u0101rt\u0101 vienm\u0113r\u012bgai aerosola veido\u0161anai.<\/td>\n<\/tr>\n<tr style=\"background-color: #f8f9fa;\">\n<td style=\"padding: 15px; border: 1px solid #ddd; font-weight: bold;\">Koncentr\u0101cijas Varianti<\/td>\n<td style=\"padding: 15px; border: 1px solid #ddd;\">2%, 3% vai 5% akt\u012bv\u0101s formul\u0101cijas<\/td>\n<td style=\"padding: 15px; border: 1px solid #ddd;\">\u013bauj uz\u0146\u0113mumu pirc\u0113jiem apmierin\u0101t da\u017e\u0101das demogr\u0101fisk\u0101s pras\u012bbas un iev\u0113rot at\u0161\u0137ir\u012bgus re\u0123ion\u0101los noteikumus.<\/td>\n<\/tr>\n<tr>\n<td style=\"padding: 15px; border: 1px solid #ddd; font-weight: bold;\">Konstrukciju materi\u0101li<\/td>\n<td style=\"padding: 15px; border: 1px solid #ddd;\">Anod\u0113ta met\u0101la sakaus\u0113jums un PCTG<\/td>\n<td style=\"padding: 15px; border: 1px solid #ddd;\">Nodro\u0161ina maksim\u0101lu konstrukcijas integrit\u0101ti kritiena trieciena gad\u012bjum\u0101, vienlaikus saglab\u0101jot atbilst\u012bbu \u0137\u012bmisk\u0101s dro\u0161\u012bbas standartiem.<\/td>\n<\/tr>\n<\/tbody>\n<\/table>\n<div style=\"background-color: #f0f7fa; border-left: 6px solid #3498db; padding: 20px; margin: 30px 0; border-radius: 0 8px 8px 0;\">\n<h4 style=\"margin-top: 0; color: #2c3e50; font-size: 1.2em;\">\ud83d\udca1 Zin\u0101\u0161anu punkts: PCTG materi\u0101lu zin\u0101tne vape ier\u012bc\u0113s<\/h4>\n<p style=\"margin-bottom: 0;\">SFOG PLUS iek\u0161\u0113jais rezervu\u0101rs izmanto PCTG (policikloksil\u0113ndimetil\u0113na tereftal\u0101ta glikolu). At\u0161\u0137ir\u012bb\u0101 no standarta plastmas\u0101m, PCTG ir \u0101rk\u0101rt\u012bgi iztur\u012bgs, medic\u012bnisk\u0101s kvalit\u0101tes kopolesteris. Tas uzr\u0101da praktiski nulles degrad\u0101ciju, kad tiek pak\u013cauts karstumam un da\u017e\u0101diem aerosolu \u0161\u0137\u012bdumu pH l\u012bme\u0146iem. Tas nodro\u0161ina, ka rezervu\u0101ra struktur\u0101l\u0101 integrit\u0101te paliek neskarta, nov\u0113r\u0161ot \u0137\u012bmisku nopl\u016bdi un nodro\u0161inot neskaidru pieg\u0101di no pirm\u0101s l\u012bdz p\u0113d\u0113jai vilk\u0161anai. Turkl\u0101t t\u0101 augst\u0101 stiepes iztur\u012bba samazina mikroplaisu risku, kas ir galvenais ier\u012bces nopl\u016bdes c\u0113lonis zem\u0101ku l\u012bme\u0146u vienreiz\u0113j\u0101s lieto\u0161anas vape ier\u012bc\u0113s.<\/p>\n<\/div>\n<\/section>\n<section style=\"margin-bottom: 40px;\">\n<h3 style=\"color: #2980b9; border-bottom: 2px solid #ecf0f1; padding-bottom: 10px;\">3. Emp\u012brisk\u0101 kvalit\u0101tes nodro\u0161in\u0101\u0161ana un neatkar\u012bga valid\u0101cija<\/h3>\n<p>Pies\u0101tin\u0101t\u0101 tirg\u016b virspus\u0113ji apgalvojumi j\u0101atbalsta ar emp\u012briskiem pier\u0101d\u012bjumiem un stingriem ra\u017eo\u0161anas standartiem. SFOG PLUS 800 Puffs pirms iepakojuma tiek pak\u013cauts stingriem kvalit\u0101tes kontroles (QC) protokoliem. Ra\u017eo\u0161anas iek\u0101rtas atbilst ISO 9001 kvalit\u0101tes p\u0101rvald\u012bbas principiem, nodro\u0161inot konsekvenci no vienas partijas uz citu. Nomin\u0101l\u0101 \u201c800 p\u016btienu\u201d kapacit\u0101te nav patva\u013c\u012bga apl\u0113se; t\u0101 ir emp\u012brisks r\u0101d\u012bt\u0101js, kas ieg\u016bts no standartiz\u0113tas p\u0101rbaudes iek\u0101rtas, kas simul\u0113 cilv\u0113ka ieelpo\u0161anas mode\u013cus.<\/p>\n<p>\u0160ie automatiz\u0113tie p\u0101rbaudes meh\u0101nismi m\u0113ra kop\u0113jo ener\u0123ijas pat\u0113ri\u0146u pret 3,0 ml rezervu\u0101ra tilpumu, apstiprinot, ka 550mAh \u0161\u016bna darbojas optim\u0101los termiskajos robe\u017e\u0101s (izvairoties no sadeg\u0161anas vai \u201csausajiem triecieniem\u201d). Turkl\u0101t, Type-C uzl\u0101d\u0113jama saskarnes iek\u013cau\u0161ana darbojas k\u0101 in\u017eeniertehnisks dro\u0161\u012bbas pas\u0101kums; ja akumulators dabiski izl\u0101d\u0113jas ilgsto\u0161as uzglab\u0101\u0161anas period\u0101 pirms 3,0 ml kravas izlieto\u0161anas, lietot\u0101js var atjaunot jaudu, nodro\u0161inot 100% produkta izmanto\u0161anu un maksim\u0101li palielinot gala lietot\u0101ja ieguld\u012bjumu atdevi.<\/p>\n<\/section>\n<section style=\"margin-bottom: 40px;\">\n<h3 style=\"color: #2980b9; border-bottom: 2px solid #ecf0f1; padding-bottom: 10px;\">4. Sensorisk\u0101s izv\u0113les: The <a style=\"color: #e67e22; text-decoration: none;\" href=\"https:\/\/vapexyz.com\/lv\/\">SFOG vienreiz\u0113j\u0101s lieto\u0161anas vapes<\/a> Portfelis<\/h3>\n<p>Iz\u0161\u0137iro\u0161s faktors komerci\u0101l\u0101 mazumtirdzniec\u012bbas pan\u0101kum\u0101 ir da\u017e\u0101d\u012bba. SFOG PLUS 800 l\u012bnija ir r\u016bp\u012bgi izstr\u0101d\u0101ta ar sare\u017e\u0123\u012btiem, stabiliem arom\u0101tiskiem profiliem. \u0160ie profili ir formul\u0113ti t\u012br\u0101s telp\u0101s, izmantojot \u013coti rafin\u0113tus ekstraktus, lai nov\u0113rstu spir\u0101les karboniz\u0101ciju, t\u0101d\u0113j\u0101di saglab\u0101jot konsekventu izvades profilu vis\u0101 ier\u012bces darb\u012bbas cikla laik\u0101. Zem\u0101k ir pieejamo izv\u0113\u013cu visaptvero\u0161s katalogs:<\/p>\n<div style=\"display: grid; grid-template-columns: repeat(auto-fit, minmax(250px, 1fr)); gap: 15px; margin-top: 20px;\">\n<div style=\"background: #fff; border: 1px solid #ecf0f1; padding: 15px; border-radius: 6px; box-shadow: 0 2px 5px rgba(0,0,0,0.05);\">\n<ul style=\"list-style-type: none; padding-left: 0; margin: 0; color: #444;\">\n<li style=\"margin-bottom: 8px;\">\ud83d\udd39 Zil\u0101 ave\u0146u limon\u0101de<\/li>\n<li style=\"margin-bottom: 8px;\">\ud83d\udd39 Mellenes<\/li>\n<li style=\"margin-bottom: 8px;\">\ud83d\udd39 Svaiga piparm\u0113tra<\/li>\n<li style=\"margin-bottom: 8px;\">\ud83d\udd39 Kola<\/li>\n<li style=\"margin-bottom: 8px;\">V\u012bnogas<\/li>\n<\/ul>\n<\/div>\n<div style=\"background: #fff; border: 1px solid #ecf0f1; padding: 15px; border-radius: 6px; box-shadow: 0 2px 5px rgba(0,0,0,0.05);\">\n<ul style=\"list-style-type: none; padding-left: 0; margin: 0; color: #444;\">\n<li style=\"margin-bottom: 8px;\">\ud83d\udd39 Mango<\/li>\n<li style=\"margin-bottom: 8px;\">Roz\u0101 citron\u0101de<\/li>\n<li style=\"margin-bottom: 8px;\">Zeme\u0146u Ban\u0101ns<\/li>\n<li style=\"margin-bottom: 8px;\">Zeme\u0146u sald\u0113jums<\/li>\n<li style=\"margin-bottom: 8px;\">\ud83d\udd39 Arb\u016bzs<\/li>\n<\/ul>\n<\/div>\n<div style=\"background: #fff; border: 1px solid #ecf0f1; padding: 15px; border-radius: 6px; box-shadow: 0 2px 5px rgba(0,0,0,0.05);\">\n<ul style=\"list-style-type: none; padding-left: 0; margin: 0; color: #444;\">\n<li style=\"margin-bottom: 8px;\">\ud83d\udd39 Ban\u0101nu sald\u0113jums<\/li>\n<li style=\"margin-bottom: 8px;\">\ud83d\udd39 Persiku sald\u0113jums<\/li>\n<li style=\"margin-bottom: 8px;\">Vates Cukura Kr\u0113ms<\/li>\n<li style=\"margin-bottom: 8px;\">\ud83d\udd39 Kivi Pasifloras Gvava<\/li>\n<li style=\"margin-bottom: 8px;\">\ud83d\udd39 Kokosriekstu Melone<\/li>\n<\/ul>\n<\/div>\n<div style=\"background: #fff; border: 1px solid #ecf0f1; padding: 15px; border-radius: 6px; box-shadow: 0 2px 5px rgba(0,0,0,0.05);\">\n<ul style=\"list-style-type: none; padding-left: 0; margin: 0; color: #444;\">\n<li style=\"margin-bottom: 8px;\">\ud83e\udd6d Mango piena sald\u0113jums<\/li>\n<li style=\"margin-bottom: 8px;\">\ud83d\udd39 Apels\u012bnu dz\u0113riens<\/li>\n<li style=\"margin-bottom: 8px;\">\ud83d\udfe2 Sald\u0113jums<\/li>\n<li style=\"margin-bottom: 8px;\">\ud83d\udd39 Li\u010d\u012b sald\u0113jums<\/li>\n<\/ul>\n<\/div>\n<\/div>\n<\/section>\n<section style=\"margin-bottom: 40px;\">\n<h3 style=\"color: #2980b9; border-bottom: 2px solid #ecf0f1; padding-bottom: 10px;\">5. Strat\u0113\u0123isk\u0101s vairumtirdzniec\u012bbas oper\u0101cijas Eiropas tirg\u016b<\/h3>\n<p>Vapexyz ir galvenais lo\u0123istikas balsts mazumtirdzniec\u012bbas infrastrukt\u016br\u0101m vis\u0101 Eiropas kontinent\u0101. Mums ir at\u0161\u0137ir\u012bba b\u016bt par vado\u0161o vienreizlietojamu vape izstr\u0101d\u0101jumu vairumtirgot\u0101ju stingri reglament\u0113t\u0101 vid\u0113, ieskaitot N\u012bderlandi, V\u0101ciju, Be\u013c\u0123iju un Sp\u0101niju. M\u016bsu pieg\u0101des \u0137\u0113des protokoli ir saska\u0146oti ar re\u0123ion\u0101laj\u0101m atbilst\u012bbas pras\u012bb\u0101m, nodro\u0161inot, ka m\u016bsu B2B partneri sa\u0146em kr\u0101jumus, kas atbilst stingriem dro\u0161\u012bbas un darb\u012bbas standartiem.<\/p>\n<p>Izst\u0101dot lielapm\u0113ra iepirkumu strat\u0113\u0123iju SFOG PLUS 800 Puffs, tiek ieg\u016btas iev\u0113rojamas uz\u0146\u0113muma priek\u0161roc\u012bbas:<\/p>\n<ul style=\"line-height: 1.8; color: #444;\">\n<li>Optimiz\u0113tas vien\u012bbas ekonomika: Izmantojot m\u0113roga ekonomiju, m\u016bsu pak\u0101penisk\u0101 cenu strukt\u016bra krasi samazina vien\u012bbas ieg\u0101des izmaksas, palielinoties apjomam, tie\u0161i uzlabojot mazumtirdzniec\u012bbas pe\u013c\u0146as mar\u017eas.<\/li>\n<li>\u0136\u0113des uzticam\u012bba: M\u0113s uzturam pla\u0161as noliktavu iesp\u0113jas, k\u0101 rezult\u0101t\u0101 tiek nodro\u0161in\u0101tas \u0101tras pieg\u0101des matricas. M\u0113s garant\u0113jam past\u0101v\u012bgu kr\u0101jumu pieejam\u012bbu, mazinot m\u016bsu partneru kr\u0101jumu izs\u012bk\u0161anas risku.<\/li>\n<li>Bezberzes iepirk\u0161an\u0101s: m\u016bsu B2B port\u0101ls pied\u0101v\u0101 racionaliz\u0113tu pas\u016bt\u012b\u0161anas arhitekt\u016bru. Uz\u0146\u0113mumi var dinamiski kombin\u0113t un p\u0101rsl\u0113gt arom\u0101tiskos profilus un formul\u0113jumu koncentr\u0101cijas ar prec\u012bzu precizit\u0101ti.<\/li>\n<\/ul>\n<p>Vapexyz uz\u0146\u0113muma pamat\u0101 ir augst\u0101k\u0101s kvalit\u0101tes produkti un uzticams lo\u0123istikas pakalpojums. M\u0113s aicin\u0101m mazumtirdzniec\u012bbas \u012bpa\u0161niekus un re\u0123ion\u0101los izplat\u012bt\u0101jus apmekl\u0113t Vapexyz port\u0101lu, uzs\u0101kt partner\u012bbu un piedz\u012bvot bezprecedenta darb\u012bbas efektivit\u0101ti. SFOG PLUS 800 Puffs nodro\u0161ina optim\u0101lu in\u017eenierijas izcil\u012bbas un pat\u0113r\u0113t\u0101ju pievilc\u012bbas l\u012bdzsvaru \u2014 nostiprinot savu poz\u012bciju k\u0101 \u0101trgaitas mazumtirdzniec\u012bbas akt\u012bvs.<\/p>\n<\/section>\n<section style=\"margin-bottom: 40px;\">\n<h3 style=\"color: #2c3e50; background-color: #ecf0f1; padding: 15px; border-radius: 5px;\">Uz\u0146\u0113mumu un pat\u0113r\u0113t\u0101ju bie\u017e\u0101k uzdotie jaut\u0101jumi<\/h3>\n<div style=\"border: 1px solid #e0e0e0; border-radius: 8px; padding: 15px; margin-bottom: 15px; background: #ffffff; box-shadow: 0 2px 4px rgba(0,0,0,0.02);\">\n<h4 style=\"margin: 0 0 10px 0; color: #2980b9; font-size: 1.1em;\">Kas tie\u0161i ir 1.4\u03a9 acu spole \u0161aj\u0101 ier\u012bc\u0113?<\/h4>\n<p style=\"margin: 0; color: #555;\">1,4 omu pretest\u012bba nor\u0101da, ka \u0161\u012b spole ir \u012bpa\u0161i izstr\u0101d\u0101ta Mouth-To-Lung (MTL) ieelpo\u0161anai, cie\u0161i atdarinot tradicion\u0101lo ieelpo\u0161anas pretest\u012bbu. \u201cT\u012bkla\u201d arhitekt\u016bra noz\u012bm\u0113, ka sild\u012b\u0161anas elements ir austs met\u0101la siets, nevis viens spol\u0113ts vads. \u0160is liels virsmas laukums vienm\u0113r\u012bgi uzsilda iek\u0161\u0113jo \u0161\u0137\u012bdumu, izvairoties no lok\u0101liem apdegumiem un nodro\u0161inot iev\u0113rojami stabilu aerosola izvadi.<\/p>\n<\/div>\n<div style=\"border: 1px solid #e0e0e0; border-radius: 8px; padding: 15px; margin-bottom: 15px; background: #ffffff; box-shadow: 0 2px 4px rgba(0,0,0,0.02);\">\n<h4 style=\"margin: 0 0 10px 0; color: #2980b9; font-size: 1.1em;\">Vai 550mAh akumulators ir dro\u0161s ilgtermi\u0146a glab\u0101\u0161anai?<\/h4>\n<p style=\"margin: 0; color: #555;\">J\u0101. Ier\u012bce izmanto A-klases litija jonu akumulatoru \u0161\u016bnu, kurai ir \u013coti stabila \u0137\u012bmija un zema pa\u0161izl\u0101des \u0101trums. Tom\u0113r, lai saglab\u0101tu optim\u0101lu akumulatora vesel\u012bbu, lielapjoma pas\u016bt\u012bjumus vajadz\u0113tu uzglab\u0101t klimatiz\u0113t\u0101 vid\u0113 (ide\u0101li no 15\u00b0C l\u012bdz 25\u00b0C). T\u0101 k\u0101 ier\u012bcei ir uzl\u0101d\u0113jamas funkcijas, lietot\u0101ji var papildin\u0101t uzl\u0101di, ja ier\u012bce ir bijusi ilgsto\u0161i neakt\u012bva, t\u0101d\u0113j\u0101di nodro\u0161inot nulles atkritumus.<\/p>\n<\/div>\n<div style=\"border: 1px solid #e0e0e0; border-radius: 8px; padding: 15px; margin-bottom: 15px; background: #ffffff; box-shadow: 0 2px 4px rgba(0,0,0,0.02);\">\n<h4 style=\"margin: 0 0 10px 0; color: #2980b9; font-size: 1.1em;\">K\u0101 VapeXYZ risina re\u0123ion\u0101lo atbilst\u012bbu vienreizlietojamajiem vape produktiem?<\/h4>\n<p style=\"margin: 0; color: #555;\">K\u0101 viens no galvenajiem izplat\u012bt\u0101jiem, kas apkalpo V\u0101ciju, Sp\u0101niju, Be\u013c\u0123iju un N\u012bderlandi, m\u016bsu kr\u0101jumi koncentr\u0113jas uz ra\u017eot\u0101ju mode\u013ciem, kas iev\u0113ro stingras starptautiskas materi\u0101lu dro\u0161\u012bbas direkt\u012bvas (piem\u0113ram, RoHS un CE standartus). M\u0113s iesak\u0101m visiem mazumtirdzniec\u012bbas partneriem iepaz\u012bties ar viet\u0113jiem koncentr\u0101cijas ierobe\u017eojumiem un iepakojuma noteikumiem pirms lielapjoma pas\u016bt\u012bjumu veik\u0161anas.<\/p>\n<\/div>\n<div style=\"border: 1px solid #e0e0e0; border-radius: 8px; padding: 15px; margin-bottom: 15px; background: #ffffff; box-shadow: 0 2px 4px rgba(0,0,0,0.02);\">\n<h4 style=\"margin: 0 0 10px 0; color: #2980b9; font-size: 1.1em;\">K\u0101ds ir minim\u0101lais pas\u016bt\u012bjuma slieksnis vairumtirdzniec\u012bbas cen\u0101m?<\/h4>\n<p style=\"margin: 0; color: #555;\">VapeXYZ iev\u0113ro p\u0101rsteidzo\u0161i pieejamu minim\u0101lo pas\u016bt\u012bjuma daudzumu (MOQ) tikai 10 vien\u012bbu apm\u0113r\u0101. \u0160\u012b politika ir izstr\u0101d\u0101ta, lai pilnvarotu mazos uz\u0146\u0113mumus un specializ\u0113tos mazumtirgot\u0101jus piek\u013c\u016bt augst\u0101k\u0101s kvalit\u0101tes aparat\u016brai, piem\u0113ram, SFOG PLUS, bez s\u0101kotn\u0113jo kapit\u0101la ieguld\u012bjumu p\u0101rm\u0113r\u012bgas palielin\u0101\u0161anas.<\/p>\n<\/div>\n<\/section>\n<\/article>","protected":false},"excerpt":{"rendered":"<p>SFOG PLUS 800 Puffs atk\u0101rtoti uzl\u0101d\u0113jamais vienreiz\u0113j\u0101s lieto\u0161anas vape, kas pieejams vietn\u0113 Vapexyz, pied\u0101v\u0101 premium vape pieredzi ar savu 550mAh atk\u0101rtoti uzl\u0101d\u0113jamo akumulatoru, 3,0 ml ietilp\u012bbu un da\u017e\u0101d\u0101m gar\u0161\u0101m, padarot to par ide\u0101lu gan ikdienas, gan pieredz\u0113ju\u0161iem vape lietot\u0101jiem.<\/p>","protected":false},"featured_media":38623,"comment_status":"open","ping_status":"closed","template":"","meta":{"_lmt_disableupdate":"no","_lmt_disable":""},"product_brand":[],"product_cat":[986,1007,1019,1020,935,934,927,929,928,930,933,939,932,938,931,936,937,1017,1022,946,1023,1024,1025,1026,1027,951,1029,952,1030,1032,1033,1035,953,1037,987,1038],"product_tag":[],"class_list":{"0":"post-38606","1":"product","2":"type-product","3":"status-publish","4":"has-post-thumbnail","6":"product_cat-sfog-disposable-vapes","7":"product_cat-800-puff-vapes","8":"product_cat-blue-razz-flavor-disposable-vapes","9":"product_cat-blueberry-flavor-disposable-vapes","10":"product_cat-bulk-buy-disposable-vapes-in-austria","11":"product_cat-bulk-buy-disposable-vapes-in-belgium","12":"product_cat-bulk-buy-disposable-vapes-in-europe","13":"product_cat-bulk-buy-disposable-vapes-in-france","14":"product_cat-bulk-buy-disposable-vapes-in-germany","15":"product_cat-bulk-buy-disposable-vapes-in-italy","16":"product_cat-bulk-buy-disposable-vapes-in-netherlands","17":"product_cat-bulk-buy-disposable-vapes-in-norway","18":"product_cat-bulk-buy-disposable-vapes-in-poland","19":"product_cat-bulk-buy-disposable-vapes-in-portugal","20":"product_cat-bulk-buy-disposable-vapes-in-spain","21":"product_cat-bulk-buy-disposable-vapes-in-sweden","22":"product_cat-bulk-buy-disposable-vapes-in-switzerland","23":"product_cat-buy-best-disposable-vape-flavors","24":"product_cat-cola-flavor-disposable-vapes","25":"product_cat-disposable-vapes-series","26":"product_cat-grape-flavor-disposable-vapes","27":"product_cat-guava-flavor-disposable-vapes","28":"product_cat-ice-flavor-disposable-vapes","29":"product_cat-kiwi-flavor-disposable-vapes","30":"product_cat-lemon-flavor-disposable-vapes","31":"product_cat-lower-nicotine-vapes","32":"product_cat-mango-flavor-disposable-vapes","33":"product_cat-mini-puffs-vapes","34":"product_cat-mint-flavor-disposable-vapes","35":"product_cat-passion-fruit-flavor-disposable-vapes","36":"product_cat-peach-flavor-disposable-vapes","37":"product_cat-raspberry-flavor-disposable-vapes","38":"product_cat-rechargeable-vapes","39":"product_cat-strawberry-flavor-disposable-vapes","40":"product_cat-vape-shop-by-puffs","41":"product_cat-watermelon-flavor-disposable-vapes","43":"first","44":"instock","45":"shipping-taxable","46":"purchasable","47":"product-type-variable","48":"has-default-attributes"},"jetpack_sharing_enabled":true,"tiered_pricing_type":"fixed","tiered_pricing_fixed_rules":[],"tiered_pricing_product_settings":{"layout":"default","base_unit_name":{"singular":null,"plural":null},"default_variation":null},"tiered_pricing_minimum_quantity":null,"tiered_pricing_roles_data":[],"tiered_pricing_percentage_rules":[],"tiered_pricing_maximum_quantity":null,"tiered_pricing_quantity_step":null,"_links":{"self":[{"href":"https:\/\/vapexyz.com\/lv\/wp-json\/wp\/v2\/product\/38606","targetHints":{"allow":["GET"]}}],"collection":[{"href":"https:\/\/vapexyz.com\/lv\/wp-json\/wp\/v2\/product"}],"about":[{"href":"https:\/\/vapexyz.com\/lv\/wp-json\/wp\/v2\/types\/product"}],"replies":[{"embeddable":true,"href":"https:\/\/vapexyz.com\/lv\/wp-json\/wp\/v2\/comments?post=38606"}],"wp:featuredmedia":[{"embeddable":true,"href":"https:\/\/vapexyz.com\/lv\/wp-json\/wp\/v2\/media\/38623"}],"wp:attachment":[{"href":"https:\/\/vapexyz.com\/lv\/wp-json\/wp\/v2\/media?parent=38606"}],"wp:term":[{"taxonomy":"product_brand","embeddable":true,"href":"https:\/\/vapexyz.com\/lv\/wp-json\/wp\/v2\/product_brand?post=38606"},{"taxonomy":"product_cat","embeddable":true,"href":"https:\/\/vapexyz.com\/lv\/wp-json\/wp\/v2\/product_cat?post=38606"},{"taxonomy":"product_tag","embeddable":true,"href":"https:\/\/vapexyz.com\/lv\/wp-json\/wp\/v2\/product_tag?post=38606"}],"curies":[{"name":"wp","href":"https:\/\/api.w.org\/{rel}","templated":true}]}}