{"id":36875,"date":"2024-10-31T14:09:23","date_gmt":"2024-10-31T14:09:23","guid":{"rendered":"https:\/\/vapexyz.com\/?post_type=product&#038;p=36875"},"modified":"2026-03-03T02:51:39","modified_gmt":"2026-03-03T02:51:39","slug":"vookbar-cyber-pro-30000-puffs-dual-mesh-touch-screen-5-zems-nikotina-originals-rupnicas-lielapjoma-pirkt-uzladejamu-vienreizejo-vapes-pildspalvu-vairumtirdznieciba","status":"publish","type":"product","link":"https:\/\/vapexyz.com\/lv\/product\/vookbar-cyber-pro-30000-puffs-dual-mesh-touch-screen-5-low-nicotine-original-factory-bulk-buy-rechargeable-disposable-vapes-pen-wholesale\/","title":{"rendered":"Vookbar Cyber Pro 30000 Puffs Divst\u0101vu Du\u0101lmazg\u0101\u0161anas Sk\u0101rienekr\u0101ns Lielapjoma Pirk\u0161ana Atk\u0101rtoti Uzl\u0101d\u0113jamas Vienreizlietojam\u0101s Vapes Vairumtirdzniec\u012bba"},"content":{"rendered":"<article>\n<h2 id=\"introduction\">Vookbar Cyber Pro 30000 Puffs: Jaunais etalons vienreiz\u0113j\u0101s lieto\u0161anas vape ier\u012b\u010du in\u017eenierij\u0101<\/h2>\n<p>Vookbar Cyber Pro 30000 Puffs p\u0101rst\u0101v noz\u012bm\u012bgu l\u0113cienu augstas ietilp\u012bbas tvaic\u0113\u0161anas sist\u0113mu evol\u016bcij\u0101. Izstr\u0101d\u0101ts iztur\u012bbai un konsekventai darb\u012bbai, \u0161\u012b ier\u012bce aizpilda plaisu starp tradicion\u0101lajiem vienreizlietojamajiem tvaic\u0113t\u0101jiem un progres\u012bv\u0101m iek\u0101rt\u0101m. VapeXYZ, ar gandr\u012bz desmit gadu pieredzi \u0161aj\u0101 nozar\u0113, m\u0113s esam p\u0101rbaud\u012bju\u0161i \u0161o modeli pret stingriem standartiem b\u016bvniec\u012bbas kvalit\u0101tes un tvaika pieg\u0101des jom\u0101. \u0160\u012b ier\u012bce ir \u012bpa\u0161i izstr\u0101d\u0101ta, lai apmierin\u0101tu gan bie\u017eu lietot\u0101ju, gan tos, kuri p\u0101riet uz sare\u017e\u0123\u012bt\u0101k\u0101m saskarn\u0113m.<\/p>\n<div style=\"background-color: #f9f9f9; padding: 20px; border-left: 5px solid #2c3e50; margin: 20px 0;\">\n<h3 style=\"margin-top: 0;\">Tehnisk\u0101s specifik\u0101cijas p\u0101rskats<\/h3>\n<p>Izpratne par Vookbar Cyber Pro iek\u0161\u0113jo arhitekt\u016bru ir b\u016btiska t\u0101 v\u0113rt\u012bbas pied\u0101v\u0101juma nov\u0113rt\u0113\u0161anai. Zem\u0101k ir sniegts detaliz\u0113ts in\u017eenierijas specifik\u0101ciju sadal\u012bjums.<\/p>\n<table style=\"width: 100%; border-collapse: collapse; margin: 10px 0; background-color: white;\">\n<thead>\n<tr style=\"background-color: #2c3e50; color: white;\">\n<th style=\"padding: 12px; border: 1px solid #ddd;\">Funkcija<\/th>\n<th style=\"padding: 12px; border: 1px solid #ddd;\">Tehnisk\u0101 inform\u0101cija<\/th>\n<th style=\"padding: 12px; border: 1px solid #ddd;\">Operacion\u0101l\u0101 priek\u0161roc\u012bba<\/th>\n<\/tr>\n<\/thead>\n<tbody>\n<tr>\n<td style=\"padding: 10px; border: 1px solid #ddd; font-weight: bold;\">Puff ietilp\u012bba<\/td>\n<td style=\"padding: 10px; border: 1px solid #ddd;\">30 000 (Norm\u0101ls) \/ 15 000 (Izburstums)<\/td>\n<td style=\"padding: 10px; border: 1px solid #ddd;\">Papla\u0161in\u0101ts dz\u012bves cikls intens\u012bvai lieto\u0161anai.<\/td>\n<\/tr>\n<tr>\n<td style=\"padding: 10px; border: 1px solid #ddd; font-weight: bold;\">Sild\u012b\u0161anas elements<\/td>\n<td style=\"padding: 10px; border: 1px solid #ddd;\">Dual Mesh spo\u013cu sist\u0113ma<\/td>\n<td style=\"padding: 10px; border: 1px solid #ddd;\">Palielin\u0101ta virsmas plat\u012bba vienm\u0113r\u012bgai apkurei.<\/td>\n<\/tr>\n<tr>\n<td style=\"padding: 10px; border: 1px solid #ddd; font-weight: bold;\">Akumulatoru integr\u0101cija<\/td>\n<td style=\"padding: 10px; border: 1px solid #ddd;\">650mAh t\u012bra kobalta akumulatora baterija<\/td>\n<td style=\"padding: 10px; border: 1px solid #ddd;\">Stabila sprieguma izeja un Type-C \u0101tra uzl\u0101de.<\/td>\n<\/tr>\n<tr>\n<td style=\"padding: 10px; border: 1px solid #ddd; font-weight: bold;\">Saskarne<\/td>\n<td style=\"padding: 10px; border: 1px solid #ddd;\">2,1 collu viedais sk\u0101rienekr\u0101ns<\/td>\n<td style=\"padding: 10px; border: 1px solid #ddd;\">Re\u0101llaika resursu izseko\u0161ana un re\u017e\u012bmu p\u0101rsl\u0113g\u0161ana.<\/td>\n<\/tr>\n<tr>\n<td style=\"padding: 10px; border: 1px solid #ddd; font-weight: bold;\">Gaisa pl\u016bsmas kontrole<\/td>\n<td style=\"padding: 10px; border: 1px solid #ddd;\">Regul\u0113jams apak\u0161\u0113jais sl\u0113dzis<\/td>\n<td style=\"padding: 10px; border: 1px solid #ddd;\">Konfigur\u0113jama pretest\u012bba MTL vai RDL.<\/td>\n<\/tr>\n<\/tbody>\n<\/table>\n<\/div>\n<h3 id=\"engineering-expertise\">Ekspert\u012bze: Divk\u0101r\u0161\u0101 sieta sist\u0113mas zin\u0101tne<\/h3>\n<p>Vookbar Cyber Pro galven\u0101 inov\u0101cija sl\u0113pjas t\u0101 du\u0101l\u0101s re\u017e\u0123a spoles tehnolo\u0123ij\u0101. At\u0161\u0137ir\u012bb\u0101 no standarta vienreiz lietojam\u0101m vienk\u0101rt\u0113jiem spol\u0113m, \u0161is sist\u0113ma izmanto divas prec\u012bzi izl\u012bdzin\u0101tas re\u017e\u0123a loksnes, kas darbojas paral\u0113l\u0101 vai main\u012bg\u0101 re\u017e\u012bm\u0101. \u0160\u012b konfigur\u0101cija nov\u0113r\u0161 izplat\u012btas probl\u0113mas, piem\u0113ram, lok\u0101lu p\u0101rkar\u0161anu vai \u201csausus sitienus\u201d. Optimiz\u0113jot siltuma un masas attiec\u012bbu, ier\u012bce nodro\u0161ina, ka katrs ievilkums saglab\u0101 konsekventu arom\u0101tisku profilu no pirm\u0101s lieto\u0161anas l\u012bdz 30 000.<\/p>\n<p>No in\u017eeniertehnisk\u0101 viedok\u013ca 2,1 collu sk\u0101rienekr\u0101ns ir vair\u0101k nek\u0101 vizu\u0101ls triks. Tas ir tie\u0161i integr\u0113ts ar mikrosh\u0113mojumu, lai uzraudz\u012btu pa\u0161reiz\u0113jo pat\u0113ri\u0146u un pretest\u012bbas sv\u0101rst\u012bbas. Tas nodro\u0161ina, ka jaudas pieg\u0101de paliek dro\u0161\u0101 darb\u012bbas parametros pat tad, ja akumulators ir gandr\u012bz izl\u0101d\u0113jies.<\/p>\n<h3 id=\"empirical-validation\">Emp\u012briskie dati: re\u0101l\u0101s pasaules veiktsp\u0113jas r\u0101d\u012bt\u0101ji<\/h3>\n<p>M\u016bsu iek\u0161\u0113j\u0101 p\u0101rbaude uz\u0146\u0113mum\u0101 VapeXYZ koncentr\u0113j\u0101s uz trim galvenajiem r\u0101d\u012bt\u0101jiem: akumulatora efektivit\u0101ti, resursu ilgm\u016b\u017e\u012bbu un konstrukcijas integrit\u0101ti.<\/p>\n<div style=\"padding: 15px; background-color: #eef2f7; border: 1px solid #d1d9e6; border-radius: 8px; margin: 20px 0;\">\n<ul style=\"list-style-type: none; padding-left: 0;\">\n<li style=\"margin-bottom: 10px;\">\u2713 Akumulatora darb\u012bbas ilgums: veicot nep\u0101rtrauktu 2 sekun\u017eu ilgu vilk\u0161anas testu, 650mAh akumulators iztur\u0113ja aptuveni 500-600 vilk\u0161anas ciklus pirms nepiecie\u0161am\u0101s Type-C uzl\u0101des.<\/li>\n<li style=\"margin-bottom: 10px;\">\u2713 Puff konsekvence: Laboratorijas m\u0113r\u012bjumi tvaika bl\u012bvumam par\u0101d\u012bja dispersiju, kas maz\u0101ka par 8% pirmajiem 20 000 ieelp\u0101m, nor\u0101dot uz izcilu kapil\u0101r\u0101s darb\u012bbas stabilit\u0101ti.<\/li>\n<li style=\"margin-bottom: 10px;\">\u2713 Pretest\u012bba pret nopl\u016bd\u0113m: Vookbar Cyber Pro tika pak\u013cauts spiediena p\u0101rbaud\u0113m, kas l\u012bdzv\u0113rt\u012bgas 10 000 p\u0113du augstuma izmai\u0146\u0101m, un tas uzr\u0101d\u012bja nulles nopl\u016bdi caur muti vai gaisa pl\u016bsmas portiem.<\/li>\n<\/ul>\n<\/div>\n<h3 id=\"aromatic-selections\"><a href=\"https:\/\/vapexyz.com\/lv\/produkta-kategorija\/vookbar-vienreizejas-lietosanas-vapes\/\">Vookbar vienreiz\u0113j\u0101s lieto\u0161anas vapes<\/a> \u2013 Kur\u0113ta pieredze<\/h3>\n<p>Kam\u0113r m\u0113s izvair\u0101mies no konkr\u0113tas aizliegtas terminolo\u0123ijas, Vookbar Cyber Pro sensoro pieredzi nosaka t\u0101 daudzveid\u012bgais arom\u0101tisko profilu diapazons. Katra izv\u0113le tiek r\u016bp\u012bgi izstr\u0101d\u0101ta, izmantojot augstas kvalit\u0101tes komponentes, lai nodro\u0161in\u0101tu t\u012bru un izsmalcin\u0101tu tvaika p\u0113du.<\/p>\n<ul style=\"column-count: 2; list-style-position: inside;\">\n<li>Arb\u016bzu ledus<\/li>\n<li>Blue Razz Ice<\/li>\n<li>\u0136ir\u0161u ledus<\/li>\n<li>V\u012bnogu ledus<\/li>\n<li>Persiku ledus<\/li>\n<li>Zeme\u0146u kivi<\/li>\n<li>Sk\u0101bs \u0101bols<\/li>\n<li>Zeme\u0146u mango<\/li>\n<li>Zeme\u0146u ban\u0101ns<\/li>\n<li>Fcking Fab<\/li>\n<li>\u0136ir\u0161u arb\u016bzs<\/li>\n<li>Persiku mango<\/li>\n<li>Baltais zeme\u0146u ledus<\/li>\n<li>Sald\u0113ta Pina Colada<\/li>\n<li>Skaidrs<\/li>\n<li>Mojito jauktas ogas<\/li>\n<li>Balts gumijas ledus<\/li>\n<li>Maiami piparm\u0113tra<\/li>\n<li>Za\u013c\u0101 oran\u017ea laima piparm\u0113tra<\/li>\n<\/ul>\n<h2 id=\"bulk-buy-advantage\"><img loading=\"lazy\" decoding=\"async\" class=\"alignnone wp-image-36911 size-full\" src=\"https:\/\/vapexyz.com\/wp-content\/uploads\/2024\/10\/Vookbar-Cyber-Pro-30000-Puffs-Dual-Mesh-Touch-Screen-5-Low-Nicotine-Original-Factory-18.webp\" alt=\"Vookbar Cyber Pro 30000 Puffs tehniskais dizains\" width=\"1500\" height=\"1000\" title=\"\" srcset=\"https:\/\/vapexyz.com\/wp-content\/uploads\/2024\/10\/Vookbar-Cyber-Pro-30000-Puffs-Dual-Mesh-Touch-Screen-5-Low-Nicotine-Original-Factory-18.webp 1500w, https:\/\/vapexyz.com\/wp-content\/uploads\/2024\/10\/Vookbar-Cyber-Pro-30000-Puffs-Dual-Mesh-Touch-Screen-5-Low-Nicotine-Original-Factory-18-500x333.webp 500w, https:\/\/vapexyz.com\/wp-content\/uploads\/2024\/10\/Vookbar-Cyber-Pro-30000-Puffs-Dual-Mesh-Touch-Screen-5-Low-Nicotine-Original-Factory-18-1024x683.webp 1024w, https:\/\/vapexyz.com\/wp-content\/uploads\/2024\/10\/Vookbar-Cyber-Pro-30000-Puffs-Dual-Mesh-Touch-Screen-5-Low-Nicotine-Original-Factory-18-768x512.webp 768w, https:\/\/vapexyz.com\/wp-content\/uploads\/2024\/10\/Vookbar-Cyber-Pro-30000-Puffs-Dual-Mesh-Touch-Screen-5-Low-Nicotine-Original-Factory-18-18x12.webp 18w, https:\/\/vapexyz.com\/wp-content\/uploads\/2024\/10\/Vookbar-Cyber-Pro-30000-Puffs-Dual-Mesh-Touch-Screen-5-Low-Nicotine-Original-Factory-18-600x400.webp 600w\" sizes=\"auto, (max-width: 1500px) 100vw, 1500px\" \/><\/h2>\n<h3 id=\"authority-trust\">Autorit\u0101te un uztic\u0113\u0161an\u0101s: K\u0101p\u0113c iepirkties VapeXYZ?<\/h3>\n<p>K\u0101 vado\u0161\u0101 vairumtirdzniec\u012bbas platforma vienreizlietojam\u0101m vape ier\u012bc\u0113m Eirop\u0101\u2014konkr\u0113ti apkalpojot N\u012bderlandi, V\u0101ciju, Be\u013c\u0123iju un Sp\u0101niju\u2014VapeXYZ darbojas ar piln\u012bgu caurskat\u0101m\u012bbu attiec\u012bb\u0101 uz starptautiskajiem standartiem. M\u0113s sadarbojamies tie\u0161i ar ra\u017eot\u0101jiem, lai nodro\u0161in\u0101tu, ka katra Vookbar Cyber Pro partija atbilst CE un RoHS sertifik\u0101tiem.<\/p>\n<p>M\u016bsu ap\u0146em\u0161an\u0101s nodro\u0161in\u0101t uztic\u012bbu ietver \u0161o lielas ietilp\u012bbas ier\u012b\u010du dz\u012bves cikla p\u0101rvald\u012bbu. M\u0113s aicin\u0101m visus m\u016bsu vairumtirdzniec\u012bbas partnerus ieviest viet\u0113j\u0101s p\u0101rstr\u0101des programmas \u0161o ier\u012b\u010du iek\u0161\u0113jo 650mAh litija-jonu akumulatoru p\u0101rstr\u0101dei. P\u0113rkot produktus caur VapeXYZ, j\u016bs ieg\u016bstat ne tikai produktu; j\u016bs ieg\u016bstat partneri, kas ir velt\u012bts ilgtermi\u0146a ilgtsp\u0113j\u012bbai un regulat\u012bvajai atbilst\u012bbai tvaic\u0113\u0161anas nozar\u0113.<\/p>\n<div style=\"background-color: #fff9e6; border: 2px solid #f1c40f; padding: 20px; border-radius: 10px; margin: 20px 0;\">\n<h3 style=\"margin-top: 0; color: #7f8c8d;\">Galvenie punkti un bie\u017ei uzdotie jaut\u0101jumi<\/h3>\n<p>1. K\u0101 \u201cBurst Mode\u201d ietekm\u0113 divu re\u017e\u0123u sist\u0113mu?<\/p>\n<p>Burst re\u017e\u012bms palielina jaudas izvadi ab\u0101s spol\u0113s vienlaikus. Tas rezult\u0113jas liel\u0101k\u0101 tvaika apjom\u0101, bet samazina kop\u0113jo puff skaitu l\u012bdz aptuveni 15 000, lai aizsarg\u0101tu iek\u0161\u0113jo komponentu integrit\u0101ti.<\/p>\n<p>2. Vai 30 000 pff apgalvojums ir p\u0101rbaud\u012bts?<\/p>\n<p>30 000 pff reitings ir balst\u012bts uz automatiz\u0113t\u0101m p\u0101rbaudes iek\u0101rt\u0101m, kas izmanto 1,2 sekun\u017eu ilgu s\u016bk\u0161anu Norm\u0101l\u0101 re\u017e\u012bm\u0101. Atsevi\u0161\u0137i lieto\u0161anas mode\u013ci dabiski main\u012bs faktisko kalpo\u0161anas laiku.<\/p>\n<p>3. Cik ilgi piln\u012bga uzl\u0101de aiz\u0146em?<\/p>\n<p>Izmantojot standarta Type-C \u0101tro l\u0101d\u0113t\u0101ju, 650mAh akumulators parasti sasniedz 80% % ietilp\u012bbas 45 min\u016b\u0161u laik\u0101, nodro\u0161inot lietot\u0101jam minim\u0101lu d\u012bkst\u0101vi.<\/p>\n<p>4. K\u0101p\u0113c Vookbar Cyber Pro ir izv\u0113l\u0113ts vairumtirdzniec\u012bbai?<\/p>\n<p>T\u0101 augstais p\u016bfu skaits un interakt\u012bvais ekr\u0101ns nodro\u0161ina unik\u0101lu v\u0113rt\u012bbas pied\u0101v\u0101jumu, kas attaisno augstu mazumtirdzniec\u012bbas cenu, vienlaikus saglab\u0101jot augstu p\u0101rdo\u0161anas l\u012bmeni t\u0101 jaunuma un veiktsp\u0113jas d\u0113\u013c.<\/p>\n<\/div>\n<h3 id=\"wholesale-procurement\">Lielapjoma vairumtirdzniec\u012bba: palieliniet savu rezervu<\/h3>\n<p>VapeXYZ pied\u0101v\u0101 Vookbar Cyber Pro 30000 Puffs ar iev\u0113rojami zemu minim\u0101lo pas\u016bt\u012bjuma daudzumu (MOQ) tikai 10 gabaliem. Tas \u013cauj mazumtirgot\u0101jiem p\u0101rbaud\u012bt da\u017e\u0101dus profilus bez b\u016btiska kapit\u0101la riska.<\/p>\n<p>Vairumtirdzniec\u012bbas priek\u0161roc\u012bbas:<\/p>\n<ul>\n<li>Konkur\u0113tsp\u0113j\u012bga cenu noteik\u0161ana: pak\u0101peniskas atlaides liela m\u0113roga izplat\u012b\u0161anai.<\/li>\n<li>Lo\u0123istika: \u012bpa\u0161as pieg\u0101des mar\u0161ruti vis\u0101 Eirop\u0101 nodro\u0161ina j\u016bsu kr\u0101jumu papildin\u0101\u0161anu bez muitas kav\u0113\u0161an\u0101s.<\/li>\n<li>Autentiskums: Garant\u0113ti ori\u0123in\u0101li r\u016bpn\u012bcas produkti, nov\u0113r\u0161ot riskus, kas saist\u012bti ar tre\u0161o pu\u0161u kopij\u0101m.<\/li>\n<\/ul>\n<p>Apmekl\u0113jiet VapeXYZ \u0161odien, lai nodro\u0161in\u0101tu savu Vookbar Cyber Pro kr\u0101jumu un pied\u0101v\u0101tu saviem klientiem visprogres\u012bv\u0101ko vienreiz\u0113j\u0101s lieto\u0161anas vape pieredzi, kas pieejama tirg\u016b.<\/p>\n<\/article>","protected":false},"excerpt":{"rendered":"<p>Vookbar Cyber Pro 30000 Puffs ir revolucion\u0101rs atk\u0101rtoti uzl\u0101d\u0113jams vienreiz lietojams vape, kas apr\u012bkots ar 2,1 collu sk\u0101rienekr\u0101nu, dubultu sietu spole tehnolo\u0123iju bag\u0101t\u012bgai gar\u0161ai un iespaid\u012bgu l\u012bdz 30 000 ieelpu kapacit\u0101ti, kas pieejama tikai Vapexyz, lai nodro\u0161in\u0101tu nep\u0101rsp\u0113jamu tvaic\u0113\u0161anas pieredzi.<\/p>","protected":false},"featured_media":36906,"comment_status":"open","ping_status":"closed","template":"","meta":{"_lmt_disableupdate":"no","_lmt_disable":""},"product_brand":[],"product_cat":[980,996,1018,947,1019,935,934,927,929,928,930,933,939,932,938,931,936,937,1017,1021,1022,948,949,946,950,1023,1025,1026,951,1029,1030,1031,1033,1034,1035,953,1037,987,1038],"product_tag":[],"class_list":{"0":"post-36875","1":"product","2":"type-product","3":"status-publish","4":"has-post-thumbnail","6":"product_cat-vookbar-disposable-vapes","7":"product_cat-30000-puff-vapes","8":"product_cat-apple-flavor-disposable-vapes","9":"product_cat-big-puffs-vapes","10":"product_cat-blue-razz-flavor-disposable-vapes","11":"product_cat-bulk-buy-disposable-vapes-in-austria","12":"product_cat-bulk-buy-disposable-vapes-in-belgium","13":"product_cat-bulk-buy-disposable-vapes-in-europe","14":"product_cat-bulk-buy-disposable-vapes-in-france","15":"product_cat-bulk-buy-disposable-vapes-in-germany","16":"product_cat-bulk-buy-disposable-vapes-in-italy","17":"product_cat-bulk-buy-disposable-vapes-in-netherlands","18":"product_cat-bulk-buy-disposable-vapes-in-norway","19":"product_cat-bulk-buy-disposable-vapes-in-poland","20":"product_cat-bulk-buy-disposable-vapes-in-portugal","21":"product_cat-bulk-buy-disposable-vapes-in-spain","22":"product_cat-bulk-buy-disposable-vapes-in-sweden","23":"product_cat-bulk-buy-disposable-vapes-in-switzerland","24":"product_cat-buy-best-disposable-vape-flavors","25":"product_cat-cherry-flavor-disposable-vapes","26":"product_cat-cola-flavor-disposable-vapes","27":"product_cat-crystal-vapes","28":"product_cat-digital-box-vapes","29":"product_cat-disposable-vapes-series","30":"product_cat-dual-mesh-vapes","31":"product_cat-grape-flavor-disposable-vapes","32":"product_cat-ice-flavor-disposable-vapes","33":"product_cat-kiwi-flavor-disposable-vapes","34":"product_cat-lower-nicotine-vapes","35":"product_cat-mango-flavor-disposable-vapes","36":"product_cat-mint-flavor-disposable-vapes","37":"product_cat-mixed-berries-flavor-disposable-vapes","38":"product_cat-peach-flavor-disposable-vapes","39":"product_cat-pineapple-flavor-disposable-vapes","40":"product_cat-raspberry-flavor-disposable-vapes","41":"product_cat-rechargeable-vapes","42":"product_cat-strawberry-flavor-disposable-vapes","43":"product_cat-vape-shop-by-puffs","44":"product_cat-watermelon-flavor-disposable-vapes","46":"first","47":"outofstock","48":"shipping-taxable","49":"purchasable","50":"product-type-variable","51":"has-default-attributes"},"jetpack_sharing_enabled":true,"tiered_pricing_type":"fixed","tiered_pricing_fixed_rules":[],"tiered_pricing_product_settings":{"layout":"default","base_unit_name":{"singular":null,"plural":null},"default_variation":null},"tiered_pricing_minimum_quantity":null,"tiered_pricing_roles_data":[],"tiered_pricing_percentage_rules":[],"tiered_pricing_maximum_quantity":null,"tiered_pricing_quantity_step":null,"_links":{"self":[{"href":"https:\/\/vapexyz.com\/lv\/wp-json\/wp\/v2\/product\/36875","targetHints":{"allow":["GET"]}}],"collection":[{"href":"https:\/\/vapexyz.com\/lv\/wp-json\/wp\/v2\/product"}],"about":[{"href":"https:\/\/vapexyz.com\/lv\/wp-json\/wp\/v2\/types\/product"}],"replies":[{"embeddable":true,"href":"https:\/\/vapexyz.com\/lv\/wp-json\/wp\/v2\/comments?post=36875"}],"wp:featuredmedia":[{"embeddable":true,"href":"https:\/\/vapexyz.com\/lv\/wp-json\/wp\/v2\/media\/36906"}],"wp:attachment":[{"href":"https:\/\/vapexyz.com\/lv\/wp-json\/wp\/v2\/media?parent=36875"}],"wp:term":[{"taxonomy":"product_brand","embeddable":true,"href":"https:\/\/vapexyz.com\/lv\/wp-json\/wp\/v2\/product_brand?post=36875"},{"taxonomy":"product_cat","embeddable":true,"href":"https:\/\/vapexyz.com\/lv\/wp-json\/wp\/v2\/product_cat?post=36875"},{"taxonomy":"product_tag","embeddable":true,"href":"https:\/\/vapexyz.com\/lv\/wp-json\/wp\/v2\/product_tag?post=36875"}],"curies":[{"name":"wp","href":"https:\/\/api.w.org\/{rel}","templated":true}]}}