{"id":36076,"date":"2024-10-26T08:35:59","date_gmt":"2024-10-26T08:35:59","guid":{"rendered":"https:\/\/vapexyz.com\/?post_type=product&#038;p=36076"},"modified":"2026-03-01T01:44:41","modified_gmt":"2026-03-01T01:44:41","slug":"atvs-karakugis-18000-puffs-digitalais-ekrans-dual-mesh-5-zems-nikotina-originals-rupnicas-lielapjoma-pirkt-uzladejamu-vienreizejo-vapes-pildspalvu-vairumtirdznieciba","status":"publish","type":"product","link":"https:\/\/vapexyz.com\/lv\/product\/atvs-warship-18000-puffs-digital-screen-dual-mesh-5-low-nicotine-original-factory-bulk-buy-rechargeable-disposable-vapes-pen-wholesale\/","title":{"rendered":"ATVS KARAV\u012aRE 18000 Izdvesas Digit\u0101lais Ekr\u0101ns Divk\u0101r\u0161s T\u012bkls Lielapjoma Pirkums Uzl\u0101d\u0113jamas Vienreiz\u0113j\u0101s Lieto\u0161anas Vapes Vairumtirdzniec\u012bba"},"content":{"rendered":"<article style=\"font-family: system-ui, -apple-system, sans-serif; line-height: 1.6; color: #333; max-width: 100%; margin: 0 auto; padding: 20px;\">\n<h2 style=\"color: #1a202c; border-bottom: 2px solid #e2e8f0; padding-bottom: 10px; font-size: 2em;\">ATVS KARAV\u012aNE 18000 Izklaides Digit\u0101lais Ekr\u0101ns Divk\u0101r\u0161s Siets 5% Koncentr\u0101cija Ori\u0123in\u0101ls Fabrikas Lielapjoma Pirkums Atg\u016bstams Vienreizlietojams Vapes Pildspalva Vairumtirdzniec\u012bba<\/h2>\n<p>ATVS WARSHIP 18000 Puffs p\u0101rst\u0101v iev\u0113rojamu l\u0113cienu uz priek\u0161u augstas ietilp\u012bbas vienreiz lietojamu vape ier\u012b\u010du in\u017eenierij\u0101. Izstr\u0101d\u0101ts, lai atbilstu gan gala lietot\u0101ju, gan vairumtirdzniec\u012bbas izplat\u012bt\u0101ju stingraj\u0101m pras\u012bb\u0101m, \u0161\u012b konkr\u0113t\u0101 ier\u012bce apvieno ilg\u0101ku darb\u012bbas m\u016b\u017eu ar prec\u012bzu elektronisko uzraudz\u012bbu. VapeXYZ, balstoties uz vair\u0101k nek\u0101 asto\u0146iem gadiem ilg\u0101s pieredzes glob\u0101laj\u0101 izplat\u012b\u0161an\u0101, ar lepnumu pied\u0101v\u0101 \u0161o premium aparat\u016bru Eiropas tirgum un \u0101rpus t\u0101. Koncentr\u0113joties uz p\u0101rbaud\u0101m\u0101m veiktsp\u0113jas r\u0101d\u012bt\u0101jiem, robustu iek\u0161\u0113jo arhitekt\u016bru un uzticamu pieg\u0101des \u0137\u0113des lo\u0123istiku, m\u0113s nodro\u0161in\u0101m mazumtirdzniec\u012bbas partneriem \u013coti uzticamu produktu, ko atbalsta autentiska B2B pieredze.<\/p>\n<p>Neatkar\u012bgi no t\u0101, vai j\u016bs p\u0101rvald\u0101t liela m\u0113roga izplat\u012b\u0161anas t\u012bklu vai specializ\u0113tu butiku, uzticamu vienreizlietojamu vape ier\u012b\u010du ieg\u0101de prasa skaidru izpratni par aparat\u016bras tehniskaj\u0101m specifik\u0101cij\u0101m. ATVS WARSHIP tiek ra\u017eots m\u016bsdien\u012bg\u0101s iek\u0101rt\u0101s, iev\u0113rojot stingrus kvalit\u0101tes kontroles standartus, kas nodro\u0161ina konsekvenci liel\u0101s ra\u017eo\u0161anas partij\u0101s. Izmantojot VapeXYZ, komerci\u0101lie pirc\u0113ji var piek\u013c\u016bt \u0161\u012bm augst\u0101k\u0101s kvalit\u0101tes ier\u012bc\u0113m ar iz\u0146\u0113muma k\u0101rt\u0101 pieejamu minim\u0101lo pas\u016bt\u012bjuma daudzumu (MOQ) tikai 10 gabalu apm\u0113r\u0101, t\u0101d\u0113j\u0101di p\u0101rvarot plaisu starp milz\u012bgiem r\u016bpn\u012bcas izstr\u0101d\u0101jumiem un elast\u012bgu kr\u0101jumu p\u0101rvald\u012bbu.<\/p>\n<h3 style=\"color: #2d3748; margin-top: 30px; font-size: 1.5em;\">Tehnisk\u0101s specifik\u0101cijas un aparat\u016bras in\u017eenierija<\/h3>\n<p>ATVS WARSHIP veiktsp\u0113jas pamat\u0101 ir t\u0101 \u013coti optimiz\u0113t\u0101 iek\u0161\u0113j\u0101 arhitekt\u016bra. At\u0161\u0137ir\u012bb\u0101 no vienk\u0101r\u0161\u0101m vienvadu konfigur\u0101cij\u0101m, \u0161is ier\u012bce izmanto progres\u012bvu divu acu sild\u012b\u0161anas matricu. Acu elementi nodro\u0161ina daudz liel\u0101ku virsmas laukumu sal\u012bdzin\u0101jum\u0101 ar tradicion\u0101lajiem spir\u0101lveida vadiem. No in\u017eenierijas viedok\u013ca \u0161is palielin\u0101tais virsmas laukums \u013cauj vienm\u0113r\u012bg\u0101k sadal\u012bt siltumener\u0123iju. Samazinot lok\u0101l\u0101s karst\u0101s zonas, divu acu sist\u0113ma nov\u0113r\u0161 iek\u0161\u0113j\u0101 aerosola \u0161\u0137\u012bduma priek\u0161laic\u012bgu degrad\u0101ciju, nodro\u0161inot, ka tvaika struktur\u0101l\u0101 integrit\u0101te paliek nemain\u012bga no s\u0101kotn\u0113j\u0101s aktiv\u0101cijas l\u012bdz ier\u012bces darb\u012bbas beig\u0101m.<\/p>\n<p>\u0160o sare\u017e\u0123\u012bto termodinamisko procesu darbina augstas kvalit\u0101tes 750mAh litija-jonu akumulatoru \u0161\u016bna. Izv\u0113l\u0113ta t\u0101s izcil\u0101s ener\u0123ijas bl\u012bvuma un stabil\u0101s izl\u0101des l\u012bknes d\u0113\u013c, \u0161\u012b uzl\u0101d\u0113jam\u0101 baterija nodro\u0161ina, ka ier\u012bce var uztur\u0113t nepiecie\u0161amo sprieguma izvadi, lai efekt\u012bvi darbin\u0101tu dubulto sietu matricu. Type-C uzl\u0101des porta iek\u013cau\u0161ana ier\u012bci saska\u0146o ar m\u016bsdienu elektronikas standartiem, \u013caujot \u0101tri papildin\u0101t ener\u0123ijas \u0161\u016bnu. Iek\u0161\u0113j\u0101s jaudas p\u0101rvald\u012bbas sist\u0113mas regul\u0113 ien\u0101ko\u0161o str\u0101vu, aizsarg\u0101jot akumulatoru pret p\u0101rl\u0101d\u0113\u0161anu, dzi\u013cu izl\u0101di un termisko aizb\u0113g\u0161anu, t\u0101d\u0113j\u0101di pagarinot aparat\u016bras lietder\u012bgo kalpo\u0161anas laiku.<\/p>\n<p>Turkl\u0101t ier\u012bcei ir liela 25ml rezervu\u0101ra ietilp\u012bba. \u0160is iek\u0161\u0113jais tvertne ir izgatavots no augstas kvalit\u0101tes, p\u0101rtikai piem\u0113rota PCTG polim\u0113ra, kas izv\u0113l\u0113ts tie\u0161i t\u0101 \u0137\u012bmisk\u0101s iztur\u012bbas un termisk\u0101s stabilit\u0101tes d\u0113\u013c. Tas nodro\u0161ina, ka patent\u0113t\u0101 5% koncentr\u0101cijas formul\u0101cija paliek nekontamin\u0113ta un dro\u0161i ievietota \u0161asij\u0101, iev\u0113rojami samazinot nopl\u016bdes risku transport\u0113\u0161anas vai ikdienas darb\u012bbas laik\u0101.<\/p>\n<h3 style=\"color: #2d3748; margin-top: 30px; font-size: 1.5em;\">Emp\u012briskie veiktsp\u0113jas r\u0101d\u012bt\u0101ji un telemetrija<\/h3>\n<p>Apgalvojums par \u201c18 000 ieelp\u0101m\u201d nav patva\u013c\u012bgs skaitlis, bet gan ieg\u016bts no standartiz\u0113t\u0101m p\u0101rbaudes metodolo\u0123ij\u0101m. Kontrol\u0113tos laboratorijas apst\u0101k\u013cos ATVS WARSHIP tiek pak\u013cauts stingrai nov\u0113rt\u0113\u0161anai, izmantojot automatiz\u0113tus ieelpas simulatorus. \u0160\u012bs meh\u0101nisk\u0101s sist\u0113mas ir kalibr\u0113tas, lai atk\u0101rtotu cilv\u0113ka ieelpas mode\u013cus, stingri regul\u0113jot katras aktiv\u0101cijas ilgumu un atp\u016btas interv\u0101lus starp t\u0101m. \u0160\u012bs emp\u012brisk\u0101s p\u0101rbaudes laik\u0101 ier\u012bce konsekventi demonstr\u0113 savu sp\u0113ju efekt\u012bvi apstr\u0101d\u0101t 25 ml iek\u0161\u0113jo sast\u0101vu, p\u0101rbaudot t\u0101s ilgtermi\u0146a darb\u012bbas kapacit\u0101ti.<\/p>\n<p>Viens no svar\u012bg\u0101kajiem tehnolo\u0123iskajiem papildin\u0101jumiem \u0161im vienreizlietojamajam vape ir integr\u0113tais LED digit\u0101lais ekr\u0101ns. Tradicion\u0101lie vienreizlietojamie vape bie\u017ei vien atst\u0101j lietot\u0101ju min\u0113jumu par ier\u012bces atliku\u0161o kalpo\u0161anas laiku, kas noved pie negaid\u012btas iztuk\u0161o\u0161an\u0101s. ATVS WARSHIP atrisina \u0161o probl\u0113mu, izmantojot iek\u0161\u0113jos mikrokontrollerus, kas m\u0113ra sprieguma kritumus un nov\u0113rt\u0113 rezervu\u0101ra tilpumu. \u0160ie telemetrijas dati tiek tulkoti re\u0101llaik\u0101 LED displej\u0101, nodro\u0161inot lietot\u0101jam prec\u012bzu, emp\u012brisku nolas\u012bjumu gan pa\u0161reiz\u0113jam akumulatora l\u0101di\u0146am, gan atliku\u0161ajai aerosola veido\u0161anas kapacit\u0101tei. \u0160\u012b datu vad\u012bta pieeja paaugstina lietot\u0101ja pieredzi, dodot priek\u0161roku paredzam\u012bbai un kontrolei.<\/p>\n<h3 style=\"color: #2d3748; margin-top: 30px; font-size: 1.5em;\">Kvalit\u0101tes nodro\u0161in\u0101\u0161anas un izplat\u012b\u0161anas iest\u0101de<\/h3>\n<p>Vienreiz\u0113jo vape ier\u012b\u010du ieg\u016b\u0161ana m\u016bsdienu tirg\u016b prasa sadarb\u012bbu ar vien\u012bb\u0101m, kas demonstr\u0113 nenoliedzamu darb\u012bbas pilnvaru. VapeXYZ darbojas k\u0101 profesion\u0101ls vairumtirdzniec\u012bbas izplat\u012bt\u0101js, r\u016bp\u012bgi p\u0101rbaudot m\u016bsu katalog\u0101 iek\u013cautos produktus. ATVS WARSHIP tiek samont\u0113ts ra\u017eo\u0161anas vid\u0113s, kur\u0101s priorit\u0101te ir dro\u0161\u012bba un atbilst\u012bba, parasti iev\u0113rojot standarta pat\u0113ri\u0146a elektronikas sertifik\u0101cijas, piem\u0113ram, CE un RoHS. Tas nodro\u0161ina, ka mont\u0101\u017e\u0101 izmantotie smagie met\u0101li un elektronisk\u0101s sast\u0101vda\u013cas atbilst stingriem starptautiskiem dro\u0161\u012bbas standartiem.<\/p>\n<p>M\u016bsu asto\u0146i gadi darb\u012bbas v\u0113stures ir \u013c\u0101vu\u0161i mums pilnveidot m\u016bsu lo\u0123istikas sist\u0113mas. VapeXYZ garant\u0113 tie\u0161\u0101s vairumtirdzniec\u012bbas cenu mode\u013cus, nodro\u0161inot, ka m\u016bsu partneri g\u016bst labumu no optimiz\u0113t\u0101m pe\u013c\u0146as mar\u017e\u0101m, nekompromit\u0113jot produktu autentiskumu. M\u016bsu iev\u0113rojami zem\u0101 MOQ 10 vien\u012bbu daudzums ir \u012bpa\u0161i izstr\u0101d\u0101ts, lai \u013cautu mazumtirgot\u0101jiem emp\u012briski p\u0101rbaud\u012bt tirgus reakciju pirms lielu kr\u0101jumu izdevumu ap\u0146em\u0161an\u0101s. \u0160\u012b p\u0101rskat\u0101m\u0101, partneriem v\u0113rsta pieeja ir t\u0101, kas nostiprina VapeXYZ k\u0101 uzticamu balstu glob\u0101laj\u0101 izplat\u012b\u0161anas ainav\u0101.<\/p>\n<h3 style=\"color: #2d3748; margin-top: 30px; font-size: 1.5em;\">Aromatiskie Profili un Sensorisk\u0101s Iesp\u0113jas<\/h3>\n<p>Lai apmierin\u0101tu da\u017e\u0101d\u0101s pat\u0113r\u0113t\u0101ju v\u0113lmes, ATVS WARSHIP ir izstr\u0101d\u0101ts ar da\u017e\u0101diem r\u016bp\u012bgi izstr\u0101d\u0101tiem arom\u0101tiskiem profiliem. \u0160\u012bs kompoz\u012bcijas ir izstr\u0101d\u0101tas, izmantojot augstas t\u012br\u012bbas pak\u0101pes olfekt\u012bv\u0101s vielas, lai nodro\u0161in\u0101tu stabilu un l\u012bdzsvarotu sensorisku pieredzi.<\/p>\n<ul style=\"list-style-type: square; padding-left: 20px; color: #4a5568;\">\n<li>Zemenes ar sald\u0113jumu: Salda vasaras ogu arom\u0101tu l\u012bdzsvarota kombin\u0101cija ar bag\u0101t\u012bgu, kr\u0113m\u012bgu atv\u0113sino\u0161u saj\u016btu.<\/li>\n<li>Zemenes un Arb\u016bzs: Krauk\u0161\u0137\u012bga, atsvaidzino\u0161a p\u0101ris no diviem \u013coti popul\u0101riem bot\u0101niskajiem profiliem.<\/li>\n<li>Li\u010di ar sald\u0113jumu: izsmalcin\u0101ts, eksotisks profils, ko papildina gluda, atdzes\u0113ta p\u0113cgar\u0161a.<\/li>\n<li>Piparm\u0113tra: T\u012bri atsvaidzino\u0161s, krauk\u0161\u0137\u012bgs un atv\u0113sino\u0161s bot\u0101niskais ekstrakts.<\/li>\n<li>Aug\u013cu Mais\u012bjums: Sare\u017e\u0123\u012bta da\u017e\u0101du d\u0101rza un tropisko arom\u0101tu sapl\u016b\u0161ana.<\/li>\n<li>Mango ar sald\u0113jumu: Bag\u0101ti, tropiski to\u0146i, kas sl\u0101\u0146ojas ar bl\u012bvu, v\u0113sino\u0161u zemstr\u0101vu.<\/li>\n<li>Gvajava ar sald\u0113jumu: Spilgta, viegli sk\u0101bena tropu esence, nosl\u0113gta ar kr\u0113m\u012bgu v\u0113sumu.<\/li>\n<li>V\u012bnogas ar sald\u0113jumu: Dzi\u013cas, sp\u0113c\u012bgas v\u012bnogu aug\u013cu notis, kuras l\u012bdzsvaro sasalusi, gluda tekst\u016bra.<\/li>\n<li>Mellenes uz ledus: asas, savva\u013cas ogu arom\u0101ti, savienoti ar intens\u012bvu dzes\u0113jo\u0161u efektu.<\/li>\n<li>Persiks uz ledus: M\u012bkst\u0101s, sald\u0101s akmensaug\u013cu esences, ko pastiprina krauk\u0161\u0137\u012bga, ledaina saj\u016bta.<\/li>\n<li>Kola ar sald\u0113jumu: Nostal\u0123isks, dzirksto\u0161s kolas profils, kas p\u0101rkl\u0101ts ar gludu kr\u0113m\u012bgumu.<\/li>\n<li>Arb\u016bzs ar ledu: \u012bsta vasaras klasika, pied\u0101v\u0101jot krauk\u0161\u0137\u012bgu atsvaidzin\u0101jumu un dzi\u013cu atv\u0113sin\u0101jumu.<\/li>\n<\/ul>\n<h3 style=\"color: #2d3748; margin-top: 30px; font-size: 1.5em;\">Visaptvero\u0161a produkta anal\u012bze<\/h3>\n<p>\u0160eit sniegta tabula ar standartiz\u0113t\u0101m ATVS WARSHIP specifik\u0101cij\u0101m, kas sniedz skaidru, emp\u012brisku p\u0101rskatu par t\u0101 aparat\u016bras iesp\u0113j\u0101m, lai veiktu r\u016bp\u012bgu nov\u0113rt\u0113jumu.<\/p>\n<table style=\"width: 100%; border-collapse: collapse; margin: 25px 0; font-family: system-ui, -apple-system, sans-serif; box-shadow: 0 4px 6px rgba(0, 0, 0, 0.05); border-radius: 8px; overflow: hidden;\">\n<thead>\n<tr>\n<th style=\"background-color: #2c3e50; color: #ffffff; padding: 15px; text-align: left; font-weight: 600; border-bottom: 2px solid #1a252f;\">In\u017eenierijas iez\u012bme<\/th>\n<th style=\"background-color: #2c3e50; color: #ffffff; padding: 15px; text-align: left; font-weight: 600; border-bottom: 2px solid #1a252f;\">Tehnisk\u0101 specifik\u0101cija<\/th>\n<\/tr>\n<\/thead>\n<tbody>\n<tr style=\"background-color: #f8fafc; border-bottom: 1px solid #e2e8f0;\">\n<td style=\"padding: 15px; color: #4a5568; font-weight: 500;\">Ier\u012bces kapacit\u0101te (izp\u016b\u0161u skaits)<\/td>\n<td style=\"padding: 15px; color: #4a5568;\">18 000 (Test\u0113ts ar automatiz\u0113tu simul\u0101ciju)<\/td>\n<\/tr>\n<tr style=\"background-color: #ffffff; border-bottom: 1px solid #e2e8f0;\">\n<td style=\"padding: 15px; color: #4a5568; font-weight: 500;\">Akt\u012bv\u0101s vielas koncentr\u0101cija<\/td>\n<td style=\"padding: 15px; color: #4a5568;\">5% standarta formul\u0101cija<\/td>\n<\/tr>\n<tr style=\"background-color: #f8fafc; border-bottom: 1px solid #e2e8f0;\">\n<td style=\"padding: 15px; color: #4a5568; font-weight: 500;\">Jaudas \u0161\u016bnu arhitekt\u016bra<\/td>\n<td style=\"padding: 15px; color: #4a5568;\">750mAh atk\u0101rtoti uzl\u0101d\u0113jams litija jonu akumulators<\/td>\n<\/tr>\n<tr style=\"background-color: #ffffff; border-bottom: 1px solid #e2e8f0;\">\n<td style=\"padding: 15px; color: #4a5568; font-weight: 500;\">Iek\u0161\u0113jais rezervu\u0101ra tilpums<\/td>\n<td style=\"padding: 15px; color: #4a5568;\">25ml (PCTG korpuss)<\/td>\n<\/tr>\n<tr style=\"background-color: #f8fafc; border-bottom: 1px solid #e2e8f0;\">\n<td style=\"padding: 15px; color: #4a5568; font-weight: 500;\">Sild\u012b\u0161anas matrica<\/td>\n<td style=\"padding: 15px; color: #4a5568;\">Uzlabota divu re\u017e\u0123u konfigur\u0101cija<\/td>\n<\/tr>\n<tr style=\"background-color: #ffffff; border-bottom: 1px solid #e2e8f0;\">\n<td style=\"padding: 15px; color: #4a5568; font-weight: 500;\">Telemetrijas saskarne<\/td>\n<td style=\"padding: 15px; color: #4a5568;\">LED digit\u0101lais displejs (jaudas un formul\u0113juma l\u012bme\u0146i)<\/td>\n<\/tr>\n<tr style=\"background-color: #f8fafc; border-bottom: 1px solid #e2e8f0;\">\n<td style=\"padding: 15px; color: #4a5568; font-weight: 500;\">Uzl\u0101des protokols<\/td>\n<td style=\"padding: 15px; color: #4a5568;\">C tipa \u0101tra pieg\u0101de<\/td>\n<\/tr>\n<\/tbody>\n<\/table>\n<h3 style=\"color: #2d3748; margin-top: 30px; font-size: 1.5em;\">Galvenie darb\u012bbas rezult\u0101ti<\/h3>\n<div style=\"background: linear-gradient(135deg, #f0f4f8 0%, #d9e2ec 100%); padding: 25px; border-radius: 10px; border-left: 6px solid #3182ce; margin: 25px 0; box-shadow: 0 2px 4px rgba(0,0,0,0.1);\">\n<h4 style=\"margin-top: 0; color: #2c5282; font-size: 1.2em;\">K\u0101p\u0113c ATVS WARSHIP izce\u013cas tirg\u016b:<\/h4>\n<ul style=\"margin-bottom: 0; color: #2d3748; padding-left: 20px; line-height: 1.8;\">\n<li>Datu vad\u012bta lieto\u0161ana: digit\u0101lais LED ekr\u0101ns no vienreiz lietojam\u0101m e-cigaret\u0113m likvid\u0113 min\u0113jumus, sniedzot prec\u012bzus, re\u0101llaika datus par iek\u0161\u0113jiem resursiem.<\/li>\n<li>Termisk\u0101 efektivit\u0101te: Divk\u0101r\u0161ie re\u017e\u0123a elementi garant\u0113, ka termisk\u0101 jauda ir vienm\u0113r\u012bgi sadal\u012bta, saglab\u0101jot \u0161\u0137\u012bduma \u0137\u012bmisko integrit\u0101ti visu 18 000 aktiv\u0101ciju laik\u0101.<\/li>\n<li>Lo\u0123istisk\u0101 elast\u012bba: pateicoties VapeXYZ robustajam izplat\u012b\u0161anas t\u012bklam, \u0161\u012b ier\u012bce ir pieejama lielapjom\u0101 ieg\u0101d\u0101joties ar \u013coti p\u0101rvald\u0101mu minim\u0101lo pas\u016bt\u012bjuma daudzumu tikai 10 gabalu.<\/li>\n<li>Ilglaic\u012bga jauda:  750mAh jaudas \u0161\u016bna, kas apvienota ar modernu Type-C uzl\u0101di, nodro\u0161ina minim\u0101lu d\u012bkst\u0101vi un efekt\u012bvu ener\u0123ijas izmanto\u0161anu.<\/li>\n<\/ul>\n<\/div>\n<h3 style=\"color: #2d3748; margin-top: 30px; font-size: 1.5em;\">Bie\u017ei uzdotie jaut\u0101jumi (FAQ)<\/h3>\n<div style=\"background-color: #ffffff; border: 1px solid #e2e8f0; border-radius: 10px; padding: 25px; margin-bottom: 25px; box-shadow: 0 4px 6px rgba(0,0,0,0.02);\">\n<h4 style=\"color: #2b6cb0; margin-top: 0; font-size: 1.1em;\">1. K\u0101ds ir ATVS WARSHIP p\u0101rbaud\u012btais darb\u012bbas ilgums?<\/h4>\n<p style=\"color: #4a5568; margin-bottom: 20px;\">Izmantojot automatiz\u0113tu ieelpo\u0161anas iek\u0101rtu laboratorijas testus, ATVS WARSHIP ir izstr\u0101d\u0101ts, lai nodro\u0161in\u0101tu l\u012bdz 18 000 at\u0161\u0137ir\u012bgu aktiviz\u0113jumu. Faktisk\u0101 lieto\u0161ana var nedaudz at\u0161\u0137irties atkar\u012bb\u0101 no individu\u0101l\u0101 ieelpo\u0161anas ilguma un vides faktoriem, ta\u010du 25 ml rezervu\u0101rs nodro\u0161ina \u013coti ilgsto\u0161u kalpo\u0161anas laiku.<\/p>\n<h4 style=\"color: #2b6cb0; margin-top: 0; font-size: 1.1em;\">2. Vai \u0161ai konkr\u0113tajai aparat\u016brai ir nepiecie\u0161ams speci\u0101ls uzl\u0101des apr\u012bkojums?<\/h4>\n<p style=\"color: #4a5568; margin-bottom: 20px;\">N\u0113. Integr\u0113t\u0101 750mAh litija-jonu akumulatora uzl\u0101d\u0113\u0161anai tiek izmantota standarta Type-C piesl\u0113gvieta. \u0160is standartiz\u0113tais uzl\u0101des protokols nodro\u0161ina sader\u012bbu ar liel\u0101ko da\u013cu m\u016bsdienu elektronisko uzl\u0101des perif\u0113rijas ier\u012b\u010du, atvieglojot \u0101tru un dro\u0161u ener\u0123ijas atjauno\u0161anu.<\/p>\n<h4 style=\"color: #2b6cb0; margin-top: 0; font-size: 1.1em;\">3. K\u0101ds ir akt\u012bvais koncentr\u0101cijas l\u012bmenis iek\u0161\u0113j\u0101 formul\u0113jum\u0101?<\/h4>\n<p style=\"color: #4a5568; margin-bottom: 20px;\">Iek\u0161\u0113jais rezervu\u0101rs satur standartiz\u0113tu 5% koncentr\u0101cijas \u0161\u0137\u012bdumu. \u0160is konkr\u0113tais attiec\u012bba ir izstr\u0101d\u0101ts, lai nodro\u0161in\u0101tu l\u012bdzsvarotu un vien\u012bgu sensorisku triecienu, ko stabiliz\u0113 du\u0101l\u0101s sieta apkures sist\u0113mas vien\u012bg\u0101 termisk\u0101 izeja.<\/p>\n<h4 style=\"color: #2b6cb0; margin-top: 0; font-size: 1.1em;\">4. K\u0101 uz\u0146\u0113mumi var ieg\u0101d\u0101ties \u0161o modeli mazumtirdzniec\u012bbas izplat\u012b\u0161anai?<\/h4>\n<p style=\"color: #4a5568; margin-bottom: 0;\">Komercvien\u012bbas var ieg\u0101d\u0101ties lielapjoma kr\u0101jumus tie\u0161i caur VapeXYZ. K\u0101 izveidota autorit\u0101te vairumtirdzniec\u012bbas sektor\u0101 ar vair\u0101k nek\u0101 asto\u0146u gadu pieredzi, m\u0113s pied\u0101v\u0101jam konkur\u0113tsp\u0113j\u012bgus B2B cenu mode\u013cus, nevainojamu Eiropas lo\u0123istiku un \u013coti pieejamu minim\u0101lo pas\u016bt\u012bjuma daudzumu (MOQ) tikai 10 vien\u012bb\u0101m.<\/p>\n<\/div>\n<p><img loading=\"lazy\" decoding=\"async\" class=\"alignnone wp-image-36093 size-full\" style=\"max-width: 100%; height: auto; border-radius: 8px; box-shadow: 0 4px 8px rgba(0,0,0,0.1); margin-top: 20px;\" src=\"https:\/\/vapexyz.com\/wp-content\/uploads\/2024\/10\/ATVS-Warship-18000-Puffs-Digital-Screen-5-Low-Nicotine-Original-Factory-34.webp\" alt=\"ATVS Kara ku\u0123is 18000 Puffs Digit\u0101lais ekr\u0101ns Divk\u0101r\u0161s siets 5% Koncentr\u0101cija Ori\u0123in\u0101l\u0101 r\u016bpn\u012bcas lielapjoma pirkums Uzl\u0101d\u0113jamas Vienreiz\u0113j\u0101s lieto\u0161anas Vapes Pildspalva Vairumtirdzniec\u012bba\" width=\"1000\" height=\"471\" title=\"\" srcset=\"https:\/\/vapexyz.com\/wp-content\/uploads\/2024\/10\/ATVS-Warship-18000-Puffs-Digital-Screen-5-Low-Nicotine-Original-Factory-34.webp 1000w, https:\/\/vapexyz.com\/wp-content\/uploads\/2024\/10\/ATVS-Warship-18000-Puffs-Digital-Screen-5-Low-Nicotine-Original-Factory-34-500x236.webp 500w, https:\/\/vapexyz.com\/wp-content\/uploads\/2024\/10\/ATVS-Warship-18000-Puffs-Digital-Screen-5-Low-Nicotine-Original-Factory-34-768x362.webp 768w, https:\/\/vapexyz.com\/wp-content\/uploads\/2024\/10\/ATVS-Warship-18000-Puffs-Digital-Screen-5-Low-Nicotine-Original-Factory-34-18x8.webp 18w, https:\/\/vapexyz.com\/wp-content\/uploads\/2024\/10\/ATVS-Warship-18000-Puffs-Digital-Screen-5-Low-Nicotine-Original-Factory-34-510x240.webp 510w\" sizes=\"auto, (max-width: 1000px) 100vw, 1000px\" \/><\/p>\n<\/article>","protected":false},"excerpt":{"rendered":"<p>ATVS WARSHIP 18000 Puffs ir ilgnotur\u012bgs, atk\u0101rtoti lietojams vienreiz\u0113j\u0101s lieto\u0161anas vape ar LED ekr\u0101nu, jaud\u012bgu 750mAh akumulatoru, dubultu sietu spoli un lielu 25ml ietilp\u012bbu.<\/p>","protected":false},"featured_media":36089,"comment_status":"open","ping_status":"closed","template":"","meta":{"_lmt_disableupdate":"no","_lmt_disable":""},"product_brand":[],"product_cat":[997,973,947,1020,935,934,927,929,928,930,933,939,932,938,931,936,937,1017,1022,948,949,946,950,1023,1024,1025,951,1029,1030,1031,1033,953,1037,987,1038],"product_tag":[],"class_list":{"0":"post-36076","1":"product","2":"type-product","3":"status-publish","4":"has-post-thumbnail","6":"product_cat-18000-puff-vapes","7":"product_cat-atvs-disposable-vapes","8":"product_cat-big-puffs-vapes","9":"product_cat-blueberry-flavor-disposable-vapes","10":"product_cat-bulk-buy-disposable-vapes-in-austria","11":"product_cat-bulk-buy-disposable-vapes-in-belgium","12":"product_cat-bulk-buy-disposable-vapes-in-europe","13":"product_cat-bulk-buy-disposable-vapes-in-france","14":"product_cat-bulk-buy-disposable-vapes-in-germany","15":"product_cat-bulk-buy-disposable-vapes-in-italy","16":"product_cat-bulk-buy-disposable-vapes-in-netherlands","17":"product_cat-bulk-buy-disposable-vapes-in-norway","18":"product_cat-bulk-buy-disposable-vapes-in-poland","19":"product_cat-bulk-buy-disposable-vapes-in-portugal","20":"product_cat-bulk-buy-disposable-vapes-in-spain","21":"product_cat-bulk-buy-disposable-vapes-in-sweden","22":"product_cat-bulk-buy-disposable-vapes-in-switzerland","23":"product_cat-buy-best-disposable-vape-flavors","24":"product_cat-cola-flavor-disposable-vapes","25":"product_cat-crystal-vapes","26":"product_cat-digital-box-vapes","27":"product_cat-disposable-vapes-series","28":"product_cat-dual-mesh-vapes","29":"product_cat-grape-flavor-disposable-vapes","30":"product_cat-guava-flavor-disposable-vapes","31":"product_cat-ice-flavor-disposable-vapes","32":"product_cat-lower-nicotine-vapes","33":"product_cat-mango-flavor-disposable-vapes","34":"product_cat-mint-flavor-disposable-vapes","35":"product_cat-mixed-berries-flavor-disposable-vapes","36":"product_cat-peach-flavor-disposable-vapes","37":"product_cat-rechargeable-vapes","38":"product_cat-strawberry-flavor-disposable-vapes","39":"product_cat-vape-shop-by-puffs","40":"product_cat-watermelon-flavor-disposable-vapes","42":"first","43":"instock","44":"shipping-taxable","45":"purchasable","46":"product-type-variable","47":"has-default-attributes"},"jetpack_sharing_enabled":true,"tiered_pricing_type":"fixed","tiered_pricing_fixed_rules":[],"tiered_pricing_product_settings":{"layout":"default","base_unit_name":{"singular":null,"plural":null},"default_variation":null},"tiered_pricing_minimum_quantity":null,"tiered_pricing_roles_data":[],"tiered_pricing_percentage_rules":[],"tiered_pricing_maximum_quantity":null,"tiered_pricing_quantity_step":null,"_links":{"self":[{"href":"https:\/\/vapexyz.com\/lv\/wp-json\/wp\/v2\/product\/36076","targetHints":{"allow":["GET"]}}],"collection":[{"href":"https:\/\/vapexyz.com\/lv\/wp-json\/wp\/v2\/product"}],"about":[{"href":"https:\/\/vapexyz.com\/lv\/wp-json\/wp\/v2\/types\/product"}],"replies":[{"embeddable":true,"href":"https:\/\/vapexyz.com\/lv\/wp-json\/wp\/v2\/comments?post=36076"}],"wp:featuredmedia":[{"embeddable":true,"href":"https:\/\/vapexyz.com\/lv\/wp-json\/wp\/v2\/media\/36089"}],"wp:attachment":[{"href":"https:\/\/vapexyz.com\/lv\/wp-json\/wp\/v2\/media?parent=36076"}],"wp:term":[{"taxonomy":"product_brand","embeddable":true,"href":"https:\/\/vapexyz.com\/lv\/wp-json\/wp\/v2\/product_brand?post=36076"},{"taxonomy":"product_cat","embeddable":true,"href":"https:\/\/vapexyz.com\/lv\/wp-json\/wp\/v2\/product_cat?post=36076"},{"taxonomy":"product_tag","embeddable":true,"href":"https:\/\/vapexyz.com\/lv\/wp-json\/wp\/v2\/product_tag?post=36076"}],"curies":[{"name":"wp","href":"https:\/\/api.w.org\/{rel}","templated":true}]}}