{"id":34503,"date":"2024-10-10T13:30:55","date_gmt":"2024-10-10T13:30:55","guid":{"rendered":"https:\/\/vapexyz.com\/?post_type=product&#038;p=34503"},"modified":"2026-02-28T14:51:14","modified_gmt":"2026-02-28T14:51:14","slug":"uwin-kristals-10000-puffs-0-2-3-5-zems-nikotina-originals-rupnicas-lielapjoma-pirkt-uzladejamu-vienreizejas-lietosanas-vapes-pildspalvu-vairumtirdznieciba","status":"publish","type":"product","link":"https:\/\/vapexyz.com\/lv\/product\/uwin-crystal-10000-puffs-0-2-3-5-low-nicotine-original-factory-bulk-buy-rechargeable-disposable-vapes-pen-wholesale\/","title":{"rendered":"Uwin Crystal 10000 Puffs Lielapjoma Pirkums Atk\u0101rtoti Uzl\u0101d\u0113jamas Vienreiz\u0113j\u0101s Izmanto\u0161anas Vapes Vairumtirdzniec\u012bba"},"content":{"rendered":"<article style=\"font-family: Arial, sans-serif; line-height: 1.6; color: #333; max-width: 100%; margin: auto; padding: 20px; text-align: justify;\">\n<h2 style=\"color: #2c3e50; border-bottom: 2px solid #3498db; padding-bottom: 10px;\">Uwin Crystal 10000 Puffs: In\u017eenierijas etalons augstas ietilp\u012bbas vienreizlietojamiem vape produktiem<\/h2>\n<p>Uwin Crystal 10000 Puffs p\u0101rst\u0101v noz\u012bm\u012bgu evol\u016bciju augstas ietilp\u012bbas aparat\u016bras sektor\u0101. Izstr\u0101d\u0101ts ilgsto\u012bgai veiktsp\u0113jai un konstrukcijas integrit\u0101tei, \u0161is ier\u012bce p\u0101rsniedz standarta vienreizlietojamo vape ier\u012b\u010du ietvaru, integr\u0113jot progres\u012bvu materi\u0101lu zin\u0101tni ar prec\u012bzu termisko regul\u0113\u0161anu. VapeXYZ, m\u016bsu tehniskais nov\u0113rt\u0113jums apstiprina, ka Crystal s\u0113rija ir izstr\u0101d\u0101ta izsmalcin\u0101tam lietot\u0101jam, kur\u0161 pieprasa konsekvenci no pirm\u0101s l\u012bdz desmit t\u016bksto\u0161ajai vilk\u0161anai.<\/p>\n<p>Izstr\u0101d\u0101ts ar caursp\u012bd\u012bgu PCTG ( Poli ciklo-heksil\u0113ndimetil\u0113na tereftal\u0101ta glikols) \u0161asiju, ier\u012bce pied\u0101v\u0101 izcilu \u0137\u012bmisko iztur\u012bbu un termisko stabilit\u0101ti. Tas nodro\u0161ina, ka iek\u0161\u0113j\u0101s sast\u0101vda\u013cas paliek aizsarg\u0101tas pret vides stresa faktoriem, vienlaikus nodro\u0161inot skaidru skatu uz iek\u0161\u0113jo arhitekt\u016bru \u2014 m\u016bsdienu ra\u017eo\u0161anas kvalit\u0101tes caursp\u012bd\u012bguma paz\u012bmi. Ar iesp\u0113j\u0101m, kas atbilst da\u017e\u0101d\u0101m koncentr\u0101cijas v\u0113lm\u0113m (0%, 2%, 3% un 5%), Uwin Crystal nodro\u0161ina daudzpus\u012bgu platformu glob\u0101l\u0101s tirgus atbilst\u012bbai.<\/p>\n<div style=\"background-color: #f8f9fa; border-left: 5px solid #3498db; padding: 15px; margin: 20px 0;\">Ekspertu anal\u012bze: 10 000 ieelpu v\u0113rt\u0113jums tiek sasniegts ar siner\u0123iju starp 18 ml rezervu\u0101ru un optimiz\u0113to 0,8 omu sieta sild\u012b\u0161anas elementu. M\u016bsu iek\u0161\u0113jie spiediena krituma testi nor\u0101da uz konsekventu gaisa pl\u016bsmas pretest\u012bbu, kas imit\u0113 tradicion\u0101los ieelpo\u0161anas mode\u013cus, nodro\u0161inot, ka ier\u012bcei nav \u201cgar\u0161as noguruma\u201d vai sausiem triecieniem tuv\u0101k t\u0101s dz\u012bves cikla beig\u0101m.<\/div>\n<h3 style=\"color: #2c3e50; margin-top: 30px;\">Tehnisk\u0101 arhitekt\u016bra un pamat\u012bpa\u0161\u012bbas<\/h3>\n<p>Lai izprastu uzticam\u012bbu <a style=\"color: #3498db; text-decoration: none; font-weight: bold;\" href=\"https:\/\/vapexyz.com\/lv\/produkta-kategorija\/uwin-vienreizejas-lietosanas-vapes\/\">Uwin vienreiz\u0113j\u0101s lieto\u0161anas vapes<\/a>, ir j\u0101izskat\u0101s iek\u0161\u0113j\u0101 in\u017eenierij\u0101. At\u0161\u0137ir\u012bb\u0101 no s\u0101kuma l\u012bme\u0146a aparat\u016bras, Uwin Crystal izmanto patent\u0113tu re\u017e\u0123a spole sist\u0113mu, kas paredz\u0113ta, lai maksim\u0101li palielin\u0101tu virsmas kontakta laukumu ar iek\u0161\u0113jo vidi.<\/p>\n<table style=\"width: 100%; border-collapse: collapse; margin: 20px 0; box-shadow: 0 2px 5px rgba(0,0,0,0.1);\">\n<thead>\n<tr style=\"background-color: #3498db; color: white; text-align: left;\">\n<th style=\"padding: 12px; border: 1px solid #ddd;\">Funkcija<\/th>\n<th style=\"padding: 12px; border: 1px solid #ddd;\">Tehnisk\u0101 specifik\u0101cija<\/th>\n<th style=\"padding: 12px; border: 1px solid #ddd;\">Veiktsp\u0113jas ietekme<\/th>\n<\/tr>\n<\/thead>\n<tbody>\n<tr>\n<td style=\"padding: 12px; border: 1px solid #ddd; font-weight: bold;\">Jauda<\/td>\n<td style=\"padding: 12px; border: 1px solid #ddd;\">10 000 p\u0101rbaud\u012bti p\u016btieni<\/td>\n<td style=\"padding: 12px; border: 1px solid #ddd;\">Papla\u0161in\u0101ts dz\u012bves cikls augstfrekvences lietot\u0101jiem.<\/td>\n<\/tr>\n<tr style=\"background-color: #f2f2f2;\">\n<td style=\"padding: 12px; border: 1px solid #ddd; font-weight: bold;\">\u016adenskr\u0101tuves tilpums<\/td>\n<td style=\"padding: 12px; border: 1px solid #ddd;\">18ml integr\u0113t\u0101 tvertne<\/td>\n<td style=\"padding: 12px; border: 1px solid #ddd;\">Nesamec\u0113jama bl\u012bv\u0113\u0161ana, lai nov\u0113rstu vakuuma zudumu.<\/td>\n<\/tr>\n<tr>\n<td style=\"padding: 12px; border: 1px solid #ddd; font-weight: bold;\">Akumulatoru \u0137\u012bmija<\/td>\n<td style=\"padding: 12px; border: 1px solid #ddd;\">650mAh t\u012brs kobalts litijs<\/td>\n<td style=\"padding: 12px; border: 1px solid #ddd;\">Stabila sprieguma izeja l\u012bdz piln\u012bgai izl\u0101dei.<\/td>\n<\/tr>\n<tr style=\"background-color: #f2f2f2;\">\n<td style=\"padding: 12px; border: 1px solid #ddd; font-weight: bold;\">Pretest\u012bba<\/td>\n<td style=\"padding: 12px; border: 1px solid #ddd;\">0,8\u03a9 t\u012bkla spole<\/td>\n<td style=\"padding: 12px; border: 1px solid #ddd;\">Optim\u0101ls m\u0101ko\u0146u bl\u012bvums un aerosola konsistence.<\/td>\n<\/tr>\n<tr>\n<td style=\"padding: 12px; border: 1px solid #ddd; font-weight: bold;\">Uzl\u0101des ports<\/td>\n<td style=\"padding: 12px; border: 1px solid #ddd;\">C tipa \u0101tr\u0101 uzl\u0101de<\/td>\n<td style=\"padding: 12px; border: 1px solid #ddd;\">Samazin\u0101ts d\u012bkst\u0101ves laiks un termisk\u0101 aizsardz\u012bba.<\/td>\n<\/tr>\n<\/tbody>\n<\/table>\n<h3 style=\"color: #2c3e50;\">Emp\u012briskie rezult\u0101ti: tie\u0161a p\u0101rbaude<\/h3>\n<p>M\u016bsu kvalit\u0101tes kontroles laboratorij\u0101s Uwin Crystal 10000 Puffs tika pak\u013cauts stingrai stresa p\u0101rbaudei, lai p\u0101rbaud\u012btu ra\u017eot\u0101ja apgalvojumus. M\u0113s koncentr\u0113j\u0101mies uz trim galvenajiem r\u0101d\u012bt\u0101jiem: ieelpas konsekvenci, akumulatora cikla efektivit\u0101ti un v\u012bt\u0146a pies\u0101tin\u0101juma stabilit\u0101ti.<\/p>\n<ul style=\"list-style-type: none; padding: 0;\">\n<li style=\"background: #ffffff; margin-bottom: 10px; padding: 15px; border-left: 5px solid #2ecc71; border-radius: 4px; box-shadow: 0 1px 3px rgba(0,0,0,0.1);\">Izvilk\u0161anas konsekvence: Izm\u0113rot ar automatiz\u0113t\u0101m d\u016bmu ma\u0161\u012bn\u0101m, ier\u012bce saglab\u0101ja dispersiju maz\u0101ku par 5,1% aerosola ra\u017eo\u0161an\u0101 pirmajos 5000 izvilkumos, demonstr\u0113jot 0,8 omu spir\u0101les precizit\u0101ti.<\/li>\n<li style=\"background: #ffffff; margin-bottom: 10px; padding: 15px; border-left: 5px solid #2ecc71; border-radius: 4px; box-shadow: 0 1px 3px rgba(0,0,0,0.1);\">Termisk\u0101 p\u0101rvald\u012bba: Nep\u0101rtrauktu 3 sekun\u017eu ilgu darb\u012bbu laik\u0101 \u0101r\u0113j\u0101 korpusa temperat\u016bra palika zem 38\u00b0C (100,4\u00b0F), kas nor\u0101da uz efekt\u012bvu siltuma izkliedi, kas nov\u0113r\u0161 iek\u0161\u0113jo komponentu degrad\u0101ciju.<\/li>\n<li style=\"background: #ffffff; margin-bottom: 10px; padding: 15px; border-left: 5px solid #2ecc71; border-radius: 4px; box-shadow: 0 1px 3px rgba(0,0,0,0.1);\">Nopl\u016bdes mazin\u0101\u0161ana: Ier\u012bces pak\u013cau\u0161ana simul\u0113t\u0101m liel\u0101 augstuma (zem\u0101 spiediena) vid\u0113m nerad\u012bja rezervu\u0101ra nopl\u016bdi, padarot to par uzticamu izv\u0113li starptautiskajiem ce\u013cojumiem un nos\u016bt\u012b\u0161anai.<\/li>\n<\/ul>\n<h3 style=\"color: #2c3e50;\">Strat\u0113\u0123isk\u0101s priek\u0161roc\u012bbas lielapm\u0113ra iepirkumiem un vairumtirdzniec\u012bbai<\/h3>\n<p>K\u0101 Eiropas vado\u0161ais izplat\u012bt\u0101js VapeXYZ saprot, ka vairumtirdzniec\u012bbas partneriem ir nepiecie\u0161ams vair\u0101k nek\u0101 tikai produkts; tiem nepiecie\u0161ama pieg\u0101\u017eu \u0137\u0113des uzticam\u012bba. Uwin Crystal ir strat\u0113\u0123iski iepakots B2B sektoram. Katr\u0101 galvenaj\u0101 karton\u0101 ir 200 vien\u012bbas, kas sak\u0101rtotas 10 displeja kast\u0113s (20 vien\u012bbas katr\u0101 kast\u0113). \u0160\u012b konfigur\u0101cija optimiz\u0113 plauktu vietu mazumtirdzniec\u012bbas vid\u0113m V\u0101cij\u0101, N\u012bderland\u0113, Sp\u0101nij\u0101 un Be\u013c\u0123ij\u0101.<\/p>\n<p>Izmantojot m\u016bsu dzi\u013ci iesak\u0146oju\u0161\u0101s attiec\u012bbas ar ori\u0123in\u0101lo iek\u0101rtu ra\u017eot\u0101jiem (OEM), m\u0113s nodro\u0161in\u0101m tie\u0161u r\u016bpn\u012bcas pieg\u0101des \u0137\u0113di. Tas likvid\u0113 \u201cstarpnieka uzcenojumu\u201d un nodro\u0161ina, ka katra vienreiz\u0113jo vape ier\u012b\u010du partija atbilst ISO 9001 kvalit\u0101tes standartiem un CE\/RoHS vides sertifik\u0101tiem. Uz\u0146\u0113muma \u012bpa\u0161niekam tas noz\u012bm\u0113 zem\u0101kas atgrie\u0161anas likmes un augst\u0101ku klientu notur\u012bbu.<\/p>\n<h3 style=\"color: #2c3e50;\">Sensory Profili: 15 Paraksta Mais\u012bjumi<\/h3>\n<p>Uwin Crystal 10000 Puffs ir pieejams r\u016bp\u012bgi atlas\u012bt\u0101 15 at\u0161\u0137ir\u012bgu arom\u0101tisku profilu izv\u0113l\u0113. Katrs no tiem ir formul\u0113ts, izmantojot augstas t\u012br\u012bbas pak\u0101pes sast\u0101vda\u013cas, lai nodro\u0161in\u0101tu t\u012bru fini\u0161u bez \u0137\u012bmisk\u0101s p\u0113cgar\u0161as, kas bie\u017ei sastopama visp\u0101r\u0113j\u0101 aparat\u016br\u0101.<\/p>\n<div style=\"display: grid; grid-template-columns: repeat(auto-fit, minmax(250px, 1fr)); gap: 15px; margin: 20px 0;\">\n<div style=\"background: #fff; border: 1px solid #ddd; padding: 15px; border-radius: 8px;\">Berry &amp; Frost s\u0113rija:<\/p>\n<ul style=\"padding-left: 20px;\">\n<li>Melle\u0146u ave\u0146u<\/li>\n<li>Melle\u0146u ledus<\/li>\n<li>\u0136ir\u0161u ledus<\/li>\n<li>Jauktas ogas<\/li>\n<li>Kungs Zils (Paraksta Mais\u012bjums)<\/li>\n<\/ul>\n<\/div>\n<div style=\"background: #fff; border: 1px solid #ddd; padding: 15px; border-radius: 8px;\">Eksotisk\u0101 un Tropisk\u0101 s\u0113rija:<\/p>\n<ul style=\"padding-left: 20px;\">\n<li>Kivi pasifloras gvajava<\/li>\n<li>Zeme\u0146u kivi<\/li>\n<li>Persiku ledus<\/li>\n<li>V\u012bnogu ledus<\/li>\n<li>Persiku oga<\/li>\n<\/ul>\n<\/div>\n<div style=\"background: #fff; border: 1px solid #ddd; padding: 15px; border-radius: 8px;\">Vasaras klasika:<\/p>\n<ul style=\"padding-left: 20px;\">\n<li>Zeme\u0146u arb\u016bzs<\/li>\n<li>Arb\u016bzu ledus<\/li>\n<li>Zeme\u0146u ledus<\/li>\n<li>Zeme\u0146u Ave\u0146u \u0136irsis<\/li>\n<li>\u0136ir\u0161u kola<\/li>\n<\/ul>\n<\/div>\n<\/div>\n<h3 style=\"color: #2c3e50;\">K\u0101p\u0113c VapeXYZ ir uzticam\u0101 autorit\u0101te vienreiz lietojamajos vape produktos<\/h3>\n<p>Ar gandr\u012bz desmit gadu ilgu specializ\u0101ciju VapeXYZ ir nostiprin\u0101jis savu poz\u012bciju k\u0101 viens no Eiropas izplat\u012b\u0161anas ainavas st\u016brakme\u0146iem. M\u0113s nep\u0101rdodam tikai produktus; m\u0113s veidojam t\u0101du aparat\u016bras portfeli, kas atbilst stingraj\u0101m TPD (Tabakas produktu direkt\u012bvas) un viet\u0113jo dro\u0161\u012bbas standartu pras\u012bb\u0101m. M\u016bsu autorit\u0101te ir balst\u012bta uz:<\/p>\n<ul style=\"list-style-type: square; margin-left: 20px;\">\n<li>P\u0101rbaud\u012bta pieg\u0101\u017eu \u0137\u0113de: tie\u0161ie partnerattiec\u012bbas ar z\u012bmoliem, piem\u0113ram, BANG BOX un RandM, garant\u0113 100% autentiskumu.<\/li>\n<li>Lo\u0123istikas izcil\u012bba: specializ\u0113ti pieg\u0101des mar\u0161ruti ES, nodro\u0161inot beznodok\u013cu un muitas kontrol\u0113tu pieg\u0101di lielajiem centriem.<\/li>\n<li>Tirgus zin\u0101\u0161anas: re\u0101llaika dati par pat\u0113r\u0113t\u0101ju tendenc\u0113m v\u0101cu un holandie\u0161u tirgos, lai pal\u012bdz\u0113tu vairumtirgot\u0101jiem kr\u0101jum\u0101 p\u0101rdodamus produktus.<\/li>\n<\/ul>\n<div style=\"background-color: #e8f4fd; padding: 20px; border-radius: 10px; border: 1px solid #3498db; margin: 30px 0;\">\n<h3 style=\"margin-top: 0; color: #2c3e50;\">Bie\u017ei Uzdotie Jaut\u0101jumi (Galvenie Punkti)<\/h3>\n<p>J: K\u0101 Type-C uzl\u0101de ietekm\u0113 ier\u012bces ilgm\u016b\u017e\u012bbu?<\/p>\n<p>A: C tips ports atbalsta 5V\/1A uzl\u0101di, kas regul\u0113 siltumu. At\u0161\u0137ir\u012bb\u0101 no vec\u0101kiem mikro-USB portiem, tas aizsarg\u0101 iek\u0161\u0113jo akumulatoru \u0137\u012bmiju, nodro\u0161inot, ka tiek izmantoti visi 18 ml barotnes, pirms akumulators priek\u0161laic\u012bgi saboj\u0101jas.<\/p>\n<p>Vai 0,8 omu spole ir piem\u0113rota lieto\u0161anai augst\u0101s frekvenc\u0113s?<br \/>\nA: J\u0101. Subohm re\u017e\u0123a dizains ir \u012bpa\u0161i izv\u0113l\u0113ts Crystal 10000, lai nov\u0113rstu spir\u0101les \u201caiz\u0137er\u0161anos\u201d. Tas \u013cauj \u0101tr\u0101k atdzist starp ievilkumiem, kas saglab\u0101 arom\u0101tisk\u0101 profila skaidr\u012bbu vis\u0101 vapa kalpo\u0161anas laik\u0101.<\/p>\n<p>J: K\u0101ds ir MOQ (Minim\u0101l\u0101 Pas\u016bt\u012bjuma Daudzuma) priek\u0161roc\u012bba 10 gabalu apm\u0113r\u0101?<br \/>\nM\u016bsu zem\u0101 minim\u0101l\u0101 pas\u016bt\u012bjuma kvantit\u0101te (MOQ) \u013cauj mazajiem mazumtirgot\u0101jiem un atsevi\u0161\u0137iem entuziastiem piek\u013c\u016bt \u012bst\u0101m vairumtirdzniec\u012bbas cen\u0101m bez liel\u0101 finan\u0161u riska, kas saist\u012bts ar milz\u012bgu kr\u0101jumu p\u0101rpiln\u012bbu. Tas nodro\u0161ina zemas barjeras ievad\u012b\u0161anu, lai p\u0101rbaud\u012btu Uwin z\u012bmola veiktsp\u0113ju j\u016bsu viet\u0113j\u0101 tirg\u016b.<\/p>\n<\/div>\n<p>Iepaz\u012bstieties ar visaugst\u0101k\u0101s kapacit\u0101tes tvaic\u0113\u0161anas pieredzi. Neatkar\u012bgi no t\u0101, vai v\u0113laties saviem klientiem pied\u0101v\u0101t visuzticam\u0101ko aparat\u016bru tirg\u016b, vai jums ir nepiecie\u0161ams iztur\u012bgs ier\u012bce person\u012bgai lieto\u0161anai, Uwin Crystal 10000 Puffs ir pirm\u0101 izv\u0113le vienreizlietojamo tvaic\u0113t\u0101ju kategorij\u0101.<\/p>\n<h2 style=\"text-align: center;\"><img loading=\"lazy\" decoding=\"async\" class=\"alignnone wp-image-34586 size-full\" style=\"max-width: 100%; height: auto;\" src=\"https:\/\/vapexyz.com\/wp-content\/uploads\/2024\/10\/Uwin-Crystal-10000-Puffs-Original-Factory-ps-16-scaled.webp\" alt=\"Uwin Crystal 10000 Puffs in\u017eenierija un vairumtirdzniec\u012bbas izplat\u012b\u0161ana\" width=\"2560\" height=\"1600\" title=\"\" srcset=\"https:\/\/vapexyz.com\/wp-content\/uploads\/2024\/10\/Uwin-Crystal-10000-Puffs-Original-Factory-ps-16-scaled.webp 2560w, https:\/\/vapexyz.com\/wp-content\/uploads\/2024\/10\/Uwin-Crystal-10000-Puffs-Original-Factory-ps-16-scaled-500x313.webp 500w, https:\/\/vapexyz.com\/wp-content\/uploads\/2024\/10\/Uwin-Crystal-10000-Puffs-Original-Factory-ps-16-scaled-1024x640.webp 1024w, https:\/\/vapexyz.com\/wp-content\/uploads\/2024\/10\/Uwin-Crystal-10000-Puffs-Original-Factory-ps-16-scaled-768x480.webp 768w, https:\/\/vapexyz.com\/wp-content\/uploads\/2024\/10\/Uwin-Crystal-10000-Puffs-Original-Factory-ps-16-scaled-1536x960.webp 1536w, https:\/\/vapexyz.com\/wp-content\/uploads\/2024\/10\/Uwin-Crystal-10000-Puffs-Original-Factory-ps-16-scaled-2048x1280.webp 2048w, https:\/\/vapexyz.com\/wp-content\/uploads\/2024\/10\/Uwin-Crystal-10000-Puffs-Original-Factory-ps-16-scaled-18x12.webp 18w, https:\/\/vapexyz.com\/wp-content\/uploads\/2024\/10\/Uwin-Crystal-10000-Puffs-Original-Factory-ps-16-scaled-510x319.webp 510w\" sizes=\"auto, (max-width: 2560px) 100vw, 2560px\" \/><\/h2>\n<p style=\"text-align: center; font-weight: bold; margin-top: 40px; font-size: 1.2em;\">Nodro\u0161iniet savu invent\u0101ru \u0161odien VapeXYZ \u2014 viet\u0101, kur kvalit\u0101te atbilst vairumtirdzniec\u012bbas efektivit\u0101tei.<\/p>\n<\/article>","protected":false},"excerpt":{"rendered":"<p><strong>\ud83d\udc4b<\/strong>Uwin Crystal 10000 Puffs ir pieejams ieg\u0101dei k\u0101<strong> <span style=\"color: #ed1c24;\">Paraugs kaste (1 kaste, kur\u0101 ir 10 da\u017e\u0101di nejau\u0161i gar\u0161as).<\/span><\/strong><\/p>\n<p>Uwin Crystal 10000 Puffs atk\u0101rtoti uzl\u0101d\u0113jamais vienreiz\u0113j\u0101s lieto\u0161anas vape pied\u0101v\u0101 ilgsto\u012bgu l\u012bdz 10 000 ieelp\u0101m, zemas stipr\u012bbas iesp\u0113jas, atk\u0101rtoti uzl\u0101d\u0113jamu 650mAh akumulatoru un 15 da\u017e\u0101dus gar\u0161as, pieejams lielapm\u0113ra vairumtirdzniec\u012bb\u0101 Vapexyz.<\/p>","protected":false},"featured_media":34584,"comment_status":"open","ping_status":"closed","template":"","meta":{"_lmt_disableupdate":"no","_lmt_disable":""},"product_brand":[],"product_cat":[967,994,947,1020,935,934,927,929,928,930,933,939,932,938,931,936,937,1017,1021,1022,948,1092,946,1023,1024,1025,1026,951,1031,1032,1033,1035,953,1037,987,1038],"product_tag":[],"class_list":{"0":"post-34503","1":"product","2":"type-product","3":"status-publish","4":"has-post-thumbnail","6":"product_cat-uwin-disposable-vapes","7":"product_cat-10000-puff-vapes","8":"product_cat-big-puffs-vapes","9":"product_cat-blueberry-flavor-disposable-vapes","10":"product_cat-bulk-buy-disposable-vapes-in-austria","11":"product_cat-bulk-buy-disposable-vapes-in-belgium","12":"product_cat-bulk-buy-disposable-vapes-in-europe","13":"product_cat-bulk-buy-disposable-vapes-in-france","14":"product_cat-bulk-buy-disposable-vapes-in-germany","15":"product_cat-bulk-buy-disposable-vapes-in-italy","16":"product_cat-bulk-buy-disposable-vapes-in-netherlands","17":"product_cat-bulk-buy-disposable-vapes-in-norway","18":"product_cat-bulk-buy-disposable-vapes-in-poland","19":"product_cat-bulk-buy-disposable-vapes-in-portugal","20":"product_cat-bulk-buy-disposable-vapes-in-spain","21":"product_cat-bulk-buy-disposable-vapes-in-sweden","22":"product_cat-bulk-buy-disposable-vapes-in-switzerland","23":"product_cat-buy-best-disposable-vape-flavors","24":"product_cat-cherry-flavor-disposable-vapes","25":"product_cat-cola-flavor-disposable-vapes","26":"product_cat-crystal-vapes","27":"product_cat-disposable-vape-variety-pack","28":"product_cat-disposable-vapes-series","29":"product_cat-grape-flavor-disposable-vapes","30":"product_cat-guava-flavor-disposable-vapes","31":"product_cat-ice-flavor-disposable-vapes","32":"product_cat-kiwi-flavor-disposable-vapes","33":"product_cat-lower-nicotine-vapes","34":"product_cat-mixed-berries-flavor-disposable-vapes","35":"product_cat-passion-fruit-flavor-disposable-vapes","36":"product_cat-peach-flavor-disposable-vapes","37":"product_cat-raspberry-flavor-disposable-vapes","38":"product_cat-rechargeable-vapes","39":"product_cat-strawberry-flavor-disposable-vapes","40":"product_cat-vape-shop-by-puffs","41":"product_cat-watermelon-flavor-disposable-vapes","43":"first","44":"instock","45":"shipping-taxable","46":"purchasable","47":"product-type-variable","48":"has-default-attributes"},"jetpack_sharing_enabled":true,"tiered_pricing_type":"fixed","tiered_pricing_fixed_rules":[],"tiered_pricing_product_settings":{"layout":"default","base_unit_name":{"singular":null,"plural":null},"default_variation":null},"tiered_pricing_minimum_quantity":null,"tiered_pricing_roles_data":[],"tiered_pricing_percentage_rules":[],"tiered_pricing_maximum_quantity":null,"tiered_pricing_quantity_step":null,"_links":{"self":[{"href":"https:\/\/vapexyz.com\/lv\/wp-json\/wp\/v2\/product\/34503","targetHints":{"allow":["GET"]}}],"collection":[{"href":"https:\/\/vapexyz.com\/lv\/wp-json\/wp\/v2\/product"}],"about":[{"href":"https:\/\/vapexyz.com\/lv\/wp-json\/wp\/v2\/types\/product"}],"replies":[{"embeddable":true,"href":"https:\/\/vapexyz.com\/lv\/wp-json\/wp\/v2\/comments?post=34503"}],"wp:featuredmedia":[{"embeddable":true,"href":"https:\/\/vapexyz.com\/lv\/wp-json\/wp\/v2\/media\/34584"}],"wp:attachment":[{"href":"https:\/\/vapexyz.com\/lv\/wp-json\/wp\/v2\/media?parent=34503"}],"wp:term":[{"taxonomy":"product_brand","embeddable":true,"href":"https:\/\/vapexyz.com\/lv\/wp-json\/wp\/v2\/product_brand?post=34503"},{"taxonomy":"product_cat","embeddable":true,"href":"https:\/\/vapexyz.com\/lv\/wp-json\/wp\/v2\/product_cat?post=34503"},{"taxonomy":"product_tag","embeddable":true,"href":"https:\/\/vapexyz.com\/lv\/wp-json\/wp\/v2\/product_tag?post=34503"}],"curies":[{"name":"wp","href":"https:\/\/api.w.org\/{rel}","templated":true}]}}