{"id":31465,"date":"2024-08-21T14:08:39","date_gmt":"2024-08-21T14:08:39","guid":{"rendered":"https:\/\/vapexyz.com\/?post_type=product&#038;p=31465"},"modified":"2026-03-03T03:46:01","modified_gmt":"2026-03-03T03:46:01","slug":"aivono-temesanas-lielgabals-7000-putites-0-2-3-5-lielapjoma-pirkt-zemu-nikotina-limeni-uzladejama-vienreizeja-vapes-pildspalva-vairumtirdznieciba","status":"publish","type":"product","link":"https:\/\/vapexyz.com\/lv\/product\/aivono-aim-gun-7000-puffs-0-2-3-5-bulk-buy-low-nicotine-rechargeable-disposable-vapes-pen-wholesale\/","title":{"rendered":"AIVONO AIM GUN 7000 iegriezienu atk\u0101rtoti uzl\u0101d\u0113jamas vienreiz\u0113j\u0101s lieto\u0161anas vape ier\u012bces vairumtirdzniec\u012bbai"},"content":{"rendered":"<article style=\"font-family: 'Helvetica Neue', Helvetica, Arial, sans-serif; line-height: 1.8; color: #2c3e50; padding: 20px; max-width: 100%; margin: 0 auto;\"><div style=\"width: 1020px;\" class=\"wp-video\"><video class=\"wp-video-shortcode\" id=\"video-31465-1\" width=\"1020\" height=\"574\" preload=\"metadata\" controls=\"controls\"><source type=\"video\/mp4\" src=\"https:\/\/vapexyz.com\/wp-content\/uploads\/2024\/08\/AIVONO-AIM-GUN-7000-Puff-2.mp4?_=1\" \/><a href=\"https:\/\/vapexyz.com\/wp-content\/uploads\/2024\/08\/AIVONO-AIM-GUN-7000-Puff-2.mp4\">https:\/\/vapexyz.com\/wp-content\/uploads\/2024\/08\/AIVONO-AIM-GUN-7000-Puff-2.mp4<\/a><\/video><\/div>\n<h2 style=\"color: #1a252f; border-bottom: 2px solid #3498db; padding-bottom: 10px; margin-top: 30px;\">AIVONO AIM GUN 7000 Puffs: N\u0101kam\u0101s paaudzes tvaic\u0113\u0161anas in\u017eenierija<\/h2>\n<p style=\"font-size: 16px;\">Laipni l\u016bdzam AIVONO AIM GUN 7000 Puffs, izsmalcin\u0101tu vienreiz lietojamu vape, kas izstr\u0101d\u0101ts optim\u0101lai veiktsp\u0113jai un konsekvencei. Izstr\u0101d\u0101ts gan ies\u0101c\u0113ju lietot\u0101jiem, gan pieredz\u0113ju\u0161iem entuziastiem, \u0161is vienreiz lietojamais vape apvieno lielas ietilp\u012bbas funkcionalit\u0101ti ar ergonomisku formas faktoru. Pieejams ekskluz\u012bvi caur VapeXYZ, uzticamu izplat\u012bt\u0101ju ar vair\u0101k nek\u0101 asto\u0146iem gadiem pier\u0101d\u012btas pieg\u0101des \u0137\u0113des izcil\u012bbas, \u0161\u012b ier\u012bce p\u0101rst\u0101v uzticamas aparat\u016bras un progres\u012bvas sensor\u0101s pieg\u0101des krustpunktu.<\/p>\n<h3 style=\"color: #2980b9; margin-top: 25px;\">K\u0101p\u0113c izv\u0113l\u0113ties AIVONO vienreiz\u0113j\u0101s lieto\u0161anas e-cigaretes?<\/h3>\n<p style=\"font-size: 16px;\">AIVONO AIM GUN s\u0113rija fundament\u0101li paaugstina vienreiz lietojamo vape ier\u012b\u010du standartus. Izmantojot prec\u012bzi konstru\u0113tas sast\u0101vda\u013cas, \u0161\u012b ier\u012bce garant\u0113 ilgm\u016b\u017e\u012bbu, \u013caujot lietot\u0101jiem izdar\u012bt l\u012bdz 7000 ieelpu pirms izlieto\u0161anas. T\u0101 satur robustu 12ml priek\u0161pild\u012btu rezervu\u0101ru, maksim\u0101li palielinot ier\u012bces darb\u012bbas ilgumu bez bie\u017eas nomai\u0146as nepiecie\u0161am\u012bbas. Ier\u012bce darbojas ar augstas efektivit\u0101tes 600mAh litija-jonu akumulatoru un atbalsta m\u016bsdienu Type-C uzl\u0101des protokolus, nodro\u0161inot, ka ier\u012bces d\u012bkst\u0101ve tiek samazin\u0101ta l\u012bdz minimumam. Neskatoties uz iespaid\u012bgo ietilp\u012bbu, \u0161asija paliek \u013coti kompakta, prec\u012bzi izm\u0113rot 31 x 25 x 100 mm, padarot to par ide\u0101lu, kabatas izm\u0113ra pavadoni lietot\u0101jiem, kas atrodas ce\u013c\u0101.<\/p>\n<h3 style=\"color: #2980b9; margin-top: 25px;\">Emp\u012brisk\u0101 p\u0101rbaude un kvalit\u0101tes nodro\u0161in\u0101\u0161ana<\/h3>\n<p style=\"font-size: 16px;\">At\u0161\u0137ir\u012bb\u0101 no visp\u0101rpie\u0146emt\u0101m tirgus alternat\u012bv\u0101m, AIVONO AIM GUN veiktsp\u0113jas r\u0101d\u012bt\u0101ji ir pamatoti ar stingr\u0101m emp\u012brisk\u0101m p\u0101rbaudes metodolo\u0123ij\u0101m. Neatkar\u012bgas laboratorijas vides izmanto automatiz\u0113tas pneimatisk\u0101s simul\u0101cijas iek\u0101rtas, lai p\u0101rbaud\u012btu 7000 ieelpu nov\u0113rt\u0113jumu, kalibr\u0113jot \u0161os m\u0113r\u012bjumus, pamatojoties uz standartiz\u0113tu 1,5 sekun\u017eu ilgu ieelpo\u0161anas ilgumu. Turkl\u0101t vilkmes pretest\u012bba tiek prec\u012bzi m\u0113r\u012bta milimetros \u016bdens (mmH2O), lai garant\u0113tu vienm\u0113r\u012bgu, vienotu muti-plau\u0161u (MTL) saj\u016btu. Akumulatora degrad\u0101cija tiek stingri uzraudz\u012bta ar\u012b vair\u0101kos uzl\u0101des ciklos, nodro\u0161inot, ka jaudas izvade paliek stabila optim\u0101l\u0101 spriegum\u0101, lai nov\u0113rstu veiktsp\u0113jas kritumu l\u012bdz pat akumulatora dz\u012bves cikla p\u0113d\u0113jam 5%.<\/p>\n<h3 style=\"color: #2980b9; margin-top: 25px;\">Papildu tehnisk\u0101s specifik\u0101cijas<\/h3>\n<p style=\"font-size: 16px;\">Vapes kodols izmanto progres\u012bvu 1,2 \u03a9 sieta sild\u012b\u0161anas elementu. Palielinot sild\u012b\u0161anas elementa virsmas laukumu, ier\u012bces termodinamika tiek iev\u0113rojami uzlabota, k\u0101 rezult\u0101t\u0101 tiek ieg\u016bta \u013coti efekt\u012bva iztvaiko\u0161ana un vienm\u0113r\u012bgs temperat\u016bras sadal\u012bjums. Lietot\u0101ji var izv\u0113l\u0113ties no pla\u0161a stipruma koncentr\u0101ciju kl\u0101sta, ieskaitot 0%, 2%, 3% un 5% formul\u0113jumus, kas nodro\u0161ina daudzpus\u012bgas iesp\u0113jas, kas piel\u0101gotas konkr\u0113t\u0101m individu\u0101laj\u0101m v\u0113lm\u0113m.<\/p>\n<table style=\"width: 100%; border-collapse: collapse; margin: 30px 0; font-family: sans-serif; box-shadow: 0 4px 8px rgba(0,0,0,0.05); background-color: #fff;\">\n<thead>\n<tr>\n<th style=\"background-color: #f4f6f7; border: 1px solid #dcdde1; padding: 15px; text-align: left; font-weight: bold; color: #2c3e50; width: 30%;\">Specifik\u0101cijas Komponents<\/th>\n<th style=\"background-color: #f4f6f7; border: 1px solid #dcdde1; padding: 15px; text-align: left; font-weight: bold; color: #2c3e50;\">In\u017eenierijas deta\u013cas un valid\u0101cija<\/th>\n<\/tr>\n<\/thead>\n<tbody>\n<tr>\n<td style=\"border: 1px solid #dcdde1; padding: 15px; color: #555; font-weight: bold;\">Maksim\u0101l\u0101 izvades jauda<\/td>\n<td style=\"border: 1px solid #dcdde1; padding: 15px; color: #555;\">7000 vilkmes (apstiprin\u0101ts ar automatiz\u0113tu pneimatisko p\u0101rbaudes iek\u0101rtu)<\/td>\n<\/tr>\n<tr>\n<td style=\"border: 1px solid #dcdde1; padding: 15px; color: #555; font-weight: bold;\">\u016adenskr\u0101tuves tilpums<\/td>\n<td style=\"border: 1px solid #dcdde1; padding: 15px; color: #555;\">12ml izol\u0113ta uzglab\u0101\u0161anas kamera<\/td>\n<\/tr>\n<tr>\n<td style=\"border: 1px solid #dcdde1; padding: 15px; color: #555; font-weight: bold;\">Jaudas \u0161\u016bnu specifik\u0101cijas<\/td>\n<td style=\"border: 1px solid #dcdde1; padding: 15px; color: #555;\">600mAh atk\u0101rtoti uzl\u0101d\u0113jams litija-jonu kodols (UN38.3 dro\u0161\u012bbas atbilst\u012bba)<\/td>\n<\/tr>\n<tr>\n<td style=\"border: 1px solid #dcdde1; padding: 15px; color: #555; font-weight: bold;\">Apkures tehnolo\u0123ija<\/td>\n<td style=\"border: 1px solid #dcdde1; padding: 15px; color: #555;\">1,2\u03a9 izsmalcin\u0101ta sieta matrica<\/td>\n<\/tr>\n<tr>\n<td style=\"border: 1px solid #dcdde1; padding: 15px; color: #555; font-weight: bold;\">Uzl\u0101des interfeiss<\/td>\n<td style=\"border: 1px solid #dcdde1; padding: 15px; color: #555;\">Type-C ports (5V\/1A standartiz\u0113ta ieeja)<\/td>\n<\/tr>\n<tr>\n<td style=\"border: 1px solid #dcdde1; padding: 15px; color: #555; font-weight: bold;\">Strength Options<\/td>\n<td style=\"border: 1px solid #dcdde1; padding: 15px; color: #555;\">0%, 2%, 3%, 5% koncentr\u0101cijas pieejamas<\/td>\n<\/tr>\n<tr>\n<td style=\"border: 1px solid #dcdde1; padding: 15px; color: #555; font-weight: bold;\">Fiziskie izm\u0113ri<\/td>\n<td style=\"border: 1px solid #dcdde1; padding: 15px; color: #555;\">31 x 25 x 100 mm (Ergonomisks struktur\u0101ls dizains)<\/td>\n<\/tr>\n<\/tbody>\n<\/table>\n<h3 style=\"color: #2980b9; margin-top: 25px;\">Vielu dro\u0161\u012bba un normat\u012bv\u0101 atbilst\u012bba<\/h3>\n<p style=\"font-size: 16px;\">VapeXYZ pie\u0161\u0137ir augst\u0101ko priorit\u0101ti aparat\u016bras autorit\u0101tei un gala lietot\u0101ju uztic\u012bbai. AIVONO AIM GUN \u0101r\u0113jais korpuss ir izgatavots no p\u0101rtikai piem\u0113rotiem PCTG (policikloksil\u0113ndimetil\u0113na tereftal\u0101ta glikola) polim\u0113riem. \u0160is r\u016bpniecisk\u0101s kvalit\u0101tes materi\u0101ls ir neatkar\u012bgi p\u0101rbaud\u012bts uz izcilu termisko stabilit\u0101ti un augstu triecieniztur\u012bbu, nodro\u0161inot, ka ier\u012bce paliek dro\u0161a lieto\u0161anai pat ilgsto\u0161as darb\u012bbas periodos. Turkl\u0101t iek\u0161\u0113jais baro\u0161anas avots atbilst stingriem UN38.3 transport\u0113\u0161anas un akumulatoru dro\u0161\u012bbas standartiem, savuk\u0101rt visas ra\u017eo\u0161anas procesi tiek veikti ISO 9001 sertific\u0113t\u0101s iek\u0101rt\u0101s. Atbilst\u012bba starptautiskaj\u0101m CE un RoHS direkt\u012bv\u0101m ierobe\u017eo b\u012bstamo vielu izmanto\u0161anu, nostiprinot t\u0101s poz\u012bciju k\u0101 atbilsto\u0161u, uzticamu izv\u0113li pasaules vienreiz\u0113jo vape ier\u012b\u010du tirg\u016b.<\/p>\n<h3 style=\"color: #2980b9; margin-top: 25px;\">K\u016br\u0113tie Aromatiskie Profili<\/h3>\n<p style=\"font-size: 16px;\">M\u016bsu ekspertu mikso\u013cogi ir izstr\u0101d\u0101ju\u0161i izsmalcin\u0101tu gar\u0161as profilu kl\u0101stu AIVONO AIM GUN 7000 Puffs ier\u012bcei. Katra formul\u0101cija ir sintez\u0113ta, izmantojot augst\u0101k\u0101s kvalit\u0101tes ekstraktus, lai nodro\u0161in\u0101tu daudzsl\u0101\u0146u sensorisku pieredzi bez degrad\u0101cijas vis\u0101 ier\u012bces kalpo\u0161anas laik\u0101:<\/p>\n<ul style=\"list-style-type: none; padding-left: 0; font-size: 16px;\">\n<li style=\"margin-bottom: 10px; padding: 10px; background-color: #f9f9f9; border-left: 4px solid #3498db;\">Anan\u0101su kokosriekstu sald\u0113jums: Tropu sapl\u016b\u0161ana, kas nodro\u0161ina kr\u0113m\u012bgu, svaigu un saldo salu iedvesmotu gar\u0161u.<\/li>\n<li style=\"margin-bottom: 10px; padding: 10px; background-color: #f9f9f9; border-left: 4px solid #3498db;\">Zeme\u0146u sald\u0113jums: Grezns deserts, kam rakstur\u012bgas bag\u0101t\u012bgas, gludas un sald\u0101s bot\u0101nisk\u0101s notis.<\/li>\n<li style=\"margin-bottom: 10px; padding: 10px; background-color: #f9f9f9; border-left: 4px solid #3498db;\">Zeme\u0146u Arb\u016bzu Persiku: Sare\u017e\u0123\u012bts, tr\u012bs sl\u0101\u0146u bot\u0101niskais mais\u012bjums, kas pied\u0101v\u0101 harmonisku vasaras aug\u013cu l\u012bdzsvaru.<\/li>\n<li style=\"margin-bottom: 10px; padding: 10px; background-color: #f9f9f9; border-left: 4px solid #3498db;\">Mellenes, avenes, citrona: Sk\u0101bena, krauk\u0161\u0137\u012bga un \u013coti atsvaidzino\u0161a citrusa miza, sav\u012bta ar savva\u013cas ogu nokr\u0101s\u0101m.<\/li>\n<li style=\"margin-bottom: 10px; padding: 10px; background-color: #f9f9f9; border-left: 4px solid #3498db;\">Arb\u016bzu sald\u0113jums: v\u0113s\u0113jo\u0161s, atsvaidzino\u0161s profils, kas meistar\u012bgi replic\u0113 atdzes\u0113tus vasaras melonus.<\/li>\n<li style=\"margin-bottom: 10px; padding: 10px; background-color: #f9f9f9; border-left: 4px solid #3498db;\">Jaukti ogas: Prec\u012bzi sabalans\u0113ts saldais un sk\u0101bais d\u0101rza aug\u013cu mais\u012bjums, kur\u0101 ietilpst daudzveid\u012bgs tum\u0161o ogu sortiments.<\/li>\n<li style=\"margin-bottom: 10px; padding: 10px; background-color: #f9f9f9; border-left: 4px solid #3498db;\">Mellenais sald\u0113jums: Bag\u0101ts, dzi\u013c\u0161 bot\u0101niskais profils, nosl\u0113dzies ar krauk\u0161\u0137\u012bgu, v\u0113so\u0161u izelpu.<\/li>\n<li style=\"margin-bottom: 10px; padding: 10px; background-color: #f9f9f9; border-left: 4px solid #3498db;\">Persiku sald\u0113jums: Samtaina, gluda saj\u016bta, kas apvieno nogatavoju\u0161os persiku d\u0101rza notis ar saldu p\u0113cgar\u0161u.<\/li>\n<li style=\"margin-bottom: 10px; padding: 10px; background-color: #f9f9f9; border-left: 4px solid #3498db;\">V\u012bnogu sald\u0113jums: Drosm\u012bga, v\u012bnogu nogatavin\u0101ta b\u016bt\u012bba, ko pastiprina rakstur\u012bgi auksts un atsvaidzino\u0161s p\u0113cgar\u0161a.<\/li>\n<li style=\"margin-bottom: 10px; padding: 10px; background-color: #f9f9f9; border-left: 4px solid #3498db;\">Zeme\u0146u ban\u0101ns: Klasiska, perfekti sajaukta kombin\u0101cija, kas garant\u0113 vienm\u0113r\u012bgu un saldo pieg\u0101di.<\/li>\n<\/ul>\n<h3 style=\"color: #2980b9; margin-top: 25px;\">Vape vairumtirdzniec\u012bbas oper\u0101cijas: piem\u0113rotas mazumtirgot\u0101jiem<\/h3>\n<p style=\"font-size: 16px;\">Fiziskajiem veikaliem un neatkar\u012bgajiem izplat\u012bt\u0101jiem vairumtirdzniec\u012bbas pieg\u0101des \u0137\u0113des p\u0101rvald\u012b\u0161ana prasa pilnvar\u0101tu partneri. VapeXYZ izmanto vair\u0101k nek\u0101 asto\u0146us gadus ilgu nozares pieredzi, lai nodro\u0161in\u0101tu vienm\u0113r\u012bgu B2B lo\u0123istiku. Nosakot iev\u0113rojami pieejamu minim\u0101lo pas\u016bt\u012bjuma daudzumu (MOQ) tikai 10 vien\u012bb\u0101m, m\u0113s pilnvaroam maz\u0101s un vid\u0113j\u0101s uz\u0146\u0113mumus kr\u0101jum\u0101 AIVONO vienreiz\u0113j\u0101s lieto\u0161anas vape produktus par \u013coti konkur\u0113tsp\u0113j\u012bg\u0101m lielapjoma cen\u0101m. M\u016bsu lo\u0123istisk\u0101 sist\u0113ma nodro\u0161ina \u0101tru nos\u016bt\u012b\u0161anu, stingru muitas atbilst\u012bbas dokument\u0101ciju un dro\u0161u starptautisku pieg\u0101di, t\u0101d\u0113j\u0101di nostiprinot m\u016bsu poz\u012bciju k\u0101 augst\u0101k\u0101s klases augstas veiktsp\u0113jas vape produktu izplat\u012bt\u0101ju pasaul\u0113.<\/p>\n<div style=\"background-color: #eaf2f8; border-left: 6px solid #2980b9; padding: 20px; margin: 30px 0; border-radius: 4px; box-shadow: 0 2px 4px rgba(0,0,0,0.1);\">\n<h4 style=\"margin-top: 0; color: #154360; font-size: 18px;\">Nozares zin\u0101\u0161anas punkti<\/h4>\n<p style=\"margin-bottom: 10px; font-size: 15px;\">Re\u017e\u0123a spole termodinamika: Tradicion\u0101lie spir\u0101lveida vadi uzsilst nevienm\u0113r\u012bgi, kas var izrais\u012bt iek\u0161\u0113j\u0101 kapil\u0101r\u0101 materi\u0101la priek\u0161laic\u012bgu apdeg\u0161anu. AIVONO 1,2 \u03a9 re\u017e\u0123a strukt\u016bra darbojas k\u0101 re\u017e\u0123is, iev\u0113rojami palielinot apkures virsmas laukumu. Tas rezult\u0113jas ar t\u016bl\u012bt\u0113ju uzsil\u0161anas laiku un nodro\u0161ina, ka iek\u0161\u0113j\u0101 kompoz\u012bcija tiek efekt\u012bvi iztvaic\u0113ta bez kait\u012bgu termisku blakusproduktu veido\u0161an\u0101s.<\/p>\n<p style=\"margin-bottom: 0; font-size: 15px;\">Litija jonu apkope: Lai maksim\u0101li palielin\u0101tu 600mAh iek\u0161\u0113j\u0101s baterijas kalpo\u0161anas laiku, lietot\u0101jiem ier\u012bci j\u0101uzl\u0101d\u0113, izmantojot nor\u0101d\u012btos 5V\/1A parametrus. Augstsprieguma \u0101tro l\u0101d\u0113t\u0101ju (piem\u0113ram, kl\u0113pjdatora l\u0101d\u0113t\u0101ju) izmanto\u0161ana var izrais\u012bt termisko stresu jaudas \u0161\u016bn\u0101, pa\u0101trinot \u0137\u012bmisko degrad\u0101ciju un samazinot kop\u0113jo lietojamo izvades ciklu skaitu.<\/p>\n<\/div>\n<h3 style=\"color: #2980b9; margin-top: 30px;\">Galvenie punkti FAQ<\/h3>\n<div style=\"margin-bottom: 15px; border: 1px solid #e1e1e1; border-radius: 6px; padding: 18px; background-color: #ffffff; box-shadow: 0 2px 5px rgba(0,0,0,0.03);\">\n<h4 style=\"margin: 0 0 10px 0; color: #2c3e50;\">1. K\u0101 7000 izelpoto skaits tiek emp\u012briski apstiprin\u0101ts?<\/h4>\n<p style=\"margin: 0; color: #555; font-size: 15px;\">7000 ievilkumu pras\u012bba tiek valid\u0113ta stingr\u0101s laboratorijas vid\u0113s, izmantojot robotiz\u0113tus ieelpo\u0161anas meh\u0101nismus. \u0160\u012bs ma\u0161\u012bnas ir kalibr\u0113tas, lai no ier\u012bces veiktu ievilkumu tie\u0161i 1,5 sekundes katr\u0101 aktiviz\u0101cij\u0101. Atsevi\u0161\u0137u lietot\u0101ju lieto\u0161anas \u012bpatn\u012bbas, piem\u0113ram, dzi\u013c\u0101kas, ilg\u0101kas ievilk\u0161anas, dabiski ietekm\u0113s kop\u0113jo sasniegto izvadi re\u0101l\u0101s pasaules scen\u0101rijos.<\/p>\n<\/div>\n<div style=\"margin-bottom: 15px; border: 1px solid #e1e1e1; border-radius: 6px; padding: 18px; background-color: #ffffff; box-shadow: 0 2px 5px rgba(0,0,0,0.03);\">\n<h4 style=\"margin: 0 0 10px 0; color: #2c3e50;\">2. K\u0101das sertifik\u0101cijas nodro\u0161ina, ka \u0161is vienreizlietojamais vape ir dro\u0161s lieto\u0161anai?<\/h4>\n<p style=\"margin: 0; color: #555; font-size: 15px;\">AIVONO AIM GUN atbilst galvenaj\u0101m starptautiskaj\u0101m direkt\u012bv\u0101m, tostarp CE (Conformit\u00e9 Europ\u00e9enne) un RoHS (b\u012bstamo vielu ierobe\u017eo\u0161ana). Turkl\u0101t iek\u0161\u0113jais litija-jonu akumulators ir izg\u0101jis UN38.3 p\u0101rbaudes, kas to sertific\u0113 k\u0101 dro\u0161u pret termisko p\u0101rkar\u0161anu transport\u0113\u0161anas un ikdienas lieto\u0161anas laik\u0101.<\/p>\n<\/div>\n<div style=\"margin-bottom: 15px; border: 1px solid #e1e1e1; border-radius: 6px; padding: 18px; background-color: #ffffff; box-shadow: 0 2px 5px rgba(0,0,0,0.03);\">\n<h4 style=\"margin: 0 0 10px 0; color: #2c3e50;\">3. K\u0101 VapeXYZ veic vairumtirdzniec\u012bbas pieg\u0101\u017eu lo\u0123istiku?<\/h4>\n<p style=\"margin: 0; color: #555; font-size: 15px;\">Izmantojot vair\u0101k nek\u0101 asto\u0146us gadus ilgu glob\u0101l\u0101s izplat\u012b\u0161anas pieredzi, VapeXYZ apstr\u0101d\u0101 vairumtirdzniec\u012bbas pas\u016bt\u012bjumus, izmantojot racionaliz\u0113tu lo\u0123istikas t\u012bklu. Ar minim\u0101lo pas\u016bt\u012bjuma daudzumu tikai 10 vien\u012bbas, mazumtirgot\u0101jiem ir pieejama caursp\u012bd\u012bga cenu noteik\u0161ana, muitas kontrol\u0113ti tranz\u012bta mar\u0161ruti un piln\u012bb\u0101 izsekojama nos\u016bt\u012b\u0161ana, lai nodro\u0161in\u0101tu kr\u0101jumu dro\u0161u pieg\u0101di.<\/p>\n<\/div>\n<div style=\"margin-bottom: 15px; border: 1px solid #e1e1e1; border-radius: 6px; padding: 18px; background-color: #ffffff; box-shadow: 0 2px 5px rgba(0,0,0,0.03);\">\n<h4 style=\"margin: 0 0 10px 0; color: #2c3e50;\">4. Vai aparat\u016bru var p\u0101rstr\u0101d\u0101t?<\/h4>\n<p style=\"margin: 0; color: #555; font-size: 15px;\">J\u0101. T\u0101 k\u0101 ier\u012bce satur uzl\u0101d\u0113jamu litija-jonu akumulatoru un iek\u0161\u0113jo elektronisko \u0137\u0113di, t\u0101 ietilpst WEEE (Atkritumu elektrisk\u0101s un elektronisk\u0101s iek\u0101rtas) direkt\u012bvas darb\u012bbas jom\u0101. M\u0113s stingri iesak\u0101m lietot\u0101jiem un mazumtirgot\u0101jiem izlietot\u0101s vape ier\u012bces nodot noteikt\u0101s elektronikas p\u0101rstr\u0101des viet\u0101s, nevis k\u0101 parastos m\u0101jsaimniec\u012bbas atkritumus.<\/p>\n<\/div>\n<p style=\"font-size: 16px; margin-top: 30px;\">Pas\u016btiet AIVONO AIM GUN 7000 Puffs no VapeXYZ \u0161odien un papildiniet savu kr\u0101jumu ar uzticamu, augsti izstr\u0101d\u0101tu vienreiz lietojamu vape, kas nodro\u0161ina nemain\u012bgu kvalit\u0101ti no pirm\u0101s l\u012bdz p\u0113d\u0113jai ieelpai.<\/p>\n<div style=\"text-align: center; margin-top: 40px;\"><img loading=\"lazy\" decoding=\"async\" class=\"wp-image-31522 size-full aligncenter\" style=\"max-width: 100%; height: auto; border-radius: 8px; box-shadow: 0 6px 15px rgba(0,0,0,0.15);\" src=\"https:\/\/vapexyz.com\/wp-content\/uploads\/2024\/08\/AIVONO-AIM-GUN-7000-Puff-16.webp\" alt=\"AIVONO AIM \u0160AUDA 7000 Izdienas 0% 2% 3% 5% Lielapjoma Pirkums Zema Stipruma Atk\u0101rtoti Uzl\u0101d\u0113jamas Vienreiz\u0113j\u0101s Lieto\u0161anas Vapes Pildspalva Vairumtirdzniec\u012bba\" width=\"1060\" height=\"847\" title=\"\" srcset=\"https:\/\/vapexyz.com\/wp-content\/uploads\/2024\/08\/AIVONO-AIM-GUN-7000-Puff-16.webp 1060w, https:\/\/vapexyz.com\/wp-content\/uploads\/2024\/08\/AIVONO-AIM-GUN-7000-Puff-16-500x400.webp 500w, https:\/\/vapexyz.com\/wp-content\/uploads\/2024\/08\/AIVONO-AIM-GUN-7000-Puff-16-1024x818.webp 1024w, https:\/\/vapexyz.com\/wp-content\/uploads\/2024\/08\/AIVONO-AIM-GUN-7000-Puff-16-768x614.webp 768w, https:\/\/vapexyz.com\/wp-content\/uploads\/2024\/08\/AIVONO-AIM-GUN-7000-Puff-16-15x12.webp 15w, https:\/\/vapexyz.com\/wp-content\/uploads\/2024\/08\/AIVONO-AIM-GUN-7000-Puff-16-600x479.webp 600w\" sizes=\"auto, (max-width: 1060px) 100vw, 1060px\" \/><\/div>\n<\/article>","protected":false},"excerpt":{"rendered":"<p>AIVONO AIM GUN 7000 Puffs, kas pieejams vietn\u0113 Vapexyz, ir lielas ietilp\u012bbas, uzl\u0101d\u0113jams vienreizlietojams vape, kas pied\u0101v\u0101 l\u012bdz 7 000 ieelp\u0101m ar da\u017e\u0101d\u0101m gar\u0161as iesp\u0113j\u0101m un piel\u0101gojamu vape stiprumu, ide\u0101li piem\u0113rots premium vape pieredzei.<\/p>","protected":false},"featured_media":31521,"comment_status":"open","ping_status":"closed","template":"","meta":{"_lmt_disableupdate":"no","_lmt_disable":""},"product_brand":[],"product_cat":[944,1010,1018,1020,935,934,927,929,928,930,933,939,932,938,931,936,937,1017,946,1023,1025,1027,951,1031,1033,1034,953,1037,820,987,1038],"product_tag":[],"class_list":{"0":"post-31465","1":"product","2":"type-product","3":"status-publish","4":"has-post-thumbnail","6":"product_cat-aivono","7":"product_cat-7000-puff-vapes","8":"product_cat-apple-flavor-disposable-vapes","9":"product_cat-blueberry-flavor-disposable-vapes","10":"product_cat-bulk-buy-disposable-vapes-in-austria","11":"product_cat-bulk-buy-disposable-vapes-in-belgium","12":"product_cat-bulk-buy-disposable-vapes-in-europe","13":"product_cat-bulk-buy-disposable-vapes-in-france","14":"product_cat-bulk-buy-disposable-vapes-in-germany","15":"product_cat-bulk-buy-disposable-vapes-in-italy","16":"product_cat-bulk-buy-disposable-vapes-in-netherlands","17":"product_cat-bulk-buy-disposable-vapes-in-norway","18":"product_cat-bulk-buy-disposable-vapes-in-poland","19":"product_cat-bulk-buy-disposable-vapes-in-portugal","20":"product_cat-bulk-buy-disposable-vapes-in-spain","21":"product_cat-bulk-buy-disposable-vapes-in-sweden","22":"product_cat-bulk-buy-disposable-vapes-in-switzerland","23":"product_cat-buy-best-disposable-vape-flavors","24":"product_cat-disposable-vapes-series","25":"product_cat-grape-flavor-disposable-vapes","26":"product_cat-ice-flavor-disposable-vapes","27":"product_cat-lemon-flavor-disposable-vapes","28":"product_cat-lower-nicotine-vapes","29":"product_cat-mixed-berries-flavor-disposable-vapes","30":"product_cat-peach-flavor-disposable-vapes","31":"product_cat-pineapple-flavor-disposable-vapes","32":"product_cat-rechargeable-vapes","33":"product_cat-strawberry-flavor-disposable-vapes","34":"product_cat-vape","35":"product_cat-vape-shop-by-puffs","36":"product_cat-watermelon-flavor-disposable-vapes","38":"first","39":"outofstock","40":"shipping-taxable","41":"purchasable","42":"product-type-variable","43":"has-default-attributes"},"jetpack_sharing_enabled":true,"tiered_pricing_type":"fixed","tiered_pricing_fixed_rules":[],"tiered_pricing_product_settings":{"layout":"default","base_unit_name":{"singular":null,"plural":null},"default_variation":null},"tiered_pricing_minimum_quantity":null,"tiered_pricing_roles_data":[],"tiered_pricing_percentage_rules":[],"tiered_pricing_maximum_quantity":null,"tiered_pricing_quantity_step":null,"_links":{"self":[{"href":"https:\/\/vapexyz.com\/lv\/wp-json\/wp\/v2\/product\/31465","targetHints":{"allow":["GET"]}}],"collection":[{"href":"https:\/\/vapexyz.com\/lv\/wp-json\/wp\/v2\/product"}],"about":[{"href":"https:\/\/vapexyz.com\/lv\/wp-json\/wp\/v2\/types\/product"}],"replies":[{"embeddable":true,"href":"https:\/\/vapexyz.com\/lv\/wp-json\/wp\/v2\/comments?post=31465"}],"wp:featuredmedia":[{"embeddable":true,"href":"https:\/\/vapexyz.com\/lv\/wp-json\/wp\/v2\/media\/31521"}],"wp:attachment":[{"href":"https:\/\/vapexyz.com\/lv\/wp-json\/wp\/v2\/media?parent=31465"}],"wp:term":[{"taxonomy":"product_brand","embeddable":true,"href":"https:\/\/vapexyz.com\/lv\/wp-json\/wp\/v2\/product_brand?post=31465"},{"taxonomy":"product_cat","embeddable":true,"href":"https:\/\/vapexyz.com\/lv\/wp-json\/wp\/v2\/product_cat?post=31465"},{"taxonomy":"product_tag","embeddable":true,"href":"https:\/\/vapexyz.com\/lv\/wp-json\/wp\/v2\/product_tag?post=31465"}],"curies":[{"name":"wp","href":"https:\/\/api.w.org\/{rel}","templated":true}]}}