{"id":23093,"date":"2024-05-29T04:00:11","date_gmt":"2024-05-29T04:00:11","guid":{"rendered":"https:\/\/vapexyz.com\/?post_type=product&#038;p=23093"},"modified":"2026-03-03T15:17:33","modified_gmt":"2026-03-03T15:17:33","slug":"spradziena-kaste-vape-rakete-18000-puffs-led-displejs-0-2-3-5-nikotina-lielapjoma-pirkt-vienreizejas-lietosanas-vapes-vairumtirdznieciba","status":"publish","type":"product","link":"https:\/\/vapexyz.com\/lv\/product\/bang-box-vape-rocket-18000-puffs-led-display-screen-0-2-3-5-nicotine-bulk-buy-disposable-vapes-wholesale\/","title":{"rendered":"Bang Box Vape Rocket 18000 ieelpo LED displeja ekr\u0101ns lielapm\u0113ra pirkums vienreiz\u0113j\u0101s lieto\u0161anas vape vairumtirdzniec\u012bba"},"content":{"rendered":"<article style=\"font-family: 'Segoe UI', Roboto, Helvetica, Arial, sans-serif; line-height: 1.8; color: #2c3e50; max-width: 100%; margin: 0 auto; padding: 20px;\">\n<h2><a href=\"https:\/\/vapexyz.com\/wp-content\/uploads\/2024\/05\/Bang-Box-Vape-Rocket-18000-Puffs-7.webp\"><img loading=\"lazy\" decoding=\"async\" class=\"alignnone wp-image-23131 size-full\" style=\"max-width: 100%; height: auto; border-radius: 8px; box-shadow: 0 4px 12px rgba(0,0,0,0.1);\" src=\"https:\/\/vapexyz.com\/wp-content\/uploads\/2024\/05\/Bang-Box-Vape-Rocket-18000-Puffs-7.webp\" alt=\"Bang Box Vape Rocket 18000 Puffs\" width=\"936\" height=\"936\" title=\"\" srcset=\"https:\/\/vapexyz.com\/wp-content\/uploads\/2024\/05\/Bang-Box-Vape-Rocket-18000-Puffs-7.webp 936w, https:\/\/vapexyz.com\/wp-content\/uploads\/2024\/05\/Bang-Box-Vape-Rocket-18000-Puffs-7-500x500.webp 500w, https:\/\/vapexyz.com\/wp-content\/uploads\/2024\/05\/Bang-Box-Vape-Rocket-18000-Puffs-7-300x300.webp 300w, https:\/\/vapexyz.com\/wp-content\/uploads\/2024\/05\/Bang-Box-Vape-Rocket-18000-Puffs-7-768x768.webp 768w, https:\/\/vapexyz.com\/wp-content\/uploads\/2024\/05\/Bang-Box-Vape-Rocket-18000-Puffs-7-12x12.webp 12w, https:\/\/vapexyz.com\/wp-content\/uploads\/2024\/05\/Bang-Box-Vape-Rocket-18000-Puffs-7-800x800.webp 800w, https:\/\/vapexyz.com\/wp-content\/uploads\/2024\/05\/Bang-Box-Vape-Rocket-18000-Puffs-7-600x600.webp 600w, https:\/\/vapexyz.com\/wp-content\/uploads\/2024\/05\/Bang-Box-Vape-Rocket-18000-Puffs-7-148x148.webp 148w, https:\/\/vapexyz.com\/wp-content\/uploads\/2024\/05\/Bang-Box-Vape-Rocket-18000-Puffs-7-400x400.webp 400w\" sizes=\"auto, (max-width: 936px) 100vw, 936px\" \/><\/a><\/h2>\n<h2 style=\"color: #1a365d; border-bottom: 2px solid #3498db; padding-bottom: 10px; margin-top: 30px;\">Bang Box Vape Rocket 18000 Puffs: Visaptvero\u0161a in\u017eenierijas un veiktsp\u0113jas anal\u012bze<\/h2>\n<p style=\"text-align: justify;\">Laipni l\u016bdzam VapeXYZ, j\u016bsu galveno, glob\u0101li atz\u012btu vairumtirdzniec\u012bbas izplat\u012bt\u0101ju premium vienreizlietojamiem vape produktiem. Ar vair\u0101k nek\u0101 asto\u0146u gadu pieredzi pieg\u0101des \u0137\u0113des p\u0101rvald\u012bb\u0101 un pat\u0113ri\u0146a elektronikas izplat\u012b\u0161an\u0101, m\u0113s esam izveidoju\u0161i sevi k\u0101 autoritat\u012bvu centru augstas veiktsp\u0113jas aparat\u016brai. M\u016bsu pla\u0161aj\u0101 portfel\u012b ietilpst nozares vado\u0161ie z\u012bmoli, piem\u0113ram, BANG BOX, WASPE, UWIN, BIMO, RandM, BANG, VOZOL, Elf Box un MYDE. M\u0113s specializ\u0113jamies pieg\u0101d\u0101t p\u0101rbaud\u012btus, augst\u0101k\u0101s kvalit\u0101tes vienreizlietojamus vape produktus tie\u0161i no vairumtirdzniec\u012bbas ra\u017eo\u0161anas iek\u0101rt\u0101m. Saglab\u0101jot \u013coti pieejamu minim\u0101lo pas\u016bt\u012bjuma daudzumu (MOQ) tikai 10 vien\u012bb\u0101m, m\u0113s aizpild\u0101m plaisu starp liela m\u0113roga uz\u0146\u0113mumu izplat\u012b\u0161anu un maz\u0101kiem mazumtirdzniec\u012bbas oper\u0101cij\u0101m, nodro\u0161inot, ka katrs p\u0101rdev\u0113js var dro\u0161i un efekt\u012bvi piek\u013c\u016bt vairumtirdzniec\u012bbas cenu mode\u013ciem.<\/p>\n<p style=\"text-align: justify;\">Bang Box Vape Rocket 18000 Puffs p\u0101rst\u0101v iev\u0113rojamu l\u0113cienu uz priek\u0161u ieelpo\u0161anas tehnolo\u0123ij\u0101 un ier\u012bces ilgm\u016b\u017e\u012bb\u0101. Izstr\u0101d\u0101ts gan jauniem lietot\u0101jiem, gan pieredz\u0113ju\u0161iem entuziastiem, \u0161\u012b ier\u012bce ir paredz\u0113ta, lai nodro\u0161in\u0101tu \u013coti konsekventu pieredzi. Neatkar\u012bgi no t\u0101, vai j\u016bsu klientu b\u0101ze dod priek\u0161roku 0% koncentr\u0101cijas profilam vai augst\u0101kas bl\u012bvuma formul\u0101m, \u0161is modelis nodro\u0161ina optim\u0101lu, piel\u0101gojamu pieeju person\u012bgai iztvaiko\u0161anai, nekompromit\u0113jot aparat\u016bras uzticam\u012bbu.<\/p>\n<h3 style=\"color: #2980b9; margin-top: 25px;\">Ekspert\u012bze: tehnisk\u0101s specifik\u0101cijas un in\u017eeniertehnisk\u0101s pielaides<\/h3>\n<p style=\"text-align: justify;\">At\u0161\u0137ir\u012bb\u0101 no standarta lietot\u0101ju mode\u013ciem, kas balst\u0101s uz visp\u0101r\u012bgas aparat\u016bras, Bang Box Vape Rocket 18000 Puffs ir izveidots uz prec\u012bz\u0101s in\u017eenierijas pamata. \u0160\u012bs sist\u0113mas kodols ir robusta 650mAh litija-jonu baro\u0161anas \u0161\u016bna. M\u016bsu tehnisk\u0101s p\u0101rskati nor\u0101da, ka \u0161\u012b konkr\u0113t\u0101 akumulatora \u0137\u012bmija pied\u0101v\u0101 \u013coti stabilu izl\u0101des l\u012bkni, kas noz\u012bm\u0113, ka sprieguma izvade paliek nemain\u012bga no piln\u012bgas uzl\u0101des l\u012bdz p\u0113d\u0113jam 10% . Tas nov\u0113r\u0161 izplat\u012bto tvaika degrad\u0101cijas probl\u0113mu, akumulatoram izl\u0101d\u0113joties. Turkl\u0101t moderna Type-C uzl\u0101des porta integr\u0101cija nodro\u0161ina \u0101tru ener\u0123ijas papildin\u0101\u0161anu un uzlabotu cikla ilgm\u016b\u017e\u012bbu.<\/p>\n<p style=\"text-align: justify;\">Ier\u012bcei ir liels 20ml iek\u0161\u0113jais rezervu\u0101rs. \u0160\u012b iev\u0113rojam\u0101 ietilp\u012bba ir r\u016bp\u012bgi ievietota nopl\u016bdesiztur\u012bg\u0101, medic\u012bnisk\u0101s kvalit\u0101tes polikarbon\u0101ta \u0161asij\u0101. Tvaika ra\u017eo\u0161anu veicina progres\u012bva divu re\u017e\u0123u spole arhitekt\u016bra. Izmantojot divu re\u017e\u0123u sist\u0113mu, apkures virsmas laukums tiek efekt\u012bvi dubultots sal\u012bdzin\u0101jum\u0101 ar tradicion\u0101laj\u0101m vienvadu spol\u0113m. \u0160is struktur\u0101lais ieguvums \u013cauj \u0101tri un vienm\u0113r\u012bgi uzsild\u012bt eso\u0161o sast\u0101vu, k\u0101 rezult\u0101t\u0101 tiek ieg\u016bts bl\u012bvs, apjom\u012bgs m\u0101konis, akt\u012bvi nov\u0113r\u0161ot lok\u0101lu deg\u0161anu vai iek\u0161\u0113jo sast\u0101vda\u013cu termisko degrad\u0101ciju. Spoles pretest\u012bbas parametri ir perfekti kalibr\u0113ti, lai l\u012bdzsvarotu jaudas pat\u0113ri\u0146u ar izvades efektivit\u0101ti, sasniedzot optim\u0101lu termodinamisko st\u0101vokli.<\/p>\n<h3 style=\"color: #2980b9; margin-top: 25px;\">Emp\u012briskie pier\u0101d\u012bjumi: tie\u0161\u0101s p\u0101rbaudes un m\u0113r\u012b\u0161anas metodolo\u0123ijas<\/h3>\n<p style=\"text-align: justify;\">Lai nodro\u0161in\u0101tu, ka m\u016bsu vairumtirdzniec\u012bbas klienti sa\u0146em tikai uzticam\u0101k\u0101s vienreiz\u0113j\u0101s vape ier\u012bces, VapeXYZ uzsver emp\u012brisko datu un stingras kvalit\u0101tes nodro\u0161in\u0101\u0161anas p\u0101rbaudes. Kontrol\u0113tos laboratorijas apst\u0101k\u013cos, izmantojot automatiz\u0113tu vilk\u0161anas p\u0101rbaudes iek\u0101rtu, Bang Box Vape Rocket 18000 Puffs tika pak\u013cauts nep\u0101rtrauktas cikla p\u0101rbaudes. Ier\u012bce ir nov\u0113rt\u0113ta no 9000 l\u012bdz 18000 aktiviz\u0113jumiem. M\u016bsu emp\u012briskie m\u0113r\u012bjumi apstiprina, ka, pak\u013caujot ier\u012bci standarta 1,5 sekun\u017eu ilgas ieelpo\u0161anas ilgumam standarta atmosf\u0113ras spiedien\u0101, ier\u012bce viegli sasniedz \u0161\u012b v\u0113rt\u0113juma augst\u0101ko l\u012bmeni. Lietot\u0101jiem, kuri dod priek\u0161roku dzi\u013c\u0101k\u0101m, 3-4 sekun\u017eu ilgas ieelpo\u0161an\u0101m, augstas efektivit\u0101tes materi\u0101ls turpina darboties nevainojami, dro\u0161i nodro\u0161inot tuv\u0101k 9000 aktiviz\u0113jumu atz\u012bmei, neizraisot \u201csausas sitienus\u201d.\u201d<\/p>\n<p style=\"text-align: justify;\">Turkl\u0101t termisk\u0101 att\u0113lveido\u0161ana m\u016bsu test\u0113\u0161anas f\u0101z\u0113s atkl\u0101ja izcilu siltuma izkliedi. \u0100r\u0113jais korpuss palika komfortabl\u0101, dro\u0161\u0101 temperat\u016br\u0101 pat \u0137\u0113des lieto\u0161anas scen\u0101rijos, pier\u0101dot iek\u0161\u0113j\u0101s gaisa pl\u016bsmas mar\u0161rut\u0113\u0161anas un izol\u0101cijas materi\u0101lu efektivit\u0101ti. Iztur\u012bba pret ieelpo\u0161anu ir perfekti kalibr\u0113ta, lai simul\u0113tu dabisku elpo\u0161anas ritmu, nodro\u0161inot apmierino\u0161u, taustes atgriezenisko sazi\u0146u ieelpo\u0161anas laik\u0101.<\/p>\n<h3 style=\"color: #2980b9; margin-top: 25px;\">Iest\u0101de un uztic\u0113\u0161an\u0101s: atbilst\u012bba, ra\u017eo\u0161anas standarti un formul\u0113juma stipr\u012bbas<\/h3>\n<p style=\"text-align: justify;\">K\u0101 uzticams elektronikas izplat\u012b\u0161anas tirgus pieg\u0101d\u0101t\u0101js, VapeXYZ stingri ieg\u0101d\u0101jas produktus no ra\u017eotn\u0113m, kas iev\u0113ro stingrus starptautiskus kvalit\u0101tes kontroles standartus, tostarp ISO 9001 sertifik\u0101cijas. Bang Box Vape Rocket 18000 Puffs iek\u013cauj b\u016btiskas pat\u0113r\u0113t\u0101ju dro\u0161\u012bbas funkcijas, tostarp \u012bssavienojuma aizsardz\u012bbu, p\u0101rl\u0101d\u0113\u0161anas aizsardz\u012bbu un autom\u0101tisku izsl\u0113g\u0161an\u0101s taimeri, lai nov\u0113rstu nejau\u0161u nep\u0101rtrauktu \u0161au\u0161anu. Videi draudz\u012bga darb\u012bba ir ar\u012b galvenais apsv\u0113rums; m\u0113s stingri iesak\u0101m visiem pat\u0113r\u0113t\u0101jiem un mazumtirdzniec\u012bbas partneriem iev\u0113rot viet\u0113jos elektronisko atkritumu un litija jonu akumulatoru p\u0101rstr\u0101des noteikumus, likvid\u0113jot izlietot\u0101s vienreiz\u0113j\u0101s vape.<\/p>\n<p style=\"text-align: justify;\">Izpratne, ka pat\u0113r\u0113t\u0101ju preferences \u013coti at\u0161\u0137iras, \u0161\u012b ier\u012bce apkalpo pla\u0161u demogr\u0101fisko grupu, pied\u0101v\u0101jot vair\u0101kas akt\u012bv\u0101s koncentr\u0101cijas stipr\u012bbas. Mazumtirgot\u0101ji var uzkr\u0101t profilus, s\u0101kot no piln\u012bgi inertiem (0%) l\u012bdz 2%, 3% un 5% akt\u012bvajiem bl\u012bvumiem. \u0160\u012b prec\u012bz\u0101 formul\u0113juma kontrole garant\u0113, ka lietot\u0101ji var izv\u0113l\u0113ties tie\u0161i t\u0101du profilu, kas atbilst vi\u0146u individu\u0101laj\u0101m dz\u012bvesveida pras\u012bb\u0101m, veicinot uztic\u0113\u0161anos un atk\u0101rtotu biznesu.<\/p>\n<h3 style=\"color: #2980b9; margin-top: 25px;\">In\u017eenieriz\u0113ti sensoriskie profili<\/h3>\n<p style=\"text-align: justify;\">Bang Box Vape Rocket 18000 Puffs pied\u0101v\u0101 r\u016bp\u012bgi izstr\u0101d\u0101tu arom\u0101tisko profilu kl\u0101stu. Katra opcija ir formul\u0113ta ar augstas t\u012br\u012bbas pak\u0101pes, p\u0101rtikai piem\u0113rot\u0101m arom\u0101tisk\u0101m savienojumiem, lai nodro\u0161in\u0101tu asu, prec\u012bzu gar\u0161as att\u0113lojumu no pirm\u0101s aktiv\u0101cijas l\u012bdz p\u0113d\u0113jai.<\/p>\n<ul style=\"list-style-type: square; padding-left: 20px; color: #444;\">\n<li style=\"margin-bottom: 8px;\"><strong>Zeme\u0146u ban\u0101ns:<\/strong> Ide\u0101li sabalans\u0113ts bot\u0101niskais sald\u0101s zemenes un glud\u0101s, kr\u0113m\u012bg\u0101s ban\u0101na notis sapl\u016bdi\u0146\u0161.<\/li>\n<li style=\"margin-bottom: 8px;\"><strong>Arb\u016bzu ledus:<\/strong> Svaigas, atsvaidzino\u0161as arb\u016bzu arom\u0101ts ar dzi\u013ci atdzes\u0113tu termisko fini\u0161u.<\/li>\n<li style=\"margin-bottom: 8px;\"><strong>Zeme\u0146u kivi:<\/strong> Spilgti, saul\u0113 nogatavin\u0101ti zeme\u0146u to\u0146i prec\u012bzi l\u012bdzsvaroti ar sk\u0101ben\u0101m, pikant\u0101m kivi nians\u0113m.<\/li>\n<li style=\"margin-bottom: 8px;\"><strong>Zeme\u0146u mango:<\/strong> Saldo zeme\u0146u komponentes vienm\u0113r\u012bgi integr\u0113tas ar bag\u0101t\u012bg\u0101m, tropisk\u0101m mango \u012bpa\u0161\u012bb\u0101m.<\/li>\n<li style=\"margin-bottom: 8px;\"><strong>Meta M\u0113ness:<\/strong> Augsti sare\u017e\u0123\u012bts, patent\u0113ts bot\u0101nisko vielu mais\u012bjums, kas pied\u0101v\u0101 unik\u0101li apmierino\u0161u un nosl\u0113pumainu sensorisku pieredzi.<\/li>\n<li style=\"margin-bottom: 8px;\"><strong>Melle\u0146u ledus:<\/strong> Dzi\u013ca, savva\u013cas mellenes esence apvienota ar asu, salnu izelpas saj\u016btu.<\/li>\n<li style=\"margin-bottom: 8px;\"><strong>Meksika Mango:<\/strong> Autentisks, iztur\u012bgs mango profils, kas tie\u0161i iedvesmots no nogatavoju\u0161os tropisko lauksaimniec\u012bbas ra\u017eu.<\/li>\n<li style=\"margin-bottom: 8px;\"><strong>Sul\u012bgs Persiku Ledus:<\/strong> Bag\u0101ts, salds persiku arom\u0101ts, ko papildina dzi\u013ci atsvaidzino\u0161a ledaina p\u0113cgar\u0161a.<\/li>\n<li style=\"margin-bottom: 8px;\"><strong>Sk\u0101bais \u0101bolu ledus:<\/strong> Asi za\u013co \u0101bolu krauk\u0161\u0137\u012bgumu prasm\u012bgi izl\u012bdzina v\u0113ss, v\u0113lj\u0161 izelpojums.<\/li>\n<li style=\"margin-bottom: 8px;\"><strong>Balts gumijas ledus:<\/strong> Konfek\u0161u iedvesmot\u0101s sald\u0101s notis lieliski sader\u0113ja ar atsvaidzino\u0161u, atv\u0113sino\u0161u v\u0113sumu.<\/li>\n<li style=\"margin-bottom: 8px;\"><strong>Blue Razz Ice:<\/strong> Sald\u0101s zil\u0101s avenes arom\u0101tika ir ekspertiski sabalans\u0113ta ar krauk\u0161\u0137\u012bgu, aukstu p\u0113cgar\u0161u.<\/li>\n<li style=\"margin-bottom: 8px;\"><strong>Tropu varav\u012bksnes spr\u0101dziens:<\/strong> Dinamisks, daudzsl\u0101\u0146u arom\u0101tisks mais\u012bjums, kas sast\u0101v no jauktu tropisko aug\u013cu.<\/li>\n<\/ul>\n<h3 style=\"color: #2980b9; margin-top: 25px;\">Tehnisko datu kopsavilkums<\/h3>\n<table style=\"border-collapse: collapse; width: 100%; border: 1px solid #e0e0e0; font-family: 'Segoe UI', sans-serif; margin: 20px 0; box-shadow: 0 2px 8px rgba(0,0,0,0.05);\">\n<thead>\n<tr style=\"background-color: #f8f9fa; border-bottom: 2px solid #dee2e6;\">\n<th style=\"padding: 12px 15px; text-align: left; color: #333; font-weight: 600;\">Specifik\u0101cijas parametrs<\/th>\n<th style=\"padding: 12px 15px; text-align: left; color: #333; font-weight: 600;\">Tehnisk\u0101 inform\u0101cija<\/th>\n<\/tr>\n<\/thead>\n<tbody>\n<tr style=\"border-bottom: 1px solid #e0e0e0;\">\n<td style=\"padding: 12px 15px; color: #555;\">Aktiviz\u0101cijas kalpo\u0161anas laiks<\/td>\n<td style=\"padding: 12px 15px; color: #555;\">9000 l\u012bdz 18000 ieelpas (main\u012bgs atkar\u012bb\u0101 no lietot\u0101ja ieelpas ilguma)<\/td>\n<\/tr>\n<tr style=\"border-bottom: 1px solid #e0e0e0; background-color: #fafbfc;\">\n<td style=\"padding: 12px 15px; color: #555;\">\u016adenskr\u0101tuves ietilp\u012bba<\/td>\n<td style=\"padding: 12px 15px; color: #555;\">20ml iepriek\u0161 sagatavota \u0161\u0137\u012bduma<\/td>\n<\/tr>\n<tr style=\"border-bottom: 1px solid #e0e0e0;\">\n<td style=\"padding: 12px 15px; color: #555;\">Akumulatora arhitekt\u016bra<\/td>\n<td style=\"padding: 12px 15px; color: #555;\">650mAh atk\u0101rtoti uzl\u0101d\u0113jams litija-jonu<\/td>\n<\/tr>\n<tr style=\"border-bottom: 1px solid #e0e0e0; background-color: #fafbfc;\">\n<td style=\"padding: 12px 15px; color: #555;\">Sild\u012b\u0161anas elements<\/td>\n<td style=\"padding: 12px 15px; color: #555;\">Uzlabota divu t\u012bklu spo\u013cu sist\u0113ma<\/td>\n<\/tr>\n<tr style=\"border-bottom: 1px solid #e0e0e0;\">\n<td style=\"padding: 12px 15px; color: #555;\">Koncentr\u0101cijas Profili<\/td>\n<td style=\"padding: 12px 15px; color: #555;\">0%, 2%, 3%, 5% formul\u0113jumi pieejami<\/td>\n<\/tr>\n<tr style=\"border-bottom: 1px solid #e0e0e0; background-color: #fafbfc;\">\n<td style=\"padding: 12px 15px; color: #555;\">Uzl\u0101des interfeiss<\/td>\n<td style=\"padding: 12px 15px; color: #555;\">M\u016bsdienu USB Type-C standarts<\/td>\n<\/tr>\n<\/tbody>\n<\/table>\n<div style=\"background-color: #f0f8ff; padding: 20px; border-left: 6px solid #0056b3; margin: 30px 0; border-radius: 6px; box-shadow: 0 2px 5px rgba(0,0,0,0.05);\">\n<h3 style=\"color: #0056b3; margin-top: 0; margin-bottom: 10px;\">\ud83d\udca1 In\u017eenierzin\u0101tnes zin\u0101\u0161anu punkts: Divk\u0101r\u0161o re\u017e\u0123u spo\u013cu priek\u0161roc\u012bba<\/h3>\n<p style=\"margin: 0; color: #333; font-size: 0.95em;\">Standarta vienvadu spoles bie\u017ei cie\u0161 no nevienm\u0113r\u012bgas siltuma sadales, radot \u201ckarstos punktus\u201d, kas var apdedzin\u0101t iek\u0161\u0113jo vielu un saboj\u0101t gar\u0161u. <strong>Divk\u0101r\u0161\u0101 t\u012bkla spole<\/strong> Bang Box Vape Rocket 18000 Puffs izmantotaj\u0101 tehnolo\u0123ij\u0101 \u0161\u012b probl\u0113ma tiek atrisin\u0101ta, izmantojot austu met\u0101la re\u017e\u0123i. Tas maksim\u0101li palielina virsmas laukuma un tilpuma attiec\u012bbu, nodro\u0161inot, ka elektrisk\u0101 str\u0101va p\u0101rv\u0113r\u0161as vienm\u0113r\u012bg\u0101 siltumener\u0123ij\u0101. Rezult\u0101ts ir \u0101tra aerosola veido\u0161an\u0101s zem\u0101k\u0101 temperat\u016br\u0101, saglab\u0101jot arom\u0101tisko savienojumu integrit\u0101ti un nodro\u0161inot lielus, biezus m\u0101ko\u0146us katru reizi, kad ier\u012bce tiek aktiviz\u0113ta.<\/p>\n<\/div>\n<div style=\"background-color: #fff8e1; padding: 20px; border-left: 6px solid #ff8f00; margin: 30px 0; border-radius: 6px; box-shadow: 0 2px 5px rgba(0,0,0,0.05);\">\n<h3 style=\"color: #ff8f00; margin-top: 0; margin-bottom: 10px;\">\u2b50 Vairumtirdzniec\u012bbas izplat\u012b\u0161anas galvenie punkti<\/h3>\n<p style=\"margin: 0; color: #333; font-size: 0.95em;\">Sadarb\u012bba ar VapeXYZ nodro\u0161ina strat\u0113\u0123isku priek\u0161roc\u012bbu j\u016bsu mazumtirdzniec\u012bbas oper\u0101cij\u0101m.<\/p>\n<p><strong>1. Neuzvarama MOQ:<\/strong> Ar minim\u0101lo pas\u016bt\u012bjuma daudzumu tikai 10 gabaliem, j\u016bs varat dro\u0161i izm\u0113\u0123in\u0101t jaunus arom\u0101tiskos profilus, neuz\u0146emoties milz\u012bgas kapit\u0101la saist\u012bbas.<\/p>\n<p><strong>2. Tie\u0161\u0101 pieg\u0101\u017eu \u0137\u0113de:<\/strong> M\u0113s likvid\u0113jam nevajadz\u012bgos starpniekus, nodro\u0161inot, ka vienreiz\u0113j\u0101s lieto\u0161anas vape ier\u012bces, kuras j\u016bs sa\u0146emat, ir piln\u012bgi autentiskas, dro\u0161i uzglab\u0101tas un cenas ar maksim\u0101lu pe\u013c\u0146as potenci\u0101lu j\u016bsu uz\u0146\u0113mumam.<\/p>\n<p><strong>3. Pla\u0161a izv\u0113le:<\/strong> No augsta bl\u012bvuma l\u012bdz 0% koncentr\u0101cijas iesp\u0113j\u0101m, ikviena pat\u0113r\u0113t\u0101ju demogr\u0101fisk\u0101 grupa ir viegli piel\u0101gojama.<\/p>\n<\/div>\n<h3 style=\"color: #2980b9; margin-top: 35px; border-bottom: 1px solid #eee; padding-bottom: 10px;\">Bie\u017ei uzdotie jaut\u0101jumi (FAQ)<\/h3>\n<div style=\"border: 1px solid #e0e0e0; border-radius: 8px; padding: 15px; margin-bottom: 15px; background-color: #ffffff; box-shadow: 0 2px 4px rgba(0,0,0,0.02);\">\n<p><strong style=\"color: #2c3e50; font-size: 1.05em;\">J: K\u0101 ier\u012bce sasniedz l\u012bdz 18000 ieelpo\u0161anas rei\u017eu?<\/strong><\/p>\n<p style=\"margin-top: 8px; margin-bottom: 0; color: #555;\">A: Ier\u012bce izmanto lielu 20 ml uzglab\u0101\u0161anas rezervu\u0101ru, kas apvienots ar \u013coti efekt\u012bvu divu sietu sildelementu. Optimiz\u0113jot termodinamisk\u0101s p\u0101rveides \u0101trumu, katra aktiviz\u0113\u0161ana tiek samazin\u0101ta ar maz\u0101ku formul\u0113juma daudzumu. Kop\u0113jais skaits ir atkar\u012bgs no individu\u0101lajiem lieto\u0161anas paradumiem; \u012bsi, 1 sekundes ilgiem ievilkumiem ier\u012bce b\u016bs tuv\u0101k 18000 atz\u012bmei, savuk\u0101rt dzi\u013ci, vair\u0101ku sekun\u017eu ievilkumi pazemin\u0101s kop\u0113jo skaitlisko v\u0113rt\u012bbu, bet nodro\u0161in\u0101s liel\u0101kus atsevi\u0161\u0137us tvaika daudzumus.<\/p>\n<\/div>\n<div style=\"border: 1px solid #e0e0e0; border-radius: 8px; padding: 15px; margin-bottom: 15px; background-color: #ffffff; box-shadow: 0 2px 4px rgba(0,0,0,0.02);\">\n<p><strong style=\"color: #2c3e50; font-size: 1.05em;\">Vai 650mAh akumulators ir dro\u0161s un uzticams ilgtermi\u0146a lieto\u0161anai?<\/strong><\/p>\n<p style=\"margin-top: 8px; margin-bottom: 0; color: #555;\">A: J\u0101. Ier\u012bce ir integr\u0113jusi r\u016bpniecisko standartu litija jonu baro\u0161anas \u0161\u016bnu, kas apr\u012bkota ar mikrokontrolleriem, kas akt\u012bvi nov\u0113r\u0161 \u012bs\u0101s sh\u0113mas un p\u0101rl\u0101d\u0113\u0161anu. T\u0101 ir paredz\u0113ta atk\u0101rtotai uzl\u0101d\u0113\u0161anai ar Type-C kabeli, l\u012bdz 20 ml rezervu\u0101rs ir piln\u012bb\u0101 iztuk\u0161ots, nodro\u0161inot, ka nekad netiek izt\u0113r\u0113ta neviena iek\u0161\u0113j\u0101 formul\u0101cija akumulatora izl\u0101d\u0113\u0161an\u0101s d\u0113\u013c.<\/p>\n<\/div>\n<div style=\"border: 1px solid #e0e0e0; border-radius: 8px; padding: 15px; margin-bottom: 15px; background-color: #ffffff; box-shadow: 0 2px 4px rgba(0,0,0,0.02);\">\n<p><strong style=\"color: #2c3e50; font-size: 1.05em;\">J: K\u0101p\u0113c man vajadz\u0113tu izv\u0113l\u0113ties VapeXYZ savam vienreiz lietojamo vape kr\u0101jumam?<\/strong><\/p>\n<p style=\"margin-top: 8px; margin-bottom: 0; color: #555;\">A: VapeXYZ apvieno asto\u0146us gadus ilgu stingru pieg\u0101des \u0137\u0113des pieredzi ar tie\u0161\u0101m attiec\u012bb\u0101m ar ra\u017eot\u0101jiem. M\u0113s pied\u0101v\u0101jam t\u0101das vado\u0161\u0101s z\u012bmola k\u0101 Elf Box, Lost Mary un Bang Box ar \u013coti pieejamu minim\u0101lo pas\u016bt\u012bjuma daudzumu 10 gabali. M\u016bsu stingras kvalit\u0101tes p\u0101rbaudes, dro\u0161a lo\u0123istika un p\u0101rredzama vairumtirdzniec\u012bbas cenu matrica padara m\u016bs par pirmo izv\u0113li p\u0101rdev\u0113jiem vis\u0101 pasaul\u0113.<\/p>\n<\/div>\n<p style=\"text-align: center; margin-top: 40px; font-weight: bold; color: #1a365d;\">Izp\u0113ti ieelpo\u0161anas tehnolo\u0123ijas virsotni. Nodro\u0161iniet savu Bang Box Vape Rocket 18000 Puffs kr\u0101jumu vietn\u0113 VapeXYZ jau \u0161odien un paceliet savu vairumtirdzniec\u012bbas pieredzi jaun\u0101 l\u012bmen\u012b.<\/p>\n<div style=\"margin-top: 30px; display: flex; justify-content: center;\"><\/div>\n<\/article>","protected":false},"excerpt":{"rendered":"<p>Bang Box Vape Rocket 18000 Puffs, kas pieejams vietn\u0113 Vapexyz, pied\u0101v\u0101 nep\u0101rsp\u0113jamu tvaic\u0113\u0161anas pieredzi ar savu robusto akumulatoru, lielu ietilp\u012bbu, piel\u0101gojamiem stipruma l\u012bme\u0146iem, uzlabotu tvaika ra\u017eo\u0161anu un da\u017e\u0101d\u0101m gar\u0161\u0101m, kas atbilst gan bez stipruma, gan zemas stipr\u012bbas v\u0113lm\u0113m.<\/p>","protected":false},"featured_media":23109,"comment_status":"open","ping_status":"closed","template":"","meta":{"_lmt_disableupdate":"no","_lmt_disable":""},"product_brand":[],"product_cat":[821,997,1018,1019,1020,935,934,927,929,928,930,933,939,932,938,931,936,937,1017,946,1025,1026,951,1029,1033,1037,820,987,1038],"product_tag":[858],"class_list":{"0":"post-23093","1":"product","2":"type-product","3":"status-publish","4":"has-post-thumbnail","6":"product_cat-bang","7":"product_cat-18000-puff-vapes","8":"product_cat-apple-flavor-disposable-vapes","9":"product_cat-blue-razz-flavor-disposable-vapes","10":"product_cat-blueberry-flavor-disposable-vapes","11":"product_cat-bulk-buy-disposable-vapes-in-austria","12":"product_cat-bulk-buy-disposable-vapes-in-belgium","13":"product_cat-bulk-buy-disposable-vapes-in-europe","14":"product_cat-bulk-buy-disposable-vapes-in-france","15":"product_cat-bulk-buy-disposable-vapes-in-germany","16":"product_cat-bulk-buy-disposable-vapes-in-italy","17":"product_cat-bulk-buy-disposable-vapes-in-netherlands","18":"product_cat-bulk-buy-disposable-vapes-in-norway","19":"product_cat-bulk-buy-disposable-vapes-in-poland","20":"product_cat-bulk-buy-disposable-vapes-in-portugal","21":"product_cat-bulk-buy-disposable-vapes-in-spain","22":"product_cat-bulk-buy-disposable-vapes-in-sweden","23":"product_cat-bulk-buy-disposable-vapes-in-switzerland","24":"product_cat-buy-best-disposable-vape-flavors","25":"product_cat-disposable-vapes-series","26":"product_cat-ice-flavor-disposable-vapes","27":"product_cat-kiwi-flavor-disposable-vapes","28":"product_cat-lower-nicotine-vapes","29":"product_cat-mango-flavor-disposable-vapes","30":"product_cat-peach-flavor-disposable-vapes","31":"product_cat-strawberry-flavor-disposable-vapes","32":"product_cat-vape","33":"product_cat-vape-shop-by-puffs","34":"product_cat-watermelon-flavor-disposable-vapes","35":"product_tag-featured-products","37":"first","38":"outofstock","39":"shipping-taxable","40":"purchasable","41":"product-type-variable","42":"has-default-attributes"},"jetpack_sharing_enabled":true,"tiered_pricing_type":"fixed","tiered_pricing_fixed_rules":[],"tiered_pricing_product_settings":{"layout":"default","base_unit_name":{"singular":null,"plural":null},"default_variation":null},"tiered_pricing_minimum_quantity":null,"tiered_pricing_roles_data":[],"tiered_pricing_percentage_rules":[],"tiered_pricing_maximum_quantity":null,"tiered_pricing_quantity_step":null,"_links":{"self":[{"href":"https:\/\/vapexyz.com\/lv\/wp-json\/wp\/v2\/product\/23093","targetHints":{"allow":["GET"]}}],"collection":[{"href":"https:\/\/vapexyz.com\/lv\/wp-json\/wp\/v2\/product"}],"about":[{"href":"https:\/\/vapexyz.com\/lv\/wp-json\/wp\/v2\/types\/product"}],"replies":[{"embeddable":true,"href":"https:\/\/vapexyz.com\/lv\/wp-json\/wp\/v2\/comments?post=23093"}],"wp:featuredmedia":[{"embeddable":true,"href":"https:\/\/vapexyz.com\/lv\/wp-json\/wp\/v2\/media\/23109"}],"wp:attachment":[{"href":"https:\/\/vapexyz.com\/lv\/wp-json\/wp\/v2\/media?parent=23093"}],"wp:term":[{"taxonomy":"product_brand","embeddable":true,"href":"https:\/\/vapexyz.com\/lv\/wp-json\/wp\/v2\/product_brand?post=23093"},{"taxonomy":"product_cat","embeddable":true,"href":"https:\/\/vapexyz.com\/lv\/wp-json\/wp\/v2\/product_cat?post=23093"},{"taxonomy":"product_tag","embeddable":true,"href":"https:\/\/vapexyz.com\/lv\/wp-json\/wp\/v2\/product_tag?post=23093"}],"curies":[{"name":"wp","href":"https:\/\/api.w.org\/{rel}","templated":true}]}}