{"id":22878,"date":"2024-05-28T09:04:33","date_gmt":"2024-05-28T09:04:33","guid":{"rendered":"https:\/\/vapexyz.com\/?post_type=product&#038;p=22878"},"modified":"2026-02-28T16:26:36","modified_gmt":"2026-02-28T16:26:36","slug":"bang-vape-20000-uzputienu-0-2-3-5-nikotina-led-displejs-uzladejams-lielapjoma-pirkt-vienreizejas-lietosanas-vape-vairumtirdznieciba","status":"publish","type":"product","link":"https:\/\/vapexyz.com\/lv\/product\/bang-vape-20000-puffs-0-2-3-5-nicotine-led-display-rechargeable-bulk-buy-disposable-vape-wholesale\/","title":{"rendered":"BANG Vape 20000 Puffs Divk\u0101r\u0161s siets ar LED displeju Atk\u0101rtoti uzl\u0101d\u0113jams Lielapjoma pirkums Vienreiz lietojams Vape vairumtirdzniec\u012bba"},"content":{"rendered":"<article>\n<h2>Premium vairumtirdzniec\u012bbas anal\u012bze: BANG Vape 20000 Puffs in\u017eenierija un veiktsp\u0113ja<\/h2>\n<p>T\u0101 k\u0101 lielas ietilp\u012bbas vienreizlietojamo vape ier\u012b\u010du ainava att\u012bst\u0101s, BANG Vape 20000 Puffs k\u013c\u016bst par iztur\u012bbas un tehnisk\u0101s integr\u0101cijas etalonu. Izplat\u012bts VapeXYZ, l\u012bderis ar vair\u0101k nek\u0101 asto\u0146u gadu specializ\u0113to pieredzi glob\u0101laj\u0101 vairumtirdzniec\u012bb\u0101, \u0161\u012b ier\u012bce ir izstr\u0101d\u0101ta, lai p\u0101rvar\u0113tu plaisu starp p\u0101rn\u0113s\u0101jamu \u0113rtumu un stabilu veiktsp\u0113ju, kas parasti rezerv\u0113ta past\u0101v\u012bgai aparat\u016brai.<\/p>\n<p>Nozarei, kur\u0101 uzticam\u012bba ir \u0101rk\u0101rt\u012bgi svar\u012bga gan lielajiem pirc\u0113jiem, gan gala lietot\u0101jiem, BANG 20000 s\u0113rija izmanto spiediena pieg\u0101des sist\u0113mu, kas paredz\u0113ta, lai saglab\u0101tu konsekvenci no pirm\u0101s izvilk\u0161anas l\u012bdz 20 000. \u0160is tehniskais dzi\u013cais nirums p\u0113ta meh\u0101nisko arhitekt\u016bru, patent\u0113t\u0101s sild\u012b\u0161anas elementus un atbilst\u012bbas standartus, kas \u0161o ier\u012bci padara par galveno izv\u0113li profesion\u0101liem izplat\u012bt\u0101jiem.<\/p>\n<div style=\"background-color: #f9f9f9; padding: 20px; border-left: 5px solid #2c3e50; margin: 20px 0;\">\n<h3>Tehnisk\u0101s specifik\u0101cijas kodols<\/h3>\n<table style=\"width: 100%; border-collapse: collapse; background: white; font-family: sans-serif;\">\n<thead>\n<tr style=\"background-color: #2c3e50; color: white;\">\n<th style=\"padding: 12px; border: 1px solid #ddd; text-align: left;\">Komponents<\/th>\n<th style=\"padding: 12px; border: 1px solid #ddd; text-align: left;\">In\u017eenierijas deta\u013cas<\/th>\n<\/tr>\n<\/thead>\n<tbody>\n<tr>\n<td style=\"padding: 10px; border: 1px solid #ddd; font-weight: bold;\">Puff ietilp\u012bba<\/td>\n<td style=\"padding: 10px; border: 1px solid #ddd;\">20 000 nov\u0113rt\u0113ti z\u012bm\u0113\u0161anas cikli (laboratorij\u0101 apstiprin\u0101ti)<\/td>\n<\/tr>\n<tr>\n<td style=\"padding: 10px; border: 1px solid #ddd; font-weight: bold;\">Sild\u012b\u0161anas elements<\/td>\n<td style=\"padding: 10px; border: 1px solid #ddd;\">0,8 \u03a9 prec\u012bzijas acu spole (pret saus\u0101s trieciena lo\u0123iku)<\/td>\n<\/tr>\n<tr>\n<td style=\"padding: 10px; border: 1px solid #ddd; font-weight: bold;\">\u016adenskr\u0101tuves tilpums<\/td>\n<td style=\"padding: 10px; border: 1px solid #ddd;\">25ml integr\u0113t\u0101 tvertne (necaurlaid\u012bgs bl\u012bv\u0113jums)<\/td>\n<\/tr>\n<tr>\n<td style=\"padding: 10px; border: 1px solid #ddd; font-weight: bold;\">Jaudas bloks<\/td>\n<td style=\"padding: 10px; border: 1px solid #ddd;\">650mAh litija jonu kodols (Type-C \u0101tra uzl\u0101de)<\/td>\n<\/tr>\n<tr>\n<td style=\"padding: 10px; border: 1px solid #ddd; font-weight: bold;\">Saskarne<\/td>\n<td style=\"padding: 10px; border: 1px solid #ddd;\">Re\u0101llaika LED uzraudz\u012bba (Atliku\u0161ais tilpums un jauda)<\/td>\n<\/tr>\n<\/tbody>\n<\/table>\n<\/div>\n<h2>Emp\u012briskie rezult\u0101ti: tie\u0161\u0101s p\u0101rbaudes un apstiprin\u0101jums<\/h2>\n<p>Lai nodro\u0161in\u0101tu, ka BANG\u00a0Vape 20000 Puffs atbilst stingraj\u0101m starptautisk\u0101 tirgus pras\u012bb\u0101m, veiktsp\u0113jas p\u0101rbaude koncentr\u0113jas uz trim kritiskiem r\u0101d\u012bt\u0101jiem: termisko stabilit\u0101ti, ieelpo\u0161anas pretest\u012bbu un akumulatora cikla efektivit\u0101ti.<\/p>\n<h3>1. Termisk\u0101 konsistence un acu spoles integrit\u0101te<\/h3>\n<p>0,8 omu sieta spole nav tikai apkures stieple; t\u0101 ir mikroperfor\u0113ta virsma, kas paredz\u0113ta siltuma vienm\u0113r\u012bgai sadalei. Kontrol\u0113tos testos ier\u012bce saglab\u0101ja stabilu temperat\u016bras diapazonu, nov\u0113rsdama iek\u0161\u0113jo saturu degrad\u0101ciju, kas bie\u017ei saist\u012bta ar standarta apa\u013c\u0101m stiepl\u0113m. \u0160\u012b vienm\u0113r\u012bba nodro\u0161ina, ka arom\u0101tiskais profils paliek krauk\u0161\u0137\u012bgs un br\u012bvs no \u201capdegu\u0161\u0101m\u201d not\u012bm, pat samazinoties iek\u0161\u0113jam tilpumam.<\/p>\n<h3>2. Inteli\u0123entas uzraudz\u012bbas sist\u0113mas<\/h3>\n<p>At\u0161\u0137ir\u012bb\u0101 no tradicion\u0101lajiem vienreiz lietojamajiem vapeiem, kas balst\u0101s uz min\u0113jumiem, BANG 20000 funkcijas ieb\u016bv\u0113ts sensoru mas\u012bvs. M\u016bsu emp\u012briskie nov\u0113rojumi r\u0101da, ka LED displejs prec\u012bzi atspogu\u013co pat\u0113ri\u0146a l\u012bme\u0146us ar 5% robe\u017eu k\u013c\u016bdas. \u0160\u012b caursp\u012bd\u012bgums nodro\u0161ina lietot\u0101jiem p\u0101rliec\u012bbu, ka vi\u0146i netiks pie\u0137erti ar iztuk\u0161otu akumulatoru vai tuk\u0161u rezervu\u0101ru bez br\u012bdin\u0101juma.<\/p>\n<div style=\"background-color: #e8f4f8; padding: 20px; border-radius: 8px; margin: 20px 0;\">\n<h3 style=\"color: #2980b9;\">Galvenie darb\u012bbas r\u0101d\u012bt\u0101ji<\/h3>\n<ul style=\"list-style-type: square; line-height: 1.8;\">\n<li>\u0100tra aktiv\u0101cija: \u013boti jut\u012bgs gaisa aktiv\u0101cijas sensors samazina starta laiku l\u012bdz milisekund\u0113m.<\/li>\n<li>Ergonomisks korpuss: Izstr\u0101d\u0101ts satv\u0113riena stabilit\u0101tei, izmantojot karstumiztur\u012bgus, p\u0101rtikai piem\u0113rotus PCTG materi\u0101lus.<\/li>\n<li>Ilgtsp\u0113j\u012bga caurlaidsp\u0113ja: C-tipa uzl\u0101des ports atbalsta 5V\/1A ieejas, nodro\u0161inot, ka 650mAh akumulators sasniedz pilnu kapacit\u0101ti maz\u0101k nek\u0101 45 min\u016bt\u0113s.<\/li>\n<\/ul>\n<\/div>\n<h2><a href=\"https:\/\/vapexyz.com\/wp-content\/uploads\/2024\/05\/Bang_20000_puffs-18.webp\"><img loading=\"lazy\" decoding=\"async\" class=\"alignnone wp-image-22896 size-full\" src=\"https:\/\/vapexyz.com\/wp-content\/uploads\/2024\/05\/Bang_20000_puffs-18.webp\" alt=\"Bang Vape 20000 uzp\u016btienu\" width=\"1000\" height=\"1000\" title=\"\" srcset=\"https:\/\/vapexyz.com\/wp-content\/uploads\/2024\/05\/Bang_20000_puffs-18.webp 1000w, https:\/\/vapexyz.com\/wp-content\/uploads\/2024\/05\/Bang_20000_puffs-18-500x500.webp 500w, https:\/\/vapexyz.com\/wp-content\/uploads\/2024\/05\/Bang_20000_puffs-18-300x300.webp 300w, https:\/\/vapexyz.com\/wp-content\/uploads\/2024\/05\/Bang_20000_puffs-18-768x768.webp 768w, https:\/\/vapexyz.com\/wp-content\/uploads\/2024\/05\/Bang_20000_puffs-18-12x12.webp 12w, https:\/\/vapexyz.com\/wp-content\/uploads\/2024\/05\/Bang_20000_puffs-18-800x800.webp 800w, https:\/\/vapexyz.com\/wp-content\/uploads\/2024\/05\/Bang_20000_puffs-18-600x600.webp 600w, https:\/\/vapexyz.com\/wp-content\/uploads\/2024\/05\/Bang_20000_puffs-18-148x148.webp 148w, https:\/\/vapexyz.com\/wp-content\/uploads\/2024\/05\/Bang_20000_puffs-18-400x400.webp 400w\" sizes=\"auto, (max-width: 1000px) 100vw, 1000px\" \/><\/a><\/h2>\n<h2>Nozarei pilnvarot\u0101 iest\u0101de: K\u0101p\u0113c iepirkties no VapeXYZ?<\/h2>\n<p>Iest\u0101de vienreiz\u0113j\u0101s vape ier\u012b\u010du nozar\u0113 tiek veidota caur gadiem ilgu pieg\u0101des \u0137\u0113des integrit\u0101ti un z\u012bmola partnerattiec\u012bb\u0101m. K\u0101 galvenais vairumtirdzniec\u012bbas izplat\u012bt\u0101js VapeXYZ uztur tie\u0161as sazi\u0146as ar \u201cBANG\u201d ra\u017eo\u0161anas iek\u0101rt\u0101m. Tas nodro\u0161ina, ka katra vien\u012bba ir ori\u0123in\u0101ls r\u016bpn\u012bcas produkts, kam pievienoti nepiecie\u0161amie partiju izseko\u0161anas un kvalit\u0101tes nodro\u0161in\u0101\u0161anas sertifik\u0101ti.<\/p>\n<p>M\u016bsu loma p\u0101rsniedz vienk\u0101r\u0161u mazumtirdzniec\u012bbu. M\u0113s darbojamies k\u0101 regulat\u012bvais tilts saviem klientiem, nodro\u0161inot, ka t\u0101di produkti k\u0101 BANG 20000 atbilst starptautiskajiem transporta dro\u0161\u012bbas standartiem (UN38.3 litija baterij\u0101m) un materi\u0101lu dro\u0161\u012bbas datu vadl\u012bnij\u0101m. Saglab\u0101jot zemu MOQ tikai 10 gabalos, m\u0113s \u013caujam mazajiem uz\u0146\u0113mumiem palielin\u0101t savu darb\u012bbu, vienlaikus nodro\u0161inot infrastrukt\u016bru lieliem vairumtirdzniec\u012bbas pieg\u0101d\u0101jumiem.<\/p>\n<h3>Daudzveid\u012bba un piel\u0101go\u0161ana<\/h3>\n<p>B\u016btisks faktors tirgus domin\u0113\u0161an\u0101 ir sp\u0113ja apmierin\u0101t da\u017e\u0101das lietot\u0101ju v\u0113lmes. BANG 20000 ir pieejams da\u017e\u0101d\u0101s stiprum\u0101s (0% l\u012bdz 5%), lai piel\u0101gotos da\u017e\u0101diem re\u0123ion\u0101lajiem noteikumiem un person\u012bgaj\u0101m pras\u012bb\u0101m. Aromatisko profilu izv\u0113le ir r\u016bp\u012bgi atlas\u012bta, lai atspogu\u013cotu glob\u0101l\u0101s tendences:<\/p>\n<p style=\"background: #f1f1f1; padding: 15px; border-radius: 5px; font-style: italic;\">1. Piparm\u0113tra | 2. Zeme\u0146u li\u010dijs | 3. Zeme\u0146u kivi | 4. Zeme\u0146u mango | 5. Ave\u0146u arb\u016bzs | 6. Mellen\u012b\u0161u ledus | 7. Mellen\u012b\u0161u avenes | 8. Mellen\u012b\u0161u arb\u016bzs | 9. Dubult\u0101 \u0101bola<\/p>\n<h2>Uztic\u0113\u0161an\u0101s un normat\u012bv\u0101s atbilst\u012bbas nodro\u0161in\u0101\u0161ana<\/h2>\n<p>Tirg\u016b, kur\u0101 bie\u017ei vien valda dezinform\u0101cija, VapeXYZ prioritiz\u0113 p\u0101rredzam\u012bbu. BANG 20000 Puffs tiek ra\u017eots r\u016bpn\u012bc\u0101s, kas atbilst ISO standartiem. M\u0113s risin\u0101m vides probl\u0113mas, veicinot litija darbin\u0101mu vienreiz lietojamu vape atbild\u012bgu utiliz\u0101ciju un nodro\u0161inot tehniskus datus par iek\u0161\u0113jo komponentu biolo\u0123isk\u0101s no\u0101rd\u0101m\u012bbas potenci\u0101lu.<\/p>\n<p>M\u016bsu lo\u0123istikas t\u012bkls ir optimiz\u0113ts uzticam\u012bbai. M\u0113s saprotam, ka vairumtirdzniec\u012bbas partneri pieprasa prognoz\u0113jamus laika grafikus un neskartu kr\u0101jumu. Katra s\u016bt\u012bjuma tiek veikta sekund\u0101r\u0101 p\u0101rbaude m\u016bsu centr\u0101 pirms nos\u016bt\u012b\u0161anas, t\u0101d\u0113j\u0101di samazinot defektu l\u012bmeni krietni zem r\u016bpniec\u012bbas vid\u0113j\u0101 l\u012bme\u0146a 11%.<\/p>\n<div style=\"background-color: #fff4e5; padding: 20px; border: 1px solid #e67e22; border-radius: 8px; margin: 20px 0;\">\n<h3 style=\"color: #d35400;\">Ekspertu bie\u017ei uzdotie jaut\u0101jumi vairumtirdzniec\u012bbas partneriem<\/h3>\n<p>J: K\u0101 sieta spole uzlabo ilgm\u016b\u017e\u012bbu 20 000 ieelpu ier\u012bc\u0113s?<\/p>\n<p>A: Tradicion\u0101l\u0101s spir\u0101les koncentr\u0113 siltumu neliel\u0101 plat\u012bb\u0101, izraisot materi\u0101la nogurumu. BANG 20000 re\u017e\u0123a spole izplata elektrisko slodzi pa liel\u0101ku virsmu, saglab\u0101jot apkures elementa integrit\u0101ti visu 25 ml rezervu\u0101ra darb\u012bbas laik\u0101.<\/p>\n<p>Vai akumulators ir dro\u0161s ilgtermi\u0146a uzglab\u0101\u0161anai?<\/p>\n<p>A: J\u0101, 650mAh kodoli tiek p\u0101rbaud\u012bti uz plauktu stabilit\u0101ti, nodro\u0161inot, ka tie saglab\u0101 savu uzl\u0101des kapacit\u0101ti l\u012bdz 12 m\u0113ne\u0161iem, ja tie tiek uzglab\u0101ti v\u0113s\u0101, saus\u0101 vid\u0113.<\/p>\n<p>J: Kas padara VapeXYZ par v\u0113lam\u0101ko vairumtirdzniec\u012bbas avotu?<\/p>\n<p>A: Papildus konkur\u0113tsp\u0113j\u012bgai cenu noteik\u0161anai m\u0113s pied\u0101v\u0101jam vair\u0101k nek\u0101 8 gadu pieredzi nozar\u0113, tie\u0161u r\u016bpn\u012bcu pieg\u0101di un racionaliz\u0113tu lo\u0123istikas procesu, kas j\u016bsu viet\u0101 veic muitas un atbilst\u012bbas dokument\u0101ciju.<\/p>\n<\/div>\n<h2>Secin\u0101jums: Lieljaudas Vaping N\u0101kotne<\/h2>\n<p>BANG\u00a0Vape 20000 Puffs p\u0101rst\u0101v iev\u0113rojamu l\u0113cienu uz priek\u0161u vienreiz lietojamu vape ier\u012b\u010du efektivit\u0101t\u0113. Apvienojot lielas ietilp\u012bbas ar prec\u012bzu uzraudz\u012bbu un stabilu apkures tehnolo\u0123iju, tas pied\u0101v\u0101 lietot\u0101jam p\u0101r\u0101ku pieredzi un tirgot\u0101jam - augstas pe\u013c\u0146as, uzticamu produktu.<\/p>\n<p>Neatkar\u012bgi no t\u0101, vai v\u0113laties atsvaidzin\u0101t savu mazumtirdzniec\u012bbas kr\u0101jumu vai ien\u0101kt tirg\u016b ar p\u0101rbaud\u012btu uzvar\u0113t\u0101ju, VapeXYZ nodro\u0161ina platformu, zin\u0101\u0161anas un autentisku produktu kvalit\u0101ti, kas nepiecie\u0161ama pan\u0101kumu sasnieg\u0161anai.<\/p>\n<\/article>","protected":false},"excerpt":{"rendered":"<p>BANG vape 20000 Puffs vienreiz\u0113j\u0101s lieto\u0161anas vape no Vapexyz pied\u0101v\u0101 nep\u0101rsp\u0113jamu vape pieredzi ar l\u012bdz 20000 ieelp\u0101m, piel\u0101gojamiem stipruma l\u012bme\u0146iem, 25ml ietilp\u012bbu, 650mAh uzl\u0101d\u0113jamu akumulatoru un izv\u0113li no 15 izsmalcin\u0101t\u0101m gar\u0161\u0101m, kas visas ir izstr\u0101d\u0101tas \u0113rt\u012bbai un ilgsto\u0161ai apmierin\u0101t\u012bbai.<\/p>","protected":false},"featured_media":22898,"comment_status":"open","ping_status":"closed","template":"","meta":{"_lmt_disableupdate":"no","_lmt_disable":""},"product_brand":[],"product_cat":[821,1002,1018,947,1020,935,934,927,929,928,930,933,939,932,938,931,936,937,1017,949,946,950,1023,1025,1026,951,1029,1030,1031,1033,953,1036,1037,820,987,1038],"product_tag":[],"class_list":{"0":"post-22878","1":"product","2":"type-product","3":"status-publish","4":"has-post-thumbnail","6":"product_cat-bang","7":"product_cat-20000-puff-vapes","8":"product_cat-apple-flavor-disposable-vapes","9":"product_cat-big-puffs-vapes","10":"product_cat-blueberry-flavor-disposable-vapes","11":"product_cat-bulk-buy-disposable-vapes-in-austria","12":"product_cat-bulk-buy-disposable-vapes-in-belgium","13":"product_cat-bulk-buy-disposable-vapes-in-europe","14":"product_cat-bulk-buy-disposable-vapes-in-france","15":"product_cat-bulk-buy-disposable-vapes-in-germany","16":"product_cat-bulk-buy-disposable-vapes-in-italy","17":"product_cat-bulk-buy-disposable-vapes-in-netherlands","18":"product_cat-bulk-buy-disposable-vapes-in-norway","19":"product_cat-bulk-buy-disposable-vapes-in-poland","20":"product_cat-bulk-buy-disposable-vapes-in-portugal","21":"product_cat-bulk-buy-disposable-vapes-in-spain","22":"product_cat-bulk-buy-disposable-vapes-in-sweden","23":"product_cat-bulk-buy-disposable-vapes-in-switzerland","24":"product_cat-buy-best-disposable-vape-flavors","25":"product_cat-digital-box-vapes","26":"product_cat-disposable-vapes-series","27":"product_cat-dual-mesh-vapes","28":"product_cat-grape-flavor-disposable-vapes","29":"product_cat-ice-flavor-disposable-vapes","30":"product_cat-kiwi-flavor-disposable-vapes","31":"product_cat-lower-nicotine-vapes","32":"product_cat-mango-flavor-disposable-vapes","33":"product_cat-mint-flavor-disposable-vapes","34":"product_cat-mixed-berries-flavor-disposable-vapes","35":"product_cat-peach-flavor-disposable-vapes","36":"product_cat-rechargeable-vapes","37":"product_cat-red-bull-flavor-disposable-vapes","38":"product_cat-strawberry-flavor-disposable-vapes","39":"product_cat-vape","40":"product_cat-vape-shop-by-puffs","41":"product_cat-watermelon-flavor-disposable-vapes","43":"first","44":"instock","45":"shipping-taxable","46":"purchasable","47":"product-type-variable","48":"has-default-attributes"},"jetpack_sharing_enabled":true,"tiered_pricing_type":"fixed","tiered_pricing_fixed_rules":[],"tiered_pricing_product_settings":{"layout":"default","base_unit_name":{"singular":null,"plural":null},"default_variation":null},"tiered_pricing_minimum_quantity":null,"tiered_pricing_roles_data":[],"tiered_pricing_percentage_rules":[],"tiered_pricing_maximum_quantity":null,"tiered_pricing_quantity_step":null,"_links":{"self":[{"href":"https:\/\/vapexyz.com\/lv\/wp-json\/wp\/v2\/product\/22878","targetHints":{"allow":["GET"]}}],"collection":[{"href":"https:\/\/vapexyz.com\/lv\/wp-json\/wp\/v2\/product"}],"about":[{"href":"https:\/\/vapexyz.com\/lv\/wp-json\/wp\/v2\/types\/product"}],"replies":[{"embeddable":true,"href":"https:\/\/vapexyz.com\/lv\/wp-json\/wp\/v2\/comments?post=22878"}],"wp:featuredmedia":[{"embeddable":true,"href":"https:\/\/vapexyz.com\/lv\/wp-json\/wp\/v2\/media\/22898"}],"wp:attachment":[{"href":"https:\/\/vapexyz.com\/lv\/wp-json\/wp\/v2\/media?parent=22878"}],"wp:term":[{"taxonomy":"product_brand","embeddable":true,"href":"https:\/\/vapexyz.com\/lv\/wp-json\/wp\/v2\/product_brand?post=22878"},{"taxonomy":"product_cat","embeddable":true,"href":"https:\/\/vapexyz.com\/lv\/wp-json\/wp\/v2\/product_cat?post=22878"},{"taxonomy":"product_tag","embeddable":true,"href":"https:\/\/vapexyz.com\/lv\/wp-json\/wp\/v2\/product_tag?post=22878"}],"curies":[{"name":"wp","href":"https:\/\/api.w.org\/{rel}","templated":true}]}}