{"id":17049,"date":"2024-03-09T09:55:39","date_gmt":"2024-03-09T09:55:39","guid":{"rendered":"https:\/\/vapexyz.com\/product\/zgar-neo-10000-puffs-3-nicotine-rechargeable-disposable-pod\/"},"modified":"2026-03-04T03:18:06","modified_gmt":"2026-03-04T03:18:06","slug":"zgar-neo-10000-puffs-3-nikotina-uzladejams-vienreizejas-lietosanas-vape-vairumtirdznieciba","status":"publish","type":"product","link":"https:\/\/vapexyz.com\/lv\/product\/zgar-neo-10000-puffs-3-nicotine-rechargeable-disposable-vape-wholesale\/","title":{"rendered":"ZGAR NEO 10 000 izelpumu atk\u0101rtoti uzl\u0101d\u0113jama vienreizlietojama vape vairumtirdzniec\u012bba"},"content":{"rendered":"<article style=\"font-family: 'Segoe UI', Tahoma, Geneva, Verdana, sans-serif; line-height: 1.8; color: #2c3e50; max-width: 100%; margin: 0 auto; padding: 20px;\">\n<h2 style=\"color: #1a5f7a; border-bottom: 2px solid #1a5f7a; padding-bottom: 10px; margin-top: 30px;\">In\u017eenierijas izcil\u012bba: padzi\u013cin\u0101ts p\u0101rskats par ZGAR NEO 10000 Puffs<\/h2>\n<p style=\"font-size: 1.1em; margin-bottom: 20px;\">Strauji main\u012bgaj\u0101 person\u012bgo izsmidzin\u0101t\u0101ju ainav\u0101 ZGAR NEO 10000 Puffs izce\u013cas k\u0101 m\u016bsdien\u012bgas aparat\u016bras in\u017eenierijas etalons. Izstr\u0101d\u0101ts, lai nodro\u0161in\u0101tu vienm\u0113r\u012bgu, ilgsto\u0161u pieredzi, \u0161is konkr\u0113tais vienreizlietojamais vape integr\u0113 lielas ietilp\u012bbas kr\u0101tuvi ar progres\u012bvu jaudas p\u0101rvald\u012bbu. Ier\u012bcei ir iev\u0113rojams 16ml iek\u0161\u0113jais rezervu\u0101rs un prec\u012bzi kalibr\u0113ta 3% t\u0101s akt\u012bv\u0101 savienojuma koncentr\u0101cija, kas matem\u0101tiski model\u0113ta, lai nodro\u0161in\u0101tu l\u012bdz 10 000 atsevi\u0161\u0137u ieelpu. Priorit\u0101tei pie\u0161\u0137irot gan ergonomisku dizainu, gan funkcion\u0101lo ilgm\u016b\u017e\u012bbu, \u0161\u012b ier\u012bce samazina aizst\u0101\u0161anas bie\u017eumu, padarot to par ide\u0101lu kandid\u0101tu ilgsto\u0161iem lieto\u0161anas scen\u0101rijiem.<\/p>\n<div style=\"background: linear-gradient(135deg, #f6f8f9 0%, #e5ebf0 100%); border-left: 6px solid #2980b9; padding: 25px; margin: 30px 0; border-radius: 8px; box-shadow: 0 4px 6px rgba(0,0,0,0.05);\">\n<h3 style=\"margin-top: 0; color: #2c3e50; font-size: 1.3em;\">Nozares zin\u0101\u0161anu punkts: vienreizlietojamo vape ier\u012b\u010du akumulatoru efektivit\u0101te<\/h3>\n<p style=\"margin-bottom: 0;\">NEO 10000 veiktsp\u0113jas pamat\u0101 ir integr\u0113t\u0101 550mAh litija jonu baro\u0161anas \u0161\u016bna. M\u016bsdienu vienreiz lietojamajos vapeier\u012bc\u0113s 550mAh v\u0113rt\u0113jums nodro\u0161ina optim\u0101lu l\u012bdzsvaru starp fizisko kompaktumu un jaudas izvadi. Izmantojot stingru iek\u0161\u0113jo laboratorijas test\u0113\u0161anu, ieskaitot standartiz\u0113tus uzl\u0101des-izl\u0101des cikla nov\u0113rt\u0113jumus un termisk\u0101s stabilit\u0101tes uzraudz\u012bbu, baro\u0161anas pieg\u0101de tiek regul\u0113ta, lai uztur\u0113tu nemain\u012bgu spriegumu. Tas nodro\u0161ina, ka sild\u012b\u0161anas elements darbojas tie\u0161i t\u0101 temperat\u016br\u0101, kas nepiecie\u0161ama iek\u0161\u0113j\u0101s formulas efekt\u012bvai iztvaiko\u0161anai, nov\u0113r\u0161ot sausos sitienus vai samazin\u0101tu izvadi, baterijai izl\u0101d\u0113joties.<\/p>\n<\/div>\n<p><img loading=\"lazy\" decoding=\"async\" class=\"alignnone size-full wp-image-19830\" style=\"max-width: 100%; height: auto; border-radius: 12px; box-shadow: 0 8px 16px rgba(0,0,0,0.1); margin: 30px 0;\" src=\"https:\/\/vapexyz.com\/wp-content\/uploads\/2024\/03\/ZGAR-NEO-10000-Puffs-1-scaled.webp\" alt=\"ZGAR NEO 10000 Puffs Vienreiz\u0113j\u0101s Lieto\u0161anas Vape Ier\u012bce\" width=\"1810\" height=\"2560\" title=\"\" srcset=\"https:\/\/vapexyz.com\/wp-content\/uploads\/2024\/03\/ZGAR-NEO-10000-Puffs-1-scaled.webp 1810w, https:\/\/vapexyz.com\/wp-content\/uploads\/2024\/03\/ZGAR-NEO-10000-Puffs-1-scaled-354x500.webp 354w, https:\/\/vapexyz.com\/wp-content\/uploads\/2024\/03\/ZGAR-NEO-10000-Puffs-1-scaled-724x1024.webp 724w, https:\/\/vapexyz.com\/wp-content\/uploads\/2024\/03\/ZGAR-NEO-10000-Puffs-1-scaled-768x1086.webp 768w, https:\/\/vapexyz.com\/wp-content\/uploads\/2024\/03\/ZGAR-NEO-10000-Puffs-1-scaled-1086x1536.webp 1086w, https:\/\/vapexyz.com\/wp-content\/uploads\/2024\/03\/ZGAR-NEO-10000-Puffs-1-scaled-1448x2048.webp 1448w, https:\/\/vapexyz.com\/wp-content\/uploads\/2024\/03\/ZGAR-NEO-10000-Puffs-1-scaled-8x12.webp 8w, https:\/\/vapexyz.com\/wp-content\/uploads\/2024\/03\/ZGAR-NEO-10000-Puffs-1-scaled-510x721.webp 510w\" sizes=\"auto, (max-width: 1810px) 100vw, 1810px\" \/><\/p>\n<h3 style=\"color: #2980b9; margin-top: 40px;\"><a style=\"color: #e74c3c; text-decoration: none; border-bottom: 1px dotted #e74c3c;\" href=\"https:\/\/vapexyz.com\/lv\/produkta-kategorija\/zgar\/\">ZGAR vienreiz\u0113j\u0101s lieto\u0161anas vapes<\/a>: Emp\u012brisk\u0101 p\u0101rbaude un kvalit\u0101tes nodro\u0161in\u0101\u0161ana<\/h3>\n<p>Iztur\u012bba aparat\u016bras tirg\u016b tiek veidota uz p\u0101rbaud\u012btas veiktsp\u0113jas un stingriem ra\u017eo\u0161anas protokoliem. Ra\u017eots m\u016bsdienu vanguard\u012bg\u0101s iek\u0101rt\u0101s \u0160e\u0146d\u017ee\u0146\u0101, \u0136\u012bn\u0101 \u2014 pasaul\u0113 atz\u012bts k\u0101 progres\u012bvu izparot\u0101ju ra\u017eo\u0161anas centrs \u2014 ZGAR NEO s\u0113rija tiek pak\u013cauta stingrai kvalit\u0101tes kontrolei. Ra\u017eo\u0161anas partneri iev\u0113ro ISO 9001 standartus, nodro\u0161inot, ka katrs vienreizlietojamais vape atbilst starptautiskajiem elektronisk\u0101s dro\u0161\u012bbas standartiem.<\/p>\n<p>M\u016bsu iek\u0161\u0113jie emp\u012briskie dati balst\u0101s uz automatiz\u0113t\u0101m vilkmes pretest\u012bbas iek\u0101rt\u0101m, kas simul\u0113 cilv\u0113ka ieelpo\u0161anas mode\u013cus. \u0160ie testi p\u0101rbauda 10 000 ieelpu apgalvojumu, izm\u0113rot 16 ml rezervu\u0101ra iztuk\u0161o\u0161an\u0101s \u0101trumu sal\u012bdzin\u0101jum\u0101 ar 550 mAh akumulatora iztur\u012bbu. Turkl\u0101t atbilst\u012bba starptautiskaj\u0101m direkt\u012bv\u0101m, piem\u0113ram, CE un RoHS, garant\u0113, ka \u0161o vape ier\u012b\u010du konstrukcij\u0101 izmantotie materi\u0101li ir br\u012bvi no kait\u012bg\u0101m viel\u0101m, nodro\u0161inot uzticamu un uzticamu produktu gan pat\u0113r\u0113t\u0101jiem, gan vairumtirdzniec\u012bbas izplat\u012bt\u0101jiem.<\/p>\n<table style=\"width: 100%; border-collapse: collapse; margin: 40px 0; background-color: #ffffff; box-shadow: 0 2px 8px rgba(0,0,0,0.08); border-radius: 8px; overflow: hidden;\">\n<thead>\n<tr style=\"background-color: #2c3e50; color: #ffffff; text-align: left;\">\n<th style=\"padding: 15px; font-weight: 600; text-transform: uppercase; font-size: 0.9em;\">Specifik\u0101cijas kategorija<\/th>\n<th style=\"padding: 15px; font-weight: 600; text-transform: uppercase; font-size: 0.9em;\">Tehnisk\u0101 inform\u0101cija<\/th>\n<th style=\"padding: 15px; font-weight: 600; text-transform: uppercase; font-size: 0.9em;\">Emp\u012brisk\u0101 priek\u0161roc\u012bba<\/th>\n<\/tr>\n<\/thead>\n<tbody>\n<tr style=\"border-bottom: 1px solid #eeeeee;\">\n<td style=\"padding: 15px; font-weight: 500;\">Maksim\u0101l\u0101 izvades jauda<\/td>\n<td style=\"padding: 15px;\">L\u012bdz 10 000 ieelpo\u0161anas rei\u017eu<\/td>\n<td style=\"padding: 15px;\">Pagarin\u0101ts dz\u012bves cikls, samazin\u0101ta nomai\u0146as bie\u017eums.<\/td>\n<\/tr>\n<tr style=\"border-bottom: 1px solid #eeeeee; background-color: #f9fbfd;\">\n<td style=\"padding: 15px; font-weight: 500;\">Jaudas \u0161\u016bnas v\u0113rt\u0113jums<\/td>\n<td style=\"padding: 15px;\">550mAh litija jonu<\/td>\n<td style=\"padding: 15px;\">Konsistenta sprieguma padeve optim\u0101lai apkurei.<\/td>\n<\/tr>\n<tr style=\"border-bottom: 1px solid #eeeeee;\">\n<td style=\"padding: 15px; font-weight: 500;\">Iek\u0161\u0113jais rezervu\u0101ra tilpums<\/td>\n<td style=\"padding: 15px;\">16ml Prec\u012bz\u0101 formula<\/td>\n<td style=\"padding: 15px;\">Liels tilpums, kas atbilst akumulatora kalpo\u0161anas laikam.<\/td>\n<\/tr>\n<tr style=\"border-bottom: 1px solid #eeeeee; background-color: #f9fbfd;\">\n<td style=\"padding: 15px; font-weight: 500;\">Koncentr\u0101cijas l\u012bmenis<\/td>\n<td style=\"padding: 15px;\">3% Akt\u012bv\u0101 Savienojuma<\/td>\n<td style=\"padding: 15px;\">L\u012bdzsvarots sp\u0113ks apmierino\u0161ai lietot\u0101ja pieredzei.<\/td>\n<\/tr>\n<tr>\n<td style=\"padding: 15px; font-weight: 500;\">Ra\u017eo\u0161anas izcelsme<\/td>\n<td style=\"padding: 15px;\">\u0160en\u017eena, \u0136\u012bna<\/td>\n<td style=\"padding: 15px;\">Ra\u017eots specializ\u0113t\u0101s, sertific\u0113t\u0101s tehnolo\u0123iju iek\u0101rt\u0101s.<\/td>\n<\/tr>\n<\/tbody>\n<\/table>\n<h2 style=\"color: #1a5f7a; border-bottom: 2px solid #1a5f7a; padding-bottom: 10px; margin-top: 40px;\">Visaptvero\u0161a sensor\u0101 profila anal\u012bze<\/h2>\n<p>ZGAR NEO s\u0113rijas aiz formulas zin\u0101tne ir izstr\u0101d\u0101ta, lai apmierin\u0101tu da\u017e\u0101das priek\u0161roc\u012bbas. Katra bot\u0101nisk\u0101 un sint\u0113tisk\u0101 mais\u012bjuma ir stingri formul\u0113ta, lai nov\u0113rstu degrad\u0101ciju ier\u012bces darb\u012bbas laik\u0101. Zem\u0101k ir sniegts detaliz\u0113ts sadal\u012bjums desmit augsti izstr\u0101d\u0101t\u0101m arom\u0101tisk\u0101m iesp\u0113j\u0101m, kas ir pieejamas:<\/p>\n<ul style=\"list-style-type: none; padding: 0; margin: 30px 0;\">\n<li style=\"background: #ffffff; padding: 20px; margin-bottom: 15px; border-left: 4px solid #e74c3c; box-shadow: 0 2px 4px rgba(0,0,0,0.05);\"><strong style=\"color: #2c3e50; font-size: 1.1em;\">1. Arb\u016bzu ko\u0161\u013c\u0101jam\u0101 gumija:<\/strong> R\u016bp\u012bgi izstr\u0101d\u0101ts sensorais profils, kas apvieno atsvaidzino\u0161\u0101s, krauk\u0161\u0137\u012bg\u0101s vasaras melones bot\u0101nisk\u0101s notis ar klasiska konditorejas izstr\u0101d\u0101juma nostal\u0123iskaj\u0101m, saldaj\u0101m nokr\u0101s\u0101m. \u0160is mais\u012bjums saglab\u0101 prec\u012bzu l\u012bdzsvaru, nodro\u0161inot, ka saldums nep\u0101rsp\u0113j dabisko aug\u013cu b\u016bt\u012bbu ilgsto\u0161u sesiju laik\u0101.<\/li>\n<li style=\"background: #ffffff; padding: 20px; margin-bottom: 15px; border-left: 4px solid #e74c3c; box-shadow: 0 2px 4px rgba(0,0,0,0.05);\"><strong style=\"color: #2c3e50; font-size: 1.1em;\">2. Zeme\u0146u-Kiwi:<\/strong> \u0160\u012b opcija izmanto dabisko siner\u0123iju starp diviem da\u017e\u0101diem aug\u013cu profiliem. T\u0101 pied\u0101v\u0101 pamat\u012bgu saldumu, kas ieg\u016bts no nogatavoju\u0161\u0101m zemen\u0113m, kam uzreiz seko svaiga kivi sk\u0101bais, nedaudz sk\u0101bens nogaudo\u0161ais kodums, k\u0101 rezult\u0101t\u0101 tiek ieg\u016bta perfekti l\u012bdzsvarota ieelpo\u0161anas pieredze.<\/li>\n<li style=\"background: #ffffff; padding: 20px; margin-bottom: 15px; border-left: 4px solid #e74c3c; box-shadow: 0 2px 4px rgba(0,0,0,0.05);\"><strong style=\"color: #2c3e50; font-size: 1.1em;\">3. Ananass &amp; Kokosrieksts:<\/strong> Izstr\u0101d\u0101ts, lai atk\u0101rtotu tropu k\u016brorta pieredzi, \u0161\u012b mais\u012bjuma apvieno anan\u0101sa asu, citrusaug\u013cu l\u012bdz\u012bgu mizu ar kokosriekstu kr\u0113m\u012bgo, bag\u0101t\u012bgo dzi\u013cumu. Rezult\u0101ts ir gluds, sl\u0101\u0146ains arom\u0101tisks izvads, kas paliek nemain\u012bgs visos 10 000 ievilkumos.<\/li>\n<li style=\"background: #ffffff; padding: 20px; margin-bottom: 15px; border-left: 4px solid #e74c3c; box-shadow: 0 2px 4px rgba(0,0,0,0.05);\"><strong style=\"color: #2c3e50; font-size: 1.1em;\">4. Melone un v\u012bnogas:<\/strong> Pilnv\u0113rt\u012bga, robusta izv\u0113le, kas paredz\u0113ta lietot\u0101jiem, kuri mekl\u0113 dzi\u013cas, tum\u0161as aug\u013cu notis. Melno j\u0101\u0146u r\u016bgtums nodro\u0161ina sare\u017e\u0123\u012btu aug\u0161\u0113jo noti, savuk\u0101rt bag\u0101t\u012bg\u0101s v\u012bnogu nokr\u0101sas nodro\u0161ina \u013coti apmierino\u0161u, ilgsto\u0161u p\u0113cgar\u0161u.<\/li>\n<li style=\"background: #ffffff; padding: 20px; margin-bottom: 15px; border-left: 4px solid #e74c3c; box-shadow: 0 2px 4px rgba(0,0,0,0.05);\"><strong style=\"color: #2c3e50; font-size: 1.1em;\">5. Jaukto aug\u013cu:<\/strong> Da\u017e\u0101du aug\u013cu d\u0101rza profilu ekspertu apvienojums. \u0160ai sare\u017e\u0123\u012btai formulai nepiecie\u0161ama prec\u012bza temperat\u016bras kontrole no ier\u012bces apkures elementa, lai nodro\u0161in\u0101tu, ka visas at\u0161\u0137ir\u012bg\u0101s aug\u013cu notis tiek prec\u012bzi izteiktas, netrauc\u0113jot kop\u0113jo gar\u0161u.<\/li>\n<li style=\"background: #ffffff; padding: 20px; margin-bottom: 15px; border-left: 4px solid #e74c3c; box-shadow: 0 2px 4px rgba(0,0,0,0.05);\"><strong style=\"color: #2c3e50; font-size: 1.1em;\">6. Mentos piparm\u0113tra:<\/strong> Piln\u012bb\u0101 koncentr\u0113jas uz krauk\u0161\u0137\u012bga, v\u0113sa saj\u016btas nodro\u0161in\u0101\u0161anu. \u0160\u012b formul\u0101cija izmanto mentola atvasin\u0101jumus, lai stimul\u0113tu aukstuma receptorus, nodro\u0161inot intens\u012bvi atsvaidzino\u0161u un t\u012bru profilu, kas darbojas k\u0101 lielisks auksl\u0113ju att\u012br\u012bt\u0101js.<\/li>\n<li style=\"background: #ffffff; padding: 20px; margin-bottom: 15px; border-left: 4px solid #e74c3c; box-shadow: 0 2px 4px rgba(0,0,0,0.05);\"><strong style=\"color: #2c3e50; font-size: 1.1em;\">7. Mango:<\/strong> Augsti koncentr\u0113ts, viennoteikts profils, kas atspogu\u013co nogatavoju\u0161os mango bl\u012bvo, tropisko saldumu. Tas ir formul\u0113ts, lai nodro\u0161in\u0101tu biezu, smar\u017e\u012bgu izvadi, kas prec\u012bzi atspogu\u013co dabisk\u0101 aug\u013ca at\u0161\u0137ir\u012bg\u0101s arom\u0101tisk\u0101s \u012bpa\u0161\u012bbas.<\/li>\n<li style=\"background: #ffffff; padding: 20px; margin-bottom: 15px; border-left: 4px solid #e74c3c; box-shadow: 0 2px 4px rgba(0,0,0,0.05);\"><strong style=\"color: #2c3e50; font-size: 1.1em;\">8. Ko\u0161\u013c\u0101jam\u0101 l\u0101\u010da konfekte:<\/strong> Sp\u0113l\u012bgs, augsti izstr\u0101d\u0101ts profils, kas atjauno daudzpus\u012bgo \u017eelejveida konfek\u0161u saldumu. \u0160im mais\u012bjumam nepiecie\u0161ama delik\u0101ta sint\u0113tisko saldin\u0101t\u0101ju l\u012bdzsvara, lai nov\u0113rstu spir\u0101\u013cu priek\u0161laic\u012bgu degrad\u0101ciju, nodro\u0161inot ilgm\u016b\u017e\u012bbu.<\/li>\n<li style=\"background: #ffffff; padding: 20px; margin-bottom: 15px; border-left: 4px solid #e74c3c; box-shadow: 0 2px 4px rgba(0,0,0,0.05);\"><strong style=\"color: #2c3e50; font-size: 1.1em;\">9. G\u0101z\u0113t\u0101 citron\u0101des piena kokteilis:<\/strong> Inovat\u012bvs, kontrast\u0113jo\u0161s mais\u012bjums. Tas savieno citrusaug\u013cu limon\u0101des asu, dzirksto\u0161u kodumu ar piena iedvesmota pamata gludo, smago kr\u0113m\u012bgumu. Tas rada unik\u0101li tekstur\u0113tu ieelpo\u0161anas pieredzi, kas pievilina piedz\u012bvojumu mekl\u0113t\u0101jus lietot\u0101jus.<\/li>\n<li style=\"background: #ffffff; padding: 20px; margin-bottom: 15px; border-left: 4px solid #e74c3c; box-shadow: 0 2px 4px rgba(0,0,0,0.05);\"><strong style=\"color: #2c3e50; font-size: 1.1em;\">10. Zil\u0101s un avenes ogas:<\/strong> Klasisks nozares standarts, p\u0101rstr\u0101d\u0101ts m\u016bsdienu ier\u012bcei. Tas l\u012bdzsvaro mellen\u012b\u0161u dzi\u013co saldumu ar ave\u0146u asu, nedaudz sk\u0101bu nokr\u0101su, k\u0101 rezult\u0101t\u0101 veidojas dinamiska un \u013coti piepras\u012bta profila.<\/li>\n<\/ul>\n<h2 style=\"color: #1a5f7a; border-bottom: 2px solid #1a5f7a; padding-bottom: 10px; margin-top: 40px;\">Strat\u0113\u0123isk\u0101 vairumtirdzniec\u012bba caur VapeXYZ<\/h2>\n<p>Mazumtirdzniec\u012bbas operatoriem un komerci\u0101liem p\u0101rdev\u0113jiem uzticamu vienreizlietojamu vape ier\u012b\u010du ieg\u0101de prasa partneri ar pier\u0101d\u012btu pieg\u0101des \u0137\u0113des lo\u0123istiku un tirgus autorit\u0101ti. VapeXYZ darbojas k\u0101 galvenais profesion\u0101lais vairumtirdzniec\u012bbas izplat\u012bt\u0101js, nodro\u0161inot vair\u0101k nek\u0101 8 gadus ilgu specializ\u0113tu nozares pieredzi glob\u0101laj\u0101 tirg\u016b. M\u016bsu izveidot\u0101s attiec\u012bbas ar augst\u0101k\u0101s l\u012bme\u0146a ra\u017eo\u0161anas z\u012bmoliem \u2014 ieskaitot BANG BOX, WASPE, UWIN, BIMO, RandM, BANG, VOZOL, Elf Box, MYDE un ZGAR \u2014 \u013cauj mums izlaist starpniekus, nododot b\u016btiskas starp\u012bbas priek\u0161roc\u012bbas tie\u0161i m\u016bsu partneriem.<\/p>\n<p>Izpratnodami da\u017e\u0101du mazumtirdzniec\u012bbas oper\u0101ciju kr\u0101jumu p\u0101rvald\u012bbas izaicin\u0101jumus, m\u0113s esam optimiz\u0113ju\u0161i savu izplat\u012b\u0161anas modeli, lai pied\u0101v\u0101tu \u0101rk\u0101rt\u012bgi zemu minim\u0101lo pas\u016bt\u012bjuma daudzumu (MOQ) tikai 10 vien\u012bbas. Tas demokratiz\u0113 piek\u013cuvi vairumtirdzniec\u012bbas cen\u0101m, \u013caujot mazajiem butikveikaliem p\u0101rdot t\u0101das pa\u0161as augstas kvalit\u0101tes vienreiz\u0113j\u0101s vape ier\u012bces k\u0101 lielajiem t\u012bkliem, bez lieka kapit\u0101la saist\u012b\u0161anas lielos kr\u0101jumos. Visi VapeXYZ nos\u016bt\u012btie kr\u0101jumi tiek p\u0101rbaud\u012bti uz autentiskumu un starptautisku atbilst\u012bbu, mazinot juridiskos un dro\u0161\u012bbas riskus, kas bie\u017ei saist\u012bti ar tre\u0161\u0101s puses avotiem.<\/p>\n<h3 style=\"color: #2980b9; margin-top: 40px; margin-bottom: 20px;\">Bie\u017ei uzdotie jaut\u0101jumi (FAQ)<\/h3>\n<div style=\"margin-bottom: 30px;\">\n<details style=\"background-color: #f8f9fa; border: 1px solid #e9ecef; border-radius: 6px; margin-bottom: 10px; overflow: hidden;\">\n<summary style=\"padding: 15px; font-weight: bold; cursor: pointer; outline: none; background-color: #edf2f7; color: #2c3e50;\">K\u0101 tiek emp\u012briski apstiprin\u0101ts 10 000 pff skaits?<\/summary>\n<div style=\"padding: 15px; border-top: 1px solid #e9ecef; background-color: #ffffff;\">\n<p style=\"margin: 0;\">Ier\u012bces kapacit\u0101ti p\u0101rbauda, izmantojot automatiz\u0113tas pneimatisk\u0101s iek\u0101rtas r\u016bpn\u012bcas apst\u0101k\u013cos. \u0160\u012bs iek\u0101rtas simul\u0113 standarta ieelpo\u0161anas ilgumu no 1,5 l\u012bdz 2,0 sekund\u0113m. 16 ml rezervu\u0101rs kombin\u0101cij\u0101 ar efekt\u012bvo 550 mAh akumulatoru nodro\u0161ina pietiekami daudz formulas un jaudas, lai laboratorijas apst\u0101k\u013cos uztur\u0113tu l\u012bdz 10 000 \u0161o standarta ieelpo\u0161anas gad\u012bjumu.<\/p>\n<\/div>\n<\/details>\n<details style=\"background-color: #f8f9fa; border: 1px solid #e9ecef; border-radius: 6px; margin-bottom: 10px; overflow: hidden;\">\n<summary style=\"padding: 15px; font-weight: bold; cursor: pointer; outline: none; background-color: #edf2f7; color: #2c3e50;\">K\u0101das ir vides uzglab\u0101\u0161anas ieteikumi \u0161im vienreiz lietojamajam vape?<\/summary>\n<div style=\"padding: 15px; border-top: 1px solid #e9ecef; background-color: #ffffff;\">\n<p style=\"margin: 0;\">Lai saglab\u0101tu iek\u0161\u0113j\u0101s ener\u0123ijas \u0161\u016bnas integrit\u0101ti un bot\u0101nisko ekstraktu \u0137\u012bmisko stabilit\u0101ti, vape ier\u012bces j\u0101uzglab\u0101 istabas temperat\u016br\u0101 (aptuveni 20\u00b0C l\u012bdz 25\u00b0C). Izvairieties atst\u0101t ier\u012bci tie\u0161\u0101 saules gaism\u0101 vai sasal\u0161anas apst\u0101k\u013cos, jo ekstrem\u0101l\u0101s temperat\u016bras var pasliktin\u0101t akumulatora uzl\u0101des kapacit\u0101ti un main\u012bt iek\u0161\u0113j\u0101s formulas konsistenci.<\/p>\n<\/div>\n<\/details>\n<details style=\"background-color: #f8f9fa; border: 1px solid #e9ecef; border-radius: 6px; margin-bottom: 10px; overflow: hidden;\">\n<summary style=\"padding: 15px; font-weight: bold; cursor: pointer; outline: none; background-color: #edf2f7; color: #2c3e50;\">K\u0101 darbojas vairumtirdzniec\u012bbas pas\u016bt\u012bjumu process ar zemu minim\u0101lo pas\u016bt\u012bjuma daudzumu?<\/summary>\n<div style=\"padding: 15px; border-top: 1px solid #e9ecef; background-color: #ffffff;\">\n<p style=\"margin: 0;\">VapeXYZ vienk\u0101r\u0161o komerci\u0101lo iepirkumu, nosakot minim\u0101lo pas\u016bt\u012bjuma daudzumu tikai 10 vien\u012bb\u0101m. Mazumtirgot\u0101ji var sajaukt un saska\u0146ot da\u017e\u0101dus arom\u0101tiskos profilus vien\u0101 pas\u016bt\u012bjum\u0101, lai p\u0101rbaud\u012btu tirgus dz\u012bvotsp\u0113ju. Tikl\u012bdz tiek sasniegts 10 vien\u012bbu slieksnis, vairumtirdzniec\u012bbas atlaides l\u012bme\u0146i tiek piem\u0113roti autom\u0101tiski, nodro\u0161inot konkur\u0113tsp\u0113j\u012bgas pe\u013c\u0146as normas j\u016bsu uz\u0146\u0113mumam.<\/p>\n<\/div>\n<\/details>\n<details style=\"background-color: #f8f9fa; border: 1px solid #e9ecef; border-radius: 6px; margin-bottom: 10px; overflow: hidden;\">\n<summary style=\"padding: 15px; font-weight: bold; cursor: pointer; outline: none; background-color: #edf2f7; color: #2c3e50;\">Vai ZGAR NEO 10000 atbilst starptautiskajiem dro\u0161\u012bbas standartiem?<\/summary>\n<div style=\"padding: 15px; border-top: 1px solid #e9ecef; background-color: #ffffff;\">\n<p style=\"margin: 0;\">J\u0101. Izgatavoti \u0160e\u0146d\u017ee\u0146as specializ\u0113taj\u0101 tehnolo\u0123iju sektor\u0101, \u0161ie vienreiz\u0113jie vape ir ra\u017eoti ISO 9001 sertific\u0113t\u0101s iek\u0101rt\u0101s. Ier\u012bces aparat\u016bras materi\u0101li atbilst RoHS (B\u012bstamo vielu ierobe\u017eo\u0161anas) standartiem, nodro\u0161inot, ka ier\u012bces konstrukcij\u0101 netiek izmantoti smagie met\u0101li un b\u012bstam\u0101s plastmasas, t\u0101d\u0113j\u0101di nodro\u0161inot augstu pat\u0113r\u0113t\u0101ju dro\u0161\u012bbas l\u012bmeni.<\/p>\n<\/div>\n<\/details>\n<\/div>\n<\/article>","protected":false},"excerpt":{"rendered":"<p>ZGAR NEO 10000 Vienreiz\u0113j\u0101s lieto\u0161anas Vape Ier\u012bce pied\u0101v\u0101 izcilu vape pieredzi ar iespaid\u012bgiem 10 000 ieelp\u0101m, 3% stiprumu, 16ml ietilp\u012bbu un da\u017e\u0101d\u0101m izv\u0113l\u0113m k\u0101rdino\u0161u gar\u0161u, padarot to par ide\u0101lu izv\u0113li gan individu\u0101liem lietot\u0101jiem, gan vairumtirdzniec\u012bbas pirc\u0113jiem, kuri mekl\u0113 kvalit\u0101ti un \u0113rtumu.<\/p>","protected":false},"featured_media":17053,"comment_status":"open","ping_status":"closed","template":"","meta":{"_lmt_disableupdate":"no","_lmt_disable":""},"product_brand":[],"product_cat":[838,994,1018,935,934,927,929,928,930,933,939,932,938,931,936,937,1017,946,1023,1025,1026,1027,1029,1030,1034,953,1037,820,987,1038],"product_tag":[],"class_list":{"0":"post-17049","1":"product","2":"type-product","3":"status-publish","4":"has-post-thumbnail","6":"product_cat-zgar","7":"product_cat-10000-puff-vapes","8":"product_cat-apple-flavor-disposable-vapes","9":"product_cat-bulk-buy-disposable-vapes-in-austria","10":"product_cat-bulk-buy-disposable-vapes-in-belgium","11":"product_cat-bulk-buy-disposable-vapes-in-europe","12":"product_cat-bulk-buy-disposable-vapes-in-france","13":"product_cat-bulk-buy-disposable-vapes-in-germany","14":"product_cat-bulk-buy-disposable-vapes-in-italy","15":"product_cat-bulk-buy-disposable-vapes-in-netherlands","16":"product_cat-bulk-buy-disposable-vapes-in-norway","17":"product_cat-bulk-buy-disposable-vapes-in-poland","18":"product_cat-bulk-buy-disposable-vapes-in-portugal","19":"product_cat-bulk-buy-disposable-vapes-in-spain","20":"product_cat-bulk-buy-disposable-vapes-in-sweden","21":"product_cat-bulk-buy-disposable-vapes-in-switzerland","22":"product_cat-buy-best-disposable-vape-flavors","23":"product_cat-disposable-vapes-series","24":"product_cat-grape-flavor-disposable-vapes","25":"product_cat-ice-flavor-disposable-vapes","26":"product_cat-kiwi-flavor-disposable-vapes","27":"product_cat-lemon-flavor-disposable-vapes","28":"product_cat-mango-flavor-disposable-vapes","29":"product_cat-mint-flavor-disposable-vapes","30":"product_cat-pineapple-flavor-disposable-vapes","31":"product_cat-rechargeable-vapes","32":"product_cat-strawberry-flavor-disposable-vapes","33":"product_cat-vape","34":"product_cat-vape-shop-by-puffs","35":"product_cat-watermelon-flavor-disposable-vapes","37":"first","38":"outofstock","39":"shipping-taxable","40":"purchasable","41":"product-type-variable","42":"has-default-attributes"},"jetpack_sharing_enabled":true,"tiered_pricing_type":"fixed","tiered_pricing_fixed_rules":[],"tiered_pricing_product_settings":{"layout":"default","base_unit_name":{"singular":null,"plural":null},"default_variation":null},"tiered_pricing_minimum_quantity":null,"tiered_pricing_roles_data":[],"tiered_pricing_percentage_rules":[],"tiered_pricing_maximum_quantity":null,"tiered_pricing_quantity_step":null,"_links":{"self":[{"href":"https:\/\/vapexyz.com\/lv\/wp-json\/wp\/v2\/product\/17049","targetHints":{"allow":["GET"]}}],"collection":[{"href":"https:\/\/vapexyz.com\/lv\/wp-json\/wp\/v2\/product"}],"about":[{"href":"https:\/\/vapexyz.com\/lv\/wp-json\/wp\/v2\/types\/product"}],"replies":[{"embeddable":true,"href":"https:\/\/vapexyz.com\/lv\/wp-json\/wp\/v2\/comments?post=17049"}],"wp:featuredmedia":[{"embeddable":true,"href":"https:\/\/vapexyz.com\/lv\/wp-json\/wp\/v2\/media\/17053"}],"wp:attachment":[{"href":"https:\/\/vapexyz.com\/lv\/wp-json\/wp\/v2\/media?parent=17049"}],"wp:term":[{"taxonomy":"product_brand","embeddable":true,"href":"https:\/\/vapexyz.com\/lv\/wp-json\/wp\/v2\/product_brand?post=17049"},{"taxonomy":"product_cat","embeddable":true,"href":"https:\/\/vapexyz.com\/lv\/wp-json\/wp\/v2\/product_cat?post=17049"},{"taxonomy":"product_tag","embeddable":true,"href":"https:\/\/vapexyz.com\/lv\/wp-json\/wp\/v2\/product_tag?post=17049"}],"curies":[{"name":"wp","href":"https:\/\/api.w.org\/{rel}","templated":true}]}}