{"id":16915,"date":"2024-03-09T09:51:44","date_gmt":"2024-03-09T09:51:44","guid":{"rendered":"https:\/\/vapexyz.com\/product\/bang-xxl-2000-puffs-disposable-vape-kit-800mah\/"},"modified":"2026-02-06T03:36:15","modified_gmt":"2026-02-06T03:36:15","slug":"bang-xxl-2000-puffs-vienreizejas-lietosanas-vape-komplekts-800mah","status":"publish","type":"product","link":"https:\/\/vapexyz.com\/lv\/product\/bang-xxl-2000-puffs-disposable-vape-kit-800mah\/","title":{"rendered":"Bang XXL 2000 Puffs vienreiz\u0113j\u0101s lieto\u0161anas vape komplekts 800mAh lielapjoma pirk\u0161ana"},"content":{"rendered":"<article>\n<h2>Amazing Upgrade Zi\u0146as: No BANG XXL 2000 Puffs l\u012bdz <a href=\"https:\/\/vapexyz.com\/lv\/produkts\/spradziens-12000-uzputienu-0-2-3-5-zems-nikotina-daudzums-lielapjoma-pirkt-uzladejamu-vienreizejo-vapes-pildspalvu-vairumtirdznieciba\/\">BANG 12000 Puffs!<\/a> \ud83c\udf8a<\/h2>\n<p>Sveiki, vaping draugi! Mums ir \u013coti aizraujo\u0161as zi\u0146as par m\u016bsu BANG XXL 2000 Puffs. Tas bija k\u0101 t\u0101 maz\u0101 konfek\u0161u maisi\u0146\u0161, kas lika jums b\u016bt laim\u012bgiem! \ud83c\udf6c Bet uzminiet, ko? M\u0113s atrad\u0101m milz\u012bgu konfek\u0161u veikalu, kas ir v\u0113l lab\u0101ks! \ud83c\udfea<\/p>\n<p>Iepaz\u012bstin\u0101sim j\u016bs ar p\u0101rsteidzo\u0161o BANG 12000 Puffs! Tas ir k\u0101 j\u016bsu m\u012b\u013c\u0101k\u0101 rota\u013clieta uzauga un k\u013cuva par supervaroni!<\/p>\n<h3>J\u016bsu Vaping Tikko Ieg\u016bst Mega Jaudas Palielin\u0101jumu!<\/h3>\n<p>Iedom\u0101jieties savu iecien\u012bt\u0101ko videosp\u0113\u013cu varoni, kur\u0161 atrod slepenu d\u0101rgumu l\u0101di ar se\u0161\u0101m reiz\u0113m liel\u0101ku jaudu! T\u0101ds ir p\u0101rsl\u0113g\u0161an\u0101s uz BANG 12000 saj\u016bta!<\/p>\n<div style=\"background-color: #fff0f5;border-radius: 12px;padding: 18px;margin: 20px 0;border-left: 5px solid #ff69b4\">\n<h4 style=\"margin-top: 0;color: #c71585;text-align: center\">K\u0101p\u0113c BANG 12000 liks jums dejot ar prieku:<\/h4>\n<ul style=\"color: #8b008b\">\n<li>Se\u0161as reizes vair\u0101k p\u016bt\u012b\u0161u - 12 000 t\u0101 viet\u0101, lai b\u016btu 2000!<\/li>\n<li>Atgaisin\u0101ma baterija \u2013 vairs nav j\u0101izmet!<\/li>\n<li>Daudz \u0161\u0137idr\u0101ks \u2013 20ml t\u0101 viet\u0101, lai 6ml!<\/li>\n<li>Vair\u0101k nikot\u012bna izv\u0113les: 0%, 2%, 3% vai 5%<\/li>\n<li>Ide\u0101li piem\u0113rots veikaliem un vairumtirdzniec\u012bbai!<\/li>\n<\/ul>\n<\/div>\n<h3>Sal\u012bdzin\u0101sim Lielo At\u0161\u0137ir\u012bbu!<\/h3>\n<table style=\"width: 100%;border-collapse: collapse;background: #fafafa;border-radius: 8px;overflow: hidden;font-size: 16px\">\n<tbody>\n<tr style=\"background-color: #ff69b4;color: white\">\n<th style=\"padding: 14px;text-align: left\">Iesp\u0113jas<\/th>\n<th style=\"padding: 14px;text-align: left\">BANG XXL 2000<\/th>\n<th style=\"padding: 14px;text-align: left\">BANG 12000<\/th>\n<\/tr>\n<tr style=\"border-bottom: 1px solid #e0e0e0\">\n<td style=\"padding: 14px;background-color: #f5f5f5\">Kop\u0113jais uzp\u016b\u0161an\u0101s<\/td>\n<td style=\"padding: 14px\">2000 uzp\u016btienu<\/td>\n<td style=\"padding: 14px;color: #ff69b4\">12 000 uzp\u016btienu<\/td>\n<\/tr>\n<tr style=\"border-bottom: 1px solid #e0e0e0\">\n<td style=\"padding: 14px;background-color: #f5f5f5\">Akumulators<\/td>\n<td style=\"padding: 14px\">Neatg\u016bstams<\/td>\n<td style=\"padding: 14px;color: #ff69b4\">Uzl\u0101d\u0113jams<\/td>\n<\/tr>\n<tr style=\"border-bottom: 1px solid #e0e0e0\">\n<td style=\"padding: 14px;background-color: #f5f5f5\">\u0160\u0137idruma daudzums<\/td>\n<td style=\"padding: 14px\">6 ml<\/td>\n<td style=\"padding: 14px;color: #ff69b4\">20 ml<\/td>\n<\/tr>\n<tr style=\"border-bottom: 1px solid #e0e0e0\">\n<td style=\"padding: 14px;background-color: #f5f5f5\">Nikot\u012bna izv\u0113le<\/td>\n<td style=\"padding: 14px\">2%, 5%, 6%<\/td>\n<td style=\"padding: 14px;color: #ff69b4\">0%, 2%, 3%, 5%<\/td>\n<\/tr>\n<tr>\n<td style=\"padding: 14px;background-color: #f5f5f5\">V\u0113rt\u012bba<\/td>\n<td style=\"padding: 14px\">Labi<\/td>\n<td style=\"padding: 14px;color: #ff69b4\">Amazing -&gt; p\u0101rsteidzo\u0161s \nP\u0101rsteidzo\u0161s<\/td>\n<\/tr>\n<\/tbody>\n<\/table>\n<h3>Br\u012bni\u0161\u0137\u012bg\u0101s BANG 12000 priek\u0161roc\u012bbas!<\/h3>\n<div style=\"background-color: #f0f8ff;border-radius: 10px;padding: 20px;margin: 20px 0;border: 2px solid #87ceeb\">\n<h4 style=\"color: #4169e1;margin-top: 0;text-align: center\">K\u0101p\u0113c jums patiks liela jaunin\u0101\u0161ana:<\/h4>\n<div style=\"align-items: center;margin: 12px 0;padding: 10px;background: white;border-radius: 8px\">\n<p><span style=\"font-size: 28px;margin-right: 12px\">6<\/span><\/p>\n<div><span style=\"color: #2f4f4f\">Se\u0161as reizes vair\u0101k prieka: 12 000 p\u016btienu noz\u012bm\u0113 tvaic\u0113\u0161anu, kas ilgst un ilgst! T\u0101 k\u0101 ieg\u016bt se\u0161as konfek\u0161u maisi\u0146as t\u0101 viet\u0101, lai ieg\u016btu vienu!<\/span><\/div>\n<\/div>\n<div style=\"align-items: center;margin: 12px 0;padding: 10px;background: white;border-radius: 8px\">\n<p><span style=\"font-size: 28px;margin-right: 12px\">\ud83d\udd0b<\/span><\/p>\n<div><span style=\"color: #2f4f4f\">Akumulatoru ma\u0123ija: Atk\u0101rtoti uzl\u0101d\u0113jams noz\u012bm\u0113, ka varat to izmantot atkal un atkal! T\u0101pat k\u0101 ar atk\u0101rtoti uzl\u0101d\u0113jam\u0101m baterij\u0101m rota\u013cliet\u0101m!<\/span><\/div>\n<\/div>\n<div style=\"align-items: center;margin: 12px 0;padding: 10px;background: white;border-radius: 8px\">\n<p><span style=\"font-size: 28px;margin-right: 12px\">\ud83c\udf53<\/span><\/p>\n<div><span style=\"color: #2f4f4f\">Vair\u0101k gar\u0161u piedz\u012bvojumu: visi j\u016bsu iecien\u012bt\u0101kie plus aizraujo\u0161i jauni, piem\u0113ram, Zeme\u0146u Li\u010d\u012b un Melnais P\u016b\u0137is sald\u0113jums! \ud83c\udf66\ud83d\udc32<\/span><\/div>\n<\/div>\n<\/div>\n<h3>Jaut\u0101jumi, Kurus J\u016bs Var\u0113tu Dom\u0101t<\/h3>\n<div style=\"background-color: #f5fffa;border-radius: 10px;padding: 18px;margin: 20px 0\">\n<div style=\"margin-bottom: 16px;padding-bottom: 16px;border-bottom: 1px solid #98fb98\">\n<p style=\"color: #2e8b57;margin-bottom: 6px;font-size: 17px\">Vai 12 000 izpl\u016bdes tie\u0161\u0101m ir daudz vair\u0101k?<\/p>\n<p style=\"margin-top: 0;color: #228b22\">Ak, j\u0101! Tas ir k\u0101 se\u0161i sald\u0113juma konusi vienlaikus! Tik daudz vair\u0101k gar\u0161\u012bgu prieku!<\/p>\n<\/div>\n<div style=\"margin-bottom: 16px;padding-bottom: 16px;border-bottom: 1px solid #98fb98\">\n<p style=\"color: #2e8b57;margin-bottom: 6px;font-size: 17px\">K\u0101p\u0113c uzl\u0101d\u0113jams ir lab\u0101ks?<\/p>\n<p style=\"margin-top: 0;color: #228b22\">Tas ir daudz gudr\u0101k m\u016bsu plan\u0113tai! T\u0101pat k\u0101 lietojot atk\u0101rtoti uzl\u0101d\u0113jam\u0101s baterijas t\u0101 viet\u0101, lai t\u0101s izmestu! Turkl\u0101t tas ietaupa jums naudu!<\/p>\n<\/div>\n<div>\n<p style=\"color: #2e8b57;margin-bottom: 6px;font-size: 17px\">Ko ar man\u0101m iecien\u012bt\u0101kajiem XXL gar\u0161ojumiem?<\/p>\n<p style=\"margin-top: 0;color: #228b22\">Daudzi joproj\u0101m ir \u0161eit! Zeme\u0146u Ban\u0101ns, Arb\u016bzu sald\u0113jums un v\u0113l vair\u0101k! Turkl\u0101t m\u0113s pievienoj\u0101m p\u0101rsteidzo\u0161us jaunus, kurus j\u016bs iem\u012bl\u0113sit!<\/p>\n<\/div>\n<\/div>\n<div style=\"background-color: #ff69b4;color: white;padding: 22px;border-radius: 15px;text-align: center;margin: 25px 0\">\n<h3 style=\"margin-top: 0;font-size: 22px\">Gatavojieties savam super jaunin\u0101jumam?<\/h3>\n<p style=\"font-size: 18px;margin-bottom: 12px\">\u0160is nav atvad\u012b\u0161an\u0101s no XXL \u2013 t\u0101 ir sveiciens visneiedom\u0101jam\u0101kaj\u0101 tvaic\u0113\u0161anas pieredz\u0113 ar BANG 12000!<\/p>\n<p style=\"font-size: 19px\">Se\u0161as reizes vair\u0101k p\u016bt\u012b\u0161u, uzl\u0101d\u0113jama baterija, vair\u0101k gar\u0161u \u2013 j\u016bsu ide\u0101l\u0101 vape ier\u012bce tikko k\u013cuva par superzvaigzni!<\/p>\n<\/div>\n<\/article>","protected":false},"excerpt":{"rendered":"<div class=\"custom-product\" style=\"border: 1px solid #eee; text-align: center; max-width: 100%; margin: 0 auto; font-family: Arial, sans-serif; box-sizing: border-box;\">\n        <!-- Product image - full width -->\n        <a href=\"https:\/\/vapexyz.com\/lv\/product\/bang-12000-puffs-0-2-3-5-low-nicotine-bulk-buy-rechargeable-disposable-vapes-pen-wholesale\/\" style=\"display: block; margin-bottom: 15px;\">\n            <img decoding=\"async\" src=\"https:\/\/vapexyz.com\/wp-content\/uploads\/2024\/08\/Bang-12000.webp\" alt=\"BANG 12000 Iztur\u012bbas Lielapjoma Pirkums Atk\u0101rtoti Uzl\u0101d\u0113jamas Vienreiz\u0113j\u0101s Lieto\u0161anas Vapes Vairumtirdzniec\u012bba\" style=\"width: 100%; height: auto; display: block;\">        <\/a>\n        \n        <!-- Product name -->\n        <h3 style=\"margin: 10px 0; font-size: 1.2em; line-height: 1.4; color: #333;\">\n            BANG 12000 Iztur\u012bbas Lielapjoma Pirkums Atk\u0101rtoti Uzl\u0101d\u0113jamas Vienreiz\u0113j\u0101s Lieto\u0161anas Vapes Vairumtirdzniec\u012bba        <\/h3>\n        \n        <!-- Product price -->\n        <div class=\"price\" style=\"color: #ff0000; font-weight: bold; font-size: 1.4em; margin: 10px 0;\">\n            \t\t<span class=\"tiered-pricing-dynamic-price-wrapper tiered-pricing-dynamic-price-wrapper--variable\"\n\t\t\t  data-display-context=\"shop-loop\"\n\t\t\t  data-price-type=\"dynamic\"\n\t\t\t  data-product-id=\"29579\"\n\t\t\t  data-parent-id=\"29579\">\n\t\t\t<span class=\"woocommerce-Price-amount amount\"><bdi><span class=\"woocommerce-Price-currencySymbol\">\u20ac<\/span>4.97<\/bdi><\/span><\/span>        <\/div>\n        \n        <!-- Product rating -->\n        <div class=\"rating\" style=\"margin: 15px 0; min-height: 25px;\">\n            <div class=\"star-rating\">V\u0113l nav v\u0113rt\u0113jumu<\/div>        <\/div>\n        \n        <!-- Buy Now button -->\n        <div class=\"buy-now-button\" style=\"margin-top: 20px;\">\n            <a href=\"https:\/\/vapexyz.com\/lv\/product\/bang-12000-puffs-0-2-3-5-low-nicotine-bulk-buy-rechargeable-disposable-vapes-pen-wholesale\/\" \n               class=\"buy-now-btn\" \n               style=\"display: inline-block; background-color: #4CAF50; color: white !important; padding: 12px 24px; text-align: center; text-decoration: none; font-weight: bold; border-radius: 4px; transition: all 0.3s; border: none; cursor: pointer; font-size: 1em;\">\n                Pirkt t\u016bl\u012bt            <\/a>\n        <\/div>\n    <\/div>","protected":false},"featured_media":16914,"comment_status":"open","ping_status":"closed","template":"","meta":{"_lmt_disableupdate":"no","_lmt_disable":""},"product_brand":[],"product_cat":[1018,821,1020,935,934,927,929,928,930,933,939,932,938,931,936,937,1017,1022,946,1023,1025,1027,951,1030,1032,1033,953,1037,987],"product_tag":[],"class_list":{"0":"post-16915","1":"product","2":"type-product","3":"status-publish","4":"has-post-thumbnail","6":"product_cat-apple-flavor-disposable-vapes","7":"product_cat-bang","8":"product_cat-blueberry-flavor-disposable-vapes","9":"product_cat-bulk-buy-disposable-vapes-in-austria","10":"product_cat-bulk-buy-disposable-vapes-in-belgium","11":"product_cat-bulk-buy-disposable-vapes-in-europe","12":"product_cat-bulk-buy-disposable-vapes-in-france","13":"product_cat-bulk-buy-disposable-vapes-in-germany","14":"product_cat-bulk-buy-disposable-vapes-in-italy","15":"product_cat-bulk-buy-disposable-vapes-in-netherlands","16":"product_cat-bulk-buy-disposable-vapes-in-norway","17":"product_cat-bulk-buy-disposable-vapes-in-poland","18":"product_cat-bulk-buy-disposable-vapes-in-portugal","19":"product_cat-bulk-buy-disposable-vapes-in-spain","20":"product_cat-bulk-buy-disposable-vapes-in-sweden","21":"product_cat-bulk-buy-disposable-vapes-in-switzerland","22":"product_cat-buy-best-disposable-vape-flavors","23":"product_cat-cola-flavor-disposable-vapes","24":"product_cat-disposable-vapes-series","25":"product_cat-grape-flavor-disposable-vapes","26":"product_cat-ice-flavor-disposable-vapes","27":"product_cat-lemon-flavor-disposable-vapes","28":"product_cat-lower-nicotine-vapes","29":"product_cat-mint-flavor-disposable-vapes","30":"product_cat-passion-fruit-flavor-disposable-vapes","31":"product_cat-peach-flavor-disposable-vapes","32":"product_cat-rechargeable-vapes","33":"product_cat-strawberry-flavor-disposable-vapes","34":"product_cat-vape-shop-by-puffs","36":"first","37":"outofstock","38":"shipping-taxable","39":"purchasable","40":"product-type-simple"},"jetpack_sharing_enabled":true,"tiered_pricing_type":"fixed","tiered_pricing_fixed_rules":[],"tiered_pricing_product_settings":{"layout":"default","base_unit_name":{"singular":null,"plural":null},"default_variation":null},"tiered_pricing_minimum_quantity":null,"tiered_pricing_roles_data":[],"tiered_pricing_percentage_rules":[],"tiered_pricing_maximum_quantity":null,"tiered_pricing_quantity_step":null,"_links":{"self":[{"href":"https:\/\/vapexyz.com\/lv\/wp-json\/wp\/v2\/product\/16915","targetHints":{"allow":["GET"]}}],"collection":[{"href":"https:\/\/vapexyz.com\/lv\/wp-json\/wp\/v2\/product"}],"about":[{"href":"https:\/\/vapexyz.com\/lv\/wp-json\/wp\/v2\/types\/product"}],"replies":[{"embeddable":true,"href":"https:\/\/vapexyz.com\/lv\/wp-json\/wp\/v2\/comments?post=16915"}],"wp:featuredmedia":[{"embeddable":true,"href":"https:\/\/vapexyz.com\/lv\/wp-json\/wp\/v2\/media\/16914"}],"wp:attachment":[{"href":"https:\/\/vapexyz.com\/lv\/wp-json\/wp\/v2\/media?parent=16915"}],"wp:term":[{"taxonomy":"product_brand","embeddable":true,"href":"https:\/\/vapexyz.com\/lv\/wp-json\/wp\/v2\/product_brand?post=16915"},{"taxonomy":"product_cat","embeddable":true,"href":"https:\/\/vapexyz.com\/lv\/wp-json\/wp\/v2\/product_cat?post=16915"},{"taxonomy":"product_tag","embeddable":true,"href":"https:\/\/vapexyz.com\/lv\/wp-json\/wp\/v2\/product_tag?post=16915"}],"curies":[{"name":"wp","href":"https:\/\/api.w.org\/{rel}","templated":true}]}}