{"id":15910,"date":"2024-03-03T09:31:31","date_gmt":"2024-03-03T09:31:31","guid":{"rendered":"https:\/\/vapexyz.com\/?page_id=15910"},"modified":"2026-03-07T07:48:23","modified_gmt":"2026-03-07T07:48:23","slug":"izseko-savu-pasutijumu","status":"publish","type":"page","link":"https:\/\/vapexyz.com\/lv\/track-your-order\/","title":{"rendered":"Izseko savu pas\u016bt\u012bjumu"},"content":{"rendered":"<div class=\"woocommerce\"><\/div>\n<p>J\u016bs varat izsekot savam pas\u016bt\u012bjumam, izmantojot\u00a0<strong><a href=\"https:\/\/t.17track.net\/en\" target=\"_blank\" rel=\"noopener\">17 trase<\/a><\/strong>:\u00a0<a href=\"https:\/\/t.17track.net\/en\" target=\"_blank\" rel=\"noopener\">https:\/\/t.17track.net\/en<\/a><\/p>\n<p>(L\u016bdzu, \u0146emiet v\u0113r\u0101, ka pirmaj\u0101s dien\u0101s pirms pas\u016bt\u012bjuma nos\u016bt\u012b\u0161anas, jo izseko\u0161anas inform\u0101cija netiek laikus atjaunin\u0101ta, iesp\u0113jams, nevar\u0113sit atrast nek\u0101du inform\u0101ciju, l\u016bdzu, uzgaidiet da\u017eas dienas pirms p\u0101rbaudes. L\u016bdzu, neuztraucieties, m\u0113s pieg\u0101d\u0101sim pas\u016bt\u012bjumu laik\u0101.)<\/p>\n<p>Ja jums ir k\u0101di jaut\u0101jumi par pas\u016bt\u012bjumu, varat sazin\u0101ties ar mums caur whatsapp.<\/p>","protected":false},"excerpt":{"rendered":"<p>You can track your order via\u00a017track:\u00a0https:\/\/t.17track.net\/en \uff08Please note that in the first few days before the order is shipped, because the tracking information is not updated in time, you may not be able to find any information, please wait a few days before checking. Please don\u2019t worry, we will deliver the order in time.\uff09 If [&#8230;]\n","protected":false},"author":1,"featured_media":0,"parent":0,"menu_order":0,"comment_status":"closed","ping_status":"closed","template":"page-blank-title-center.php","meta":{"_lmt_disableupdate":"no","_lmt_disable":"","footnotes":""},"class_list":["post-15910","page","type-page","status-publish","hentry"],"jetpack_sharing_enabled":true,"_links":{"self":[{"href":"https:\/\/vapexyz.com\/lv\/wp-json\/wp\/v2\/pages\/15910","targetHints":{"allow":["GET"]}}],"collection":[{"href":"https:\/\/vapexyz.com\/lv\/wp-json\/wp\/v2\/pages"}],"about":[{"href":"https:\/\/vapexyz.com\/lv\/wp-json\/wp\/v2\/types\/page"}],"author":[{"embeddable":true,"href":"https:\/\/vapexyz.com\/lv\/wp-json\/wp\/v2\/users\/1"}],"replies":[{"embeddable":true,"href":"https:\/\/vapexyz.com\/lv\/wp-json\/wp\/v2\/comments?post=15910"}],"version-history":[{"count":0,"href":"https:\/\/vapexyz.com\/lv\/wp-json\/wp\/v2\/pages\/15910\/revisions"}],"wp:attachment":[{"href":"https:\/\/vapexyz.com\/lv\/wp-json\/wp\/v2\/media?parent=15910"}],"curies":[{"name":"wp","href":"https:\/\/api.w.org\/{rel}","templated":true}]}}