{"id":69406,"date":"2026-03-13T09:03:56","date_gmt":"2026-03-13T09:03:56","guid":{"rendered":"https:\/\/vapexyz.com\/?post_type=product&#038;p=69406"},"modified":"2026-03-15T14:42:30","modified_gmt":"2026-03-15T14:42:30","slug":"bang-blaze-200k-dsk069-vienkartiniai-garintuvai-didmenine-prekyba-urmu-200000-ikvepimu-6-viename-perjungiamas-dvigubas-tinklelis","status":"publish","type":"product","link":"https:\/\/vapexyz.com\/lt\/product\/bang-blaze-200k-dsk069-disposable-vapes-wholesale-bulk-buy-200000-puffs-6-in-1-switchable-dual-mesh\/","title":{"rendered":"BANG BLAZE 200K DSK069 Vienkartiniai garintuvai Didmenin\u0117 prekyba 200000 \u012fp\u016btim\u0173 6 viename Kei\u010diamas dvigubas tinklelis"},"content":{"rendered":"<article>\n<h2 style=\"color: #2c3e50;text-align: center\"><a href=\"https:\/\/vapexyz.com\/lt\/produkto-kategorija\/sprogimas\/\">BANG BLAZE<\/a> 200K DSK069: Galutinis mil\u017einas tarp vienkartini\u0173 garintuv\u0173 \ud83d\ude80<\/h2>\n<p>Ar esate pasiruo\u0161\u0119 garbanojimo patir\u010diai, kuri tiesiog nenustoja? BANG BLAZE 200K DSK069 \u010dia, kad pakeist\u0173 visk\u0105! Su stulbinan\u010dia 200 000 \u012fkv\u0117pim\u0173 talpa \u0161is \u012frenginys sukurtas ilgalaikiam naudojimui. Jis spalvingas, i\u0161manus ir puikus bet kam, kas nori patikimo vienkartinio garbanojimo \u012frenginio, kuris i\u0161lieka \u0161alia j\u0173 savaites.<\/p>\n<p>VapeXYZ - \u010dia j\u016bs\u0173 pagrindin\u0117 Europos didmenin\u0117s prekybos namai \u0161iems nuostabiems vienkartiniams garintuvams. Nesvarbu, ar perkate sau, ar savo parduotuvei, u\u017etikriname, kad gausite geriausias didmenines kainas rinkoje!<\/p>\n<div style=\"margin: 20px 0;font-family: sans-serif;line-height: 1.6;color: #444\">\n<h3 style=\"color: #2980b9;margin-bottom: 12px\">Kod\u0117l BANG BLAZE 200K yra \u017eaidim\u0105 kei\u010diantis produktas<\/h3>\n<p style=\"font-size: 1em;margin: 0\">Patirkite ateities garinimo technologij\u0105 su BANG BLAZE 200K. Sukurtas u\u017etikrinti ilgiausi\u0105 \u012fmanom\u0105 tarnavimo laik\u0105, jis pasi\u017eymi pramon\u0117je pirmaujan\u010diu daugiau nei 200 000 \u012fkv\u0117pim\u0173 skai\u010diumi, u\u017etikrinant, kad j\u016bs\u0173 \u012frenginys tarnaus tiek, kiek reikalauja j\u016bs\u0173 gyvenimo b\u016bdas. I\u0161laikykite visi\u0161k\u0105 kontrol\u0119 naudodamiesi integruotu i\u0161maniuoju LED ekranu, kuris realiu laiku stebi akumuliatoriaus b\u016bkl\u0119 ir kitus parametrus. M\u016bs\u0173 pa\u017eangi dvigubo tinklelio technologija u\u017etikrina nuolat skland\u0173, subalansuot\u0105 ir aromating\u0105 d\u016bm\u0173 sraut\u0105 nuo pirmojo iki paskutinio \u012fkv\u0117pimo.<\/p>\n<\/div>\n<h3 style=\"color: #2c3e50\">I\u0161bandykite savo 6-in-1 parinktis \ud83c\udfa8<\/h3>\n<p>Kiekvienas \u012frenginys yra kaip lobi\u0173 skrynia su 6 skirtingais variantais viduje! Per\u017ei\u016br\u0117kite nuostabias galimybes, kurios yra prieinamos didmeniniam pirkimui:<\/p>\n<table style=\"width: 100%;border-collapse: collapse;margin: 20px 0;border: 1px solid #ddd;font-family: Arial, sans-serif\">\n<thead>\n<tr style=\"background-color: #34495e;color: white;text-align: left\">\n<th style=\"padding: 12px;border: 1px solid #ddd;width: 30%\">Pasirinkimo pavadinimas<\/th>\n<th style=\"padding: 12px;border: 1px solid #ddd\">\u012etrauktos veisl\u0117s (6-in-1)<\/th>\n<\/tr>\n<\/thead>\n<tbody>\n<tr>\n<td style=\"padding: 10px;border: 1px solid #ddd;font-weight: bold;color: #e67e22\">1. Saul\u0117tas mi\u0161inys<\/td>\n<td style=\"padding: 10px;border: 1px solid #ddd\">Persik\u0173 ledai, Citrina Lime, Bra\u0161ki\u0173 arb\u016bzas, Avie\u010di\u0173 vynuog\u0117, Bra\u0161ki\u0173 Mamba, Cherry Granatas<\/td>\n<\/tr>\n<tr style=\"background-color: #f9f9f9\">\n<td style=\"padding: 10px;border: 1px solid #ddd;font-weight: bold;color: #e67e22\">2. Atogr\u0105\u017e\u0173 sodas<\/td>\n<td style=\"padding: 10px;border: 1px solid #ddd\">Vandensmeliono ledas, obuoli\u0173 vynuog\u0117, m\u0117lyni\u0173 aviet\u0117, mango persikas, ananas\u0173 apelsinas, m\u0117lyni\u0173 persikas<\/td>\n<\/tr>\n<tr>\n<td style=\"padding: 10px;border: 1px solid #ddd;font-weight: bold;color: #e67e22\">3. \u0160auki Nuotykis<\/td>\n<td style=\"padding: 10px;border: 1px solid #ddd\">Vynuogi\u0173 ledas, Avie\u010di\u0173 citrina, M\u0117lyni\u0173 Red Bull, Ananas\u0173 kokosas, \u017demuogi\u0173 li\u010diai, Juodojo drakono ledas<\/td>\n<\/tr>\n<tr style=\"background-color: #f9f9f9\">\n<td style=\"padding: 10px;border: 1px solid #ddd;font-weight: bold;color: #e67e22\">4. Uog\u0173 sodas<\/td>\n<td style=\"padding: 10px;border: 1px solid #ddd\">M\u0117lyni\u0173 ledai, Avie\u010di\u0173 arb\u016bzas, Aloe vera vynuog\u0117, \u017demuogi\u0173 bananas, Meil\u0117 66, M\u0117lyni\u0173 vy\u0161nia<\/td>\n<\/tr>\n<tr>\n<td style=\"padding: 10px;border: 1px solid #ddd;font-weight: bold;color: #e67e22\">5. Sald\u016bs gardumynai<\/td>\n<td style=\"padding: 10px;border: 1px solid #ddd\">Obu, Mi\u0161rios uogos, Arb\u016bz\u0173 burbuliuk\u0173 guma, M\u0117lyni\u0173 arb\u016b\u017eas, \u017dem\u0117\u010di\u0173 mango, Aloe mango cantaloupe<\/td>\n<\/tr>\n<tr style=\"background-color: #f9f9f9\">\n<td style=\"padding: 10px;border: 1px solid #ddd;font-weight: bold;color: #e67e22\">6. Salos vakar\u0117lis<\/td>\n<td style=\"padding: 10px;border: 1px solid #ddd\">Ananas\u0173 ledai, Kivio Yra Passion Fruit Gvajavos, Lipduk\u0173 me\u0161ka, Arb\u016bz\u0173 drakon\u0173 vaisiai, Persik\u0173 Mango Arb\u016bzai, M\u0117lyni\u0173 spanguoli\u0173 vy\u0161nios<\/td>\n<\/tr>\n<tr>\n<td style=\"padding: 10px;border: 1px solid #ddd;font-weight: bold;color: #e67e22\">7. Grynas vaisi\u0173 d\u017eiaugsmas<\/td>\n<td style=\"padding: 10px;border: 1px solid #ddd\">Bra\u0161ki\u0173, Juod\u0173j\u0173 Serbent\u0173 Ananas\u0173 Ledai, Tropiniai Vaisiai, Vynuogi\u0173 Kramtomoji Guma, M\u0117lyni\u0173 Vynuogi\u0173, Mango Pasira\u0161\u0173 Vaisius<\/td>\n<\/tr>\n<tr style=\"background-color: #f9f9f9\">\n<td style=\"padding: 10px;border: 1px solid #ddd;font-weight: bold;color: #e67e22\">Auksinis derlius<\/td>\n<td style=\"padding: 10px;border: 1px solid #ddd\">Trys mangai, vynuogi\u0173 persikas, bra\u0161ki\u0173 ledai, bra\u0161ki\u0173 kivi, vynuogi\u0173 energija, raudona kola<\/td>\n<\/tr>\n<tr>\n<td style=\"padding: 10px;border: 1px solid #ddd;font-weight: bold;color: #e67e22\">9. Gaivus v\u0117jelis<\/td>\n<td style=\"padding: 10px;border: 1px solid #ddd\">Banan\u0173 ledai, Aloe Vera obuolys, Pasira\u0161\u0173 vaisi\u0173 greipfrutas, \u017demuogi\u0173 kokosas, \u017demuogi\u0173 arb\u016bzas kramtomoji guma, Arb\u016bzo laimo ledai<\/td>\n<\/tr>\n<tr style=\"background-color: #f9f9f9\">\n<td style=\"padding: 10px;border: 1px solid #ddd;font-weight: bold;color: #e67e22\">10. Kreminis ir r\u016bg\u0161tus<\/td>\n<td style=\"padding: 10px;border: 1px solid #ddd\">Vy\u0161ni\u0173 ledai, Ro\u017einis citrinus, M\u0117lyni\u0173 m\u0117t\u0173, Banan\u0173 ledai, Pasi\u016bnos vaisi\u0173 ananas\u0173 ledai, \u017dalios obuolio kivi<\/td>\n<\/tr>\n<tr>\n<td style=\"padding: 10px;border: 1px solid #ddd;font-weight: bold;color: #e67e22\">11. Sald\u016bs sapnai<\/td>\n<td style=\"padding: 10px;border: 1px solid #ddd\">Vaivoryk\u0161tinis Kandas, Persik\u0173 Kriau\u0161i\u0173 Ledas, Kapu\u010dinas, \u0160vie\u017eios M\u0117t\u0173 Mojitas, \u017dem\u0117\u010di\u0173 Mango Juod\u0173j\u0173 Serbent\u0173, P\u016bkuotas Zefyras<\/td>\n<\/tr>\n<tr style=\"background-color: #f9f9f9\">\n<td style=\"padding: 10px;border: 1px solid #ddd;font-weight: bold;color: #e67e22\">12. Super Uog\u0173 Sprogimas<\/td>\n<td style=\"padding: 10px;border: 1px solid #ddd\">Juod\u0173j\u0173 serbent\u0173, Trij\u0173 r\u016b\u0161i\u0173 melion\u0173, \u017dem\u0117\u010di\u0173 avie\u010di\u0173, Super uoga, M\u0117lyni\u0173, \u0161ilkini\u0173 uog\u0173 ir bra\u0161ki\u0173, Persik\u0173 citrin\u0173 vanduo<\/td>\n<\/tr>\n<\/tbody>\n<\/table>\n<div style=\"background-color: #e8f6f3;border-left: 10px solid #1abc9c;padding: 20px;margin: 30px 0;border-radius: 5px\">\n<h3 style=\"color: #16a085;margin-top: 0\">\ud83d\udca1 \u017dini\u0173 d\u0117\u017e\u0117: I\u0161manusis b\u016bdas garuoti<\/h3>\n<p>BANG BLAZE 200K sukurtas taip, kad b\u016bt\u0173 lengvai naudojamas. U\u017euot ne\u0161ioj\u0119si daug ma\u017e\u0173 vienkartini\u0173 garintuv\u0173, \u0161is vienas \u012frenginys juos visus pakei\u010dia. Jame yra \u012fkraunama 600mAh baterija, tod\u0117l galite tiesiog \u012fjungti j\u012f naudodami Type-C kabel\u012f ir t\u0119sti iki pat paskutinio \u012fkv\u0117pimo. Tai protinga j\u016bs\u0173 ki\u0161enei ir geriau aplinkai!<\/p>\n<\/div>\n<h3 style=\"color: #2c3e50\">Techniniai faktai \ud83d\udcca<\/h3>\n<table style=\"width: 100%;border-collapse: collapse;margin-bottom: 20px\">\n<thead>\n<tr style=\"background-color: #2c3e50;color: white\">\n<th style=\"padding: 12px;border: 1px solid #ddd\">Specifikacija<\/th>\n<th style=\"padding: 12px;border: 1px solid #ddd\">Detal\u0117s<\/th>\n<\/tr>\n<\/thead>\n<tbody>\n<tr>\n<td style=\"padding: 10px;border: 1px solid #ddd;font-weight: bold\">Puff Count<\/td>\n<td style=\"padding: 10px;border: 1px solid #ddd\">200 000 Puffs<\/td>\n<\/tr>\n<tr>\n<td style=\"padding: 10px;border: 1px solid #ddd;font-weight: bold\">Baterija<\/td>\n<td style=\"padding: 10px;border: 1px solid #ddd\">600mAh (\u012fkraunamas per Type-C)<\/td>\n<\/tr>\n<tr>\n<td style=\"padding: 10px;border: 1px solid #ddd;font-weight: bold\">Ri\u010di\u0173 sistema<\/td>\n<td style=\"padding: 10px;border: 1px solid #ddd\">1,2 \u03a9 dvigubos tinklelio rit\u0117<\/td>\n<\/tr>\n<tr>\n<td style=\"padding: 10px;border: 1px solid #ddd;font-weight: bold\">Ekranas<\/td>\n<td style=\"padding: 10px;border: 1px solid #ddd\">Skaitmeninis I\u0161manusis Monitorius<\/td>\n<\/tr>\n<tr>\n<td style=\"padding: 10px;border: 1px solid #ddd;font-weight: bold\">Patirtis<\/td>\n<td style=\"padding: 10px;border: 1px solid #ddd\">6-in-1 perjungiamos parinktys<\/td>\n<\/tr>\n<\/tbody>\n<\/table>\n<div style=\"background-color: #fff9e6;border: 2px dashed #f39c12;border-radius: 15px;padding: 25px;margin-top: 30px\">\n<h3 style=\"color: #d35400;margin-top: 0;text-align: center\">Da\u017eniausiai u\u017eduodami klausimai (DUK)<\/h3>\n<div style=\"margin-bottom: 15px\">\n<p style=\"font-weight: bold;color: #2980b9;margin-bottom: 5px\">Kaip \u012fkrauti mano BANG BLAZE?<\/p>\n<p style=\"margin-top: 0;color: #444\">Naudokite tiesiog C tipo kabel\u012f (kaip dauguma \u0161iuolaikini\u0173 telefon\u0173) ir \u012fki\u0161kite j\u012f \u012f \u012frenginio apa\u010di\u0105. I\u0161manusis ekranas parodys akumuliatoriaus b\u016bsen\u0105!<\/p>\n<\/div>\n<hr style=\"border: 0;border-top: 1px solid #f39c12;margin: 15px 0\" \/>\n<div style=\"margin-bottom: 15px\">\n<p style=\"font-weight: bold;color: #2980b9;margin-bottom: 5px\">Ar galiu pirkti dideliais kiekiais \u0161i\u0173 preki\u0173 savo parduotuvei?<\/p>\n<p style=\"margin-top: 0;color: #444\">Taip! VapeXYZ yra pirmaujanti didmenin\u0117s prekybos platforma. Mes specializuojam\u0117s pagal u\u017esakym\u0105 atliekam\u0173 didmenini\u0173 pirkim\u0173 srityje i\u0161metam\u0173 garintuv\u0173 visoje Europoje, si\u016blydami pa\u010dias konkurencingiausias kainas.<\/p>\n<\/div>\n<hr style=\"border: 0;border-top: 1px solid #f39c12;margin: 15px 0\" \/>\n<div style=\"margin-bottom: 0\">\n<p style=\"font-weight: bold;color: #2980b9;margin-bottom: 5px\">Kiek yra funkcij\u0173 viename \u012frenginyje?<\/p>\n<p style=\"margin-top: 0;color: #444\">Kiekvienas BANG BLAZE 200K \u012frenginys turi \u201c6 viename\u201d s\u0105rank\u0105, tai rei\u0161kia, kad kiekviename \u012frenginyje yra 6 skirting\u0173 patir\u010di\u0173!<\/p>\n<\/div>\n<\/div>\n<p><img loading=\"lazy\" decoding=\"async\" class=\"size-full wp-image-69550 aligncenter\" src=\"https:\/\/vapexyz.com\/wp-content\/uploads\/2026\/03\/BANG-BLAZE-200K-DSK069-Disposable-Vapes-Wholesale-Bulk-Buy-200000-Puffs-6-In-1-Switchable-Dual-Mesh-scaled.webp\" alt=\"BANG BLAZE 200K DSK069 Vienkartiniai garintuvai Didmenin\u0117 prekyba 200000 \u012fp\u016btim\u0173 6 viename Kei\u010diamas dvigubas tinklelis\" width=\"1129\" height=\"2560\" title=\"\" srcset=\"https:\/\/vapexyz.com\/wp-content\/uploads\/2026\/03\/BANG-BLAZE-200K-DSK069-Disposable-Vapes-Wholesale-Bulk-Buy-200000-Puffs-6-In-1-Switchable-Dual-Mesh-scaled.webp 1129w, https:\/\/vapexyz.com\/wp-content\/uploads\/2026\/03\/BANG-BLAZE-200K-DSK069-Disposable-Vapes-Wholesale-Bulk-Buy-200000-Puffs-6-In-1-Switchable-Dual-Mesh-221x500.webp 221w, https:\/\/vapexyz.com\/wp-content\/uploads\/2026\/03\/BANG-BLAZE-200K-DSK069-Disposable-Vapes-Wholesale-Bulk-Buy-200000-Puffs-6-In-1-Switchable-Dual-Mesh-452x1024.webp 452w, https:\/\/vapexyz.com\/wp-content\/uploads\/2026\/03\/BANG-BLAZE-200K-DSK069-Disposable-Vapes-Wholesale-Bulk-Buy-200000-Puffs-6-In-1-Switchable-Dual-Mesh-768x1741.webp 768w, https:\/\/vapexyz.com\/wp-content\/uploads\/2026\/03\/BANG-BLAZE-200K-DSK069-Disposable-Vapes-Wholesale-Bulk-Buy-200000-Puffs-6-In-1-Switchable-Dual-Mesh-677x1536.webp 677w, https:\/\/vapexyz.com\/wp-content\/uploads\/2026\/03\/BANG-BLAZE-200K-DSK069-Disposable-Vapes-Wholesale-Bulk-Buy-200000-Puffs-6-In-1-Switchable-Dual-Mesh-903x2048.webp 903w, https:\/\/vapexyz.com\/wp-content\/uploads\/2026\/03\/BANG-BLAZE-200K-DSK069-Disposable-Vapes-Wholesale-Bulk-Buy-200000-Puffs-6-In-1-Switchable-Dual-Mesh-5x12.webp 5w, https:\/\/vapexyz.com\/wp-content\/uploads\/2026\/03\/BANG-BLAZE-200K-DSK069-Disposable-Vapes-Wholesale-Bulk-Buy-200000-Puffs-6-In-1-Switchable-Dual-Mesh-510x1156.webp 510w\" sizes=\"auto, (max-width: 1129px) 100vw, 1129px\" \/><\/p>\n<p style=\"text-align: center;margin-top: 40px;font-size: 1.3em;color: #2ecc71;font-weight: bold\">\u2728 Pasiruo\u0161\u0119 patirti auk\u0161\u010diausias pufas? Aplankykite <a href=\"https:\/\/vapexyz.com\/lt\/\">VapeXYZ<\/a> ir gaukite savo BANG BLAZE 200K \u0161iandien! \ud83d\uded2<\/p>\n<\/article>","protected":false},"excerpt":{"rendered":"<div id=\"model-response-message-contentr_001ec7cad91754b3\" class=\"markdown markdown-main-panel tutor-markdown-rendering stronger enable-updated-hr-color\" dir=\"ltr\" aria-live=\"polite\">\n<p data-path-to-node=\"0\">I\u0161kelkite savo inventori\u0173 su BANG BLAZE 200K DSK069, galingu vienkartiniu garintuvu, pasi\u017eymin\u010diu ne\u012ftik\u0117tinais 200 000 \u012fkv\u0117pim\u0173, i\u0161maniojo ekrano technologija ir universaliais 6-in-1 variantais, prieinamu didmeniniu pirkimu i\u0161skirtinai VapeXYZ.<\/p>\n<\/div>","protected":false},"featured_media":69552,"comment_status":"open","ping_status":"closed","template":"","meta":{"_lmt_disableupdate":"no","_lmt_disable":""},"product_brand":[],"product_cat":[821,1106,947,935,934,927,929,928,930,933,939,932,938,931,936,937,1017,949,946,950,951,953,1105,987],"product_tag":[],"class_list":{"0":"post-69406","1":"product","2":"type-product","3":"status-publish","4":"has-post-thumbnail","6":"product_cat-bang","7":"product_cat-200000-puffs-vapes","8":"product_cat-big-puffs-vapes","9":"product_cat-bulk-buy-disposable-vapes-in-austria","10":"product_cat-bulk-buy-disposable-vapes-in-belgium","11":"product_cat-bulk-buy-disposable-vapes-in-europe","12":"product_cat-bulk-buy-disposable-vapes-in-france","13":"product_cat-bulk-buy-disposable-vapes-in-germany","14":"product_cat-bulk-buy-disposable-vapes-in-italy","15":"product_cat-bulk-buy-disposable-vapes-in-netherlands","16":"product_cat-bulk-buy-disposable-vapes-in-norway","17":"product_cat-bulk-buy-disposable-vapes-in-poland","18":"product_cat-bulk-buy-disposable-vapes-in-portugal","19":"product_cat-bulk-buy-disposable-vapes-in-spain","20":"product_cat-bulk-buy-disposable-vapes-in-sweden","21":"product_cat-bulk-buy-disposable-vapes-in-switzerland","22":"product_cat-buy-best-disposable-vape-flavors","23":"product_cat-digital-box-vapes","24":"product_cat-disposable-vapes-series","25":"product_cat-dual-mesh-vapes","26":"product_cat-lower-nicotine-vapes","27":"product_cat-rechargeable-vapes","28":"product_cat-six-flavor-vapes","29":"product_cat-vape-shop-by-puffs","31":"first","32":"instock","33":"shipping-taxable","34":"purchasable","35":"product-type-variable","36":"has-default-attributes"},"jetpack_sharing_enabled":true,"tiered_pricing_type":"fixed","tiered_pricing_fixed_rules":[],"tiered_pricing_product_settings":{"layout":"default","base_unit_name":{"singular":null,"plural":null},"default_variation":null},"tiered_pricing_minimum_quantity":null,"tiered_pricing_roles_data":[],"tiered_pricing_percentage_rules":[],"tiered_pricing_maximum_quantity":null,"tiered_pricing_quantity_step":null,"_links":{"self":[{"href":"https:\/\/vapexyz.com\/lt\/wp-json\/wp\/v2\/product\/69406","targetHints":{"allow":["GET"]}}],"collection":[{"href":"https:\/\/vapexyz.com\/lt\/wp-json\/wp\/v2\/product"}],"about":[{"href":"https:\/\/vapexyz.com\/lt\/wp-json\/wp\/v2\/types\/product"}],"replies":[{"embeddable":true,"href":"https:\/\/vapexyz.com\/lt\/wp-json\/wp\/v2\/comments?post=69406"}],"wp:featuredmedia":[{"embeddable":true,"href":"https:\/\/vapexyz.com\/lt\/wp-json\/wp\/v2\/media\/69552"}],"wp:attachment":[{"href":"https:\/\/vapexyz.com\/lt\/wp-json\/wp\/v2\/media?parent=69406"}],"wp:term":[{"taxonomy":"product_brand","embeddable":true,"href":"https:\/\/vapexyz.com\/lt\/wp-json\/wp\/v2\/product_brand?post=69406"},{"taxonomy":"product_cat","embeddable":true,"href":"https:\/\/vapexyz.com\/lt\/wp-json\/wp\/v2\/product_cat?post=69406"},{"taxonomy":"product_tag","embeddable":true,"href":"https:\/\/vapexyz.com\/lt\/wp-json\/wp\/v2\/product_tag?post=69406"}],"curies":[{"name":"wp","href":"https:\/\/api.w.org\/{rel}","templated":true}]}}