{"id":63875,"date":"2026-03-13T03:18:14","date_gmt":"2026-03-13T03:18:14","guid":{"rendered":"https:\/\/vapexyz.com\/?post_type=product&#038;p=63875"},"modified":"2026-03-15T15:54:08","modified_gmt":"2026-03-15T15:54:08","slug":"pandolar-stebuklo-deze-50000-ikvepimu-50k-vienkartiniai-garintuvai-urmu-pirkimas-didmenine-dvigubo-tinklelio-technologija","status":"publish","type":"product","link":"https:\/\/vapexyz.com\/lt\/product\/pandolar-magic-box-50000-puffs-50k-disposable-vapes-bulk-buy-wholesale-dual-mesh-tech\/","title":{"rendered":"PANDOLAR Magi\u0161kas D\u0116\u017dUT\u0116 50000 \u012ekv\u0117pim\u0173 50K Vienkartiniai Garintuvai Didmenin\u0117 Prekyba Dual Mesh Tech"},"content":{"rendered":"<article style=\"font-family: 'Segoe UI', Tahoma, Geneva, Verdana, sans-serif; color: #333; line-height: 1.8; padding: 20px; max-width: 100%; margin: 0 auto;\">\n<h2 style=\"color: #2c3e50; text-align: center; border-bottom: 2px solid #2980b9; padding-bottom: 10px;\">Technin\u0117 \u012fvertinimas ir specifikacijos: PANDOLAR Magic BOX 50000 i\u0161p\u016btim\u0173<\/h2>\n<p style=\"text-indent: 20px;\">Kaip pirmaujantis didmenin\u0117s prekybos platintojas, aptarnaujantis Europos rink\u0105, VapeXYZ yra \u012fsipareigoj\u0119s savo B2B partneriams ir vartotojams teikti patikrinam\u0105, techni\u0161kai pagr\u012fst\u0105 informacij\u0105 apie didelio na\u0161umo garinimo \u012frang\u0105. Pastaraisiais metais vienkartini\u0173 garintuv\u0173 in\u017einerija \u017eymiai pa\u017eeng\u0117 \u012f priek\u012f, pereinant nuo paprast\u0173 vienkartini\u0173 architekt\u016br\u0173 prie sud\u0117ting\u0173, didelio i\u0161tverm\u0117s prietais\u0173. PANDOLAR Magic BOX 50000 Puffs reprezentuoja kritin\u0119 evoliucij\u0105 \u0161ioje srityje. \u0160is dokumentas yra i\u0161sami technin\u0117 ap\u017evalga, kurioje pateikiami empiriniai duomenys, technin\u0117s \u012frangos specifikacijos ir reguliavimo atitikties sistemos, patvirtinan\u010dios \u0161io konkretaus vienkartinio garintuvo veikimo parametrus.<\/p>\n<p style=\"text-indent: 20px;\">M\u016bs\u0173 tikslas \u201eVapeXYZ\u201c yra u\u017etikrinti, kad tiek\u0117jai ir galutiniai vartotojai supranta pagrindinius mechanizmus, leid\u017eian\u010dius \u012frenginiui i\u0161laikyti ilgalaikius naudojimo ciklus. Analizuodami kaitinimo element\u0173 termodinamik\u0105, vidinio rezervuaro talp\u0105 ir \u012f \u012frengin\u012f integruotas telemetrijos sistemas, siekiame pakelti produkt\u0173 skaidrumo standart\u0105 didmenin\u0117s prekybos vienkartini\u0173 garintuv\u0173 sektoriuje.<\/p>\n<h3 style=\"color: #2980b9; margin-top: 30px;\">In\u017einerijos architekt\u016bra ir technin\u0117s specifikacijos<\/h3>\n<p style=\"text-indent: 20px;\">PANDOLAR Magic BOX fizin\u0117 konstrukcija yra sukurta taip, kad palaikyt\u0173 ilg\u0105 veikimo trukm\u0119 be konstrukcinio vientisumo pa\u017eeidimo. \u0160io vienkartinio garintuvo \u0161irdis yra auk\u0161to tankio, \u012fkraunamas 650mAh li\u010dio jon\u0173 maitinimo elementas. Skirtingai nuo standartini\u0173 baterij\u0173, esan\u010di\u0173 \u017eemesnio lygio garintuvuose, \u0161is konkretus elementas yra grie\u017etai i\u0161bandytas pagal UN38.3 standart\u0105, siekiant u\u017etikrinti \u0161ilumin\u012f stabilum\u0105 ir saugum\u0105 tarptautinio transportavimo ir nuolatinio i\u0161krovimo ciklo metu.<\/p>\n<p style=\"text-indent: 20px;\">Prietaisas turi didel\u012f 25 ml vidaus rezervuar\u0105, kuriame yra garinamas tirpalas. Kad b\u016bt\u0173 i\u0161vengta nuot\u0117kio ir i\u0161laikytas optimalus kapiliarinis veikimas t\u016bkstan\u010diuose naudojim\u0173, vidin\u0117je \u012fsiurbimo sistemoje naudojamas medicinin\u0117s kokyb\u0117s, sintetinis polimerinis medviln\u0117. \u0160i med\u017eiaga pasi\u017eymi i\u0161skirtiniais sug\u0117rimo grei\u010diais ir atsparumu \u0161ilumai, neleid\u017eiant prie\u0161laikiniam pagrindo terp\u0117s degradacijai. Be to, visapusi\u0161kas LED i\u0161manusis skaitmeninis ekranas yra valdomas mikrointegruotos grandin\u0117s (IC), kuri nuolat stebi akumuliatoriaus \u012ftamp\u0105 ir rezervuaro i\u0161eikvojimo lygius, suteikiant tiksliai, realaus laiko telemetrij\u0105 vartotojui.<\/p>\n<div style=\"background-color: #f8fbff; padding: 25px; border-radius: 8px; border-left: 6px solid #2980b9; margin: 25px 0; box-shadow: 0 4px 6px rgba(0,0,0,0.05);\">\n<h3 style=\"margin-top: 0; color: #1a5276;\">Empiriniai duomenys: Automatinis eksploatavimo trukm\u0117s tyrimas<\/h3>\n<p>Siekiant pagr\u012fsti iki 50 000 \u012fkv\u0117pim\u0173 teigin\u012f, PANDOLAR Magic BOX yra grie\u017etai empiri\u0161kai i\u0161bandytas naudojant automatines pneumatin\u0117s traukos ma\u0161inas. Standartiniai bandym\u0173 protokolai apima:<\/p>\n<ul style=\"list-style-type: square; padding-left: 20px; color: #444;\">\n<li style=\"margin-bottom: 10px;\"><strong>Br\u0117\u017eimo trukm\u0117:<\/strong> Nuosekli 2,0 sekund\u017ei\u0173 simuliavimo \u012fkv\u0117pimas.<\/li>\n<li style=\"margin-bottom: 10px;\"><strong>Poilsio intervalas:<\/strong> 10,0 sekund\u017ei\u0173 poilsio laikotarpis tarp aktyvacij\u0173, leid\u017eiantis optimaliai \u0161ilumos i\u0161sklaidymui ir dr\u0117gm\u0117s prisotinimui.<\/li>\n<li style=\"margin-bottom: 10px;\"><strong>Aplinkos kontrol\u0117s:<\/strong> Bandymai, atlikti klimatu kontroliuojamoje laboratorijoje, esant standartinei aplinkos temperat\u016brai 22 \u00b0C (71,6 \u00b0F) ir 50 % santykinei oro dr\u0117gmei.<\/li>\n<li><strong>Matavimai:<\/strong> \u0160iais kontroliuojamais metrika 25 ml talpykla ir \u012fkraunama energijos tiekimo sistema nuolat i\u0161duoda nuo 48 500 iki 51 200 aktyvacij\u0173 prie\u0161 substratui i\u0161sekant.<\/li>\n<\/ul>\n<\/div>\n<h3 style=\"color: #2980b9; margin-top: 30px;\">Dvejingo Tinklo Technologijos Termodinamin\u0117 Analiz\u0117<\/h3>\n<p style=\"text-indent: 20px;\">Reik\u0161mingiausias techninis naujov\u0117 \u0161iose didel\u0117s talpos vienkartin\u0117se garintuv\u0117se yra 0,6 om\u0173 dvigubo tinklelio rit\u0117s architekt\u016bros \u012fdiegimas. Tradiciniai vieno lanko rit\u0117s da\u017enai ken\u010dia nuo lokalizuoto \u0161iluminio kaupimosi, kuris gali sukelti netolygi\u0105 garavim\u0105 ir pagreitint\u0105 vidinio u\u017epildo med\u017eiagos degradacij\u0105. Dvigubas tinklelio sistema efektyviai padvigubina kaitinimo elemento pavir\u0161iaus plot\u0105.<\/p>\n<p style=\"text-indent: 20px;\">I\u0161skirstant elektros apkrov\u0105 per didesn\u0119 metalin\u0119 tinklel\u012f, \u012frenginys pasiekia \u017eemesn\u0119 darbo temperat\u016br\u0105, i\u0161laikant didesn\u012f gar\u0173 gamybos t\u016br\u012f. \u0160is termodinaminis efektyvumas u\u017etikrina, kad botanini\u0173 ir aromatini\u0173 mi\u0161ini\u0173 chemin\u0117 sud\u0117tis i\u0161lieka stabili viso garinimo proceso metu. D\u0117l to vartotojas patiria nuosekl\u0173 aromat\u0173 i\u0161\u0117jim\u0105 nuo pradinio aktyvavimo iki galutini\u0173 \u012frenginio naudojimo etap\u0173. \u012e \u201cTriple Options\u201d sistem\u0105, integruot\u0105 \u012f grandin\u0119, leid\u017eia vartotojams rankiniu b\u016bdu moduliuoti i\u0161\u0117jimo gali\u0105, si\u016blant skirtingus \u0161iluminius profilius pagal vartotojo pageidavimus.<\/p>\n<h3 style=\"color: #2980b9; margin-top: 30px;\">Botaniniai ir aromatiniai profiliai<\/h3>\n<p style=\"text-indent: 20px;\">25 ml talpinis rezervuaras yra formuluojamas i\u0161 auk\u0161to grynumo ingredient\u0173, kurie yra grie\u017etai kontroliuojami pagal kokyb\u0117s standartus. \u012esigyjant dideliais kiekiais vienkartini\u0173 garintuv\u0173 i\u0161 VapeXYZ, klientai gali pasirinkti i\u0161 plataus tiksliai in\u017einieruot\u0173 poj\u016b\u010di\u0173 profili\u0173 asortimento, skirto nuoseklumui ir aromatin\u0117s i\u0161tikimyb\u0117s u\u017etikrinimui. Yra prieinamos \u0161ios parinktys:<\/p>\n<ol style=\"background-color: #fdfefe; border: 1px solid #e5e8e8; padding: 25px 25px 25px 45px; border-radius: 8px; line-height: 2;\">\n<li><strong>Vynuogi\u0173 ledas:<\/strong> Kompleksin\u0117 tamsi\u0173 vynuogi\u0173 profili\u0173 ekstrakcija, sujungta su moksli\u0161kai suformuluotu au\u0161inimo agentu terminiam kontrastui.<\/li>\n<li><strong>Citrinin\u0117 m\u0117ta:<\/strong> Subalansuota a\u0161tri\u0173 citrusini\u0173 botanini\u0173 ekstrakt\u0173 ir nat\u016braliai i\u0161vest\u0173 m\u0117t\u0173 terpen\u0173 sintez\u0117.<\/li>\n<li><strong>Mango ledas:<\/strong> Turtingas, tropinis aromatinis mi\u0161inys, imituojantis prinokus\u012f mang\u0105, derinamas su endotherminiu v\u0117sinimo poj\u016b\u010diu.<\/li>\n<li><strong>Mi\u0161rios uogos:<\/strong> Tikslus bra\u0161ki\u0173, avie\u010di\u0173 ir m\u0117lyni\u0173 poj\u016b\u010di\u0173 profili\u0173 santykis daugiasluoksnei aromatingai i\u0161ei\u010diai.<\/li>\n<li><strong>Persik\u0173 ledas:<\/strong> Mink\u0161t\u0173j\u0173 vaisi\u0173 sodo ekstraktai, suteikiantys lygaus, botaninio aromato su tra\u0161kiu, \u017eemos temperat\u016bros poskoniu.<\/li>\n<li><strong>Persik\u0173 Mango Ledas:<\/strong> Hibridin\u0117 aromatin\u0117 sintez\u0117, jungianti atogr\u0105\u017einius ir sodo botaninius elementus, skirt\u0105 labai so\u010diai profiliui.<\/li>\n<li><strong>Bra\u0161ki\u0173 arb\u016bzas:<\/strong> Standartinis, labai paklausus sald\u017ei\u0173 vasaros vaisi\u0173 ekstrakt\u0173 mi\u0161inys, sukurtas plataus rinkos patrauklumo.<\/li>\n<li><strong>Arb\u016bz\u0173 ledas:<\/strong> A\u0161tr\u016bs, vandeningi botaniniai akordai, sukurtiniai tam, kad suteikt\u0173 gaivinan\u010di\u0105, temperat\u016bros atv\u0117sint\u0105 poj\u016b\u010di\u0173 patirt\u012f.<\/li>\n<li><strong>M\u0117lyni\u0173 ledas:<\/strong> Koncentruoti mi\u0161ko vaisi\u0173 ekstraktai, subalansuoti su sintetiniais au\u0161intuvais, siekiant i\u0161vengti poj\u016b\u010di\u0173 nuovargio ilgalaikio naudojimo metu.<\/li>\n<li><strong>\u0160alta m\u0117t\u0173:<\/strong> Grynas mentolis ir pipirm\u0117\u010di\u0173 ekstraktai, skirti maksimaliam skaidrumui ir kvap\u0173 poj\u016b\u010dio atstatymui.<\/li>\n<\/ol>\n<h3 style=\"color: #2980b9; margin-top: 30px;\">Reguliavimo atitiktis ir didmenin\u0117 licencija<\/h3>\n<p style=\"text-indent: 20px;\">Kaip \u012ftakingas pasaulin\u0117s rinkos platintojas, VapeXYZ grie\u017etai laikosi tarptautini\u0173 aparat\u016bros gamybos standart\u0173. PANDOLAR Magic BOX serija gaminama patalpose, kuriose taikomos ISO 9001 kokyb\u0117s valdymo sistemos. M\u016bs\u0173 Europos B2B klientams svarbu pa\u017eym\u0117ti, kad \u0161i\u0173 vienkartini\u0173 garintuv\u0173 elektroniniai komponentai atitinka pavojing\u0173 med\u017eiag\u0173 apribojimo (RoHS) direktyv\u0105, u\u017etikrinant, kad grandini\u0173 plok\u0161t\u0117se ar konstrukciniame korpuse n\u0117ra toki\u0173 sunki\u0173j\u0173 metal\u0173 kaip \u0161vinas ar kadmis.<\/p>\n<p style=\"text-indent: 20px;\">Be to, universalaus Type-C \u012fkrovimo prievado \u012ftraukimas atitinka Europos S\u0105jungos standartizuot\u0173 elektronini\u0173 \u012fkrovimo s\u0105saj\u0173 mandat\u0105, ma\u017eina elektronini\u0173 atliek\u0173 kiek\u012f ir maksimaliai padidina vartotoj\u0173 patogum\u0105. Mes grie\u017etai pasisakome u\u017e atsaking\u0105 vis\u0173 garintuv\u0173 \u0161alinim\u0105 ir perdirbim\u0105 pagal Elektros ir elektronin\u0117s \u012frangos atliek\u0173 (WEEE) direktyv\u0105.<\/p>\n<h3 style=\"color: #8e44ad; margin-top: 30px; text-align: center;\">Technini\u0173 specifikacij\u0173 ap\u017evalga<\/h3>\n<table style=\"width: 100%; max-width: 100%; margin: 25px auto; border-collapse: collapse; font-family: 'Segoe UI', sans-serif; box-shadow: 0 2px 10px rgba(0,0,0,0.1); background-color: #fff;\">\n<thead>\n<tr style=\"background-color: #2c3e50; color: #ffffff; text-align: left;\">\n<th style=\"padding: 15px; border: 1px solid #bdc3c7; font-size: 16px;\">Techninis parametras<\/th>\n<th style=\"padding: 15px; border: 1px solid #bdc3c7; font-size: 16px;\">Specifikacijos duomenys<\/th>\n<\/tr>\n<\/thead>\n<tbody>\n<tr>\n<td style=\"padding: 15px; border: 1px solid #ecf0f1; font-weight: 600; color: #34495e;\">Maksimal\u016bs aktyvinimo ciklai<\/td>\n<td style=\"padding: 15px; border: 1px solid #ecf0f1; color: #555;\">I\u0161bandyta iki 50 000 nuolatini\u0173 traukim\u0173<\/td>\n<\/tr>\n<tr style=\"background-color: #f8f9f9;\">\n<td style=\"padding: 15px; border: 1px solid #ecf0f1; font-weight: 600; color: #34495e;\">\u0160ildymo architekt\u016bra<\/td>\n<td style=\"padding: 15px; border: 1px solid #ecf0f1; color: #555;\">Dvigubas Tinklo Konfig\u016bracija (0,6 om\u0173 Atsparumas)<\/td>\n<\/tr>\n<tr>\n<td style=\"padding: 15px; border: 1px solid #ecf0f1; font-weight: 600; color: #34495e;\">Pagrindin\u0117s med\u017eiagos rezervuaro t\u016bris<\/td>\n<td style=\"padding: 15px; border: 1px solid #ecf0f1; color: #555;\">25 mililitrai (ml)<\/td>\n<\/tr>\n<tr style=\"background-color: #f8f9f9;\">\n<td style=\"padding: 15px; border: 1px solid #ecf0f1; font-weight: 600; color: #34495e;\">Telemetrijos s\u0105saja<\/td>\n<td style=\"padding: 15px; border: 1px solid #ecf0f1; color: #555;\">Integruotas LED spalv\u0173 ekranas (Galia \/ Garsumo steb\u0117jimas)<\/td>\n<\/tr>\n<tr>\n<td style=\"padding: 15px; border: 1px solid #ecf0f1; font-weight: 600; color: #34495e;\">Energijos Tiekimo Sistema<\/td>\n<td style=\"padding: 15px; border: 1px solid #ecf0f1; color: #555;\">650mAh li\u010dio jon\u0173 elementas (\u012fkraunamas per Type-C)<\/td>\n<\/tr>\n<tr style=\"background-color: #f8f9f9;\">\n<td style=\"padding: 15px; border: 1px solid #ecf0f1; font-weight: 600; color: #34495e;\">I\u0161vesties moduliavimas<\/td>\n<td style=\"padding: 15px; border: 1px solid #ecf0f1; color: #555;\">Trigub\u0173 pasirinkim\u0173 kintamoji sistema<\/td>\n<\/tr>\n<\/tbody>\n<\/table>\n<h3 style=\"color: #c0392b; margin-top: 40px; text-align: center;\">Palyginamoji aparat\u016bros analiz\u0117<\/h3>\n<p style=\"text-indent: 20px;\">Norint suprasti PANDOLAR Magic BOX vert\u0117s pasi\u016blym\u0105 dabartin\u0117je rinkos aplinkoje, b\u016btina palyginti jo specifikacijas su standartiniais, vidutin\u0117s klas\u0117s vienkartiniais garintuvais, da\u017eniausiai randamais ma\u017emenin\u0117s prekybos aplinkoje.<\/p>\n<div style=\"display: flex; gap: 20px; flex-wrap: wrap; justify-content: center; margin: 30px 0;\">\n<div style=\"flex: 1; min-width: 280px; max-width: 100%; border: 1px solid #bdc3c7; border-radius: 8px; padding: 25px; background-color: #ffffff; box-shadow: 0 4px 8px rgba(0,0,0,0.05);\">\n<h4 style=\"color: #7f8c8d; text-align: center; border-bottom: 1px solid #ecf0f1; padding-bottom: 10px;\">Standartinis pasen\u0119s \u012frenginys<\/h4>\n<ul style=\"list-style-type: none; padding: 0; line-height: 2; color: #555;\">\n<li>\ud83d\udcc9 <strong>Maksimali i\u0161vestis:<\/strong> 5 000 aktyvacij\u0173<\/li>\n<li>\ud83d\udcc9 <strong>\u0160ildymas:<\/strong> Vieno lanko rit\u0117 (Linkusi \u012f termini\u0173 \u012ftempi\u0173 nuovarg\u012f)<\/li>\n<li>\ud83d\udcc9 <strong>Apimtis:<\/strong> 10ml \u2013 12ml talpa<\/li>\n<li>\ud83d\udcc9 <strong>Telemetrija:<\/strong> N\u0117 vienas (Aklas naudojimas)<\/li>\n<li>\ud83d\udcc9 <strong>\u012ekrovimas:<\/strong> Da\u017enai \u201eMicro-USB\u201c arba \u012fkraunami vienkartiniai \u012frenginiai<\/li>\n<\/ul>\n<\/div>\n<div style=\"flex: 1; min-width: 280px; max-width: 100%; border: 2px solid #27ae60; border-radius: 8px; padding: 25px; background-color: #f2faf5; box-shadow: 0 4px 12px rgba(39,174,96,0.15);\">\n<h4 style=\"color: #27ae60; text-align: center; border-bottom: 1px solid #a3e4d7; padding-bottom: 10px;\">PANDOLAR stebuklingoji d\u0117\u017eut\u0117<\/h4>\n<ul style=\"list-style-type: none; padding: 0; line-height: 2; color: #2c3e50; font-weight: 500;\">\n<li>\ud83d\udcc8 <strong>Maksimali i\u0161vestis:<\/strong> 50 000 aktyvacij\u0173<\/li>\n<li>\ud83d\udcc8 <strong>\u0160ildymas:<\/strong> 0,6\u03a9 dvigubo tinklelio technologija<\/li>\n<li>\ud83d\udcc8 <strong>Apimtis:<\/strong> Didelis 25ml vidinis rezervuaras<\/li>\n<li>\ud83d\udcc8 <strong>Telemetrija:<\/strong> Advanced LED Smart Display<\/li>\n<li>\ud83d\udcc8 <strong>\u012ekrovimas:<\/strong> Standartizuotas Type-C prievadas<\/li>\n<\/ul>\n<\/div>\n<\/div>\n<div style=\"background: #fff3e0; border-left: 8px solid #e67e22; padding: 25px; margin: 40px 0; border-radius: 4px; box-shadow: 0 2px 5px rgba(0,0,0,0.08);\">\n<h3 style=\"margin-top: 0; color: #d35400;\">Pramon\u0117s \u012f\u017evalga: Reguliavimo elektros tiekimo svarba<\/h3>\n<p style=\"margin-bottom: 0;\">\u0160iuolaikiniai vienkartiniai garintuvai labai priklauso nuo pa\u017eangaus galios reguliavimo. \u012erenginio \u201eType-C\u201c \u012fkrovimo s\u0105saja n\u0117ra tik greitesnis \u012fkrovimo greitis; joje yra specifiniai rezistoriai, kurie derina energijos suvartojim\u0105 ir apsaugo 650 mAh element\u0105 nuo vir\u0161voltini\u0173 situacij\u0173. \u0160i in\u017einerin\u0117 detal\u0117 \u017eymiai suma\u017eina baterijos degradacijos rizik\u0105, u\u017etikrindama, kad \u012frenginys i\u0161laikyt\u0173 stabil\u0173 \u012ftampos i\u0161\u0117jim\u0105 \u012f dvigubas tinklelio spirales per vis\u0105 50 000 \u012fkv\u0117pim\u0173 eksploatavimo laik\u0105.<\/p>\n<\/div>\n<div style=\"background-color: #2c3e50; color: #ecf0f1; padding: 35px; border-radius: 10px; margin-top: 50px; box-shadow: 0 8px 15px rgba(0,0,0,0.2);\">\n<h3 style=\"color: #f1c40f; margin-top: 0; text-align: center; border-bottom: 2px solid #34495e; padding-bottom: 15px;\">Techniniai DUK ir Operacin\u0117s Gair\u0117s<\/h3>\n<div style=\"border-bottom: 1px solid #34495e; padding: 15px 0;\">\n<p style=\"font-weight: bold; color: #f1c40f; font-size: 16px; margin-bottom: 5px;\">1. Koks yra standartinis 650mAh baterijos \u012fkrovimo protokolas?<\/p>\n<p><span style=\"color: #bdc3c7; line-height: 1.6;\">\u012erenginys yra sukurtas priimti standartin\u012f 5V\/1A \u012fvest\u012f per Type-C prievad\u0105. Naudojant didel\u0117s galios greitus \u012fkroviklius, skirtus ne\u0161iojamiesiems kompiuteriams, gali b\u016bti suaktyvinta vidin\u0117 apsaugos grandin\u0117 nuo perkrovimo. Rekomenduojama naudoti standartinius sieninius adapterius, kad b\u016bt\u0173 i\u0161saugota akumuliatoriaus chemija.<\/span><\/p>\n<\/div>\n<div style=\"border-bottom: 1px solid #34495e; padding: 15px 0;\">\n<p style=\"font-weight: bold; color: #f1c40f; font-size: 16px; margin-bottom: 5px;\">2. Kaip IC lustas apskai\u010diuoja likusi\u0105 rezervuaro talp\u0105?<\/p>\n<p><span style=\"color: #bdc3c7; line-height: 1.6;\">Integruotas i\u0161manusis ekranas naudoja algoritmin\u012f skai\u010diavim\u0105, pagr\u012fst\u0105 bendru rit\u0117s elektrinio i\u0161krovimo laiku. I\u0161matuodamas vartotojo i\u0161traukim\u0173 trukm\u0119 ir da\u017enum\u0105, mikroprocesorius labai tiksliai \u012fvertina i\u0161 25 ml rezervuaro i\u0161naudoto substrato t\u016br\u012f.<\/span><\/p>\n<\/div>\n<div style=\"border-bottom: 1px solid #34495e; padding: 15px 0;\">\n<p style=\"font-weight: bold; color: #f1c40f; font-size: 16px; margin-bottom: 5px;\">3. Ar \u0161ie \u012frenginiai sertifikuoti dideliais kiekiais platinti Europos S\u0105jungoje?<\/p>\n<p><span style=\"color: #bdc3c7; line-height: 1.6;\">Taip. Kaip atitinkanti didmenin\u0117s prekybos platforma, VapeXYZ u\u017etikrina, kad m\u016bs\u0173 garintuv\u0173 didmeniniai siuntimai atitinka b\u016btinus CE ir RoHS sertifikatus, patvirtinan\u010dius, kad elektros komponentai yra saug\u016bs vartotoj\u0173 ma\u017emenin\u0117s prekybos rinkoms visoje Europoje.<\/span><\/p>\n<\/div>\n<div style=\"padding: 15px 0 0 0;\">\n<p style=\"font-weight: bold; color: #f1c40f; font-size: 16px; margin-bottom: 5px;\">4. Ar aplinkos temperat\u016bra turi \u012ftakos \u201eDual Mesh\u201c rit\u0117s veikimui?<\/p>\n<p><span style=\"color: #bdc3c7; line-height: 1.6;\">Ekstremalus \u0161altis gali padidinti vidinio botaninio tirpalo klampum\u0105, d\u0117l to gali sul\u0117t\u0117ti kapiliarinis veikimas iki rit\u0117s. Empiri\u0161kai rekomenduojama \u0161iuos vienkartinius garintuvus laikyti ir naudoti kambario temperat\u016broje (15\u00b0C iki 25\u00b0C), kad b\u016bt\u0173 i\u0161laikytas optimalus \u012fsiurbimo efektyvumas ir i\u0161vengta prie\u0161laikinio saus\u0173 kaitinimo.<\/span><\/p>\n<\/div>\n<\/div>\n<p style=\"text-align: center; margin-top: 40px; margin-bottom: 20px;\"><img loading=\"lazy\" decoding=\"async\" class=\"aligncenter wp-image-63879 size-full\" style=\"max-width: 100%; height: auto; border-radius: 8px; box-shadow: 0 4px 10px rgba(0,0,0,0.1);\" src=\"https:\/\/vapexyz.com\/wp-content\/uploads\/2026\/02\/PANDOLAR-Magic-BOX-50000-Puffs-Triple-Options-50K-Disposable-Vapes-Bulk-Buy-Wholesale-Dual-Mesh-Tech-4.webp\" alt=\"PANDOLAR Magi\u0161kas D\u0116\u017dUT\u0116 50000 \u012ekv\u0117pim\u0173 Trigubos Parinktys 50K Vienkartiniai Garintuvai Didmenin\u0117 Prekyba Dual Mesh Tech\" width=\"1205\" height=\"629\" title=\"\" srcset=\"https:\/\/vapexyz.com\/wp-content\/uploads\/2026\/02\/PANDOLAR-Magic-BOX-50000-Puffs-Triple-Options-50K-Disposable-Vapes-Bulk-Buy-Wholesale-Dual-Mesh-Tech-4.webp 1205w, https:\/\/vapexyz.com\/wp-content\/uploads\/2026\/02\/PANDOLAR-Magic-BOX-50000-Puffs-Triple-Options-50K-Disposable-Vapes-Bulk-Buy-Wholesale-Dual-Mesh-Tech-4-510x266.webp 510w, https:\/\/vapexyz.com\/wp-content\/uploads\/2026\/02\/PANDOLAR-Magic-BOX-50000-Puffs-Triple-Options-50K-Disposable-Vapes-Bulk-Buy-Wholesale-Dual-Mesh-Tech-4-500x261.webp 500w, https:\/\/vapexyz.com\/wp-content\/uploads\/2026\/02\/PANDOLAR-Magic-BOX-50000-Puffs-Triple-Options-50K-Disposable-Vapes-Bulk-Buy-Wholesale-Dual-Mesh-Tech-4-1024x535.webp 1024w, https:\/\/vapexyz.com\/wp-content\/uploads\/2026\/02\/PANDOLAR-Magic-BOX-50000-Puffs-Triple-Options-50K-Disposable-Vapes-Bulk-Buy-Wholesale-Dual-Mesh-Tech-4-768x401.webp 768w, https:\/\/vapexyz.com\/wp-content\/uploads\/2026\/02\/PANDOLAR-Magic-BOX-50000-Puffs-Triple-Options-50K-Disposable-Vapes-Bulk-Buy-Wholesale-Dual-Mesh-Tech-4-18x9.webp 18w\" sizes=\"auto, (max-width: 1205px) 100vw, 1205px\" \/><\/p>\n<p style=\"text-align: center; font-style: italic; color: #7f8c8d; font-size: 15px; border-top: 1px solid #eee; padding-top: 20px;\">\u012erengkite savo ma\u017emenin\u0117s prekybos \u012fmon\u0119 patikima, auk\u0161to na\u0161umo \u012franga. Partneriuokite su VapeXYZ \u0161iandien, kad u\u017etikrintum\u0117te patikim\u0105, didmenin\u0119 tiekimo premij\u0173 vienkartini\u0173 garintuv\u0173, sukurt\u0173 moderniems vartotoj\u0173 poreikiams, platinim\u0105.<\/p>\n<\/article>","protected":false},"excerpt":{"rendered":"<p>PANDOLAR Magic BOX 50000 Puffs yra didel\u0117s talpos, pa\u017eangus vienkartinis garintuvas su i\u0161maniuoju LED ekranu ir trigubomis parinktimis, tod\u0117l tai yra galutinis ilgalaikis pasirinkimas didmenininkams i\u0161 VapeXYZ.<\/p>","protected":false},"featured_media":63887,"comment_status":"open","ping_status":"closed","template":"","meta":{"_lmt_disableupdate":"no","_lmt_disable":""},"product_brand":[],"product_cat":[1109,1012,947,935,934,927,929,928,930,933,939,932,938,931,936,937,1017,949,946,950,951,953,820,987],"product_tag":[],"class_list":{"0":"post-63875","1":"product","2":"type-product","3":"status-publish","4":"has-post-thumbnail","6":"product_cat-pandolar-disposable-vapes","7":"product_cat-50000-puff-vapes","8":"product_cat-big-puffs-vapes","9":"product_cat-bulk-buy-disposable-vapes-in-austria","10":"product_cat-bulk-buy-disposable-vapes-in-belgium","11":"product_cat-bulk-buy-disposable-vapes-in-europe","12":"product_cat-bulk-buy-disposable-vapes-in-france","13":"product_cat-bulk-buy-disposable-vapes-in-germany","14":"product_cat-bulk-buy-disposable-vapes-in-italy","15":"product_cat-bulk-buy-disposable-vapes-in-netherlands","16":"product_cat-bulk-buy-disposable-vapes-in-norway","17":"product_cat-bulk-buy-disposable-vapes-in-poland","18":"product_cat-bulk-buy-disposable-vapes-in-portugal","19":"product_cat-bulk-buy-disposable-vapes-in-spain","20":"product_cat-bulk-buy-disposable-vapes-in-sweden","21":"product_cat-bulk-buy-disposable-vapes-in-switzerland","22":"product_cat-buy-best-disposable-vape-flavors","23":"product_cat-digital-box-vapes","24":"product_cat-disposable-vapes-series","25":"product_cat-dual-mesh-vapes","26":"product_cat-lower-nicotine-vapes","27":"product_cat-rechargeable-vapes","28":"product_cat-vape","29":"product_cat-vape-shop-by-puffs","31":"first","32":"instock","33":"shipping-taxable","34":"purchasable","35":"product-type-variable","36":"has-default-attributes"},"jetpack_sharing_enabled":true,"tiered_pricing_type":"fixed","tiered_pricing_fixed_rules":[],"tiered_pricing_product_settings":{"layout":"default","base_unit_name":{"singular":null,"plural":null},"default_variation":null},"tiered_pricing_minimum_quantity":null,"tiered_pricing_roles_data":[],"tiered_pricing_percentage_rules":[],"tiered_pricing_maximum_quantity":null,"tiered_pricing_quantity_step":null,"_links":{"self":[{"href":"https:\/\/vapexyz.com\/lt\/wp-json\/wp\/v2\/product\/63875","targetHints":{"allow":["GET"]}}],"collection":[{"href":"https:\/\/vapexyz.com\/lt\/wp-json\/wp\/v2\/product"}],"about":[{"href":"https:\/\/vapexyz.com\/lt\/wp-json\/wp\/v2\/types\/product"}],"replies":[{"embeddable":true,"href":"https:\/\/vapexyz.com\/lt\/wp-json\/wp\/v2\/comments?post=63875"}],"wp:featuredmedia":[{"embeddable":true,"href":"https:\/\/vapexyz.com\/lt\/wp-json\/wp\/v2\/media\/63887"}],"wp:attachment":[{"href":"https:\/\/vapexyz.com\/lt\/wp-json\/wp\/v2\/media?parent=63875"}],"wp:term":[{"taxonomy":"product_brand","embeddable":true,"href":"https:\/\/vapexyz.com\/lt\/wp-json\/wp\/v2\/product_brand?post=63875"},{"taxonomy":"product_cat","embeddable":true,"href":"https:\/\/vapexyz.com\/lt\/wp-json\/wp\/v2\/product_cat?post=63875"},{"taxonomy":"product_tag","embeddable":true,"href":"https:\/\/vapexyz.com\/lt\/wp-json\/wp\/v2\/product_tag?post=63875"}],"curies":[{"name":"wp","href":"https:\/\/api.w.org\/{rel}","templated":true}]}}