{"id":63558,"date":"2026-01-31T07:15:13","date_gmt":"2026-01-31T07:15:13","guid":{"rendered":"https:\/\/vapexyz.com\/?post_type=product&#038;p=63558"},"modified":"2026-03-04T12:50:26","modified_gmt":"2026-03-04T12:50:26","slug":"wasp-8-viename-skonio-kristalas-180000-ikvepimu-180k-vienkartiniai-garintuvai-didmenine-prekyba-urmu-perkami-ikraunami-led-ekranas","status":"publish","type":"product","link":"https:\/\/vapexyz.com\/lt\/product\/waspe-8-in-1taste-crystal-180000-puffs-180k-disposable-vapes-wholesale-bulk-buy-rechargeable-led-screen\/","title":{"rendered":"WASPE 8-in-1 skonio kristalas 180000 i\u0161pu\u010di\u0173 180K vienkartiniai garintuvai didmenin\u0117 prekyba urmu perkami \u012fkraunami LED ekranas"},"content":{"rendered":"<article>\n<h2>\ud83d\ude80 Susipa\u017einkite su Mil\u017einu: <a href=\"https:\/\/vapexyz.com\/lt\/produkto-kategorija\/vapsva\/\">WASPE<\/a> 8 viename kristale 180000 \u012fpu\u010dim\u0173<\/h2>\n<p>Sveiki atvyk\u0119 \u012f VapeXYZ, j\u016bs\u0173 pagrindin\u012f Europos didmenin\u0117s prekybos centr\u0105, skirt\u0105 did\u017eiausiems ir geriausiems pasaulio vienkartini\u0173 garintuv\u0173 pasaulyje! \u0160iandien mes d\u017eiaugiam\u0117s pristatydami tikr\u0105 sunkiasvor\u012f \u010dempion\u0105: WASPE 8 in 1 Crystal 180000 Puffs. Tai ne tik prietaisas; tai mil\u017eini\u0161ka galia, skirta tiems, kurie niekada nenori i\u0161eikvoti savo m\u0117gstam\u0173 garintuv\u0173.<\/p>\n<p>\u012esivaizduokite prietais\u0105, kuris tarnauja tiek pat, kiek visa standartini\u0173 vienkartini\u0173 garintuv\u0173 kolekcija. Su stulbinan\u010diais 180 000 \u012fkv\u0117pim\u0173 ir kri\u0161tolo skaidriu dizainu, kuris atrodo kaip auk\u0161t\u0173j\u0173 technologij\u0173 meno k\u016brinys, WASPE Crystal yra sukurtas tam, kad \u012fsp\u016bd\u017eiot\u0173. Nesvarbu, ar esate parduotuv\u0117s savininkas, norintis papildyti atsargas, ar didelis vartotojas, norintis geriausios vert\u0117s, \u0161is vienkartinis garintuvas u\u017etikrina na\u0161um\u0105, kuris i\u0161lieka stiprus nuo pirmojo \u012fkv\u0117pimo iki pat paskutinio.<\/p>\n<div style=\"background-color: #f0f7ff; border-left: 5px solid #007bff; padding: 20px; margin: 20px 0; border-radius: 8px;\">\n<h3 style=\"margin-top: 0; color: #007bff;\">\u2728 Kod\u0117l visi apie tai kalba<\/h3>\n<p>WASPE 8 viename kristale i\u0161siskiria d\u0117l savo ne\u012ftik\u0117tinos 68ml talpos. Jame yra i\u0161manus LED ekranas, kuris tiksliai parodo, kas vyksta viduje, tod\u0117l niekada nesate u\u017eklumpami netik\u0117tai. Be to, su keturi\u0173 aki\u0173 spiral\u0117s sistema (1,0 omas x 4), debesys yra storesni, lygesni ir labiau patenkinti nei bet kada anks\u010diau!<\/p>\n<\/div>\n<div style=\"flex-wrap: wrap; gap: 20px; justify-content: space-between; margin: 20px 0;\">\n<div style=\"flex: 1; min-width: 250px; border: 1px solid #ddd; padding: 15px; border-radius: 10px; text-align: center;\">\n<h4 style=\"color: #e67e22;\">\ud83d\udca8 180 000 i\u0161kv\u0117pim\u0173<\/h4>\n<p>Did\u017eiulis i\u0161p\u016btim\u0173 skai\u010dius, u\u017etikrinantis ilgalaik\u012f malonum\u0105 be da\u017en\u0173 pakeitim\u0173.<\/p>\n<\/div>\n<div style=\"flex: 1; min-width: 250px; border: 1px solid #ddd; padding: 15px; border-radius: 10px; text-align: center;\">\n<h4 style=\"color: #27ae60;\">\ud83d\udd0b \u012ekraunama galia<\/h4>\n<p>Komplektuojamas su 650mAh baterija ir Type-C greitu \u012fkrovimu, kad j\u016bs\u0173 \u012frenginys visada b\u016bt\u0173 \u012fkrautas.<\/p>\n<\/div>\n<div style=\"flex: 1; min-width: 250px; border: 1px solid #ddd; padding: 15px; border-radius: 10px; text-align: center;\">\n<h4 style=\"color: #8e44ad;\">\ud83d\udcf1 I\u0161manusis LED ekranas<\/h4>\n<p>Steb\u0117kite savo \u012frenginio b\u016bsen\u0105 ai\u0161kiu, lengvai skaitomu ekranu.<\/p>\n<\/div>\n<\/div>\n<h2>\u2b50\ufe0f 8 viename WASPE 180000 kristalo pagrindin\u0117s funkcijos<\/h2>\n<ul>\n<li>Nesuderinamas talpos dydis: mil\u017eini\u0161kas 68 ml talpos dydis rei\u0161kia, kad galite m\u0117gautis savo garintuvu savait\u0117mis ar net m\u0117nesiais.<\/li>\n<li>I\u0161pl\u0117totos tinklelio spiral\u0117s: keturios 1,0 om\u0173 tinklelio spiral\u0117s veikia kartu, kad u\u017etikrint\u0173 nuosekl\u0173 ir turting\u0105 potyr\u012f.<\/li>\n<li>Tvirtas ir stilingas: kristalo stiliaus korpusas ne tik gra\u017eus, bet ir pakankamai tvirtas kasdieniniam naudojimui.<\/li>\n<li>Paruo\u0161ta didmeninei prekybai: galima \u012fsigyti i\u0161 VapeXYZ urmu, tod\u0117l tai idealiai tinka ma\u017emenininkams visoje Europoje.<\/li>\n<li>Ne\u0161iojamumas: Nepaisant savo galios, jis patogiai telpa \u012f j\u016bs\u0173 rank\u0105 ir mai\u0161el\u012f.<\/li>\n<\/ul>\n<h2>\ud83c\udf08 Ne\u012ftik\u0117tama \u012evairov\u0117: Pasirinkimo Galimyb\u0117s<\/h2>\n<p>WASPE 8 viename kristale si\u016blo unikal\u0173 \u201cdaugiapus\u012f\u201d patyrim\u0105. Kiekvienas \u012frenginys yra supakuotas su \u012fdomiais deriniais. \u010cia yra 12 nuostabi\u0173 rinkini\u0173, kuriuos galite pasirinkti:<\/p>\n<ol>\n<li>Vandensmeliono ledas ir citrinos bei laimo bei r\u016bg\u0161tus mang\u0173 ledas bei kivi\u0173 meliono ledas<\/li>\n<li>M\u0117lyni\u0173 ledai ir vy\u0161ni\u0173 kola ir bra\u0161ki\u0173 vanil\u0117 ir citrinos vy\u0161nia<\/li>\n<li>Red Bull ledas ir bra\u0161ki\u0173 ledas ir r\u016bg\u0161tus Fcuking Fab ir kolos ledas<\/li>\n<li>Vynuogi\u0173 ledas &amp; Bra\u0161ki\u0173 kivi &amp; Arb\u016bz\u0173 ledas &amp; M\u0117lynas Rancher<\/li>\n<li>Melonas, Pasira\u0161\u0173 vaisius ir r\u016bg\u0161tus Mango Ananasas ir Banan\u0173 Toffi\u0173 saldainiai ir \u017demuogi\u0173 uoga<\/li>\n<li>Bra\u0161ki\u0173 Arb\u016bzas &amp; \u0160altas M\u0117ta &amp; M\u0117lynas Razzas Ledai &amp; Juod\u0173j\u0173 Serbent\u0173 Ledai<\/li>\n<li>Juod\u0173j\u0173 serbent\u0173 ledas &amp; Dvigubas obuolys &amp; Juodojo drakono ledas &amp; Bra\u0161ki\u0173 kivi<\/li>\n<li>Bra\u0161ki\u0173 Red Bull &amp; Cherry Cola &amp; Cherry Lemon &amp; Tropini\u0173 vaisi\u0173<\/li>\n<li>Mi\u0161rios uogos &amp; Citrina &amp; M\u0117lyn\u0117 Aviet\u0117 &amp; \u017dalias obuolys<\/li>\n<li>Bra\u0161ki\u0173 Avie\u010di\u0173 vy\u0161ni\u0173 &amp; Bra\u0161ki\u0173 Arb\u016bz\u0173 &amp; Kiviai Arb\u016bz\u0173 &amp; Citrina Lime<\/li>\n<li>\u0160vie\u017ei\u0173 Bra\u0161ki\u0173, Banan\u0173 &amp; Mango Persik\u0173 &amp; Trigub\u0173 Uog\u0173 &amp; \u0160vie\u017ei\u0173 Bra\u0161ki\u0173 Ananas\u0173<\/li>\n<li>M\u0117lynoji Razz Lemonada ir vy\u0161ni\u0173 citrina bei m\u0117lyni\u0173 ledai bei arb\u016bz\u0173 persikas<\/li>\n<\/ol>\n<h2>\ud83d\udcca Produkto specifikacijos i\u0161 pirmo \u017evilgsnio<\/h2>\n<table style=\"width: 100%; border-collapse: collapse; margin: 20px 0; font-family: sans-serif;\">\n<thead>\n<tr style=\"background-color: #333; color: #fff;\">\n<th style=\"padding: 12px; border: 1px solid #ddd; text-align: left;\">Funkcija<\/th>\n<th style=\"padding: 12px; border: 1px solid #ddd; text-align: left;\">Detal\u0117s<\/th>\n<\/tr>\n<\/thead>\n<tbody>\n<tr>\n<td style=\"padding: 12px; border: 1px solid #ddd;\">I\u0161 viso i\u0161p\u016btim\u0173<\/td>\n<td style=\"padding: 12px; border: 1px solid #ddd;\">Iki 180 000<\/td>\n<\/tr>\n<tr style=\"background-color: #f9f9f9;\">\n<td style=\"padding: 12px; border: 1px solid #ddd;\">Vidin\u0117 talpa<\/td>\n<td style=\"padding: 12px; border: 1px solid #ddd;\">68 ml<\/td>\n<\/tr>\n<tr>\n<td style=\"padding: 12px; border: 1px solid #ddd;\">Baterijos dydis<\/td>\n<td style=\"padding: 12px; border: 1px solid #ddd;\">650mAh (\u012fkraunamas per Type-C)<\/td>\n<\/tr>\n<tr style=\"background-color: #f9f9f9;\">\n<td style=\"padding: 12px; border: 1px solid #ddd;\">\u0160ildymo elementas<\/td>\n<td style=\"padding: 12px; border: 1px solid #ddd;\">1,0 om\u0173 tinklelio rit\u0117 x 4<\/td>\n<\/tr>\n<tr>\n<td style=\"padding: 12px; border: 1px solid #ddd;\">Ekranas tipas<\/td>\n<td style=\"padding: 12px; border: 1px solid #ddd;\">I\u0161manusis LED ekranas<\/td>\n<\/tr>\n<tr style=\"background-color: #f9f9f9;\">\n<td style=\"padding: 12px; border: 1px solid #ddd;\">Svoris ir dydis<\/td>\n<td style=\"padding: 12px; border: 1px solid #ddd;\">150g | 53*46*138mm<\/td>\n<\/tr>\n<\/tbody>\n<\/table>\n<div style=\"background-color: #fff4e5; border: 2px dashed #ff9800; padding: 20px; border-radius: 10px; margin: 20px 0;\">\n<h3 style=\"margin-top: 0; color: #e65100;\">\ud83d\udecd\ufe0f Didmenin\u0117s prekes privalumai ties <a href=\"https:\/\/vapexyz.com\/lt\/\">VapeXYZ<\/a><\/h3>\n<p>Kaip did\u017eiausia internetin\u0117 didmenin\u0117s prekybos platforma Europoje, skirta vienkartiniams garintuvams, mes si\u016blome \u017eemiausias kainas u\u017e didelius u\u017esakymus. Pirkdami WASPE 8 in 1 Crystal 180000 i\u0161 VapeXYZ, j\u016bs gaunate garantuot\u0105 kokyb\u0119, greit\u0105 pristatym\u0105 visame \u017eemyne ir patikim\u0105 partner\u012f. \u012esand\u0117liuokite savo lentynas su 180k puff mil\u017einu \u0161iandien!<\/p>\n<\/div>\n<div style=\"background-color: #e8f5e9; padding: 25px; border-radius: 15px; margin-top: 30px; border: 1px solid #c8e6c9;\">\n<h2 style=\"margin-top: 0; color: #2e7d32; text-align: center;\">Da\u017eniausiai u\u017eduodami klausimai (DUK)<\/h2>\n<div style=\"margin-bottom: 15px;\">\n<p>K: Kaip su\u017einoti, kada \u012fkrauti mano WASPE 8 in 1?<\/p>\n<p>A: \u012emontuotas LED ekranas parodys akumuliatoriaus b\u016bsen\u0105. Tiesiog \u012fki\u0161kite j\u012f \u012f \u201eType-C\u201c kabel\u012f, kai energijos lygis yra \u017eemas!<\/p>\n<\/div>\n<div style=\"margin-bottom: 15px;\">\n<p>K: Ar galiu pirkti \u0161iuos dideliais kiekiais savo parduotuvei?<\/p>\n<p>A: Absoliu\u010diai! \u201eVapeXYZ\u201c specializuojasi \u012f didmenin\u0119 prekyb\u0105. Mes siun\u010diame 160 vienet\u0173 kartone, tod\u0117l lengva papildyti atsargas.<\/p>\n<\/div>\n<div style=\"margin-bottom: 15px;\">\n<p>K: Kod\u0117l viduje yra keturios rit\u0117s?<\/p>\n<p>A: Keturios tinklelio rit\u0117s u\u017etikrina, kad net ir esant dideliam paj\u0117gumui, na\u0161umas i\u0161lieka sklandus, o i\u0161\u0117jimas i\u0161lieka stiprus vis\u0105 jo eksploatavimo laik\u0105.<\/p>\n<\/div>\n<div style=\"margin-bottom: 10px;\">\n<p>Ar j\u012f lengva ne\u0161ti?<\/p>\n<p>A: Taip! Nors jis turi didel\u0119 talp\u0105, ta\u010diau jis yra sukurtas taip, kad b\u016bt\u0173 ergonomi\u0161kas ir patogiai telpa \u012f ki\u0161en\u0119 arba mai\u0161el\u012f.<\/p>\n<\/div>\n<\/div>\n<p style=\"text-align: center; margin-top: 30px; font-weight: bold; font-size: 1.2em;\">Pasiruo\u0161\u0119 atnaujinti savo inventori\u0173? Apsilankykite VapeXYZ dabar ir \u012fsigykite WASPE 180,000 Puff vienkartinius garintuvus u\u017e neprilygstamas didmenines kainas!<\/p>\n<p><img loading=\"lazy\" decoding=\"async\" class=\"size-full wp-image-63562 aligncenter\" src=\"https:\/\/vapexyz.com\/wp-content\/uploads\/2026\/01\/WASPE-8-in-1-Crystal-180000-Puffs-180K-Disposable-Vapes-Wholesale-Bulk-Buy-Rechargeable-LED-Screen-2.webp\" alt=\"WASPE 8 viename kristale 180000 \u012fkv\u0117pim\u0173 180K vienkartiniai garintuvai didmenin\u0117 prekyba urmu perkami \u012fkraunami LED ekranas\" width=\"1920\" height=\"1220\" title=\"\" srcset=\"https:\/\/vapexyz.com\/wp-content\/uploads\/2026\/01\/WASPE-8-in-1-Crystal-180000-Puffs-180K-Disposable-Vapes-Wholesale-Bulk-Buy-Rechargeable-LED-Screen-2.webp 1920w, https:\/\/vapexyz.com\/wp-content\/uploads\/2026\/01\/WASPE-8-in-1-Crystal-180000-Puffs-180K-Disposable-Vapes-Wholesale-Bulk-Buy-Rechargeable-LED-Screen-2-510x324.webp 510w, https:\/\/vapexyz.com\/wp-content\/uploads\/2026\/01\/WASPE-8-in-1-Crystal-180000-Puffs-180K-Disposable-Vapes-Wholesale-Bulk-Buy-Rechargeable-LED-Screen-2-500x318.webp 500w, https:\/\/vapexyz.com\/wp-content\/uploads\/2026\/01\/WASPE-8-in-1-Crystal-180000-Puffs-180K-Disposable-Vapes-Wholesale-Bulk-Buy-Rechargeable-LED-Screen-2-1024x651.webp 1024w, https:\/\/vapexyz.com\/wp-content\/uploads\/2026\/01\/WASPE-8-in-1-Crystal-180000-Puffs-180K-Disposable-Vapes-Wholesale-Bulk-Buy-Rechargeable-LED-Screen-2-768x488.webp 768w, https:\/\/vapexyz.com\/wp-content\/uploads\/2026\/01\/WASPE-8-in-1-Crystal-180000-Puffs-180K-Disposable-Vapes-Wholesale-Bulk-Buy-Rechargeable-LED-Screen-2-1536x976.webp 1536w, https:\/\/vapexyz.com\/wp-content\/uploads\/2026\/01\/WASPE-8-in-1-Crystal-180000-Puffs-180K-Disposable-Vapes-Wholesale-Bulk-Buy-Rechargeable-LED-Screen-2-18x12.webp 18w\" sizes=\"auto, (max-width: 1920px) 100vw, 1920px\" \/><\/p>\n<\/article>","protected":false},"excerpt":{"rendered":"<p>WASPE 8 viename kristale 180000 Puffs yra didel\u0117s talpos \u012fkraunamas galingas \u012frenginys su i\u0161maniuoju LED ekranu ir keturi\u0173 spirali\u0173 veikimu, prieinamas dideliais kiekiais urmu <b data-path-to-node=\"0\" data-index-in-node=\"169\">VapeXYZ<\/b>, auk\u0161\u010diausi\u0173 standart\u0173 vienkartini\u0173 garintuv\u0173 pagrindinis Europos \u0161altinis.<\/p>","protected":false},"featured_media":63561,"comment_status":"open","ping_status":"closed","template":"","meta":{"_lmt_disableupdate":"no","_lmt_disable":""},"product_brand":[],"product_cat":[852,1107,947,935,934,927,929,928,930,933,939,932,938,931,936,937,1017,948,949,946,950,951,953,987],"product_tag":[],"class_list":{"0":"post-63558","1":"product","2":"type-product","3":"status-publish","4":"has-post-thumbnail","6":"product_cat-waspe","7":"product_cat-180000-puffs-vapes","8":"product_cat-big-puffs-vapes","9":"product_cat-bulk-buy-disposable-vapes-in-austria","10":"product_cat-bulk-buy-disposable-vapes-in-belgium","11":"product_cat-bulk-buy-disposable-vapes-in-europe","12":"product_cat-bulk-buy-disposable-vapes-in-france","13":"product_cat-bulk-buy-disposable-vapes-in-germany","14":"product_cat-bulk-buy-disposable-vapes-in-italy","15":"product_cat-bulk-buy-disposable-vapes-in-netherlands","16":"product_cat-bulk-buy-disposable-vapes-in-norway","17":"product_cat-bulk-buy-disposable-vapes-in-poland","18":"product_cat-bulk-buy-disposable-vapes-in-portugal","19":"product_cat-bulk-buy-disposable-vapes-in-spain","20":"product_cat-bulk-buy-disposable-vapes-in-sweden","21":"product_cat-bulk-buy-disposable-vapes-in-switzerland","22":"product_cat-buy-best-disposable-vape-flavors","23":"product_cat-crystal-vapes","24":"product_cat-digital-box-vapes","25":"product_cat-disposable-vapes-series","26":"product_cat-dual-mesh-vapes","27":"product_cat-lower-nicotine-vapes","28":"product_cat-rechargeable-vapes","29":"product_cat-vape-shop-by-puffs","31":"first","32":"instock","33":"shipping-taxable","34":"purchasable","35":"product-type-variable","36":"has-default-attributes"},"jetpack_sharing_enabled":true,"tiered_pricing_type":"fixed","tiered_pricing_fixed_rules":[],"tiered_pricing_product_settings":{"layout":"default","base_unit_name":{"singular":null,"plural":null},"default_variation":null},"tiered_pricing_minimum_quantity":null,"tiered_pricing_roles_data":[],"tiered_pricing_percentage_rules":[],"tiered_pricing_maximum_quantity":null,"tiered_pricing_quantity_step":null,"_links":{"self":[{"href":"https:\/\/vapexyz.com\/lt\/wp-json\/wp\/v2\/product\/63558","targetHints":{"allow":["GET"]}}],"collection":[{"href":"https:\/\/vapexyz.com\/lt\/wp-json\/wp\/v2\/product"}],"about":[{"href":"https:\/\/vapexyz.com\/lt\/wp-json\/wp\/v2\/types\/product"}],"replies":[{"embeddable":true,"href":"https:\/\/vapexyz.com\/lt\/wp-json\/wp\/v2\/comments?post=63558"}],"wp:featuredmedia":[{"embeddable":true,"href":"https:\/\/vapexyz.com\/lt\/wp-json\/wp\/v2\/media\/63561"}],"wp:attachment":[{"href":"https:\/\/vapexyz.com\/lt\/wp-json\/wp\/v2\/media?parent=63558"}],"wp:term":[{"taxonomy":"product_brand","embeddable":true,"href":"https:\/\/vapexyz.com\/lt\/wp-json\/wp\/v2\/product_brand?post=63558"},{"taxonomy":"product_cat","embeddable":true,"href":"https:\/\/vapexyz.com\/lt\/wp-json\/wp\/v2\/product_cat?post=63558"},{"taxonomy":"product_tag","embeddable":true,"href":"https:\/\/vapexyz.com\/lt\/wp-json\/wp\/v2\/product_tag?post=63558"}],"curies":[{"name":"wp","href":"https:\/\/api.w.org\/{rel}","templated":true}]}}