{"id":62895,"date":"2026-03-09T07:46:06","date_gmt":"2026-03-09T07:46:06","guid":{"rendered":"https:\/\/vapexyz.com\/?post_type=product&#038;p=62895"},"modified":"2026-03-15T16:14:41","modified_gmt":"2026-03-15T16:14:41","slug":"bang-lyderis-stoll-60000-60k-puffs-vienkartiniai-garintuvai-2in1-skonio-tinklelio-rite-didmenine-prekyba-urmu-pirkimas","status":"publish","type":"product","link":"https:\/\/vapexyz.com\/lt\/product\/bang-leader-stoll-60000-60k-puffs-disposable-vapes-2in1-taste-mesh-coil-wholesale-bulk-buy\/","title":{"rendered":"BANG LYDERIS STOLL 60000 60K Puffs I\u0161leid\u017eiamos Garintuv\u0117s 2IN1 Skonis  Tinklelio Rit\u0117 Didmenin\u0117 Prekyba Masiniai Pirkimai"},"content":{"rendered":"<article style=\"font-family: Arial, sans-serif; line-height: 1.6; color: #333;\">\n<h2 style=\"color: #2c3e50; text-align: center; border-bottom: 2px solid #2c3e50; padding-bottom: 10px;\">BANG LYDERIS STOLL 60000: I\u0161samus techninis tyrimas ir didmenin\u0117s prekybos vadovas<\/h2>\n<div style=\"padding: 10px 0;\">\n<p>BANG LYDERIS STOLL 60000 yra reik\u0161minga in\u017einerin\u0117 pa\u017eanga didel\u0117s talpos vienkartini\u0173 garintuv\u0173 sektoriuje. Sukurtas specialiai vartotojams, kuriems reikalingas ilgas prietaiso tarnavimo laikas kartu su stabiliu termodinaminiu veikimu, \u0161is \u012frenginys u\u017etikrina apytiksliai 60 000 i\u0161traukim\u0173 cikl\u0173. Integruodamas didelio efektyvumo energijos tiekimo sistemas su dviej\u0173 kamer\u0173 formuluo\u010di\u0173 rezervuarais, jis u\u017etikrina labai patikim\u0105, ilgalaik\u012f naudojim\u0105, palyginti su standartine vienkartini\u0173 garintuv\u0173 architekt\u016bra rinkoje.<\/p>\n<p>\u0160is konkretus modelis yra sukurtas atsi\u017evelgiant \u012f vartotojo patogum\u0105 ir grie\u017etus eksploatacinius reikalavimus. Didel\u0117 \u012fp\u016btimo talpa i\u0161 esm\u0117s suma\u017eina prietaiso keitimo da\u017enum\u0105, pateikiant optimal\u0173 technin\u0117s \u012frangos pasirinkim\u0105 vartotojams, ie\u0161kantiems ilgalaik\u0117s, nenutr\u016bkstamos naudojimo patirties. Tiekimo grandin\u0117s po\u017ei\u016briu, keitimo da\u017enumo suma\u017einimas taip pat suma\u017eina pakuo\u010di\u0173 atliekas ir geriau atitinka \u0161iuolaikinius vartotoj\u0173 naudojimo modelius.<\/p>\n<p>\u201eVapeXYZ\u201c veiklos centre yra tiekti kruop\u0161\u010diai patikrintus, didel\u0117s talpos vienkartinius garintuvus Europos didmenin\u0117s prekybos rinkai. Pirmiausia teikiame pirmenyb\u0119 aparat\u016brai, atitinkan\u010diai grie\u017etas gamybos kokyb\u0117s kontrol\u0117s reikalavimus. Ma\u017emenininkai, didmenininkai ir regioniniai platintojai gali u\u017etikrintai u\u017esakyti dideliais kiekiais tokius \u017einomus \u012frenginius kaip BANG LEADER STOLL 60000 u\u017e konkurencingas didmenin\u0117s prekybos kainas, \u017einodami, kad investuoja \u012f empiri\u0161kai i\u0161bandyt\u0105, auk\u0161\u010diausios kokyb\u0117s aparat\u016br\u0105.<\/p>\n<\/div>\n<div style=\"background-color: #f4f6f7; border-left: 6px solid #3498db; padding: 20px; margin: 25px 0; border-radius: 4px; box-shadow: 0 2px 5px rgba(0,0,0,0.05);\">\n<h3 style=\"margin-top: 0; color: #2980b9; font-size: 1.25em;\">Technini\u0173 \u017eini\u0173 punktas: 60 000 i\u0161pu\u010di\u0173 metriko supratimas<\/h3>\n<p style=\"margin-bottom: 0;\">Empiriniuose bandym\u0173 aplinkose, vienkartini\u0173 garintuv\u0173 i\u0161pu\u010di\u0173 skai\u010dius matuojamas naudojant automatines pneumatinio traukimo ma\u0161inas. Standartinis bazinis traukimas paprastai kalibruojamas iki tam tikro laiko (da\u017enai 1,5\u20132,0 sekund\u0117s) ir tam tikro vakuuminio sl\u0117gio. BANG LEADER STOLL 60 000 i\u0161pu\u010di\u0173 talpa pasiekiama tiksliai apskai\u010diuojant vidin\u012f formulavimo t\u016br\u012f ir 1,0 om\u0173 atsparumo rit\u0117s garinimo efektyvum\u0105 bei 650 mAh elemento pastovi\u0105 \u012ftampos i\u0161vest\u012f. Nepriklausomas \u0161i\u0173 metrik\u0173 patvirtinimas u\u017etikrina, kad aparatas u\u017etikrina nuosekli\u0105 aerozolio gamyb\u0105 nuo pirmojo i\u0161traukimo iki \u012frenginio gyvavimo ciklo pabaigos.<\/p>\n<\/div>\n<h3 style=\"color: #2c3e50; margin-top: 30px;\">Aparatin\u0117 architekt\u016bra: Maitinimo tiekimo sistema<\/h3>\n<p>\u0160io \u012frenginio konstrukcinis vientisumas labai priklauso nuo jo vidinio energijos valdymo. BANG LEADER STOLL 60000 yra apr\u016bpintas integruotu 650mAh li\u010dio jon\u0173 \u012fkraunamu akumuliatoriumi. Skirtingai nei vienkartiniai garintuvai su \u017eemesnio lygio baterij\u0173 komponentais, kurie ken\u010dia nuo \u012ftampos kritim\u0173, \u0161i specifin\u0117 baterijos chemija yra optimizuota nuoseklioms i\u0161krovos grei\u010diams. Ji palaiko standartinius Type-C greito \u012fkrovimo protokolus (paprastai veikian\u010dius su 5V\/1A \u012fvesties parametrais). Tai leid\u017eia vartotojams greitai \u012fkrauti akumuliatori\u0173, u\u017etikrinant, kad b\u016btina termodinamin\u0117 energija visada b\u016bt\u0173 prieinama pakankamai \u012fkaitinti vidin\u0119 rit\u0119, taip i\u0161laikant nuosekl\u0173 i\u0161\u0117jim\u0105 per vis\u0105 \u012frenginio eksploatavimo laik\u0105.<\/p>\n<h3 style=\"color: #2c3e50; margin-top: 30px;\">Termodinamika: 1,0 om\u0173 tinklelio rit\u0117s sistema<\/h3>\n<p>Standartin\u0117s apvalios vielos rit\u0117s da\u017enai ken\u010dia nuo netolygaus \u0161ilumos pasiskirstymo, kuris gali pabloginti vidin\u0119 formul\u0119. BANG LEADER STOLL 60000 apeina \u0161i\u0105 problem\u0105 naudodamas pa\u017eangi\u0105 1,0 om\u0173 tinklelio rit\u0117s technologij\u0105. In\u017eineriniu po\u017ei\u016briu, tinklelio rit\u0117 u\u017etikrina daug didesn\u012f pavir\u0161iaus plot\u0105 lyginant su tradicin\u0117mis spiralin\u0117mis vielomis. Kai baterija tiekia srov\u0119 \u012f tinklelio rit\u0119, ji greitai ir tolygiai \u012f\u0161yla visame pavir\u0161iuje. \u0160is tikslus \u0161iluminis reguliavimas neleid\u017eia lokaliniam degimui, u\u017etikrinant, kad aerozolio i\u0161\u0117jimas i\u0161lieka itin lygus. 1,0 om\u0173 var\u017ea yra specialiai sukalibruota \u201eMouth-to-Lung\u201c (MTL) \u012fkv\u0117pimui, puikiai balansuojant gar\u0173 gamyb\u0105 su optimaliu, ribotu oro srautu, kuris imituoja tradicinius \u012fkv\u0117pimo modelius.<\/p>\n<div style=\"background-color: #fdfefe; border: 1px solid #e5e7e9; border-left: 6px solid #e67e22; padding: 20px; margin: 25px 0; border-radius: 4px;\">\n<h3 style=\"margin-top: 0; color: #d35400; font-size: 1.25em;\">Empirin\u0117 kokyb\u0117s u\u017etikrinimas ir atitiktis<\/h3>\n<p style=\"margin-bottom: 0;\">Europos tiek\u0117jams nekonformin\u0117s aparat\u016bros platinimas kelia didel\u012f reguliavimo rizik\u0105. BANG LEADER STOLL 60000 gaminamas pagal grie\u017etus ISO-sertifikuotus gamyklos standartus. Prie\u0161 platindamas aparat\u016br\u0105, ji praeina grie\u017etus kokyb\u0117s u\u017etikrinimo protokolus, \u012fskaitant termini\u0173 \u012ftempi\u0173 bandymus, baterijos ciklo degradacijos analiz\u0119 ir u\u017edaros sistemos nuot\u0117kio prevencijos bandymus. Elektroniniai komponentai yra skirti atitikti CE (Conformit\u00e9 Europ\u00e9enne) \u017eym\u0117jimo standartus, patvirtinan\u010dius atitikt\u012f saugos, sveikatos ir aplinkos apsaugos reikalavimams produktams, parduodamiems Europos ekonomin\u0117je erdv\u0117je (EEE). Be to, \u201eType-C\u201c prievadas ir vidin\u0117 grandin\u0117 turi apsaug\u0105 nuo perkrovimo, trump\u0173j\u0173 jungim\u0173 prevencij\u0105 ir \u017eem\u0105 \u012ftamp\u0105, siekiant u\u017etikrinti maksimal\u0173 vartotojo saugum\u0105.<\/p>\n<\/div>\n<h3 style=\"color: #2c3e50; margin-top: 30px;\">Inovatyvus dviej\u0173 kamer\u0173 integravimas (2-in-1 jungiklis)<\/h3>\n<p>Vienas i\u0161 sud\u0117tingiausi\u0173 BANG LEADER STOLL 60000 in\u017einerini\u0173 pasiekim\u0173 yra dviej\u0173 viename rezervuaro sistema. \u0160is \u012frenginys turi mechanin\u012f jungikl\u012f, leid\u017eiant\u012f vartotojams skland\u017eiai pereiti tarp dviej\u0173 skirting\u0173 poj\u016b\u010di\u0173 profili\u0173, esan\u010di\u0173 nepriklausomuose vidiniuose kamerose. \u0160is dizainas neleid\u017eia aromatin\u0117ms mi\u0161inys kry\u017emi\u0161kai u\u017eter\u0161ti. Integruojant dvi atskiras kapiliarin\u0117s \u012fsiurbimo sistemas \u012f vien\u0105 i\u0161orin\u012f korpus\u0105, tai \u017eymiai i\u0161ple\u010dia vieno vienkartinio garintuvo universalum\u0105, suma\u017eindama poreik\u012f vartotojams ne\u0161ioti kelis atskirus \u012frenginius vienu metu.<\/p>\n<h3 style=\"color: #8e44ad; margin-top: 30px; border-bottom: 1px solid #8e44ad; padding-bottom: 5px;\">Aromatini\u0173 Profili\u0173 Deriniai: Sensorin\u0117 Analiz\u0117<\/h3>\n<p>Gamintojas suk\u016br\u0117 \u012fvair\u0173 dviej\u0173 profili\u0173 kombinacij\u0173 masyv\u0105, kruop\u0161\u010diai balansuodamas vir\u0161utines ir bazines natas, kad b\u016bt\u0173 u\u017etikrinta i\u0161sami jutimin\u0117 patirtis. \u017demiau pateikiama i\u0161sami porini\u0173 variant\u0173, prieinam\u0173 didmeniniam \u012fsigijimui, suskirstymas:<\/p>\n<ol style=\"line-height: 1.8; margin-top: 15px; padding-left: 20px;\">\n<li style=\"margin-bottom: 10px;\"><strong>Vandensmeliono ledas + Bra\u0161ki\u0173 Vandensmeliono kramtukas:<\/strong> Poravimas, kuriame vienoje pus\u0117je yra kriogeniniu b\u016bdu atv\u0117sintas arb\u016bzo ekstraktas, o kitoje - konditerijos \u012fkv\u0117ptas, saldus bra\u0161ki\u0173 ir meliono mi\u0161inys.<\/li>\n<li style=\"margin-bottom: 10px;\"><strong>Red Bull + Juodoji Ledin\u0117 Drakono Vaisi\u0173 Bra\u0161ki\u0173:<\/strong> Energini\u0173 g\u0117rim\u0173 \u012fkv\u0117ptas botaninis profilis, derinamas su intensyviai atv\u0117sintu, egzoti\u0161ku tamsios drakon\u0173 vaisi\u0173 ir laukini\u0173 bra\u0161ki\u0173 mi\u0161iniu.<\/li>\n<li style=\"margin-bottom: 10px;\"><strong>Vanilinis Kola + Citrina Persika Bra\u0161k\u0117 Aviet\u0117:<\/strong> Putojantis kola ir sodrus vanil\u0117s pupeli\u0173 esm\u0117, derinama su labai sud\u0117tingu, daugiasluoksniu citrusini\u0173 ir mi\u0161ri\u0173 uog\u0173 kompozicija.<\/li>\n<li style=\"margin-bottom: 10px;\"><strong>vy\u0161ni\u0173 ledai + vynuogi\u0173 ledai:<\/strong> \u0160aldytuvo \u0161al\u010diu sustiprintas sodo vy\u0161ni\u0173 ekstraktas, derinamas su giliai atv\u0117sintu, tvirtu tamsaus vynuogi\u0173 aromatiniu profiliu.<\/li>\n<li style=\"margin-bottom: 10px;\"><strong>Arb\u016bz\u0173 ledai + Bra\u0161ki\u0173 Mango:<\/strong> Ledo meliono nat\u0173, derinamos su ry\u0161kia, tropine \u0161vie\u017ei\u0173 bra\u0161ki\u0173 ir prinokusi\u0173 mang\u0173 kompozicija.<\/li>\n<li style=\"margin-bottom: 10px;\"><strong>M\u0117lyni\u0173 ledai + Putojanti vy\u0161nia:<\/strong> \u0160aldytos m\u0117lyni\u0173 botanin\u0117s esencijos, derinamos su karbonizacij\u0105 imituojan\u010diu, ry\u0161kiu vy\u0161ni\u0173 profiliu.<\/li>\n<li style=\"margin-bottom: 10px;\"><strong>Bra\u0161ki\u0173 Arb\u016bzas + Vy\u0161ni\u0173 Kola :<\/strong> Klasikiniai, atv\u0117sinti sodo vaisiai, sujungti su putojan\u010diu, sald\u017eiu vy\u0161ni\u0173 kolos aromato mi\u0161iniu.<\/li>\n<li style=\"margin-bottom: 10px;\"><strong>Persik\u0173 ledai + Greipfruto gaiviklis:<\/strong> At\u0161aldytas obel\u0173 sodo persik\u0173 ekstraktas puikiai subalansuotas su a\u0161triu, r\u016bg\u0161\u010diu ir labai gaiviu greipfruto botaniniu mi\u0161iniu.<\/li>\n<li style=\"margin-bottom: 10px;\"><strong>Ro\u017ein\u0117 citrinada + Kivi\u0173 aistros vaisi\u0173 guava:<\/strong> \u0160maik\u016bs, \u012f citrusinius akcentus orientuoti limonado natonai, suporuoti su pasauliniu mastu i\u0161gaunamu, egzoti\u0161ku atogr\u0105\u017e\u0173 vaisi\u0173 asortimentu.<\/li>\n<li style=\"margin-bottom: 10px;\"><strong>Persik\u0173 uog\u0173 + bra\u0161ki\u0173 bananas:<\/strong> Lygus persik\u0173 ir tamsi\u0173 uog\u0173 derinys kartu su tankiu, kreminiu bra\u0161ki\u0173 ir banano profiliu.<\/li>\n<li style=\"margin-bottom: 10px;\"><strong>Mojito Monstras Mango + Cherry Lemon:<\/strong> Kompleksin\u0117, m\u0117t\u0173 infuzija turinti mang\u0173 formulacija, derinama su a\u0161triai kontrastuojan\u010diu ry\u0161kios vy\u0161nios ir citrusini\u0173 vaisi\u0173 mi\u0161iniu.<\/li>\n<li style=\"margin-bottom: 10px;\"><strong>Bra\u0161ki\u0173 Kivi + Bra\u0161ki\u0173 Arb\u016bz\u0173 Burbuli\u0173 guma:<\/strong> Tradicinis tartas kiviai ir bra\u0161ki\u0173 mi\u0161inys, derinamas su labai sald\u017eia, konditerinio stiliaus vaisi\u0173 kompozicija.<\/li>\n<\/ol>\n<h3 style=\"color: #c0392b; margin-top: 30px;\">Technin\u0117s \u012frangos specifikacij\u0173 matrica<\/h3>\n<p>Toliau pateikiama duomen\u0173 lentel\u0117, kurioje i\u0161vardijamos tikslios empirin\u0117s specifikacijos ir \u0161io auk\u0161\u010diausios kokyb\u0117s vienkartinio garintuvo modelio komponentai, u\u017etikrinantys, kad didmeniniai pirk\u0117jai tur\u0117t\u0173 visi\u0161k\u0105 skaidrum\u0105 apie produkto galimybes.<\/p>\n<table style=\"width: 100%; border-collapse: collapse; margin: 25px 0; font-family: Arial, sans-serif; box-shadow: 0 4px 8px rgba(0,0,0,0.05);\">\n<thead>\n<tr style=\"background-color: #2c3e50; color: white; text-align: left;\">\n<th style=\"padding: 15px; border: 1px solid #bdc3c7; font-weight: bold; text-transform: uppercase; font-size: 0.9em;\">Aparatin\u0117 \u012eranga<\/th>\n<th style=\"padding: 15px; border: 1px solid #bdc3c7; font-weight: bold; text-transform: uppercase; font-size: 0.9em;\">In\u017einerin\u0117s specifikacijos<\/th>\n<\/tr>\n<\/thead>\n<tbody>\n<tr>\n<td style=\"padding: 15px; border: 1px solid #ecf0f1; background-color: #f8f9fa; font-weight: bold; color: #34495e;\">Bendras ciklo paj\u0117gumas<\/td>\n<td style=\"padding: 15px; border: 1px solid #ecf0f1; color: #555;\">Iki 60 000 bandym\u0173 (ma\u0161ininio testo \u012fvertinimas)<\/td>\n<\/tr>\n<tr>\n<td style=\"padding: 15px; border: 1px solid #ecf0f1; font-weight: bold; color: #34495e;\">Akumuliatoriaus elemento chemija<\/td>\n<td style=\"padding: 15px; border: 1px solid #ecf0f1; color: #555;\">650mAh Li\u010dio jon\u0173 (\u012fkraunamas)<\/td>\n<\/tr>\n<tr>\n<td style=\"padding: 15px; border: 1px solid #ecf0f1; background-color: #f8f9fa; font-weight: bold; color: #34495e;\">\u012ekrovimo protokolas<\/td>\n<td style=\"padding: 15px; border: 1px solid #ecf0f1; color: #555;\">Type-C prievadas (rekomenduojama 5V\/1A \u012fvestis)<\/td>\n<\/tr>\n<tr>\n<td style=\"padding: 15px; border: 1px solid #ecf0f1; font-weight: bold; color: #34495e;\">\u0160iluminis atomizatorius<\/td>\n<td style=\"padding: 15px; border: 1px solid #ecf0f1; color: #555;\">1,0 om\u0173 tikslumo tinklelio rit\u0117<\/td>\n<\/tr>\n<tr>\n<td style=\"padding: 15px; border: 1px solid #ecf0f1; background-color: #f8f9fa; font-weight: bold; color: #34495e;\">Vidin\u0117 architekt\u016bra<\/td>\n<td style=\"padding: 15px; border: 1px solid #ecf0f1; color: #555;\">Dviej\u0173 kamer\u0173 rezervuaras (2-in-1 i\u0161vesties jungiklis)<\/td>\n<\/tr>\n<tr>\n<td style=\"padding: 15px; border: 1px solid #ecf0f1; font-weight: bold; color: #34495e;\">Aktyvinimo mechanizmas<\/td>\n<td style=\"padding: 15px; border: 1px solid #ecf0f1; color: #555;\">Pneumatini\u0173 i\u0161traukimo aktyvuotas \u0161\u016bvis<\/td>\n<\/tr>\n<\/tbody>\n<\/table>\n<h3 style=\"color: #2c3e50; margin-top: 40px; border-bottom: 2px solid #2c3e50; padding-bottom: 10px;\">Pagrindiniai punktai: da\u017eniausiai u\u017eduodami klausimai<\/h3>\n<div style=\"background-color: #ffffff; padding: 20px; border: 1px solid #dcdde1; border-left: 5px solid #2c3e50; border-radius: 6px; margin-bottom: 15px; box-shadow: 0 2px 4px rgba(0,0,0,0.02);\"><strong style=\"color: #2c3e50; font-size: 1.1em; display: block; margin-bottom: 8px;\">K: Kaip \u012fvertinamas 60 000 talpos dydis ir koks yra realus tarnavimo laikas?<\/strong><\/p>\n<p style=\"margin: 0; color: #555;\">60 000 metrini\u0173 duomen\u0173 gaunami i\u0161 automatinio laboratorinio tyrimo, naudojant standartizuotus \u012fkv\u0117pimo trukmes. Tikrov\u0117je eksploatavimo laikas skirsis priklausomai nuo individualaus vartotojo \u012fkv\u0117pimo ilgio ir kasdienio naudojimo da\u017enio. Ta\u010diau matemati\u0161kai \u0161i did\u017eiul\u0117 talpa leid\u017eia aparat\u016brai nuolat veikti kelias savaites, \u017eymiai ilgiau nei ma\u017eesn\u0117s talpos vienkartiniai garintuvai ir u\u017etikrina puiki\u0105 ilgalaik\u0119 vert\u0119.<\/p>\n<\/div>\n<div style=\"background-color: #ffffff; padding: 20px; border: 1px solid #dcdde1; border-left: 5px solid #2c3e50; border-radius: 6px; margin-bottom: 15px; box-shadow: 0 2px 4px rgba(0,0,0,0.02);\"><strong style=\"color: #2c3e50; font-size: 1.1em; display: block; margin-bottom: 8px;\">K: Kokios geriausios praktikos vidaus 650mAh baterijai \u012fkrauti?<\/strong><\/p>\n<p style=\"margin: 0; color: #555;\">\u012erenginys turi pramon\u0117s standartin\u012f Type-C \u012fvesties prievad\u0105. Optimaliai akumuliatoriaus sveikatai ir saugai u\u017etikrinti rekomenduojama naudoti standartin\u012f 5V\/1A \u012fkrovimo blok\u0105. Venkite naudoti didel\u0117s galios ne\u0161iojam\u0173j\u0173 kompiuteri\u0173 ar plan\u0161etini\u0173 kompiuteri\u0173 \u012fkroviklius, nes per didel\u0117 srov\u0117 gali grei\u010diau pabloginti li\u010dio jon\u0173 elemento b\u016bkl\u0119 laikui b\u0117gant. Integrin\u0117 grandin\u0117 automati\u0161kai nutrauks maitinim\u0105, kai bus pasiekta visa talpa, apsaugodama aparat\u016br\u0105 nuo perkrovimo.<\/p>\n<\/div>\n<div style=\"background-color: #ffffff; padding: 20px; border: 1px solid #dcdde1; border-left: 5px solid #2c3e50; border-radius: 6px; margin-bottom: 15px; box-shadow: 0 2px 4px rgba(0,0,0,0.02);\"><strong style=\"color: #2c3e50; font-size: 1.1em; display: block; margin-bottom: 8px;\">K: Kaip veikia dviej\u0173 kamer\u0173 perjungimo mechanizmas?<\/strong><\/p>\n<p style=\"margin: 0; color: #555;\">\u012erenginys turi i\u0161orin\u012f rankin\u012f jungikl\u012f, esant\u012f prie pagrindo arba burninio gabalo (priklausomai nuo tikslios va\u017edo iteracijos). \u012ejungus \u0161\u012f jungikl\u012f, mechani\u0161kai kei\u010diamas oro srauto mar\u0161rutas, nukreipiant pneumatini\u0105 siurb\u0105 \u012f vien\u0105 i\u0161 kamer\u0173 - A arba B. Kadangi kameros yra visi\u0161kai fizi\u0161kai izoliuotos, n\u0117ra jokios rizikos, kad dvi skirtingos aromatin\u0117s formul\u0117s sumi\u0161a, u\u017etikrinant gryn\u0105 jutimo i\u0161vest\u012f pasirinkus bet kuri\u0105 parinkt\u012f.<\/p>\n<\/div>\n<div style=\"background-color: #ffffff; padding: 20px; border: 1px solid #dcdde1; border-left: 5px solid #2c3e50; border-radius: 6px; margin-bottom: 25px; box-shadow: 0 2px 4px rgba(0,0,0,0.02);\"><strong style=\"color: #2c3e50; font-size: 1.1em; display: block; margin-bottom: 8px;\">K: Kod\u0117l didmeniniai platintojai tur\u0117t\u0173 bendradarbiauti su VapeXYZ d\u0117l \u0161ios \u012frangos?<\/strong><\/p>\n<p style=\"margin: 0; color: #555;\">VapeXYZ yra specializuotas B2B platintojas, orientuotas \u012f Europos rink\u0105. Mes palaikome tiesioginius santykius su gamintojais, u\u017etikrindami, kad visi didmeniniai vienkartini\u0173 garintuv\u0173 u\u017esakymai b\u016bt\u0173 autenti\u0161ki ir atitikt\u0173 regioninius saugos l\u016bkes\u010dius. Mes si\u016blome labai prieinam\u0105 minimal\u0173 u\u017esakymo kiek\u012f (MOQ) tik 10 vienet\u0173, tvirtus logistikos tinklus \u0161alyse, tokiose kaip Vokietija ir Ispanija, bei skirt\u0105 s\u0105skait\u0173 valdym\u0105 ma\u017emenin\u0117s prekybos operacijoms saugiai ir efektyviai pl\u0117sti.<\/p>\n<\/div>\n<p style=\"text-align: center; margin-top: 50px; padding: 20px; background-color: #fdfefe; border: 1px dashed #bdc3c7; font-weight: bold; font-size: 1.2em; color: #2c3e50;\">Optimizuokite savo ma\u017emenin\u0117s prekybos atsargas su auk\u0161\u010diausios kokyb\u0117s aparat\u016bra. Aplankykite <a style=\"color: #2980b9; text-decoration: none;\" href=\"https:\/\/vapexyz.com\/lt\/\">VapeXYZ<\/a> \u0160iandien u\u017etikrinkite savo didmenin\u012f BANG LEADER STOLL 60000 paskirstym\u0105 ir u\u017etikrinkite patikim\u0105 auk\u0161\u010diausios kokyb\u0117s vienkartini\u0173 garintuv\u0173 tiekim\u0105 visoje Europos rinkoje.<\/p>\n<div style=\"text-align: center; margin-top: 30px;\"><img loading=\"lazy\" decoding=\"async\" class=\"size-full wp-image-62908 aligncenter\" style=\"max-width: 100%; height: auto; border-radius: 8px; box-shadow: 0 4px 12px rgba(0,0,0,0.1);\" src=\"https:\/\/vapexyz.com\/wp-content\/uploads\/2026\/01\/BANG-LEADER-STOLL-60000-60K-Puffs-Disposable-Vapes-2IN1-Taste-Options-Mesh-Coil-Wholesale-Bulk-Buy-scaled.webp\" alt=\"BANG LYDERIS STOLL 60000 60K Puffs I\u0161sklaidomi Garintuvai 2IN1 Skonio Parinktys Tinklelio \u012evij\u0173 Didmenin\u0117 Prekyba Biriala Pirkimas\" width=\"1487\" height=\"2560\" title=\"\" srcset=\"https:\/\/vapexyz.com\/wp-content\/uploads\/2026\/01\/BANG-LEADER-STOLL-60000-60K-Puffs-Disposable-Vapes-2IN1-Taste-Options-Mesh-Coil-Wholesale-Bulk-Buy-scaled.webp 1487w, https:\/\/vapexyz.com\/wp-content\/uploads\/2026\/01\/BANG-LEADER-STOLL-60000-60K-Puffs-Disposable-Vapes-2IN1-Taste-Options-Mesh-Coil-Wholesale-Bulk-Buy-scaled-290x500.webp 290w, https:\/\/vapexyz.com\/wp-content\/uploads\/2026\/01\/BANG-LEADER-STOLL-60000-60K-Puffs-Disposable-Vapes-2IN1-Taste-Options-Mesh-Coil-Wholesale-Bulk-Buy-scaled-595x1024.webp 595w, https:\/\/vapexyz.com\/wp-content\/uploads\/2026\/01\/BANG-LEADER-STOLL-60000-60K-Puffs-Disposable-Vapes-2IN1-Taste-Options-Mesh-Coil-Wholesale-Bulk-Buy-scaled-768x1322.webp 768w, https:\/\/vapexyz.com\/wp-content\/uploads\/2026\/01\/BANG-LEADER-STOLL-60000-60K-Puffs-Disposable-Vapes-2IN1-Taste-Options-Mesh-Coil-Wholesale-Bulk-Buy-scaled-892x1536.webp 892w, https:\/\/vapexyz.com\/wp-content\/uploads\/2026\/01\/BANG-LEADER-STOLL-60000-60K-Puffs-Disposable-Vapes-2IN1-Taste-Options-Mesh-Coil-Wholesale-Bulk-Buy-scaled-1190x2048.webp 1190w, https:\/\/vapexyz.com\/wp-content\/uploads\/2026\/01\/BANG-LEADER-STOLL-60000-60K-Puffs-Disposable-Vapes-2IN1-Taste-Options-Mesh-Coil-Wholesale-Bulk-Buy-scaled-7x12.webp 7w, https:\/\/vapexyz.com\/wp-content\/uploads\/2026\/01\/BANG-LEADER-STOLL-60000-60K-Puffs-Disposable-Vapes-2IN1-Taste-Options-Mesh-Coil-Wholesale-Bulk-Buy-scaled-510x878.webp 510w\" sizes=\"auto, (max-width: 1487px) 100vw, 1487px\" \/><\/div>\n<\/article>","protected":false},"excerpt":{"rendered":"<p>BANG LEADER STOLL 60000 yra itin ilgai tarnaujantis, \u012fkraunamas vienkartinis garintuvas, pasi\u017eymintis smagiu 2-in-1 skonio jungikliu ir 60 000 dideli\u0173 \u012fkv\u0117pim\u0173, tod\u0117l tai puikus pasirinkimas j\u016bs\u0173 didmeniniam pirkimui urmu VapeXYZ.<\/p>","protected":false},"featured_media":62900,"comment_status":"open","ping_status":"closed","template":"","meta":{"_lmt_disableupdate":"no","_lmt_disable":""},"product_brand":[],"product_cat":[821,1072,947,935,934,927,929,928,930,933,939,932,938,931,936,937,1017,949,946,1083,950,951,953,987],"product_tag":[],"class_list":{"0":"post-62895","1":"product","2":"type-product","3":"status-publish","4":"has-post-thumbnail","6":"product_cat-bang","7":"product_cat-60000-puff-vapes","8":"product_cat-big-puffs-vapes","9":"product_cat-bulk-buy-disposable-vapes-in-austria","10":"product_cat-bulk-buy-disposable-vapes-in-belgium","11":"product_cat-bulk-buy-disposable-vapes-in-europe","12":"product_cat-bulk-buy-disposable-vapes-in-france","13":"product_cat-bulk-buy-disposable-vapes-in-germany","14":"product_cat-bulk-buy-disposable-vapes-in-italy","15":"product_cat-bulk-buy-disposable-vapes-in-netherlands","16":"product_cat-bulk-buy-disposable-vapes-in-norway","17":"product_cat-bulk-buy-disposable-vapes-in-poland","18":"product_cat-bulk-buy-disposable-vapes-in-portugal","19":"product_cat-bulk-buy-disposable-vapes-in-spain","20":"product_cat-bulk-buy-disposable-vapes-in-sweden","21":"product_cat-bulk-buy-disposable-vapes-in-switzerland","22":"product_cat-buy-best-disposable-vape-flavors","23":"product_cat-digital-box-vapes","24":"product_cat-disposable-vapes-series","25":"product_cat-double-flavor-vapes","26":"product_cat-dual-mesh-vapes","27":"product_cat-lower-nicotine-vapes","28":"product_cat-rechargeable-vapes","29":"product_cat-vape-shop-by-puffs","31":"first","32":"instock","33":"shipping-taxable","34":"purchasable","35":"product-type-variable","36":"has-default-attributes"},"jetpack_sharing_enabled":true,"tiered_pricing_type":"fixed","tiered_pricing_fixed_rules":[],"tiered_pricing_product_settings":{"layout":"default","base_unit_name":{"singular":null,"plural":null},"default_variation":null},"tiered_pricing_minimum_quantity":null,"tiered_pricing_roles_data":[],"tiered_pricing_percentage_rules":[],"tiered_pricing_maximum_quantity":null,"tiered_pricing_quantity_step":null,"_links":{"self":[{"href":"https:\/\/vapexyz.com\/lt\/wp-json\/wp\/v2\/product\/62895","targetHints":{"allow":["GET"]}}],"collection":[{"href":"https:\/\/vapexyz.com\/lt\/wp-json\/wp\/v2\/product"}],"about":[{"href":"https:\/\/vapexyz.com\/lt\/wp-json\/wp\/v2\/types\/product"}],"replies":[{"embeddable":true,"href":"https:\/\/vapexyz.com\/lt\/wp-json\/wp\/v2\/comments?post=62895"}],"wp:featuredmedia":[{"embeddable":true,"href":"https:\/\/vapexyz.com\/lt\/wp-json\/wp\/v2\/media\/62900"}],"wp:attachment":[{"href":"https:\/\/vapexyz.com\/lt\/wp-json\/wp\/v2\/media?parent=62895"}],"wp:term":[{"taxonomy":"product_brand","embeddable":true,"href":"https:\/\/vapexyz.com\/lt\/wp-json\/wp\/v2\/product_brand?post=62895"},{"taxonomy":"product_cat","embeddable":true,"href":"https:\/\/vapexyz.com\/lt\/wp-json\/wp\/v2\/product_cat?post=62895"},{"taxonomy":"product_tag","embeddable":true,"href":"https:\/\/vapexyz.com\/lt\/wp-json\/wp\/v2\/product_tag?post=62895"}],"curies":[{"name":"wp","href":"https:\/\/api.w.org\/{rel}","templated":true}]}}