{"id":62249,"date":"2025-12-30T09:35:36","date_gmt":"2025-12-30T09:35:36","guid":{"rendered":"https:\/\/vapexyz.com\/?post_type=product&#038;p=62249"},"modified":"2026-03-06T09:35:22","modified_gmt":"2026-03-06T09:35:22","slug":"bang-lyderis-stoll-300k-300000-ikvepimu-ikraunamas-6-viename-skoniu-vienkartinis-garintuvas-didmenine-prekyba-urmu-pirkti-dvigubas-tinklelis","status":"publish","type":"product","link":"https:\/\/vapexyz.com\/lt\/product\/bang-leader-stoll-300k-300000-puffs-rechargeable-6-in-1-taste-disposable-vape-wholesale-bulk-buy-dual-mesh\/","title":{"rendered":"BANG LYDERIS STOLL 300K 300000 Puffs \u012ekraunamas 6 viename Skonis Vienkartinis Garintuvas Didmenin\u0117 Prekyba Dideliu Kiek\u010diu Dual Mesh"},"content":{"rendered":"<article style=\"font-family: 'Segoe UI', Roboto, Helvetica, Arial, sans-serif;line-height: 1.8;color: #444;background-color: #f9fbfd;max-width: 100%;margin: 0 auto;padding: 0;border-radius: 12px;overflow: hidden;text-align: center\">\n<article style=\"font-family: 'Segoe UI', Roboto, Helvetica, Arial, sans-serif;line-height: 1.8;color: #444;background-color: #f9fbfd;max-width: 1000px;margin: 0 auto;padding: 0;border-radius: 12px;overflow: hidden;text-align: center\">\n<div class=\"highlight-box\">\n<h2 style=\"color: white;margin-bottom: 10px\"><span style=\"color: #003366\"><a href=\"https:\/\/vapexyz.com\/lt\/produkto-kategorija\/sprogimas\/\">BANG LEADER<\/a> 300K: \u0160velnusis mil\u017einas<\/span> \ud83d\ude80<\/h2>\n<p style=\"font-size: 1.2em;opacity: 0.9\">300 000 \u012fkv\u0117pim\u0173 | Dviguba tinklelio technologija | \u012ekraunamas<\/p>\n<\/div>\n<div class=\"section-container\">\n<h3>\ud83d\udc4b Sveiki atvyk\u0119 \u012f ateities garinimo pasaul\u012f<\/h3>\n<p>Sveiki visi! \u012esivaizduokite, kad laikote vienkartin\u0119 garintuv\u0105, kuri niekada nei\u0161senka. B\u016btent tokia yra BANG LEADER 300K. Ji skirta \u017emon\u0117ms, kurie neken\u010dia, kai baterija arba talpa i\u0161senka, kai jie linksminasi.<\/p>\n<p>Su ne\u012ftik\u0117tinais 300 000 \u012fkv\u0117pim\u0173, \u0161is \u012frenginys yra kaip maratono b\u0117gikas pasaulyje garintuv\u0173. Jis tvirtas, jis atrodo prabangiai j\u016bs\u0173 rankoje (sveriantis maloniai 140g), ir jis yra pasiruo\u0161\u0119s eiti, kai tik j\u016bs. Jei esate Europos parduotuv\u0117s savininkas, ie\u0161kantis geriausi\u0173 didmenini\u0173 vienkartini\u0173 garintuv\u0173, jums reikia \u0161io savo lentynoje. Yra prieinamas dabar VapeXYZ!<\/p>\n<\/div>\n<div class=\"section-container\" style=\"background-color: #f8fbff\">\n<h3 style=\"border: none\">\u2b50\ufe0f I\u0161skirtin\u0117s funkcijos<\/h3>\n<div class=\"feature-grid\">\n<div class=\"feature-item\">\n<p><span class=\"feature-icon\">\ud83d\udd0b<\/span><\/p>\n<div>Mil\u017eini\u0161ka galia<\/div>\n<p>16350 baterija (650mAh)<br \/>\nPatikimas ir stiprus.<\/p>\n<\/div>\n<div class=\"feature-item\">\n<p><span class=\"feature-icon\">\u2601\ufe0f<\/span><\/p>\n<div>Dvigubo tinklelio rit\u0117<\/div>\n<p>1,0 omo var\u017ea<br \/>\nLygiai lyg\u016bs debesys.<\/p>\n<\/div>\n<div class=\"feature-item\">\n<p><span class=\"feature-icon\">\u26a1<\/span><\/p>\n<div>\u012ekraunamas<\/div>\n<p>C tipo \u012fkrovimas<br \/>\nGreitas ir lengvas.<\/p>\n<\/div>\n<div class=\"feature-item\">\n<p><span class=\"feature-icon\">\ud83d\udce6<\/span><\/p>\n<div>Bir\u016bs pasiruo\u0161\u0119<\/div>\n<p>200 vienet\u0173 vienoje d\u0117\u017eut\u0117je<br \/>\nPuikiai tinka didmeninei prekybai.<\/p>\n<\/div>\n<\/div>\n<\/div>\n<div class=\"section-container\">\n<h3>\ud83c\udf08 Puiki\u0173 variant\u0173 s\u0105ra\u0161as<\/h3>\n<p>Turime did\u017eiul\u012f pasirinkim\u0173 \u012fvairov\u0119. Kiekvienas skai\u010dius \u017eemiau rei\u0161kia unikal\u0173 mi\u0161in\u012f arba stili\u0173, pasirinkt\u0105 tik jums:<\/p>\n<div class=\"option-list\">\n<div class=\"option-item\">1. Arb\u016bz\u0173 ledai ir Red Bull ir Bra\u0161ki\u0173 Kivi ir M\u0117lyni\u0173 ledai ir Citrina bei Lime ir Bra\u0161ki\u0173 Arb\u016bzas<\/div>\n<div class=\"option-item\">2. Bra\u0161ki\u0173 Banana &amp; Dvigubas obuolys &amp; Aviet\u0117 Arb\u016bzas &amp; R\u016bg\u0161tus Mango Ananasas &amp; Tropinis vaisius &amp; Citrina Persikas<\/div>\n<div class=\"option-item\">3. Ananasas Kokosas &amp; M\u0117lynas Razz &amp; Mi\u0161rios Uogos &amp; Mango Persikas &amp; M\u0117lyni\u0173 Aviet\u0117 &amp; \u017dem\u0117\u010di\u0173 Vanilinis Koka<\/div>\n<div class=\"option-item\">4. Persik\u0173 Uog\u0173 &amp; Trij\u0173 Melon\u0173 &amp; Vynuogi\u0173 Ledai &amp; Juodojo Drakono Ledai &amp; Putojan\u010di\u0173 Vy\u0161ni\u0173 Ledai &amp; Kulk\u0161nies Me\u0161ka<\/div>\n<div class=\"option-item\">5. Vaivoryk\u0161t\u0117 Saldainiai &amp; Cherry Cola Ledai &amp; Meil\u0117 666 &amp; Mango Ledai &amp; M\u0117lyni\u0173 Medvilninis Saldainys &amp; Persik\u0173 Ledai<\/div>\n<div class=\"option-item\">6. Aloe Lychee ledas ir ro\u017einis citrinus ir ledyn\u0173 ledas ir pu\u0161\u0173 adatos m\u0117t\u0173 ir juod\u0173j\u0173 serbent\u0173 ledas ir arb\u016bz\u0173 citrina<\/div>\n<div class=\"option-item\">7. Arb\u016bz\u0173 ledai ir mi\u0161rios uogos ir obuoli\u0173 kriau\u0161\u0117s ir m\u0117lyni\u0173 m\u0117t\u0173 ir vasaros laikas ir persikai<\/div>\n<div class=\"option-item\">8. Energijos g\u0117rimas &amp; Persik\u0173 ledas &amp; Mango ledas &amp; Goji uogos &amp; Juod\u0173j\u0173 serbent\u0173 &amp; Mamba<\/div>\n<div class=\"option-item\">9. Cherry Coke &amp; M\u0117lyni\u0173 Aviet\u0117s &amp; Juodojo Drakono Ledas &amp; Vaivoryk\u0161t\u0117 Saldainiai &amp; Fuji Ledas &amp; Arb\u016bz\u0173 R\u016bg\u0161tus Persikas<\/div>\n<div class=\"option-item\">10. Red Bull &amp; Bra\u0161ki\u0173 Kiwi &amp; Bra\u0161ki\u0173 Banana &amp; Ly\u010di\u0173 ledas &amp; Arb\u016bz\u0173 Uog\u0173 &amp; Pasirodan\u010di\u0173 vaisi\u0173 Mango<\/div>\n<div class=\"option-item\">11. Red Bull Cola Ice &amp; Strawberry Raspberry Cherry &amp; Blackberry Dragon Fruit &amp; Lemon Lime &amp; Raspberry Pomp &amp; Watermelon Kiwi \n\ni\u0161lieka toks pats: \n11. Red Bull Cola Ice &amp; Strawberry Raspberry Cherry &amp; Blackberry Dragon Fruit &amp; Lemon Lime &amp; Raspberry Pomp &amp; Watermelon Kiwi<\/div>\n<div class=\"option-item\">12. Kola ledas ir energetinis g\u0117rimas ir vy\u0161ni\u0173 ledas ir meliono bei pasifloros vaisius ir \u0161ilauogi\u0173 ledas ir obuoli\u0173 kivi<\/div>\n<\/div>\n<\/div>\n<div class=\"section-container\">\n<h3>Greitas palyginimas<span style=\"font-size: 14.4px\">\u00a0 \u00a0\u00a0<\/span><span style=\"font-size: 14.4px\">\u00a0<\/span><\/h3>\n<table class=\"spec-table\" style=\"height: 162px\" width=\"980\">\n<thead>\n<tr>\n<th>Specifikacija<\/th>\n<th>BANG LEADER 300K \n\n(translation is not needed, outputting original text)\nBANG LEADER 300K<\/th>\n<th>Kod\u0117l tai geriau<\/th>\n<\/tr>\n<\/thead>\n<tbody>\n<tr>\n<td>P\u016bku talpa<\/td>\n<td>300 000 Puffs<\/td>\n<td>Trunka daug ilgiau nei kiti.<\/td>\n<\/tr>\n<tr>\n<td>Prietaiso svoris<\/td>\n<td>140 g vienam gabalui<\/td>\n<td>Jau\u010diasi tvirtas ir auk\u0161tos kokyb\u0117s.<\/td>\n<\/tr>\n<tr>\n<td>\u012ekrovimo prievadas<\/td>\n<td>C tipas<\/td>\n<td>Universalus ir greitas \u012fkrovimas.<\/td>\n<\/tr>\n<tr>\n<td>Pagrindin\u0117s technologijos<\/td>\n<td>1,0 tinklelio spiral\u0117<\/td>\n<td>Geresnis nuoseklumas.<\/td>\n<\/tr>\n<\/tbody>\n<\/table>\n<\/div>\n<div class=\"section-container\">\n<h3>\u2753 Da\u017eniausiai u\u017eduodami klausimai (DUK)<\/h3>\n<div class=\"faq-item\">\n<div class=\"faq-question\">K: Kaip \u012fkrauti \u0161\u012f vienkartin\u012f garintuv\u0105?<\/div>\n<div class=\"faq-answer\">Tai labai lengva! Tiesiog naudokite standartin\u012f Type-C kabel\u012f. \u012eki\u0161kite, leiskite \u012fkrauti, ir j\u016bs esate pasiruo\u0161\u0119 m\u0117gautis daugiau gar\u0173.<\/div>\n<\/div>\n<div class=\"faq-item\">\n<div class=\"faq-question\">K: A\u0161 noriu pirkti dideliais kiekiais savo parduotuvei. Kokios yra kartono detal\u0117s?<\/div>\n<div class=\"faq-answer\">Puikus pasirinkimas! Didmenin\u0117je prekyboje viena d\u0117\u017e\u0117 talpina 200 vienet\u0173. D\u0117\u017eut\u0117s dydis yra 51,5*51,5*30,5cm, jos svoris apie 29,5kg. Mes greitai pristatome po vis\u0105 Europ\u0105.<\/div>\n<\/div>\n<div class=\"faq-item\">\n<div class=\"faq-question\">K: Ar galiu pritaikyti prek\u0117s \u017eenkl\u0105 (OEM\/ODM)?<\/div>\n<div class=\"faq-answer\">Taip, mes teikiame OEM\/ODM paslaugas!  Galite dirbti su mumis, kad sukurtum\u0117te produkt\u0105, atitinkant\u012f j\u016bs\u0173 prek\u0117s \u017eenklo stili\u0173.<\/div>\n<\/div>\n<\/div>\n<div class=\"cta-box\">\n<h3 style=\"margin-top: 0;color: #319795;border: none;padding-bottom: 0\">Pasiruo\u0161\u0119 u\u017esakyti?<\/h3>\n<p>Nepraleiskite BANG LEADER 300K. Tai didysis vienkartini\u0173 garintuv\u0173 bosas.<\/p>\n<p>Apsilankykite <a style=\"color: #d53f8c;text-decoration: none;font-weight: bold;font-size: 1.2em\" href=\"https:\/\/vapexyz.com\/lt\/\">VapeXYZ<\/a> Dabar pateikite savo didmenin\u0117s prekybos u\u017esakym\u0105. Mes - j\u016bs\u0173 geriausias partneris Europoje!<\/p>\n<p>&nbsp;<\/p>\n<\/div>\n<\/article>\n<\/article>","protected":false},"excerpt":{"rendered":"<p>BANG LEADER 300K yra \u012fkraunamas vienkartinis garintuvas, pasi\u017eymintis did\u017eiuliu 300 000 \u012fkv\u0117pim\u0173 paj\u0117gumu ir dvigubu tinklelio technologija, skirtu u\u017etikrinti ilgalaik\u012f veikim\u0105 Europos didmenin\u0117s prekybos rinkoms.<\/p>","protected":false},"featured_media":62313,"comment_status":"open","ping_status":"closed","template":"","meta":{"_lmt_disableupdate":"no","_lmt_disable":""},"product_brand":[],"product_cat":[821,1102,947,935,934,927,929,928,930,933,939,932,938,931,936,937,1017,948,949,946,950,951,953,1105,820,987],"product_tag":[],"class_list":{"0":"post-62249","1":"product","2":"type-product","3":"status-publish","4":"has-post-thumbnail","6":"product_cat-bang","7":"product_cat-300000-puffs-disposable","8":"product_cat-big-puffs-vapes","9":"product_cat-bulk-buy-disposable-vapes-in-austria","10":"product_cat-bulk-buy-disposable-vapes-in-belgium","11":"product_cat-bulk-buy-disposable-vapes-in-europe","12":"product_cat-bulk-buy-disposable-vapes-in-france","13":"product_cat-bulk-buy-disposable-vapes-in-germany","14":"product_cat-bulk-buy-disposable-vapes-in-italy","15":"product_cat-bulk-buy-disposable-vapes-in-netherlands","16":"product_cat-bulk-buy-disposable-vapes-in-norway","17":"product_cat-bulk-buy-disposable-vapes-in-poland","18":"product_cat-bulk-buy-disposable-vapes-in-portugal","19":"product_cat-bulk-buy-disposable-vapes-in-spain","20":"product_cat-bulk-buy-disposable-vapes-in-sweden","21":"product_cat-bulk-buy-disposable-vapes-in-switzerland","22":"product_cat-buy-best-disposable-vape-flavors","23":"product_cat-crystal-vapes","24":"product_cat-digital-box-vapes","25":"product_cat-disposable-vapes-series","26":"product_cat-dual-mesh-vapes","27":"product_cat-lower-nicotine-vapes","28":"product_cat-rechargeable-vapes","29":"product_cat-six-flavor-vapes","30":"product_cat-vape","31":"product_cat-vape-shop-by-puffs","33":"first","34":"instock","35":"shipping-taxable","36":"purchasable","37":"product-type-variable","38":"has-default-attributes"},"jetpack_sharing_enabled":true,"tiered_pricing_type":"fixed","tiered_pricing_fixed_rules":[],"tiered_pricing_product_settings":{"layout":"default","base_unit_name":{"singular":null,"plural":null},"default_variation":null},"tiered_pricing_minimum_quantity":null,"tiered_pricing_roles_data":[],"tiered_pricing_percentage_rules":[],"tiered_pricing_maximum_quantity":null,"tiered_pricing_quantity_step":null,"_links":{"self":[{"href":"https:\/\/vapexyz.com\/lt\/wp-json\/wp\/v2\/product\/62249","targetHints":{"allow":["GET"]}}],"collection":[{"href":"https:\/\/vapexyz.com\/lt\/wp-json\/wp\/v2\/product"}],"about":[{"href":"https:\/\/vapexyz.com\/lt\/wp-json\/wp\/v2\/types\/product"}],"replies":[{"embeddable":true,"href":"https:\/\/vapexyz.com\/lt\/wp-json\/wp\/v2\/comments?post=62249"}],"wp:featuredmedia":[{"embeddable":true,"href":"https:\/\/vapexyz.com\/lt\/wp-json\/wp\/v2\/media\/62313"}],"wp:attachment":[{"href":"https:\/\/vapexyz.com\/lt\/wp-json\/wp\/v2\/media?parent=62249"}],"wp:term":[{"taxonomy":"product_brand","embeddable":true,"href":"https:\/\/vapexyz.com\/lt\/wp-json\/wp\/v2\/product_brand?post=62249"},{"taxonomy":"product_cat","embeddable":true,"href":"https:\/\/vapexyz.com\/lt\/wp-json\/wp\/v2\/product_cat?post=62249"},{"taxonomy":"product_tag","embeddable":true,"href":"https:\/\/vapexyz.com\/lt\/wp-json\/wp\/v2\/product_tag?post=62249"}],"curies":[{"name":"wp","href":"https:\/\/api.w.org\/{rel}","templated":true}]}}