{"id":61082,"date":"2025-12-23T09:40:56","date_gmt":"2025-12-23T09:40:56","guid":{"rendered":"https:\/\/vapexyz.com\/?post_type=product&#038;p=61082"},"modified":"2026-03-04T13:44:01","modified_gmt":"2026-03-04T13:44:01","slug":"vopk-btc-35k-35000-puffs-dual-mesh-coil-disposable-vape-didmenine-prekyba-reguliuojamas-oro-srauto-valdymas","status":"publish","type":"product","link":"https:\/\/vapexyz.com\/lt\/product\/vopk-btc-35k-35000-puffs-dual-mesh-coil-disposable-vape-wholesale-adjustable-airflow-control\/","title":{"rendered":"VOPK BTC 35K 35000 Puffs Dual Mesh Coil I\u0161leid\u017eiamas Garintuvas Didmenin\u0117 Prekyba Reguliuojamas Oro Srauto Valdymas"},"content":{"rendered":"<article style=\"font-family: 'Segoe UI', Roboto, Helvetica, Arial, sans-serif; line-height: 1.6; color: #333; max-width: 100%; margin: auto; padding: 20px; background-color: #f9f9f9; border-radius: 10px; border: 1px solid #e0e0e0;\">\n<h2 style=\"color: #2c3e50; text-align: center; font-size: 2.2em; margin-bottom: 25px; border-bottom: 2px solid #3498db; padding-bottom: 15px;\"><a href=\"https:\/\/vapexyz.com\/lt\/produkto-kategorija\/vopk\/\">VOPK<\/a> BTC 35K: auk\u0161\u010diausias didelio na\u0161umo vienkartini\u0173 garintuv\u0173 technologijos pasiekimas<\/h2>\n<p style=\"font-size: 1.1em; text-align: justify; margin-bottom: 20px;\">Greitai kintan\u010dio garinimo \u012frangos kra\u0161tovaizdyje VOPK BTC 35K i\u0161kyla kaip rinkos lyderis, specialiai sukurtas atitikti \u0161iuolaikini\u0173 vartotoj\u0173 grie\u017etus reikalavimus. \u012erenginys yra prieinamas per VapeXYZ, Europos pagrindin\u012f didmenin\u0117s prekybos platintoj\u0105, ir rei\u0161kia reik\u0161ming\u0105 \u017eingsn\u012f \u012f priek\u012f i\u0161metam\u0173 garintuv\u0173 in\u017einerijoje. Skirtingai nuo tradicini\u0173 modeli\u0173, kurie si\u016blo ribot\u0105 ilgaam\u017ei\u0161kum\u0105, VOPK BTC 35K yra sukurtas taip, kad u\u017etikrint\u0173 precedento neturint\u012f 35 000 \u012fkv\u0117pim\u0173 skai\u010di\u0173, nustatydamas nauj\u0105 i\u0161tverm\u0117s ir patikimumo etalon\u0105 \u0161ioje srityje.<\/p>\n<p style=\"font-size: 1.1em; text-align: justify; margin-bottom: 30px;\">Didorams ir dideliems pirk\u0117jams, VOPK BTC 35K atsarg\u0173 papildymas rei\u0161kia \u012fsipareigojim\u0105 kokybei ir naujov\u0117ms. \u0160is \u012frenginys n\u0117ra paprastas eksploatacinis daiktas; tai sud\u0117tingas technin\u0117s \u012frangos gabalas, pasi\u017eymintis dideliu, integruotu auk\u0161tos rai\u0161kos ekranu, dviguba tinklelio rit\u0117s technologija ir tvirta oro srauto kontrole. Sujungdamas estetikos patrauklum\u0105 su pramoninio lygio na\u0161umu, VOPK suk\u016br\u0117 vienkartin\u012f garintuv\u0105, kuris patinka tiek naujiems vartotojams, tiek patyrusiems entuziastams, ie\u0161kantiems nuoseklumo. \u201eVapeXYZ\u201c u\u017etikrina, kad j\u016bs\u0173 atsargos b\u016bt\u0173 papildytos \u0161iais auk\u0161tos kokyb\u0117s \u012frenginiais, paremtais m\u016bs\u0173 pla\u010diu logistikos tinklu ir \u012fsipareigojimu u\u017etikrinti didmenin\u0117s prekybos tobulum\u0105.<\/p>\n<div style=\"background-color: #fff; padding: 30px; border-radius: 15px; margin-bottom: 40px;\">\n<h3 style=\"color: #2980b9; font-size: 1.8em; margin-top: 0; margin-bottom: 20px;\">In\u017einerin\u0117 puikyb\u0117: dviguba tinklelio rit\u0117s sistema<\/h3>\n<p style=\"margin-bottom: 15px;\">VOPK BTC 35K \u0161irdyje yra pa\u017eangus kaitinimo elementas: 0,8 \u03a9 dvigubas tinklelio rit\u0117. I\u0161metam\u0173 garintuv\u0173 pasaulyje rit\u0117s vientisumas yra labai svarbus. \u012eprastos vieno\u017eyl\u0117s rit\u0117s da\u017enai ken\u010dia nuo netolygaus kaitinimo, d\u0117l ko prie\u0161laikinai perdega ir skonis tampa nenuoseklus. Dviguba tinklelio architekt\u016bra tai i\u0161sprend\u017eia padidindama s\u0105ly\u010dio su rezervuaro med\u017eiaga pavir\u0161iaus plot\u0105.<\/p>\n<p>\u0160i technin\u0117 konfig\u016bracija leid\u017eia grei\u010diau ir tolygiau \u012f\u0161ilti. Naudotojai gali perjungti tarp darbo re\u017eim\u0173, efektyviai naudodami dvigubas rit\u0117s, kad maksimaliai padidint\u0173 tarnavimo laik\u0105 arba padidint\u0173 gar\u0173 i\u0161\u0117jimo tank\u012f. \u0160i \u201cdvigubo re\u017eimo\u201d galimyb\u0117 u\u017etikrina, kad prietaisas i\u0161laiko savo veikimo vientisum\u0105 nuo pirmojo \u012fkv\u0117pimo iki 35 000-ojo, suteikiant skland\u0173, tank\u0173 ir patenkinam\u0105 \u012fkv\u0117pim\u0105 be degradacijos, da\u017enai randamos prastesniuose vienkartiniuose garintuv\u0173 modeliuose.<\/p>\n<\/div>\n<p><img loading=\"lazy\" decoding=\"async\" class=\"aligncenter wp-image-61108 size-large\" src=\"https:\/\/vapexyz.com\/wp-content\/uploads\/2025\/12\/VOPK-BTC-35K-35000-Puffs-Dual-Mesh-Coil-Disposable-Vape-Wholesale-Adjustable-Airflow-Control-1024x1024.webp\" alt=\"VOPK BTC 35K 35000 Puffs Dual Mesh Coil I\u0161leid\u017eiamas Garintuvas Didmenin\u0117 Prekyba Reguliuojamas Oro Srauto Valdymas\" width=\"1020\" height=\"1020\" title=\"\" srcset=\"https:\/\/vapexyz.com\/wp-content\/uploads\/2025\/12\/VOPK-BTC-35K-35000-Puffs-Dual-Mesh-Coil-Disposable-Vape-Wholesale-Adjustable-Airflow-Control-1024x1024.webp 1024w, https:\/\/vapexyz.com\/wp-content\/uploads\/2025\/12\/VOPK-BTC-35K-35000-Puffs-Dual-Mesh-Coil-Disposable-Vape-Wholesale-Adjustable-Airflow-Control-500x500.webp 500w, https:\/\/vapexyz.com\/wp-content\/uploads\/2025\/12\/VOPK-BTC-35K-35000-Puffs-Dual-Mesh-Coil-Disposable-Vape-Wholesale-Adjustable-Airflow-Control-300x300.webp 300w, https:\/\/vapexyz.com\/wp-content\/uploads\/2025\/12\/VOPK-BTC-35K-35000-Puffs-Dual-Mesh-Coil-Disposable-Vape-Wholesale-Adjustable-Airflow-Control-768x768.webp 768w, https:\/\/vapexyz.com\/wp-content\/uploads\/2025\/12\/VOPK-BTC-35K-35000-Puffs-Dual-Mesh-Coil-Disposable-Vape-Wholesale-Adjustable-Airflow-Control-12x12.webp 12w, https:\/\/vapexyz.com\/wp-content\/uploads\/2025\/12\/VOPK-BTC-35K-35000-Puffs-Dual-Mesh-Coil-Disposable-Vape-Wholesale-Adjustable-Airflow-Control-247x247.webp 247w, https:\/\/vapexyz.com\/wp-content\/uploads\/2025\/12\/VOPK-BTC-35K-35000-Puffs-Dual-Mesh-Coil-Disposable-Vape-Wholesale-Adjustable-Airflow-Control-510x510.webp 510w, https:\/\/vapexyz.com\/wp-content\/uploads\/2025\/12\/VOPK-BTC-35K-35000-Puffs-Dual-Mesh-Coil-Disposable-Vape-Wholesale-Adjustable-Airflow-Control-100x100.webp 100w, https:\/\/vapexyz.com\/wp-content\/uploads\/2025\/12\/VOPK-BTC-35K-35000-Puffs-Dual-Mesh-Coil-Disposable-Vape-Wholesale-Adjustable-Airflow-Control.webp 1500w\" sizes=\"auto, (max-width: 1020px) 100vw, 1020px\" \/><\/p>\n<h2 style=\"color: #2c3e50; text-align: center; font-size: 2em; margin-bottom: 30px;\">I\u0161pl\u0117totas vartotojo s\u0105sajos ir energijos valdymas<\/h2>\n<div style=\"flex-wrap: wrap; gap: 25px; margin-bottom: 40px;\">\n<div style=\"flex: 1; min-width: 300px; background: #ffffff; padding: 25px; border-radius: 15px; border-left: 5px solid #27ae60;\">\n<h3 style=\"color: #27ae60; margin-top: 0;\">I\u0161maniojo ekrano integracija<\/h3>\n<p>VOPK BTC 35K i\u0161siskiria ry\u0161kiu, auk\u0161tos rai\u0161kos skaitmeniniu ekranu. \u0160is \u201ctelevizoriaus stiliaus\u201d ekranas pa\u0161alina sp\u0117jimus, da\u017eniausiai susijusius su vienkartiniais garintuvais. Jis teikia realaus laiko duomenis apie du svarbius aspektus: esam\u0105 baterijos veikimo laik\u0105 ir likus\u012f rezervuaro t\u016br\u012f. \u0160i skaidrumas leid\u017eia vartotojams efektyviai valdyti savo naudojim\u0105, u\u017etikrinant, kad jie niekada nebus u\u017eklumti i\u0161sikrovusios baterijos ar tu\u0161\u010dio \u012frenginio.<\/p>\n<\/div>\n<div style=\"flex: 1; min-width: 300px; background: #ffffff; padding: 25px; border-radius: 15px; border-left: 5px solid #8e44ad;\">\n<h3 style=\"color: #8e44ad; margin-top: 0;\">850 mAh \u012fkraunama baterija<\/h3>\n<p>\u0160io didel\u0117s talpos \u012frenginio maitinim\u0105 u\u017etikrina tvirtas 850mAh akumuliatorius. Sukonstruotas i\u0161tvermei, \u0161is maitinimo elementas palaiko ilgesn\u012f prietaiso tarnavimo laik\u0105. Skirtingai nei vienkartin\u0117s baterijos, kurios prisideda prie atliek\u0173, \u0161i sistema yra \u012fkraunama per modern\u0173 Type-C prievad\u0105. Tai u\u017etikrina, kad kiekvienas 22ml rezervuaro la\u0161as yra panaudojamas, suteikiant maksimali\u0105 vert\u0119 ir suma\u017einant poveik\u012f aplinkai, palyginti su ma\u017eesn\u0117s talpos vienkartiniais garintuvais.<\/p>\n<\/div>\n<\/div>\n<div style=\"background-color: #eaf2f8; padding: 25px; border-radius: 15px; border: 1px solid #d6eaf8; margin-bottom: 40px;\">\n<h3 style=\"color: #2c3e50; margin-top: 0;\">Tikslus Oro Srauto Valdymas<\/h3>\n<p>Individualizavimas yra raktas \u012f \u0161iuolaiki\u0161k\u0105 garinimo patirt\u012f. VOPK BTC 35K turi i\u0161tobulint\u0105 reguliuojam\u0105 oro srauto mechanizm\u0105, esant\u012f prietaiso apa\u010dioje. \u0160is slydimas leid\u017eia vartotojams tiksliai sureguliuoti traukimo pasiprie\u0161inim\u0105, skland\u017eiai pereinant nuo sandaraus, apriboto \u012fkv\u0117pimo iki laisvo, oro prisipildymo \u012fkv\u0117pimo. \u0160i pritaikymo galimyb\u0117 daro prietais\u0105 tinkamu \u012fvairiems pageidavimams, u\u017etikrinant, kad vartotojas, pageidaujantis tankaus debesies arba nedidelio i\u0161\u0117jimo, VOPK BTC 35K pateisins l\u016bkes\u010dius.<\/p>\n<\/div>\n<h2 style=\"color: #2c3e50; text-align: center; font-size: 2em; margin-bottom: 30px;\">Kuriuoti Aromat\u0173 Profiliai<\/h2>\n<p style=\"text-align: center; margin-bottom: 30px; font-size: 1.05em;\">VOPK BTC 35K si\u016blo \u012fvair\u0173 pasirinkim\u0105 i\u0161 de\u0161imties skirting\u0173 jutimo profili\u0173. Kiekvienas variantas yra kruop\u0161\u010diai sukurtas, siekiant u\u017etikrinti stabilum\u0105 ir turtingum\u0105 vis\u0105 \u012frenginio gyvavimo cikl\u0105.<\/p>\n<div style=\"grid-template-columns: repeat(auto-fill, minmax(280px, 1fr)); gap: 20px; margin-bottom: 50px;\">\n<div style=\"background: white; padding: 20px; border-radius: 10px; border: 1px solid #eee;\">\n<p>1. Arb\u016bz\u0173 ledas<\/p>\n<p style=\"font-size: 0.9em; margin: 0;\">\u0160vie\u017eias ir gaivus profilis, atspindintis atv\u0117susi\u0173 vasari\u0161k\u0173 melion\u0173 esencij\u0105, pasi\u016blantis v\u0117sinant\u012f poskon\u012f.<\/p>\n<\/div>\n<div style=\"background: white; padding: 20px; border-radius: 10px; border: 1px solid #eee;\">\n<p>2. M\u0117lyno avie\u010di\u0173 ledai<\/p>\n<p style=\"font-size: 0.9em; margin: 0;\">Populiarus mi\u0161inys, pasi\u017eymintis a\u0161triomis m\u0117lyno avietinio skonio natomis, subalansuotas su \u0161altu mentolio poj\u016b\u010diu.<\/p>\n<\/div>\n<div style=\"background: white; padding: 20px; border-radius: 10px; border: 1px solid #eee;\">\n<p>3. Bra\u0161ki\u0173 sprogimas<\/p>\n<p style=\"font-size: 0.9em; margin: 0;\">Ry\u0161kus ir saldus profilis, primenantis sunokusius bra\u0161kes, suteikiantis skland\u0173 ir vaisin\u012f aromat\u0105.<\/p>\n<\/div>\n<div style=\"background: white; padding: 20px; border-radius: 10px; border: 1px solid #eee;\">\n<p>4. D\u017eord\u017eijos persikas<\/p>\n<p style=\"font-size: 0.9em; margin: 0;\">Pietini\u0173 sod\u0173 \u012fkv\u0117ptas \u0161is variantas pasi\u016blo turting\u0105, nektar\u0105 primenant\u012f persik\u0173 skon\u012f, kuris yra ir mink\u0161tas, ir saldus.<\/p>\n<\/div>\n<div style=\"background: white; padding: 20px; border-radius: 10px; border: 1px solid #eee;\">\n<p>5. Pasi\u0161aukimo kivi<\/p>\n<p style=\"font-size: 0.9em; margin: 0;\">Egzoti\u0161kas derinys, jungiantis kivi r\u016bg\u0161tum\u0105 su sald\u017eiais, tropiniais pasiflor\u0173 vaisi\u0173 atspalviais.<\/p>\n<\/div>\n<div style=\"background: white; padding: 20px; border-radius: 10px; border: 1px solid #eee;\">\n<p>6. Oran\u017einis spanguoli\u0173 laimo ledas<\/p>\n<p style=\"font-size: 0.9em; margin: 0;\">Kompleksinis citrusini\u0173 vaisi\u0173 mi\u0161inys, jungiantis a\u0161tr\u0173 laimo ir apelsino skon\u012f su spanguoli\u0173 r\u016bg\u0161tumu, u\u017ebaigtas ledu.<\/p>\n<\/div>\n<div style=\"background: white; padding: 20px; border-radius: 10px; border: 1px solid #eee;\">\n<p>7. \u0160altasis M\u0117ta<\/p>\n<p style=\"font-size: 0.9em; margin: 0;\">Klasikinis, tiesus m\u0117tos skonio profilis, suteikiantis \u0161var\u0173, gaivinant\u012f ir ledin\u012f potyr\u012f.<\/p>\n<\/div>\n<div style=\"background: white; padding: 20px; border-radius: 10px; border: 1px solid #eee;\">\n<p>8. R\u016bg\u0161tus Mango Ananasas<\/p>\n<p style=\"font-size: 0.9em; margin: 0;\">Atropinis galingumas, jungiantis ananaso saldum\u0105 su r\u016bg\u0161taus mango a\u0161trumu.<\/p>\n<\/div>\n<div style=\"background: white; padding: 20px; border-radius: 10px; border: 1px solid #eee;\">\n<p>9. Baltoji Persika Aviet\u0117<\/p>\n<p style=\"font-size: 0.9em; margin: 0;\">\u0160velnus g\u0117li\u0173, balt\u0173 persik\u0173 ir r\u016bg\u0161\u010di\u0173 avie\u010di\u0173 derinys, sukuriantis i\u0161man\u0173 ir subalansuot\u0105 profil\u012f.<\/p>\n<\/div>\n<div style=\"background: white; padding: 20px; border-radius: 10px; border: 1px solid #eee;\">\n<p>10. Banan\u0173 Taffy U\u017e\u0161alimas<\/p>\n<p style=\"font-size: 0.9em; margin: 0;\">Kremi\u0161kas ir nostalgiskas profilis, imituojantis sald\u017eius bananinius saldumynus su gaiviu v\u0117siu atspalviu.<\/p>\n<\/div>\n<\/div>\n<h2 style=\"color: #2c3e50; margin-top: 50px; text-align: center;\">Technin\u0117s specifikacijos ir rinkos duomenys<\/h2>\n<div style=\"margin-bottom: 50px;\">\n<table style=\"width: 100%; border-collapse: collapse; background: white; border-radius: 10px; overflow: hidden;\">\n<thead>\n<tr style=\"background-color: #34495e; color: white;\">\n<th style=\"padding: 15px; text-align: left; font-weight: 600;\">Specifikacijos kategorija<\/th>\n<th style=\"padding: 15px; text-align: left; font-weight: 600;\">Technical Details<\/th>\n<\/tr>\n<\/thead>\n<tbody>\n<tr style=\"border-bottom: 1px solid #eee;\">\n<td style=\"padding: 15px; color: #555;\">P\u016bko \u012fvertinimas<\/td>\n<td style=\"padding: 15px; color: #333;\">Apytiksliai 35 000 Puffs<\/td>\n<\/tr>\n<tr style=\"background-color: #f9f9f9; border-bottom: 1px solid #eee;\">\n<td style=\"padding: 15px; color: #555;\">Rezervuaro talpa<\/td>\n<td style=\"padding: 15px; color: #333;\">22ml I\u0161 anksto u\u017epildyta kamera<\/td>\n<\/tr>\n<tr style=\"border-bottom: 1px solid #eee;\">\n<td style=\"padding: 15px; color: #555;\">Rit\u0117s konfig\u016bracija<\/td>\n<td style=\"padding: 15px; color: #333;\">0,8\u03a9 dvigubo tinklelio technologija<\/td>\n<\/tr>\n<tr style=\"background-color: #f9f9f9; border-bottom: 1px solid #eee;\">\n<td style=\"padding: 15px; color: #555;\">Akumuliatoriaus specifikacijos<\/td>\n<td style=\"padding: 15px; color: #333;\">850mAh, \u012ekraunamas Type-C<\/td>\n<\/tr>\n<tr style=\"border-bottom: 1px solid #eee;\">\n<td style=\"padding: 15px; color: #555;\">Rodymo s\u0105saja<\/td>\n<td style=\"padding: 15px; color: #333;\">Auk\u0161\u010diausios rai\u0161kos skaitmeninis ekranas (baterija ir garsumas)<\/td>\n<\/tr>\n<tr style=\"background-color: #f9f9f9;\">\n<td style=\"padding: 15px; color: #555;\">Didmenin\u0117 prekyba<\/td>\n<td style=\"padding: 15px; color: #333;\">Prieinama per VapeXYZ (Pasaulin\u0117 siuntimo paslauga)<\/td>\n<\/tr>\n<\/tbody>\n<\/table>\n<\/div>\n<h2 style=\"color: #2c3e50; text-align: center; margin-bottom: 30px;\">Da\u017enai u\u017eduodami klausimai (DUK)<\/h2>\n<div style=\"margin-bottom: 40px;\">\n<div style=\"margin-bottom: 20px; background: #fff; border: 1px solid #ddd; border-radius: 8px; overflow: hidden;\">\n<h3 style=\"background-color: #f4f6f7; color: #2c3e50; padding: 15px; margin: 0; font-size: 1.1em; border-bottom: 1px solid #ddd;\">Kod\u0117l VOPK BTC 35K laikomas geresniu pasirinkimu ma\u017emenininkams?<\/h3>\n<div style=\"padding: 20px; color: #555;\">\n<p style=\"margin: 0;\">Prek\u0117jai palankiai vertina VOPK BTC 35K d\u0117l jo didelio apyvartos potencialo ir klient\u0173 pasitenkinimo lygio. 35 000 i\u0161p\u016btimo skai\u010dius \u017eymiai ilgesnis nei standartini\u0173 konkurent\u0173, suteikiantis geresn\u0119 vert\u0119 galutiniam vartotojui. Be to, skaitmeninio ekrano ir reguliuojamo oro srauto \u012ftraukimas suteikia produktui auk\u0161\u010diausios kokyb\u0117s poj\u016bt\u012f be draud\u017eiamo kainos, tod\u0117l jis yra patrauklus pasirinkimas lentyn\u0173 demonstravimui. \u012esigijimas i\u0161 VapeXYZ u\u017etikrina autenti\u0161kus produktus ir patikim\u0105 tiekimo grandin\u0117s valdym\u0105.<\/p>\n<\/div>\n<\/div>\n<div style=\"margin-bottom: 20px; background: #fff; border: 1px solid #ddd; border-radius: 8px; overflow: hidden;\">\n<h3 style=\"background-color: #f4f6f7; color: #2c3e50; padding: 15px; margin: 0; font-size: 1.1em; border-bottom: 1px solid #ddd;\">Kaip dvigubas tinklelio rit\u0117 pagerina garinimo patirt\u012f?<\/h3>\n<div style=\"padding: 20px; color: #555;\">\n<p style=\"margin: 0;\">Dvigubos tinklelio rit\u0117s sistema skirta u\u017etikrinti nuosekl\u0173 kaitinimo pavir\u0161iaus plot\u0105. Tai neleid\u017eia susidaryti kar\u0161tosioms d\u0117m\u0117ms, kurios gali sugadinti skonio profil\u012f. Naudojant du tinklelio sluoksnius, prietaisas gali efektyviau i\u0161garinti turin\u012f, tod\u0117l susidaro tankesnis debesis ir grynas, nesugadintas skonis nuo pirmojo iki paskutinio \u012fkv\u0117pimo. Tai taip pat u\u017etikrina atsargin\u0119 sistem\u0105; jei viena tinklelio dalis yra \u012ftempta, visa sistema i\u0161laiko savo veikim\u0105.<\/p>\n<\/div>\n<\/div>\n<div style=\"margin-bottom: 20px; background: #fff; border: 1px solid #ddd; border-radius: 8px; overflow: hidden;\">\n<h3 style=\"background-color: #f4f6f7; color: #2c3e50; padding: 15px; margin: 0; font-size: 1.1em; border-bottom: 1px solid #ddd;\">Kokie yra dideli\u0173 u\u017esakym\u0173 siuntimo logistikos procesai per VapeXYZ?<\/h3>\n<div style=\"padding: 20px; color: #555;\">\n<p style=\"margin: 0;\">VapeXYZ specializuojasi racionalizuoto didmenin\u0117s prekybos vienkartini\u0173 garintuv\u0173 logistikos srityje. Mes dirbame su ma\u017eu minimaliu u\u017esakymo kiekiu (MOQ) - tik 10 vienet\u0173, tod\u0117l vis\u0173 dyd\u017ei\u0173 \u012fmon\u0117ms lengva papildyti atsargas. M\u016bs\u0173 platinimo tinklas yra optimizuotas Europos rinkai, u\u017etikrinant greit\u0105, muit\u0173 reikalavimus atitinkan\u010di\u0105 pristatym\u0105. Mes teikiame pirmenyb\u0119 saugaus pakavimo, kad b\u016bt\u0173 i\u0161vengta pa\u017eeidim\u0173 transportavimo metu, u\u017etikrinant, kad j\u016bs\u0173 atsargos atvykt\u0173 nepriekai\u0161tingos b\u016bkl\u0117s, paruo\u0161tos ma\u017emeninei prekybai.<\/p>\n<\/div>\n<\/div>\n<div style=\"margin-bottom: 20px; background: #fff; border: 1px solid #ddd; border-radius: 8px; overflow: hidden;\">\n<h3 style=\"background-color: #f4f6f7; color: #2c3e50; padding: 15px; margin: 0; font-size: 1.1em; border-bottom: 1px solid #ddd;\">Kaip interpretuoti duomenis skaitmeniniame ekrane?<\/h3>\n<div style=\"padding: 20px; color: #555;\">\n<p style=\"margin: 0;\">VOPK BTC 35K skaitmenin\u0117 s\u0105saja yra intuityvi. Ji rodo procentinius indikatorius tiek akumuliatoriaus veikimo laikui, tiek likusiai talpai. Tai pa\u0161alina \u201csaus\u0105 sm\u016bg\u012f\u201d nerim\u0105, da\u017en\u0105 nepermatom\u0173 vienkartini\u0173 garintuv\u0173 problem\u0105. Kai akumuliatoriaus indikatorius yra \u017eemas, tiesiog \u012fkraukite per Type-C. Kai talpos indikatorius art\u0117ja prie nulio, tai yra laiku primenantis \u012fsigyti nauj\u0105 atsarg\u0105, u\u017etikrinant skland\u0173 per\u0117jim\u0105 prie naujo \u012frenginio.<\/p>\n<\/div>\n<\/div>\n<\/div>\n<div style=\"background-color: #34495e; color: white; padding: 30px; text-align: center; border-radius: 15px; margin-top: 40px;\">\n<h3 style=\"color: #fff; margin-top: 0;\">Pasiruo\u0161\u0119 atnaujinti savo inventori\u0173?<\/h3>\n<p style=\"font-size: 1.1em; margin-bottom: 20px;\">Partneris su<a href=\"https:\/\/vapexyz.com\/lt\/\"> VapeXYZ<\/a> \u0160iandien \u012fsigykite VOPK BTC 35K ir kit\u0173 auk\u0161\u010diausios kokyb\u0117s vienkartini\u0173 garintuv\u0173 u\u017e konkurencingas didmenines kainas.<\/p>\n<\/div>\n<p><img loading=\"lazy\" decoding=\"async\" class=\"aligncenter wp-image-61130 size-full\" src=\"https:\/\/vapexyz.com\/wp-content\/uploads\/2025\/12\/VOPK-BTC-35K-35000-Puffs-Dual-Mesh-Coil-Disposable-Vape-Wholesale-Adjustable-Airflow-Control.jpg\" alt=\"VOPK BTC 35K 35000 Puffs Dual Mesh Coil I\u0161leid\u017eiamas Garintuvas Didmenin\u0117 Prekyba Reguliuojamas Oro Srauto Valdymas\" width=\"1200\" height=\"686\" title=\"\" srcset=\"https:\/\/vapexyz.com\/wp-content\/uploads\/2025\/12\/VOPK-BTC-35K-35000-Puffs-Dual-Mesh-Coil-Disposable-Vape-Wholesale-Adjustable-Airflow-Control.jpg 1200w, https:\/\/vapexyz.com\/wp-content\/uploads\/2025\/12\/VOPK-BTC-35K-35000-Puffs-Dual-Mesh-Coil-Disposable-Vape-Wholesale-Adjustable-Airflow-Control-510x292.jpg 510w, https:\/\/vapexyz.com\/wp-content\/uploads\/2025\/12\/VOPK-BTC-35K-35000-Puffs-Dual-Mesh-Coil-Disposable-Vape-Wholesale-Adjustable-Airflow-Control-500x286.jpg 500w, https:\/\/vapexyz.com\/wp-content\/uploads\/2025\/12\/VOPK-BTC-35K-35000-Puffs-Dual-Mesh-Coil-Disposable-Vape-Wholesale-Adjustable-Airflow-Control-1024x585.jpg 1024w, https:\/\/vapexyz.com\/wp-content\/uploads\/2025\/12\/VOPK-BTC-35K-35000-Puffs-Dual-Mesh-Coil-Disposable-Vape-Wholesale-Adjustable-Airflow-Control-768x439.jpg 768w, https:\/\/vapexyz.com\/wp-content\/uploads\/2025\/12\/VOPK-BTC-35K-35000-Puffs-Dual-Mesh-Coil-Disposable-Vape-Wholesale-Adjustable-Airflow-Control-18x10.jpg 18w\" sizes=\"auto, (max-width: 1200px) 100vw, 1200px\" \/><\/p>\n<p>\u201c`<\/p>\n<\/article>","protected":false},"excerpt":{"rendered":"<p>VOPK BTC 35K yra pa\u017eangus vienkartinis garintuvas su ry\u0161kiu i\u0161maniuoju ekranu ir reguliuojama dvigubo tinklelio galia iki 35 000 \u012fkv\u0117pim\u0173 pritaikomo malonumo, dabar prieinamas VapeXYZ su geriausiomis didmenin\u0117mis kainomis dideliems pirk\u0117jams visoje Europoje.<\/p>","protected":false},"featured_media":61105,"comment_status":"open","ping_status":"closed","template":"","meta":{"_lmt_disableupdate":"no","_lmt_disable":""},"product_brand":[],"product_cat":[853,1042,947,935,934,927,929,928,930,933,939,932,938,931,936,937,1017,948,949,946,950,1016,951,953,820,987],"product_tag":[],"class_list":{"0":"post-61082","1":"product","2":"type-product","3":"status-publish","4":"has-post-thumbnail","6":"product_cat-vopk","7":"product_cat-35000-puff-vapes","8":"product_cat-big-puffs-vapes","9":"product_cat-bulk-buy-disposable-vapes-in-austria","10":"product_cat-bulk-buy-disposable-vapes-in-belgium","11":"product_cat-bulk-buy-disposable-vapes-in-europe","12":"product_cat-bulk-buy-disposable-vapes-in-france","13":"product_cat-bulk-buy-disposable-vapes-in-germany","14":"product_cat-bulk-buy-disposable-vapes-in-italy","15":"product_cat-bulk-buy-disposable-vapes-in-netherlands","16":"product_cat-bulk-buy-disposable-vapes-in-norway","17":"product_cat-bulk-buy-disposable-vapes-in-poland","18":"product_cat-bulk-buy-disposable-vapes-in-portugal","19":"product_cat-bulk-buy-disposable-vapes-in-spain","20":"product_cat-bulk-buy-disposable-vapes-in-sweden","21":"product_cat-bulk-buy-disposable-vapes-in-switzerland","22":"product_cat-buy-best-disposable-vape-flavors","23":"product_cat-crystal-vapes","24":"product_cat-digital-box-vapes","25":"product_cat-disposable-vapes-series","26":"product_cat-dual-mesh-vapes","27":"product_cat-european-vape-warehouse","28":"product_cat-lower-nicotine-vapes","29":"product_cat-rechargeable-vapes","30":"product_cat-vape","31":"product_cat-vape-shop-by-puffs","33":"first","34":"instock","35":"shipping-taxable","36":"purchasable","37":"product-type-variable","38":"has-default-attributes"},"jetpack_sharing_enabled":true,"tiered_pricing_type":"fixed","tiered_pricing_fixed_rules":[],"tiered_pricing_product_settings":{"layout":"default","base_unit_name":{"singular":null,"plural":null},"default_variation":null},"tiered_pricing_minimum_quantity":null,"tiered_pricing_roles_data":[],"tiered_pricing_percentage_rules":[],"tiered_pricing_maximum_quantity":null,"tiered_pricing_quantity_step":null,"_links":{"self":[{"href":"https:\/\/vapexyz.com\/lt\/wp-json\/wp\/v2\/product\/61082","targetHints":{"allow":["GET"]}}],"collection":[{"href":"https:\/\/vapexyz.com\/lt\/wp-json\/wp\/v2\/product"}],"about":[{"href":"https:\/\/vapexyz.com\/lt\/wp-json\/wp\/v2\/types\/product"}],"replies":[{"embeddable":true,"href":"https:\/\/vapexyz.com\/lt\/wp-json\/wp\/v2\/comments?post=61082"}],"wp:featuredmedia":[{"embeddable":true,"href":"https:\/\/vapexyz.com\/lt\/wp-json\/wp\/v2\/media\/61105"}],"wp:attachment":[{"href":"https:\/\/vapexyz.com\/lt\/wp-json\/wp\/v2\/media?parent=61082"}],"wp:term":[{"taxonomy":"product_brand","embeddable":true,"href":"https:\/\/vapexyz.com\/lt\/wp-json\/wp\/v2\/product_brand?post=61082"},{"taxonomy":"product_cat","embeddable":true,"href":"https:\/\/vapexyz.com\/lt\/wp-json\/wp\/v2\/product_cat?post=61082"},{"taxonomy":"product_tag","embeddable":true,"href":"https:\/\/vapexyz.com\/lt\/wp-json\/wp\/v2\/product_tag?post=61082"}],"curies":[{"name":"wp","href":"https:\/\/api.w.org\/{rel}","templated":true}]}}