{"id":58922,"date":"2025-11-07T03:34:13","date_gmt":"2025-11-07T03:34:13","guid":{"rendered":"https:\/\/vapexyz.com\/?post_type=product&#038;p=58922"},"modified":"2026-03-05T03:54:51","modified_gmt":"2026-03-05T03:54:51","slug":"fycos-4-in-1-100k-vienkartinis-garintuvas-geriausia-didmenine-prekyba-100000-isputimu-urmu-pirkimas-mazai-nikotino","status":"publish","type":"product","link":"https:\/\/vapexyz.com\/lt\/product\/fycos-4-in-1-100k-disposable-vape-best-wholesale-100000-puffs-bulk-buy-low-nicotine\/","title":{"rendered":"FYCOS 4-IN-1 100K Vienkartinio Garintuvo Didmenin\u0117 Prekyba 100000 \u012ekv\u0117pim\u0173 Masiniai Pirkimai"},"content":{"rendered":"<article style=\"font-family: 'Segoe UI', Roboto, Helvetica, Arial, sans-serif; max-width: 100%; margin: 0 auto; color: #334155; line-height: 1.8; font-size: 16px; padding: 20px; background-color: #ffffff;\">\n<h2 style=\"color: #0f172a; text-align: center; border-bottom: 3px solid #2563eb; padding-bottom: 15px; margin-bottom: 30px; font-size: 32px; font-weight: bold;\">Technin\u0117 ir empirin\u0117 analiz\u0117: FYCOS 4-IN-1 100K Puffs vienkartiniai garintuvai<\/h2>\n<div style=\"background-color: #f8fafc; border-left: 5px solid #2563eb; padding: 25px; margin-bottom: 35px; border-radius: 0 10px 10px 0; box-shadow: 0 4px 6px -1px rgba(0, 0, 0, 0.05);\">\n<h3 style=\"color: #1e293b; margin-top: 0; font-size: 22px;\">Korporacin\u0117 vald\u017eia ir platinimo meistri\u0161kumas<\/h3>\n<p style=\"margin-bottom: 15px;\">Sveiki atvyk\u0119 \u012f VapeXYZ, j\u016bs\u0173 pagrindin\u0119 pasaulin\u0119 didmenin\u0117s prekybos platform\u0105, skirt\u0105 tik auk\u0161\u010diausios kokyb\u0117s vienkartini\u0173 garintuv\u0173 pa\u017eangai ir tiekimui. Tur\u0117damas grie\u017etai dokumentuot\u0105 a\u0161tuoneri\u0173 met\u0173 veiklos istorij\u0105 tarptautin\u0117je rinkoje, m\u016bs\u0173 \u012fmon\u0117 \u012fsitvirtino kaip autoritetingas B2B kanalas auk\u0161\u010diausios klas\u0117s garinimo technologijoms.<\/p>\n<p style=\"margin-bottom: 0;\">Veikiame kaip profesionalus didmenin\u0117s prekybos platintojas, palaikydamas tiesioginius santykius su patikrintomis gamybos \u012fmon\u0117mis. \u0160is strukt\u016brinis prana\u0161umas leid\u017eia mums pasi\u016blyti pa\u017eangius vienkartinius garintuvus u\u017e labai konkurencingas didmenin\u0117s prekybos kainas, kurias palaiko i\u0161skirtinai prieinamas minimalus u\u017esakymo kiekis (MOQ) - tik 10 vienet\u0173. Nesvarbu, ar j\u016bs valdote didel\u0119 ma\u017emenin\u0117s prekybos tinkl\u0105, ar specializuot\u0105 nepriklausom\u0105 butik\u0105, m\u016bs\u0173 infrastrukt\u016bra u\u017etikrina, kad tur\u0117site nenutr\u016bkstam\u0105 prieig\u0105 prie did\u017eiausios talpos prietais\u0173, \u0161iuo metu prieinam\u0173 rinkoje.<\/p>\n<\/div>\n<p style=\"font-size: 18px; color: #475569; margin-bottom: 25px;\">Kadangi pramon\u0117 pasisuka link itin didel\u0117s talpos aparat\u016bros, b\u016btina atlikti i\u0161sami\u0105 in\u017einerin\u0119 analiz\u0119, kad b\u016bt\u0173 galima atskirti reklamos teiginius nuo patikrinam\u0173 rezultat\u0173. FYCOS 4 IN 1 100K Puffs Disposable Vape yra reik\u0161mingas architekt\u016brinis \u0161uolis \u012frenginio dizaino srityje. Integruojant keturis skirtingus rezervuarus \u012f vien\u0105, vientis\u0105 va\u017e\u012f, \u0161is \u012frenginys u\u017etikrina precedento neturint\u012f eksploatavimo laik\u0105, tuo pa\u010diu i\u0161laikant grie\u017et\u0105 atitikim\u0105 gamybos kokyb\u0117s standartams.<\/p>\n<h3 style=\"color: #2563eb; font-size: 24px; margin-top: 40px; border-bottom: 1px solid #e2e8f0; padding-bottom: 10px;\">In\u017einerin\u0117 kompetencija ir technin\u0117s specifikacijos<\/h3>\n<p style=\"margin-bottom: 15px;\">\u0160i\u0173 didel\u0117s talpos vienkartini\u0173 garintuv\u0173 pagrindin\u0117 architekt\u016bra yra pagr\u012fsta pa\u017eangia med\u017eiag\u0173 mokslo ir tikslia termodinamika. Skirtingai nuo senesn\u0117s aparatin\u0117s \u012frangos, kuri remiasi vieno kameros sistemomis, FYCOS 4 IN 1 naudoja daugialyp\u012f vidin\u012f masyv\u0105, u\u017edengt\u0105 maisto kokyb\u0117s, atsparaus sm\u016bgiams polikarbonato (PC) ir PCTG i\u0161oriniu korpusu. \u0160is med\u017eiag\u0173 pasirinkimas u\u017etikrina konstrukcijos vientisum\u0105 ir absoliut\u0173 termin\u012f stabilum\u0105 net ilg\u0173 eksploatavimo ciklu metu.<\/p>\n<ul style=\"background-color: #f1f5f9; padding: 25px 25px 25px 45px; border-radius: 10px; margin-bottom: 30px; list-style-type: square; color: #1e293b;\">\n<li style=\"margin-bottom: 12px;\">Mikro-Tinklin\u0117 Termodinamika: \u012erenginys veikia per pa\u017eangi\u0105 1,2 om\u0173 tinklin\u0119 kaitinimo matric\u0105. \u0160i mikroausti lydinio strukt\u016bra \u017eymiai padidina pavir\u0161iaus plot\u0105, lie\u010diam\u0105 su vidine kapiliarine matrica, neleid\u017eia lokaliniam degimui ir u\u017etikrina tobulai vienod\u0105 \u0161ilumos perdavim\u0105.<\/li>\n<li style=\"margin-bottom: 12px;\">I\u0161pl\u0117stin\u0117 energijos tiekimo sistema: \u012erenginio viduje yra auk\u0161to tankio, A klas\u0117s 850mAh li\u010dio jon\u0173 (Li-ion) elementas. Vidin\u0117 akumuliatoriaus valdymo sistema (BMS) apima perkrovimo, per didelio i\u0161krovimo ir trump\u0173j\u0173 jungim\u0173 apsaugos protokolus, u\u017etikrinan\u010dius \u012frenginio elektros vientisum\u0105.<\/li>\n<li style=\"margin-bottom: 12px;\">Universali \u012ekrovimo S\u0105saja: \u012erenginys naudoja modern\u0173 Type-C \u012fkrovimo lizd\u0105, veikiant\u012f pagal standartin\u012f 5V\/1A pastovios srov\u0117s\/pastovios \u012ftampos (CC\/CV) \u012f\u0117jim\u0105, leid\u017eiant\u012f greitai ir saugiai papildyti energij\u0105, nesugadinti pagrindinio elemento.<\/li>\n<li style=\"margin-bottom: 12px;\">Skaitmenin\u0117 telemetrija: Integruotas i\u0161manusis LED ekranas teikia realaus laiko, objektyvius duomenis apie likusias akumuliatoriaus atsargas ir formuluot\u0117s lygius, pa\u0161alina vartotoj\u0173 sp\u0117jimus ir padidina veiklos skaidrum\u0105.<\/li>\n<li style=\"margin-bottom: 0;\">Kintamos stiprios koncentracijos: Siekiant prisitaikyti prie \u012fvairi\u0173 pasaulini\u0173 rink\u0173 reguliavimo reikalavim\u0173 ir vartotoj\u0173 pageidavim\u0173, sistema yra sukurta palaikyti 0%, 2%, 3% ir 5% aktyvi\u0173j\u0173 jungini\u0173 formules.<\/li>\n<\/ul>\n<div style=\"background: linear-gradient(135deg, #eff6ff 0%, #e0e7ff 100%); border-left: 5px solid #4f46e5; padding: 25px; border-radius: 8px; margin: 35px 0; box-shadow: 0 4px 15px rgba(0,0,0,0.05);\">\n<h3 style=\"color: #1e293b; margin-top: 0; font-size: 22px; display: flex; align-items: center;\"><span style=\"background-color: #4f46e5; color: white; border-radius: 50%; width: 32px; height: 32px; display: inline-flex; justify-content: center; align-items: center; margin-right: 15px; font-size: 18px;\">i<\/span>\u017dini\u0173 punktas: 4-in-1 daugialypis mechanizmas<\/h3>\n<p style=\"color: #334155; margin-bottom: 0; line-height: 1.7;\">FYCOS modelio lemiantis technologinis pa\u017eangas yra jo mechanin\u0117 multipleksavimo sistema. U\u017euot \u012fmontav\u0119s vien\u0105 didel\u012f vidin\u012f ertm\u0119, prietaisas yra sukurtas su keturiais skirtingais, hermeti\u0161kai u\u017edarais rezervuarais. Precizi\u0161kai apdirbta rotacin\u0117 pasirinkimo mechanizmas fizi\u0161kai sulygina oro srauto keli\u0105 ir elektros kontakt\u0173 ta\u0161kus su naudotojo pasirinktu rezervuaru. \u0160i konstrukcin\u0117 izoliacija garantuoja, kad n\u0117ra kry\u017eminio u\u017eter\u0161imo tarp skirting\u0173 botanini\u0173 mi\u0161ini\u0173, u\u017etikrinant, kad aromatinis profilis i\u0161lieka visi\u0161kai nepakeistas nuo pirmojo aktyvavimo iki visi\u0161ko prietaiso i\u0161tekli\u0173 i\u0161eikvojimo.<\/p>\n<\/div>\n<h3 style=\"color: #2563eb; font-size: 24px; margin-top: 40px; border-bottom: 1px solid #e2e8f0; padding-bottom: 10px;\">Eksperimentiniai rezultatai ir laboratoriniai tyrimai<\/h3>\n<p style=\"margin-bottom: 15px;\">Pasitik\u0117jimas didelio paj\u0117gumo teiginiais turi b\u016bti pagr\u012fstas empiriniais duomenimis. Norint patvirtinti i\u0161skirtin\u012f \u0161i\u0173 vienkartini\u0173 garintuv\u0173 100 000 i\u0161vesties \u012fvertinim\u0105, tyrimo ir k\u016brimo etape yra taikomi grie\u017eti laboratoriniai protokolai. Naudojant specializuot\u0105, automatizuot\u0105 pneumatin\u0119 imitavimo \u012frang\u0105, aparatas yra nuolat tikrinamas esant standartin\u0117ms atmosferos s\u0105lygoms.<\/p>\n<p style=\"margin-bottom: 30px;\">Palyginimo standartas naudoja tiksl\u0173 1,5 sekund\u0117s \u012fkv\u0117pimo mat\u0105. Per \u0161iuos automatizuotus bandymus, terminio vaizdo davikliai stebi tinklelio \u0161erd\u012f, kad u\u017etikrint\u0173, jog darbo temperat\u016bra lieka grie\u017etai tarp 180\u00b0C ir 220\u00b0C. \u0160i empirin\u0117 metodologija patvirtina, kad vidin\u0117 kapiliarin\u0117 matrica lieka pakankamai prisotinta, o galutinis rezultatas duoda t\u0105 pa\u010di\u0105 t\u016brini\u0173 tank\u012f kaip ir pradinis aktyvinimas, efektyviai patvirtinant gamintojo pateiktas i\u0161tverm\u0117s charakteristikas.<\/p>\n<h3 style=\"color: #2563eb; font-size: 24px; margin-top: 40px; border-bottom: 1px solid #e2e8f0; padding-bottom: 10px;\">I\u0161sam\u016bs Botaniniai ir Aromatini\u0173 Augal\u0173 Rinkiniai<\/h3>\n<p style=\"margin-bottom: 20px;\">FYCOS 4 IN 1 aparatas yra i\u0161 anksto sukonfig\u016bruotas su ekspert\u0173 suformuluotais profiliais. Keturi\u0173 atskir\u0173 rezervuar\u0173 integracija leid\u017eia gauti labai \u012fvairi\u0173 poj\u016b\u010di\u0173 patir\u010di\u0173 viename \u012frenginyje. \u017demiau yra pateikti patvirtinti konfig\u016bracijos, kurios yra prieinamos didmeniniam \u012fsigijimui:<\/p>\n<div style=\"background-color: #ffffff; border: 1px solid #cbd5e1; padding: 30px; border-radius: 12px; margin-bottom: 40px; box-shadow: 0 10px 25px -5px rgba(0, 0, 0, 0.05);\">\n<ol style=\"color: #334155; font-size: 16px; line-height: 2.2; margin: 0; padding-left: 20px;\">\n<li>Vandensmeliono ledas \/ Banan\u0173 ledas \/ Trigubas mangas \/ \u017demuogi\u0173 kivi<\/li>\n<li>\u0160vie\u017ei\u0173 Bra\u0161ki\u0173 Ledai \/ M\u0117lyni\u0173 Avie\u010di\u0173 \/ Vy\u0161ni\u0173 Kola \/ Persik\u0173 Uog\u0173<\/li>\n<li>Ananas\u0173 ledai \/ Gvajavos ir mang\u0173 \/ M\u0117lyni\u0173 ledai \/ \u017dem\u0117\u010di\u0173 ir mang\u0173<\/li>\n<li>Juod\u0173j\u0173 serbent\u0173 ledas \/ Juodojo drakono ledas \/ Trij\u0173 r\u016b\u0161i\u0173 melion\u0173 \/ Bluerazz citrinos<\/li>\n<li>Vynuogi\u0173 ledas \/ Ro\u017einis limonadas \/ Dvigubas obuolys \/ Bra\u0161ki\u0173 bananas<\/li>\n<li>Mango ledas \/ Persik\u0173 ledas \/ Pasira\u0161\u0173 melionas \/ Bra\u0161ki\u0173 Redbull<\/li>\n<li>Vy\u0161ni\u0173 ledas \/ Kivio Passionfruit Guava \/ Juodasis serbentai \/ Avie\u010di\u0173 arb\u016bzas<\/li>\n<li>P. Blue \/ Redbull Ledas \/ Persikas Mango \/ Bra\u0161ki\u0173 Arb\u016bz\u0173 Ledas<\/li>\n<li>Lemonas ir Lime \/ Vynuogi\u0173 uoga \/ \u0160altasis m\u0117t\u0173 \/ Aviet\u0117 ir Arb\u016bzas<\/li>\n<li>M\u0117lyni\u0173 r\u016bg\u0161tus aviet\u0117 \/ Kolos ledas \/ Persik\u0173 mango arb\u016bz\u0173 ledas \/ Ananas\u0173 kokosas<\/li>\n<\/ol>\n<\/div>\n<div style=\"text-align: center; margin: 40px 0;\"><img loading=\"lazy\" decoding=\"async\" class=\"alignnone wp-image-58977 size-full\" style=\"max-width: 100%; height: auto; border-radius: 10px; box-shadow: 0 4px 15px rgba(0,0,0,0.1);\" src=\"https:\/\/vapexyz.com\/wp-content\/uploads\/2025\/11\/FYCOS-4-IN-1-100K-Puffs-Disposable-Vape-Best-Wholesale-Bulk-Buy-Low-Nicotine-2.webp\" alt=\"FYCOS 4 IN 1 100K Vienkartinio garintuvo Geriausias didmeninis 100000 \u012fkv\u0117pim\u0173 didmeninis pirkimas\" width=\"1440\" height=\"300\" title=\"\" srcset=\"https:\/\/vapexyz.com\/wp-content\/uploads\/2025\/11\/FYCOS-4-IN-1-100K-Puffs-Disposable-Vape-Best-Wholesale-Bulk-Buy-Low-Nicotine-2.webp 1440w, https:\/\/vapexyz.com\/wp-content\/uploads\/2025\/11\/FYCOS-4-IN-1-100K-Puffs-Disposable-Vape-Best-Wholesale-Bulk-Buy-Low-Nicotine-2-510x106.webp 510w, https:\/\/vapexyz.com\/wp-content\/uploads\/2025\/11\/FYCOS-4-IN-1-100K-Puffs-Disposable-Vape-Best-Wholesale-Bulk-Buy-Low-Nicotine-2-500x104.webp 500w, https:\/\/vapexyz.com\/wp-content\/uploads\/2025\/11\/FYCOS-4-IN-1-100K-Puffs-Disposable-Vape-Best-Wholesale-Bulk-Buy-Low-Nicotine-2-1024x213.webp 1024w, https:\/\/vapexyz.com\/wp-content\/uploads\/2025\/11\/FYCOS-4-IN-1-100K-Puffs-Disposable-Vape-Best-Wholesale-Bulk-Buy-Low-Nicotine-2-768x160.webp 768w, https:\/\/vapexyz.com\/wp-content\/uploads\/2025\/11\/FYCOS-4-IN-1-100K-Puffs-Disposable-Vape-Best-Wholesale-Bulk-Buy-Low-Nicotine-2-18x4.webp 18w\" sizes=\"auto, (max-width: 1440px) 100vw, 1440px\" \/><\/div>\n<h3 style=\"color: #2563eb; font-size: 24px; margin-top: 40px; border-bottom: 1px solid #e2e8f0; padding-bottom: 10px;\">Gamybos \u012egaliojimai ir Kokyb\u0117s Atitiktis<\/h3>\n<p style=\"margin-bottom: 15px;\">Veikdama kaip pirmaujantis B2B pardav\u0117jas, VapeXYZ i\u0161skirtinai bendradarbiauja su gamintojais, kurie demonstruoja grie\u017et\u0105 atitikt\u012f pasaulin\u0117ms reguliavimo normoms. Galutin\u0117 \u0161i\u0173 vienkartini\u0173 garintuv\u0173 surinkimas vykdomas ISO 9001 sertifikuotoje, 8 klas\u0117s \u0161varioje patalpoje. \u0160is standartas pa\u0161alina ore esan\u010di\u0173 daleli\u0173 u\u017eter\u0161im\u0105 jautraus formavimo ir u\u017epildymo proceso metu.<\/p>\n<p style=\"margin-bottom: 30px;\">Be to, elektros ir med\u017eiag\u0173 komponentai turi patikrinamus CE ir RoHS sertifikatus. \u0160ie visuotinai pripa\u017einti atitikties \u017eenklai garantuoja, kad vidin\u0117s grandin\u0117s, litavimo jungtys ir polimeriniai korpusai yra akivaizd\u017eiai be pavojing\u0173 sunki\u0173j\u0173 metal\u0173. Didmeniniams platintojams, veikiantiems grie\u017etai reguliuojamose tarptautin\u0117se rinkose, \u0161ie \u012fgaliojimai suteikiantys sertifikatai u\u017etikrina esmin\u0119 atsakomyb\u0117s apsaug\u0105 ir kokyb\u0117s u\u017etikrinim\u0105.<\/p>\n<h3 style=\"color: #2563eb; font-size: 24px; margin-top: 40px; border-bottom: 1px solid #e2e8f0; padding-bottom: 10px;\">Lyginamieji Analiziniai Rodikliai<\/h3>\n<p style=\"margin-bottom: 20px;\">Siekiant objektyviai iliustruoti FYCOS 4 IN 1 sistemos vert\u0117s pasi\u016blym\u0105, mes sudar\u0117me tiesiogin\u0119 lyginam\u0105j\u0105 analiz\u0119 su standartine vienkartinio naudojimo aparat\u016bra, \u0161iuo metu cirkuliuojan\u010dia didmenin\u0117je rinkoje:<\/p>\n<div style=\"overflow-x: auto;\">\n<table style=\"width: 100%; border-collapse: collapse; margin: 20px 0; background-color: #ffffff; border-radius: 12px; overflow: hidden; box-shadow: 0 4px 20px rgba(0,0,0,0.08); font-size: 16px;\">\n<thead>\n<tr style=\"background-color: #1e293b; color: #ffffff;\">\n<th style=\"padding: 18px; text-align: left; font-weight: 600; border-bottom: 2px solid #334155;\">Technin\u0117 specifikacija<\/th>\n<th style=\"padding: 18px; text-align: left; font-weight: 600; border-bottom: 2px solid #334155;\">FYCOS 4 IN 1 sistema<\/th>\n<th style=\"padding: 18px; text-align: left; font-weight: 600; border-bottom: 2px solid #334155;\">\u012eprasti vienkartinio naudojimo prietaisai<\/th>\n<\/tr>\n<\/thead>\n<tbody>\n<tr style=\"border-bottom: 1px solid #e2e8f0; transition: background-color 0.3s; background-color: #f8fafc;\">\n<td style=\"padding: 16px 18px; font-weight: 500; color: #475569;\">Empirinis i\u0161vesties paj\u0117gumas<\/td>\n<td style=\"padding: 16px 18px; color: #0f172a;\">Iki 100 000 bendro i\u0161vesties cikl\u0173<\/td>\n<td style=\"padding: 16px 18px; color: #64748b;\">Paprastai apribota iki 5 000\u201310 000 cikl\u0173<\/td>\n<\/tr>\n<tr style=\"border-bottom: 1px solid #e2e8f0; background-color: #ffffff;\">\n<td style=\"padding: 16px 18px; font-weight: 500; color: #475569;\">Rezervuaro multipleksavimas<\/td>\n<td style=\"padding: 16px 18px; color: #0f172a;\">4 Izoliuotos kameros su rotaciniu pasirinkimu<\/td>\n<td style=\"padding: 16px 18px; color: #64748b;\">Vienkamerin\u0117 monolitin\u0117 kamera<\/td>\n<\/tr>\n<tr style=\"border-bottom: 1px solid #e2e8f0; background-color: #f8fafc;\">\n<td style=\"padding: 16px 18px; font-weight: 500; color: #475569;\">Energijos valdymo sistema<\/td>\n<td style=\"padding: 16px 18px; color: #0f172a;\">850mAh \u012ekraunamas su Type-C IC Valdikliu<\/td>\n<td style=\"padding: 16px 18px; color: #64748b;\">Da\u017enai \u012fkraunamos pagrindin\u0117s l\u0105stel\u0117s<\/td>\n<\/tr>\n<tr style=\"background-color: #ffffff;\">\n<td style=\"padding: 16px 18px; font-weight: 500; color: #475569;\">Privalumai<\/td>\n<td style=\"padding: 16px 18px; color: #0f172a;\">0%, 2%, 3%, 5% koncentracijos kintamieji<\/td>\n<td style=\"padding: 16px 18px; color: #64748b;\">Labai Ribotos Regionin\u0117s Stipryb\u0117s<\/td>\n<\/tr>\n<\/tbody>\n<\/table>\n<\/div>\n<h3 style=\"color: #2563eb; font-size: 24px; margin-top: 50px; border-bottom: 1px solid #e2e8f0; padding-bottom: 10px;\">Da\u017enai u\u017eduodami klausimai (DUK)<\/h3>\n<div style=\"background-color: #ffffff; border: 1px solid #e2e8f0; padding: 25px; border-radius: 12px; margin-bottom: 40px; box-shadow: 0 4px 6px -1px rgba(0,0,0,0.05);\">\n<div style=\"margin-bottom: 25px; border-bottom: 1px dashed #cbd5e1; padding-bottom: 20px;\">\n<h4 style=\"color: #0f172a; margin: 0 0 10px 0; font-size: 18px;\">K: Kokie specifiniai empiriniai duomenys patvirtina \u0161io \u012frenginio 100 000 veikimo ciklo eksploatavimo trukm\u0119?<\/h4>\n<p style=\"color: #475569; margin: 0;\">A: I\u0161skirtinis eksploatavimo laikas objektyviai matuojamas naudojant automatizuot\u0105 pneumatin\u0119 simuliavimo \u012frang\u0105 ISO sertifikuotose laboratorijose. Bendr\u0105 t\u016br\u012f suskirstant \u012f keturis skirtingus rezervuarus ir naudojant standartizuotus 1,5 sekund\u0117s \u012fkv\u0117pimo parametrus, aparatas patikimai i\u0161laiko i\u0161vesties vientisum\u0105, kol pasiekiamas 100 000 ciklo slenkstis.<\/p>\n<\/div>\n<div style=\"margin-bottom: 25px; border-bottom: 1px dashed #cbd5e1; padding-bottom: 20px;\">\n<h4 style=\"color: #0f172a; margin: 0 0 10px 0; font-size: 18px;\">K: Kaip vidin\u0117 energijos valdymo sistema tvarko \u012fkrovim\u0105?<\/h4>\n<p style=\"color: #475569; margin: 0;\">A: \u012erenginys turi intelektuali\u0105 baterijos valdymo sistem\u0105 (BMS), prijungt\u0105 prie \u201eType-C\u201c terminalo. Ji apdoroja 5V\/1A elektros \u012fvest\u012f, naudodama pastovios srov\u0117s\/pastovios \u012ftampos algoritm\u0105. Tai neleid\u017eia \u0161iluminiam b\u0117gimui ir u\u017etikrina, kad 850mAh element\u0105 b\u016bt\u0173 galima saugiai \u012fkrauti viso \u012frenginio eksploatavimo metu.<\/p>\n<\/div>\n<div style=\"margin-bottom: 25px; border-bottom: 1px dashed #cbd5e1; padding-bottom: 20px;\">\n<h4 style=\"color: #0f172a; margin: 0 0 10px 0; font-size: 18px;\">K: Kaip veikia mechanin\u0117 4-in-1 rotacin\u0117 sistema?<\/h4>\n<p style=\"color: #475569; margin: 0;\">A: \u012erenginys naudoja tiksliai apdirbt\u0105 mechanin\u012f skaitikl\u012f \u0161asi s\u0105sajoje. Pasukus \u0161\u012f skaitikl\u012f fizi\u0161kai i\u0161 naujo i\u0161rikiuojami vidiniai pneumatini\u0173 tak\u0173 ir elektros kontaktai, leid\u017eiantys skland\u017eiai ir pagal poreik\u012f pereiti tarp keturi\u0173 izoliuot\u0173 botanini\u0173 mi\u0161ini\u0173 rezervuar\u0173 be jokios vidin\u0117s kry\u017emin\u0117s tar\u0161os.<\/p>\n<\/div>\n<div style=\"margin-bottom: 25px; border-bottom: 1px dashed #cbd5e1; padding-bottom: 20px;\">\n<h4 style=\"color: #0f172a; margin: 0 0 10px 0; font-size: 18px;\">Ar yra skirting\u0173 koncentracij\u0173 jungini\u0173, skirt\u0173 skirtingoms reguliavimo rinkoms?<\/h4>\n<p style=\"color: #475569; margin: 0;\">A: Absoliu\u010diai.  Pripa\u017e\u012fstant reguliavimo reikalavim\u0173 ir vartotoj\u0173 pasirinkimo b\u016btinyb\u0119, \u0161is \u012frenginys gaminamas su labai tiksliais koncentracijos pasirinkimais. Didmeniniai pirk\u0117jai gali rinktis i\u0161 0%, 2%, 3% arba 5% stiprumo formuli\u0173, leid\u017eian\u010di\u0173 tikslingai platinti ma\u017emenin\u0117je prekyboje.<\/p>\n<\/div>\n<div style=\"margin-bottom: 0;\">\n<h4 style=\"color: #0f172a; margin: 0 0 10px 0; font-size: 18px;\">K: Kokie yra logistiniai parametrai, norint u\u017etikrinti \u0161i\u0173 vienkartini\u0173 garintuv\u0173 \u012fsigijim\u0105 per VapeXYZ?<\/h4>\n<p style=\"color: #475569; margin: 0;\">A: \u201eVapeXYZ\u201c yra optimizuota pasaulin\u0117s rinkos B2B didmenin\u0117s prekybos platinimui, ypating\u0105 d\u0117mes\u012f skiriant Europos sektoriui. Mes nustatome labai lankst\u0173 minimal\u0173 u\u017esakymo kiek\u012f (MOQ) - tik 10 vienet\u0173, leid\u017eiant\u012f skland\u017eiai keisti atsarg\u0173 mastel\u012f tiek ma\u017emenin\u0117ms parduotuv\u0117ms, tiek dideliems \u012fmoni\u0173 platintojams.<\/p>\n<\/div>\n<\/div>\n<h3 style=\"color: #2563eb; font-size: 24px; margin-top: 40px; border-bottom: 1px solid #e2e8f0; padding-bottom: 10px;\">Optimizuokite savo didmenin\u0117s prekybos atsargas \u0161iandien<\/h3>\n<p style=\"margin-bottom: 25px;\">Kaip vartotoj\u0173 rinka agresyviai pereina prie labai efektyvios, daug rezervuar\u0173 turin\u010dios \u012frangos, technologiniu po\u017ei\u016briu aktualaus inventoriaus i\u0161laikymas yra labai svarbus. FYCOS 4 IN 1 100K pasi\u017eymi neprilygstamu architekt\u016briniu patvarumu, patikrintu med\u017eiag\u0173 saugumu ir neprilygstamu vartotoj\u0173 patogumu. Nor\u0117dami u\u017etikrinti savo didmenin\u012f \u012fsigijim\u0105, tiesiogiai pereikite \u012f VapeXYZ didmeninink\u0173 portal\u0105. M\u016bs\u0173 tvirta tiekimo grandin\u0117s logistika u\u017etikrina pagreitint\u0105 tranzit\u0105 ir nepajudinam\u0105 inventoriaus palaikym\u0105 visiems m\u016bs\u0173 komerciniams partneriams.<\/p>\n<p style=\"margin-bottom: 40px; font-weight: bold; color: #0f172a;\">A\u010di\u016b, kad pasitikite VapeXYZ\u2014 j\u016bs\u0173 autoritetiniu \u0161altiniu tiksliai sukurtoms vienkartin\u0117ms garintuv\u0117ms.<\/p>\n<div style=\"text-align: center; margin-top: 40px;\"><img loading=\"lazy\" decoding=\"async\" class=\"alignnone wp-image-59059 size-full\" style=\"max-width: 100%; height: auto; border-radius: 10px; box-shadow: 0 4px 15px rgba(0,0,0,0.1);\" src=\"https:\/\/vapexyz.com\/wp-content\/uploads\/2025\/11\/FYCOS-4-IN-1-100K-Disposable-Vape-100000-Puffs-0\u20135-Nicotine-Pure-Wholesale-Bulk-Buy-2.webp\" alt=\"FYCOS 4 IN 1 100K Vienkartinio garintuvo Geriausias didmeninis 100000 \u012fkv\u0117pim\u0173 didmeninis pirkimas\" width=\"1280\" height=\"1280\" title=\"\" srcset=\"https:\/\/vapexyz.com\/wp-content\/uploads\/2025\/11\/FYCOS-4-IN-1-100K-Disposable-Vape-100000-Puffs-0\u20135-Nicotine-Pure-Wholesale-Bulk-Buy-2.webp 1280w, https:\/\/vapexyz.com\/wp-content\/uploads\/2025\/11\/FYCOS-4-IN-1-100K-Disposable-Vape-100000-Puffs-0\u20135-Nicotine-Pure-Wholesale-Bulk-Buy-2-500x500.webp 500w, https:\/\/vapexyz.com\/wp-content\/uploads\/2025\/11\/FYCOS-4-IN-1-100K-Disposable-Vape-100000-Puffs-0\u20135-Nicotine-Pure-Wholesale-Bulk-Buy-2-1024x1024.webp 1024w, https:\/\/vapexyz.com\/wp-content\/uploads\/2025\/11\/FYCOS-4-IN-1-100K-Disposable-Vape-100000-Puffs-0\u20135-Nicotine-Pure-Wholesale-Bulk-Buy-2-300x300.webp 300w, https:\/\/vapexyz.com\/wp-content\/uploads\/2025\/11\/FYCOS-4-IN-1-100K-Disposable-Vape-100000-Puffs-0\u20135-Nicotine-Pure-Wholesale-Bulk-Buy-2-768x768.webp 768w, https:\/\/vapexyz.com\/wp-content\/uploads\/2025\/11\/FYCOS-4-IN-1-100K-Disposable-Vape-100000-Puffs-0\u20135-Nicotine-Pure-Wholesale-Bulk-Buy-2-12x12.webp 12w, https:\/\/vapexyz.com\/wp-content\/uploads\/2025\/11\/FYCOS-4-IN-1-100K-Disposable-Vape-100000-Puffs-0\u20135-Nicotine-Pure-Wholesale-Bulk-Buy-2-247x247.webp 247w, https:\/\/vapexyz.com\/wp-content\/uploads\/2025\/11\/FYCOS-4-IN-1-100K-Disposable-Vape-100000-Puffs-0\u20135-Nicotine-Pure-Wholesale-Bulk-Buy-2-510x510.webp 510w, https:\/\/vapexyz.com\/wp-content\/uploads\/2025\/11\/FYCOS-4-IN-1-100K-Disposable-Vape-100000-Puffs-0\u20135-Nicotine-Pure-Wholesale-Bulk-Buy-2-100x100.webp 100w\" sizes=\"auto, (max-width: 1280px) 100vw, 1280px\" \/><\/div>\n<\/article>","protected":false},"excerpt":{"rendered":"<p>FYCOS 4 IN 1 100K vienkartinis garintuvas suteikia 100 000 \u012fkv\u0117pim\u0173 su keturiais skoniais viename \u012frenginyje, galima didmenin\u0117 prekyba VapeXYZ.<\/p>","protected":false},"featured_media":58967,"comment_status":"open","ping_status":"closed","template":"","meta":{"_lmt_disableupdate":"no","_lmt_disable":""},"product_brand":[],"product_cat":[1089,1056,947,935,934,927,929,928,930,933,939,932,938,931,936,937,1017,949,946,950,951,953,987],"product_tag":[],"class_list":{"0":"post-58922","1":"product","2":"type-product","3":"status-publish","4":"has-post-thumbnail","6":"product_cat-fycos-disposable-vapes","7":"product_cat-100000-puff-vapes","8":"product_cat-big-puffs-vapes","9":"product_cat-bulk-buy-disposable-vapes-in-austria","10":"product_cat-bulk-buy-disposable-vapes-in-belgium","11":"product_cat-bulk-buy-disposable-vapes-in-europe","12":"product_cat-bulk-buy-disposable-vapes-in-france","13":"product_cat-bulk-buy-disposable-vapes-in-germany","14":"product_cat-bulk-buy-disposable-vapes-in-italy","15":"product_cat-bulk-buy-disposable-vapes-in-netherlands","16":"product_cat-bulk-buy-disposable-vapes-in-norway","17":"product_cat-bulk-buy-disposable-vapes-in-poland","18":"product_cat-bulk-buy-disposable-vapes-in-portugal","19":"product_cat-bulk-buy-disposable-vapes-in-spain","20":"product_cat-bulk-buy-disposable-vapes-in-sweden","21":"product_cat-bulk-buy-disposable-vapes-in-switzerland","22":"product_cat-buy-best-disposable-vape-flavors","23":"product_cat-digital-box-vapes","24":"product_cat-disposable-vapes-series","25":"product_cat-dual-mesh-vapes","26":"product_cat-lower-nicotine-vapes","27":"product_cat-rechargeable-vapes","28":"product_cat-vape-shop-by-puffs","30":"first","31":"outofstock","32":"shipping-taxable","33":"purchasable","34":"product-type-variable","35":"has-default-attributes"},"jetpack_sharing_enabled":true,"tiered_pricing_type":"fixed","tiered_pricing_fixed_rules":[],"tiered_pricing_product_settings":{"layout":"default","base_unit_name":{"singular":null,"plural":null},"default_variation":null},"tiered_pricing_minimum_quantity":null,"tiered_pricing_roles_data":[],"tiered_pricing_percentage_rules":[],"tiered_pricing_maximum_quantity":null,"tiered_pricing_quantity_step":null,"_links":{"self":[{"href":"https:\/\/vapexyz.com\/lt\/wp-json\/wp\/v2\/product\/58922","targetHints":{"allow":["GET"]}}],"collection":[{"href":"https:\/\/vapexyz.com\/lt\/wp-json\/wp\/v2\/product"}],"about":[{"href":"https:\/\/vapexyz.com\/lt\/wp-json\/wp\/v2\/types\/product"}],"replies":[{"embeddable":true,"href":"https:\/\/vapexyz.com\/lt\/wp-json\/wp\/v2\/comments?post=58922"}],"wp:featuredmedia":[{"embeddable":true,"href":"https:\/\/vapexyz.com\/lt\/wp-json\/wp\/v2\/media\/58967"}],"wp:attachment":[{"href":"https:\/\/vapexyz.com\/lt\/wp-json\/wp\/v2\/media?parent=58922"}],"wp:term":[{"taxonomy":"product_brand","embeddable":true,"href":"https:\/\/vapexyz.com\/lt\/wp-json\/wp\/v2\/product_brand?post=58922"},{"taxonomy":"product_cat","embeddable":true,"href":"https:\/\/vapexyz.com\/lt\/wp-json\/wp\/v2\/product_cat?post=58922"},{"taxonomy":"product_tag","embeddable":true,"href":"https:\/\/vapexyz.com\/lt\/wp-json\/wp\/v2\/product_tag?post=58922"}],"curies":[{"name":"wp","href":"https:\/\/api.w.org\/{rel}","templated":true}]}}