{"id":57780,"date":"2025-10-13T08:07:22","date_gmt":"2025-10-13T08:07:22","guid":{"rendered":"https:\/\/vapexyz.com\/?post_type=product&#038;p=57780"},"modified":"2026-03-02T13:05:52","modified_gmt":"2026-03-02T13:05:52","slug":"fihp-40000-ikvepimu-dvigubi-skoniai-zemas-nikotino-masinis-pirkimas-originalus-ikraunami-vienkartiniai-garintuvai-didmenine-prekyba","status":"publish","type":"product","link":"https:\/\/vapexyz.com\/lt\/product\/fihp-40000-puffs-double-flavors-low-nicotine-bulk-buy-original-rechargeable-disposable-vapes-wholesale\/","title":{"rendered":"FIHP 40000 Puffs Dvigubas Skonis Didmenin\u0117 Prekyba \u012ekraunami Vienkartiniai Garintuvai Dideliu Kiek\u010diu"},"content":{"rendered":"<article style=\"max-width: 100%;margin: 0 auto;padding: 20px;font-family: system-ui, -apple-system, sans-serif;color: #333;line-height: 1.6\">\n<h2 style=\"color: #2b6cb0;border-bottom: 2px solid #edf2f7;padding-bottom: 10px;margin-top: 30px\" data-start=\"93\" data-end=\"198\"><a style=\"color: #2b6cb0;text-decoration: none\" href=\"https:\/\/vapexyz.com\/lt\/produkto-kategorija\/fihp\/\">FIHP<\/a> 40 000 i\u0161p\u016btim\u0173 <a style=\"color: #2b6cb0;text-decoration: none\" href=\"https:\/\/vapexyz.com\/lt\/produkto-kategorija\/vienkartiniu-vapes-serija\/dvigubo-skonio-garintuvai\/\">Dviej\u0173 profili\u0173 \u012fkraunamas vienkartinis garintuvas<\/a><\/h2>\n<p style=\"font-size: 1.1rem;color: #4a5568\" data-start=\"200\" data-end=\"651\">FIHP 40000 Puffs Dual-Profile I\u0161leid\u017eiamas Garintuvas i\u0161 esm\u0117s i\u0161 naujo apibr\u0117\u017eia auk\u0161tos talpos \u012frangos veikimo standartus. Sukonstruotas su labai efektyvia dvigubo tinklelio rit\u0117s architekt\u016bra, pla\u010dia 36 ml talpyklos talpa ir naujovi\u0161ku dviprofilio perjungimo mechanizmu, jis u\u017etikrina giliai nuosekl\u0173 ir techni\u0161kai prana\u0161\u0173 seans\u0105. Kruop\u0161\u010diai sukurtas komerciniams ma\u017emenininkams ir \u012fmoni\u0173 lygio didmeniniams pirk\u0117jams, \u0161is sud\u0117tingas prietaisas yra prieinamas tiesioginiam didmeniniam \u012fsigijimui VapeXYZ - j\u016bs\u0173 nusistov\u0117jusiame, pagrindiniame autenti\u0161k\u0173 i\u0161leid\u017eiam\u0173 garintuv\u0173 tiek\u0117jame visoje Europos rinkoje.<\/p>\n<hr style=\"border: 0;height: 1px;background-image: linear-gradient(to right, rgba(0, 0, 0, 0), rgba(0, 0, 0, 0.1), rgba(0, 0, 0, 0));margin: 30px 0\" data-start=\"653\" data-end=\"656\" \/>\n<h3 style=\"color: #2d3748;margin-top: 25px\" data-start=\"658\" data-end=\"694\">In\u017einerijos Puikumas: Technin\u0117s Specifikacijos I\u0161analizuotos<\/h3>\n<p style=\"color: #4a5568\">Vertinant vienkartinius garintuvus, skirtus \u012fmoni\u0173 platinimui, itin svarbi technin\u0117 skaidrumas. FIHP 40000 Puffs veikia tiksliai kalibruoto spausdintin\u0117s plok\u0161t\u0117s (PCB), kuris u\u017etikrina reguliuojam\u0105 energijos tiekim\u0105 nuo pirmojo iki paskutinio \u012fkv\u0117pimo. 1,0\u03a9 dvigubo tinklelio rit\u0117s integravimas \u017eymiai padidina \u0161ilumos perdavimo pavir\u0161iaus plot\u0105. \u0160is in\u017einerinis po\u017ei\u016bris suma\u017eina lokalizuotus \u0161ilumos \u0161uolius, taip u\u017ekertant keli\u0105 formul\u0117s degradacijai ir u\u017etikrinant labai stabil\u0173 aerozolio gamybos greit\u012f. 650mAh vidin\u0117 li\u010dio jon\u0173 maitinimo l\u0105stel\u0117 yra optimizuota ilgalaikiams i\u0161krovimo ciklais, subalansuodama kompakti\u0161kus matmenis su patikimu i\u0161\u0117jimu.<\/p>\n<table style=\"width: 100%;max-width: 900px;margin: 2rem auto;border-collapse: collapse;font-family: system-ui, -apple-system, sans-serif;border: 1px solid #e2e8f0\">\n<thead>\n<tr style=\"background-color: #f7fafc;border-bottom: 2px solid #cbd5e0\">\n<th style=\"padding: 15px;text-align: left;font-weight: 600;color: #2d3748;width: 30%\">Specifikacija<\/th>\n<th style=\"padding: 15px;text-align: left;font-weight: 600;color: #2d3748;width: 70%\">Techniniai duomenys ir patvirtinimas<\/th>\n<\/tr>\n<\/thead>\n<tbody>\n<tr style=\"border-bottom: 1px solid #e2e8f0\">\n<td style=\"padding: 12px 15px;font-weight: 500;color: #4a5568\">I\u0161p\u016btimo talpa<\/td>\n<td style=\"padding: 12px 15px;color: #4a5568\">Iki 40 000 aktyvacij\u0173 (patvirtinta naudojant standartin\u0119 pneumatini\u0173 bandym\u0173 \u012frang\u0105 su 1,5 sekund\u0117s intervalo tarpais)<\/td>\n<\/tr>\n<tr style=\"background-color: #fcfcfc;border-bottom: 1px solid #e2e8f0\">\n<td style=\"padding: 12px 15px;font-weight: 500;color: #4a5568\">\u0160ildymo elementas<\/td>\n<td style=\"padding: 12px 15px;color: #4a5568\">Dvigubas tinklelis 1,0 \u03a9 (Optimizuotas greitam \u0161iluminio atsakui ir tolygiam \u0161ildymui)<\/td>\n<\/tr>\n<tr style=\"border-bottom: 1px solid #e2e8f0\">\n<td style=\"padding: 12px 15px;font-weight: 500;color: #4a5568\">Rezervuaro t\u016bris<\/td>\n<td style=\"padding: 12px 15px;color: #4a5568\">36 ml (\u012fmontuotas \u012f cheminiams med\u017eiagoms atspar\u0173, maistini\u0173 produkt\u0173 kokyb\u0117s PCTG polimer\u0105)<\/td>\n<\/tr>\n<tr style=\"background-color: #fcfcfc;border-bottom: 1px solid #e2e8f0\">\n<td style=\"padding: 12px 15px;font-weight: 500;color: #4a5568\">Maitinimo \u0161altinis<\/td>\n<td style=\"padding: 12px 15px;color: #4a5568\">650mAh Li\u010dio jon\u0173 (\u012ekraunamas per Type-C s\u0105saj\u0105, 5V\/1A \u012fvesties standartas)<\/td>\n<\/tr>\n<tr style=\"border-bottom: 1px solid #e2e8f0\">\n<td style=\"padding: 12px 15px;font-weight: 500;color: #4a5568\">Stiprumo parinktys<\/td>\n<td style=\"padding: 12px 15px;color: #4a5568\">2% \/ 5% koncentracijos variantai prieinami \u012fvairioms demografin\u0117ms grup\u0117ms atitikti<\/td>\n<\/tr>\n<tr style=\"background-color: #fcfcfc;border-bottom: 1px solid #e2e8f0\">\n<td style=\"padding: 12px 15px;font-weight: 500;color: #4a5568\">S\u0105saja<\/td>\n<td style=\"padding: 12px 15px;color: #4a5568\">Integruotas LED ekranas, rodantis realaus laiko telemetrij\u0105 apie akumuliatoriaus \u012ftamp\u0105 ir likus\u012f formul\u0117s t\u016br\u012f<\/td>\n<\/tr>\n<tr style=\"border-bottom: 1px solid #e2e8f0\">\n<td style=\"padding: 12px 15px;font-weight: 500;color: #4a5568\">Matmenys<\/td>\n<td style=\"padding: 12px 15px;color: #4a5568\">\u012erenginys: 50\u00d725\u00d798mm | Pagrindin\u0117 d\u0117\u017e\u0117: 595\u00d7374\u00d7260mm<\/td>\n<\/tr>\n<\/tbody>\n<\/table>\n<hr style=\"border: 0;height: 1px;background-image: linear-gradient(to right, rgba(0, 0, 0, 0), rgba(0, 0, 0, 0.1), rgba(0, 0, 0, 0));margin: 30px 0\" data-start=\"938\" data-end=\"941\" \/>\n<h3 style=\"color: #2d3748;margin-top: 25px\" data-start=\"658\" data-end=\"694\">Eksperimentiniai rezultatai: bandymai ir matavimai<\/h3>\n<p style=\"color: #4a5568\">Norint u\u017etikrinti vartotoj\u0173 pasitik\u0117jim\u0105, labai svarbu suprasti empirinius duomenis apie didel\u0117s talpos \u012frenginius, tokius kaip \u0161is. \u012eprastose laboratorin\u0117se aplinkose FIHP \u012frenginys yra veikiamas grie\u017et\u0173 bandym\u0173 protokol\u0173. I\u0161\u0117jimo aktyvinimo delsos laikas yra ma\u017eesnis nei 0,2 sekund\u0117s, u\u017etikrinant nedelsim\u0105 ir jautri\u0105 vartotojo patirt\u012f. Be to, \u012ftampos kritimo matavimai atskleid\u017eia, kad vidin\u0117 grandin\u0117 i\u0161laiko nuosekl\u0173 energijos i\u0161\u0117jimo lyg\u012f net kai baterija i\u0161sikrauna nuo 100% iki 10%, efektyviai pa\u0161alindama \u201csilpno i\u0161\u0117jimo\u201d rei\u0161kin\u012f, da\u017en\u0105 prastesn\u0117s kokyb\u0117s aparat\u016broje.<\/p>\n<p style=\"color: #4a5568\">36 ml formul\u0117s talpa yra patikrinta gravimetrine analize, u\u017etikrinant, kad kiekvienas prietaisas atitinka nurodytas specifikacijas prie\u0161 i\u0161einant i\u0161 gamyklos. \u0160is \u012fsipareigojimas u\u017etikrinti i\u0161matuojam\u0105 kokyb\u0119 yra tai, kas i\u0161skiria auk\u0161\u010diausios kokyb\u0117s vienkartinius garintuvus perpildytame didmenin\u0117s prekybos rinkoje.<\/p>\n<div style=\"background-color: #ebf8fa;border-left: 6px solid #0dcaf0;padding: 20px;margin: 30px 0;border-radius: 0 8px 8px 0;font-family: system-ui, -apple-system, sans-serif\">\n<h4 style=\"margin-top: 0;color: #055160;font-size: 1.1rem;margin-bottom: 10px\">\u017dini\u0173 ta\u0161kas: dviej\u0173 profili\u0173 sistem\u0173 mechanika<\/h4>\n<p style=\"margin: 0;color: #087990;line-height: 1.5\">Dvieju viename selektoriaus jungiklis n\u0117ra tik naujov\u0117; jis rei\u0161kia pa\u017eangi\u0105 mechanin\u0119 mar\u0161ruto sistem\u0105. Perjungdamas jungikl\u012f, vartotojas fizi\u0161kai arba elektroniniu b\u016bdu perkelia oro sraut\u0105 ir maitinimo jungt\u012f \u012f visi\u0161kai atskirt\u0105, hermeti\u0161kai u\u017edar\u0105 vidin\u0119 kamer\u0105 ir kaitinimo element\u0105. Tai neleid\u017eia kry\u017eminai u\u017eter\u0161ti dviej\u0173 skirting\u0173 mi\u0161ini\u0173, u\u017etikrindamas, kad \u0161altas m\u0117t\u0173 profilis neprasiskverbia \u012f \u0161ilt\u0105 pyrago profil\u012f. \u0160i konstrukcin\u0117 izoliacija yra auk\u0161\u010diausios klas\u0117s vienkartini\u0173 garintuv\u0173 gamybos po\u017eymis.<\/p>\n<\/div>\n<hr style=\"border: 0;height: 1px;background-image: linear-gradient(to right, rgba(0, 0, 0, 0), rgba(0, 0, 0, 0.1), rgba(0, 0, 0, 0));margin: 30px 0\" data-start=\"1225\" data-end=\"1228\" \/>\n<h3 style=\"color: #2d3748;margin-top: 25px\">Reguliavimo institucija ir med\u017eiag\u0173 atitiktis<\/h3>\n<p style=\"color: #4a5568\">Veikiant Europos didmenin\u0117s prekybos sektoriuje, b\u016btina grie\u017etai laikytis elektronikos ir saugos standart\u0173. FIHP 40000 Puffs yra gaminamas patalpose, atitinkan\u010diose grie\u017etas tarptautines kokyb\u0117s valdymo sistemas. Vidin\u0117 elektronika yra sukurta su apsaugos nuo perkrovimo, trump\u0173j\u0173 jungim\u0173 ir \u017eem\u0173 \u012ftamp\u0173 protokolais, atspindin\u010diais CE ir RoHS sertifikat\u0173 reikalaujamus saugos standartus. I\u0161orin\u0117 korpuso dalis yra formuojama i\u0161 patvari\u0173, kar\u0161\u010diui atspari\u0173 polimer\u0173, kurie i\u0161lieka konstrukci\u0161kai tvirti esant standartin\u0117ms darbo temperat\u016broms, u\u017etikrinant vartotoj\u0173 saug\u0105 ir produkto patikimum\u0105.<\/p>\n<hr style=\"border: 0;height: 1px;background-image: linear-gradient(to right, rgba(0, 0, 0, 0), rgba(0, 0, 0, 0.1), rgba(0, 0, 0, 0));margin: 30px 0\" data-start=\"1493\" data-end=\"1496\" \/>\n<h3 style=\"color: #2d3748;margin-top: 25px\" data-start=\"1230\" data-end=\"1274\">I\u0161manus, \u012ekraunamas ir Visada Parengtas<\/h3>\n<p style=\"color: #4a5568\" data-start=\"1275\" data-end=\"1491\">Maitinamas tvirtos 650mAh \u201eType-C\u201c \u012fkraunamos baterijos, \u0161is technin\u0117s \u012frangos gabalas garantuoja stabil\u0173 i\u0161\u0117jimo signal\u0105 ir pagreitintas \u012fkrovimo galimybes. Auk\u0161tos rai\u0161kos LED s\u0105saja veikia kaip intuityvi prietais\u0173 skydelis, projektuojantis tiek energijos rezervus, tiek formul\u0117s talpos lygius. \u0160i intelektuali telemetrija informuoja vartotoj\u0105 i\u0161samiai, pa\u0161alindama sp\u0117jimus, tradici\u0161kai susijusius su u\u017edar\u0173 sistem\u0173 aparat\u016bra, ir gr\u0105\u017eindama visi\u0161k\u0105 kontrol\u0119 \u012f vartotojo rankas.<\/p>\n<h3 style=\"color: #2d3748;margin-top: 25px\" data-start=\"1498\" data-end=\"1540\">Sukurtas komfortui ir ergonomikai<\/h3>\n<p style=\"color: #4a5568\" data-start=\"1541\" data-end=\"1788\">Kompakti\u0161kas, ta\u010diau itin galingas, FIHP 40000 Puffs pasi\u017eymi tiksliais matmenimis 50\u00d725\u00d798mm. Konstrukcinis dizainas pabr\u0117\u017eia ergonomin\u012f komfort\u0105 - jis puikiai subalansuotas d\u0117l ne\u0161iojamumo, pasi\u017eymi lygiomis, kont\u016bruotomis kra\u0161tin\u0117mis, u\u017etikrinan\u010diomis optimali\u0105 lyt\u0117jimo patirt\u012f, ir patogiai telpa \u012f standartines ki\u0161enes. Su skirtingomis stiprumo parinktimis (2% \/ 5%), jis aptarnauja plat\u0173 suaugusi\u0173 vartotoj\u0173 spektr\u0105, si\u016blant pritaikyt\u0105 kelion\u0119 nuo prad\u017eios iki pabaigos.<\/p>\n<hr style=\"border: 0;height: 1px;background-image: linear-gradient(to right, rgba(0, 0, 0, 0), rgba(0, 0, 0, 0.1), rgba(0, 0, 0, 0));margin: 30px 0\" data-start=\"2052\" data-end=\"2055\" \/>\n<h3 style=\"color: #2d3748;margin-top: 25px\" data-start=\"2057\" data-end=\"2080\">Kuriuotoji skonio kolekcija<\/h3>\n<p style=\"color: #4a5568\">\u012evairov\u0117 yra svarbiausias vartotoj\u0173 i\u0161laikymo veiksnys. FIHP 40000 Puffs pasi\u017eymi kruop\u0161\u010diai suformuluota dviej\u0173 mi\u0161ini\u0173 asortimento, leid\u017eian\u010dia vartotojui skland\u017eiai pereiti tarp dviej\u0173 visi\u0161kai skirting\u0173 aromatini\u0173 profili\u0173 pagal poreik\u012f. Kiekvienas derinys buvo kruop\u0161\u010diai sukurtas siekiant u\u017etikrinti balans\u0105, gyl\u012f ir ilgaam\u017ei\u0161kum\u0105.<\/p>\n<ul style=\"list-style-type: none;padding-left: 0;grid-template-columns: repeat(auto-fit, minmax(300px, 1fr));gap: 15px;margin-top: 20px\">\n<li style=\"background: #f8f9fa;padding: 15px;border-radius: 6px;border-left: 4px solid #48bb78;color: #2d3748\"><strong>1. Citrina, laimo ir arb\u016bzo ledas:<\/strong> \u0160vie\u017eias, aitrus citrusini\u0173 vaisi\u0173 derinys, papildytas kruop\u0161\u010diai atv\u0117sintu, gaiviu meliono profiliu.<\/li>\n<li style=\"background: #f8f9fa;padding: 15px;border-radius: 6px;border-left: 4px solid #805ad5;color: #2d3748\"><strong>2. Vynuogi\u0173 ledas ir bra\u0161ki\u0173 kivi:<\/strong> \u0160erk\u0161ni\u0173 prisiliesti tamsi\u0173 vynuogi\u0173 nat\u0173 papildo klasikinis, aitrus atogr\u0105\u017einis uog\u0173 mi\u0161inys.<\/li>\n<li style=\"background: #f8f9fa;padding: 15px;border-radius: 6px;border-left: 4px solid #ecc94b;color: #2d3748\"><strong>3. Ananas\u0173 Kokoso ir Bra\u0161ki\u0173 Banan\u0173:<\/strong> Turtingas, kreminis sal\u0173 asortimentas, papildytas lygiu, nostalginiu vaisi\u0173 deriniu.<\/li>\n<li style=\"background: #f8f9fa;padding: 15px;border-radius: 6px;border-left: 4px solid #ed8936;color: #2d3748\"><strong>4. Apelsin\u0173 Mango Arb\u016bz\u0173 ir Red Bull ledai:<\/strong> Sud\u0117tinga trifekta saul\u0117je prinokusi\u0173 produkt\u0173, atitinkan\u010di\u0173 gaiv\u0173, at\u0161aldyt\u0105 g\u0117rim\u0105 \u012fkv\u0117pusi\u0105 poj\u016bt\u012f.<\/li>\n<li style=\"background: #f8f9fa;padding: 15px;border-radius: 6px;border-left: 4px solid #4299e1;color: #2d3748\"><strong>5. M\u0117lyni\u0173 ledas ir putojanti vy\u0161nia:<\/strong> \u0160erk\u0161nin\u0117s tamsios uogos puikiai kontrastavo su gaiviu, putojan\u010diu sodo tonu.<\/li>\n<li style=\"background: #f8f9fa;padding: 15px;border-radius: 6px;border-left: 4px solid #f56565;color: #2d3748\"><strong>6. Persik\u0173 ledai ir mi\u0161rios uogos:<\/strong> Ledas, mink\u0161tas akmenini\u0173 vaisi\u0173 \u012fkv\u0117pimas, derinamas su tvirtu, sud\u0117tingu mi\u0161ko derliumi.<\/li>\n<li style=\"background: #f8f9fa;padding: 15px;border-radius: 6px;border-left: 4px solid #38b2ac;color: #2d3748\"><strong>7. Dvigubas obuolys ledas ir meil\u0117 666:<\/strong> \u0160vie\u017eios, u\u017e\u0161aldytos sodo dvyn\u0117s, s\u0117din\u010dios greta labai saugomo, egzoti\u0161ko botaninio mi\u0161inio.<\/li>\n<li style=\"background: #f8f9fa;padding: 15px;border-radius: 6px;border-left: 4px solid #e53e3e;color: #2d3748\"><strong>8. \u017demuogi\u0173, avie\u010di\u0173, vy\u0161ni\u0173 ir bra\u0161ki\u0173 ledai:<\/strong> Galinga, turting\u0173 raudon\u0173 spalv\u0173 trio, puikiai subalansuota vieningu, \u0161erk\u0161nu padengto uog\u0173 fini\u0161u.<\/li>\n<li style=\"background: #f8f9fa;padding: 15px;border-radius: 6px;border-left: 4px solid #2b6cb0;color: #2d3748\"><strong>9. M\u0117lyno avie\u010di\u0173 limonadas ir vy\u0161ni\u0173 kola ledas:<\/strong> R\u016bg\u0161tus, cukruotas citrusinis gaivus g\u0117rimas, susitinkantis su at\u0161aldyto, tamsaus soda-fontano klasikiniu g\u0117rimu.<\/li>\n<li style=\"background: #f8f9fa;padding: 15px;border-radius: 6px;border-left: 4px solid #d69e2e;color: #2d3748\"><strong>10. Persik\u0173 Mango Ananas\u0173 ir vy\u0161ni\u0173 ledai:<\/strong> Tvirtas, auksinis atogr\u0105\u017einis triadas, suporuotas su a\u0161triu, u\u017e\u0161alusiu raudonu sod\u0173 k\u0105sniu.<\/li>\n<li style=\"background: #f8f9fa;padding: 15px;border-radius: 6px;border-left: 4px solid #718096;color: #2d3748\"><strong>11. Juodas Drakonas Ledai &amp; Kiviai, Pasira\u0161antys Gvajavos:<\/strong> Egzoti\u0161kas, \u0161altas drakon\u0173 vaisius didingai der\u0117jo su intensyviai r\u016bg\u0161\u010diu atogr\u0105\u017einiu trejetu.<\/li>\n<li style=\"background: #f8f9fa;padding: 15px;border-radius: 6px;border-left: 4px solid #9b2c2c;color: #2d3748\"><strong>R\u016bg\u0161tus obuoli\u0173 aviet\u0117 ir bra\u0161ki\u0173 vy\u0161nia:<\/strong> R\u016bg\u0161\u010diai ir sutraukian\u010diai veikiantis derinys, atsveriamas sald\u017eios, lygaus raudon\u0173j\u0173 vaisi\u0173 mi\u0161inio.<\/li>\n<\/ul>\n<hr style=\"border: 0;height: 1px;background-image: linear-gradient(to right, rgba(0, 0, 0, 0), rgba(0, 0, 0, 0.1), rgba(0, 0, 0, 0));margin: 30px 0\" data-start=\"2522\" data-end=\"2525\" \/>\n<h3 style=\"color: #2d3748;margin-top: 25px\" data-start=\"2527\" data-end=\"2568\">Didmenin\u0117 prekyba FIHP 40000 Puffs i\u0161 VapeXYZ<\/h3>\n<p style=\"color: #4a5568\" data-start=\"2569\" data-end=\"2939\">VapeXYZ yra pirmaujanti Europos operacin\u0117 platforma tikroms vienkartini\u0173 garintuv\u0173 didmenin\u0117s logistikos srityje. Mes valdome tvirtas tiekimo grandines, \u012fsigydami tikr\u0105 aparat\u016br\u0105 tiesiogiai i\u0161 auk\u0161\u010diausio lygio gamybos centr\u0173. \u0160is tiesioginis tiekimo vamzdis u\u017etikrina grie\u017et\u0105 kokyb\u0117s kontrol\u0119, patvirtint\u0105 originalum\u0105 ir itin greitus pristatymo terminus j\u016bs\u0173 verslo infrastrukt\u016brai. FIHP 40000 Puffs \u0161iuo metu yra visi\u0161kai u\u017epildytas didmeniniam diegimui - empiri\u0161kai patikimas, labai pelningas pasirinkimas ma\u017emenininkams, norintiems \u012ftraukti dominuojant\u012f, didel\u0117s talpos aparat\u016bros vienet\u0105 \u012f savo inventori\u0173.<\/p>\n<div style=\"text-align: center;margin: 30px 0\"><img loading=\"lazy\" decoding=\"async\" class=\"alignnone size-full wp-image-57783\" style=\"max-width: 100%;height: auto;border-radius: 8px\" src=\"https:\/\/vapexyz.com\/wp-content\/uploads\/2025\/10\/FIHP-40000-Puffs-Double-Flavors-Low-Nicotine-Bulk-Buy-Original-Rechargeable-Disposable-Vapes-Wholesale-3.webp\" alt=\"FIHP 40000 Puffs Double Flavors Low Nicotine Bulk Buy Original Rechargeable Disposable Vapes Wholesale nekeiskite - FIHP 40000 Puffs Double Flavors Low Nicotine Bulk Buy Original Rechargeable Disposable Vapes Wholesale\" width=\"1500\" height=\"1500\" title=\"\" srcset=\"https:\/\/vapexyz.com\/wp-content\/uploads\/2025\/10\/FIHP-40000-Puffs-Double-Flavors-Low-Nicotine-Bulk-Buy-Original-Rechargeable-Disposable-Vapes-Wholesale-3.webp 1500w, https:\/\/vapexyz.com\/wp-content\/uploads\/2025\/10\/FIHP-40000-Puffs-Double-Flavors-Low-Nicotine-Bulk-Buy-Original-Rechargeable-Disposable-Vapes-Wholesale-3-247x247.webp 247w, https:\/\/vapexyz.com\/wp-content\/uploads\/2025\/10\/FIHP-40000-Puffs-Double-Flavors-Low-Nicotine-Bulk-Buy-Original-Rechargeable-Disposable-Vapes-Wholesale-3-100x100.webp 100w, https:\/\/vapexyz.com\/wp-content\/uploads\/2025\/10\/FIHP-40000-Puffs-Double-Flavors-Low-Nicotine-Bulk-Buy-Original-Rechargeable-Disposable-Vapes-Wholesale-3-510x510.webp 510w, https:\/\/vapexyz.com\/wp-content\/uploads\/2025\/10\/FIHP-40000-Puffs-Double-Flavors-Low-Nicotine-Bulk-Buy-Original-Rechargeable-Disposable-Vapes-Wholesale-3-500x500.webp 500w, https:\/\/vapexyz.com\/wp-content\/uploads\/2025\/10\/FIHP-40000-Puffs-Double-Flavors-Low-Nicotine-Bulk-Buy-Original-Rechargeable-Disposable-Vapes-Wholesale-3-1024x1024.webp 1024w, https:\/\/vapexyz.com\/wp-content\/uploads\/2025\/10\/FIHP-40000-Puffs-Double-Flavors-Low-Nicotine-Bulk-Buy-Original-Rechargeable-Disposable-Vapes-Wholesale-3-300x300.webp 300w, https:\/\/vapexyz.com\/wp-content\/uploads\/2025\/10\/FIHP-40000-Puffs-Double-Flavors-Low-Nicotine-Bulk-Buy-Original-Rechargeable-Disposable-Vapes-Wholesale-3-768x768.webp 768w, https:\/\/vapexyz.com\/wp-content\/uploads\/2025\/10\/FIHP-40000-Puffs-Double-Flavors-Low-Nicotine-Bulk-Buy-Original-Rechargeable-Disposable-Vapes-Wholesale-3-12x12.webp 12w\" sizes=\"auto, (max-width: 1500px) 100vw, 1500px\" \/><\/div>\n<hr style=\"border: 0;height: 1px;background-image: linear-gradient(to right, rgba(0, 0, 0, 0), rgba(0, 0, 0, 0.1), rgba(0, 0, 0, 0));margin: 40px 0\" \/>\n<h3 style=\"color: #2d3748;margin-bottom: 20px\">Da\u017eniausiai u\u017eduodami klausimai (techniniai ir didmenin\u0117s prekybos)<\/h3>\n<details style=\"background: #ffffff;border: 1px solid #e2e8f0;border-radius: 8px;margin-bottom: 15px;padding: 15px;font-family: system-ui, -apple-system, sans-serif\">\n<summary style=\"font-weight: 600;cursor: pointer;color: #2d3748;font-size: 1.05rem\">Kaip 40,000 reitingas yra empiri\u0161kai patikrintas?<\/summary>\n<p style=\"margin-top: 10px;color: #4a5568;line-height: 1.5\">\u012evertinimas nustatomas atliekant automatinius pneumatinius bandymus laboratorin\u0117mis s\u0105lygomis. Ma\u0161inos imituoja standartinius \u017emogaus traukimus (paprastai trunkan\u010dius nuo 1,5 iki 2,0 sekund\u017ei\u0173), kol rezervuaras visi\u0161kai i\u0161tu\u0161t\u0117ja. Tikrieji rezultatai gali \u0161iek tiek skirtis, priklausomai nuo individualaus traukimo ilgio ir aplinkos temperat\u016bros.<\/p>\n<\/details>\n<details style=\"background: #ffffff;border: 1px solid #e2e8f0;border-radius: 8px;margin-bottom: 15px;padding: 15px;font-family: system-ui, -apple-system, sans-serif\">\n<summary style=\"font-weight: 600;cursor: pointer;color: #2d3748;font-size: 1.05rem\">Kokios yra tikslios vidin\u0117s baterijos \u012fkrovimo parametrai?<\/summary>\n<p style=\"margin-top: 10px;color: #4a5568;line-height: 1.5\">650mAh li\u010dio jon\u0173 elementas naudoja standartin\u0119 Type-C s\u0105saj\u0105 ir yra sukurtas priimti 5V\/1A elektros \u012fvest\u012f. Labai rekomenduojama naudoti standartinius komercinius \u012fkrovimo blokus, o ne auk\u0161tos \u012ftampos greitus \u012fkroviklius, kad b\u016bt\u0173 i\u0161laikytas optimalus elemento tarnavimo laikas.<\/p>\n<\/details>\n<details style=\"background: #ffffff;border: 1px solid #e2e8f0;border-radius: 8px;margin-bottom: 15px;padding: 15px;font-family: system-ui, -apple-system, sans-serif\">\n<summary style=\"font-weight: 600;cursor: pointer;color: #2d3748;font-size: 1.05rem\">Ar yra kry\u017eminis u\u017eter\u0161imas tarp dviej\u0173 vidini\u0173 rezervuar\u0173?<\/summary>\n<p style=\"margin-top: 10px;color: #4a5568;line-height: 1.5\">Nr. Vidin\u0117 architekt\u016bra turi dvi visi\u0161kai atskirtas 18 ml kameras (i\u0161 viso 36 ml). I\u0161orinis jungiklis fizi\u0161kai kei\u010dia oro sraut\u0105 ir elektros laidum\u0105, kad aktyvuot\u0173 tik vien\u0105 konkre\u010di\u0105 rit\u0119 vienu metu, u\u017etikrindamas absoliut\u0173 grynum\u0105 kiekvienam skirtingam profiliui.<\/p>\n<\/details>\n<details style=\"background: #ffffff;border: 1px solid #e2e8f0;border-radius: 8px;margin-bottom: 15px;padding: 15px;font-family: system-ui, -apple-system, sans-serif\">\n<summary style=\"font-weight: 600;cursor: pointer;color: #2d3748;font-size: 1.05rem\">Kokios yra didmenin\u0117s minimalios u\u017esakymo reikalavimai VapeXYZ?<\/summary>\n<p style=\"margin-top: 10px;color: #4a5568;line-height: 1.5\">VapeXYZ palaiko labai prieinam\u0105 minimal\u0173 u\u017esakymo kiek\u012f (MOQ) - tik 10 vienet\u0173. Tai leid\u017eia vis\u0173 dyd\u017ei\u0173 ma\u017emenininkams i\u0161bandyti naujas atsargas ir patikrinti vietos rinkos paklaus\u0105 prie\u0161 \u012fsipareigojant didesniems, \u012fmon\u0117s masto pagrindini\u0173 karton\u0173 pirkimams.<\/p>\n<\/details>\n<p style=\"margin-top: 30px;text-align: center;color: #4a5568;font-weight: 500\">Ar nor\u0117tum\u0117te, kad a\u0161 pad\u0117\u010diau parengti el. pa\u0161to kampanijos arba socialin\u0117s \u017einiasklaidos strategijos projekt\u0105, skirt\u0105 \u0161ios \u012frangos atvykimo j\u016bs\u0173 ma\u017emenin\u0117s prekybos partneriams paskelbti?<\/p>\n<\/article>","protected":false},"excerpt":{"rendered":"<p>FIHP 40000 Puffs Double Tastes Vape su dvigubomis tinklelio rit\u0117mis ir 40000 \u012fkv\u0117pim\u0173. Pirkite autenti\u0161kus ma\u017eo stiprumo vienkartinius garintuvus didmenin\u0117je prekyboje VapeXYZ.<\/p>","protected":false},"featured_media":57781,"comment_status":"open","ping_status":"closed","template":"","meta":{"_lmt_disableupdate":"no","_lmt_disable":""},"product_brand":[],"product_cat":[860,989,947,935,934,927,929,928,930,933,939,932,938,931,936,937,1017,949,946,1083,950,951,953,987],"product_tag":[],"class_list":{"0":"post-57780","1":"product","2":"type-product","3":"status-publish","4":"has-post-thumbnail","6":"product_cat-fihp","7":"product_cat-40000-puff-vapes","8":"product_cat-big-puffs-vapes","9":"product_cat-bulk-buy-disposable-vapes-in-austria","10":"product_cat-bulk-buy-disposable-vapes-in-belgium","11":"product_cat-bulk-buy-disposable-vapes-in-europe","12":"product_cat-bulk-buy-disposable-vapes-in-france","13":"product_cat-bulk-buy-disposable-vapes-in-germany","14":"product_cat-bulk-buy-disposable-vapes-in-italy","15":"product_cat-bulk-buy-disposable-vapes-in-netherlands","16":"product_cat-bulk-buy-disposable-vapes-in-norway","17":"product_cat-bulk-buy-disposable-vapes-in-poland","18":"product_cat-bulk-buy-disposable-vapes-in-portugal","19":"product_cat-bulk-buy-disposable-vapes-in-spain","20":"product_cat-bulk-buy-disposable-vapes-in-sweden","21":"product_cat-bulk-buy-disposable-vapes-in-switzerland","22":"product_cat-buy-best-disposable-vape-flavors","23":"product_cat-digital-box-vapes","24":"product_cat-disposable-vapes-series","25":"product_cat-double-flavor-vapes","26":"product_cat-dual-mesh-vapes","27":"product_cat-lower-nicotine-vapes","28":"product_cat-rechargeable-vapes","29":"product_cat-vape-shop-by-puffs","31":"first","32":"instock","33":"shipping-taxable","34":"purchasable","35":"product-type-variable","36":"has-default-attributes"},"jetpack_sharing_enabled":true,"tiered_pricing_type":"fixed","tiered_pricing_fixed_rules":[],"tiered_pricing_product_settings":{"layout":"default","base_unit_name":{"singular":null,"plural":null},"default_variation":null},"tiered_pricing_minimum_quantity":null,"tiered_pricing_roles_data":[],"tiered_pricing_percentage_rules":[],"tiered_pricing_maximum_quantity":null,"tiered_pricing_quantity_step":null,"_links":{"self":[{"href":"https:\/\/vapexyz.com\/lt\/wp-json\/wp\/v2\/product\/57780","targetHints":{"allow":["GET"]}}],"collection":[{"href":"https:\/\/vapexyz.com\/lt\/wp-json\/wp\/v2\/product"}],"about":[{"href":"https:\/\/vapexyz.com\/lt\/wp-json\/wp\/v2\/types\/product"}],"replies":[{"embeddable":true,"href":"https:\/\/vapexyz.com\/lt\/wp-json\/wp\/v2\/comments?post=57780"}],"wp:featuredmedia":[{"embeddable":true,"href":"https:\/\/vapexyz.com\/lt\/wp-json\/wp\/v2\/media\/57781"}],"wp:attachment":[{"href":"https:\/\/vapexyz.com\/lt\/wp-json\/wp\/v2\/media?parent=57780"}],"wp:term":[{"taxonomy":"product_brand","embeddable":true,"href":"https:\/\/vapexyz.com\/lt\/wp-json\/wp\/v2\/product_brand?post=57780"},{"taxonomy":"product_cat","embeddable":true,"href":"https:\/\/vapexyz.com\/lt\/wp-json\/wp\/v2\/product_cat?post=57780"},{"taxonomy":"product_tag","embeddable":true,"href":"https:\/\/vapexyz.com\/lt\/wp-json\/wp\/v2\/product_tag?post=57780"}],"curies":[{"name":"wp","href":"https:\/\/api.w.org\/{rel}","templated":true}]}}