{"id":57479,"date":"2025-10-10T06:55:40","date_gmt":"2025-10-10T06:55:40","guid":{"rendered":"https:\/\/vapexyz.com\/?post_type=product&#038;p=57479"},"modified":"2026-03-07T03:25:24","modified_gmt":"2026-03-07T03:25:24","slug":"bang-blaze-100000-ikvepimu-6-skoniai-dsk055-mazas-nikotino-kiekis-urmu-pirkti-originalus-ikraunami-vienkartiniai-garintuvai-didmenine-prekyba","status":"publish","type":"product","link":"https:\/\/vapexyz.com\/lt\/product\/bang-blaze-100000-puffs-6-flavors-dsk055-low-nicotine-bulk-buy-original-rechargeable-disposable-vapes-wholesale\/","title":{"rendered":"BANG BLAZE 100000 \u012fkv\u0117pim\u0173 6 skoniai DSK055 Didmenin\u0117 prekyba \u012ekraunami Vienkartiniai Garintuvai"},"content":{"rendered":"<article style=\"font-family: Arial, sans-serif; line-height: 1.6; color: #333; max-width: 100%; margin: 0 auto; padding: 20px;\">\n<h2 style=\"color: #0056b3; border-bottom: 2px solid #0056b3; padding-bottom: 10px; margin-top: 30px;\">BANG BLAZE DSK055: I\u0161samus techninis ap\u017evalgas ir didmenin\u0117s prekybos vadovas<\/h2>\n<p>Sveiki atvyk\u0119 \u012f VapeXYZ, j\u016bs\u0173 pagrindin\u012f internetin\u012f centr\u0105, skirt\u0105 auk\u0161\u010diausios kokyb\u0117s garinimo technologijoms. Tur\u0117dami daugiau nei a\u0161tuoneri\u0173 met\u0173 patirt\u012f pasaulin\u0117je platinimo sektoriuje, m\u016bs\u0173 komanda tobulino tiekimo grandin\u0119, kuri nuolat teikia puikius rezultatus m\u016bs\u0173 partneriams. Kaip profesionalus didmenin\u0117s prekybos platintojas, mes suprantame, kad \u0161iuolaikin\u0117ms \u012fmon\u0117ms reikia ne tik produkt\u0173; joms reikia patikim\u0173, mastelio ir atitinkan\u010di\u0173 sprendim\u0173. Mes did\u017eiuojam\u0117s gal\u0117dami tarnauti kaip j\u016bs\u0173 specialus \u0161altinis pramon\u0117s pa\u017eangiausi\u0173 vienkartini\u0173 garintuv\u0173 srityje, si\u016blydami konkurencingas didmenines kainas su labai prieinamu minimaliu u\u017esakymo kiekiu (MOQ) - tik 10 vienet\u0173.<\/p>\n<p>\u0160iandien pristatome i\u0161sami\u0105 technin\u0119 ir operacin\u0119 BANG BLAZE DSK055 analiz\u0119. \u0160is \u012frenginys yra reik\u0161mingas \u017eingsnis \u012f priek\u012f didel\u0117s talpos garintuvo in\u017einerijoje. Per\u017eengiant \u012fprastus reklamos teiginius, \u0161i analiz\u0117 pateikia empirin\u012f ir techni\u0161kai pagr\u012fst\u0105 po\u017ei\u016br\u012f \u012f tai, kod\u0117l DSK055 yra strateginis papildymas j\u016bs\u0173 ma\u017emenin\u0117s arba didmenin\u0117s prekybos asortimentui. M\u016bs\u0173 platforma teikia pirmenyb\u0119 skaidrumui, u\u017etikrindama, kad kiekviena specifikacija - nuo baterijos veikimo trukm\u0117s iki rit\u0117s atsparumo - b\u016bt\u0173 pagr\u012fsta patikrinamais gamybos duomenimis ir pramon\u0117s standart\u0173 bandym\u0173 protokolais.<\/p>\n<h3 style=\"color: #2c3e50; margin-top: 25px;\">Ekspertiz\u0117: In\u017einerin\u0117 architekt\u016bra ir rit\u0117s termodinamika<\/h3>\n<p>Bet kokio auk\u0161tos kokyb\u0117s vienkartinio garintuvo \u0161erdis yra jo vidin\u0117 kaitinimo architekt\u016bra. BANG BLAZE DSK055 atsisako \u012fprast\u0173 vieno lanko konstrukcij\u0173, naudodamas pa\u017eangi\u0105 1,0 om\u0173 trigub\u0105 atsparumo rit\u0117s sistem\u0105. \u0160is specifinis atsparumo lygis yra tiksliai sukalibruotas, kad subalansuot\u0173 energijos s\u0105naudas su \u0161ilumos i\u0161\u0117jimu, u\u017etikrinant, kad kaitinimo elementas pasiekt\u0173 optimali\u0105 garinimo temperat\u016br\u0105 nesudeginant vidin\u0117s formul\u0117s.<\/p>\n<p>In\u017eineriniu po\u017ei\u016briu, trij\u0173 spiralini\u0173 konfig\u016bracija \u017eymiai padidina s\u0105ly\u010dio su kapiliariniu med\u017eiagu pavir\u0161iaus plot\u0105. \u0160is i\u0161pl\u0117stas pavir\u0161iaus plotas leid\u017eia tolygiau paskirstyti \u0161ilumin\u0119 energij\u0105. Suma\u017einus lokalizuotus kar\u0161tus ta\u0161kus, \u012frenginys u\u017etikrina nuosekl\u0173 jutimo i\u0161\u0117jim\u0105 vis\u0105 savo eksploatavimo laik\u0105. Be to, vidin\u0117 kapiliarin\u0117 sistema naudoja auk\u0161tos kokyb\u0117s, kar\u0161\u010diui atsparius medviln\u0117s mi\u0161inius, skirtus i\u0161laikyti konstrukcin\u012f vientisum\u0105 net po ilgalaikio naudojimo, u\u017ekertant keli\u0105 skonio pablog\u0117jimui, kuris da\u017enai b\u016bdingas \u017eemesnio lygio \u012frenginiams.<\/p>\n<div style=\"background-color: #f8fbff; border-left: 6px solid #0056b3; padding: 20px; margin: 25px 0; border-radius: 0 8px 8px 0;\">\n<h4 style=\"margin-top: 0; color: #0056b3;\">Technini\u0173 \u017eini\u0173 punktas: 1,0 om\u0173 atsparumo mokslas<\/h4>\n<p style=\"margin-bottom: 0;\">\u0160iuolaikini\u0173 garintuv\u0173 pasaulyje Omo d\u0117snis diktuoja ry\u0161\u012f tarp \u012ftampos, srov\u0117s ir var\u017eos. 1,0 om\u0173 rit\u0117 puikiai i\u0161sid\u0117sto ties sub-ohm ir standartinio garinimo riba. \u0160i specifin\u0117 var\u017ea empiri\u0161kai \u012frodyta esanti efektyviausia \u012frenginiams, kuriems svarbiausia ilgaam\u017ei\u0161kumas. Ji riboja elektros srov\u0119 tiek, kad b\u016bt\u0173 i\u0161saugomos 850mAh baterijos atsargos, tuo pa\u010diu leisdama pakankamai vat\u0173 praeiti, kad susidaryt\u0173 tank\u016bs, patenkinami gar\u0173 debesys. \u0160is tikslus derinimas leid\u017eia DSK055 i\u0161laikyti stabili\u0105 i\u0161vest\u012f per de\u0161imtis t\u016bkstan\u010di\u0173 aktyvavimo cikl\u0173.<\/p>\n<\/div>\n<h3 style=\"color: #2c3e50; margin-top: 25px;\">Empiriniai duomenys: akumuliatori\u0173 metrika ir i\u0161\u0117jimo talpos bandymai<\/h3>\n<p>Vertinant didel\u0117s talpos prietaisus, savavali\u0161ki skai\u010diai yra nepakankami rimtiems pardav\u0117jams. BANG BLAZE DSK055 gali pasiekti maksimal\u0173 i\u0161\u0117jimo slenkst\u012f iki 100 000 \u012fkv\u0117pim\u0173. Labai svarbu suprasti empirinius \u0161io rodiklio tyrimo metodus. Gamintojai naudoja automatizuotas pneumatinio traukimo ma\u0161inas kontroliuojamose laboratorin\u0117se aplinkose, kad imituot\u0173 naudojim\u0105. \u0160ios ma\u0161inos yra kalibruotos, kad atlikt\u0173 nuoseklius 1,5\u20132,0 sekund\u0117s trukm\u0117s \u012fkv\u0117pimus stabilioje aplinkos temperat\u016broje - 22 \u00b0C (71,6 \u00b0F).<\/p>\n<p>\u012erenginys maitinamas tvirtu 850mAh \u012fkraunamu li\u010dio jon\u0173 polimeru (LiPo) akumuliatoriumi. Skirtingai nei standartin\u0117s vienkartin\u0117s baterijos, \u0161is LiPo blokas yra sukurtas daugkartinio \u012fkrovimo ciklo be didelio talpos pablog\u0117jimo. \u012ediegus Type-C \u012fkrovimo prievad\u0105, u\u017etikrinamas modernus, efektyvus energijos perdavimo protokolas, suma\u017einantis \u0161ilumin\u012f \u012ftempim\u0105 akumuliatoriui \u012fkrovimo faz\u0117je.<\/p>\n<table style=\"width: 100%; border-collapse: collapse; margin: 30px 0; font-family: sans-serif; background-color: #fff;\">\n<thead>\n<tr style=\"background-color: #2c3e50; color: #ffffff; text-align: left;\">\n<th style=\"padding: 15px; border: 1px solid #ddd;\">Technin\u0117 specifikacija<\/th>\n<th style=\"padding: 15px; border: 1px solid #ddd;\">Empirinis matavimas \/ detal\u0117<\/th>\n<th style=\"padding: 15px; border: 1px solid #ddd;\">Na\u0161umo poveikis<\/th>\n<\/tr>\n<\/thead>\n<tbody>\n<tr>\n<td style=\"padding: 15px; border: 1px solid #ddd; font-weight: bold;\">Did\u017eiausias i\u0161vesties paj\u0117gumas<\/td>\n<td style=\"padding: 15px; border: 1px solid #ddd;\">Iki 100 000 aktyvacij\u0173<\/td>\n<td style=\"padding: 15px; border: 1px solid #ddd;\">I\u0161matuota naudojant automatin\u012f 1,5 s pie\u0161imo test\u0105; u\u017etikrina itin ilg\u0105 tarnavimo laik\u0105.<\/td>\n<\/tr>\n<tr style=\"background-color: #f9f9f9;\">\n<td style=\"padding: 15px; border: 1px solid #ddd; font-weight: bold;\">Akumuliatoriaus chemija<\/td>\n<td style=\"padding: 15px; border: 1px solid #ddd;\">850mAh li\u010dio jon\u0173 polimeras (LiPo)<\/td>\n<td style=\"padding: 15px; border: 1px solid #ddd;\">U\u017etikrina stabil\u0173 \u012ftampos i\u0161\u0117jim\u0105 ir palaiko daugkartinius saugius \u012fkrovimo ciklus.<\/td>\n<\/tr>\n<tr>\n<td style=\"padding: 15px; border: 1px solid #ddd; font-weight: bold;\">Rit\u0117s architekt\u016bra<\/td>\n<td style=\"padding: 15px; border: 1px solid #ddd;\">1,0-Ohmo triguba var\u017ea<\/td>\n<td style=\"padding: 15px; border: 1px solid #ddd;\">Optimizuoja \u0161ilumos paskirstym\u0105, neleid\u017eia med\u017eiagai degraduotis.<\/td>\n<\/tr>\n<tr style=\"background-color: #f9f9f9;\">\n<td style=\"padding: 15px; border: 1px solid #ddd; font-weight: bold;\">\u012ekrovimo protokolas<\/td>\n<td style=\"padding: 15px; border: 1px solid #ddd;\">Type-C USB \n(nei\u0161versta, nes tai techninis terminas) \ni\u0161lieka: Type-C USB<\/td>\n<td style=\"padding: 15px; border: 1px solid #ddd;\">Palengvina greit\u0105 srov\u0117s perdavim\u0105, tuo pa\u010diu valdant vidinius \u0161iluminius apribojimus.<\/td>\n<\/tr>\n<\/tbody>\n<\/table>\n<h3 style=\"color: #2c3e50; margin-top: 25px;\">Vald\u017eia ir pasitik\u0117jimas: Europos platinimas ir atitiktis<\/h3>\n<p>Kaip pirmaujantis tiek\u0117jas Europos rinkoje, VapeXYZ veikia grie\u017etai laikydamasis tarptautini\u0173 komercijos standart\u0173. Rinka yra prisotinta nepatvirtintos \u012frangos, kuri kelia didel\u012f pavoj\u0173 ma\u017emenininkams. Mes \u0161i\u0105 problem\u0105 sprend\u017eiame u\u017emegzdami tiesioginius tiekimo grandines su originalios \u012frangos gamintojais (OEM). BANG BLAZE DSK055 \u012frenginiai, kuriuos mes platiname, yra tiekiami tiesiogiai i\u0161 gamykl\u0173, veikian\u010di\u0173 pagal ISO 9001 kokyb\u0117s valdymo gaires. Tai garantuoja, kad kiekvienas m\u016bs\u0173 Europos sand\u0117liavimo patalpose esantis \u012frenginys atitinka grie\u017etus elektros saugos bazinius patikrinimus.<\/p>\n<p>Be to, mes grie\u017etai pasisakome u\u017e atsaking\u0105 ma\u017emenin\u0119 prekyb\u0105 ir aplinkosaug\u0105. \u012ekraunamos LiPo baterijos \u012ftraukimas prailgina aparat\u016bros naudojimo laik\u0105, \u017eymiai suma\u017einant elektronini\u0173 atliek\u0173 susidarymo da\u017en\u012f, palyginti su vienkartiniais ne\u012fkraunamais \u012frenginiais. Raginame visus savo didmenin\u0117s prekybos partnerius susipa\u017einti su vietin\u0117mis direktyvomis d\u0117l elektros ir elektronin\u0117s \u012frangos atliek\u0173 (WEEE), kad b\u016bt\u0173 u\u017etikrinta, jog pasibaigusio naudojimo \u012frenginiai b\u016bt\u0173 tinkamai perdirbami.<\/p>\n<h3 style=\"color: #2c3e50; margin-top: 25px;\">Aromatini\u0173 poj\u016b\u010di\u0173 profiliai: atrinkta kolekcija<\/h3>\n<p>BANG BLAZE DSK055 vidin\u0117 formul\u0117 yra prieinama kruop\u0161\u010diai sukurtame 14 skirting\u0173 poj\u016b\u010di\u0173 kombinacij\u0173 masyve. Kiekvienas profilis buvo sukurtas naudojant maistinius aromatinius junginius, kruop\u0161\u010diai subalansuotus, kad b\u016bt\u0173 u\u017etikrinta nuosekli, autenti\u0161ka poj\u016b\u010di\u0173 patirtis nuo pirmojo \u012fkv\u0117pimo iki vidinio rezervuaro i\u0161eikvojimo. \u010cia yra i\u0161samus j\u016bs\u0173 didmenin\u0117s prekybos atsarg\u0173 pasirinkim\u0173 suskirstymas:<\/p>\n<ol style=\"line-height: 1.8; margin-bottom: 30px;\">\n<li>Melon Frost \/ Strawberry Mamba \/ Strawberry Melon: Gaivus mi\u0161inys, jungiantis gaiv\u017eoli\u0173 vasarini\u0173 melion\u0173 nat\u016bras su ry\u0161kiu v\u0117sinan\u010diu poj\u016b\u010diu, derinamas su dinami\u0161kais uog\u0173 potipiniais.<\/li>\n<li>Fuji \u0161altis \/ obuoli\u0173 vynuog\u0117 \/ vy\u0161ni\u0173 granatas: Sud\u0117tingas, sodo \u012fkv\u0117ptas profilis, pasi\u017eymintis a\u0161triu, tra\u0161ki\u0173 obuoli\u0173 \u012fkandimu, papildytas giliais, turtingais sodo vaisiais ir v\u0117sinan\u010diu i\u0161kv\u0117pimu.<\/li>\n<li>M\u0117lyni\u0173 \u0160erk\u0161nas \/ Avieti\u0173 Citrina \/ Meliono Burbuliavimas: Gyvybingas ir aitrus rinkinys, subalansuojantis laukini\u0173 uog\u0173 ir citrus\u0173 r\u016bg\u0161tum\u0105 su nostalgine, sald\u017eia konditerijos nata.<\/li>\n<li>M\u0117lyn\u0117s, aviet\u0117s \/ r\u016bg\u0161t\u016bs ananasai, apelsinai \/ aviet\u0117s, melionai: Intensyvus, vaisinis pasirinkimas, kuris kontrastuoja a\u0161trius, r\u016bg\u0161\u010dius citrusinius tonus su lygaus, \u0161velnaus prinokusi\u0173 melion\u0173 ir uog\u0173 saldumo.<\/li>\n<li>Vynuogi\u0173 \u0160erk\u0161nas \/ Mango Persikas \/ M\u0117lyni\u0173 Melonas: Puo\u0161nus, \u012f tropikus pasvir\u0119s derinys, kuris suteikia tank\u0173, aromat\u0173 prisodrint\u0105 gar\u0105, pasi\u017eymint\u012f giliais vynmed\u017ei\u0173 vaisiais ir saul\u0117je prinokusiais tropiniais elementais.<\/li>\n<li>Bra\u0161ki\u0173 \u0160altis \/ Persik\u0173 Citrina \/ Kivio Gvajavos Aistra: Egzoti\u0161kas asortimentas, suteikiantis daugiapakop\u0119 poj\u016b\u010di\u0173 kelion\u0119, prasidedan\u010di\u0105 sald\u017eiais uog\u0173 tonais ir baigian\u010di\u0105 kompleksiniu, r\u016bg\u0161\u010diu atogr\u0105\u017e\u0173 r\u016bg\u0161tingumu.<\/li>\n<li>Ananas\u0173 Kokosas \/ M\u0117lyni\u0173 Energija \/ Melon\u0173 \u0160erk\u0161nas: Stiprus profilis, sukurtas stipriam poveikiui, jungiantis kreminius atogr\u0105\u017e\u0173 tonus su a\u0161triais, gaivinan\u010diais uog\u0173 akcentais ir gaiviu fini\u0161u.<\/li>\n<li>Bra\u0161ki\u0173 Kivi \/ M\u0117lyni\u0173 Kokosas \/ Mi\u0161ri\u0173 Uog\u0173: Lygus ir harmoningas klasikinio vaisi\u0173 derinio sintez\u0117, sukurianti turting\u0105, giliai aromatizuot\u0105 produkt\u0105, kuris nuolat populiarus Europos rinkose.<\/li>\n<li>Lemon\u0173 romansas \/ M\u0117lyni\u0173 aviet\u0117 \/ Persik\u0173 mentolis: itin gaivus pasirinkimas, kuriame naudojami botaniniai v\u0117sinimo agentai ir a\u0161tr\u016bs citrusiniai vaisiai, kuriantys gaiv\u0173, valant\u012f gomur\u012f garavimo patirt\u012f.<\/li>\n<li>Persik\u0173 \u0160altis \/ Juod\u0173j\u0173 Serbent\u0173 Ananas\u0173 \u0160altis \/ \u017dali\u0173j\u0173 Obel\u0173 Kiviai: Dr\u0105sus, didelio kontrasto pasirinkimas, pasi\u016blantis intensyv\u0173 r\u016bg\u0161tum\u0105 i\u0161 \u017eali\u0173j\u0173 obuoli\u0173 ir juod\u0173j\u0173 serbent\u0173, i\u0161lygint\u0105 \u0161alt\u0173 akmens vaisi\u0173 nat\u0173.<\/li>\n<li>Vynuogi\u0173 Burbuli\u0173 Guma \/ Aloe Vera Vynuogi\u0173 \/ Vynuogi\u0173 Persik\u0173: Unikaliai sukurtas asortimentas, derinantis gilias, rezonuojan\u010dias tamsi\u0173 vynuogi\u0173 vaisi\u0173 natas su subtiliu, botani\u0161ku alavijo lygumu.<\/li>\n<li>Bra\u0161ki\u0173 Banana \/ Trigubai Mango \/ Bra\u0161ki\u0173 Kremas: Tankus, desertinio tipo profilis, pasi\u017eymintis turtingu, \u0161ilkiniu poj\u016b\u010diu burnoje, kuriame vyrauja prinok\u0119 atogr\u0105\u017einiai vaisiai ir lygaus, kreminio pagrindo natonai.<\/li>\n<li>Guminukas \/ Juodasis \u0160ermuk\u0161lis, Bra\u0161k\u0117 \/ Kivi, Ananasas: \u017daismingas, konditerijos \u012fkv\u0117ptas mi\u0161inys, s\u0117kmingai atkuriantis klasikinio saldumo sud\u0117tingum\u0105, subalansuot\u0105 r\u016bg\u0161\u010di\u0173 vaisi\u0173 element\u0173.<\/li>\n<li>Melon Lime \/ Melon Berries \/ Love Six Six: Sud\u0117tingas ir gaivus derinys, kuris remiasi nat\u016bralia s\u0105saja tarp sald\u017ei\u0173 vasari\u0161k\u0173 melion\u0173 ir a\u0161traus, r\u016bg\u0161taus citrusinio skonio, kad b\u016bt\u0173 labai subalansuotas rezultatas.<\/li>\n<\/ol>\n<div style=\"text-align: center; margin: 40px 0;\"><img loading=\"lazy\" decoding=\"async\" class=\"alignnone size-full wp-image-57490\" style=\"max-width: 100%; height: auto; border-radius: 8px;\" src=\"https:\/\/vapexyz.com\/wp-content\/uploads\/2025\/10\/BANG-BLAZE-100000-Puffs-10-Flavors-DSK055-Low-Nicotine-Bulk-Buy-Original-Rechargeable-Disposable-Vapes-Wholesale0-scaled.webp\" alt=\"BANG BLAZE DSK055 Didel\u0117s Talpos Masin\u0117s Pirkimo Original\u016bs \u012ekraunami Didmenin\u0117s Prekybos \u012erenginiai\" width=\"1138\" height=\"2560\" title=\"\" srcset=\"https:\/\/vapexyz.com\/wp-content\/uploads\/2025\/10\/BANG-BLAZE-100000-Puffs-10-Flavors-DSK055-Low-Nicotine-Bulk-Buy-Original-Rechargeable-Disposable-Vapes-Wholesale0-scaled.webp 1138w, https:\/\/vapexyz.com\/wp-content\/uploads\/2025\/10\/BANG-BLAZE-100000-Puffs-10-Flavors-DSK055-Low-Nicotine-Bulk-Buy-Original-Rechargeable-Disposable-Vapes-Wholesale0-222x500.webp 222w, https:\/\/vapexyz.com\/wp-content\/uploads\/2025\/10\/BANG-BLAZE-100000-Puffs-10-Flavors-DSK055-Low-Nicotine-Bulk-Buy-Original-Rechargeable-Disposable-Vapes-Wholesale0-455x1024.webp 455w, https:\/\/vapexyz.com\/wp-content\/uploads\/2025\/10\/BANG-BLAZE-100000-Puffs-10-Flavors-DSK055-Low-Nicotine-Bulk-Buy-Original-Rechargeable-Disposable-Vapes-Wholesale0-768x1728.webp 768w, https:\/\/vapexyz.com\/wp-content\/uploads\/2025\/10\/BANG-BLAZE-100000-Puffs-10-Flavors-DSK055-Low-Nicotine-Bulk-Buy-Original-Rechargeable-Disposable-Vapes-Wholesale0-683x1536.webp 683w, https:\/\/vapexyz.com\/wp-content\/uploads\/2025\/10\/BANG-BLAZE-100000-Puffs-10-Flavors-DSK055-Low-Nicotine-Bulk-Buy-Original-Rechargeable-Disposable-Vapes-Wholesale0-910x2048.webp 910w, https:\/\/vapexyz.com\/wp-content\/uploads\/2025\/10\/BANG-BLAZE-100000-Puffs-10-Flavors-DSK055-Low-Nicotine-Bulk-Buy-Original-Rechargeable-Disposable-Vapes-Wholesale0-5x12.webp 5w, https:\/\/vapexyz.com\/wp-content\/uploads\/2025\/10\/BANG-BLAZE-100000-Puffs-10-Flavors-DSK055-Low-Nicotine-Bulk-Buy-Original-Rechargeable-Disposable-Vapes-Wholesale0-510x1148.webp 510w\" sizes=\"auto, (max-width: 1138px) 100vw, 1138px\" \/><\/div>\n<h3 style=\"color: #2c3e50; margin-top: 25px;\">Strategin\u0117s didmenin\u0117s logistikos paslaugos su VapeXYZ<\/h3>\n<p>S\u0117kmingai veikian\u010dio ma\u017emenin\u0117s prekybos \u012fmon\u0117s veiklai b\u016btinas patikimas tiek\u0117jas, kuris b\u016bt\u0173 toks pat patikimas kaip ir produktai, kuriuos jie parduoda. Kaip specializuota Europoje \u012fsik\u016brusi didmenin\u0117s prekybos platforma, \u201eVapeXYZ\u201c yra sukurtas palaikyti greit\u0105 j\u016bs\u0173 verslo augim\u0105. Mes palaikome saugias, klimatu kontroliuojamas sand\u0117liavimo patalpas ES teritorijoje, o tai rei\u0161kia \u017eymiai suma\u017e\u0117jus\u012f tranzito laik\u0105 ir pa\u0161alina netik\u0117tus pasienio muitin\u0117s v\u0117lavimus m\u016bs\u0173 Europos partneriams.<\/p>\n<p>Kai nusprend\u017eiate \u012fsigyti savo vienkartinius garintuvus per m\u016bs\u0173 tinkl\u0105, jums garantuojamas autenti\u0161kas aparatas. Mes vykdome nulio tolerancijos politik\u0105 prie\u0161 padirbtus produktus, u\u017etikrindami, kad j\u016bs\u0173 verslo reputacija likt\u0173 nepakitusi. Be to, m\u016bs\u0173 didmenin\u0117s strukt\u016bros yra labai lanks\u010dios; si\u016blome tvirtas didmenines nuolaidas, kurios atitinka j\u016bs\u0173 u\u017esakymo apimt\u012f, kartu su OEM \/ ODM paslaugomis partneriams, norintiems sukurti savas prek\u0117s \u017eenklo sprendimus, pagr\u012fstus \u012frodytais, auk\u0161tos kokyb\u0117s aparatais.<\/p>\n<h3 style=\"color: #2c3e50; border-bottom: 2px solid #ddd; padding-bottom: 10px; margin-top: 40px;\">Pagrindiniai punktai: Da\u017eniausiai u\u017eduodami klausimai (DUK)<\/h3>\n<div style=\"margin-bottom: 15px; border: 1px solid #e0e0e0; padding: 20px; border-radius: 8px; background-color: #fafafa;\">\n<h4 style=\"margin-top: 0; color: #333; font-size: 1.1em;\">K: Kaip 100 000 i\u0161vesties paj\u0117gumas yra empiri\u0161kai patikrintas?<\/h4>\n<p style=\"margin-bottom: 0; color: #555;\">A: Did\u017eiausias paj\u0117gumas yra teorinis etalonas, nustatytas atliekant automatinius laboratorinius tyrimus. Pneumatiniai \u012frenginiai ima i\u0161 prietaiso tam tikrais intervalais (paprastai 1,5 sekund\u0117s) kontroliuojamomis termin\u0117mis s\u0105lygomis, kol vidinis rezervuaras visi\u0161kai i\u0161eikvojamas. Tikrasis naudojimas skirsis priklausomai nuo vartotojo \u012fkv\u0117pimo trukm\u0117s ir gylio, taip pat nuo aplinkos laikymo s\u0105lyg\u0173.<\/p>\n<\/div>\n<div style=\"margin-bottom: 15px; border: 1px solid #e0e0e0; padding: 20px; border-radius: 8px; background-color: #fafafa;\">\n<h4 style=\"margin-top: 0; color: #333; font-size: 1.1em;\">K: Kokie yra specifiniai 1,0 om\u0173 trigubo rit\u0117s prana\u0161umai?<\/h4>\n<p style=\"margin-bottom: 0; color: #555;\">A: Trij\u0173 spirali\u0173 dizainas smarkiai padidina \u012fkaitinto pavir\u0161iaus plot\u0105. Techni\u0161kai tai rei\u0161kia, kad \u0161iluma yra tolygiau paskirstoma per vis\u0105 sugerian\u010di\u0105 med\u017eiag\u0105. Tai neleid\u017eia vietiniam perkaitimui (kuris sukelia deginto skon\u012f) ir u\u017etikrina, kad garinimo procesas i\u0161lieka labai efektyvus ir pastovus per vis\u0105 aparat\u016bros eksploatavimo laik\u0105.<\/p>\n<\/div>\n<div style=\"margin-bottom: 15px; border: 1px solid #e0e0e0; padding: 20px; border-radius: 8px; background-color: #fafafa;\">\n<h4 style=\"margin-top: 0; color: #333; font-size: 1.1em;\">K: Ar VapeXYZ teikia dokumentacij\u0105, \u012frodan\u010di\u0105 \u0161i\u0173 prietais\u0173 autenti\u0161kum\u0105?<\/h4>\n<p style=\"margin-bottom: 0; color: #555;\">A: Taip. Mes tiekiam\u0117s tiesiogiai i\u0161 gamintojo. Kiekviena m\u016bs\u0173 apdorojam\u0173 garintuv\u0173 partija turi gamykl\u0105 patvirtintus partij\u0173 kodus. Prekretai gali patikrinti aparat\u016bros autenti\u0161kum\u0105 naudodamiesi ant kontrafakt\u0173 tikrinimo sistemomis, pateiktomis ant originalios \u012frenginio pakuot\u0117s, u\u017etikrindami visi\u0161k\u0105 vartotoj\u0173 pasitik\u0117jim\u0105.<\/p>\n<\/div>\n<div style=\"margin-bottom: 15px; border: 1px solid #e0e0e0; padding: 20px; border-radius: 8px; background-color: #fafafa;\">\n<h4 style=\"margin-top: 0; color: #333; font-size: 1.1em;\">K: Kokie yra tinkami \u0161i\u0173 didel\u0117s talpos \u012frengini\u0173 i\u0161metimo protokolai?<\/h4>\n<p style=\"margin-bottom: 0; color: #555;\">A: Kadangi DSK055 turi \u012fkraunam\u0105 LiPo baterij\u0105 ir elektronin\u0119 grandin\u0119, jis turi b\u016bti i\u0161mestas pagal regionines WEEE direktyvas. \u0160ie \u012frenginiai niekada netur\u0117t\u0173 b\u016bti i\u0161metami kartu su \u012fprastomis buitin\u0117mis atliekomis. Mes patariame visiems m\u016bs\u0173 didmenininkams \u012fdiegti baterij\u0173 perdirbimo punktus savo ma\u017emenin\u0117s prekybos vietose, kad b\u016bt\u0173 skatinamas aplinkosauginis s\u0105vokumas.<\/p>\n<\/div>\n<\/article>","protected":false},"excerpt":{"rendered":"<p>BANG BLAZE DSK055 100000 Puffs yra \u012fkraunamas trigubai skoningas vienkartinis garintuvas su 10 skoni\u0173 rinkini\u0173, idealus didmeniniam pardavimui i\u0161 VapeXYZ.<\/p>","protected":false},"featured_media":69315,"comment_status":"open","ping_status":"closed","template":"","meta":{"_lmt_disableupdate":"no","_lmt_disable":""},"product_brand":[],"product_cat":[821,1056,947,935,934,927,929,928,930,933,939,932,938,931,936,937,1017,949,946,950,951,953,987],"product_tag":[],"class_list":{"0":"post-57479","1":"product","2":"type-product","3":"status-publish","4":"has-post-thumbnail","6":"product_cat-bang","7":"product_cat-100000-puff-vapes","8":"product_cat-big-puffs-vapes","9":"product_cat-bulk-buy-disposable-vapes-in-austria","10":"product_cat-bulk-buy-disposable-vapes-in-belgium","11":"product_cat-bulk-buy-disposable-vapes-in-europe","12":"product_cat-bulk-buy-disposable-vapes-in-france","13":"product_cat-bulk-buy-disposable-vapes-in-germany","14":"product_cat-bulk-buy-disposable-vapes-in-italy","15":"product_cat-bulk-buy-disposable-vapes-in-netherlands","16":"product_cat-bulk-buy-disposable-vapes-in-norway","17":"product_cat-bulk-buy-disposable-vapes-in-poland","18":"product_cat-bulk-buy-disposable-vapes-in-portugal","19":"product_cat-bulk-buy-disposable-vapes-in-spain","20":"product_cat-bulk-buy-disposable-vapes-in-sweden","21":"product_cat-bulk-buy-disposable-vapes-in-switzerland","22":"product_cat-buy-best-disposable-vape-flavors","23":"product_cat-digital-box-vapes","24":"product_cat-disposable-vapes-series","25":"product_cat-dual-mesh-vapes","26":"product_cat-lower-nicotine-vapes","27":"product_cat-rechargeable-vapes","28":"product_cat-vape-shop-by-puffs","30":"first","31":"instock","32":"shipping-taxable","33":"purchasable","34":"product-type-variable","35":"has-default-attributes"},"jetpack_sharing_enabled":true,"tiered_pricing_type":"fixed","tiered_pricing_fixed_rules":[],"tiered_pricing_product_settings":{"layout":"default","base_unit_name":{"singular":null,"plural":null},"default_variation":null},"tiered_pricing_minimum_quantity":null,"tiered_pricing_roles_data":[],"tiered_pricing_percentage_rules":[],"tiered_pricing_maximum_quantity":null,"tiered_pricing_quantity_step":null,"_links":{"self":[{"href":"https:\/\/vapexyz.com\/lt\/wp-json\/wp\/v2\/product\/57479","targetHints":{"allow":["GET"]}}],"collection":[{"href":"https:\/\/vapexyz.com\/lt\/wp-json\/wp\/v2\/product"}],"about":[{"href":"https:\/\/vapexyz.com\/lt\/wp-json\/wp\/v2\/types\/product"}],"replies":[{"embeddable":true,"href":"https:\/\/vapexyz.com\/lt\/wp-json\/wp\/v2\/comments?post=57479"}],"wp:featuredmedia":[{"embeddable":true,"href":"https:\/\/vapexyz.com\/lt\/wp-json\/wp\/v2\/media\/69315"}],"wp:attachment":[{"href":"https:\/\/vapexyz.com\/lt\/wp-json\/wp\/v2\/media?parent=57479"}],"wp:term":[{"taxonomy":"product_brand","embeddable":true,"href":"https:\/\/vapexyz.com\/lt\/wp-json\/wp\/v2\/product_brand?post=57479"},{"taxonomy":"product_cat","embeddable":true,"href":"https:\/\/vapexyz.com\/lt\/wp-json\/wp\/v2\/product_cat?post=57479"},{"taxonomy":"product_tag","embeddable":true,"href":"https:\/\/vapexyz.com\/lt\/wp-json\/wp\/v2\/product_tag?post=57479"}],"curies":[{"name":"wp","href":"https:\/\/api.w.org\/{rel}","templated":true}]}}