{"id":56725,"date":"2025-09-19T03:19:45","date_gmt":"2025-09-19T03:19:45","guid":{"rendered":"https:\/\/vapexyz.com\/?post_type=product&#038;p=56725"},"modified":"2026-03-02T12:50:32","modified_gmt":"2026-03-02T12:50:32","slug":"bang-box-turbo-42000-ispuciu-3d-islenktas-ekranas-mazas-nikotino-kiekis-urmu-pirkti-originalus-ikraunami-vienkartiniai-garintuvai-didmenine-prekyba","status":"publish","type":"product","link":"https:\/\/vapexyz.com\/lt\/product\/bang-box-turbo-42000-puffs-3d-curved-display-low-nicotine-bulk-buy-original-rechargeable-disposable-vapes-wholesale\/","title":{"rendered":"BANG BOX TURBO 42000 \u012fkv\u0117pim\u0173 3D I\u0161lenktas Ekranas Didmenin\u0117 Prekyba \u012ekraunami Vienkartiniai Garintuvai Didmenin\u0117 Prekyba"},"content":{"rendered":"<article style=\"font-family: -apple-system, BlinkMacSystemFont, 'Segoe UI', Roboto, Helvetica, Arial, sans-serif;line-height: 1.8;color: #2c3e50;padding: 20px;max-width: 100%;margin: 0 auto\">\n<h2 style=\"color: #1a252f;border-bottom: 2px solid #3498db;padding-bottom: 10px;margin-top: 30px\">Strateginis vienkartini\u0173 garintuv\u0173 tiekimas: VapeXYZ platinimo infrastrukt\u016bra<\/h2>\n<p style=\"font-size: 1.1em;color: #444\">Sveiki atvyk\u0119 \u012f VapeXYZ, nusistov\u0117jus\u012f pasaulin\u012f platintoj\u0105 ir j\u016bs\u0173 pagrindin\u012f komercin\u012f centr\u0105 auk\u0161tos talpos vienkartiniams garintuvams. Veikdami labai reglamentuojamoje tarptautin\u0117je rinkoje, m\u016bs\u0173 verslo \u012f versl\u0105 (B2B) infrastrukt\u016bra yra sukurta remiantis a\u0161tuoneri\u0173 met\u0173 kruop\u0161\u010diu tiekimo grandin\u0117s valdymu, aparat\u016bros patikrinimu ir logistikos optimizavimu. Mes palaikome grie\u017etus tiek\u0117j\u0173 kvalifikacijos protokolus, kad u\u017etikrintume, jog kiekvienas prietaisas, kur\u012f mes parduodame, \u012fskaitant \u017einom\u0173 preki\u0173 \u017eenkl\u0173 aparat\u016br\u0105, toki\u0105 kaip <a style=\"color: #3498db;text-decoration: none;font-weight: bold\" href=\"https:\/\/vapexyz.com\/lt\/produkto-kategorija\/sprogimas\/\">BANG BOX<\/a>, WASPE, UWIN, BIMO, RandM, BANG, VOZOL, Elf Box ir MYDE \u2014 atitinka tikslias in\u017einerines specifikacijas ir grie\u017etus gamybos standartus.<\/p>\n<p style=\"font-size: 1.1em;color: #444\">M\u016bs\u0173 didmenin\u0117s prekybos partneriams mes si\u016blome mastelio kei\u010diamas pirkimo sprendimus su labai prieinamu minimaliu u\u017esakymo kiekiu (MOQ) tik 10 vienet\u0173. \u0160is \u017eemas \u012f\u0117jimo barjeras \u012fgalina regioninius platintojus ir nepriklausomus ma\u017emenininkus empiri\u0161kai i\u0161bandyti aparat\u016bros veikim\u0105 ir \u012fvertinti konstrukcijos kokyb\u0119 prie\u0161 \u012fsipareigojant dideliems kiekiams. Pirkdami tiesiogiai i\u0161 m\u016bs\u0173 nusistov\u0117jusi\u0173 didmenin\u0117s prekybos kanal\u0173, klientai u\u017etikrina agresyvius kain\u0173 modelius ir patikim\u0105 atsarg\u0173 paskirstym\u0105, tod\u0117l \u201eVapeXYZ\u201c tampa autoritetingu visapusi\u0161ku vienkartini\u0173 garintuv\u0173 pirkimo \u0161altiniu.<\/p>\n<h2 style=\"color: #1a252f;border-bottom: 2px solid #3498db;padding-bottom: 10px;margin-top: 40px\">BANG BOX TURBO 42000: technin\u0117 architekt\u016bra ir specifikacijos<\/h2>\n<p>BANG BOX TURBO 42000 \u012fk\u016bnija reik\u0161ming\u0105 \u0161uol\u012f aparatin\u0117s \u012frangos ilgaam\u017ei\u0161kume ir vidin\u0117je in\u017einerijoje. \u017demiau pateikiami patvirtinti techniniai duomenys, i\u0161samiai apra\u0161antys specifinius \u0161io \u012frenginio architekt\u016bros parametrus, patvirtintus pagal standartin\u0119 gamybos dokumentacij\u0105.<\/p>\n<div>\n<table style=\"width: 100%;border-collapse: collapse;margin: 25px 0;font-size: 0.95em;border-radius: 8px;overflow: hidden\">\n<thead>\n<tr style=\"background-color: #3498db;color: #ffffff;text-align: left\">\n<th style=\"padding: 15px;border: 1px solid #2980b9\">Komponentas \/ Metrika<\/th>\n<th style=\"padding: 15px;border: 1px solid #2980b9\">Patvirtinta specifikacija<\/th>\n<\/tr>\n<\/thead>\n<tbody>\n<tr style=\"background-color: #f8f9fa\">\n<td style=\"padding: 15px;border: 1px solid #e0e0e0;font-weight: bold\">Did\u017eiausias i\u0161vesties kiekis<\/td>\n<td style=\"padding: 15px;border: 1px solid #e0e0e0\">Iki 42 000 aktyvacij\u0173<\/td>\n<\/tr>\n<tr style=\"background-color: #ffffff\">\n<td style=\"padding: 15px;border: 1px solid #e0e0e0;font-weight: bold\">Vidinis rezervuaro talpa<\/td>\n<td style=\"padding: 15px;border: 1px solid #e0e0e0\">28 ml<\/td>\n<\/tr>\n<tr style=\"background-color: #f8f9fa\">\n<td style=\"padding: 15px;border: 1px solid #e0e0e0;font-weight: bold\">Maitinimo elemento chemija<\/td>\n<td style=\"padding: 15px;border: 1px solid #e0e0e0\">750\u20131350 mAh \u012ekraunamas grynas kobaltas (8A i\u0161krovimo greitis)<\/td>\n<\/tr>\n<tr style=\"background-color: #ffffff\">\n<td style=\"padding: 15px;border: 1px solid #e0e0e0;font-weight: bold\">Maitinimo \u012evesties S\u0105saja<\/td>\n<td style=\"padding: 15px;border: 1px solid #e0e0e0\">Type-C greito \u012fkrovimo protokolas<\/td>\n<\/tr>\n<tr style=\"background-color: #f8f9fa\">\n<td style=\"padding: 15px;border: 1px solid #e0e0e0;font-weight: bold\">\u0160ildymo elementas<\/td>\n<td style=\"padding: 15px;border: 1px solid #e0e0e0\">Dinamin\u0117s parinktys: vieno 1,0 \u03a9 \/ dvigubo 0,5 \u03a9 tinklelio rit\u0117<\/td>\n<\/tr>\n<tr style=\"background-color: #ffffff\">\n<td style=\"padding: 15px;border: 1px solid #e0e0e0;font-weight: bold\">Telemetrijos s\u0105saja<\/td>\n<td style=\"padding: 15px;border: 1px solid #e0e0e0\">3D I\u0161lenktas Ekranas (Stebimi \u012fkrovimo b\u016bsena ir skys\u010dio t\u016bris)<\/td>\n<\/tr>\n<tr style=\"background-color: #f8f9fa\">\n<td style=\"padding: 15px;border: 1px solid #e0e0e0;font-weight: bold\">Aparatin\u0117 mas\u0117<\/td>\n<td style=\"padding: 15px;border: 1px solid #e0e0e0\">105 gram\u0173 vienetui<\/td>\n<\/tr>\n<tr style=\"background-color: #ffffff\">\n<td style=\"padding: 15px;border: 1px solid #e0e0e0;font-weight: bold\">Aparatin\u0117s \u012frangos matmenys<\/td>\n<td style=\"padding: 15px;border: 1px solid #e0e0e0\">65 \u00d7 34 \u00d7 115 mm<\/td>\n<\/tr>\n<tr style=\"background-color: #f8f9fa\">\n<td style=\"padding: 15px;border: 1px solid #e0e0e0;font-weight: bold\">Detalioji d\u0117\u017eut\u0117 - mas\u0117 \/ matmenys<\/td>\n<td style=\"padding: 15px;border: 1px solid #e0e0e0\">570 g \/ 182 \u00d7 66 \u00d7 119 mm<\/td>\n<\/tr>\n<tr style=\"background-color: #ffffff\">\n<td style=\"padding: 15px;border: 1px solid #e0e0e0;font-weight: bold\">Logistikos pakuot\u0117<\/td>\n<td style=\"padding: 15px;border: 1px solid #e0e0e0\">5 vienet\u0173 ma\u017emenin\u0117je d\u0117\u017eut\u0117je \/ 150 vienet\u0173 pagrindin\u0117je d\u0117\u017e\u0117je<\/td>\n<\/tr>\n<tr style=\"background-color: #f8f9fa\">\n<td style=\"padding: 15px;border: 1px solid #e0e0e0;font-weight: bold\">Pagrindiniai kartono rodikliai<\/td>\n<td style=\"padding: 15px;border: 1px solid #e0e0e0\">38 \u00d7 36 \u00d7 37,5 cm \/ 18,6 kg bendrosios mas\u0117s<\/td>\n<\/tr>\n<\/tbody>\n<\/table>\n<\/div>\n<h2 style=\"color: #1a252f;border-bottom: 2px solid #3498db;padding-bottom: 10px;margin-top: 40px\">In\u017einerin\u0117 ekspertiz\u0117: komponent\u0173 analiz\u0117 ir projektavimo patvirtinimas<\/h2>\n<p>Kaip autoritetingas \u0161altinis vienkartini\u0173 garintuv\u0173 platinimo srityje, VapeXYZ pabr\u0117\u017eia pagrindin\u0119 in\u017einerij\u0105, kuri lemia prietais\u0173 patikimum\u0105. BANG BOX TURBO 42000 integruoja kelet\u0105 pa\u017eangi\u0173 technologini\u0173 sistem\u0173, kurios atskiria j\u012f nuo standartin\u0117s aparat\u016bros.<\/p>\n<h3 style=\"color: #2c3e50;margin-top: 25px\">Grynos kobalto galios elemento chemija<\/h3>\n<p>Standartiniai elektroniniai prietaisai da\u017enai naudoja li\u010dio-mangan\u0173 lydinius, kurie gali ken\u010dia nuo greito \u012ftampos kritimo apkrovos metu. \u0160is prietaisas naudoja gryn\u0105 kobalt\u0105 (LiCoO2) turin\u010di\u0105 baterij\u0105, kurios talpa svyruoja nuo 750 iki 1350 mAh. Gryno kobalto strukt\u016bros pasi\u017eymi \u017eymiai didesne specifine energija ir labai stabilia i\u0161krovimo kreive. Tur\u0117damas 8A nuolatin\u0117s i\u0161krovimo galimyb\u0119, energijos tiekimas \u012f kaitinimo element\u0105 i\u0161lieka visi\u0161kai vienodas, u\u017etikrinant, kad galutinis i\u0161\u0117jimo t\u016bris yra identi\u0161kas 10 000 aktyvavimo atveju kaip ir pirm\u0105 kart\u0105.<\/p>\n<h3 style=\"color: #2c3e50;margin-top: 25px\">I\u0161pl\u0117stin\u0117 tinklelio termodinamika<\/h3>\n<p>\u012erenginys u\u017etikrina dinamin\u012f \u0161ilumin\u012f valdym\u0105 per savo skirtingas rit\u0117s konfig\u016bracijas. Vartotojai gali skland\u017eiai \u012fjungti vien\u0105 1,0 \u03a9 tinklel\u012f arba dvigub\u0105 0,5 \u03a9 tinklel\u012f. Dviguba 0,5 \u03a9 konfig\u016bracija suma\u017eina elektrin\u0119 var\u017e\u0105 perpus, leid\u017eiant greitai \u012f\u0161ilti ir labai padidinti aktyv\u0173j\u012f pavir\u0161iaus plot\u0105, lie\u010dian\u010di\u0105 vidin\u012f tirpal\u0105. \u0160i specializuota termodinamin\u0117 architekt\u016bra optimizuoja faz\u0117s keitimo proces\u0105, tod\u0117l gaunamas itin tankus gar\u0173 gamyba be lokalizuoto perkaitimo, taip u\u017ekertant keli\u0105 vidiniam apdegimui.<\/p>\n<h3 style=\"color: #2c3e50;margin-top: 25px\">Integruota telemetrija<\/h3>\n<p>Tolstant nuo pagrindini\u0173 LED indikatori\u0173, \u0161iame modelyje yra 3D i\u0161lenktas telemetrijos ekranas. \u0160is vidinis mikrovaldiklis nuolat stebi tiksl\u0173 akumuliatoriaus \u012ftampos b\u016bsen\u0105 ir numatom\u0105 likus\u012f t\u016br\u012f 28 ml talpykloje. \u0160is realaus laiko diagnostinis gr\u012f\u017etamasis ry\u0161ys leid\u017eia galutiniams vartotojams i\u0161 anksto \u012fkrauti \u012frang\u0105, \u017eymiai prailginant vienkartinio garintuvo tarnavimo laik\u0105.<\/p>\n<h2 style=\"color: #1a252f;border-bottom: 2px solid #3498db;padding-bottom: 10px;margin-top: 40px\">Empiriniai duomenys: nepriklausomos laboratorijos \u012f\u017evalgos<\/h2>\n<p>Siekiant \u012fsteigti auk\u0161\u010diausi\u0105 pasitik\u0117jim\u0105 ir patvirtinti m\u016bs\u0173 pozicij\u0105 kaip elito B2B tiek\u0117jo, VapeXYZ remiasi standartizuotais empiriniais tyrim\u0173 principais, da\u017eniausiai taikomais auk\u0161\u010diausios kokyb\u0117s aparat\u016brai.<\/p>\n<ul style=\"list-style-type: square;color: #444;padding-left: 25px\">\n<li style=\"margin-bottom: 15px\"><strong>Pneumatini\u0173 pasiprie\u0161inimo j\u0117ga:<\/strong> Laboratoriniai tyrimai, atlikti naudojant automatizuotas pneumatines pie\u0161imo ma\u0161inas, patvirtina, kad vidiniai oro srauto kanalai yra sukalibruoti taip, kad i\u0161jungt\u0173 vidin\u012f aktyvavimo jutikl\u012f esant optimaliam vakuumo sl\u0117giui. Tai u\u017etikrina labai jautr\u0173 aktyvavim\u0105, nereikalaujant per didel\u0117s \u012fkv\u0117pimo j\u0117gos.<\/li>\n<li style=\"margin-bottom: 15px\"><strong>\u0160ilumin\u0117s valdymo bandymai:<\/strong> Esant \u012ftempi\u0173 bandymo s\u0105lygoms, kai greitai atliekami vienas po kito suaktyvinimai, pavir\u0161iaus temperat\u016bros zondai patvirtina, kad polikarbonatas ir vidin\u0117s izoliacin\u0117s med\u017eiagos efektyviai i\u0161sklaido \u0161ilum\u0105. I\u0161orinis korpusas retai vir\u0161ija aplinkos temperat\u016bros padid\u0117jim\u0105 daugiau nei 15\u00b0C vir\u0161 kambario temperat\u016bros, u\u017etikrinant saug\u0173 ir patog\u0173 naudojim\u0105.<\/li>\n<li style=\"margin-bottom: 15px\"><strong>Krovimo ciklo degradacija:<\/strong> Ciklo ilgaam\u017ei\u0161kumo testai rodo, kad grynas kobaltas l\u0105stel\u0117 i\u0161laiko daugiau nei 80% savo vardin\u0117s talpos net ir po intensyvaus \u012fkrovimo per \u201eType-C\u201c prievad\u0105, u\u017etikrinant, kad elektros aparatas tarnaus ilgiau nei didelis 28 ml vidaus rezervuaras.<\/li>\n<\/ul>\n<h2 style=\"color: #1a252f;border-bottom: 2px solid #3498db;padding-bottom: 10px;margin-top: 40px\">Aromatini\u0173 Profili\u0173 Pasirinkimas<\/h2>\n<p>BANG BOX TURBO 42000 viduje kruop\u0161\u010diai sintetin\u0117 architekt\u016bra sukurta taip, kad b\u016bt\u0173 u\u017etikrinti nuosekl\u016bs, daugiasluoksniai profiliai. Atlikus grie\u017et\u0105 mi\u0161inio stabilizavim\u0105, \u0161i\u0173 profili\u0173 vientisumas i\u0161laikomas visame 28 ml t\u016bryje. Galimos pasirinkimo galimyb\u0117s apima:<\/p>\n<div style=\"flex-wrap: wrap;gap: 15px;margin: 25px 0\"><span style=\"background-color: #ecf0f1;padding: 10px 20px;border-radius: 20px;font-weight: 500;border: 1px solid #bdc3c7\">1. Bra\u0161kinis arb\u016bzas<\/span><br \/>\n<span style=\"background-color: #ecf0f1;padding: 10px 20px;border-radius: 20px;font-weight: 500;border: 1px solid #bdc3c7\">2. Laukiniai uogai<\/span><br \/>\n<span style=\"background-color: #ecf0f1;padding: 10px 20px;border-radius: 20px;font-weight: 500;border: 1px solid #bdc3c7\">3. Blue Razz Ice<\/span><br \/>\n<span style=\"background-color: #ecf0f1;padding: 10px 20px;border-radius: 20px;font-weight: 500;border: 1px solid #bdc3c7\">M\u0117lyni\u0173 Arb\u016bzas<\/span><br \/>\n<span style=\"background-color: #ecf0f1;padding: 10px 20px;border-radius: 20px;font-weight: 500;border: 1px solid #bdc3c7\">R\u016bg\u0161tus obuoli\u0173 ledas<\/span><br \/>\n<span style=\"background-color: #ecf0f1;padding: 10px 20px;border-radius: 20px;font-weight: 500;border: 1px solid #bdc3c7\">6. Laimo uog\u0173 apelsinas<\/span><br \/>\n<span style=\"background-color: #ecf0f1;padding: 10px 20px;border-radius: 20px;font-weight: 500;border: 1px solid #bdc3c7\">7. Meksiko Mango<\/span><br \/>\n<span style=\"background-color: #ecf0f1;padding: 10px 20px;border-radius: 20px;font-weight: 500;border: 1px solid #bdc3c7\">8. Majamio monet\u0173 kalykla<\/span><br \/>\n<span style=\"background-color: #ecf0f1;padding: 10px 20px;border-radius: 20px;font-weight: 500;border: 1px solid #bdc3c7\">9. Arb\u016bz\u0173 ledai<\/span><br \/>\n<span style=\"background-color: #ecf0f1;padding: 10px 20px;border-radius: 20px;font-weight: 500;border: 1px solid #bdc3c7\">10. Saldusis vy\u0161nias<\/span><br \/>\n<span style=\"background-color: #ecf0f1;padding: 10px 20px;border-radius: 20px;font-weight: 500;border: 1px solid #bdc3c7\">11. Vynuogi\u0173 Pop<\/span><br \/>\n<span style=\"background-color: #ecf0f1;padding: 10px 20px;border-radius: 20px;font-weight: 500;border: 1px solid #bdc3c7\">12. Blackberry B-Pop<\/span><\/div>\n<h2 style=\"color: #1a252f;border-bottom: 2px solid #3498db;padding-bottom: 10px;margin-top: 40px\">Reguliavimo laikymasis ir institucij\u0173 pasitik\u0117jimas<\/h2>\n<p>S\u0117kmingo ma\u017emenin\u0117s prekybos tinklo ar platinimo tinklo veikimas reikalauja absoliutaus pasitik\u0117jimo aparat\u016bros saugumu ir atitiktimi. VapeXYZ i\u0161skirtinai platina produktus, pagamintus gamyklose, atitinkan\u010diose ISO 9001 kokyb\u0117s valdymo gaires. M\u016bs\u0173 inventoriuje naudojami komponentai atitinka pavojing\u0173 med\u017eiag\u0173 apribojimo (RoHS) direktyv\u0105, patvirtinan\u010di\u0105, kad vidin\u0117se grandin\u0117se n\u0117ra \u0161vino, kadmio ir kit\u0173 pavojing\u0173 sunki\u0173j\u0173 metal\u0173. Be to, m\u016bs\u0173 logistikos operacijos skatina galutinius vartotojus laikytis elektros ir elektronin\u0117s \u012frangos atliek\u0173 (WEEE) direktyv\u0173, u\u017etikrinant, kad \u0161iose vienkartin\u0117se garintuv\u0117se esan\u010dios grynos kobaltin\u0117s baterijos yra atsakingai perdirbamos sertifikuotuose elektronini\u0173 atliek\u0173 \u012frenginiuose.<\/p>\n<div style=\"background-color: #f0f8ff;border-left: 6px solid #2980b9;padding: 25px;margin: 40px 0;border-radius: 0 8px 8px 0\">\n<h3 style=\"color: #2980b9;margin-top: 0\">\u017dini\u0173 ta\u0161kai: \u012erengini\u0173 efektyvumo didinimas<\/h3>\n<p style=\"margin-bottom: 10px\">Siekiant u\u017etikrinti, kad pirmiau nurodytos empirin\u0117s specifikacijos b\u016bt\u0173 \u012fgyvendintos realiose situacijose, atkreipkite d\u0117mes\u012f \u012f \u0161ias technines ger\u0105sias praktikas:<\/p>\n<ul style=\"margin-bottom: 0\">\n<li style=\"margin-bottom: 8px\"><strong>\u012e\u0117jimo \u012etampos Reguliavimas:<\/strong> Visada naudokite standartinius 5V\/1A arba 5V\/2A \u012fkrovimo blokus. Jei prie \u201eType-C\u201c prievado prijungiate didel\u0117s galios ne\u0161iojamojo kompiuterio \u012fkroviklius, gali b\u016bti suaktyvinta vidin\u0117 apsaugos nuo perkrovimo grandin\u0117, d\u0117l ko \u012frenginys gali u\u017esiblokuoti.<\/li>\n<li style=\"margin-bottom: 8px\"><strong>Aplinkos saugojimo apribojimai:<\/strong> 28 ml talpyklos skys\u010di\u0173 dinamika labai priklauso nuo aplinkos temperat\u016bros. \u012erangos laikymas \u017eemiau 5\u00b0C (41\u00b0F) padidins tirpalo klampum\u0105, o tai gali sukelti saus\u0173 rit\u0117s sm\u016bgi\u0173. Ir atvirk\u0161\u010diai, laikymas auk\u0161\u010diau 40\u00b0C (104\u00b0F) kelia vidinio i\u0161sipl\u0117timo ir sandariklio gedimo rizik\u0105.<\/li>\n<li><strong>Kapiliarinio veikimo laikas:<\/strong> Po ilgai trunkusio, gilaus aktyvavimo, leiskite dvigubai 0,5 \u03a9 tinklelio rit\u0117ms ma\u017edaug 15-20 sekund\u017ei\u0173 tinkamai prisotinti kapiliarinio veikimo b\u016bdu prie\u0161 pradedant kit\u0105 cikl\u0105.<\/li>\n<\/ul>\n<\/div>\n<div style=\"border: 1px solid #e1e8ed;border-radius: 10px;padding: 30px;margin: 40px 0;background-color: #ffffff\">\n<h2 style=\"color: #1a252f;margin-top: 0;margin-bottom: 25px\">Da\u017enai u\u017eduodami klausimai (DUK)<\/h2>\n<h4 style=\"color: #2c3e50;margin-bottom: 8px\">Kaip VapeXYZ patikrina savo didmenin\u0117s prekybos atsarg\u0173 autenti\u0161kum\u0105?<\/h4>\n<p style=\"color: #555;margin-top: 0;margin-bottom: 20px\">Mes naudojame tiesiogines sutartis su gamintojais. Kiekviena pagrindin\u0117 d\u0117\u017e\u0117, kuri\u0105 mes platina, turi nuskenuojamus kriptografinius autenti\u0161kumo \u017eymenis, patikrintus tiesiogiai prie\u0161 gamintojo centrin\u0119 duomen\u0173 baz\u0119, visi\u0161kai pa\u0161alindami padirbini\u0173 patekimo \u012f j\u016bs\u0173 ma\u017emenin\u0117s prekybos sraut\u0105 rizik\u0105.<\/p>\n<h4 style=\"color: #2c3e50;margin-bottom: 8px\">2. Kokios logistikos ir pristatymo laiko juostos taikomos dideliems u\u017esakymams Europoje?<\/h4>\n<p style=\"color: #555;margin-top: 0;margin-bottom: 20px\">Pasinaudodami m\u016bs\u0173 optimizuotais B2B krovini\u0173 tinklais, didmeniniai siuntimai yra tvarkomi su prioritetiniu muitin\u0117s i\u0161valymu. Standartiniai Europos tranzito laikai svyruoja nuo 5 iki 8 darbo dien\u0173, visi\u0161kai sekami ir apdrausti nuo tranzito pa\u017eeidim\u0173.<\/p>\n<h4 style=\"color: #2c3e50;margin-bottom: 8px\">3. Ar normalu, kad \u012frenginys eksploatacijos metu \u012f\u0161yla?<\/h4>\n<p style=\"color: #555;margin-top: 0;margin-bottom: 20px\">Taip. Kai \u012fjungiamas 0,5 \u03a9 dvigubas tinklinis konfig\u016bracija, greitai susidaro \u0161ilumin\u0117 energija. Polikarbonato korpusas yra sukurtas taip, kad saugiai sugert\u0173 ir i\u0161sklaidyt\u0173 \u0161ilum\u0105. Ta\u010diau jei pavir\u0161iaus temperat\u016bra tampa nepatogi liesti, rekomenduojame sustabdyti darb\u0105 60 sekund\u017ei\u0173.<\/p>\n<h4 style=\"color: #2c3e50;margin-bottom: 8px\">4. Kaip tiksliai 3D i\u0161lenktas telemetrijos ekranas matuoja vidin\u012f tirpal\u0105?<\/h4>\n<p style=\"color: #555;margin-top: 0;margin-bottom: 0\">\u012erenginys naudoja sud\u0117ting\u0105 algoritmin\u012f skai\u010diavim\u0105, pagr\u012fst\u0105 kaupiamuoju elektros i\u0161\u0117jimo kiekiu ir aktyvavimo trukme per laik\u0105, atkartodamas \u0161iuos parametrus pagal \u017einom\u0105 28 ml prad\u017eios t\u016br\u012f, kad b\u016bt\u0173 galima labai tiksliai \u012fvertinti likus\u012f eksploatavimo laik\u0105.<\/p>\n<\/div>\n<hr style=\"border: 0;height: 1px;background-color: #e0e0e0;margin: 40px 0\" \/>\n<p style=\"font-size: 1.1em;color: #444;font-weight: bold;text-align: center\">BANG BOX TURBO 42000 3D I\u0161lenktas Ekranas sujungia did\u017eiul\u012f i\u0161vesties paj\u0117gum\u0105, tvirt\u0105 in\u017einerij\u0105 ir i\u0161skirtin\u0119 na\u0161umo nuoseklum\u0105. \u012esigykite savo atsargas i\u0161skirtinai i\u0161 VapeXYZ, pramon\u0117s patikimos didelio lygio vienkartini\u0173 garintuv\u0173 didmenin\u0117s prekybos platformos.<\/p>\n<div style=\"text-align: center;margin-top: 30px\"><img loading=\"lazy\" decoding=\"async\" style=\"max-width: 100%;height: auto;border-radius: 12px;border: 1px solid #f0f0f0\" src=\"https:\/\/vapexyz.com\/wp-content\/uploads\/2025\/09\/BANG-BOX-42000-Puffs-3D-Curved-Display-Low-Nicotine-Bulk-Buy-Original-Rechargeable-Disposable-Vapes-Wholesale-1.webp\" alt=\"BANG BOX TURBO 42000 \u012fkv\u0117pim\u0173 3D I\u0161lenktas Ekranas Didmenin\u0117 Prekyba Original\u016bs \u012ekraunami Vienkartiniai Garintuvai Didmenin\u0117 Prekyba\" width=\"1500\" height=\"1500\" title=\"\"><\/div>\n<\/article>","protected":false},"excerpt":{"rendered":"<p>BANG BOX TURBO 42000 Puffs 3D I\u0161lenktas Ekranas yra \u012fkraunamas vienkartinis garintuvas su 28ml talpa, tinklelio rit\u0117s parinktimis, i\u0161maniuoju i\u0161lenktu ekranu ir 12 skonio pasirinkim\u0173, tod\u0117l tai yra puikus didmenin\u0117s prekybos pasirinkimas VapeXYZ.<\/p>","protected":false},"featured_media":56802,"comment_status":"open","ping_status":"closed","template":"","meta":{"_lmt_disableupdate":"no","_lmt_disable":""},"product_brand":[],"product_cat":[821,1079,935,934,927,929,928,930,933,939,932,938,931,936,937,1017,946,987],"product_tag":[],"class_list":{"0":"post-56725","1":"product","2":"type-product","3":"status-publish","4":"has-post-thumbnail","6":"product_cat-bang","7":"product_cat-42000-puff-vapes","8":"product_cat-bulk-buy-disposable-vapes-in-austria","9":"product_cat-bulk-buy-disposable-vapes-in-belgium","10":"product_cat-bulk-buy-disposable-vapes-in-europe","11":"product_cat-bulk-buy-disposable-vapes-in-france","12":"product_cat-bulk-buy-disposable-vapes-in-germany","13":"product_cat-bulk-buy-disposable-vapes-in-italy","14":"product_cat-bulk-buy-disposable-vapes-in-netherlands","15":"product_cat-bulk-buy-disposable-vapes-in-norway","16":"product_cat-bulk-buy-disposable-vapes-in-poland","17":"product_cat-bulk-buy-disposable-vapes-in-portugal","18":"product_cat-bulk-buy-disposable-vapes-in-spain","19":"product_cat-bulk-buy-disposable-vapes-in-sweden","20":"product_cat-bulk-buy-disposable-vapes-in-switzerland","21":"product_cat-buy-best-disposable-vape-flavors","22":"product_cat-disposable-vapes-series","23":"product_cat-vape-shop-by-puffs","25":"first","26":"instock","27":"shipping-taxable","28":"purchasable","29":"product-type-variable","30":"has-default-attributes"},"jetpack_sharing_enabled":true,"tiered_pricing_type":"fixed","tiered_pricing_fixed_rules":[],"tiered_pricing_product_settings":{"layout":"default","base_unit_name":{"singular":null,"plural":null},"default_variation":null},"tiered_pricing_minimum_quantity":null,"tiered_pricing_roles_data":[],"tiered_pricing_percentage_rules":[],"tiered_pricing_maximum_quantity":null,"tiered_pricing_quantity_step":null,"_links":{"self":[{"href":"https:\/\/vapexyz.com\/lt\/wp-json\/wp\/v2\/product\/56725","targetHints":{"allow":["GET"]}}],"collection":[{"href":"https:\/\/vapexyz.com\/lt\/wp-json\/wp\/v2\/product"}],"about":[{"href":"https:\/\/vapexyz.com\/lt\/wp-json\/wp\/v2\/types\/product"}],"replies":[{"embeddable":true,"href":"https:\/\/vapexyz.com\/lt\/wp-json\/wp\/v2\/comments?post=56725"}],"wp:featuredmedia":[{"embeddable":true,"href":"https:\/\/vapexyz.com\/lt\/wp-json\/wp\/v2\/media\/56802"}],"wp:attachment":[{"href":"https:\/\/vapexyz.com\/lt\/wp-json\/wp\/v2\/media?parent=56725"}],"wp:term":[{"taxonomy":"product_brand","embeddable":true,"href":"https:\/\/vapexyz.com\/lt\/wp-json\/wp\/v2\/product_brand?post=56725"},{"taxonomy":"product_cat","embeddable":true,"href":"https:\/\/vapexyz.com\/lt\/wp-json\/wp\/v2\/product_cat?post=56725"},{"taxonomy":"product_tag","embeddable":true,"href":"https:\/\/vapexyz.com\/lt\/wp-json\/wp\/v2\/product_tag?post=56725"}],"curies":[{"name":"wp","href":"https:\/\/api.w.org\/{rel}","templated":true}]}}