{"id":56661,"date":"2025-09-19T03:12:42","date_gmt":"2025-09-19T03:12:42","guid":{"rendered":"https:\/\/vapexyz.com\/?post_type=product&#038;p=56661"},"modified":"2026-03-02T12:47:49","modified_gmt":"2026-03-02T12:47:49","slug":"bang-king-60000-puffs-dsk048-ledinis-vesa-mazai-nikotino-urmu-pirkti-originalus-ikraunami-vienkartiniai-garintuvai-didmenine-prekyba","status":"publish","type":"product","link":"https:\/\/vapexyz.com\/lt\/product\/bang-king-60000-puffs-dsk048-ice-cool-low-nicotine-bulk-buy-original-rechargeable-disposable-vapes-wholesale\/","title":{"rendered":"BANG KING 60000 i\u0161pu\u010di\u0173 DSK048 Ledas \u0160altas Masinis Pirkimas 60K \u012ekraunamas Vienkartinis Garintuvas Didmenin\u0117 Prekyba"},"content":{"rendered":"<article style=\"font-family: 'Segoe UI', Roboto, Helvetica, Arial, sans-serif;line-height: 1.8;color: #2c3e50;max-width: 100%;margin: 0 auto;padding: 20px\">\n<h2 style=\"color: #1a252f;border-bottom: 2px solid #3498db;padding-bottom: 10px;margin-top: 30px\">I\u0161samus techninis ap\u017evalgas: BANG KING 60000 Puffs DSK048<\/h2>\n<p style=\"font-size: 1.1em;color: #4a5568\">Sveiki atvyk\u0119 \u012f VapeXYZ, j\u016bs\u0173 pagrindin\u012f tarptautin\u012f auk\u0161tos talpos vienkartini\u0173 garintuv\u0173 platinimo centr\u0105. Tur\u0117dami daugiau nei a\u0161tuoneri\u0173 met\u0173 dokumentuot\u0105 veiklos puikum\u0105 pasaulin\u0117je B2B tiekimo grandin\u0117je, suk\u016br\u0117me grie\u017et\u0105 sistem\u0105, skirt\u0105 auk\u0161\u010diausios kokyb\u0117s garinimo technologijoms tiekti \u012f pasaulines rinkas. Did\u017eiuojam\u0117s pristatydami BANG KING 60000 Puffs DSK048 \u2013 prietais\u0105, sukurt\u0105 tiek ilgalaikei veiklai, tiek optimaliam poj\u016b\u010di\u0173 pristatymui. Kaip profesionalus didmenin\u0117s prekybos platintojas, specializuojam\u0117s ma\u017emenininkams skirtiems inventoriaus sprendimams, si\u016blydami prieinamus minimalius u\u017esakymo kiekius (MOQ) nuo vos 10 vienet\u0173, u\u017etikrindami, kad vis\u0173 dyd\u017ei\u0173 \u012fmon\u0117s gali pasinaudoti m\u016bs\u0173 konkurencingomis didmenin\u0117s prekybos kain\u0173 strukt\u016bromis.<\/p>\n<h3 style=\"color: #2980b9;margin-top: 35px\">In\u017einerijos Puikumas ir Technin\u0117s Specifikacijos (Ekspertiz\u0117)<\/h3>\n<p>BANG KING DSK048 rei\u0161kia reik\u0161ming\u0105 \u017eingsn\u012f \u012f priek\u012f vienkartini\u0173 garintuv\u0173 in\u017einerijoje. \u0160is \u012frenginys nenaudoja standartini\u0173 komponent\u0173, o integruoja sud\u0117ting\u0105 mikroelektronikos ekosistem\u0105, skirt\u0105 palaikyti nuosekl\u0173 energijos i\u0161\u0117jim\u0105 nuo pirmojo iki paskutinio \u012fkv\u0117pimo. \u0160ios sistemos \u0161erdis yra didel\u0117s talpos 850 mAh \u012fkraunama energijos l\u0105stel\u0117, kuri naudoja pa\u017eangi\u0105 li\u010dio jon\u0173 chemij\u0105, u\u017etikrinan\u010di\u0105 stabil\u0173 \u012ftampos tiekim\u0105. Tai labai svarbu, nes standartiniai vienkartiniai garintuvai da\u017enai ken\u010dia nuo \u012ftampos suma\u017e\u0117jimo, d\u0117l ko j\u0173 veikimas b\u016bna nenuoseklus.<\/p>\n<p>\u0160ilumos valdymas yra u\u017etikrinamas tiksliai in\u017einieriaus 1,0 om\u0173 tinklelio kaitinimo elemento. Skirtingai nuo tradicinio vielos apvijos, tinklelio architekt\u016bra eksponenti\u0161kai padidina pavir\u0161iaus plot\u0105, kuris lie\u010diasi su vidine kompozicija. Tai leid\u017eia tolygiau paskirstyti \u0161ilum\u0105, suma\u017einant lokalizuotus kar\u0161tus ta\u0161kus, kurie gali pabloginti skonio profil\u012f, ir u\u017etikrinant tobulai skland\u0173 aerosoli\u0173 susidarymo proces\u0105. \u012erenginys taip pat turi modern\u0173 Type-C \u012fkrovimo s\u0105saj\u0105, \u012fskaitant apsaug\u0105 nuo perkrovimo, trump\u0173j\u0173 jungim\u0173 prevencij\u0105 ir \u0161ilumos steb\u0117jim\u0105, kad atitikt\u0173 tarptautinius vartojimo elektronikos saugos standartus.<\/p>\n<div style=\"margin: 25px 0\">\n<table style=\"width: 100%;border-collapse: collapse;text-align: left;font-family: sans-serif\">\n<thead>\n<tr style=\"background-color: #f4f6f7;border-bottom: 2px solid #cbd5e0\">\n<th style=\"padding: 15px;border: 1px solid #e2e8f0;font-weight: 600;color: #2d3748\">Specifikacijos parametras<\/th>\n<th style=\"padding: 15px;border: 1px solid #e2e8f0;font-weight: 600;color: #2d3748\">Techniniai duomenys ir metrika<\/th>\n<\/tr>\n<\/thead>\n<tbody>\n<tr style=\"background-color: #ffffff\">\n<td style=\"padding: 12px 15px;border: 1px solid #e2e8f0;font-weight: 500\">Maksimali talpa<\/td>\n<td style=\"padding: 12px 15px;border: 1px solid #e2e8f0\">Iki 60 000 aktyvacij\u0173 (priklausomai nuo pie\u0161imo trukm\u0117s)<\/td>\n<\/tr>\n<tr style=\"background-color: #f8fafc\">\n<td style=\"padding: 12px 15px;border: 1px solid #e2e8f0;font-weight: 500\">Vidinis rezervuaras<\/td>\n<td style=\"padding: 12px 15px;border: 1px solid #e2e8f0\">25 ml premium formulacijos talpa<\/td>\n<\/tr>\n<tr style=\"background-color: #ffffff\">\n<td style=\"padding: 12px 15px;border: 1px solid #e2e8f0;font-weight: 500\">Power architekt\u016bra<\/td>\n<td style=\"padding: 12px 15px;border: 1px solid #e2e8f0\">850 mAh li\u010dio jon\u0173, \u012fkraunama konfig\u016bracija<\/td>\n<\/tr>\n<tr style=\"background-color: #f8fafc\">\n<td style=\"padding: 12px 15px;border: 1px solid #e2e8f0;font-weight: 500\">\u0160ilumin\u0117 komponent\u0117<\/td>\n<td style=\"padding: 12px 15px;border: 1px solid #e2e8f0\">1,0 omo optimizuota tinklelio atsparumo rit\u0117<\/td>\n<\/tr>\n<tr style=\"background-color: #ffffff\">\n<td style=\"padding: 12px 15px;border: 1px solid #e2e8f0;font-weight: 500\">Maitinimo s\u0105saja<\/td>\n<td style=\"padding: 12px 15px;border: 1px solid #e2e8f0\">C tipo greito \u012fkrovimo prievadas su integruotomis saugos protokolais<\/td>\n<\/tr>\n<tr style=\"background-color: #f8fafc\">\n<td style=\"padding: 12px 15px;border: 1px solid #e2e8f0;font-weight: 500\">Jutimo pritaikymas pagal poreikius<\/td>\n<td style=\"padding: 12px 15px;border: 1px solid #e2e8f0\">5 skirtingi reguliuojamos v\u0117sinimo intensyvumo lygiai<\/td>\n<\/tr>\n<tr style=\"background-color: #ffffff\">\n<td style=\"padding: 12px 15px;border: 1px solid #e2e8f0;font-weight: 500\">Aktyvi koncentracija<\/td>\n<td style=\"padding: 12px 15px;border: 1px solid #e2e8f0\">Yra 0%, 2%, 3% ir 5% stiprum\u0173<\/td>\n<\/tr>\n<tr style=\"background-color: #f8fafc\">\n<td style=\"padding: 12px 15px;border: 1px solid #e2e8f0;font-weight: 500\">B2B sprendimai<\/td>\n<td style=\"padding: 12px 15px;border: 1px solid #e2e8f0\">Visas OEM\/ODM gamybos palaikymas sertifikuotiems partneriams<\/td>\n<\/tr>\n<\/tbody>\n<\/table>\n<\/div>\n<h3 style=\"color: #2980b9;margin-top: 35px\">Empirinis testavimas ir veiklos metrika (Empirinis)<\/h3>\n<p>\u0160alinam\u0173 garintuv\u0173 pramon\u0117je skaidrumas apie veiklos rodiklius yra itin svarbus. Reklamuojamas 60 000 aktyvavimo skai\u010dius n\u0117ra savavali\u0161kas skai\u010dius; jis gautas i\u0161 grie\u017et\u0173 empirini\u0173 laboratorini\u0173 tyrim\u0173. Naudojant automatin\u0119 pneumatin\u0119 traukimo bandymo \u012frang\u0105, prietaisas yra veikiamas standartini\u0173 1,5 sekund\u0117s \u012fkv\u0117pimo interval\u0173 kontroliuojamomis atmosferos s\u0105lygomis. Tai u\u017etikrina, kad 25 ml vidinis rezervuaras i\u0161tu\u0161tinamas matemati\u0161kai nuosekliu grei\u010diu, patvirtinant ilgaam\u017ei\u0161kumo teiginius.<\/p>\n<p>Be to, 850 mAh baterija yra i\u0161samiai i\u0161bandoma ciklin\u0117s degradacijos at\u017evilgiu. In\u017einieriai matuoja \u012fkrovos i\u0161laikym\u0105 per kelis Type-C \u012fkrovimo ciklus, kad garantuot\u0173, jog maitinimo elementas i\u0161laiko bent 85 proc. savo pradin\u0117s talpos per vis\u0105 25 ml formulavimo gyvavimo cikl\u0105. Unikali 5 lygi\u0173 reguliuojama au\u0161inimo mechanizmas taip pat buvo empiri\u0161kai sureguliuotas naudojant oro srauto jutiklius, kad b\u016bt\u0173 u\u017etikrinti skirtingi, i\u0161matuojami poky\u010diai aerozolio termin\u0117je redukcijoje, leid\u017eiantys vartotojams tiksliai kalibruoti savo poj\u016b\u010di\u0173 patirt\u012f.<\/p>\n<h3 style=\"color: #2980b9;margin-top: 35px\">Kuriuoti jutimo profiliai<\/h3>\n<p>Suprantant, kad vartotoj\u0173 pageidavimai yra labai subjektyv\u016bs, BANG KING DSK048 si\u016blo kruop\u0161\u010diai sukurt\u0105 \u012fvairi\u0173 skonio profili\u0173 asortiment\u0105. Kiekvienas variantas yra sukurtas naudojant maistinius aromatizatorius ir grie\u017etai kontroliuojamas kokyb\u0117s po\u017ei\u016briu, siekiant u\u017etikrinti partij\u0173 nuoseklum\u0105. Dabartinis asortimentas apima:<\/p>\n<ul style=\"list-style-type: none;padding-left: 0\">\n<li style=\"margin-bottom: 15px;padding-left: 20px;border-left: 3px solid #3498db\">M\u0117lynojo avie\u010di\u0173 ledas: Sud\u0117tingas a\u0161trus m\u0117lyn\u0173j\u0173 avie\u010di\u0173 aromat\u0173 sintez\u0117, stabilizuota kriogeniniu au\u0161inimo agentu, skirta a\u0161triai gaivinan\u010diam fini\u0161ui.<\/li>\n<li style=\"margin-bottom: 15px;padding-left: 20px;border-left: 3px solid #3498db\">Bra\u0161ki\u0173 Arb\u016bz\u0173: Eksperti\u0161kai subalansuotas mi\u0161inys, jungiantis prinokusi\u0173 bra\u0161ki\u0173 gil\u0173 botanin\u012f saldum\u0105 su \u0161vie\u017eio arb\u016bzo vandeningomis, tra\u0161kiomis natomis.<\/li>\n<li style=\"margin-bottom: 15px;padding-left: 20px;border-left: 3px solid #3498db\">Arb\u016bz\u0173 ledai: I\u0161skirtinai d\u0117mes\u012f sutelkia \u012f gryn\u0105, nesugadint\u0105 arb\u016bzo esencij\u0105, kuri \u017eymiai pager\u0117ja pasiekus \u017eemesn\u0119 nei nulio temperat\u016br\u0105, taip u\u017etikrinant maksimal\u0173 gaivum\u0105.<\/li>\n<li style=\"margin-bottom: 15px;padding-left: 20px;border-left: 3px solid #3498db\">Persik\u0173 ledas: \u012ek\u016bnija sodr\u0173, aksomin\u012f prinokusi\u0173 i\u0161 lauk\u0173 persik\u0173 saldum\u0105, papildyt\u0105 tikslia terminiu v\u0117sinimo poj\u016b\u010diu.<\/li>\n<li style=\"margin-bottom: 15px;padding-left: 20px;border-left: 3px solid #3498db\">Vynuogi\u0173 ledas: Naudoja tvirt\u0105, tams\u0173 konkordeini\u0173 vynuogi\u0173 ekstrakt\u0105, pasi\u017eymint\u012f giliu ir rezonansiniu skonio profiliu, kuris baigiasi \u0161variu, lediniu i\u0161kv\u0117pimu.<\/li>\n<li style=\"margin-bottom: 15px;padding-left: 20px;border-left: 3px solid #3498db\">Baisusis Uogas: Sud\u0117tingas ir rafinuotas \u012fvairi\u0173 tamsi\u0173 uog\u0173 mi\u0161inys, sukurtas siekiant pasiekti tobul\u0105 nat\u016bralaus r\u016bg\u0161tumo ir ilgalaikio saldumo pusiausvyr\u0105.<\/li>\n<li style=\"margin-bottom: 15px;padding-left: 20px;border-left: 3px solid #3498db\">Cherry Strazz: Derina tankias, turtingas vy\u0161ni\u0173 ekstraktas su subtiliu bra\u0161ki\u0173 atspalviu, tod\u0117l susidaro daugialyp\u0117 ir labai patenkinti jutimin\u0117 kelion\u0117.<\/li>\n<li style=\"margin-bottom: 15px;padding-left: 20px;border-left: 3px solid #3498db\">Mango Magic: Tropin\u0117 formulacija, skirta suteikti tank\u0173, aromat\u0173 ir sirupin\u012f saldum\u0105, siejam\u0105 su tobulai sunokusiais mangais.<\/li>\n<li style=\"margin-bottom: 15px;padding-left: 20px;border-left: 3px solid #3498db\">Bra\u0161ki\u0173 drakon\u0173 vaisius: labai i\u0161radingas derinys, kuris pakelia tradicinius bra\u0161ki\u0173 tonus su egzoti\u0161kais, \u0161iek tiek r\u016bg\u0161\u010diais drakon\u0173 vaisiaus bruo\u017eais.<\/li>\n<li style=\"margin-bottom: 15px;padding-left: 20px;border-left: 3px solid #3498db\">Tigro Kraujas: Dinami\u0161kas ir gyvybingas atogr\u0105\u017einis mi\u0161inys, pasi\u017eymintis ry\u0161kiais kokoso aromatais, susipynusiais su tvirtu vaisi\u0173 asortimentu.<\/li>\n<li style=\"margin-bottom: 15px;padding-left: 20px;border-left: 3px solid #3498db\">Vasarin\u0117 \u0160lapinys: Gyvai gaivus mi\u0161inys, kruop\u0161\u010diai sukurtas siekiant atkartoti \u012fvairi\u0173 ry\u0161ki\u0173, \u0161ilt\u0173 or\u0173 vaisi\u0173 profilius.<\/li>\n<li style=\"margin-bottom: 15px;padding-left: 20px;border-left: 3px solid #3498db\">R\u016bg\u0161tus Lush Gummy: Integruoja r\u016bg\u0161t\u0173, konditerijos \u012fkv\u0117pt\u0105 profil\u012f su sald\u017eiu pagrindiniu skoniu, imituojant populiar\u0173 kramtom\u0105 skan\u0117st\u0105.<\/li>\n<\/ul>\n<h3 style=\"color: #2980b9;margin-top: 35px\">Pramon\u0117s institucija ir tiekimo grandin\u0117s pasitik\u0117jimas (Institucija ir pasitik\u0117jimas)<\/h3>\n<p>Pirkdami vienkartinius garintuvus ma\u017emeninei prekybai, tiekimo grandin\u0117s patikimumas yra toks pat svarbus kaip ir pats \u012frenginys. VapeXYZ veikia kaip patikrinta, patikima didmenin\u0117s prekybos platforma su giliais \u0161aknimis Europos paskirstymo tinkle. Mes apeiname nereikalingus tarpininkus, leid\u017eiantys mums pasi\u016blyti autenti\u0161kus BANG KING produktus labai konkurencingomis, tiesiogin\u0117mis i\u0161 gamyklos kainomis. M\u016bs\u0173 veikla atitinka grie\u017etus komercinius reikalavimus, u\u017etikrinant, kad visi produktai atitinka b\u016btinus regioninius saugos ir med\u017eiag\u0173 standartus (pvz., CE ir RoHS direktyvas elektronikos komponentams).<\/p>\n<p>Pripa\u017e\u012fstame \u012fvairias reguliavimo sritis, kuriose veikia m\u016bs\u0173 B2B partneriai, tod\u0117l DSK048 si\u016blomas \u012fvairiomis koncentracijos galimyb\u0117mis (0%, 2%, 3% ir 5%). \u0160i skaidrumas ir prisitaikomumas \u012fgalina ma\u017emenininkus kaupti atsargas, atitinkan\u010dias grie\u017etus vietos rinkos demografinius reikalavimus. Be to, m\u016bs\u0173 tvirta logistin\u0117 infrastrukt\u016bra garantuoja greit\u0105, visi\u0161kai stebim\u0105 pristatym\u0105 visoje Europoje, suma\u017einant atsarg\u0173 tr\u016bkumo laikotarpius ir maksimalizuojant ma\u017emenin\u0117s prekybos pelningum\u0105.<\/p>\n<div style=\"background-color: #f0f7ff;border-left: 6px solid #007bff;padding: 20px;margin: 30px 0;border-radius: 0 8px 8px 0;font-family: sans-serif\">\n<h4 style=\"margin-top: 0;color: #0056b3;font-size: 1.2em\">Pagrindiniai \u017eini\u0173 punktai optimaliam veikimui<\/h4>\n<ul style=\"margin-bottom: 0;padding-left: 20px;color: #333\">\n<li style=\"margin-bottom: 8px\">Akumuliatoriaus prie\u017ei\u016bra: Norint maksimaliai padidinti 850 mAh akumuliatoriaus tarnavimo laik\u0105, venkite palikti prietais\u0105 \u012fjungt\u0105 per nakt\u012f. Atjunkite, kai tik LED indikatorius signalizuoja visi\u0161kai \u012fkraut\u0105 akumuliatori\u0173.<\/li>\n<li style=\"margin-bottom: 8px\">Aplinkos laikymas: Laikykite neatidarytus ir aktyvius vienkartinius garintuvus v\u0117sioje, sausoje aplinkoje. Ekstremali \u0161iluma gali pakompromituoti vidinio akumuliatoriaus sl\u0117g\u012f, o ekstremalus \u0161altis gali pakeisti formul\u0117s klampum\u0105, laikinai paveikdamas tinklelio rit\u0117s u\u017epildymo efektyvum\u0105.<\/li>\n<li style=\"margin-bottom: 8px\">Au\u0161inimo reguliavimo mechanika: 5 lygi\u0173 au\u0161inimo reguliavimas veikia mechani\u0161kai ribojant arba atidarant antrinius oro srauto kanalus, kurie tiesiogiai kei\u010dia oro ir gar\u0173 santyk\u012f prie\u0161 \u012fkv\u0117pim\u0105, sukurdami ry\u0161kesn\u012f ledin\u012f poj\u016bt\u012f, kai yra visi\u0161kai atidaryti.<\/li>\n<\/ul>\n<\/div>\n<h3 style=\"color: #2980b9;margin-top: 35px\">Da\u017enai u\u017eduodami klausimai (DUK)<\/h3>\n<div style=\"margin-top: 20px\">\n<div style=\"border: 1px solid #e2e8f0;border-radius: 8px;margin-bottom: 15px;padding: 20px;background-color: #ffffff\">\n<h4 style=\"margin: 0 0 10px 0;color: #2c3e50\">Kokia yra minimali u\u017esakymo kiekio (MOQ) didmenin\u0117ms pirkimams?<\/h4>\n<p style=\"margin: 0;color: #555\">VapeXYZ, mes suk\u016br\u0117me savo didmenin\u0117s prekybos model\u012f, kad jis b\u016bt\u0173 labai prieinamas. Minimalus u\u017esakymo kiekis (MOQ) BANG KING DSK048 yra grie\u017etai 10 vienet\u0173. Tai leid\u017eia ma\u017eesniems ma\u017emenininkams i\u0161bandyti rinkos reakcij\u0105 \u012f produkt\u0105 ne\u012fsipareigojant dideli\u0173 kapitalo i\u0161laid\u0173, tuo pa\u010diu u\u017ekertant keli\u0105 konkurencingoms didmenin\u0117ms kainoms.<\/p>\n<\/div>\n<div style=\"border: 1px solid #e2e8f0;border-radius: 8px;margin-bottom: 15px;padding: 20px;background-color: #ffffff\">\n<h4 style=\"margin: 0 0 10px 0;color: #2c3e50\">Kaip su\u017einoti, ar produktas yra autenti\u0161kas?<\/h4>\n<p style=\"margin: 0;color: #555\">Pasitik\u0117jimas ir autoritetas yra m\u016bs\u0173 kertiniai akmenys. Kiekviena VapeXYZ siunta apima patikrinamus produkto autentifikavimo kodus tiesiai i\u0161 BANG KING gamyklos. M\u016bs\u0173 8 met\u0173 s\u0117km\u0117s istorija yra pagr\u012fsta nuline tolerancija klastot\u0117ms.<\/p>\n<\/div>\n<div style=\"border: 1px solid #e2e8f0;border-radius: 8px;margin-bottom: 15px;padding: 20px;background-color: #ffffff\">\n<h4 style=\"margin: 0 0 10px 0;color: #2c3e50\">Kok\u012f \u012fkrovikl\u012f reikia naudoti su \u0161iuo \u012frenginiu?<\/h4>\n<p style=\"margin: 0;color: #555\">\u012erenginys naudoja standartin\u0119 Type-C s\u0105saj\u0105. Siekiant empirinio saugumo ir baterijos ilgaam\u017ei\u0161kumo, rekomenduojame naudoti standartin\u012f 5V\/1A \u012fkrovimo blok\u0105. Venkite naudoti didel\u0117s galios ne\u0161iojam\u0173j\u0173 kompiuteri\u0173 arba greit\u0173j\u0173 \u012fkrovikli\u0173, nes per didelis srov\u0117s stipris gali prie\u0161laikinai pabloginti li\u010dio jon\u0173 elemento kokyb\u0119.<\/p>\n<\/div>\n<div style=\"border: 1px solid #e2e8f0;border-radius: 8px;margin-bottom: 15px;padding: 20px;background-color: #ffffff\">\n<h4 style=\"margin: 0 0 10px 0;color: #2c3e50\">Ar yra skirting\u0173 stiprumo variant\u0173?<\/h4>\n<p style=\"margin: 0;color: #555\">Taip. Siekiant patenkinti \u012fvairius vartotoj\u0173 pageidavimus ir regioninius reguliavimo reikalavimus, DSK048 gaminamas keturi\u0173 skirting\u0173 koncentracijos profili\u0173: 0%, 2%, 3% ir 5%. Didmeniniai partneriai gali mai\u0161yti ir derinti \u0161iuos variantus, kad patenkint\u0173 savo specifinius atsarg\u0173 poreikius.<\/p>\n<\/div>\n<\/div>\n<p style=\"margin-top: 30px;font-weight: bold;font-size: 1.1em;color: #2c3e50;text-align: center\">Pasirinkite BANG KING 60000 PUFFS DSK048 Ice Cool d\u0117l jo galingos in\u017einerijos, rafinuot\u0173 poj\u016b\u010di\u0173 profili\u0173 ir m\u016bs\u0173 neprilygstamo didmenin\u0117s prekybos patikimumo. I\u0161skirtinai bendradarbiaukite su VapeXYZ, Europos patikima institucija didmenin\u0117s prekybos vienkartiniais garintuvais srityje.<\/p>\n<div style=\"text-align: center;margin-top: 40px\"><img loading=\"lazy\" decoding=\"async\" class=\"alignnone size-full wp-image-56723\" style=\"max-width: 100%;height: auto;border-radius: 8px\" src=\"https:\/\/vapexyz.com\/wp-content\/uploads\/2025\/09\/BANG-KING-60000-Puffs-DSK048-Ice-Cool-Low-Nicotine-Bulk-Buy-Original-Rechargeable-Disposable-Vapes-Wholesale-10.webp\" alt=\"BANG KING 60000 Puffs DSK048 Ice Cool \u017demas Nikotino Masinis Pirkimas Original\u016bs \u012ekraunami Vienkartiniai Garintuvai Didmenin\u0117 Prekyba\" width=\"1918\" height=\"1920\" title=\"\" srcset=\"https:\/\/vapexyz.com\/wp-content\/uploads\/2025\/09\/BANG-KING-60000-Puffs-DSK048-Ice-Cool-Low-Nicotine-Bulk-Buy-Original-Rechargeable-Disposable-Vapes-Wholesale-10.webp 1918w, https:\/\/vapexyz.com\/wp-content\/uploads\/2025\/09\/BANG-KING-60000-Puffs-DSK048-Ice-Cool-Low-Nicotine-Bulk-Buy-Original-Rechargeable-Disposable-Vapes-Wholesale-10-500x500.webp 500w, https:\/\/vapexyz.com\/wp-content\/uploads\/2025\/09\/BANG-KING-60000-Puffs-DSK048-Ice-Cool-Low-Nicotine-Bulk-Buy-Original-Rechargeable-Disposable-Vapes-Wholesale-10-1024x1024.webp 1024w, https:\/\/vapexyz.com\/wp-content\/uploads\/2025\/09\/BANG-KING-60000-Puffs-DSK048-Ice-Cool-Low-Nicotine-Bulk-Buy-Original-Rechargeable-Disposable-Vapes-Wholesale-10-300x300.webp 300w, https:\/\/vapexyz.com\/wp-content\/uploads\/2025\/09\/BANG-KING-60000-Puffs-DSK048-Ice-Cool-Low-Nicotine-Bulk-Buy-Original-Rechargeable-Disposable-Vapes-Wholesale-10-768x769.webp 768w, https:\/\/vapexyz.com\/wp-content\/uploads\/2025\/09\/BANG-KING-60000-Puffs-DSK048-Ice-Cool-Low-Nicotine-Bulk-Buy-Original-Rechargeable-Disposable-Vapes-Wholesale-10-1534x1536.webp 1534w, https:\/\/vapexyz.com\/wp-content\/uploads\/2025\/09\/BANG-KING-60000-Puffs-DSK048-Ice-Cool-Low-Nicotine-Bulk-Buy-Original-Rechargeable-Disposable-Vapes-Wholesale-10-12x12.webp 12w, https:\/\/vapexyz.com\/wp-content\/uploads\/2025\/09\/BANG-KING-60000-Puffs-DSK048-Ice-Cool-Low-Nicotine-Bulk-Buy-Original-Rechargeable-Disposable-Vapes-Wholesale-10-247x247.webp 247w, https:\/\/vapexyz.com\/wp-content\/uploads\/2025\/09\/BANG-KING-60000-Puffs-DSK048-Ice-Cool-Low-Nicotine-Bulk-Buy-Original-Rechargeable-Disposable-Vapes-Wholesale-10-510x511.webp 510w, https:\/\/vapexyz.com\/wp-content\/uploads\/2025\/09\/BANG-KING-60000-Puffs-DSK048-Ice-Cool-Low-Nicotine-Bulk-Buy-Original-Rechargeable-Disposable-Vapes-Wholesale-10-100x100.webp 100w\" sizes=\"auto, (max-width: 1918px) 100vw, 1918px\" \/><\/div>\n<\/article>","protected":false},"excerpt":{"rendered":"<p>BANG KING 60000 PUFFS DSK048 Ice Cool yra \u012fkraunamas vienkartinis garintuvas su 25 ml talpa, tinklelio spirale, reguliuojamu au\u0161inimu, keliomis stiprumo parinktimis ir 12 skoni\u0173, prieinamas didmenin\u0117je prekyboje VapeXYZ.<\/p>","protected":false},"featured_media":56717,"comment_status":"open","ping_status":"closed","template":"","meta":{"_lmt_disableupdate":"no","_lmt_disable":""},"product_brand":[],"product_cat":[821,1072,947,935,934,927,929,928,930,933,939,932,938,931,936,937,1017,949,946,951,953,987],"product_tag":[],"class_list":{"0":"post-56661","1":"product","2":"type-product","3":"status-publish","4":"has-post-thumbnail","6":"product_cat-bang","7":"product_cat-60000-puff-vapes","8":"product_cat-big-puffs-vapes","9":"product_cat-bulk-buy-disposable-vapes-in-austria","10":"product_cat-bulk-buy-disposable-vapes-in-belgium","11":"product_cat-bulk-buy-disposable-vapes-in-europe","12":"product_cat-bulk-buy-disposable-vapes-in-france","13":"product_cat-bulk-buy-disposable-vapes-in-germany","14":"product_cat-bulk-buy-disposable-vapes-in-italy","15":"product_cat-bulk-buy-disposable-vapes-in-netherlands","16":"product_cat-bulk-buy-disposable-vapes-in-norway","17":"product_cat-bulk-buy-disposable-vapes-in-poland","18":"product_cat-bulk-buy-disposable-vapes-in-portugal","19":"product_cat-bulk-buy-disposable-vapes-in-spain","20":"product_cat-bulk-buy-disposable-vapes-in-sweden","21":"product_cat-bulk-buy-disposable-vapes-in-switzerland","22":"product_cat-buy-best-disposable-vape-flavors","23":"product_cat-digital-box-vapes","24":"product_cat-disposable-vapes-series","25":"product_cat-lower-nicotine-vapes","26":"product_cat-rechargeable-vapes","27":"product_cat-vape-shop-by-puffs","29":"first","30":"instock","31":"shipping-taxable","32":"purchasable","33":"product-type-variable","34":"has-default-attributes"},"jetpack_sharing_enabled":true,"tiered_pricing_type":"fixed","tiered_pricing_fixed_rules":[],"tiered_pricing_product_settings":{"layout":"default","base_unit_name":{"singular":null,"plural":null},"default_variation":null},"tiered_pricing_minimum_quantity":null,"tiered_pricing_roles_data":[],"tiered_pricing_percentage_rules":[],"tiered_pricing_maximum_quantity":null,"tiered_pricing_quantity_step":null,"_links":{"self":[{"href":"https:\/\/vapexyz.com\/lt\/wp-json\/wp\/v2\/product\/56661","targetHints":{"allow":["GET"]}}],"collection":[{"href":"https:\/\/vapexyz.com\/lt\/wp-json\/wp\/v2\/product"}],"about":[{"href":"https:\/\/vapexyz.com\/lt\/wp-json\/wp\/v2\/types\/product"}],"replies":[{"embeddable":true,"href":"https:\/\/vapexyz.com\/lt\/wp-json\/wp\/v2\/comments?post=56661"}],"wp:featuredmedia":[{"embeddable":true,"href":"https:\/\/vapexyz.com\/lt\/wp-json\/wp\/v2\/media\/56717"}],"wp:attachment":[{"href":"https:\/\/vapexyz.com\/lt\/wp-json\/wp\/v2\/media?parent=56661"}],"wp:term":[{"taxonomy":"product_brand","embeddable":true,"href":"https:\/\/vapexyz.com\/lt\/wp-json\/wp\/v2\/product_brand?post=56661"},{"taxonomy":"product_cat","embeddable":true,"href":"https:\/\/vapexyz.com\/lt\/wp-json\/wp\/v2\/product_cat?post=56661"},{"taxonomy":"product_tag","embeddable":true,"href":"https:\/\/vapexyz.com\/lt\/wp-json\/wp\/v2\/product_tag?post=56661"}],"curies":[{"name":"wp","href":"https:\/\/api.w.org\/{rel}","templated":true}]}}