{"id":55218,"date":"2025-09-01T12:58:54","date_gmt":"2025-09-01T12:58:54","guid":{"rendered":"https:\/\/vapexyz.com\/?post_type=product&#038;p=55218"},"modified":"2026-03-02T12:32:05","modified_gmt":"2026-03-02T12:32:05","slug":"28000-pufu-dsk033-mazas-nikotino-kiekis-urmu-pirkti-originalus-ikraunami-vienkartiniai-garintuvai-didmenine-prekyba","status":"publish","type":"product","link":"https:\/\/vapexyz.com\/lt\/product\/bang-28000-puffs-dsk033-low-nicotine-bulk-buy-original-rechargeable-disposable-vapes-wholesale\/","title":{"rendered":"BANG 28000 Puffs DSK033 Didmenin\u0117 prekyba \u012ekraunami Vienkartiniai Garintuvai Didmenin\u0117 kaina"},"content":{"rendered":"<article style=\"font-family: 'Helvetica Neue', Helvetica, Arial, sans-serif;line-height: 1.6;color: #333;max-width: 100%;margin: 0 auto;padding: 20px\">\n<h2 style=\"color: #2c3e50;border-bottom: 2px solid #3498db;padding-bottom: 10px;margin-top: 40px\">Profesionalus ap\u017evalga: BANG 28000 Puffs DSK033<\/h2>\n<p>Sveiki atvyk\u0119 \u012f auk\u0161\u010diausi\u0105 didelio paj\u0117gumo \u012fkv\u0117pimo technologijos lyg\u012f. BANG 28000 Puffs DSK033 yra esminis prover\u017eis auk\u0161\u010diausios kokyb\u0117s vienkartini\u0173 garintuv\u0173 rinkoje, kruop\u0161\u010diai sukurtas didmeniniams pirk\u0117jams, specializuotiems platintojams ir ma\u017emenin\u0117s prekybos \u012fmon\u0117ms visame Europos \u017eemyne. Kaip pirmaujantis didmenin\u0117s prekybos sektoriaus tiek\u0117jas, VapeXYZ i\u0161did\u017eiai si\u016blo \u0161\u012f naujausi\u0105 \u012frengin\u012f, sukurt\u0105 tiems, kurie reikalauja nepriekai\u0161tingo patikimumo, ilgaam\u017ei\u0161kumo ir i\u0161skirtin\u0117s vert\u0117s.<\/p>\n<p>Greitai kintan\u010dioje rinkoje DSK033 i\u0161siskiria atsisakydamas standartini\u0173 konvencij\u0173 empirinio na\u0161umo naudai. \u012erenginys pasi\u017eymi precedento neturin\u010dia dvigubo rezervuaro sistema, pramoninio lygio \u012fkraunama baterija ir optimizuotu tiesioginio \u012f plau\u010dius (DTL) tiekimo mechanizmu, \u0161is \u012frenginys suteikia skland\u017ei\u0105, auk\u0161tai kalibruot\u0105 poj\u016b\u010di\u0173 patirt\u012f. \u012esigyjant tiesiogiai per m\u016bs\u0173 nusistov\u0117jusi\u0105 platform\u0105, didmeniniai partneriai gauna prieig\u0105 prie autenti\u0161k\u0173, grie\u017etai patvirtint\u0173 vienkartini\u0173 garintuv\u0173, atitinkan\u010di\u0173 grie\u017etus \u0161iuolaikinius na\u0161umo l\u016bkes\u010dius.<\/p>\n<h2 style=\"color: #2c3e50;border-bottom: 2px solid #3498db;padding-bottom: 10px;margin-top: 40px\">Ekspertiz\u0117 dizaino srityje: DSK033 in\u017einerija<\/h2>\n<p>BANG 28000 Puffs DSK033 vidin\u0117 architekt\u016bra buvo sukurta grie\u017etai laikantis pa\u017eangi\u0173 termodinamikos princip\u0173 ir elektros efektyvumo. Kiekvieno \u012frenginio \u0161irdis yra 1,0\u03a9 tinklelio kaitinimo elementas. Skirtingai nuo tradicini\u0173 vielini\u0173 ritini\u0173, kurie ken\u010dia nuo netolygaus \u0161ilumos pasiskirstymo, tinklelio grotel\u0117s eksponenti\u0161kai padidina pavir\u0161iaus plot\u0105. Tai u\u017etikrina, kad pirminis tirpalas yra garinamas visi\u0161kai tolygiai, neleid\u017eia lokaliniam terminiam degradacijai ir i\u0161laiko identi\u0161k\u0105 poj\u016b\u010di\u0173 profil\u012f nuo pirmojo iki paskutinio \u012fkv\u0117pimo.<\/p>\n<p>\u0160i\u0105 pa\u017eangi\u0105 \u0161ildymo sistem\u0105 maitina pritaikyta 13450 650mAh li\u010dio jon\u0173 baterija. Specialiai pasirinkta d\u0117l stabilios \u012ftampos i\u0161vesties ir tvirto i\u0161krovimo grei\u010dio, \u0161i l\u0105stel\u0117 yra sukurta i\u0161tvermei. \u012etraukus labai efektyvi\u0105 \u201eType-C\u201c \u012fkrovimo s\u0105saj\u0105, u\u017etikrinamas greitas energijos papildymas, leid\u017eiantis vartotojams visi\u0161kai i\u0161naudoti did\u017eiul\u012f 28 000 \u201epuff\u201c paj\u0117gum\u0105, nejau\u010diant energijos tr\u016bkumo ar suma\u017e\u0117jusio gar\u0173 tankio v\u0117lesniuose \u012frenginio gyvavimo etapuose. Kiekvienas komponentas yra patalpintas \u012f tvirt\u0105, ergonomi\u0161kai kompakti\u0161k\u0105 korpus\u0105, kuris atsparus kasdieniam nusid\u0117v\u0117jimui ir u\u017etikrina maksimal\u0173 komfort\u0105 eksploatacijos metu.<\/p>\n<h3 style=\"color: #2980b9;margin-top: 30px\">Empirinis patvirtinimas ir kokyb\u0117s u\u017etikrinimas<\/h3>\n<p>Tikra autoritetas B2B sektoriuje reikalauja daugiau nei reklaminiai teiginiai; tam reikia patikim\u0173 duomen\u0173. BANG DSK033 eksploatavimo trukm\u0117 n\u0117ra \u012fvertinimas, o metrika, gauta i\u0161 grie\u017et\u0173 laboratorini\u0173 tyrim\u0173. 28 000 aktyvavimo \u012fvertinimas yra patvirtintas naudojant automatinius pneumatinius tempimo bandymo \u012frenginius. \u0160ios ma\u0161inos imituoja standartizuot\u0105 \u017emogaus \u012fkv\u0117pim\u0105 - specialiai kalibruot\u0105 DTL dinamikai - matuojant nuosekl\u0173 1,5 sekund\u0117s tempimo interval\u0105.<\/p>\n<p>Be to, vidin\u0117 rezervuar\u0173 sistema yra puikus skys\u010di\u0173 dinamikos pasiekimas. Ji turi patentuot\u0105 dvigub\u0105 sand\u0117liavimo dizain\u0105: pirmin\u012f 30 ml formul\u0117s rezervuar\u0105, sujungt\u0105 su izoliuotu 10 ml au\u0161inimo ekstrakto rezervuaru. \u0160i dviej\u0173 kamer\u0173 metodologija neleid\u017eia prie\u0161laikiniam mai\u0161ymui ir cheminiam prisotinimui, u\u017etikrinant, kad botaniniai ekstraktai i\u0161laiko savo absoliut\u0173 \u0161vie\u017eum\u0105 per m\u0117nesius nuolatinio naudojimo ar laikymo lentynoje. M\u016bs\u0173 bandymai rodo, kad tirpalo klampumas ir aromatinis vientisumas i\u0161lieka stabil\u016bs gerokai vir\u0161ijant standartin\u012f pana\u0161i\u0173 vienkartini\u0173 garintuv\u0173 gyvavimo cikl\u0105.<\/p>\n<h2 style=\"color: #2c3e50;border-bottom: 2px solid #3498db;padding-bottom: 10px;margin-top: 40px\">I\u0161samios technin\u0117s specifikacijos<\/h2>\n<p>Inventoriaus vadybininkams ir logistikos koordinatoriams b\u016btini tiksl\u016bs duomenys. \u0160ioje lentel\u0117je pateikiamos tikslios empirin\u0117s DSK033 specifikacijos, u\u017etikrinan\u010dios skaidrum\u0105 j\u016bs\u0173 tiekimo grandin\u0117s reikalavimams.<\/p>\n<table style=\"width: 100%;border-collapse: collapse;margin: 25px 0;font-family: 'Segoe UI', Tahoma, Geneva, Verdana, sans-serif;background-color: #fff\">\n<thead>\n<tr style=\"background-color: #34495e;color: #ffffff;text-align: left\">\n<th style=\"padding: 15px;border: 1px solid #ddd;font-weight: 600\">Techninis parametras<\/th>\n<th style=\"padding: 15px;border: 1px solid #ddd;font-weight: 600\">Specifikacija Vert\u0117<\/th>\n<th style=\"padding: 15px;border: 1px solid #ddd;font-weight: 600\">In\u017einerijos kontekstas<\/th>\n<\/tr>\n<\/thead>\n<tbody>\n<tr style=\"border-bottom: 1px solid #ecf0f1\">\n<td style=\"padding: 15px;border: 1px solid #ddd;font-weight: bold;color: #2c3e50\">Maksimalus aktyvavimo skai\u010dius<\/td>\n<td style=\"padding: 15px;border: 1px solid #ddd\">Iki 28 000<\/td>\n<td style=\"padding: 15px;border: 1px solid #ddd;color: #555\">Empiri\u0161kai patikrintas pneumatini\u0173 laboratorini\u0173 tyrim\u0173 metu.<\/td>\n<\/tr>\n<tr style=\"background-color: #f9fbfc;border-bottom: 1px solid #ecf0f1\">\n<td style=\"padding: 15px;border: 1px solid #ddd;font-weight: bold;color: #2c3e50\">Rezervuaro talpa<\/td>\n<td style=\"padding: 15px;border: 1px solid #ddd\">30ml + 10ml nepriklausomas au\u0161inimo ekstraktas<\/td>\n<td style=\"padding: 15px;border: 1px solid #ddd;color: #555\">Dviej\u0173 kamer\u0173 sistema maksimaliai i\u0161saugojo formul\u0117s \u0161vie\u017eum\u0105.<\/td>\n<\/tr>\n<tr style=\"border-bottom: 1px solid #ecf0f1\">\n<td style=\"padding: 15px;border: 1px solid #ddd;font-weight: bold;color: #2c3e50\">Maitinimo elemento architekt\u016bra<\/td>\n<td style=\"padding: 15px;border: 1px solid #ddd\">13450 formatas, 650mAh<\/td>\n<td style=\"padding: 15px;border: 1px solid #ddd;color: #555\">\u012ekraunamos li\u010dio jon\u0173 baterijos, sukurtos daugciklio i\u0161tvermei.<\/td>\n<\/tr>\n<tr style=\"background-color: #f9fbfc;border-bottom: 1px solid #ecf0f1\">\n<td style=\"padding: 15px;border: 1px solid #ddd;font-weight: bold;color: #2c3e50\">\u0160ildymo elementas<\/td>\n<td style=\"padding: 15px;border: 1px solid #ddd\">1,0 \u03a9 tinklin\u0117 technologija<\/td>\n<td style=\"padding: 15px;border: 1px solid #ddd;color: #555\">Optimizuotas pavir\u0161iaus plotas u\u017etikrina nuosekl\u0173 \u0161ilumos paskirstym\u0105.<\/td>\n<\/tr>\n<tr style=\"border-bottom: 1px solid #ecf0f1\">\n<td style=\"padding: 15px;border: 1px solid #ddd;font-weight: bold;color: #2c3e50\">Aerodinaminis Profilis<\/td>\n<td style=\"padding: 15px;border: 1px solid #ddd\">DTL (Tiesioginio \u012f plau\u010dius)<\/td>\n<td style=\"padding: 15px;border: 1px solid #ddd;color: #555\">\u017demas atsparumas oro srautui didel\u0117s apimties gar\u0173 gamybai.<\/td>\n<\/tr>\n<tr style=\"background-color: #f9fbfc;border-bottom: 1px solid #ecf0f1\">\n<td style=\"padding: 15px;border: 1px solid #ddd;font-weight: bold;color: #2c3e50\">Maitinimo s\u0105saja<\/td>\n<td style=\"padding: 15px;border: 1px solid #ddd\">Type-C greitas protokolas<\/td>\n<td style=\"padding: 15px;border: 1px solid #ddd;color: #555\">Suma\u017eina prastov\u0105; u\u017etikrina stabili\u0105 elektros \u012fvest\u012f.<\/td>\n<\/tr>\n<tr style=\"border-bottom: 1px solid #ecf0f1\">\n<td style=\"padding: 15px;border: 1px solid #ddd;font-weight: bold;color: #2c3e50\">Individuali mi\u0161ios<\/td>\n<td style=\"padding: 15px;border: 1px solid #ddd\">84,3 g<\/td>\n<td style=\"padding: 15px;border: 1px solid #ddd;color: #555\">Optimizuotas komponent\u0173 svorio ir ne\u0161umo balansas.<\/td>\n<\/tr>\n<tr style=\"background-color: #f9fbfc;border-bottom: 1px solid #ecf0f1\">\n<td style=\"padding: 15px;border: 1px solid #ddd;font-weight: bold;color: #2c3e50\">Pagrindiniai kartono rodikliai<\/td>\n<td style=\"padding: 15px;border: 1px solid #ddd\">200 vienet\u0173 \/ 18,45 kg<\/td>\n<td style=\"padding: 15px;border: 1px solid #ddd;color: #555\">D\u0117\u017e\u0117s dydis: 63,4 \u00d7 29,4 \u00d7 24,3 cm (optimizuotas pad\u0117kl\u0173 sukrovimui).<\/td>\n<\/tr>\n<\/tbody>\n<\/table>\n<h2 style=\"color: #2c3e50;border-bottom: 2px solid #3498db;padding-bottom: 10px;margin-top: 40px\">Jutimo parinktys: tiksl\u016bs aromatini\u0173 profili\u0173 sprendimai<\/h2>\n<p>Suprasti vartotoj\u0173 poreikius rei\u0161kia pripa\u017einti \u012fvairi\u0173, labai tiksliai suderint\u0173 poj\u016b\u010di\u0173 poreik\u012f. BANG 28000 Puffs DSK033 yra prieinamas dvylikos kruop\u0161\u010diai suformuluot\u0173 profili\u0173. Kiekvienas variantas naudoja vaistini\u0173 kokyb\u0117s botaninius ekstraktus, mai\u0161ytus grie\u017etomis laboratorin\u0117mis s\u0105lygomis, siekiant u\u017etikrinti absoliut\u0173 nuoseklum\u0105 ir gil\u0173 aromat\u0105.<\/p>\n<ol style=\"margin-left: 20px;line-height: 1.8;color: #444\">\n<li style=\"margin-bottom: 10px\">Bra\u0161ki\u0173 Arb\u016bz\u0173 Ledas: Ry\u0161ki\u0173 raudon\u0173 uog\u0173 ir \u0161vie\u017ei\u0173 meliono nat\u0173 a\u0161trus derinys, pasibaigiantis i\u0161skirtine terminiu au\u0161inimo nata.<\/li>\n<li style=\"margin-bottom: 10px\">M\u0117lyni\u0173 ledai: Dr\u0105sus, tamsus mi\u0161ko esencija, meistri\u0161kai suporuota su \u0161altu, kriogeniniu apdaila, kuris gaivina gomur\u012f.<\/li>\n<li style=\"margin-bottom: 10px\">Kraujas ir Sm\u0117lis: Labai sud\u0117tingas, daugiasluoksnis profilis, pasi\u017eymintis giliais, r\u016bg\u0161\u010diais botaniniais ekstraktais, suteikian\u010diais turting\u0105, i\u0161rai\u0161king\u0105 potrauk\u012f.<\/li>\n<li style=\"margin-bottom: 10px\">Ananas\u0173 kokosas: Tropinis poj\u016b\u010di\u0173 patyrimas, subalansuojantis a\u0161tr\u0173 citrin\u0105 primenant\u012f r\u016bg\u0161tum\u0105 su i\u0161skirtinai lygiu, kreminiu pagrindu.<\/li>\n<li style=\"margin-bottom: 10px\">Bra\u0161ki\u0173 ir banano: Klasikinis derinys, suteikiantis skland\u017eiai lygaus, turtingo skonio su sodo natomis, skirt\u0105 i\u0161p\u016bsti skonius.<\/li>\n<li style=\"margin-bottom: 10px\">Mi\u0161rios vaisiai: Kruop\u0161\u010diai suderinta \u012fvairi\u0173 botanini\u0173 ekstrakt\u0173 kompozicija, u\u017etikrinanti visapusi\u0161k\u0105 ir visuotinai patraukl\u0173 skonio potyr\u012f.<\/li>\n<li style=\"margin-bottom: 10px\">M\u0117lyn\u0117s, aviet\u0117s: tikslus dviej\u0173 uog\u0173 derinys, sutelkiantis d\u0117mes\u012f \u012f sald\u017ei\u0173 ir r\u016bg\u0161\u010di\u0173 aromatini\u0173 jungini\u0173 kontrastin\u012f s\u0105veik\u0105.<\/li>\n<li style=\"margin-bottom: 10px\">Persik\u0173 ledas: Autenti\u0161ka akmens vaisi\u0173 esencija, i\u0161keliama labai tiksliai sureguliuoto v\u0117sinimo poj\u016b\u010dio, skirto maksimaliam gaivumui.<\/li>\n<li style=\"margin-bottom: 10px\">Mango Persikas: Turtingas, tankus atogr\u0105\u017eini\u0173 ir akmens vaisi\u0173 botanini\u0173 med\u017eiag\u0173 derinys, sukurtas tam, kad b\u016bt\u0173 gaminamas storas, patenkinamas gar\u0173 profilis.<\/li>\n<li style=\"margin-bottom: 10px\">Arb\u016bzas: Gryni, nesugadinti meliono ekstraktai, suteikiantys tobulai \u0161var\u0173, vasari\u0161k\u0105 ir gaiv\u0173 aromat\u0105.<\/li>\n<li style=\"margin-bottom: 10px\">Vynuogi\u0173 ledas: Gil\u016bs vynmed\u017eio vaisi\u0173 atspalviai, optimizuoti maksimaliam nat\u016braliam saldumui, a\u0161triai kontrastuojantys intensyviu v\u0117sinimo efektu.<\/li>\n<li style=\"margin-bottom: 10px\">Bra\u0161ki\u0173 Kivi\u0173 Vaisius: Meistri\u0161kai subalansuota s\u0105veika tarp subtili\u0173 sald\u017ei\u0173 uog\u0173 ton\u0173 ir r\u016bg\u0161\u010di\u0173, gyv\u0173 tropini\u0173 nat\u0173.<\/li>\n<\/ol>\n<div style=\"background: linear-gradient(135deg, #f8fcfd, #eaf5f9);border-left: 8px solid #2980b9;padding: 25px;border-radius: 6px;margin: 40px 0\">\n<h3 style=\"color: #2c3e50;margin-top: 0;align-items: center\"><span style=\"background-color: #2980b9;color: white;padding: 4px 10px;border-radius: 4px;font-size: 0.8em;margin-right: 12px;text-transform: uppercase;letter-spacing: 1px\">\u017dini\u0173 ta\u0161kas<\/span><br \/>\nDTL i\u0161metamo oro termodinamika vienkartiniuose garintuvuose<\/h3>\n<p style=\"margin-bottom: 0;color: #444;font-size: 0.95em\">Tiesioginio \u012f lengv\u0173j\u0173 (DTL) oro srauto sistemos integravimas \u012f DSK033 n\u0117ra tik ergonominis pasirinkimas; tai yra svarbus termodinaminis reikalavimas. Kai vartotojas \u012fjungia DTL \u012fkv\u0117pim\u0105, aplinkinio oro greitis, einantis per 1,0 \u03a9 tinklelio rit\u0119, labai padid\u0117ja. Pagal pagrindin\u0119 skys\u010di\u0173 dinamik\u0105, \u0161is greitas oro srautas aktyviai au\u0161ina tinklelio gardel\u0119 \u0161ildymo ciklo metu. \u0160is tikslus au\u0161inimo efektas neleid\u017eia garinimo temperat\u016brai vir\u0161yti botanini\u0173 ekstrakt\u0173 degradacijos ta\u0161ko. Subtili pusiausvyra tarp 650mAh elemento elektros i\u0161\u0117jimo, 1,0 \u03a9 elektrin\u0117s var\u017eos ir didelio grei\u010dio aerobinio \u012fsiurbimo yra in\u017einerin\u0117 paslaptis, garantuojanti beproblemin\u012f, tank\u0173 gar\u0173 gamyb\u0105 be jokio \u0161iurk\u0161tumo iki 28 000 aktyvavimo.<\/p>\n<\/div>\n<h2 style=\"color: #2c3e50;border-bottom: 2px solid #3498db;padding-bottom: 10px;margin-top: 40px\">Vald\u017eia ir Pasitik\u0117jimas: Didmenin\u0117 Tobulumas su VapeXYZ<\/h2>\n<p>Naviguojant pasaulin\u0119 vienkartini\u0173 garintuv\u0173 tiekimo grandin\u0119, reikia partnerio, turin\u010dio \u012frodyt\u0105 autoritet\u0105 ir nepajudinam\u0105 patikimum\u0105. \u201eVapeXYZ\u201c atne\u0161ame daugiau nei a\u0161tuoneri\u0173 met\u0173 specializuotos patirties \u012f Europos platinimo rink\u0105. Kai per m\u016bs\u0173 platform\u0105 investuojate \u012f BANG 28000 Puffs DSK033, j\u016bs ne tik perkate \u012frang\u0105; j\u016bs u\u017etikrinate supaprastint\u0105, atitinkan\u010di\u0105 ir patikim\u0105 tiekimo grandin\u0119.<\/p>\n<p>M\u016bs\u0173 \u012fsipareigojimas pasitik\u0117jimui rei\u0161kia, kad mes teikiame pirmenyb\u0119 absoliutaus skaidrumo. \u012erenginiai, kuriuos mes \u012fsigyjame, yra gaminami gamyklose, kurios laikosi grie\u017et\u0173 tarptautini\u0173 kokyb\u0117s valdymo standart\u0173, u\u017etikrindamos pagrindin\u012f atitikim\u0105 l\u016bkes\u010diams d\u0117l med\u017eiag\u0173 saugos ir elektros vientisumo (pvz., RoHS ir CE principai, susij\u0119 su elektronin\u0117mis vartojimo prek\u0117mis). Be to, m\u016bs\u0173 logistikos tinklas yra optimizuotas B2B efektyvumui. Pagrindin\u0117s kartonin\u0117s pakuot\u0117s specifikacijos (200 vienet\u0173, 18,45 kg) buvo grie\u017etai standartizuotos, siekiant suma\u017einti t\u016brinius siuntimo ka\u0161tus Europos krovini\u0173 koridoriuose. Tur\u0117dami labai prieinam\u0105 minimal\u0173 u\u017esakymo kiek\u012f (MOQ) tik 10 vienet\u0173, mes \u012fgaliname tiek ma\u017emenin\u0117s prekybos parduotuves, tiek didelius platinimo tinklus didinti savo atsargas su minimalia finansine rizika.<\/p>\n<p style=\"text-align: center;margin: 40px 0\"><img loading=\"lazy\" decoding=\"async\" class=\"alignnone size-full wp-image-55298\" style=\"max-width: 100%;height: auto;border-radius: 8px\" src=\"https:\/\/vapexyz.com\/wp-content\/uploads\/2025\/08\/BANG-28000-Puffs-DSK033-Low-Nicotine-Bulk-Buy-Original-Rechargeable-Disposable-Vapes-Wholesale0.webp\" alt=\"BANG 28000 Puffs DSK033 \u017demas Nikotino Masinis Pirkimas Original\u016bs \u012ekraunami Vienkartiniai Garintuvai Didmenin\u0117 Prekyba\" width=\"1500\" height=\"1500\" title=\"\" srcset=\"https:\/\/vapexyz.com\/wp-content\/uploads\/2025\/08\/BANG-28000-Puffs-DSK033-Low-Nicotine-Bulk-Buy-Original-Rechargeable-Disposable-Vapes-Wholesale0.webp 1500w, https:\/\/vapexyz.com\/wp-content\/uploads\/2025\/08\/BANG-28000-Puffs-DSK033-Low-Nicotine-Bulk-Buy-Original-Rechargeable-Disposable-Vapes-Wholesale0-500x500.webp 500w, https:\/\/vapexyz.com\/wp-content\/uploads\/2025\/08\/BANG-28000-Puffs-DSK033-Low-Nicotine-Bulk-Buy-Original-Rechargeable-Disposable-Vapes-Wholesale0-1024x1024.webp 1024w, https:\/\/vapexyz.com\/wp-content\/uploads\/2025\/08\/BANG-28000-Puffs-DSK033-Low-Nicotine-Bulk-Buy-Original-Rechargeable-Disposable-Vapes-Wholesale0-300x300.webp 300w, https:\/\/vapexyz.com\/wp-content\/uploads\/2025\/08\/BANG-28000-Puffs-DSK033-Low-Nicotine-Bulk-Buy-Original-Rechargeable-Disposable-Vapes-Wholesale0-768x768.webp 768w, https:\/\/vapexyz.com\/wp-content\/uploads\/2025\/08\/BANG-28000-Puffs-DSK033-Low-Nicotine-Bulk-Buy-Original-Rechargeable-Disposable-Vapes-Wholesale0-12x12.webp 12w, https:\/\/vapexyz.com\/wp-content\/uploads\/2025\/08\/BANG-28000-Puffs-DSK033-Low-Nicotine-Bulk-Buy-Original-Rechargeable-Disposable-Vapes-Wholesale0-247x247.webp 247w, https:\/\/vapexyz.com\/wp-content\/uploads\/2025\/08\/BANG-28000-Puffs-DSK033-Low-Nicotine-Bulk-Buy-Original-Rechargeable-Disposable-Vapes-Wholesale0-510x510.webp 510w, https:\/\/vapexyz.com\/wp-content\/uploads\/2025\/08\/BANG-28000-Puffs-DSK033-Low-Nicotine-Bulk-Buy-Original-Rechargeable-Disposable-Vapes-Wholesale0-100x100.webp 100w\" sizes=\"auto, (max-width: 1500px) 100vw, 1500px\" \/><\/p>\n<h2 style=\"color: #2c3e50;border-bottom: 2px solid #3498db;padding-bottom: 10px;margin-top: 40px\">Pagrindiniai klausimai ir atsakymai didmeniniams pirk\u0117jams<\/h2>\n<div style=\"margin-top: 25px\">\n<div style=\"background-color: #ffffff;border: 1px solid #e1e8ed;border-radius: 6px;padding: 20px;margin-bottom: 15px\">\n<h4 style=\"margin: 0 0 10px 0;color: #2980b9;font-size: 1.1em\">Kokius specifinius prana\u0161umus si\u016blo 30ml + 10ml nepriklausoma rezervuaro sistema?<\/h4>\n<p style=\"margin: 0;color: #555\">\u0160is dviej\u0173 kamer\u0173 dizainas neleid\u017eia pirminio tirpalo prie\u0161laikiniam mai\u0161ymui su au\u0161inimo ekstraktu. Laikant \u0161iuos formuliavimus izoliuotus iki garavimo momento, prietaisas i\u0161laiko maksimal\u0173 \u0161vie\u017eum\u0105, neleid\u017eia aromatini\u0173 jungini\u0173 degradacijai per ilgus laikymo laikotarpius didmenin\u0117s prekybos sand\u0117liuose.<\/p>\n<\/div>\n<div style=\"background-color: #ffffff;border: 1px solid #e1e8ed;border-radius: 6px;padding: 20px;margin-bottom: 15px\">\n<h4 style=\"margin: 0 0 10px 0;color: #2980b9;font-size: 1.1em\">Ar 13450 650mAh baterija pakanka 28 000 aktyvacij\u0173?<\/h4>\n<p style=\"margin: 0;color: #555\">Taip, per Type-C \u012fkrovimo s\u0105saj\u0105. Nors 650mAh talpa yra optimizuota kasdieniam naudojimui, kad prietaisas i\u0161likt\u0173 lengvas (84,3g), auk\u0161tos kokyb\u0117s li\u010dio jon\u0173 elementas yra \u012fvertintas daugybe \u012fkrovimo cikl\u0173. Tai leid\u017eia vartotojui pakartotinai \u012fkrauti \u012frengin\u012f, u\u017etikrinant, kad kiekvienas 40ml bendros formul\u0117s la\u0161as b\u016bt\u0173 efektyviai i\u0161garintas prie\u0161 tai, nei baterija pasieks savo funkcionalaus gyvenimo pabaig\u0105.<\/p>\n<\/div>\n<div style=\"background-color: #ffffff;border: 1px solid #e1e8ed;border-radius: 6px;padding: 20px;margin-bottom: 15px\">\n<h4 style=\"margin: 0 0 10px 0;color: #2980b9;font-size: 1.1em\">Ar VapeXYZ si\u016blo OEM\/ODM pritaikym\u0105 \u0161iam modeliui?<\/h4>\n<p style=\"margin: 0;color: #555\">\u017dinoma. \u012esitvirtinusiems platintojams, norintiems sukurti i\u0161skirtin\u0119 prek\u0117s \u017eenklo vert\u0119, teikiame tvirt\u0105 OEM ir ODM palaikym\u0105. Tai apima individualizuot\u0105 i\u0161orin\u012f prek\u0117s \u017eenklo k\u016brim\u0105, specialiai sukurtus pakuo\u010di\u0173 sprendimus ir pritaikyt\u0105 technin\u0117s \u012frangos estetik\u0105, visa tai paremta m\u016bs\u0173 kokyb\u0117s kontroliuojamomis gamybos partneryst\u0117mis.<\/p>\n<\/div>\n<div style=\"background-color: #ffffff;border: 1px solid #e1e8ed;border-radius: 6px;padding: 20px;margin-bottom: 15px\">\n<h4 style=\"margin: 0 0 10px 0;color: #2980b9;font-size: 1.1em\">Kaip u\u017esakant i\u0161 VapeXYZ u\u017etikrinamas tiekimo grandin\u0117s saugumas?<\/h4>\n<p style=\"margin: 0;color: #555\">Tiesiogiai tiekdami per m\u016bs\u0173 specializuot\u0105 platform\u0105, apeinate nepatikimus tarpininkus. Mes palaikome did\u017eiul\u012f atsarg\u0173 inventori\u0173, leid\u017eiant\u012f mums \u012fvykdyti minimalius u\u017esakymo kiekius nuo vos 10 vienet\u0173 iki did\u017eiuli\u0173 konteineri\u0173 krovini\u0173, kartu teikdami realaus laiko steb\u0117jim\u0105, grie\u017etas tikr\u0173 produkt\u0173 garantijas ir specializuot\u0105 B2B s\u0105skait\u0173 valdym\u0105 Europos rinkai.<\/p>\n<\/div>\n<\/div>\n<\/article>","protected":false},"excerpt":{"rendered":"<p>BANG 28000 Puffs DSK033 I\u0161leid\u017eiamas Garintuvas yra \u012fkraunamas \u017demos Intensyvumo prietaisas su 30ml talpa, 650mAh baterija, Type-C \u012fkrovimas, 1,0\u03a9 tinklelio rit\u0117 ir 12 Skoni\u0173 variant\u0173 \u2013 u\u017etikrinantis iki 28 000 skland\u017ei\u0173 DTL \u012fkv\u0117pim\u0173, idealus didmeniniam pirkimui i\u0161 VapeXYZ.<\/p>","protected":false},"featured_media":55285,"comment_status":"open","ping_status":"closed","template":"","meta":{"_lmt_disableupdate":"no","_lmt_disable":""},"product_brand":[],"product_cat":[820],"product_tag":[],"class_list":{"0":"post-55218","1":"product","2":"type-product","3":"status-publish","4":"has-post-thumbnail","6":"product_cat-vape","8":"first","9":"instock","10":"shipping-taxable","11":"purchasable","12":"product-type-variable","13":"has-default-attributes"},"jetpack_sharing_enabled":true,"tiered_pricing_type":"fixed","tiered_pricing_fixed_rules":[],"tiered_pricing_product_settings":{"layout":"default","base_unit_name":{"singular":null,"plural":null},"default_variation":null},"tiered_pricing_minimum_quantity":null,"tiered_pricing_roles_data":[],"tiered_pricing_percentage_rules":[],"tiered_pricing_maximum_quantity":null,"tiered_pricing_quantity_step":null,"_links":{"self":[{"href":"https:\/\/vapexyz.com\/lt\/wp-json\/wp\/v2\/product\/55218","targetHints":{"allow":["GET"]}}],"collection":[{"href":"https:\/\/vapexyz.com\/lt\/wp-json\/wp\/v2\/product"}],"about":[{"href":"https:\/\/vapexyz.com\/lt\/wp-json\/wp\/v2\/types\/product"}],"replies":[{"embeddable":true,"href":"https:\/\/vapexyz.com\/lt\/wp-json\/wp\/v2\/comments?post=55218"}],"wp:featuredmedia":[{"embeddable":true,"href":"https:\/\/vapexyz.com\/lt\/wp-json\/wp\/v2\/media\/55285"}],"wp:attachment":[{"href":"https:\/\/vapexyz.com\/lt\/wp-json\/wp\/v2\/media?parent=55218"}],"wp:term":[{"taxonomy":"product_brand","embeddable":true,"href":"https:\/\/vapexyz.com\/lt\/wp-json\/wp\/v2\/product_brand?post=55218"},{"taxonomy":"product_cat","embeddable":true,"href":"https:\/\/vapexyz.com\/lt\/wp-json\/wp\/v2\/product_cat?post=55218"},{"taxonomy":"product_tag","embeddable":true,"href":"https:\/\/vapexyz.com\/lt\/wp-json\/wp\/v2\/product_tag?post=55218"}],"curies":[{"name":"wp","href":"https:\/\/api.w.org\/{rel}","templated":true}]}}