{"id":54652,"date":"2025-08-07T03:50:55","date_gmt":"2025-08-07T03:50:55","guid":{"rendered":"https:\/\/vapexyz.com\/?post_type=product&#038;p=54652"},"modified":"2026-03-02T10:36:13","modified_gmt":"2026-03-02T10:36:13","slug":"bang-lyderis-50-000-iputimu-dvieju-skoniu-lcd-ekranas-mazas-nikotino-kiekis-urmu-pirkti-originalus-ikraunami-vienkartiniai-garintuvai-didmenine-prekyba","status":"publish","type":"product","link":"https:\/\/vapexyz.com\/lt\/product\/bang-leader-50000-puffs-dual-flavors-lcd-screen-low-nicotine-bulk-buy-original-rechargeable-disposable-vapes-wholesale\/","title":{"rendered":"BANG LYDERIS 50000 \u012fkv\u0117pim\u0173 Dvigubi skoniai LCD ekranas Didmenin\u0117 pirkimas \u012ekraunamas Vienkartiniai garintuvai Didmenin\u0117 prekyba"},"content":{"rendered":"<article style=\"font-family: system-ui, -apple-system, sans-serif;line-height: 1.7;color: #2d3748;max-width: 100%;margin: 0 auto;padding: 20px\">\n<h2 style=\"color: #1a202c;border-bottom: 2px solid #edf2f7;padding-bottom: 10px;margin-top: 30px\"><a style=\"color: #3182ce;text-decoration: none\" href=\"https:\/\/vapexyz.com\/lt\/produkto-kategorija\/sprogimas\/\">BANG<\/a> LEADER 50000 Puffs: I\u0161samus techninis ap\u017evalgas<\/h2>\n<p>Buitini\u0173 elektronikos rinkoje buvo padaryti greiti \u017eingsniai \u012f priek\u012f, o naujausia asmenini\u0173 garinimo technologij\u0173 karta atspindi \u0161i\u0105 pa\u017eang\u0105. Viename vienkartiniame garintuve \u012ftaise atrakinkite iki 50 000 aktyvacij\u0173 su dvigubo profilio galimybe, integruotu i\u0161maniuoju ekranu ir protingu \u012fkraunamu patogumu. \u0160is kintamos koncentracijos garintuvas (prieinamas 0%, 2%, 3% ir 5% formuluot\u0117se) u\u017etikrina tiksliai sukurt\u0105 na\u0161um\u0105, skirt\u0105 europin\u0117s rinkos i\u0161manantiems ma\u017emenininkams ir vartotojams.<\/p>\n<p>U\u017euot remiantis nepatvirtintais teiginiais, m\u016bs\u0173 BANG LEADER 50000 analiz\u0117 yra sutelkta \u012f jo konstrukcin\u0119 in\u017einerij\u0105, empirinius veiklos duomenis ir komponent\u0173 atitikt\u012f. \u012erenginys sujungia auk\u0161\u010diausios kokyb\u0117s funkcijas \u012f vien\u0105, ergonomi\u0161kai suprojektuot\u0105 korpus\u0105, pagamint\u0105 i\u0161 patvaraus, atsparaus sm\u016bgiams polikarbonato. Jame yra dvi vidin\u0117s talpyklos, kuriose yra ma\u017edaug 36\u202fmL firmin\u0117s formul\u0117s, konstrukci\u0161kai izoliuotos, kad b\u016bt\u0173 i\u0161vengta kry\u017emin\u0117s tar\u0161os tarp dviej\u0173 skirting\u0173 profili\u0173. \u0160i\u0105 sistem\u0105 maitina pramonin\u0117s kokyb\u0117s 650\u202fmAh \u012fkraunama li\u010dio-polimero (Li-Po) baterija, integruota su pritaikytu mikrokontrolerio bloku (MCU), kuris valdo srov\u0117s tiekim\u0105 ir palaiko Type\u2011C greito \u012fkrovimo protokolus.<\/p>\n<p>\u0160irdyje jos garinimo variklio yra pa\u017eangi dvigubo tinklelio rit\u0117s architekt\u016bra. Skirtingai nuo tradicini\u0173 vielini\u0173 rit\u017ei\u0173, tinklelio groteli\u0173 i\u0161pl\u0117sta pavir\u0161iaus plotas u\u017etikrina tolyg\u0173 \u0161ilumin\u012f pasiskirstym\u0105. Tai lemia nuosekl\u0173 aromatini\u0173 med\u017eiag\u0173 i\u0161\u0117jim\u0105 ir tanki\u0105 aerozolio faz\u0119 nuo pirmojo \u012fjungimo iki paskutinio. Siekiant suma\u017einti vartotoj\u0173 nerim\u0105 d\u0117l \u012frenginio b\u016bkl\u0117s, \u012fmontuotas auk\u0161to kontrasto LCD ekranas naudoja realaus laiko telemetrij\u0105, kad vartotojai b\u016bt\u0173 informuoti apie akumuliatoriaus degradacijos lygius ir likusi\u0105 formul\u0117s talp\u0105. Tai rei\u0161kia didelio na\u0161umo, ma\u017eai prie\u017ei\u016bros reikalaujant\u012f technin\u0117s \u012frangos sprendim\u0105, puikiai optimizuot\u0105 didel\u0117ms platinimo logistikoms.<\/p>\n<div style=\"background-color: #f8fafc;border-left: 6px solid #4299e1;padding: 20px;margin: 30px 0;border-radius: 0 8px 8px 0\">\n<h3 style=\"margin-top: 0;color: #2b6cb0;font-size: 1.25rem\">Technini\u0173 \u017eini\u0173 punktas: Dvigubo tinklelio \u0161ildymo dinamika<\/h3>\n<p style=\"margin-bottom: 0\">Dvigub\u0173 tinkleli\u0173 kaitinimo element\u0173 \u012fdiegimas \u017eymiai pakei\u010dia vienkartinio garintuvo termodinamin\u012f profil\u012f. \u012eprasti vieni rit\u0117s da\u017enai patiria lokalizuot\u0105 \u0161ilumos koncentracij\u0105, kuri gali prie\u0161laikinai sugadinti formul\u0119. Naudojant dvigub\u0105 tinklelio konfig\u016bracij\u0105, BANG LEADER 50000 paskirsto elektros apkrov\u0105 didesniame tinklelio plote. Nepriklausomi termini\u0173 vaizd\u0173 testai rodo 40% suma\u017e\u0117jim\u0105 \u0161ilumos sm\u016bgiuose per vis\u0105 sugerian\u010di\u0105 med\u017eiag\u0105 lyginant su \u012fprastomis rit\u0117mis. \u0160is tolygus kaitinimo protokolas ne tik maksimaliai padidina aerosoli\u0173 susidarymo efektyvum\u0105, bet ir u\u017etikrina, kad sud\u0117tingos aromatinio profilio molekulin\u0117s strukt\u016bros i\u0161lieka nepakitusios, u\u017etikrinant stabili\u0105 i\u0161vest\u012f per de\u0161imtis t\u016bkstan\u010di\u0173 aktyvacij\u0173.<\/p>\n<\/div>\n<h2 style=\"color: #1a202c;border-bottom: 2px solid #edf2f7;padding-bottom: 10px;margin-top: 40px\">Empirinis tyrimas ir reguliavimo reikalavim\u0173 laikymasis<\/h2>\n<p>Nor\u0117damas u\u017etikrinti pasitik\u0117jim\u0105 ir patikrinti veikimo galimybes, BANG LEADER 50000 prie\u0161 pateikiant \u012f rink\u0105, yra kruop\u0161\u010diai tikrinamas empiri\u0161kai. Pla\u010diai reklamuojamas 50 000 i\u0161p\u016btim\u0173 skai\u010dius n\u0117ra savavali\u0161kas \u012fvertinimas; jis gaunamas i\u0161 standartizuot\u0173 laboratorini\u0173 tyrim\u0173, naudojant automatinius \u012fkv\u0117pimo aparatus. \u0160ie aparatai yra kalibruoti pagal specifinius \u012fkv\u0117pimo parametrus - paprastai 3 sekund\u017ei\u0173 trukm\u0117s \u012fkv\u0117pimas, po kurio seka 30 sekund\u017ei\u0173 pertrauka, i\u0161traukiant nuosekl\u0173 55 ml oro t\u016br\u012f kiekvien\u0105 kart\u0105. \u0160iomis kontroliuojamomis aplinkos s\u0105lygomis, dvigubi 36 mL rezervuarai nuolat demonstruoja geb\u0117jim\u0105 atitikti nurodyt\u0105 ilgaam\u017ei\u0161kumo slenkst\u012f.<\/p>\n<p>Be to, akumuliatoriaus ciklo testai patvirtina, kad 650mAh Li-Po elementas i\u0161laiko daugiau nei 85 proc. savo pradin\u0117s \u012fkrovos talpos net po 300 piln\u0173 \u012fkrovimo-i\u0161krovimo cikl\u0173, u\u017etikrindamas, kad maitinimo \u0161altinis tarnauja ilgiau nei formul\u0117s tiekimas. I\u0161 autoriteto ir atitikties perspektyvos, prietaiso vidiniai elektroniniai komponentai grie\u017etai laikosi CE ir RoHS direktyv\u0173. Tinklelio ritini\u0173 ir maistini\u0173 PCTG plastik\u0173, naudojam\u0173 rezervuaruose, sunki\u0173j\u0173 metal\u0173 testai u\u017etikrina, kad prietaisas atitinka grie\u017etas saugos gaires, \u012f pozicionuodamas j\u012f kaip labai patikim\u0105 variant\u0105 i\u0161metam\u0173 garintuv\u0173 sektoriuje.<\/p>\n<hr style=\"border: 0;height: 1px;background-image: linear-gradient(to right, rgba(0, 0, 0, 0), rgba(0, 0, 0, 0.15), rgba(0, 0, 0, 0));margin: 40px 0\" \/>\n<h2 style=\"color: #1a202c;border-bottom: 2px solid #edf2f7;padding-bottom: 10px;margin-top: 30px\"><a style=\"color: #3182ce;text-decoration: none\" href=\"https:\/\/vapexyz.com\/lt\/produkto-kategorija\/sprogimas\/\">BANG LEADER<\/a> 50 000 Puffs Dvigubo Profilio Deriniai<\/h2>\n<p>Dvej\u0173 rezervuar\u0173 sistema leid\u017eia skland\u017eiai persijungti tarp papildan\u010di\u0173 aromatini\u0173 profili\u0173. \u010cia pateikiami visi 12 dviej\u0173 profili\u0173 por\u0173, sukurt\u0173 optimaliam jutiminiam i\u0161\u0117jimui ir nurodyt\u0173 tikslia gamybos tvarka:<\/p>\n<ol style=\"background: #fff;padding: 25px 25px 25px 45px;border-radius: 8px;margin-bottom: 30px;border: 1px solid #e2e8f0\">\n<li style=\"margin-bottom: 12px;padding-left: 10px\">\u0160ileigio Avie\u010di\u0173 vy\u0161ni\u0173 ledai &amp; vy\u0161ni\u0173 \n(Or Strawberry  Raspberry  Cherry Ice &amp; Cherry could also be translated as  \u017demuogi\u0173 Avie\u010di\u0173 Vy\u0161ni\u0173 ledai &amp; Vy\u0161ni\u0173  )<\/li>\n<li style=\"margin-bottom: 12px;padding-left: 10px\">Arb\u016bzas, \u017demuog\u0117 &amp; Arb\u016bzas Red Bull<\/li>\n<li style=\"margin-bottom: 12px;padding-left: 10px\">Juoda Vynuog\u0117 &amp; \u017dalia Vynuog\u0117 Saldainiai<\/li>\n<li style=\"margin-bottom: 12px;padding-left: 10px\">\u201eApple Pear &amp; kiwi Passion Fruit Guava\u201c<\/li>\n<li style=\"margin-bottom: 12px;padding-left: 10px\">R\u016bg\u0161tus Ananas\u0173 Limonadas &amp; Citrinos Laimo Red Bull<\/li>\n<li style=\"margin-bottom: 12px;padding-left: 10px\">Banan\u0173 ledai ir mang\u0173 bra\u0161ki\u0173<\/li>\n<li style=\"margin-bottom: 12px;padding-left: 10px\">M\u0117lyni\u0173 r\u016bg\u0161tus aviet\u0117 ir m\u0117lyni\u0173 ledas<\/li>\n<li style=\"margin-bottom: 12px;padding-left: 10px\">vy\u0161ni\u0173 kola ir ro\u017einis limonadas<\/li>\n<li style=\"margin-bottom: 12px;padding-left: 10px\">M\u0117lyni\u0173 avietini\u0173 citrin\u0173 g\u0117rimas ir bra\u0161ki\u0173 avietini\u0173 vy\u0161ni\u0173 ledas<\/li>\n<li style=\"margin-bottom: 12px;padding-left: 10px\">\u0160vie\u017ei\u0173 Bra\u0161ki\u0173 Kivi ir Bra\u0161ki\u0173 Ledas<\/li>\n<li style=\"margin-bottom: 12px;padding-left: 10px\">Ananas\u0173 Pasira\u0161\u0173 ir Ananas\u0173 Ledas<\/li>\n<li style=\"margin-bottom: 12px;padding-left: 10px\">\u0160vie\u017ei\u0173 Avie\u010di\u0173 Mojito ir Cherry Avie\u010di\u0173 Lime<\/li>\n<\/ol>\n<hr style=\"border: 0;height: 1px;background-image: linear-gradient(to right, rgba(0, 0, 0, 0), rgba(0, 0, 0, 0.15), rgba(0, 0, 0, 0));margin: 40px 0\" \/>\n<h2 style=\"color: #1a202c;border-bottom: 2px solid #edf2f7;padding-bottom: 10px\">Logistika, pakuot\u0117 ir specifikacijos<\/h2>\n<p>B2B operacijoms ir atsarg\u0173 valdymui labai svarbu suprasti tikslias fizines j\u016bs\u0173 atsarg\u0173 specifikacijas. BANG LEADER 50000 buvo supakuotas naudojant tvirt\u0105, erdv\u0119 optimizuojan\u010di\u0105 med\u017eiag\u0105, siekiant suma\u017einti tranzito \u017eal\u0105 ir optimizuoti sand\u0117lio saugojim\u0105.<\/p>\n<ul style=\"list-style-type: none;padding: 0\">\n<li style=\"background: #f7fafc;margin-bottom: 10px;padding: 15px 20px;border-radius: 6px;border-left: 4px solid #a0aec0;align-items: center\"><span style=\"width: 120px\">Vieneto svoris:<\/span> apie 100 g (\u012fskaitant vidin\u0119 baterij\u0105 ir pilnus rezervuarus)<\/li>\n<li style=\"background: #f7fafc;margin-bottom: 10px;padding: 15px 20px;border-radius: 6px;border-left: 4px solid #a0aec0;align-items: center\"><span style=\"width: 120px\">Rodymo d\u0117\u017e\u0117:<\/span> 10 prietais\u0173 ma\u017emenin\u0117s prekybos d\u0117\u017e\u0117je (apytikslis bruto svoris 1 000 g)<\/li>\n<li style=\"background: #f7fafc;margin-bottom: 10px;padding: 15px 20px;border-radius: 6px;border-left: 4px solid #a0aec0;align-items: center\"><span style=\"width: 120px\">Pagrindin\u0117 d\u0117\u017e\u0117:<\/span> 200 vienet\u0173 vienoje d\u0117\u017e\u0117je, matmenys ~65\u202f\u00d7\u202f31\u202f\u00d7\u202f26\u202fcm, viso svorio apytiksliai 21,3\u202fkg<\/li>\n<\/ul>\n<hr style=\"border: 0;height: 1px;background-image: linear-gradient(to right, rgba(0, 0, 0, 0), rgba(0, 0, 0, 0.15), rgba(0, 0, 0, 0));margin: 40px 0\" \/>\n<h2 style=\"color: #1a202c;border-bottom: 2px solid #edf2f7;padding-bottom: 10px\">Greitas ap\u017evalgos lentel\u0117<\/h2>\n<div>\n<table style=\"width: 100%;border-collapse: collapse;margin: 20px 0;border-radius: 8px;overflow: hidden;background: #fff\">\n<thead style=\"background-color: #2d3748;color: #ffffff;text-align: left\">\n<tr>\n<th style=\"padding: 16px 20px;font-weight: 600;text-transform: uppercase;font-size: 0.85rem;letter-spacing: 0.05em\">Aparatin\u0117 \u012eranga<\/th>\n<th style=\"padding: 16px 20px;font-weight: 600;text-transform: uppercase;font-size: 0.85rem;letter-spacing: 0.05em\">Techninis Apra\u0161ymas<\/th>\n<\/tr>\n<\/thead>\n<tbody style=\"font-size: 0.95rem\">\n<tr style=\"border-bottom: 1px solid #edf2f7\">\n<td style=\"padding: 16px 20px;font-weight: 500;color: #4a5568\">Maksimal\u016bs aktyvavimai<\/td>\n<td style=\"padding: 16px 20px;color: #718096\">Iki 50 000 (Remiantis laboratoriniais tyrimais)<\/td>\n<\/tr>\n<tr style=\"border-bottom: 1px solid #edf2f7;background-color: #f8fafc\">\n<td style=\"padding: 16px 20px;font-weight: 500;color: #4a5568\">Rezervuaro talpa<\/td>\n<td style=\"padding: 16px 20px;color: #718096\">Apytiksliai 36\u202fmL (Atskirtos dvejopos kapsul\u0117s)<\/td>\n<\/tr>\n<tr style=\"border-bottom: 1px solid #edf2f7\">\n<td style=\"padding: 16px 20px;font-weight: 500;color: #4a5568\">Power Cell<\/td>\n<td style=\"padding: 16px 20px;color: #718096\">650 mAh \u012fkraunama Li-Po (Type-C protokolas)<\/td>\n<\/tr>\n<tr style=\"border-bottom: 1px solid #edf2f7;background-color: #f8fafc\">\n<td style=\"padding: 16px 20px;font-weight: 500;color: #4a5568\">Atomin\u0117s technologijos<\/td>\n<td style=\"padding: 16px 20px;color: #718096\">Dvigubo tinklelio architekt\u016bra optimizuotam \u0161ilumos perdavimui<\/td>\n<\/tr>\n<tr style=\"border-bottom: 1px solid #edf2f7\">\n<td style=\"padding: 16px 20px;font-weight: 500;color: #4a5568\">Maitinimo i\u0161vestis<\/td>\n<td style=\"padding: 16px 20px;color: #718096\">Dinamin\u0117 \/ Reguliuojama MCU valdoma galia<\/td>\n<\/tr>\n<tr style=\"border-bottom: 1px solid #edf2f7;background-color: #f8fafc\">\n<td style=\"padding: 16px 20px;font-weight: 500;color: #4a5568\">Telemetrijos ekranas<\/td>\n<td style=\"padding: 16px 20px;color: #718096\">LCD matrica, rodanti \u012fkrovimo b\u016bsen\u0105 ir formul\u0117s i\u0161eikvojim\u0105<\/td>\n<\/tr>\n<tr style=\"border-bottom: 1px solid #edf2f7\">\n<td style=\"padding: 16px 20px;font-weight: 500;color: #4a5568\">Koncentracijos lygiai<\/td>\n<td style=\"padding: 16px 20px;color: #718096\">0%, 2%, 3%, 5% variantai yra prieinami<\/td>\n<\/tr>\n<tr style=\"border-bottom: 1px solid #edf2f7;background-color: #f8fafc\">\n<td style=\"padding: 16px 20px;font-weight: 500;color: #4a5568\">Arom\u0173 konfig\u016bracijos<\/td>\n<td style=\"padding: 16px 20px;color: #718096\">12 perjungiamos dvilyp\u0117s moduliai<\/td>\n<\/tr>\n<tr>\n<td style=\"padding: 16px 20px;font-weight: 500;color: #4a5568\">Masinis pakavimas<\/td>\n<td style=\"padding: 16px 20px;color: #718096\">10 vienet\u0173 \/ ekrano d\u0117\u017e\u0117, 200 vienet\u0173 \/ pagrindin\u0117 d\u0117\u017e\u0117<\/td>\n<\/tr>\n<\/tbody>\n<\/table>\n<\/div>\n<h2 style=\"color: #1a202c;border-bottom: 2px solid #edf2f7;padding-bottom: 10px;margin-top: 40px\">Da\u017enai u\u017eduodami klausimai (DUK)<\/h2>\n<details style=\"background: #ffffff;border: 1px solid #e2e8f0;border-radius: 6px;margin-bottom: 10px;padding: 10px 15px;cursor: pointer\">\n<summary style=\"font-weight: 600;color: #2d3748\">Kaip 50 000 i\u0161pu\u010di\u0173 skai\u010dius yra empiri\u0161kai patvirtintas?<\/summary>\n<p style=\"margin-top: 10px;color: #4a5568;line-height: 1.6\">Gamintojas naudoja mechaninius pufavimo tikrinimo simuliatorius, sukonfig\u016bruotus pagal Tarptautin\u0117s standartizacijos organizacijos (ISO) i\u0161vestus parametrus. \u0160ie simuliatoriai atlieka nuolatinius standartizuotus aktyvavimus (pvz., 3 sekund\u017ei\u0173 \u012fkv\u0117pimus), kol 36 ml formul\u0117s rezervuaras yra visi\u0161kai i\u0161tu\u0161tintas. Tikrasis naudojimas realiame pasaulyje gali skirtis priklausomai nuo individualaus \u012fkv\u0117pimo trukm\u0117s ir gylio.<\/p>\n<\/details>\n<details style=\"background: #ffffff;border: 1px solid #e2e8f0;border-radius: 6px;margin-bottom: 10px;padding: 10px 15px;cursor: pointer\">\n<summary style=\"font-weight: 600;color: #2d3748\">Kas u\u017etikrina \u0161io vienkartinio garintuvo saugum\u0105 ir atitikt\u012f reikalavimams?<\/summary>\n<p style=\"margin-top: 10px;color: #4a5568;line-height: 1.6\">Vidin\u0117 akumuliatoriaus grandin\u0117 atitinka CE \u017eenklinimo standartus, turi apsaug\u0105 nuo perkrovimo, trump\u0173j\u0173 jungim\u0173 ir \u017eemos \u012ftampos. Tirpalo laikikliai gaminami i\u0161 maisto kokyb\u0117s PCTG polimer\u0173, kurie yra chemi\u0161kai inerti\u0161ki ir atspar\u016bs terminiam skilimui, u\u017etikrinant, kad plastifikatoriai nepatekt\u0173 \u012f formul\u0119 per vis\u0105 \u012frenginio eksploatavimo laik\u0105.<\/p>\n<\/details>\n<details style=\"background: #ffffff;border: 1px solid #e2e8f0;border-radius: 6px;margin-bottom: 10px;padding: 10px 15px;cursor: pointer\">\n<summary style=\"font-weight: 600;color: #2d3748\">Ar galiu \u012fkrauti \u012frengin\u012f bet kokiu Type-C kabeliu?<\/summary>\n<p style=\"margin-top: 10px;color: #4a5568;line-height: 1.6\">Taip, \u012frenginys naudoja standartin\u012f Type-C prievad\u0105. Ta\u010diau, siekiant optimalaus akumuliatoriaus veikimo ir ilgaam\u017ei\u0161kumo, empiri\u0161kai rekomenduojama naudoti standartin\u012f 5V\/1A \u012fkrovimo blok\u0105. Venkite naudoti didel\u0117s galios ne\u0161iojam\u0173j\u0173 kompiuteri\u0173 ar plan\u0161etini\u0173 kompiuteri\u0173 \u012fkrovikli\u0173, nes per didelis srov\u0117s tiekimas gali sukelti termin\u012f stres\u0105 650mAh Li-Po elemento atveju laikui b\u0117gant.<\/p>\n<\/details>\n<h2 style=\"color: #1a202c;border-bottom: 2px solid #edf2f7;padding-bottom: 10px;margin-top: 40px\">Kod\u0117l pirkti i\u0161 VapeXYZ<\/h2>\n<p>Pasaulinis elektronini\u0173 gar\u0173 produkt\u0173 platinimo tinklas reikalauja patikimo, patikrinto tiekimo grandin\u0117s. \u201eVapeXYZ\u201c mes naudojame daugiau nei 8 met\u0173 audituotos pramon\u0117s patirt\u012f, kad tiekiame tikrus, tiesioginius i\u0161 gamyklos originalius \u201eBang Leader 50000\u201c vienkartinius garintuvus didmenininkams ir ma\u017emenin\u0117s prekybos operacijoms visoje Europoje. M\u016bs\u0173 grie\u017eti tiek\u0117j\u0173 tikrinimo procesai pa\u0161alina padirbt\u0173 produkt\u0173 patekimo \u012f j\u016bs\u0173 atsargas rizik\u0105.<\/p>\n<ul style=\"padding-left: 20px;color: #4a5568;line-height: 1.8\">\n<li style=\"margin-bottom: 8px\">Autenti\u0161kumo tikrinimas: J\u016bs perkate tiesiogiai i\u0161 \u012fgaliotos tiekimo linijos \u2014 garantuojamas autenti\u0161kas produktas, kartu su patikrinamais partijos kodais ir apsauga nuo padirbin\u0117jimo \u017eenklinimu.<\/li>\n<li style=\"margin-bottom: 8px\">Ekonominis mastelio keitimas: Konkurencingos didmenin\u0117s kainodaros strukt\u016bros yra matemati\u0161kai pritaikytos perpardav\u0117jams, kad b\u016bt\u0173 i\u0161laikytos sveikos pelno mar\u017eos, nekompromituojant produkto kokyb\u0117s.<\/li>\n<li style=\"margin-bottom: 8px\">Logistin\u0117 vientisumas: patikima laivybos infrastrukt\u016bra ir gili regionini\u0173 muit\u0173 i\u0161manymo patirtis visoje Europoje, suma\u017einanti sien\u0173 kirtimo delsas.<\/li>\n<li style=\"margin-bottom: 8px\">Atid\u017eiai tvarkomos s\u0105skaitos: Palaikomos ir greitai reaguojan\u010dios B2B klient\u0173 aptarnavimo komandos, apmokytos produkto specifikacij\u0173 ir logistikos srityse, visada yra po ranka.<\/li>\n<\/ul>\n<p>Patikimos, duomenimis pagr\u012fstos didmenin\u0117s tiekimo strategijos, sutelktos \u012f didelio paj\u0117gumo, dviej\u0173 profili\u0173 vienkartinius garintuvus, \u012fsigykite savo atsargas su VapeXYZ \u0161iandien. Mes esame visi\u0161kai pasireng\u0119 su infrastrukt\u016bra ir pramon\u0117s autoritetu, kad palaikytume j\u016bs\u0173 garinimo \u012fmon\u0117s pl\u0117tr\u0105 po vis\u0105 Europos \u017eemyn\u0105.<\/p>\n<div style=\"margin-top: 40px;text-align: center\">\n<p><img loading=\"lazy\" decoding=\"async\" class=\"alignnone size-full wp-image-54653\" style=\"max-width: 100%;height: auto;border-radius: 8px\" src=\"https:\/\/vapexyz.com\/wp-content\/uploads\/2025\/08\/BANG-LEADER-50000-Puffs-Dual-Flavors-Low-Nicotine-Bulk-Buy-Original-Rechargeable-Disposable-Vapes-Wholesale-1-scaled.webp\" alt=\"BANG LYDERIS 50000 \u012fkv\u0117pim\u0173 Dvigubi profiliai Didmenin\u0117 pirkimas Original\u016bs \u012ekraunami Vienkartiniai Garintuvai Didmenin\u0117 prekyba\" width=\"2560\" height=\"1434\" title=\"\" srcset=\"https:\/\/vapexyz.com\/wp-content\/uploads\/2025\/08\/BANG-LEADER-50000-Puffs-Dual-Flavors-Low-Nicotine-Bulk-Buy-Original-Rechargeable-Disposable-Vapes-Wholesale-1-scaled.webp 2560w, https:\/\/vapexyz.com\/wp-content\/uploads\/2025\/08\/BANG-LEADER-50000-Puffs-Dual-Flavors-Low-Nicotine-Bulk-Buy-Original-Rechargeable-Disposable-Vapes-Wholesale-1-scaled-500x280.webp 500w, https:\/\/vapexyz.com\/wp-content\/uploads\/2025\/08\/BANG-LEADER-50000-Puffs-Dual-Flavors-Low-Nicotine-Bulk-Buy-Original-Rechargeable-Disposable-Vapes-Wholesale-1-scaled-1024x574.webp 1024w, https:\/\/vapexyz.com\/wp-content\/uploads\/2025\/08\/BANG-LEADER-50000-Puffs-Dual-Flavors-Low-Nicotine-Bulk-Buy-Original-Rechargeable-Disposable-Vapes-Wholesale-1-scaled-768x430.webp 768w, https:\/\/vapexyz.com\/wp-content\/uploads\/2025\/08\/BANG-LEADER-50000-Puffs-Dual-Flavors-Low-Nicotine-Bulk-Buy-Original-Rechargeable-Disposable-Vapes-Wholesale-1-scaled-1536x860.webp 1536w, https:\/\/vapexyz.com\/wp-content\/uploads\/2025\/08\/BANG-LEADER-50000-Puffs-Dual-Flavors-Low-Nicotine-Bulk-Buy-Original-Rechargeable-Disposable-Vapes-Wholesale-1-scaled-2048x1147.webp 2048w, https:\/\/vapexyz.com\/wp-content\/uploads\/2025\/08\/BANG-LEADER-50000-Puffs-Dual-Flavors-Low-Nicotine-Bulk-Buy-Original-Rechargeable-Disposable-Vapes-Wholesale-1-scaled-18x10.webp 18w, https:\/\/vapexyz.com\/wp-content\/uploads\/2025\/08\/BANG-LEADER-50000-Puffs-Dual-Flavors-Low-Nicotine-Bulk-Buy-Original-Rechargeable-Disposable-Vapes-Wholesale-1-scaled-510x286.webp 510w\" sizes=\"auto, (max-width: 2560px) 100vw, 2560px\" \/><\/p>\n<\/div>\n<\/article>","protected":false},"excerpt":{"rendered":"<p>BANG LEADER 50000 Puffs yra auk\u0161\u010diausios kokyb\u0117s \u012fkraunamas dviej\u0173 skoni\u0173 vienkartinis garintuvas su ma\u017eu stiprumu, i\u0161maniuoju ekranu, Type-C \u012fkrovimu ir iki 50 000 i\u0161p\u016btim\u0173 \u2013 idealus didmeniniams u\u017esakymams i\u0161 VapeXYZ.<\/p>","protected":false},"featured_media":54655,"comment_status":"open","ping_status":"closed","template":"","meta":{"_lmt_disableupdate":"no","_lmt_disable":""},"product_brand":[],"product_cat":[821,1012,947,935,934,927,929,928,930,933,939,932,938,931,936,937,1017,949,946,1083,950,951,953,987],"product_tag":[],"class_list":{"0":"post-54652","1":"product","2":"type-product","3":"status-publish","4":"has-post-thumbnail","6":"product_cat-bang","7":"product_cat-50000-puff-vapes","8":"product_cat-big-puffs-vapes","9":"product_cat-bulk-buy-disposable-vapes-in-austria","10":"product_cat-bulk-buy-disposable-vapes-in-belgium","11":"product_cat-bulk-buy-disposable-vapes-in-europe","12":"product_cat-bulk-buy-disposable-vapes-in-france","13":"product_cat-bulk-buy-disposable-vapes-in-germany","14":"product_cat-bulk-buy-disposable-vapes-in-italy","15":"product_cat-bulk-buy-disposable-vapes-in-netherlands","16":"product_cat-bulk-buy-disposable-vapes-in-norway","17":"product_cat-bulk-buy-disposable-vapes-in-poland","18":"product_cat-bulk-buy-disposable-vapes-in-portugal","19":"product_cat-bulk-buy-disposable-vapes-in-spain","20":"product_cat-bulk-buy-disposable-vapes-in-sweden","21":"product_cat-bulk-buy-disposable-vapes-in-switzerland","22":"product_cat-buy-best-disposable-vape-flavors","23":"product_cat-digital-box-vapes","24":"product_cat-disposable-vapes-series","25":"product_cat-double-flavor-vapes","26":"product_cat-dual-mesh-vapes","27":"product_cat-lower-nicotine-vapes","28":"product_cat-rechargeable-vapes","29":"product_cat-vape-shop-by-puffs","31":"first","32":"instock","33":"shipping-taxable","34":"purchasable","35":"product-type-variable","36":"has-default-attributes"},"jetpack_sharing_enabled":true,"tiered_pricing_type":"fixed","tiered_pricing_fixed_rules":[],"tiered_pricing_product_settings":{"layout":"default","base_unit_name":{"singular":null,"plural":null},"default_variation":null},"tiered_pricing_minimum_quantity":null,"tiered_pricing_roles_data":[],"tiered_pricing_percentage_rules":[],"tiered_pricing_maximum_quantity":null,"tiered_pricing_quantity_step":null,"_links":{"self":[{"href":"https:\/\/vapexyz.com\/lt\/wp-json\/wp\/v2\/product\/54652","targetHints":{"allow":["GET"]}}],"collection":[{"href":"https:\/\/vapexyz.com\/lt\/wp-json\/wp\/v2\/product"}],"about":[{"href":"https:\/\/vapexyz.com\/lt\/wp-json\/wp\/v2\/types\/product"}],"replies":[{"embeddable":true,"href":"https:\/\/vapexyz.com\/lt\/wp-json\/wp\/v2\/comments?post=54652"}],"wp:featuredmedia":[{"embeddable":true,"href":"https:\/\/vapexyz.com\/lt\/wp-json\/wp\/v2\/media\/54655"}],"wp:attachment":[{"href":"https:\/\/vapexyz.com\/lt\/wp-json\/wp\/v2\/media?parent=54652"}],"wp:term":[{"taxonomy":"product_brand","embeddable":true,"href":"https:\/\/vapexyz.com\/lt\/wp-json\/wp\/v2\/product_brand?post=54652"},{"taxonomy":"product_cat","embeddable":true,"href":"https:\/\/vapexyz.com\/lt\/wp-json\/wp\/v2\/product_cat?post=54652"},{"taxonomy":"product_tag","embeddable":true,"href":"https:\/\/vapexyz.com\/lt\/wp-json\/wp\/v2\/product_tag?post=54652"}],"curies":[{"name":"wp","href":"https:\/\/api.w.org\/{rel}","templated":true}]}}