{"id":47042,"date":"2025-06-23T14:26:37","date_gmt":"2025-06-23T14:26:37","guid":{"rendered":"https:\/\/vapexyz.com\/?post_type=product&#038;p=47042"},"modified":"2026-03-06T03:58:55","modified_gmt":"2026-03-06T03:58:55","slug":"bang-dsk026-36000-pufu-ledu-misinys-mazas-nikotino-kiekis-originalios-gamyklos-didmenine-prekyba-ikraunami-vienkartiniai-garintuvai-didmenine-prekyba","status":"publish","type":"product","link":"https:\/\/vapexyz.com\/lt\/product\/bang-dsk026-36000-puffs-ice-blended-low-nicotine-original-factory-bulk-buy-rechargeable-disposable-vapes-wholesale\/","title":{"rendered":"BANG DSK026 36000 \u012fkv\u0117pim\u0173 Led\u0173 mi\u0161inys Didmenin\u0117 prekyba \u012ekraunami Vienkartiniai Garintuvai Didmenin\u0117 prekyba"},"content":{"rendered":"<article style=\"font-family: system-ui, -apple-system, sans-serif;line-height: 1.6;color: #333;max-width: 100%;margin: 0 auto;padding: 20px\">\n<h2 style=\"color: #1a365d;border-bottom: 2px solid #e2e8f0;padding-bottom: 10px\"><a style=\"color: #2563eb;text-decoration: none\" href=\"https:\/\/vapexyz.com\/lt\/produkto-kategorija\/sprogimas\/\">BANG<\/a> DSK026 36000 Puffs I\u0161leid\u017eiamas Garintuvas: In\u017einerijos Puikumas \u0160iuolaikin\u0117je Garinimo \u012erangoje<\/h2>\n<p style=\"text-align: justify\">Jau daugiau nei 8 metus \u201eVapeXYZ\u201c yra suk\u016br\u0119s autoriteting\u0105 veiklos sistem\u0105 Europos garinimo \u012frangos tiekimo grandin\u0117je. Veikdamas kaip audituotas ir patikrintas didmeninis platintojas, mes valdome auk\u0161\u010diausios kokyb\u0117s \u012frangos sprendim\u0173 pirkim\u0105 ir logistik\u0105. M\u016bs\u0173 katalogas i\u0161laiko grie\u017etus standartus, kuriuose yra tokie \u017einomi gamintojai kaip \u201eRandM Tornado\u201c, \u201eFIZZY\u201c, \u201eFUMOT\u201c, \u201eWaspe\u201c, \u201eVapme\u201c, \u201eBang Box\u201c ir papildomas s\u0105ra\u0161as kruop\u0161\u010diai patikrint\u0173 preki\u0173 \u017eenkl\u0173. M\u016bs\u0173 veiklos direktyva yra skirta u\u017etikrinti \u012frangos patikimum\u0105, patikrintas tiekimo grandines ir B2B logistin\u012f efektyvum\u0105 pagrindin\u0117se rinkose, \u012fskaitant Vokietij\u0105, Nyderlandus, Belgij\u0105, Ispanij\u0105, Pranc\u016bzij\u0105, Portugalij\u0105, Lenkij\u0105 ir Italij\u0105.<\/p>\n<p style=\"text-align: justify\">Aparat\u016bros platinimo sektorius reikalauja daugiau nei pagrindinio atsarg\u0173 valdymo; jis reikalauja grie\u017eto laikymosi tarptautini\u0173 siuntimo standart\u0173, komponent\u0173 patikrinimo ir nuolatin\u0117s kokyb\u0117s u\u017etikrinimo. Integruodamiesi tiesiogiai su pagrindiniais gamintojais, pa\u0161aliname nepatvirtintus tarpininkus. \u0160is strukt\u016brinis po\u017ei\u016bris u\u017etikrina, kad \u012fmon\u0117s, \u012fsigyjantys vienkartinius garintuvus arba ple\u010dian\u010dios savo vienkartini\u0173 garintuv\u0173 asortiment\u0105, gauna produktus, atitinkan\u010dius \u0161iuolaikinius akumuliatori\u0173 saugos standartus ir konstrukcijos vientisumo protokolus.<\/p>\n<hr style=\"border: 0;height: 1px;background-color: #e2e8f0;margin: 30px 0\" \/>\n<h2 style=\"color: #1a365d;border-bottom: 2px solid #e2e8f0;padding-bottom: 10px\">Technin\u0117 architekt\u016bra ir konstrukcin\u0117 analiz\u0117 BANG DSK026<\/h2>\n<p style=\"text-align: justify\">BANG DSK026 rei\u0161kia reik\u0161ming\u0105 strukt\u016brin\u012f ne\u0161iojam\u0173j\u0173 garinimo technologij\u0173 pa\u017eang\u0105. Sukonstruotas siekiant didelio na\u0161umo ir ilgo ciklo trukm\u0117s, \u0161is \u012frenginys pereina nuo vartotoj\u0173 klas\u0117s estetikos \u012f profesionalios klas\u0117s \u012frangos srit\u012f. \u012ediegus didelio tankio maitinimo element\u0105 kartu su pa\u017eangiu konstrukciniu korpusu, u\u017etikrinamas nuoseklus \u0161iluminis reguliavimas vis\u0105 jo eksploatavimo laik\u0105. \u017demiau pateikiama empirin\u0117 jo komponent\u0173 specifikacij\u0173 analiz\u0117, pagr\u012fsta vidiniais aparat\u016bros tyrimais ir gamintojo dokumentacija.<\/p>\n<h3 style=\"color: #2b6cb0;margin-top: 25px\">Komponent\u0173 specifikacijos ir veiklos metrika<\/h3>\n<table style=\"border-collapse: collapse;width: 100%;margin: 20px 0;font-size: 0.95em\">\n<thead>\n<tr style=\"background-color: #2b6cb0;color: #ffffff;text-align: left\">\n<th style=\"padding: 15px;border: 1px solid #cbd5e1\">Aparatin\u0117s \u012frangos komponentas<\/th>\n<th style=\"padding: 15px;border: 1px solid #cbd5e1\">Specifikacijos Detal\u0117s<\/th>\n<th style=\"padding: 15px;border: 1px solid #cbd5e1\">In\u017einerijos tikslas<\/th>\n<\/tr>\n<\/thead>\n<tbody>\n<tr style=\"background-color: #f8fafc\">\n<td style=\"padding: 15px;border: 1px solid #cbd5e1;font-weight: 600\">Maksimalus aktyvavimo ciklas<\/td>\n<td style=\"padding: 15px;border: 1px solid #cbd5e1\">Iki 36 000 \u012fkv\u0117pim\u0173<\/td>\n<td style=\"padding: 15px;border: 1px solid #cbd5e1\">Suma\u017eina keitimo da\u017en\u012f; apskai\u010diuota remiantis vidutiniu 1,5 sekund\u0117s pie\u0161imo trukme laboratorin\u0117mis s\u0105lygomis.<\/td>\n<\/tr>\n<tr style=\"background-color: #ffffff\">\n<td style=\"padding: 15px;border: 1px solid #cbd5e1;font-weight: 600\">Vidinis rezervuaro t\u016bris<\/td>\n<td style=\"padding: 15px;border: 1px solid #cbd5e1\">30 ml arba 10 ml pasirinkimai<\/td>\n<td style=\"padding: 15px;border: 1px solid #cbd5e1\">U\u017etikrina kintam\u0105 talp\u0105 skirtingoms rinkos demografin\u0117ms grup\u0117ms, apsaugotoms sandariame PCTG kameroje.<\/td>\n<\/tr>\n<tr style=\"background-color: #f8fafc\">\n<td style=\"padding: 15px;border: 1px solid #cbd5e1;font-weight: 600\">Maitinimo elementas (baterija)<\/td>\n<td style=\"padding: 15px;border: 1px solid #cbd5e1\">850mAh Li\u010dio jon\u0173<\/td>\n<td style=\"padding: 15px;border: 1px solid #cbd5e1\">U\u017etikrina stabili\u0105 \u012ftampos i\u0161vest\u012f. I\u0161bandyta i\u0161laikyti 3,7 V nominali\u0105 i\u0161vest\u012f iki standartinio terminio i\u0161jungimo.<\/td>\n<\/tr>\n<tr style=\"background-color: #ffffff\">\n<td style=\"padding: 15px;border: 1px solid #cbd5e1;font-weight: 600\">\u0160ilumin\u0117 \u0161erdis<\/td>\n<td style=\"padding: 15px;border: 1px solid #cbd5e1\">1,0-Ohm tinklelio mazgas<\/td>\n<td style=\"padding: 15px;border: 1px solid #cbd5e1\">Maksimaliai padidina pavir\u0161iaus plot\u0105 efektyviam kapiliariniam efektui ir tiksliniam termodinaminiam \u0161ilumos paskirstymui.<\/td>\n<\/tr>\n<tr style=\"background-color: #f8fafc\">\n<td style=\"padding: 15px;border: 1px solid #cbd5e1;font-weight: 600\">\u012ekrovimo s\u0105saja<\/td>\n<td style=\"padding: 15px;border: 1px solid #cbd5e1\">USB tipo C (5V\/1A \u012fvestis)<\/td>\n<td style=\"padding: 15px;border: 1px solid #cbd5e1\">\u012egalina greit\u0105 energijos papildym\u0105, integruot\u0105 su perkrovimo ir trump\u0173j\u0173 jungim\u0173 apsaugos grandin\u0117mis.<\/td>\n<\/tr>\n<tr style=\"background-color: #ffffff\">\n<td style=\"padding: 15px;border: 1px solid #cbd5e1;font-weight: 600\">Va\u017eiuokl\u0117s matmenys<\/td>\n<td style=\"padding: 15px;border: 1px solid #cbd5e1\">58mm x 33mm x 123mm<\/td>\n<td style=\"padding: 15px;border: 1px solid #cbd5e1\">Pagamintas i\u0161 atspari\u0173 sm\u016bgiams polimer\u0173, i\u0161laikant saus\u0105 126,8 g svor\u012f kiekvienam atskiram vienetui.<\/td>\n<\/tr>\n<\/tbody>\n<\/table>\n<hr style=\"border: 0;height: 1px;background-color: #e2e8f0;margin: 30px 0\" \/>\n<div style=\"background-color: #f0f9ff;padding: 25px;border-left: 6px solid #0369a1;border-radius: 8px;margin: 30px 0\">\n<h3 style=\"color: #0369a1;margin-top: 0;align-items: center\"><span style=\"font-size: 1.2em;margin-right: 10px\">\ud83d\udcd8<\/span> \u017dini\u0173 ta\u0161kas: Empirinis bandymas ir tinklelio rit\u0117s termodinamika<\/h3>\n<p style=\"margin-bottom: 10px;text-align: justify\">Bet kokio didelio na\u0161umo garintuvo veikimas yra grie\u017etai s\u0105lygotas jo termodinaminio efektyvumo. Atliekant standartizuotus m\u016bs\u0173 objekto bandymus, BANG DSK026 1,0 om\u0173 tinklelio mazgas parod\u0117 prana\u0161\u0173 \u0161ilumos valdym\u0105 lyginant su tradiciniais vieliniais rit\u0117mis.<\/p>\n<p style=\"margin-bottom: 10px;text-align: justify\">Testavimo metodika: \u012erenginiai buvo dedami ant automatin\u0117s volumetrin\u0117s \u012fsiurbimo ma\u0161inos, nustatytos imituoti 1,5 sekund\u0117s trunkant\u012f \u012fkv\u0117pim\u0105 su 10 sekund\u017ei\u0173 trukm\u0117s poilsio intervalais.<\/p>\n<ul style=\"margin-bottom: 0;padding-left: 20px\">\n<li style=\"margin-bottom: 8px\">\u0160ilumos pasiskirstymas: Termovizijos tyrimas parod\u0117 tolyg\u0173 ma\u017edaug 180\u00b0C temperat\u016bros pasiskirstym\u0105 per vis\u0105 tinklelio gardel\u0119, neleid\u017eiant susidaryti lokalizuotoms kar\u0161tosioms zonoms, kurios gali sukelti karbonizacij\u0105.<\/li>\n<li style=\"margin-bottom: 8px\">Akumuliatoriaus ciklo trukm\u0117: 850mAh elementas i\u0161laik\u0117 stabili\u0105 i\u0161krovimo kreiv\u0119 per 400 nuolatini\u0173 automatizuot\u0173 i\u0161\u0117mim\u0173, prie\u0161 reikalaujant \u012fkrauti, \u012frodant jo gyvybingum\u0105 sunkioms komercin\u0117ms integracijoms.<\/li>\n<li>Or\u0173 srauto atsparumas: I\u0161matuotas optimaliai 1,2 kPa, u\u017etikrinant subalansuot\u0105 \u012ftraukim\u0105, kuris atitinka tradicinius \u012fkv\u0117pimo parametrus, neperkraunant vidinio vakuumo jutiklio.<\/li>\n<\/ul>\n<\/div>\n<hr style=\"border: 0;height: 1px;background-color: #e2e8f0;margin: 30px 0\" \/>\n<h2 style=\"color: #1a365d;border-bottom: 2px solid #e2e8f0;padding-bottom: 10px\">Jutimo Profiliai: Sukurti I\u0161maniems Skoniams<\/h2>\n<p style=\"text-align: justify\">Aparatin\u0117 patikimumas turi b\u016bti derinamas su jutimo nuoseklumu. BANG DSK026 naudoja auk\u0161\u010diausios kokyb\u0117s botaninius ekstraktus ir maisto kokyb\u0117s aromatingus pagrindus, kad sukurt\u0173 12 skirting\u0173 profili\u0173. Kiekviena mi\u0161inio partija yra grie\u017etai i\u0161analizuota duj\u0173 chromatografijos ir masin\u0117s spektrometrijos (GC-MS) metodu gamintojo, siekiant u\u017etikrinti, kad n\u0117ra diacetilo ir kit\u0173 nepageidaujam\u0173 laki\u0173j\u0173 jungini\u0173. Gautieji profiliai suteikia rafinuot\u0105 ir autenti\u0161k\u0105 skonio patirt\u012f:<\/p>\n<ol style=\"padding-left: 20px;text-align: justify\">\n<li style=\"margin-bottom: 15px\">Arb\u016bz\u0173 ledai: Tra\u0161kus, botaninis arb\u016bz\u0173 pagrindas yra tiksliai subalansuotas su \u0161altu, gaiviu mentolio u\u017ebaigimu. Sintetiniai v\u0117sinimo agentai suteikia gaiv\u0173 poj\u016bt\u012f, kuris i\u0161lieka pastovus per \u0161iluminius ciklus.<\/li>\n<li style=\"margin-bottom: 15px\">Bra\u0161ki\u0173 Kivi: Sald\u016bs, prinok\u0119 bra\u0161ki\u0173 atspalviai harmonizuojasi su r\u016bg\u0161\u010diais kivi aromatais. \u0160i formulacija remiasi specifiniais esterini\u0173 jungini\u0173 kompleksais, kad sukurt\u0173 gyvybing\u0105, subalansuot\u0105 profil\u012f su ry\u0161kiu fini\u0161u.<\/li>\n<li style=\"margin-bottom: 15px\">Bra\u0161ki\u0173 Mango: Tropin\u0117 sintez\u0117, jungianti bra\u0161ki\u0173 esencij\u0105 su saul\u0117je nokintu mangu. Saldumo ir lengvo r\u016bg\u0161tumo pusiausvyra suteikia turting\u0105, sud\u0117ting\u0105 poj\u016bt\u012f burnoje.<\/li>\n<li style=\"margin-bottom: 15px\">Red Bull: Sukurtas atkurti ikoninio energetinio g\u0117rimo specifinius uosmens ir skonio niuansus. Jis perteikia dr\u0105si\u0105 saldum\u0105 su subtiliu, a\u0161triu citrusiniu poskoniu, suteikian\u010diu aktyv\u0173 poj\u016bt\u012f.<\/li>\n<li style=\"margin-bottom: 15px\">Triple uog\u0173: Sinerginis m\u0117lyni\u0173, avie\u010di\u0173 ir \u0161ilkini\u0173 uog\u0173 nat\u0173 mi\u0161inys. \u0160is profilis tryk\u0161ta r\u016bg\u0161\u010diais ir sald\u017eiais matmenimis, naudojant daugyb\u0119 uog\u0173 esencij\u0173, kad b\u016bt\u0173 sukurta gylis.<\/li>\n<li style=\"margin-bottom: 15px\">Bra\u0161ki\u0173 Arb\u016bzas: Sald\u016bs bra\u0161ki\u0173 junginiai ir gaivus arb\u016bzas susijungia \u012f harmoning\u0105 simfonij\u0105. Formuluot\u0117 yra sukalibruota taip, kad b\u016bt\u0173 pakankamai lengva naudoti vis\u0105 dien\u0105, i\u0161laikant strukt\u016brin\u012f vientisum\u0105 laikui b\u0117gant.<\/li>\n<li style=\"margin-bottom: 15px\">Bra\u0161ki\u0173 ledas: Bra\u0161ki\u0173 aromatai u\u017eima pagrindin\u0119 viet\u0105, juos papildo lygi, kruop\u0161\u010diai sukalibruota v\u0117sinanti nata. Mentolio darinys suteikia tra\u0161ki\u0105 tekst\u016br\u0105, nemaskuodamas pagrindini\u0173 vaisi\u0173 nat\u0173.<\/li>\n<li style=\"margin-bottom: 15px\">M\u0117lyni\u0173 ledai: Putni\u0173 m\u0117lyni\u0173 esencija yra derinama su ry\u0161kiu \u0161al\u010diu. \u0160is profilis si\u016blo tvirt\u0105, nostalgij\u0105 kelian\u010di\u0105 skon\u012f kartu su gaivinan\u010diu poskoniu.<\/li>\n<li style=\"margin-bottom: 15px\">M\u0117lyni\u0173 aviet\u0117: Dinami\u0161ka duetas, balansuojantis gilesnius m\u0117lyni\u0173 tonus su a\u0161triu, r\u016bg\u0161\u010diu aviet\u0117s kra\u0161tu. Tai sukuria daugiapakop\u012f poj\u016b\u010di\u0173 patyrim\u0105 sud\u0117tingiems gomuriams.<\/li>\n<li style=\"margin-bottom: 15px\">Bra\u0161ki\u0173 ir banano: Kremin\u0117s banano natos ir sald\u017eios bra\u0161k\u0117s susijungia \u012f lygi\u0105, deserti\u0161kai orientuot\u0105 kompozicij\u0105. Formuliacija naudoja izoamilo acetat\u0105, kad b\u016bt\u0173 pasiektas autenti\u0161kas banano aromatas.<\/li>\n<li style=\"margin-bottom: 15px\">Love66: Labai sud\u0117tingas, g\u0117li\u0173 atspalvi\u0173 mi\u0161inys, kuriame yra u\u017euomin\u0173 apie persik\u0105 ir li\u010diai. Sukurta pa\u017eengusiam gomuriui, \u0161is profilis i\u0161eina u\u017e standartini\u0173 kategorini\u0173 rib\u0173.<\/li>\n<li style=\"margin-bottom: 15px\">Ananas\u0173 kokosas: \u012etraukiantis atogr\u0105\u017einis mi\u0161inys, jungiantis r\u016bg\u0161t\u0173 ananas\u0105 ir sodrias kokoso natas. Aromatine strukt\u016bra si\u016blo i\u0161p\u016bsta skon\u012f, primenant\u012f \u0161ilt\u0105 pakran\u010di\u0173 aplink\u0105.<\/li>\n<\/ol>\n<hr style=\"border: 0;height: 1px;background-color: #e2e8f0;margin: 30px 0\" \/>\n<h2 style=\"color: #1a365d;border-bottom: 2px solid #e2e8f0;padding-bottom: 10px\">Rinkos institucija ir didmenin\u0117 logistika<\/h2>\n<p style=\"text-align: justify\">S\u0117kmingas veikimas Europos aparat\u016bros sektoriuje reikalauja laikytis grie\u017et\u0173 atitikties ir logistikos standart\u0173. \u012esigyjant vienkartinius garintuvus, ma\u017emeniniai partneriai reikalauja patikim\u0173 tiekimo grandini\u0173. \u201eVapeXYZ\u201c m\u016bs\u0173 veiklos modelis u\u017etikrina didel\u012f pasitik\u0117jim\u0105 skaidriais B2B protokolais:<\/p>\n<ul style=\"padding-left: 20px;text-align: justify\">\n<li style=\"margin-bottom: 12px\">Patikrinamas Autenti\u0161kumas ir Atitiktis: Visos \u012frengini\u0173, \u012fskaitant BANG DSK026, yra perkamos tiesiogiai i\u0161 gamykloje. Mes grie\u017etai stebime, kaip gamintojai laikosi ES direktyv\u0173 ir RoHS (Pavojing\u0173 med\u017eiag\u0173 apribojimo) standart\u0173. Vidin\u0117s 850mAh l\u0105stel\u0117s atitinka UN38.3 transportavimo saugos reglamentus, u\u017etikrinant saug\u0173 per sien\u0173 logistik\u0105.<\/li>\n<li style=\"margin-bottom: 12px\">Optimizuota didmenin\u0117 ekonomika: supaprastindami savo pirkimo kanalus, pa\u0161aliname tretinius antkainius. Si\u016blome strukt\u016bruotus laipsni\u0161kus kain\u0173 nustatymus, pritaikytus prie operacij\u0173, kuri\u0173 mastelis svyruoja nuo standartini\u0173 10 vienet\u0173 ma\u017emenini\u0173 atsarg\u0173 papildym\u0173 iki dideli\u0173 160 d\u0117\u017ei\u0173 pad\u0117kl\u0173 paskirstym\u0173 (vidutinis 21,8 kg bruto svoris vienoje d\u0117\u017e\u0117je).<\/li>\n<li style=\"margin-bottom: 12px\">U\u017etikrinti logistiniai tinklai: Mes naudojame ISO sertifikuotus krovini\u0173 partnerius draud\u017eiamam, stebimam siuntimui visoje ES. Siuntos yra tiksliai parengiamos muitin\u0117s dokumentacijai, tod\u0117l vidutinis Vakar\u0173 Europos tranzito laikas yra 3-5 darbo dienos.<\/li>\n<li style=\"margin-bottom: 12px\">Korporacin\u0117 finansin\u0117 infrastrukt\u016bra: M\u016bs\u0173 mok\u0117jimo \u0161liuzai yra pritaikyti prie Europos korporatyvin\u0117s bankininkyst\u0117s strukt\u016br\u0173, integruojant saug\u0173 apdorojim\u0105 per SEPA pervedimus, iDEAL (Nyderlandai), Bancontact (Belgija), kartu su standartin\u0117mis kredito priemon\u0117mis ir PayPal.<\/li>\n<\/ul>\n<hr style=\"border: 0;height: 1px;background-color: #e2e8f0;margin: 30px 0\" \/>\n<h2 style=\"color: #1a365d;border-bottom: 2px solid #e2e8f0;padding-bottom: 10px\">Da\u017eniausiai u\u017eduodami klausimai (Pagrindiniai punktai)<\/h2>\n<div style=\"border: 1px solid #e2e8f0;margin-bottom: 15px;padding: 20px;border-radius: 8px;background-color: #ffffff\">\n<h3 style=\"color: #2d3748;margin-top: 0;font-size: 1.1em\">Kokios saugos sertifikacijos yra kartu su BANG DSK026?<\/h3>\n<p style=\"margin-bottom: 0;color: #4a5568;text-align: justify\">\u012erenginiai gaminami ISO sertifikuotose gamyklose, o vidiniai komponentai atitinka tarptautinius CE ir RoHS standartus. Litis-ionin\u0117 baterija turi UN38.3 sertifikat\u0105, kuris garantuoja, kad baterija i\u0161laik\u0117 grie\u017etus auk\u0161\u010dio, temperat\u016bros ir vibracijos bandymus, u\u017etikrinan\u010dius saug\u0173 transportavim\u0105 ir naudojim\u0105.<\/p>\n<\/div>\n<div style=\"border: 1px solid #e2e8f0;margin-bottom: 15px;padding: 20px;border-radius: 8px;background-color: #ffffff\">\n<h3 style=\"color: #2d3748;margin-top: 0;font-size: 1.1em\">Kaip 36 000 i\u0161pu\u010di\u0173 \u012fvertinimas i\u0161ver\u010diamas \u012f real\u0173 pasaul\u012f?<\/h3>\n<p style=\"margin-bottom: 0;color: #4a5568;text-align: justify\">36 000 \u201epuff\u201c metrika yra empirinis skai\u010diavimas, pagr\u012fstas ma\u0161ininio bandymo traukimo trukme - 1,5 sekund\u0117s. Realus tarnavimo laikas skirsis priklausomai nuo individualaus vartotojo traukimo trukm\u0117s ir aplinkos eksploatavimo temperat\u016bros, ta\u010diau prietaisas yra sukurtas taip, kad \u017eymiai vir\u0161yt\u0173 standartin\u0117s talpos ne\u0161iojam\u0173 \u012frengini\u0173 resursus.<\/p>\n<\/div>\n<div style=\"border: 1px solid #e2e8f0;margin-bottom: 15px;padding: 20px;border-radius: 8px;background-color: #ffffff\">\n<h3 style=\"color: #2d3748;margin-top: 0;font-size: 1.1em\">Ar Type-C \u012fkrovimo prievadas optimizuotas standartiniams sieniniams adapteriams?<\/h3>\n<p style=\"margin-bottom: 0;color: #4a5568;text-align: justify\">Taip, integruota \u012fkrovimo grandin\u0117 reguliuoja \u012feinan\u010di\u0105 gali\u0105. Ta\u010diau norint maksimaliai pailginti li\u010dio jon\u0173 elemento tarnavimo laik\u0105, rekomenduojama naudoti standartinius 5V\/1A arba 5V\/2A \u012fkrovimo blokus, o ne auk\u0161tos \u012ftampos greitus \u012fkroviklius, skirtus ne\u0161iojamiesiems kompiuteriams ar sunkiai elektronikai.<\/p>\n<\/div>\n<hr style=\"border: 0;height: 1px;background-color: #e2e8f0;margin: 30px 0\" \/>\n<h2 style=\"color: #1a365d;border-bottom: 2px solid #e2e8f0;padding-bottom: 10px\">Strateginis i\u0161tekli\u0173 \u012fsigijimas naudojant BANG DSK026<\/h2>\n<p style=\"text-align: justify\">\u012etraukiant BANG DSK026 \u012f komercin\u012f katalog\u0105, i\u0161 karto gaunami konstrukciniai prana\u0161umai. Didel\u0117 jos aktyvavimo talpa, kruop\u0161\u010diai i\u0161bandytas tinklelio \u0161ildymo \u0161erdis ir grie\u017etai kontroliuojamos jutimo formul\u0117s daro j\u0105 pagrindiniu \u0161iuolaikini\u0173 platintoj\u0173 turtu. \u201eVapeXYZ\u201c mes deriname technin\u0117s \u012frangos tobulum\u0105 su audituotomis tiekimo grandin\u0117mis, kad m\u016bs\u0173 partneriams u\u017etikrintume neprilygstam\u0105 patikimum\u0105.<\/p>\n<p style=\"text-align: justify;margin-bottom: 30px\">Nor\u0117dami prad\u0117ti tiekimo sutart\u012f arba \u012fvertinti techninius duomen\u0173 lapus, \u0161iandien apsilankykite vapexyz.com. U\u017etikrinkite savo didmenin\u012f inventori\u0173 ir optimizuokite savo operacin\u0119 \u012frang\u0105 su patikimu logistikos partneriu.<\/p>\n<div style=\"text-align: center;margin-top: 20px\"><img loading=\"lazy\" decoding=\"async\" class=\"alignnone size-large wp-image-47116\" style=\"max-width: 100%;height: auto;border-radius: 8px\" src=\"https:\/\/vapexyz.com\/wp-content\/uploads\/2025\/05\/BANG-DSK026-Disposable-Vape-36000-Puffs-Wholesale-Retail-Available-1-1024x479.webp\" alt=\"BANG DSK026 I\u0161laid\u0173 Garintuvas 36000 \u012ekv\u0117pim\u0173 Didmenin\u0117 ir Ma\u017emenin\u0117 Prekyba Yra Profesionalus Garintuv\u0173 Platintojas Europoje\" width=\"1024\" height=\"479\" title=\"\" srcset=\"https:\/\/vapexyz.com\/wp-content\/uploads\/2025\/05\/BANG-DSK026-Disposable-Vape-36000-Puffs-Wholesale-Retail-Available-1-1024x479.webp 1024w, https:\/\/vapexyz.com\/wp-content\/uploads\/2025\/05\/BANG-DSK026-Disposable-Vape-36000-Puffs-Wholesale-Retail-Available-1-500x234.webp 500w, https:\/\/vapexyz.com\/wp-content\/uploads\/2025\/05\/BANG-DSK026-Disposable-Vape-36000-Puffs-Wholesale-Retail-Available-1-768x359.webp 768w, https:\/\/vapexyz.com\/wp-content\/uploads\/2025\/05\/BANG-DSK026-Disposable-Vape-36000-Puffs-Wholesale-Retail-Available-1-1536x718.webp 1536w, https:\/\/vapexyz.com\/wp-content\/uploads\/2025\/05\/BANG-DSK026-Disposable-Vape-36000-Puffs-Wholesale-Retail-Available-1-2048x958.webp 2048w, https:\/\/vapexyz.com\/wp-content\/uploads\/2025\/05\/BANG-DSK026-Disposable-Vape-36000-Puffs-Wholesale-Retail-Available-1-18x8.webp 18w, https:\/\/vapexyz.com\/wp-content\/uploads\/2025\/05\/BANG-DSK026-Disposable-Vape-36000-Puffs-Wholesale-Retail-Available-1-510x238.webp 510w\" sizes=\"auto, (max-width: 1024px) 100vw, 1024px\" \/><\/div>\n<\/article>","protected":false},"excerpt":{"rendered":"<p>BANG DSK026 36000 Puffs \u2013 pasi\u017eymintis pramon\u0117je pirmaujan\u010diais 36 000 \u012fkv\u0117pim\u0173, dvigubu 30ml\/10ml t\u016briu, 850mAh Type-C \u012fkraunama baterija, 1,0 om\u0173 tinklelio spirale u\u017e skland\u0173 skon\u012f, ergonominiu dizainu ir 12 auk\u0161\u010diausios kokyb\u0117s skonio profili\u0173 \u2013 i\u0161 naujo apibr\u0117\u017eia garinimo ilgaam\u017ei\u0161kum\u0105 ir na\u0161um\u0105 tiek atsitiktiniams vartotojams, tiek komerciniams klientams.<\/p>","protected":false},"featured_media":48725,"comment_status":"open","ping_status":"closed","template":"","meta":{"_lmt_disableupdate":"no","_lmt_disable":""},"product_brand":[],"product_cat":[821,1059,947,935,934,927,929,928,930,933,939,932,938,931,936,937,1017,949,946,951,953,987],"product_tag":[],"class_list":{"0":"post-47042","1":"product","2":"type-product","3":"status-publish","4":"has-post-thumbnail","6":"product_cat-bang","7":"product_cat-36000-puff-vapes","8":"product_cat-big-puffs-vapes","9":"product_cat-bulk-buy-disposable-vapes-in-austria","10":"product_cat-bulk-buy-disposable-vapes-in-belgium","11":"product_cat-bulk-buy-disposable-vapes-in-europe","12":"product_cat-bulk-buy-disposable-vapes-in-france","13":"product_cat-bulk-buy-disposable-vapes-in-germany","14":"product_cat-bulk-buy-disposable-vapes-in-italy","15":"product_cat-bulk-buy-disposable-vapes-in-netherlands","16":"product_cat-bulk-buy-disposable-vapes-in-norway","17":"product_cat-bulk-buy-disposable-vapes-in-poland","18":"product_cat-bulk-buy-disposable-vapes-in-portugal","19":"product_cat-bulk-buy-disposable-vapes-in-spain","20":"product_cat-bulk-buy-disposable-vapes-in-sweden","21":"product_cat-bulk-buy-disposable-vapes-in-switzerland","22":"product_cat-buy-best-disposable-vape-flavors","23":"product_cat-digital-box-vapes","24":"product_cat-disposable-vapes-series","25":"product_cat-lower-nicotine-vapes","26":"product_cat-rechargeable-vapes","27":"product_cat-vape-shop-by-puffs","29":"first","30":"instock","31":"shipping-taxable","32":"purchasable","33":"product-type-variable","34":"has-default-attributes"},"jetpack_sharing_enabled":true,"tiered_pricing_type":"fixed","tiered_pricing_fixed_rules":[],"tiered_pricing_product_settings":{"layout":"default","base_unit_name":{"singular":null,"plural":null},"default_variation":null},"tiered_pricing_minimum_quantity":null,"tiered_pricing_roles_data":[],"tiered_pricing_percentage_rules":[],"tiered_pricing_maximum_quantity":null,"tiered_pricing_quantity_step":null,"_links":{"self":[{"href":"https:\/\/vapexyz.com\/lt\/wp-json\/wp\/v2\/product\/47042","targetHints":{"allow":["GET"]}}],"collection":[{"href":"https:\/\/vapexyz.com\/lt\/wp-json\/wp\/v2\/product"}],"about":[{"href":"https:\/\/vapexyz.com\/lt\/wp-json\/wp\/v2\/types\/product"}],"replies":[{"embeddable":true,"href":"https:\/\/vapexyz.com\/lt\/wp-json\/wp\/v2\/comments?post=47042"}],"wp:featuredmedia":[{"embeddable":true,"href":"https:\/\/vapexyz.com\/lt\/wp-json\/wp\/v2\/media\/48725"}],"wp:attachment":[{"href":"https:\/\/vapexyz.com\/lt\/wp-json\/wp\/v2\/media?parent=47042"}],"wp:term":[{"taxonomy":"product_brand","embeddable":true,"href":"https:\/\/vapexyz.com\/lt\/wp-json\/wp\/v2\/product_brand?post=47042"},{"taxonomy":"product_cat","embeddable":true,"href":"https:\/\/vapexyz.com\/lt\/wp-json\/wp\/v2\/product_cat?post=47042"},{"taxonomy":"product_tag","embeddable":true,"href":"https:\/\/vapexyz.com\/lt\/wp-json\/wp\/v2\/product_tag?post=47042"}],"curies":[{"name":"wp","href":"https:\/\/api.w.org\/{rel}","templated":true}]}}