{"id":45835,"date":"2025-05-08T08:20:11","date_gmt":"2025-05-08T08:20:11","guid":{"rendered":"https:\/\/vapexyz.com\/?post_type=product&#038;p=45835"},"modified":"2026-03-05T03:55:25","modified_gmt":"2026-03-05T03:55:25","slug":"vapsolo-king-pro-40000-puffs-skaitmeninis-ekranas-2-5-mazas-nikotino-originalus-gamyklos-biriu-masiu-pirkimas-ikraunamas-vienkartinis-vapes-pen-didmenine-prekyba","status":"publish","type":"product","link":"https:\/\/vapexyz.com\/lt\/product\/vapsolo-king-pro-40000-puffs-digital-screen-2-5-low-nicotine-original-factory-bulk-buy-rechargeable-disposable-vapes-pen-wholesale\/","title":{"rendered":"VAPSOLO King Pro 40000 P\u016bk\u0173 Vienkartiniai Garintuvai"},"content":{"rendered":"<h2 class=\"mb-2 mt-4 font-display font-semimedium text-base first:mt-0\">Looking for the VapSolo King Pro 40000 Puffs? Discover a Superior Alternative: The BANG TORANADO 40000 Puffs<\/h2>\n<p class=\"my-2 [&amp;+p]:mt-4 [&amp;_strong:has(+br)]:inline-block [&amp;_strong:has(+br)]:pb-2\">We&#8217;ve noticed you&#8217;re searching for the\u00a0VapSolo King Pro 40000 Puffs. We want to be transparent with our valued customers: due to a significant number of customer complaints and our commitment to offering only the best-performing products, we have decided to discontinue the VapSolo King Pro.<\/p>\n<p class=\"my-2 [&amp;+p]:mt-4 [&amp;_strong:has(+br)]:inline-block [&amp;_strong:has(+br)]:pb-2\">But don&#8217;t worry, we have an even better option for you! We are excited to introduce the\u00a0BANG TORANADO 40000 Puffs\u2014a premium disposable vape engineered to deliver a more reliable, flavorful, and satisfying experience. It&#8217;s the perfect upgrade, designed to redefine excellence in the disposable vape market.<\/p>\n<h2 class=\"mb-2 mt-4 font-display font-semimedium text-base first:mt-0\">VapSolo King Pro vs. BANG TORANADO: A Head-to-Head Comparison<\/h2>\n<p class=\"my-2 [&amp;+p]:mt-4 [&amp;_strong:has(+br)]:inline-block [&amp;_strong:has(+br)]:pb-2\">To help you see why we&#8217;re so confident in our recommendation, let&#8217;s compare the discontinued\u00a0VapSolo King Pro 40000 Puffs\u00a0with the new and improved\u00a0BANG TORANADO 40000 Puffs. While some features of the VapSolo King Pro, like its display screen, were innovative, the BANG TORANADO focuses on core performance, reliability, and variety\u2014the elements that create a truly exceptional vaping experience.<\/p>\n<div class=\"group relative\">\n<div class=\"w-full overflow-x-auto md:max-w-[90vw] border-subtlest ring-subtlest divide-subtlest bg-transparent\">\n<table class=\"border-subtler my-[1em] w-full table-auto border-separate border-spacing-0 border-l border-t\">\n<thead class=\"bg-offset\">\n<tr>\n<th class=\"border-subtler p-sm break-normal border-b border-r text-left align-top\">Feature<\/th>\n<th class=\"border-subtler p-sm break-normal border-b border-r text-left align-top\">VapSolo King Pro 40000 Puffs (Discontinued)<\/th>\n<th class=\"border-subtler p-sm break-normal border-b border-r text-left align-top\">BANG TORANADO 40000 Puffs (Recommended)<\/th>\n<\/tr>\n<\/thead>\n<tbody>\n<tr>\n<td class=\"px-sm border-subtler min-w-[48px] break-normal border-b border-r\">Puff Count<\/td>\n<td class=\"px-sm border-subtler min-w-[48px] break-normal border-b border-r\">40,000<\/td>\n<td class=\"px-sm border-subtler min-w-[48px] break-normal border-b border-r\">40,000<\/td>\n<\/tr>\n<tr>\n<td class=\"px-sm border-subtler min-w-[48px] break-normal border-b border-r\">E-Liquid Capacity<\/td>\n<td class=\"px-sm border-subtler min-w-[48px] break-normal border-b border-r\">40ml<\/td>\n<td class=\"px-sm border-subtler min-w-[48px] break-normal border-b border-r\">40ml<\/td>\n<\/tr>\n<tr>\n<td class=\"px-sm border-subtler min-w-[48px] break-normal border-b border-r\">Battery<\/td>\n<td class=\"px-sm border-subtler min-w-[48px] break-normal border-b border-r\">650mAh<\/td>\n<td class=\"px-sm border-subtler min-w-[48px] break-normal border-b border-r\">850mAh (30% More Capacity)<\/td>\n<\/tr>\n<tr>\n<td class=\"px-sm border-subtler min-w-[48px] break-normal border-b border-r\">Coil Type<\/td>\n<td class=\"px-sm border-subtler min-w-[48px] break-normal border-b border-r\">1.0\u03a9 Mesh Coil<\/td>\n<td class=\"px-sm border-subtler min-w-[48px] break-normal border-b border-r\">1.2\u03a9 Mesh Coil (For smooth, dense vapor)<\/td>\n<\/tr>\n<tr>\n<td class=\"px-sm border-subtler min-w-[48px] break-normal border-b border-r\">Nicotine Options<\/td>\n<td class=\"px-sm border-subtler min-w-[48px] break-normal border-b border-r\">2%, 5%<\/td>\n<td class=\"px-sm border-subtler min-w-[48px] break-normal border-b border-r\">0%, 2%, 3%, 5% (Greater Choice)<\/td>\n<\/tr>\n<tr>\n<td class=\"px-sm border-subtler min-w-[48px] break-normal border-b border-r\">Flavor Variety<\/td>\n<td class=\"px-sm border-subtler min-w-[48px] break-normal border-b border-r\">10 Flavors<\/td>\n<td class=\"px-sm border-subtler min-w-[48px] break-normal border-b border-r\">12 Irresistible Flavors (Wider Selection)<\/td>\n<\/tr>\n<tr>\n<td class=\"px-sm border-subtler min-w-[48px] break-normal border-b border-r\">Key Advantage<\/td>\n<td class=\"px-sm border-subtler min-w-[48px] break-normal border-b border-r\">Display Screen &amp; Adjustable Airflow<\/td>\n<td class=\"px-sm border-subtler min-w-[48px] break-normal border-b border-r\">Superior Battery Life &amp; Broader Flavor\/Nicotine Options<\/td>\n<\/tr>\n<\/tbody>\n<\/table>\n<\/div>\n<div class=\"px-two bg-base border-subtler shadow-subtle pointer-coarse:opacity-100 right-xs absolute bottom-0 flex gap-2 rounded-lg border py-px opacity-0 transition-opacity group-hover:opacity-100\">\n<div><\/div>\n<\/div>\n<\/div>\n<h2 class=\"mb-2 mt-4 font-display font-semimedium text-base first:mt-0\">Why the <a href=\"https:\/\/vapexyz.com\/product\/bang-40000-puffs-dsk031-b40k-lcd-screen-low-nicotine-original-factory-bulk-buy-rechargeable-disposable-vapes-pen-wholesale\/\">BANG TORANADO 40000 Puffs<\/a> is the Better Choice<\/h2>\n<p class=\"my-2 [&amp;+p]:mt-4 [&amp;_strong:has(+br)]:inline-block [&amp;_strong:has(+br)]:pb-2\">While both devices offer a massive 40,000 puffs, the\u00a0BANG TORANADO 40000 Puffs\u00a0excels in the areas that matter most for a consistent and enjoyable experience:<\/p>\n<ul class=\"marker:text-quiet list-disc\">\n<li class=\"py-0 my-0 prose-p:pt-0 prose-p:mb-2 prose-p:my-0 [&amp;&gt;p]:pt-0 [&amp;&gt;p]:mb-2 [&amp;&gt;p]:my-0\">\n<p class=\"my-2 [&amp;+p]:mt-4 [&amp;_strong:has(+br)]:inline-block [&amp;_strong:has(+br)]:pb-2\">Unmatched Battery Performance: The BANG TORANADO is equipped with a powerful\u00a0850mAh battery, a significant upgrade over the VapSolo&#8217;s 650mAh battery. This means more usage time between charges and, more importantly, consistent power delivery that maintains flavor and vapor quality from the first puff to the last.<\/p>\n<\/li>\n<li class=\"py-0 my-0 prose-p:pt-0 prose-p:mb-2 prose-p:my-0 [&amp;&gt;p]:pt-0 [&amp;&gt;p]:mb-2 [&amp;&gt;p]:my-0\">\n<p class=\"my-2 [&amp;+p]:mt-4 [&amp;_strong:has(+br)]:inline-block [&amp;_strong:has(+br)]:pb-2\">Greater Freedom of Choice: With four nicotine strengths (0%, 2%, 3%, and 5%), the BANG TORANADO caters to every type of user, from those seeking a nicotine-free experience to those desiring a strong, satisfying hit.<\/p>\n<\/li>\n<li class=\"py-0 my-0 prose-p:pt-0 prose-p:mb-2 prose-p:my-0 [&amp;&gt;p]:pt-0 [&amp;&gt;p]:mb-2 [&amp;&gt;p]:my-0\">\n<p class=\"my-2 [&amp;+p]:mt-4 [&amp;_strong:has(+br)]:inline-block [&amp;_strong:has(+br)]:pb-2\">A World of Flavor: Explore a more diverse and meticulously crafted selection of\u00a012 exquisite flavors. The 1.2-ohm mesh coil is engineered to preserve the integrity of each unique profile, delivering smooth, dense clouds with every puff.<\/p>\n<\/li>\n<\/ul>\n<h2 class=\"mb-2 mt-4 font-display font-semimedium text-base first:mt-0\">Discover Your New Favorite Flavor with BANG TORANADO<\/h2>\n<p class=\"my-2 [&amp;+p]:mt-4 [&amp;_strong:has(+br)]:inline-block [&amp;_strong:has(+br)]:pb-2\">The true magic of the B40K lies in its 12 masterfully crafted flavors. There\u2019s a profile to delight every palate:<\/p>\n<ul class=\"marker:text-quiet list-disc\">\n<li class=\"py-0 my-0 prose-p:pt-0 prose-p:mb-2 prose-p:my-0 [&amp;&gt;p]:pt-0 [&amp;&gt;p]:mb-2 [&amp;&gt;p]:my-0\">\n<p class=\"my-2 [&amp;+p]:mt-4 [&amp;_strong:has(+br)]:inline-block [&amp;_strong:has(+br)]:pb-2\">Watermelon<\/p>\n<\/li>\n<li class=\"py-0 my-0 prose-p:pt-0 prose-p:mb-2 prose-p:my-0 [&amp;&gt;p]:pt-0 [&amp;&gt;p]:mb-2 [&amp;&gt;p]:my-0\">\n<p class=\"my-2 [&amp;+p]:mt-4 [&amp;_strong:has(+br)]:inline-block [&amp;_strong:has(+br)]:pb-2\">Strawberry Watermelon<\/p>\n<\/li>\n<li class=\"py-0 my-0 prose-p:pt-0 prose-p:mb-2 prose-p:my-0 [&amp;&gt;p]:pt-0 [&amp;&gt;p]:mb-2 [&amp;&gt;p]:my-0\">\n<p class=\"my-2 [&amp;+p]:mt-4 [&amp;_strong:has(+br)]:inline-block [&amp;_strong:has(+br)]:pb-2\">Strawberry Kiwi<\/p>\n<\/li>\n<li class=\"py-0 my-0 prose-p:pt-0 prose-p:mb-2 prose-p:my-0 [&amp;&gt;p]:pt-0 [&amp;&gt;p]:mb-2 [&amp;&gt;p]:my-0\">\n<p class=\"my-2 [&amp;+p]:mt-4 [&amp;_strong:has(+br)]:inline-block [&amp;_strong:has(+br)]:pb-2\">Blueberry Raspberry<\/p>\n<\/li>\n<li class=\"py-0 my-0 prose-p:pt-0 prose-p:mb-2 prose-p:my-0 [&amp;&gt;p]:pt-0 [&amp;&gt;p]:mb-2 [&amp;&gt;p]:my-0\">\n<p class=\"my-2 [&amp;+p]:mt-4 [&amp;_strong:has(+br)]:inline-block [&amp;_strong:has(+br)]:pb-2\">Blueberry Grapes<\/p>\n<\/li>\n<li class=\"py-0 my-0 prose-p:pt-0 prose-p:mb-2 prose-p:my-0 [&amp;&gt;p]:pt-0 [&amp;&gt;p]:mb-2 [&amp;&gt;p]:my-0\">\n<p class=\"my-2 [&amp;+p]:mt-4 [&amp;_strong:has(+br)]:inline-block [&amp;_strong:has(+br)]:pb-2\">Energy Drink<\/p>\n<\/li>\n<li class=\"py-0 my-0 prose-p:pt-0 prose-p:mb-2 prose-p:my-0 [&amp;&gt;p]:pt-0 [&amp;&gt;p]:mb-2 [&amp;&gt;p]:my-0\">\n<p class=\"my-2 [&amp;+p]:mt-4 [&amp;_strong:has(+br)]:inline-block [&amp;_strong:has(+br)]:pb-2\">Double Apple<\/p>\n<\/li>\n<li class=\"py-0 my-0 prose-p:pt-0 prose-p:mb-2 prose-p:my-0 [&amp;&gt;p]:pt-0 [&amp;&gt;p]:mb-2 [&amp;&gt;p]:my-0\">\n<p class=\"my-2 [&amp;+p]:mt-4 [&amp;_strong:has(+br)]:inline-block [&amp;_strong:has(+br)]:pb-2\">Mango Peach<\/p>\n<\/li>\n<li class=\"py-0 my-0 prose-p:pt-0 prose-p:mb-2 prose-p:my-0 [&amp;&gt;p]:pt-0 [&amp;&gt;p]:mb-2 [&amp;&gt;p]:my-0\">\n<p class=\"my-2 [&amp;+p]:mt-4 [&amp;_strong:has(+br)]:inline-block [&amp;_strong:has(+br)]:pb-2\">Blueberry Lemon<\/p>\n<\/li>\n<li class=\"py-0 my-0 prose-p:pt-0 prose-p:mb-2 prose-p:my-0 [&amp;&gt;p]:pt-0 [&amp;&gt;p]:mb-2 [&amp;&gt;p]:my-0\">\n<p class=\"my-2 [&amp;+p]:mt-4 [&amp;_strong:has(+br)]:inline-block [&amp;_strong:has(+br)]:pb-2\">Peach Ice<\/p>\n<\/li>\n<li class=\"py-0 my-0 prose-p:pt-0 prose-p:mb-2 prose-p:my-0 [&amp;&gt;p]:pt-0 [&amp;&gt;p]:mb-2 [&amp;&gt;p]:my-0\">\n<p class=\"my-2 [&amp;+p]:mt-4 [&amp;_strong:has(+br)]:inline-block [&amp;_strong:has(+br)]:pb-2\">Love66<\/p>\n<\/li>\n<li class=\"py-0 my-0 prose-p:pt-0 prose-p:mb-2 prose-p:my-0 [&amp;&gt;p]:pt-0 [&amp;&gt;p]:mb-2 [&amp;&gt;p]:my-0\">\n<p class=\"my-2 [&amp;+p]:mt-4 [&amp;_strong:has(+br)]:inline-block [&amp;_strong:has(+br)]:pb-2\">Triple Berry<\/p>\n<\/li>\n<\/ul>\n<h2 class=\"mb-2 mt-4 font-display font-semimedium text-base first:mt-0\">Make the Upgrade Today<\/h2>\n<p class=\"my-2 [&amp;+p]:mt-4 [&amp;_strong:has(+br)]:inline-block [&amp;_strong:has(+br)]:pb-2\">While the\u00a0VapSolo King Pro 40000 Puffs\u00a0has been retired, the\u00a0BANG TORANADO 40000 Puffs\u00a0is here to take its place as the definitive choice for a long-lasting, high-performance disposable vape. We are confident that you will find it to be a superior replacement that exceeds your expectations in quality, reliability, and taste.<\/p>\n<p class=\"my-2 [&amp;+p]:mt-4 [&amp;_strong:has(+br)]:inline-block [&amp;_strong:has(+br)]:pb-2\">Choose the BANG TORANADO and experience the next level of disposable vape excellence.<\/p>\n","protected":false},"excerpt":{"rendered":"<div class=\"md__content\" data-v-6983a4af=\"\">\n    <div class=\"custom-product\" style=\"border: 1px solid #eee; text-align: center; max-width: 100%; margin: 0 auto; font-family: Arial, sans-serif; box-sizing: border-box;\">\n        <!-- Product image - full width -->\n        <a href=\"https:\/\/vapexyz.com\/lt\/product\/bang-40000-puffs-dsk031-b40k-lcd-screen-low-nicotine-original-factory-bulk-buy-rechargeable-disposable-vapes-pen-wholesale\/\" style=\"display: block; margin-bottom: 15px;\">\n            <img decoding=\"async\" src=\"https:\/\/vapexyz.com\/wp-content\/uploads\/2025\/06\/Wholesale-BANG-DSK031-B40K-40000-Puff-Disposable-Vape-0-2-3-5-N-3-1.webp\" alt=\"BANG TORANADO 40000 Puffs DSK031 (B40K) LCD Ekranai Didmenin\u0117 Prekyba \u012ekraunami Vienkartiniai Garintuvai Dideliuose Kiek\u010diuose\" style=\"width: 100%; height: auto; display: block;\">        <\/a>\n        \n        <!-- Product name -->\n        <h3 style=\"margin: 10px 0; font-size: 1.2em; line-height: 1.4; color: #333;\">\n            BANG TORANADO 40000 Puffs DSK031 (B40K) LCD Ekranai Didmenin\u0117 Prekyba \u012ekraunami Vienkartiniai Garintuvai Dideliuose Kiek\u010diuose        <\/h3>\n        \n        <!-- Product price -->\n        <div class=\"price\" style=\"color: #ff0000; font-weight: bold; font-size: 1.4em; margin: 10px 0;\">\n            \t\t<span class=\"tiered-pricing-dynamic-price-wrapper tiered-pricing-dynamic-price-wrapper--variable\"\n\t\t\t  data-display-context=\"shop-loop\"\n\t\t\t  data-price-type=\"dynamic\"\n\t\t\t  data-product-id=\"49254\"\n\t\t\t  data-parent-id=\"49254\">\n\t\t\t<span class=\"woocommerce-Price-amount amount\"><bdi><span class=\"woocommerce-Price-currencySymbol\">\u20ac<\/span>6.54<\/bdi><\/span><\/span>        <\/div>\n        \n        <!-- Product rating -->\n        <div class=\"rating\" style=\"margin: 15px 0; min-height: 25px;\">\n            <div class=\"star-rating\" role=\"img\" aria-label=\"Rated 5.00 out of 5\" data-no-translation-aria-label=\"\"><span style=\"width:100%\" data-no-translation=\"\" data-trp-gettext=\"\">Rated <strong class=\"rating\">5.00<\/strong> out of 5<\/span><\/div>        <\/div>\n        \n        <!-- Buy Now button -->\n        <div class=\"buy-now-button\" style=\"margin-top: 20px;\">\n            <a href=\"https:\/\/vapexyz.com\/lt\/product\/bang-40000-puffs-dsk031-b40k-lcd-screen-low-nicotine-original-factory-bulk-buy-rechargeable-disposable-vapes-pen-wholesale\/\" \n               class=\"buy-now-btn\" \n               style=\"display: inline-block; background-color: #4CAF50; color: white !important; padding: 12px 24px; text-align: center; text-decoration: none; font-weight: bold; border-radius: 4px; transition: all 0.3s; border: none; cursor: pointer; font-size: 1em;\">\n                Pirkite dabar            <\/a>\n        <\/div>\n    <\/div>\n    \n<\/div>","protected":false},"featured_media":45882,"comment_status":"open","ping_status":"closed","template":"","meta":{"_lmt_disableupdate":"no","_lmt_disable":""},"product_brand":[],"product_cat":[989,947,935,934,927,929,928,930,933,939,932,938,931,936,937,1017,949,946,951,953,987,926],"product_tag":[],"class_list":{"0":"post-45835","1":"product","2":"type-product","3":"status-publish","4":"has-post-thumbnail","6":"product_cat-40000-puff-vapes","7":"product_cat-big-puffs-vapes","8":"product_cat-bulk-buy-disposable-vapes-in-austria","9":"product_cat-bulk-buy-disposable-vapes-in-belgium","10":"product_cat-bulk-buy-disposable-vapes-in-europe","11":"product_cat-bulk-buy-disposable-vapes-in-france","12":"product_cat-bulk-buy-disposable-vapes-in-germany","13":"product_cat-bulk-buy-disposable-vapes-in-italy","14":"product_cat-bulk-buy-disposable-vapes-in-netherlands","15":"product_cat-bulk-buy-disposable-vapes-in-norway","16":"product_cat-bulk-buy-disposable-vapes-in-poland","17":"product_cat-bulk-buy-disposable-vapes-in-portugal","18":"product_cat-bulk-buy-disposable-vapes-in-spain","19":"product_cat-bulk-buy-disposable-vapes-in-sweden","20":"product_cat-bulk-buy-disposable-vapes-in-switzerland","21":"product_cat-buy-best-disposable-vape-flavors","22":"product_cat-digital-box-vapes","23":"product_cat-disposable-vapes-series","24":"product_cat-lower-nicotine-vapes","25":"product_cat-rechargeable-vapes","26":"product_cat-vape-shop-by-puffs","27":"product_cat-vapsolo","29":"first","30":"outofstock","31":"shipping-taxable","32":"purchasable","33":"product-type-variable","34":"has-default-attributes"},"jetpack_sharing_enabled":true,"tiered_pricing_type":"fixed","tiered_pricing_fixed_rules":[],"tiered_pricing_product_settings":{"layout":"default","base_unit_name":{"singular":null,"plural":null},"default_variation":null},"tiered_pricing_minimum_quantity":null,"tiered_pricing_roles_data":[],"tiered_pricing_percentage_rules":[],"tiered_pricing_maximum_quantity":null,"tiered_pricing_quantity_step":null,"_links":{"self":[{"href":"https:\/\/vapexyz.com\/lt\/wp-json\/wp\/v2\/product\/45835","targetHints":{"allow":["GET"]}}],"collection":[{"href":"https:\/\/vapexyz.com\/lt\/wp-json\/wp\/v2\/product"}],"about":[{"href":"https:\/\/vapexyz.com\/lt\/wp-json\/wp\/v2\/types\/product"}],"replies":[{"embeddable":true,"href":"https:\/\/vapexyz.com\/lt\/wp-json\/wp\/v2\/comments?post=45835"}],"wp:featuredmedia":[{"embeddable":true,"href":"https:\/\/vapexyz.com\/lt\/wp-json\/wp\/v2\/media\/45882"}],"wp:attachment":[{"href":"https:\/\/vapexyz.com\/lt\/wp-json\/wp\/v2\/media?parent=45835"}],"wp:term":[{"taxonomy":"product_brand","embeddable":true,"href":"https:\/\/vapexyz.com\/lt\/wp-json\/wp\/v2\/product_brand?post=45835"},{"taxonomy":"product_cat","embeddable":true,"href":"https:\/\/vapexyz.com\/lt\/wp-json\/wp\/v2\/product_cat?post=45835"},{"taxonomy":"product_tag","embeddable":true,"href":"https:\/\/vapexyz.com\/lt\/wp-json\/wp\/v2\/product_tag?post=45835"}],"curies":[{"name":"wp","href":"https:\/\/api.w.org\/{rel}","templated":true}]}}