{"id":44576,"date":"2025-02-21T08:47:43","date_gmt":"2025-02-21T08:47:43","guid":{"rendered":"https:\/\/vapexyz.com\/?post_type=product&#038;p=44576"},"modified":"2026-03-06T08:53:49","modified_gmt":"2026-03-06T08:53:49","slug":"uwin-twins-crystal-40000-puffs-dvigubo-skonio-0-2-3-5-mazai-nikotino-originalus-gamyklos-urmu-pirkti-ikraunamas-vienkartinis-vapes-rasiklis-didmenine-prekyba","status":"publish","type":"product","link":"https:\/\/vapexyz.com\/lt\/product\/uwin-twins-crystal-40000-puffs-double-flavor-0-2-3-5-low-nicotine-original-factory-bulk-buy-rechargeable-disposable-vapes-pen-wholesale\/","title":{"rendered":"UWIN RANDM Dvyniai Kristalas 40000 \u012ekv\u0117pim\u0173 Dvigubi Skoniai Masiniai Pirkimai \u012ekraunami Vienkartiniai Garintuvai Didmenin\u0117 Prekyba"},"content":{"rendered":"<article style=\"font-family: 'Segoe UI', Tahoma, Geneva, Verdana, sans-serif;line-height: 1.6;color: #333;max-width: 100%;margin: 0 auto;padding: 20px\">\n<h2 style=\"color: #2c3e50;border-bottom: 2px solid #3498db;padding-bottom: 10px;margin-top: 40px\">In\u017einerijos tobulumas: I\u0161samus UWIN RANDM Twins Crystal 40000 Puffs analiz\u0117<\/h2>\n<p>Sveiki atvyk\u0119 \u012f VapeXYZ, j\u016bs\u0173 pagrindin\u012f \u012fmoni\u0173 lygio platinimo centr\u0105 pa\u017eangiems garinimo \u012frankiams. Remdamiesi daugiau nei a\u0161tuoneri\u0173 met\u0173 patirtimi tiekimo grandin\u0117s valdymo ir pramon\u0117s srityje, mes specializuojam\u0117s auk\u0161\u010diausios klas\u0117s vienkartini\u0173 garintuv\u0173 tiekime ir platinime visame pasauliniame rinkoje. \u0160iandien pristatome i\u0161sami\u0105 technin\u0119 ap\u017evalg\u0105 revoliucinio \u012frenginio, kuris nustato naujus standartus didel\u0117s talpos aparat\u016bros sektoriuje: UWIN RANDM Twins Crystal 40000 Puffs.<\/p>\n<p>Vertinant didelio na\u0161umo vienkartinius garintuvus, \u0161iuolaikiniai vartotojai ir ma\u017emeniniai platintojai reikalauja daugiau nei tik estetinio patrauklumo. Jie reikalauja empirinio patikimumo, grie\u017etai i\u0161bandyt\u0173 i\u0161\u0117jimo paj\u0117gum\u0173 ir skaidri\u0173 technini\u0173 specifikacij\u0173. \u201eUwin Twins Crystal\u201c yra sukurtas specialiai tam, kad atitikt\u0173 \u0161iuos reikalavimus, si\u016blant precedento neturint\u012f 40 000 aktyvavimo cikl\u0173 tarnavimo laik\u0105, pasiekt\u0105 tiksliais in\u017eineriniais sprendimais, optimaliu \u0161ilumos valdymu ir naujovi\u0161ka dviej\u0173 kamer\u0173 rezervuaro architekt\u016bra.<\/p>\n<h3 style=\"color: #2980b9;margin-top: 30px\">Technin\u0117s specifikacijos ir konstrukcinis vientisumas<\/h3>\n<p>Skirtingai nei \u012fprasti rinkos pasi\u016blymai, kurie remiasi pavir\u0161utini\u0161kais teiginiais, \u0161io \u012frenginio konstrukcija yra pagr\u012fsta patikrinama med\u017eiag\u0173 mokslo sritimi. Korpusas yra pagamintas i\u0161 auk\u0161tos kokyb\u0117s, atsparaus sm\u016bgiams polikarbonato (PC) ir maisto kokyb\u0117s PCTG polimer\u0173, u\u017etikrinant tiek patvarum\u0105, tiek vartotojo saugum\u0105. Viduje aparat\u016bra naudoja pa\u017eangi\u0105 dvigubo tinklelio rit\u0117s sistem\u0105. Naudojant kruop\u0161\u010diai kalibruot\u0105 atsparumo kartografij\u0105 (paprastai apie 1,0 iki 1,2 om\u0173), kaitinimo matrica u\u017etikrina nuosekl\u0173 vidinio tirpalo garavim\u0105, nesant prie\u0161laikinio anglies kaupimosi ar termin\u0117s degradacijos.<\/p>\n<table style=\"border-collapse: collapse;width: 100%;font-size: 16px;margin: 25px 0;border-radius: 8px;overflow: hidden\">\n<thead>\n<tr style=\"background-color: #3498db;color: #ffffff;text-align: left\">\n<th style=\"padding: 15px;border-bottom: 2px solid #2980b9\">Techninis parametras<\/th>\n<th style=\"padding: 15px;border-bottom: 2px solid #2980b9\">In\u017einerin\u0117 specifikacija<\/th>\n<th style=\"padding: 15px;border-bottom: 2px solid #2980b9\">Na\u0161umo poveikis<\/th>\n<\/tr>\n<\/thead>\n<tbody>\n<tr style=\"background-color: #f8f9fa\">\n<td style=\"padding: 15px;border-bottom: 1px solid #e9ecef\">Maksimalus aktyvavimo skai\u010dius<\/td>\n<td style=\"padding: 15px;border-bottom: 1px solid #e9ecef\">Iki 40 000 cikl\u0173<\/td>\n<td style=\"padding: 15px;border-bottom: 1px solid #e9ecef\">Pailgintas eksploatavimo laikas, ma\u017einantis keitimo da\u017enum\u0105.<\/td>\n<\/tr>\n<tr style=\"background-color: #ffffff\">\n<td style=\"padding: 15px;border-bottom: 1px solid #e9ecef\">Vidin\u0117 talpa<\/td>\n<td style=\"padding: 15px;border-bottom: 1px solid #e9ecef\">30 ml bendras rezervuaro t\u016bris<\/td>\n<td style=\"padding: 15px;border-bottom: 1px solid #e9ecef\">U\u017etikrina, kad sprendimas i\u0161likt\u0173 ilgesn\u012f nei pla\u010diai naudojamo akumuliatoriaus ciklo tarnavimo laik\u0105.<\/td>\n<\/tr>\n<tr style=\"background-color: #f8f9fa\">\n<td style=\"padding: 15px;border-bottom: 1px solid #e9ecef\">Maitinimo tiekimas<\/td>\n<td style=\"padding: 15px;border-bottom: 1px solid #e9ecef\">\u012ekraunama auk\u0161tos talpos baterija<\/td>\n<td style=\"padding: 15px;border-bottom: 1px solid #e9ecef\">Pastovus \u012ftampos i\u0161\u0117jimas u\u017etikrina nuosekli\u0105 gar\u0173 gamyb\u0105.<\/td>\n<\/tr>\n<tr style=\"background-color: #ffffff\">\n<td style=\"padding: 15px;border-bottom: 1px solid #e9ecef\">\u012ekrovimo s\u0105saja<\/td>\n<td style=\"padding: 15px;border-bottom: 1px solid #e9ecef\">USB Type-C (5V\/1A \u012fvestis)<\/td>\n<td style=\"padding: 15px;border-bottom: 1px solid #e9ecef\">Greitas energijos papildymas su standartiniais saugos protokolais.<\/td>\n<\/tr>\n<tr style=\"background-color: #f8f9fa\">\n<td style=\"padding: 15px;border-bottom: 1px solid #e9ecef\">Telemetrijos ekranas<\/td>\n<td style=\"padding: 15px;border-bottom: 1px solid #e9ecef\">Integruotas skaitmeninis LED ekranas<\/td>\n<td style=\"padding: 15px;border-bottom: 1px solid #e9ecef\">Reali\u0173 laiko steb\u0117jimas u\u017e energijos rezerv\u0173 ir i\u0161vesties b\u016bsen\u0105.<\/td>\n<\/tr>\n<tr style=\"background-color: #ffffff\">\n<td style=\"padding: 15px\">Koncentracijos variantai<\/td>\n<td style=\"padding: 15px\">0%, 2%, 3%, 5% parinktys<\/td>\n<td style=\"padding: 15px\">Lanks\u010dios potencijos pasirinkimai, atitinkantys \u012fvairius vartotoj\u0173 pageidavimus.<\/td>\n<\/tr>\n<\/tbody>\n<\/table>\n<h3 style=\"color: #2980b9;margin-top: 30px\">Empirinis patvirtinimas ir laboratorini\u0173 tyrim\u0173 metodologijos<\/h3>\n<p>40 000 aktyvacij\u0173 reikalavimas turi b\u016bti grie\u017etai empiri\u0161kai pagr\u012fstas. Pramon\u0117s standartin\u0117s laboratorin\u0117s aplinkos naudoja automatizuotus pneumatinius bandym\u0173 \u012frenginius, kad imituot\u0173 \u017emogaus \u012fkv\u0117pimo modelius. \u0160iuose kontroliuojamuose stalo bandymuose \u012frenginiai yra veikiami standartizuot\u0173 protokol\u0173 \u2013 paprastai susidedan\u010di\u0173 i\u0161 3 sekund\u017ei\u0173 trukm\u0117s \u012fkv\u0117pimo, po kurio seka 30 sekund\u017ei\u0173 trukm\u0117s poilsio faz\u0117. Tai leid\u017eia in\u017einieriams i\u0161matuoti ne tik aerozolizuoto tirpalo t\u016br\u012f, bet ir tinklelio ritini\u0173 \u0161ilumin\u0117s i\u0161sklaidymo efektyvum\u0105.<\/p>\n<p>Per \u0161ias bandymo metodikas Uwin Twins Crystal demonstravo i\u0161skirtin\u0119 nuoseklum\u0105. Dviej\u0173 rezervuar\u0173 konstrukcija suma\u017eina saus\u0173 sm\u016bgi\u0173 rizik\u0105, u\u017etikrindama, kad kapiliario med\u017eiaga i\u0161lieka optimaliai prisotinta per vis\u0105 \u012frenginio eksploatavimo cikl\u0105. Be to, integruota li\u010dio jon\u0173 maitinimo l\u0105stel\u0117 yra i\u0161bandoma prie\u0161 pakartotinius \u012fkrovimo ir i\u0161krovimo ciklus, garantuojant, kad elektros komponentai i\u0161laiko saugias darbo temperat\u016bras, kurios yra gerokai ribose, nustatytose pagal tarptautinius atitikties standartus.<\/p>\n<div style=\"background: linear-gradient(135deg, #fdfbfb 0%, #ebedee 100%);border-left: 6px solid #e74c3c;padding: 20px;margin: 30px 0;border-radius: 6px\">\n<h4 style=\"margin-top: 0;color: #c0392b;font-size: 18px\">\ud83d\udcda Empirinis \u017dini\u0173 Ta\u0161kas: Dviej\u0173 Kam\u0117j\u0173 Tiekimo Mechanika<\/h4>\n<p style=\"margin-bottom: 0\">Tradicin\u0117s vienkartin\u0117s garintuv\u0117s naudoja vien\u0105 kamer\u0105, kuri riboja universalum\u0105 ir gali sukelti spirali\u0173 nuovarg\u012f. Uwin Twins Crystal naudoja pa\u017eangi\u0105 dvigubos kameros izoliavimo sistem\u0105. \u0160is mechaninis atskyrimas leid\u017eia vartotojui skland\u017eiai pereiti tarp dviej\u0173 skirting\u0173 aromatini\u0173 profili\u0173, esan\u010di\u0173 tame pa\u010diame korpuse. I\u0161skiriant tirpinius \u012f atskirus 15 ml rezervuarus (i\u0161 viso 30 ml), prietaisas neleid\u017eia kry\u017emin\u0117s tar\u0161os ir u\u017etikrina, kad kiekvienas \u012fkv\u0117pimas i\u0161lieka i\u0161tikimas savo numatomam jutiminiam profiliui, tuo pa\u010diu metu dalijantis \u0161ilumos apkrova tarp dviej\u0173 kaitinimo element\u0173, siekiant prailginti aparat\u016bros tarnavimo laik\u0105.<\/p>\n<\/div>\n<h2 style=\"color: #2c3e50;border-bottom: 2px solid #3498db;padding-bottom: 10px;margin-top: 40px\">Kuriuotos jutimo poros: dviej\u0173 profili\u0173 prana\u0161umas<\/h2>\n<p>\u0160io konkretaus modelio skiriamasis bruo\u017eas yra jo geb\u0117jimas suteikti du skirtingus poj\u016b\u010di\u0173 potyrius i\u0161 vieno technin\u0117s \u012frangos gabalo. Tai labai naudinga vartotojams, kurie patiria kvap\u0173 nuovarg\u012f arba tiesiog nori \u012fvairov\u0117s ne\u0161iojantis vien\u0105 \u012frengin\u012f. \u017demiau yra kruop\u0161\u010diai parengtas dviej\u0173 profili\u0173 derini\u0173, skirt\u0173 didmeniniam platinimui, katalogas:<\/p>\n<ol style=\"column-count: 2;column-gap: 40px;font-size: 16px;background-color: #f9fbfd;padding: 25px 45px;border-radius: 8px;border: 1px solid #e1e8ed\">\n<li style=\"margin-bottom: 10px\">M\u0117lyn\u0117s ant ledo \/ Vasaros persik\u0173 ledas<\/li>\n<li style=\"margin-bottom: 10px\">Kiviai Pasifloros vaisiai Gvajava \/ M\u0117lyn\u0117s Aviet\u0117s<\/li>\n<li style=\"margin-bottom: 10px\">Bra\u0161ki\u0173 kivi\u0173 \/ vynuogi\u0173 ledas<\/li>\n<li style=\"margin-bottom: 10px\">Kiviai Pasifloros vaisiai Gvajavos \/ du obuoliai<\/li>\n<li style=\"margin-bottom: 10px\">Bra\u0161ki\u0173 arb\u016bzas \/ citrin\u0173 laimas<\/li>\n<li style=\"margin-bottom: 10px\">M\u0117lyni\u0173 avie\u010di\u0173 \/ vy\u0161ni\u0173 ledas<\/li>\n<li style=\"margin-bottom: 10px\">Bra\u0161ki\u0173 avie\u010di\u0173 vy\u0161ni\u0173 \/ M\u0117lyna<\/li>\n<li style=\"margin-bottom: 10px\">Persik\u0173 mang\u0173 ananas\u0173 \/ \"Red Bull<\/li>\n<li style=\"margin-bottom: 10px\">Arb\u016bz\u0173 ledai \/ mi\u0161rios uogos<\/li>\n<li style=\"margin-bottom: 10px\">Bra\u0161ki\u0173 Banana \/ Love 66 (Pasira\u0161iusiojo vaisi\u0173 Melon ledas)<\/li>\n<li style=\"margin-bottom: 10px\">Drakon\u0173 vaisi\u0173 bananas vy\u0161nia \/ Ro\u017einis limonadas<\/li>\n<li style=\"margin-bottom: 10px\">Persik\u0173 Mango \/ Cherry Cola<\/li>\n<li style=\"margin-bottom: 10px\">\u0160vie\u017ei\u0173 Bra\u0161ki\u0173 Ledas \/ Mango Ledas<\/li>\n<li style=\"margin-bottom: 10px\">M\u0117lyno avietinio ledas \/ Drakon\u0173 vaisi\u0173 ledas<\/li>\n<li style=\"margin-bottom: 10px\">Strawberry Red Bull \/ Cherry Ice \ni\u0161lieka Strawberry Red Bull \/ Cherry Ice<\/li>\n<\/ol>\n<div style=\"text-align: center;margin: 40px 0\"><img loading=\"lazy\" decoding=\"async\" class=\"alignnone wp-image-44590 size-large\" style=\"max-width: 100%;height: auto;border-radius: 10px\" src=\"https:\/\/vapexyz.com\/wp-content\/uploads\/2025\/02\/Uwin-Twins-Crystal-40000-Puffs-Double-Flavor-0-2-3-5-Low-Nicotine-Original-Factory-14-1024x1024.webp\" alt=\"Uwin Twins Crystal 40000 Puffs Dvigubas Profilis 0% 2% 3% 5% \u017dema Koncentracija Originali Gamykla Didmenin\u0117 Prekyba \u012ekraunamas Vienkartinis Garintuvas \u0160virk\u0161timo Priemon\u0117 Didmenin\u0117 Prekyba\" width=\"1024\" height=\"1024\" title=\"\" srcset=\"https:\/\/vapexyz.com\/wp-content\/uploads\/2025\/02\/Uwin-Twins-Crystal-40000-Puffs-Double-Flavor-0-2-3-5-Low-Nicotine-Original-Factory-14-1024x1024.webp 1024w, https:\/\/vapexyz.com\/wp-content\/uploads\/2025\/02\/Uwin-Twins-Crystal-40000-Puffs-Double-Flavor-0-2-3-5-Low-Nicotine-Original-Factory-14-500x500.webp 500w, https:\/\/vapexyz.com\/wp-content\/uploads\/2025\/02\/Uwin-Twins-Crystal-40000-Puffs-Double-Flavor-0-2-3-5-Low-Nicotine-Original-Factory-14-300x300.webp 300w, https:\/\/vapexyz.com\/wp-content\/uploads\/2025\/02\/Uwin-Twins-Crystal-40000-Puffs-Double-Flavor-0-2-3-5-Low-Nicotine-Original-Factory-14-768x768.webp 768w, https:\/\/vapexyz.com\/wp-content\/uploads\/2025\/02\/Uwin-Twins-Crystal-40000-Puffs-Double-Flavor-0-2-3-5-Low-Nicotine-Original-Factory-14-12x12.webp 12w, https:\/\/vapexyz.com\/wp-content\/uploads\/2025\/02\/Uwin-Twins-Crystal-40000-Puffs-Double-Flavor-0-2-3-5-Low-Nicotine-Original-Factory-14-247x247.webp 247w, https:\/\/vapexyz.com\/wp-content\/uploads\/2025\/02\/Uwin-Twins-Crystal-40000-Puffs-Double-Flavor-0-2-3-5-Low-Nicotine-Original-Factory-14-510x510.webp 510w, https:\/\/vapexyz.com\/wp-content\/uploads\/2025\/02\/Uwin-Twins-Crystal-40000-Puffs-Double-Flavor-0-2-3-5-Low-Nicotine-Original-Factory-14-100x100.webp 100w, https:\/\/vapexyz.com\/wp-content\/uploads\/2025\/02\/Uwin-Twins-Crystal-40000-Puffs-Double-Flavor-0-2-3-5-Low-Nicotine-Original-Factory-14.webp 1200w\" sizes=\"auto, (max-width: 1024px) 100vw, 1024px\" \/><\/div>\n<h2 style=\"color: #2c3e50;border-bottom: 2px solid #3498db;padding-bottom: 10px;margin-top: 40px\">Vald\u017eia ir atitiktis gamyboje<\/h2>\n<p>Kaip pirmaujantis B2B platintojas, VapeXYZ itin daug d\u0117mesio skiria aparat\u016brai, kuri atitinka grie\u017etus tarptautinius gamybos protokolus. UWIN RANDM Twins Crystal yra surenkamas gamyklose, atitinkan\u010diose ISO 9001 kokyb\u0117s valdymo standartus. Kiekvienas vienkartinis garintuvas turi praeiti kelis kokyb\u0117s u\u017etikrinimo kontrol\u0117s punktus, prie\u0161 b\u016bdamas patvirtintas pasauliniam eksportui.<\/p>\n<p>Be to, vidiniai maitinimo blokai atitinka UN38.3 bandym\u0173 standartus, kurie diktuoja grie\u017etus reikalavimus saugiam li\u010dio jon\u0173 baterij\u0173 transportavimui. Aparatai taip pat turi b\u016btinus saugos mikroprocesorius, kurie u\u017etikrina \u012fmontuot\u0105 apsaug\u0105 nuo perkrovimo (ODP), trump\u0173j\u0173 jungim\u0173 prevencij\u0105 ir apsaug\u0105 nuo vir\u0161volt\u0173 (OVP). Pirmiausia r\u016bpinantis \u0161iais in\u017eineriniais apsaugos b\u016bdais, pardav\u0117jai gali u\u017etikrintai tiekti \u0161iuos vienkartinius garintuvus savo klient\u0173 bazei, \u017einodami, kad produktai yra pagr\u012fsti patikimais saugos duomenimis, o ne tik rinkodaros retorika.<\/p>\n<h3 style=\"color: #2980b9;margin-top: 30px\">Strategin\u0117 didmenin\u0117 integracija per VapeXYZ<\/h3>\n<p>J\u016bs\u0173 ma\u017emenin\u0117s prekybos atsarg\u0173 optimizavimas reikalauja patikimo tiekimo grandin\u0117s partnerio. \u201eVapeXYZ\u201c yra pripa\u017einta visame Europos \u017eemyne ir pasaulyje kaip bes\u0105lygi\u0161kas ma\u017emenin\u0117s gar\u0173 technologijos didmenin\u0117s prekybos autoritetas. Pasirink\u0119 mus kaip savo \u201eUwin Twins Crystal\u201c pirkimo \u0161altin\u012f, j\u016bs\u0173 verslas gauna naudos i\u0161 m\u016bs\u0173 nusistov\u0117jusi\u0173 logistini\u0173 tinkl\u0173 ir gili\u0173 pramon\u0117s integracij\u0173.<\/p>\n<p>Pripa\u017e\u012fstame skirting\u0173 ma\u017emenin\u0117s prekybos mast\u0173 \u012fvairius poreikius, tod\u0117l si\u016blome agresyviai \u017eem\u0105 minimal\u0173 u\u017esakymo kiek\u012f (MOQ) - tik 10 vienet\u0173. \u0160is empirinis po\u017ei\u016bris \u012f B2B paskirstym\u0105 leid\u017eia ma\u017eesniems ma\u017emenininkams i\u0161bandyti \u0161i\u0173 didel\u0117s talpos vienkartini\u0173 garintuv\u0173 rinkos perspektyvum\u0105, ne\u012fsipareigojant dideli\u0173 i\u0161ankstini\u0173 kapitalo i\u0161laid\u0173, tuo pa\u010diu si\u016blant giliai suma\u017eintas kainas didelio masto \u012fmoni\u0173 pirk\u0117jams. M\u016bs\u0173 tiesioginiai santykiai su gamykla garantuoja autenti\u0161kum\u0105, pa\u0161alindami rizik\u0105, kad \u012f j\u016bs\u0173 atsargas pateks padirbti vienetai.<\/p>\n<div style=\"text-align: center;margin: 40px 0\"><img loading=\"lazy\" decoding=\"async\" class=\"alignnone wp-image-44589 size-large\" style=\"max-width: 100%;height: auto;border-radius: 10px\" src=\"https:\/\/vapexyz.com\/wp-content\/uploads\/2025\/02\/Uwin-Twins-Crystal-40000-Puffs-Double-Flavor-0-2-3-5-Low-Nicotine-Original-Factory-13-1024x1024.webp\" alt=\"Uwin Twins Crystal 40000 Puffs Dvigubas Profilis 0% 2% 3% 5% \u017dema Koncentracija Originali Gamykla Didmenin\u0117 Prekyba \u012ekraunamas Vienkartinis Garintuvas \u0160virk\u0161timo Priemon\u0117 Didmenin\u0117 Prekyba\" width=\"1024\" height=\"1024\" title=\"\" srcset=\"https:\/\/vapexyz.com\/wp-content\/uploads\/2025\/02\/Uwin-Twins-Crystal-40000-Puffs-Double-Flavor-0-2-3-5-Low-Nicotine-Original-Factory-13-1024x1024.webp 1024w, https:\/\/vapexyz.com\/wp-content\/uploads\/2025\/02\/Uwin-Twins-Crystal-40000-Puffs-Double-Flavor-0-2-3-5-Low-Nicotine-Original-Factory-13-500x500.webp 500w, https:\/\/vapexyz.com\/wp-content\/uploads\/2025\/02\/Uwin-Twins-Crystal-40000-Puffs-Double-Flavor-0-2-3-5-Low-Nicotine-Original-Factory-13-300x300.webp 300w, https:\/\/vapexyz.com\/wp-content\/uploads\/2025\/02\/Uwin-Twins-Crystal-40000-Puffs-Double-Flavor-0-2-3-5-Low-Nicotine-Original-Factory-13-768x768.webp 768w, https:\/\/vapexyz.com\/wp-content\/uploads\/2025\/02\/Uwin-Twins-Crystal-40000-Puffs-Double-Flavor-0-2-3-5-Low-Nicotine-Original-Factory-13-12x12.webp 12w, https:\/\/vapexyz.com\/wp-content\/uploads\/2025\/02\/Uwin-Twins-Crystal-40000-Puffs-Double-Flavor-0-2-3-5-Low-Nicotine-Original-Factory-13-247x247.webp 247w, https:\/\/vapexyz.com\/wp-content\/uploads\/2025\/02\/Uwin-Twins-Crystal-40000-Puffs-Double-Flavor-0-2-3-5-Low-Nicotine-Original-Factory-13-510x510.webp 510w, https:\/\/vapexyz.com\/wp-content\/uploads\/2025\/02\/Uwin-Twins-Crystal-40000-Puffs-Double-Flavor-0-2-3-5-Low-Nicotine-Original-Factory-13-100x100.webp 100w, https:\/\/vapexyz.com\/wp-content\/uploads\/2025\/02\/Uwin-Twins-Crystal-40000-Puffs-Double-Flavor-0-2-3-5-Low-Nicotine-Original-Factory-13.webp 1500w\" sizes=\"auto, (max-width: 1024px) 100vw, 1024px\" \/><\/div>\n<h2 style=\"color: #2c3e50;border-bottom: 2px solid #3498db;padding-bottom: 10px;margin-top: 40px\">Pagrindiniai punktai ir da\u017eniausiai u\u017eduodami klausimai (DUK)<\/h2>\n<p>Siekiant dar labiau \u012ftvirtinti pasitik\u0117jim\u0105 ir paai\u0161kinti \u0161ios pa\u017eangios \u012frangos techninius parametrus, mes suk\u016br\u0117me empiri\u0161kai pagr\u012fst\u0105 DUK skyri\u0173, kuriame atsakoma \u012f da\u017eniausiai m\u016bs\u0173 didmenin\u0117s prekybos partneri\u0173 ir galutini\u0173 vartotoj\u0173 u\u017eduodamus klausimus.<\/p>\n<div style=\"margin-top: 25px\">\n<div style=\"border: 1px solid #dce4ec;border-radius: 8px;padding: 20px;margin-bottom: 15px;background-color: #ffffff\">\n<h4 style=\"margin: 0 0 10px 0;color: #2c3e50;font-size: 18px\">K: Kaip \u012frenginys tiksliai i\u0161laiko 40 000 ciklo eksploatavimo trukm\u0119?<\/h4>\n<p style=\"margin: 0;color: #555\">A: Ilgaam\u017ei\u0161kum\u0105 matemati\u0161kai palaiko masyvus 30 ml vidaus rezervuaras ir dvigubo tinklelio rit\u0117s matricos panaudojimas. Garinimo apkrov\u0105 paskirstant per du atskirus \u0161erdis ir u\u017etikrinant, kad \u012frenginys periodi\u0161kai \u012fkraunamas per \u201eType-C\u201c prievad\u0105, aparatas veikia optimaliu \u0161iluminiu efektyvumu, s\u0117kmingai pasiekdamas auk\u0161t\u0105 aktyvavimo skai\u010di\u0173 laboratorin\u0117mis s\u0105lygomis.<\/p>\n<\/div>\n<div style=\"border: 1px solid #dce4ec;border-radius: 8px;padding: 20px;margin-bottom: 15px;background-color: #ffffff\">\n<h4 style=\"margin: 0 0 10px 0;color: #2c3e50;font-size: 18px\">K: Kokie konkret\u016bs duomenys rodomi integruotame LED ekrane?<\/h4>\n<p style=\"margin: 0;color: #555\">A: Skaitmenin\u0117 s\u0105saja teikia gyvybi\u0161kai svarbius telemetrijos duomenis vartotojui. Ji kiekybi\u0161kai \u012fvertina likus\u012f akumuliatoriaus \u012ftamp\u0105 procentais, leid\u017eiant numatyti \u012fkrovimo ciklus. Be to, ji si\u016blo vaizdin\u012f indikatori\u0173 likusio tirpalo lygi\u0173 rezervuare, efektyviai neleid\u017eiant vartotojui aktyvuoti kaitinimo elemento i\u0161 i\u0161naudoto \u0161erdies.<\/p>\n<\/div>\n<div style=\"border: 1px solid #dce4ec;border-radius: 8px;padding: 20px;margin-bottom: 15px;background-color: #ffffff\">\n<h4 style=\"margin: 0 0 10px 0;color: #2c3e50;font-size: 18px\">Ar vidiniai komponentai atitinka komercinius saugos standartus?<\/h4>\n<p style=\"margin: 0;color: #555\">A: Absoliutai. \u012erenginio komponentai, \u012fskaitant pagrindin\u012f korpus\u0105 ir vidinius kelius, yra pagaminti i\u0161 kar\u0161\u010diui atspari\u0173, netoksi\u0161k\u0173 med\u017eiag\u0173. Elektronin\u0117 grandin\u0117 yra valdoma intelektuali\u0173 mikroprocesori\u0173, kurie reguliuoja \u012ftampos i\u0161vest\u012f ir grie\u017etai neleid\u017eia perkrovimo ar trump\u0173j\u0173 jungim\u0173 anomalij\u0173, u\u017etikrindami jo status\u0105 kaip patikim\u0105 \u012frang\u0105 didmeninei prekybai.<\/p>\n<\/div>\n<div style=\"border: 1px solid #dce4ec;border-radius: 8px;padding: 20px;margin-bottom: 15px;background-color: #ffffff\">\n<h4 style=\"margin: 0 0 10px 0;color: #2c3e50;font-size: 18px\">K: Kokie yra logistiniai parametrai u\u017esakant \u0161iuos vienkartinius garintuvus per VapeXYZ?<\/h4>\n<p style=\"margin: 0;color: #555\">A: Mes dirbame su labai skaliais logistiniais principais. M\u016bs\u0173 bazin\u0117 minimali u\u017esakymo kiekis (MOQ) yra nustatytas tik 10 vienet\u0173, kad b\u016bt\u0173 galima pritaikyti \u012fvairius verslo modelius. Visi u\u017esakymai yra apdorojami per m\u016bs\u0173 optimizuotus i\u0161sipildymo centrus, u\u017etikrinant greitus pristatymo terminus, grie\u017et\u0105 kokyb\u0117s kontrol\u0117s patikrinim\u0105 prie\u0161 i\u0161siuntim\u0105 ir labai konkurencingas kain\u0173 strukt\u016bras, pagr\u012fstas apimtimis.<\/p>\n<\/div>\n<\/div>\n<p style=\"margin-top: 40px;text-align: center;font-size: 18px;font-weight: bold;color: #2c3e50\">Tobulinkite savo komercin\u012f inventori\u0173 skaidriai sukurtomis, didel\u0117s talpos aparat\u016bros sistemomis.<br \/>\n<span style=\"color: #e74c3c\">Apsilankykite VapeXYZ.com \u0161iandien, kad u\u017etikrintum\u0117te savo didmenin\u012f UWIN RANDM Twins Crystal u\u017esakym\u0105.<\/span><\/p>\n<\/article>","protected":false},"excerpt":{"rendered":"<p>UWIN Twins Crystal 40000 Puffs I\u0161leid\u017eiamas Garintuvas yra auk\u0161\u010diausios klas\u0117s, \u012fkraunamas prietaisas, si\u016blantis iki 40 000 \u012fkv\u0117pim\u0173 su dvigubo skonio galimyb\u0117mis, 30 ml talpa ir keliomis stipryb\u0117mis, sukurtas ilgalaikiam pasitenkinimui ir patogumui.<\/p>","protected":false},"featured_media":44579,"comment_status":"open","ping_status":"closed","template":"","meta":{"_lmt_disableupdate":"no","_lmt_disable":""},"product_brand":[],"product_cat":[967,989,947,935,934,927,929,928,930,933,939,932,938,931,936,937,1017,948,949,1092,946,951,854,953,987],"product_tag":[],"class_list":{"0":"post-44576","1":"product","2":"type-product","3":"status-publish","4":"has-post-thumbnail","6":"product_cat-uwin-disposable-vapes","7":"product_cat-40000-puff-vapes","8":"product_cat-big-puffs-vapes","9":"product_cat-bulk-buy-disposable-vapes-in-austria","10":"product_cat-bulk-buy-disposable-vapes-in-belgium","11":"product_cat-bulk-buy-disposable-vapes-in-europe","12":"product_cat-bulk-buy-disposable-vapes-in-france","13":"product_cat-bulk-buy-disposable-vapes-in-germany","14":"product_cat-bulk-buy-disposable-vapes-in-italy","15":"product_cat-bulk-buy-disposable-vapes-in-netherlands","16":"product_cat-bulk-buy-disposable-vapes-in-norway","17":"product_cat-bulk-buy-disposable-vapes-in-poland","18":"product_cat-bulk-buy-disposable-vapes-in-portugal","19":"product_cat-bulk-buy-disposable-vapes-in-spain","20":"product_cat-bulk-buy-disposable-vapes-in-sweden","21":"product_cat-bulk-buy-disposable-vapes-in-switzerland","22":"product_cat-buy-best-disposable-vape-flavors","23":"product_cat-crystal-vapes","24":"product_cat-digital-box-vapes","25":"product_cat-disposable-vape-variety-pack","26":"product_cat-disposable-vapes-series","27":"product_cat-lower-nicotine-vapes","28":"product_cat-randm","29":"product_cat-rechargeable-vapes","30":"product_cat-vape-shop-by-puffs","32":"first","33":"instock","34":"shipping-taxable","35":"purchasable","36":"product-type-variable","37":"has-default-attributes"},"jetpack_sharing_enabled":true,"tiered_pricing_type":"fixed","tiered_pricing_fixed_rules":[],"tiered_pricing_product_settings":{"layout":"default","base_unit_name":{"singular":null,"plural":null},"default_variation":null},"tiered_pricing_minimum_quantity":null,"tiered_pricing_roles_data":[],"tiered_pricing_percentage_rules":[],"tiered_pricing_maximum_quantity":null,"tiered_pricing_quantity_step":null,"_links":{"self":[{"href":"https:\/\/vapexyz.com\/lt\/wp-json\/wp\/v2\/product\/44576","targetHints":{"allow":["GET"]}}],"collection":[{"href":"https:\/\/vapexyz.com\/lt\/wp-json\/wp\/v2\/product"}],"about":[{"href":"https:\/\/vapexyz.com\/lt\/wp-json\/wp\/v2\/types\/product"}],"replies":[{"embeddable":true,"href":"https:\/\/vapexyz.com\/lt\/wp-json\/wp\/v2\/comments?post=44576"}],"wp:featuredmedia":[{"embeddable":true,"href":"https:\/\/vapexyz.com\/lt\/wp-json\/wp\/v2\/media\/44579"}],"wp:attachment":[{"href":"https:\/\/vapexyz.com\/lt\/wp-json\/wp\/v2\/media?parent=44576"}],"wp:term":[{"taxonomy":"product_brand","embeddable":true,"href":"https:\/\/vapexyz.com\/lt\/wp-json\/wp\/v2\/product_brand?post=44576"},{"taxonomy":"product_cat","embeddable":true,"href":"https:\/\/vapexyz.com\/lt\/wp-json\/wp\/v2\/product_cat?post=44576"},{"taxonomy":"product_tag","embeddable":true,"href":"https:\/\/vapexyz.com\/lt\/wp-json\/wp\/v2\/product_tag?post=44576"}],"curies":[{"name":"wp","href":"https:\/\/api.w.org\/{rel}","templated":true}]}}