{"id":40664,"date":"2024-12-28T09:47:27","date_gmt":"2024-12-28T09:47:27","guid":{"rendered":"https:\/\/vapexyz.com\/?post_type=product&#038;p=40664"},"modified":"2026-04-29T07:14:19","modified_gmt":"2026-04-29T07:14:19","slug":"vopk-ultra-40000-puffs-dvigubo-skonio-ismanusis-ekranas-2-mazai-nikotino-originalus-gamyklinis-urmu-pirkti-ikraunamas-vienkartinis-vapes-rasiklis-didmenine-prekyba","status":"publish","type":"product","link":"https:\/\/vapexyz.com\/lt\/product\/vopk-ultra-40000-puffs-double-flavour-smart-screen-2-low-nicotine-original-factory-bulk-buy-rechargeable-disposable-vapes-pen-wholesale\/","title":{"rendered":"VOPK ULTRA 40000 Puffs Dvigubas Skonis I\u0161manus Ekranas Didmenin\u0117 Prekyba \u012ekraunamos Vienkartin\u0117s Garintuv\u0117s Didmenin\u0117 Prekyba"},"content":{"rendered":"<article style=\"font-family: 'Segoe UI', Roboto, Helvetica, Arial, sans-serif;line-height: 1.8;color: #2c3e50;max-width: 100%;margin: 0 auto;padding: 30px;background-color: #ffffff;border-radius: 12px\">\n<section style=\"margin-bottom: 40px\">\n<h2 style=\"color: #1a252f;font-size: 2.2em;border-bottom: 3px solid #3498db;padding-bottom: 10px;margin-bottom: 20px\">VOPK ULTRA 40000 Puffs: I\u0161pl\u0117stin\u0117 dviej\u0173 kamer\u0173 vienkartinio garintuvo technologija<\/h2>\n<p><img loading=\"lazy\" decoding=\"async\" class=\"alignnone wp-image-40661 size-large\" style=\"width: 100%;max-width: 600px;height: auto;margin: 0 auto 25px;border-radius: 10px\" src=\"https:\/\/vapexyz.com\/wp-content\/uploads\/2024\/12\/VOPK-ULTRA-40000-Puffs-Double-Flavour-Digital-Screen-2-Low-Nicotine-Original-Factory-23-1024x1024.webp\" alt=\"VOPK ULTRA 40000 Puffs Dviej\u0173 Profili\u0173 I\u0161manusis Ekranas Originalios Gamyklos Didmenin\u0117 Prekyba \u012ekraunamos Vienkartin\u0117s Garintuv\u0173 \u0160virk\u0161timo Priemon\u0117s Didmenin\u0117 Prekyba\" width=\"1024\" height=\"1024\" title=\"\" srcset=\"https:\/\/vapexyz.com\/wp-content\/uploads\/2024\/12\/VOPK-ULTRA-40000-Puffs-Double-Flavour-Digital-Screen-2-Low-Nicotine-Original-Factory-23-1024x1024.webp 1024w, https:\/\/vapexyz.com\/wp-content\/uploads\/2024\/12\/VOPK-ULTRA-40000-Puffs-Double-Flavour-Digital-Screen-2-Low-Nicotine-Original-Factory-23-500x500.webp 500w, https:\/\/vapexyz.com\/wp-content\/uploads\/2024\/12\/VOPK-ULTRA-40000-Puffs-Double-Flavour-Digital-Screen-2-Low-Nicotine-Original-Factory-23-300x300.webp 300w, https:\/\/vapexyz.com\/wp-content\/uploads\/2024\/12\/VOPK-ULTRA-40000-Puffs-Double-Flavour-Digital-Screen-2-Low-Nicotine-Original-Factory-23-768x768.webp 768w, https:\/\/vapexyz.com\/wp-content\/uploads\/2024\/12\/VOPK-ULTRA-40000-Puffs-Double-Flavour-Digital-Screen-2-Low-Nicotine-Original-Factory-23-1536x1536.webp 1536w, https:\/\/vapexyz.com\/wp-content\/uploads\/2024\/12\/VOPK-ULTRA-40000-Puffs-Double-Flavour-Digital-Screen-2-Low-Nicotine-Original-Factory-23-12x12.webp 12w, https:\/\/vapexyz.com\/wp-content\/uploads\/2024\/12\/VOPK-ULTRA-40000-Puffs-Double-Flavour-Digital-Screen-2-Low-Nicotine-Original-Factory-23-247x247.webp 247w, https:\/\/vapexyz.com\/wp-content\/uploads\/2024\/12\/VOPK-ULTRA-40000-Puffs-Double-Flavour-Digital-Screen-2-Low-Nicotine-Original-Factory-23-510x510.webp 510w, https:\/\/vapexyz.com\/wp-content\/uploads\/2024\/12\/VOPK-ULTRA-40000-Puffs-Double-Flavour-Digital-Screen-2-Low-Nicotine-Original-Factory-23-100x100.webp 100w, https:\/\/vapexyz.com\/wp-content\/uploads\/2024\/12\/VOPK-ULTRA-40000-Puffs-Double-Flavour-Digital-Screen-2-Low-Nicotine-Original-Factory-23.webp 2000w\" sizes=\"auto, (max-width: 1024px) 100vw, 1024px\" \/><\/p>\n<p style=\"font-size: 1.1em;text-align: justify\">\u0160iuolaikinio vienkartinio garintuvo in\u017einerinis kra\u0161tovaizdis reikalauja aparat\u016bros, kuri subalansuoja ilgaam\u017ei\u0161kum\u0105, vartotojo kontrol\u0119 ir nuosekl\u0173 \u0161ilumin\u012f veikim\u0105. VOPK ULTRA 40000 Puffs yra reik\u0161mingas \u017eingsnis \u012f priek\u012f didel\u0117s talpos aparat\u016bros dizaino srityje, pasi\u017eymintis naujovi\u0161ka dvigubo rezervuaro architekt\u016bra. Sukurtas komerciniams platintojams ir reikliems vartotojams, \u0161is \u012frenginys skland\u017eiai integruoja didelio tankio 850mAh maitinimo element\u0105 su sud\u0117tingu vidiniu i\u0161maniuoju ekranu tiksliam telemetrijos steb\u0117jimui.<\/p>\n<p style=\"font-size: 1.1em;text-align: justify\">Skirtingai nei standartiniai garintuvai, kuri\u0173 i\u0161vestis ma\u017e\u0117ja, kai vidinis tirpalas i\u0161senka, VOPK ULTRA i\u0161laiko stabili\u0105 \u012ftampos i\u0161vest\u012f d\u0117l savo reguliuojamos grandin\u0117s. \u012e vien\u0105 korpus\u0105 \u012fmontavus du atskirus botaninius ir vaisinius profilius, vartotojai gali aktyviai persijungti tarp aromatini\u0173 patir\u010di\u0173, efektyviai suma\u017eindami uosni\u0173 nuovarg\u012f ir maksimaliai i\u0161naudodami didel\u012f 36ML vidin\u012f t\u016br\u012f.<\/p>\n<\/section>\n<section style=\"margin-bottom: 40px\">\n<h3 style=\"color: #2980b9;font-size: 1.8em;margin-bottom: 15px\">In\u017einerin\u0117s specifikacijos ir aparat\u016bros patvirtinimas<\/h3>\n<p style=\"text-align: justify;margin-bottom: 20px\">Siekiant atitikti grie\u017etus tarptautinius platinimo standartus, kiekvienas VOPK ULTRA vienkartinio garintuvo komponentas yra tiksliai sukurtas. Pagrindinis kaitinimo elementas naudoja pa\u017eangi\u0105j\u0105 tinklelio rit\u0117s technologij\u0105, kuri u\u017etikrina didesn\u012f kaitinimo tirpalo pavir\u0161iaus plot\u0105, tod\u0117l gaunamas labai nuoseklus gar\u0173 gamyba be prie\u0161laikinio rit\u0117s degradacijos.<\/p>\n<table style=\"width: 100%;border-collapse: collapse;margin-bottom: 25px;border-radius: 8px;overflow: hidden;font-size: 0.95em\">\n<thead>\n<tr style=\"background-color: #34495e;color: #ffffff;text-align: left\">\n<th style=\"padding: 15px;border-bottom: 2px solid #2c3e50\">Komponentas \/ Metrika<\/th>\n<th style=\"padding: 15px;border-bottom: 2px solid #2c3e50\">Specifikacija<\/th>\n<th style=\"padding: 15px;border-bottom: 2px solid #2c3e50\">In\u017einerijos standartas<\/th>\n<\/tr>\n<\/thead>\n<tbody>\n<tr style=\"background-color: #f8f9fa\">\n<td style=\"padding: 12px 15px;border-bottom: 1px solid #e9ecef\">Veikimo trukm\u0117<\/td>\n<td style=\"padding: 12px 15px;border-bottom: 1px solid #e9ecef\">Iki 40 000 \u012fkv\u0117pim\u0173<\/td>\n<td style=\"padding: 12px 15px;border-bottom: 1px solid #e9ecef\">Automatinis \u012fkv\u0117pimo testavimas (1,5 s \u012fkv\u0117pimas)<\/td>\n<\/tr>\n<tr style=\"background-color: #ffffff\">\n<td style=\"padding: 12px 15px;border-bottom: 1px solid #e9ecef\">Rezervuaro talpa<\/td>\n<td style=\"padding: 12px 15px;border-bottom: 1px solid #e9ecef\">36ML I\u0161 viso (dviej\u0173 18ML kamer\u0173)<\/td>\n<td style=\"padding: 12px 15px;border-bottom: 1px solid #e9ecef\">Maisto kokyb\u0117s PCTG med\u017eiagos standartas<\/td>\n<\/tr>\n<tr style=\"background-color: #f8f9fa\">\n<td style=\"padding: 12px 15px;border-bottom: 1px solid #e9ecef\">Power Cell<\/td>\n<td style=\"padding: 12px 15px;border-bottom: 1px solid #e9ecef\">850mAh \u012ekraunama li\u010dio jon\u0173 baterija<\/td>\n<td style=\"padding: 12px 15px;border-bottom: 1px solid #e9ecef\">UN38.3 Baterij\u0173 Saugos Atitiktis<\/td>\n<\/tr>\n<tr style=\"background-color: #ffffff\">\n<td style=\"padding: 12px 15px;border-bottom: 1px solid #e9ecef\">\u012ekrovimo s\u0105saja<\/td>\n<td style=\"padding: 12px 15px;border-bottom: 1px solid #e9ecef\">USB tipo C greitas protokolas<\/td>\n<td style=\"padding: 12px 15px;border-bottom: 1px solid #e9ecef\">Reguliuojamas 5V\/1A \u012f\u0117jimas<\/td>\n<\/tr>\n<tr style=\"background-color: #f8f9fa\">\n<td style=\"padding: 12px 15px;border-bottom: 1px solid #e9ecef\">Vartotojo s\u0105saja<\/td>\n<td style=\"padding: 12px 15px;border-bottom: 1px solid #e9ecef\">I\u0161manusis OLED telemetrijos ekranas<\/td>\n<td style=\"padding: 12px 15px;border-bottom: 1px solid #e9ecef\">Realaus laiko akumuliatoriaus ir talpos rodymas<\/td>\n<\/tr>\n<tr style=\"background-color: #ffffff\">\n<td style=\"padding: 12px 15px;border-bottom: 1px solid #e9ecef\">Oro srauto dinamika<\/td>\n<td style=\"padding: 12px 15px;border-bottom: 1px solid #e9ecef\">Reguliuojamas tikslumo \u017eiedas<\/td>\n<td style=\"padding: 12px 15px;border-bottom: 1px solid #e9ecef\">Palaiko MTL \u012f RDL per\u0117jim\u0105<\/td>\n<\/tr>\n<\/tbody>\n<\/table>\n<\/section>\n<section style=\"margin-bottom: 40px\">\n<h3 style=\"color: #2980b9;font-size: 1.8em;margin-bottom: 15px\">Eksperimentiniai veiklos testavimo duomenys<\/h3>\n<p style=\"text-align: justify\">Teiginiai apie ilgaam\u017ei\u0161kum\u0105 garintuvuose turi b\u016bti pagr\u012fsti grie\u017etais, stebimais tyrimais. M\u016bs\u0173 partneri\u0173 laboratorijos atlieka i\u0161samius paketo tyrim\u0173 protokolus VOPK ULTRA, siekdamos u\u017etikrinti, kad na\u0161umas atitikt\u0173 konstrukcijos dizain\u0105.<\/p>\n<div style=\"background: linear-gradient(135deg, #f0f7fa 0%, #e1eef5 100%);border-left: 6px solid #2980b9;padding: 25px;margin: 25px 0;border-radius: 0 8px 8px 0\">\n<h4 style=\"margin-top: 0;color: #16a085;font-size: 1.3em\">Laboratorijos patvirtinimas ir bandym\u0173 metodologijos<\/h4>\n<ul style=\"list-style-type: none;padding-left: 0;margin-bottom: 0\">\n<li style=\"margin-bottom: 12px;align-items: flex-start\"><span style=\"color: #2980b9;margin-right: 10px\">\u2794<\/span>Aktyvavimo delsos laikas: Empiriniai akustiniai jutikliai matuoja laik\u0105 nuo pradinio oro \u012fsiurbimo iki gar\u0173 susidarymo. VOPK ULTRA u\u017eregistruoja aktyvavimo dels\u0105, trumpesn\u0119 nei 0,05 sekund\u0117s, u\u017etikrindama nedelsiam\u0105 atsak\u0105.<\/li>\n<li style=\"margin-bottom: 12px;align-items: flex-start\"><span style=\"color: #2980b9;margin-right: 10px\">\u2794<\/span>\u0160ilumos valdymas: Infrarudon\u0173j\u0173 spinduli\u0173 termini\u0173 vaizd\u0173 gavimas per i\u0161tisin\u012f 5 minu\u010di\u0173 trukm\u0117s modeliavimo cikl\u0105 patvirtina, kad i\u0161orin\u0117 polikarbonato apvalkalas i\u0161lieka \u017eemiau 38 \u00b0C (100,4 \u00b0F), taip pat patvirtinant vidin\u0117s \u0161ilumos i\u0161sklaidymo architekt\u016bros efektyvum\u0105.<\/li>\n<li style=\"margin-bottom: 12px;align-items: flex-start\"><span style=\"color: #2980b9;margin-right: 10px\">\u2794<\/span>Akumuliatoriaus degradacijos analiz\u0117: 850mAh li\u010dio jon\u0173 elementas buvo veikiamas 300 piln\u0173 \u012fkrovimo\/i\u0161krovimo cikl\u0173 per USB-C. Rezultatai rodo 88,1% talpos i\u0161laikymo lyg\u012f, kuris lengvai vir\u0161ija pramon\u0117s standartus pakartotinai \u012fkraunamiems vienkartiniams garintuvams.<\/li>\n<li style=\"align-items: flex-start\"><span style=\"color: #2980b9;margin-right: 10px\">\u2794<\/span>Or\u0173 srauto pasiprie\u0161inimas: Naudojant sl\u0117gio skirtumo matuoklius, reguliuojamas oro srauto \u017eiedas u\u017etikrina i\u0161matuojam\u0105 skirtum\u0105 tarp 1,2 kPa (sandarus burna-prie-plau\u010di\u0173) ir 0,4 kPa (ribotas tiesioginis-plau\u010di\u0173).<\/li>\n<\/ul>\n<\/div>\n<\/section>\n<section style=\"margin-bottom: 40px\">\n<h3 style=\"color: #2980b9;font-size: 1.8em;margin-bottom: 15px\">Dviej\u0173 kamer\u0173 aromatiniai profiliai<\/h3>\n<p style=\"text-align: justify;margin-bottom: 20px\">Dviej\u0173 kamer\u0173 sistema leid\u017eia vartotojams skland\u017eiai pereiti tarp dviej\u0173 skirting\u0173 poj\u016b\u010di\u0173 profili\u0173, nereikint ne\u0161ti keli\u0173 \u012frengini\u0173. Kiekviename \u012frenginyje yra du 18ML izoliuoti rezervuarai, neleid\u017eiantys kry\u017eminio premium botanini\u0173 ir vaisi\u0173 formuli\u0173 u\u017eter\u0161imo. \u017demiau yra dabartin\u0117 prieinam\u0173 profili\u0173 kombinacij\u0173 matrica didmeniniam \u012fsigijimui:<\/p>\n<div style=\"grid-template-columns: repeat(auto-fit, minmax(300px, 1fr));gap: 15px\">\n<div style=\"background: #fdfbfb;border: 1px solid #e1e8ed;padding: 15px;border-radius: 8px\">A variantas: Bra\u0161ki\u0173 Arb\u016bzas \/ Kivi\u0173 Pasira\u0161\u0173 vaisius Guava<\/div>\n<div style=\"background: #fdfbfb;border: 1px solid #e1e8ed;padding: 15px;border-radius: 8px\">B variantas: M\u0117lyni\u0173 aviet\u0117 \/ Persik\u0173 mangas arb\u016bzas<\/div>\n<div style=\"background: #fdfbfb;border: 1px solid #e1e8ed;padding: 15px;border-radius: 8px\">C variantas: M\u0117lynas Razz saldainis lokys \/ \u017demuog\u0117 Kiviai<\/div>\n<div style=\"background: #fdfbfb;border: 1px solid #e1e8ed;padding: 15px;border-radius: 8px\">D variantas: M\u0117lynas Razz Cherry \/ Bra\u0161ki\u0173 Aviet\u0117<\/div>\n<div style=\"background: #fdfbfb;border: 1px solid #e1e8ed;padding: 15px;border-radius: 8px\">5 variantas: Dygliuotosios laimos \/ Arb\u016bz\u0173 \u0161vie\u017eios m\u0117t\u0173<\/div>\n<div style=\"background: #fdfbfb;border: 1px solid #e1e8ed;padding: 15px;border-radius: 8px\">F variantas: Arb\u016bz\u0173 ledai \/ M\u0117lyni\u0173 Razij\u0173 ledai<\/div>\n<div style=\"background: #fdfbfb;border: 1px solid #e1e8ed;padding: 15px;border-radius: 8px\">Pasirinkimas G: M\u0117lynas Razz Ananasas \/ Trigubas Mango<\/div>\n<div style=\"background: #fdfbfb;border: 1px solid #e1e8ed;padding: 15px;border-radius: 8px\">Option H: Vynuogi\u0173 Uog\u0173 Burbulas \/ Kriau\u0161i\u0173 Obuoli\u0173 Aviet\u0117<\/div>\n<div style=\"background: #fdfbfb;border: 1px solid #e1e8ed;padding: 15px;border-radius: 8px\">I variantas: Bra\u0161ki\u0173 Spanguoli\u0173 Vy\u0161ni\u0173 \/ Ananas\u0173 Pasira\u0161\u0173 vaisi\u0173 Limas<\/div>\n<div style=\"background: #fdfbfb;border: 1px solid #e1e8ed;padding: 15px;border-radius: 8px\">Pasirinkimas J: M\u0117lyni\u0173 bra\u0161ki\u0173 mentolis \/ M\u0117lyni\u0173 avie\u010di\u0173 mentolis<\/div>\n<\/div>\n<\/section>\n<section style=\"margin-bottom: 40px\">\n<h3 style=\"color: #2980b9;font-size: 1.8em;margin-bottom: 15px\">Saugos Protokolai, Atitiktis ir Aplinkos Pasitik\u0117jimas<\/h3>\n<p style=\"text-align: justify;margin-bottom: 15px\">Rinka reikalauja skaidri\u0173 saugos protokol\u0173 ir ai\u0161kaus reguliavimo laikymosi. VOPK ULTRA gaminamas ISO 9001 sertifikuotoje gamyklose, laikantis grie\u017et\u0173 kokyb\u0117s u\u017etikrinimo (QA) standart\u0173. Pagrindin\u0117s saugos priemon\u0117s apima:<\/p>\n<ul style=\"list-style-type: disc;padding-left: 20px;line-height: 1.8;margin-bottom: 20px\">\n<li>Vaik\u0173 saugos u\u017eraktas: privalomas keli\u0173 \u017eingsni\u0173 aktyvinimo procesas neleid\u017eia atsitiktiniam nepilname\u010di\u0173 naudojimui, atitinka grie\u017etas pasaulines pakuo\u010di\u0173 direktyvas.<\/li>\n<li>Elektrin\u0117s apsaugos: Integruotosios grandin\u0117s plok\u0161t\u0117se yra \u012fmontuota apsauga nuo perkrovimo, trump\u0173j\u0173 jungim\u0173 prevencija ir \u017eem\u0117s \u012ftampos i\u0161jungimas, u\u017etikrinantys, kad li\u010dio jon\u0173 elementas veikt\u0173 saugiai vis\u0105 savo eksploatavimo cikl\u0105.<\/li>\n<li>Med\u017eiag\u0173 sauga: I\u0161orinis korpusas ir vidiniai rezervuarai pagaminti i\u0161 BPA laisv\u0173, maisto kokyb\u0117s PCTG plastik\u0173, suma\u017einant chemin\u0117s med\u017eiagos i\u0161skyrimo \u012f vidin\u012f tirpal\u0105 rizik\u0105.<\/li>\n<li>Aplinkos apsaugos aspektai: Mes labai skatinsime galutinius vartotojus ir ma\u017emenin\u0117s prekybos partnerius dalyvauti vietin\u0117se e-atliek\u0173 perdirbimo programose, nes 850mAh baterija ir metalinio korpuso komponentai yra labai perdirbami.<\/li>\n<\/ul>\n<\/section>\n<section style=\"margin-bottom: 40px;padding: 30px;background-color: #f4f6f7;border-radius: 12px;border: 1px solid #dce1e5\">\n<h3 style=\"color: #1a252f;font-size: 1.8em;margin-bottom: 15px;margin-top: 0\">VapeXYZ: J\u016bs\u0173 patikimas pasaulinis didmenin\u0117s prekybos platintojas<\/h3>\n<p style=\"text-align: justify;margin-bottom: 15px\">Sveiki atvyk\u0119 \u012f VapeXYZ.com, pirmaujant\u012f B2B centr\u0105 autenti\u0161kiems vienkartiniams garintuvams. Tur\u0117dami daugiau nei 8 met\u0173 patirt\u012f tiekimo grandin\u0117s logistikoje ir aparat\u016bros platinime, esame suk\u016br\u0119 patikim\u0105 rezultat\u0173 rekord\u0105, pagal kur\u012f pristatome auk\u0161\u010diausios klas\u0117s preki\u0173 \u017eenklus \u2014 \u012fskaitant BANG BOX, WASPE, UWIN, BIMO, RandM, BANG, VOZOL, Elf Box ir MYDE \u2014 \u012f tarptautines rinkas.<\/p>\n<p style=\"text-align: justify;margin-bottom: 15px\">M\u016bs\u0173 verslo modelis yra sukurtas taip, kad palaikyt\u0173 tiek nusistov\u0117jusias ma\u017emenin\u0117s prekybos grandines, tiek ir augan\u010dias nepriklausomas gar\u0173 parduotuves. Mes palaikome tiesioginius santykius su gamykla, tod\u0117l galime apeiti tarpininkus ir pasi\u016blyti jums didmenin\u0119 kain\u0105 tiesiogiai. Siekdami skatinti verslo augim\u0105 ir inventoriaus lankstum\u0105, si\u016blome i\u0161skirtinai \u017eem\u0105 minimal\u0173 u\u017esakymo kiek\u012f (MOQ) - tik 10 vienet\u0173.<\/p>\n<p style=\"text-align: justify;font-weight: bold;color: #2980b9\">Bendradarbiaujant su VapeXYZ u\u017etikrinami greiti i\u0161siuntimo laikai, grie\u017etos kokyb\u0117s kontrol\u0117s auditas prie\u0161 i\u0161siuntim\u0105 ir prieiga prie pa\u017eangiausios vienkartin\u0117s garinimo \u012frangos, \u0161iuo metu prieinamos pramon\u0117je.<\/p>\n<\/section>\n<section>\n<h3 style=\"color: #2980b9;font-size: 1.8em;margin-bottom: 20px\">Da\u017enai u\u017eduodami klausimai (DUK)<\/h3>\n<div style=\"margin-bottom: 15px;border: 1px solid #e1e8ed;border-radius: 8px;overflow: hidden\">\n<details style=\"background: #ffffff;padding: 15px;cursor: pointer\">\n<summary style=\"font-weight: bold;font-size: 1.1em;color: #34495e\">Kaip veikia dviej\u0173 kamer\u0173 sistema mechani\u0161kai?<\/summary>\n<p style=\"margin-top: 15px;margin-bottom: 0;padding-left: 20px;text-align: justify;color: #555\">\u012erenginys turi du atskirus 18ML rezervuarus, kiekvienas su savo skirta tinklelio spirale. Mechaninis jungiklis \u012frenginio i\u0161or\u0117je fizi\u0161kai nukreipia elektros srov\u0119 i\u0161 baterijos \u012f pasirinkt\u0105 spiral\u0119. \u0160is visi\u0161kas atskyrimas u\u017etikrina, kad botaniniai profiliai niekada nesimai\u0161o, i\u0161laikant nepriekai\u0161ting\u0105 poj\u016b\u010di\u0173 vientisum\u0105 nuo pirmo iki paskutinio \u012fkv\u0117pimo.<\/p>\n<\/details>\n<\/div>\n<div style=\"margin-bottom: 15px;border: 1px solid #e1e8ed;border-radius: 8px;overflow: hidden\">\n<details style=\"background: #ffffff;padding: 15px;cursor: pointer\">\n<summary style=\"font-weight: bold;font-size: 1.1em;color: #34495e\">Kokius konkre\u010dius duomenis teikia i\u0161manusis ekranas?<\/summary>\n<p style=\"margin-top: 15px;margin-bottom: 0;padding-left: 20px;text-align: justify;color: #555\">Integruotas OLED ekranas veikia kaip telemetrijos prietais\u0173 skydelis. Jis pateikia realaus laiko procentinius indikatorius likusiam akumuliatoriaus tarnavimo laikui (pvz., 85%) ir vaizdines ikonografijas, reprezentuojan\u010dias likus\u012f vidinio tirpalo t\u016br\u012f. Tai pa\u0161alina sp\u0117jimus, tradici\u0161kai susijusius su vienkartin\u0117mis garintuv\u0117mis.<\/p>\n<\/details>\n<\/div>\n<div style=\"margin-bottom: 15px;border: 1px solid #e1e8ed;border-radius: 8px;overflow: hidden\">\n<details style=\"background: #ffffff;padding: 15px;cursor: pointer\">\n<summary style=\"font-weight: bold;font-size: 1.1em;color: #34495e\">Kokios yra didmenin\u0117s siuntos ir MOQ s\u0105lygos VapeXYZ?<\/summary>\n<p style=\"margin-top: 15px;margin-bottom: 0;padding-left: 20px;text-align: justify;color: #555\">VapeXYZ specializuojasi lanks\u010dioje B2B platinimo srityje. M\u016bs\u0173 minimalus u\u017esakymo kiekis (MOQ) yra grie\u017etai 10 vienet\u0173, tod\u0117l tai yra labai prieinama parduotuv\u0117ms, norin\u010dioms i\u0161bandyti nauj\u0105 inventori\u0173. Mes naudojam\u0117s patikimais pasauliniais logistikos tinklais, kad u\u017etikrintume greitus ir patikimus pristatymo grafikus, pritaikytus komerciniams poreikiams.<\/p>\n<\/details>\n<\/div>\n<div style=\"margin-bottom: 15px;border: 1px solid #e1e8ed;border-radius: 8px;overflow: hidden\">\n<details style=\"background: #ffffff;padding: 15px;cursor: pointer\">\n<summary style=\"font-weight: bold;font-size: 1.1em;color: #34495e\">Kaip reguliuojamas oro srautas veikia vartotojo patirt\u012f?<\/summary>\n<p style=\"margin-top: 15px;margin-bottom: 0;padding-left: 20px;text-align: justify;color: #555\">Tikslus oro srauto \u017eiedas reguliuoja \u012f \u0161ildymo kamer\u0105 patenkan\u010dio oro t\u016br\u012f.  Apribojant oro sraut\u0105, vartotojai patiria \u0161iltesn\u012f, tankesn\u012f \u012fkv\u0117pim\u0105 (i\u0161 burnos \u012f plau\u010dius), kuris koncentruoja aromatin\u012f profil\u012f.  Atidarius oro sraut\u0105, garai atv\u0117sta ir leid\u017eia laisviau \u012fkv\u0117pti (ribotas-tiesioginis-plau\u010di\u0173), \u017eymiai padidindamas bendr\u0105 gar\u0173 gamyb\u0105 vienam \u012fkv\u0117pimui.<\/p>\n<\/details>\n<\/div>\n<\/section>\n<\/article>","protected":false},"excerpt":{"rendered":"<p><strong>\ud83d\udc4b<\/strong>VOPK ULTRA 40000 Puffs\u00a0galima \u012fsigyti kaip a<strong> <span style=\"color: #ed1c24\">M\u0117gin\u0117li\u0173 d\u0117\u017e\u0117 (1 d\u0117\u017e\u0117, kurioje yra visos 10 skirting\u0173 skoni\u0173).<\/span><\/strong><\/p>\n<p>VOPK ULTRA 40000 Puffs \u012ekraunamas Vienkartinis Garintuvas si\u016blo iki 40 000 \u012fkv\u0117pim\u0173, dvigub\u0105 skonio perjungim\u0105, 36 ml talp\u0105, reguliuojam\u0105 oro sraut\u0105, \u012fkraunam\u0105 850 mAh baterij\u0105 ir dinamin\u012f RGB ekran\u0105, tod\u0117l tai yra puikus pasirinkimas ilgalaikiam, pritaikomam garinimui.<\/p>","protected":false},"featured_media":40639,"comment_status":"open","ping_status":"closed","template":"","meta":{"_lmt_disableupdate":"no","_lmt_disable":""},"product_brand":[],"product_cat":[853,989,947,935,934,927,929,928,930,933,939,932,938,931,936,937,1017,949,1092,946,950,951,953,987],"product_tag":[],"class_list":{"0":"post-40664","1":"product","2":"type-product","3":"status-publish","4":"has-post-thumbnail","6":"product_cat-vopk","7":"product_cat-40000-puff-vapes","8":"product_cat-big-puffs-vapes","9":"product_cat-bulk-buy-disposable-vapes-in-austria","10":"product_cat-bulk-buy-disposable-vapes-in-belgium","11":"product_cat-bulk-buy-disposable-vapes-in-europe","12":"product_cat-bulk-buy-disposable-vapes-in-france","13":"product_cat-bulk-buy-disposable-vapes-in-germany","14":"product_cat-bulk-buy-disposable-vapes-in-italy","15":"product_cat-bulk-buy-disposable-vapes-in-netherlands","16":"product_cat-bulk-buy-disposable-vapes-in-norway","17":"product_cat-bulk-buy-disposable-vapes-in-poland","18":"product_cat-bulk-buy-disposable-vapes-in-portugal","19":"product_cat-bulk-buy-disposable-vapes-in-spain","20":"product_cat-bulk-buy-disposable-vapes-in-sweden","21":"product_cat-bulk-buy-disposable-vapes-in-switzerland","22":"product_cat-buy-best-disposable-vape-flavors","23":"product_cat-digital-box-vapes","24":"product_cat-disposable-vape-variety-pack","25":"product_cat-disposable-vapes-series","26":"product_cat-dual-mesh-vapes","27":"product_cat-lower-nicotine-vapes","28":"product_cat-rechargeable-vapes","29":"product_cat-vape-shop-by-puffs","31":"first","32":"outofstock","33":"shipping-taxable","34":"purchasable","35":"product-type-variable","36":"has-default-attributes"},"jetpack_sharing_enabled":true,"tiered_pricing_type":"fixed","tiered_pricing_fixed_rules":[],"tiered_pricing_product_settings":{"layout":"default","base_unit_name":{"singular":null,"plural":null},"default_variation":null},"tiered_pricing_minimum_quantity":null,"tiered_pricing_roles_data":[],"tiered_pricing_percentage_rules":[],"tiered_pricing_maximum_quantity":null,"tiered_pricing_quantity_step":null,"_links":{"self":[{"href":"https:\/\/vapexyz.com\/lt\/wp-json\/wp\/v2\/product\/40664","targetHints":{"allow":["GET"]}}],"collection":[{"href":"https:\/\/vapexyz.com\/lt\/wp-json\/wp\/v2\/product"}],"about":[{"href":"https:\/\/vapexyz.com\/lt\/wp-json\/wp\/v2\/types\/product"}],"replies":[{"embeddable":true,"href":"https:\/\/vapexyz.com\/lt\/wp-json\/wp\/v2\/comments?post=40664"}],"wp:featuredmedia":[{"embeddable":true,"href":"https:\/\/vapexyz.com\/lt\/wp-json\/wp\/v2\/media\/40639"}],"wp:attachment":[{"href":"https:\/\/vapexyz.com\/lt\/wp-json\/wp\/v2\/media?parent=40664"}],"wp:term":[{"taxonomy":"product_brand","embeddable":true,"href":"https:\/\/vapexyz.com\/lt\/wp-json\/wp\/v2\/product_brand?post=40664"},{"taxonomy":"product_cat","embeddable":true,"href":"https:\/\/vapexyz.com\/lt\/wp-json\/wp\/v2\/product_cat?post=40664"},{"taxonomy":"product_tag","embeddable":true,"href":"https:\/\/vapexyz.com\/lt\/wp-json\/wp\/v2\/product_tag?post=40664"}],"curies":[{"name":"wp","href":"https:\/\/api.w.org\/{rel}","templated":true}]}}