{"id":39512,"date":"2024-11-23T02:48:03","date_gmt":"2024-11-23T02:48:03","guid":{"rendered":"https:\/\/vapexyz.com\/?post_type=product&#038;p=39512"},"modified":"2026-03-06T07:31:15","modified_gmt":"2026-03-06T07:31:15","slug":"vapsva-fihp-40000-puku-dvigubo-skonio-led-ekranas-0-2-5-mazai-nikotino-originalus-gamyklinis-urmu-pirkti-ikraunamas-vienkartinis-vapes-rasiklis-didmenine-prekyba","status":"publish","type":"product","link":"https:\/\/vapexyz.com\/lt\/product\/waspe-fihp-40000-puffs-double-flavor-led-screen-0-2-5-low-nicotine-original-factory-bulk-buy-rechargeable-disposable-vapes-pen-wholesale\/","title":{"rendered":"WASPE AIVIOU 40000 Puffs Dvigubas skonis LED ekranas Didmenin\u0117 pirkimas \u012ekraunamos Vienkartin\u0117s garintuv\u0117s Didmenin\u0117 prekyba"},"content":{"rendered":"<article style=\"font-family: Arial, sans-serif;line-height: 1.6;color: #333;max-width: 100%;margin: 0 auto;padding: 20px\">\n<h2 style=\"color: #2c3e50;border-bottom: 2px solid #3498db;padding-bottom: 10px;margin-top: 30px\">WASPE AIVIOU 40000 Puffs I\u0161leid\u017eiamas Garintuvas: Technin\u0117s Specifikacijos ir Didmenin\u0117s Prekybos Ap\u017evalga<\/h2>\n<p>Sveiki atvyk\u0119 \u012f Vapexyz, j\u016bs\u0173 pagrindin\u012f B2B platintoj\u0105 pa\u017eangi\u0173 garinimo \u012frangos visoje Europos rinkoje, specializuojantis aptarnauti ma\u017emenin\u0117s prekybos tinklus Nyderlanduose, Vokietijoje, Belgijoje ir Ispanijoje. Tur\u0117dami daugiau nei a\u0161tuoneri\u0173 met\u0173 dokumentuot\u0105 patirt\u012f tarptautin\u0117je \u012frangos tiekimo grandin\u0117je, teikiame grie\u017etai patikrintus produktus, atitinkan\u010dius auk\u0161\u010diausius standartus. M\u016bs\u0173 tikslas - tiekti autenti\u0161k\u0105, didel\u0117s talpos \u012frang\u0105 tiesiai i\u0161 gamykl\u0173 \u012f j\u016bs\u0173 ma\u017emenin\u0117s prekybos lentynas.<\/p>\n<p>WASPE AIVIOU 40000 Puffs yra reik\u0161mingas \u017eingsnis \u012f priek\u012f kuriant didel\u0117s talpos \u012frenginius. Sukurtas siekiant ilgaam\u017ei\u0161kumo ir nuoseklaus veikimo, \u0161is vienkartinis garintuvas integruoja pa\u017eangi\u0105 telemetrij\u0105, efektyvi\u0105 termodinamik\u0105 ir tvirt\u0105 energijos tiekimo sistem\u0105. Jis yra idealus sprendimas vartotojams, ie\u0161kantiems didelio i\u0161tverm\u0117s ne\u0161iojamojo garintuvo, ir ma\u017emenininkams, reikalaujantiems patikimos, ma\u017eai defekt\u0173 turin\u010dios prek\u0117s su stipriu rinkos patrauklumu.<\/p>\n<h3 style=\"color: #2c3e50;margin-top: 25px\">In\u017einerin\u0117s specifikacijos ir technin\u0117 architekt\u016bra<\/h3>\n<p>Vienkartinio garintuvo vidin\u0117s architekt\u016bros supratimas yra labai svarbus norint \u012fvertinti jo veikim\u0105 ir rinkos vert\u0119. WASPE AIVIOU modelis yra sukurtas aplink i\u0161sam\u0173 sistem\u0105, skirt\u0105 maksimaliai padidinti jo vidini\u0173 komponent\u0173 tarnavimo laik\u0105, tuo pa\u010diu u\u017etikrinant nuosekl\u0173 vartotojo patyrim\u0105 nuo pirmojo iki paskutinio \u012fkv\u0117pimo.<\/p>\n<p>\u0160io \u012frenginio \u0161irdis yra dviguba tinklelio rit\u0117s konfig\u016bracija, turinti du skirtingus kaitinimo elementus, kuri\u0173 kiekvieno var\u017ea yra 0,9 om\u0173 (0,9\u03a9 + 0,9\u03a9). Termodinaminiu po\u017ei\u016briu tinklelio rit\u0117 turi daug didesn\u012f pavir\u0161iaus plot\u0105 lyginant su tradicin\u0117mis vielos rit\u0117mis. \u0160is padidintas pavir\u0161iaus plotas u\u017etikrina tolygesn\u012f \u0161ilumos paskirstym\u0105 per vis\u0105 sugerian\u010di\u0105 med\u017eiag\u0105. D\u0117l to, \u012frenginio viduje esanti formul\u0117 yra efektyviai i\u0161garinama, neleid\u017eiant vietiniam perkaitimui, kuris gali sukelti skonio pablog\u0117jim\u0105 arba prie\u0161laikin\u012f komponent\u0173 gedim\u0105. Dviguba rit\u0117s s\u0105ranka leid\u017eia naudoti unikali\u0105 \u201cdvigubo profilio\u201d funkcij\u0105, suteikian\u010di\u0105 vartotojams galimyb\u0119 skland\u017eiai pereiti tarp dviej\u0173 skirting\u0173 poj\u016b\u010di\u0173 patir\u010di\u0173.<\/p>\n<p>\u0160ios sistemos maitinim\u0105 u\u017etikrina integruota 850mAh li\u010dio jon\u0173 baterija. \u0160i talpa yra specialiai sukalibruota palaikyti ma\u017eesnio nei omo (0,9\u03a9) tinklelio sistemos energijos s\u0105naudas, i\u0161laikant kompakti\u0161k\u0105, ne\u0161iojam\u0105 form\u0105. \u012etraukus Type-C \u012fkrovimo prievad\u0105, u\u017etikrinamas greitas energijos papildymas, naudojant \u0161iuolaikinius 5V\/1A arba 5V\/2A energijos tiekimo protokolus, siekiant suma\u017einti prastov\u0105.<\/p>\n<p>Be to, prietaisas gali pasigirti precedento neturin\u010diu 36 ml vidaus rezervuaro talpa. Norint valdyti tok\u012f didel\u012f t\u016br\u012f, reikia tikslios i\u0161orin\u0117s architekt\u016bros, kad b\u016bt\u0173 i\u0161vengta perpildymo ar saus\u0173 \u012fkv\u0117pim\u0173. Siekiant pad\u0117ti vartotojui steb\u0117ti \u0161iuos i\u0161teklius, WASPE AIVIOU \u012fmontuotas didelio kontrasto LED ekranas. \u0160is skaitmeninis s\u0105sajas teikia realaus laiko telemetrijos duomenis apie likus\u012f akumuliatoriaus \u012fkrov\u0105 ir vidaus 36 ml rezervuaro i\u0161eikvojimo lyg\u012f, pa\u0161alindamas sp\u0117jimus, kurie tradici\u0161kai siejami su ilgai veikian\u010diais garintuvais.<\/p>\n<table style=\"width: 100%;border-collapse: collapse;margin: 25px 0;font-size: 15px;text-align: left\">\n<thead>\n<tr style=\"background-color: #3498db;color: #ffffff\">\n<th style=\"padding: 12px 15px;border: 1px solid #ddd\">Techninis parametras<\/th>\n<th style=\"padding: 12px 15px;border: 1px solid #ddd\">Specifikacija<\/th>\n<\/tr>\n<\/thead>\n<tbody>\n<tr style=\"background-color: #f8f9fa\">\n<td style=\"padding: 12px 15px;border: 1px solid #ddd;font-weight: bold\">Did\u017eiausias i\u0161vesties paj\u0117gumas<\/td>\n<td style=\"padding: 12px 15px;border: 1px solid #ddd\">Iki 40 000 \u201ePuffs\u201c (i\u0161bandyta ma\u0161ina)<\/td>\n<\/tr>\n<tr>\n<td style=\"padding: 12px 15px;border: 1px solid #ddd;font-weight: bold\">Rezervuaro t\u016bris<\/td>\n<td style=\"padding: 12px 15px;border: 1px solid #ddd\">36 mililitrai (36 ml)<\/td>\n<\/tr>\n<tr style=\"background-color: #f8f9fa\">\n<td style=\"padding: 12px 15px;border: 1px solid #ddd;font-weight: bold\">Akumuliatoriaus elemento specifikacija<\/td>\n<td style=\"padding: 12px 15px;border: 1px solid #ddd\">850mAh \u012ekraunama li\u010dio jon\u0173 baterija<\/td>\n<\/tr>\n<tr>\n<td style=\"padding: 12px 15px;border: 1px solid #ddd;font-weight: bold\">\u0160ildymo architekt\u016bra<\/td>\n<td style=\"padding: 12px 15px;border: 1px solid #ddd\">Dvigubos tinklelio spiral\u0117s (0,9\u03a9 + 0,9\u03a9)<\/td>\n<\/tr>\n<tr style=\"background-color: #f8f9fa\">\n<td style=\"padding: 12px 15px;border: 1px solid #ddd;font-weight: bold\">Stiprumo parinktys<\/td>\n<td style=\"padding: 12px 15px;border: 1px solid #ddd\">0%, 2%, 5% aktyvaus koncentracijos lygiai<\/td>\n<\/tr>\n<tr>\n<td style=\"padding: 12px 15px;border: 1px solid #ddd;font-weight: bold\">Telemetrijos ekranas<\/td>\n<td style=\"padding: 12px 15px;border: 1px solid #ddd\">Integruotas LED (Baterijos veikimo laikas ir rezervuaro lygis)<\/td>\n<\/tr>\n<tr style=\"background-color: #f8f9fa\">\n<td style=\"padding: 12px 15px;border: 1px solid #ddd;font-weight: bold\">\u012ekrovimo s\u0105saja<\/td>\n<td style=\"padding: 12px 15px;border: 1px solid #ddd\">C tipo USB<\/td>\n<\/tr>\n<tr>\n<td style=\"padding: 12px 15px;border: 1px solid #ddd;font-weight: bold\">Prietaiso svoris<\/td>\n<td style=\"padding: 12px 15px;border: 1px solid #ddd\">120 gram\u0173 ( grynasis svoris vienetui)<\/td>\n<\/tr>\n<\/tbody>\n<\/table>\n<h3 style=\"color: #2c3e50;margin-top: 25px\">Empiriniai veiklos rodikliai ir testavimas<\/h3>\n<p>Vertinant vienkartin\u012f garintuv\u0105, galint\u012f atlikti 40 000 \u012fkv\u0117pim\u0173, empiriniai duomenys ir grie\u017etos bandym\u0173 metodologijos yra b\u016btinos norint patikrinti gamintojo teiginius. \u012ekv\u0117pim\u0173 skai\u010diaus \u012fvertinimas gaunamas naudojant standartines pneumatines bandym\u0173 ma\u0161inas, kalibruotas taip, kad imituot\u0173 tam tikr\u0105 \u012fkv\u0117pimo trukm\u0119 (paprastai 1,5\u20132,0 sekund\u0117s) ir oro t\u016br\u012f. Nors realiame pasaulyje naudojimas skiriasi priklausomai nuo individuali\u0173 \u012fkv\u0117pimo \u012fpro\u010di\u0173, pagrindin\u0117 aparat\u016bra yra i\u0161bandoma, kad ji atlaikyt\u0173 ilg\u0105 naudojim\u0105 be katastrofi\u0161ko gedimo.<\/p>\n<p>Operacinio bandymo metu 850mAh baterija demonstruoja labai stabili\u0105 i\u0161krovos kreiv\u0119. Kadangi \u012frenginys naudoja ma\u017eos var\u017eos 0,9\u03a9 tinklelio rit\u0119, jis ima didesn\u0119 srov\u0119 i\u0161 baterijos. Integruota valdymo plok\u0161t\u0117 yra u\u017eprogramuota reguliuoti \u0161\u012f i\u0161\u0117jim\u0105, u\u017etikrinant, kad gar\u0173 gamyba i\u0161lieka pastovi, net kai baterijos \u012ftampa suma\u017e\u0117ja nuo 4,2V iki jos i\u0161jungimo ta\u0161ko (apie 3,2V). I\u0161sikrovus, \u201eType-C\u201c jungtis palengvina piln\u0105 \u012fkrovimo cikl\u0105 ma\u017edaug per 60-80 minu\u010di\u0173, u\u017etikrinant, kad \u012frenginys greitai gr\u012f\u017eta \u012f optimal\u0173 veikim\u0105.<\/p>\n<h3 style=\"color: #2c3e50;margin-top: 25px\">Dvilg\u0117s skonio kombinacijos ir poj\u016b\u010di\u0173 profiliai<\/h3>\n<p>WASPE AIVIOU i\u0161siskiria savo dviej\u0173 kamer\u0173 i\u0161vesties sistema. U\u017euot \u012fsipareigoj\u0119 vienam profiliui vis\u0105 36 ml trukm\u0119, vartotojai gali kaitalioti kruop\u0161\u010diai sukurtus poj\u016b\u010di\u0173 mi\u0161inius. Tai suma\u017eina kvap\u0173 nuovarg\u012f ir pagerina bendr\u0105 vartotojo patirt\u012f. M\u016bs\u0173 didmenin\u0117 katalogas si\u016blo \u0161iuos tikslius derinius:<\/p>\n<ul style=\"list-style-type: none;padding-left: 0;grid-template-columns: repeat(auto-fit, minmax(300px, 1fr));gap: 10px\">\n<li style=\"background: #fdfdfd;border: 1px solid #eee;padding: 10px;border-radius: 4px\">\u2714\ufe0f Arb\u016bz\u0173 ledai ir citrin\u0173-limono skonis<\/li>\n<li style=\"background: #fdfdfd;border: 1px solid #eee;padding: 10px;border-radius: 4px\">\u2714\ufe0f Vy\u0161ni\u0173 Fizz Ledo Kremas &amp; M\u0117lyni\u0173 Saldaini\u0173 Debesys<\/li>\n<li style=\"background: #fdfdfd;border: 1px solid #eee;padding: 10px;border-radius: 4px\">\u2714\ufe0f Bra\u0161ki\u0173 Arb\u016bzas &amp; M\u0117lyni\u0173 Aviet\u0117s<\/li>\n<li style=\"background: #fdfdfd;border: 1px solid #eee;padding: 10px;border-radius: 4px\">\u2714\ufe0f Red Bull led\u0173 ir bra\u0161ki\u0173 mango<\/li>\n<li style=\"background: #fdfdfd;border: 1px solid #eee;padding: 10px;border-radius: 4px\">\u2714\ufe0f Persik\u0173 ledai ir ananas\u0173 mang\u0173<\/li>\n<li style=\"background: #fdfdfd;border: 1px solid #eee;padding: 10px;border-radius: 4px\">Vynuogi\u0173 ledai ir bra\u0161ki\u0173 kivi<\/li>\n<li style=\"background: #fdfdfd;border: 1px solid #eee;padding: 10px;border-radius: 4px\">\u2714\ufe0f Uog\u0173 mi\u0161inys ir dvigubas obuoli\u0173 led\u0173 kremas<\/li>\n<li style=\"background: #fdfdfd;border: 1px solid #eee;padding: 10px;border-radius: 4px\">\u2714\ufe0f M\u0117lyni\u0173, aviet\u0173 ir citrinos g\u0117rimas bei arb\u016bz\u0173 kramtomoji guma<\/li>\n<li style=\"background: #fdfdfd;border: 1px solid #eee;padding: 10px;border-radius: 4px\">\u2714\ufe0f \u017demuog\u0117, Aviet\u0117, Vy\u0161nia &amp; Meil\u0117 666<\/li>\n<li style=\"background: #fdfdfd;border: 1px solid #eee;padding: 10px;border-radius: 4px\">\u2714\ufe0f \u017dem\u0117\u010di\u0173 banan\u0173 ir ananas\u0173 kokoso ledai<\/li>\n<li style=\"background: #fdfdfd;border: 1px solid #eee;padding: 10px;border-radius: 4px\">\u2714\ufe0f Bra\u0161ki\u0173 Arb\u016bz\u0173 Kramtomoji Guma ir Vaisi\u0173 Mi\u0161inys<\/li>\n<li style=\"background: #fdfdfd;border: 1px solid #eee;padding: 10px;border-radius: 4px\">\u2714\ufe0f Cherry Cola led\u0173 ir bra\u0161ki\u0173 avie\u010di\u0173 saldainiai<\/li>\n<li style=\"background: #fdfdfd;border: 1px solid #eee;padding: 10px;border-radius: 4px\">R\u016bg\u0161tus obuoli\u0173 aviet\u0117 ir bra\u0161k\u0117 Big Bang<\/li>\n<li style=\"background: #fdfdfd;border: 1px solid #eee;padding: 10px;border-radius: 4px\">\u2714\ufe0f Persik\u0173 Uog\u0173 &amp; Arb\u016bz\u0173 Mango<\/li>\n<li style=\"background: #fdfdfd;border: 1px solid #eee;padding: 10px;border-radius: 4px\">\u2714\ufe0f M\u0117lyni\u0173 ledai ir Juodojo Drakono ledai<\/li>\n<li style=\"background: #fdfdfd;border: 1px solid #eee;padding: 10px;border-radius: 4px\">\u2714\ufe0f \u017dem\u0117\u010di\u0173 vy\u0161ni\u0173 ir kivio aistros vaisius<\/li>\n<li style=\"background: #fdfdfd;border: 1px solid #eee;padding: 10px;border-radius: 4px\">\u2714\ufe0f Gummi lokys ir bra\u0161ki\u0173 kola<\/li>\n<li style=\"background: #fdfdfd;border: 1px solid #eee;padding: 10px;border-radius: 4px\">\u2714\ufe0f Banan\u0173 Ananas\u0173 Ledai &amp; Red Bull Ledai<\/li>\n<li style=\"background: #fdfdfd;border: 1px solid #eee;padding: 10px;border-radius: 4px\">\u2714\ufe0f Red Bull bra\u0161ki\u0173 ir juod\u0173j\u0173 serbent\u0173 ledai<\/li>\n<li style=\"background: #fdfdfd;border: 1px solid #eee;padding: 10px;border-radius: 4px\">\u2714\ufe0f Trigubas Melon\u0173 Ledo Kremas &amp; Avie\u010di\u0173 Arb\u016bzas<\/li>\n<\/ul>\n<div style=\"background-color: #e8f4f8;border-left: 5px solid #2980b9;padding: 18px;margin: 30px 0;border-radius: 0 8px 8px 0\">\n<h4 style=\"margin-top: 0;color: #2980b9;font-size: 18px\">Pramon\u0117s atitiktis ir kokyb\u0117s u\u017etikrinimas<\/h4>\n<p style=\"margin-bottom: 0\">\u201eVapexyz\u201c i\u0161laikant rinkos autoritet\u0105, reikia grie\u017etai laikytis tarptautini\u0173 standart\u0173. Tokie prietaisai kaip WASPE AIVIOU gaminami gamyklose, kuriose taikomi ISO 9001 kokyb\u0117s valdymo principai. M\u016bs\u0173 Europos B2B klientams u\u017etikriname, kad \u0161ie produktai atitinka pagrindines direktyvas, \u012fskaitant RoHS (pavojing\u0173 med\u017eiag\u0173 apribojim\u0105) ir CE \u017eenklinimo reikalavimus. Tai garantuoja, kad elektroniniai komponentai, akumuliatori\u0173 elementai ir konstrukcin\u0117s med\u017eiagos atitinka saugos standartus, apsaugodami tiek ma\u017emeninink\u0105 nuo atsakomyb\u0117s, tiek galutin\u012f vartotoj\u0105 nuo aparatin\u0117s \u012frangos gedim\u0173.<\/p>\n<\/div>\n<h3 style=\"color: #2c3e50;margin-top: 25px\">Produkt\u0173 \u017einiasklaida ir vaizdin\u0117 dokumentacija<\/h3>\n<p>Per\u017ei\u016br\u0117kite WASPE AIVIOU dizain\u0105, form\u0105 ir operacin\u0119 LED s\u0105saj\u0105 naudodamiesi oficialiais vaizdiniais i\u0161tekliais, pateiktais \u017eemiau. Ergonominis korpusas sukurtas taip, kad subalansuot\u0173 vidin\u012f 36 ml t\u016br\u012f ir baterij\u0105, i\u0161laikant labai ne\u0161iojam\u0105 120 gram\u0173 bendr\u0105 svor\u012f.<\/p>\n<div style=\"text-align: center;margin: 30px 0\"><\/div>\n<div style=\"text-align: center;margin: 30px 0\"><img loading=\"lazy\" decoding=\"async\" class=\"alignnone wp-image-43857 size-full\" style=\"max-width: 100%;height: auto;border-radius: 8px\" src=\"https:\/\/vapexyz.com\/wp-content\/uploads\/2025\/02\/WASPE-FIHP-40000-Puffs-Double-Flavor-LED-Screen-0-2-5-Low-Nicotine-Original-Factory-New-65-scaled.webp\" alt=\"\u201eWaspe Aiviou 40000 Puffs\u201c dvigubo skonio LED ekranas 0% 2% 5% \u017eemos nikotino originalios gamyklos biri\u0173 masi\u0173 pirkti \u012fkraunami vienkartiniai vapes Pen didmenin\u0117 prekyba\" width=\"975\" height=\"2560\" title=\"\" srcset=\"https:\/\/vapexyz.com\/wp-content\/uploads\/2025\/02\/WASPE-FIHP-40000-Puffs-Double-Flavor-LED-Screen-0-2-5-Low-Nicotine-Original-Factory-New-65-scaled.webp 975w, https:\/\/vapexyz.com\/wp-content\/uploads\/2025\/02\/WASPE-FIHP-40000-Puffs-Double-Flavor-LED-Screen-0-2-5-Low-Nicotine-Original-Factory-New-65-scaled-190x500.webp 190w, https:\/\/vapexyz.com\/wp-content\/uploads\/2025\/02\/WASPE-FIHP-40000-Puffs-Double-Flavor-LED-Screen-0-2-5-Low-Nicotine-Original-Factory-New-65-scaled-390x1024.webp 390w, https:\/\/vapexyz.com\/wp-content\/uploads\/2025\/02\/WASPE-FIHP-40000-Puffs-Double-Flavor-LED-Screen-0-2-5-Low-Nicotine-Original-Factory-New-65-scaled-768x2016.webp 768w, https:\/\/vapexyz.com\/wp-content\/uploads\/2025\/02\/WASPE-FIHP-40000-Puffs-Double-Flavor-LED-Screen-0-2-5-Low-Nicotine-Original-Factory-New-65-scaled-585x1536.webp 585w, https:\/\/vapexyz.com\/wp-content\/uploads\/2025\/02\/WASPE-FIHP-40000-Puffs-Double-Flavor-LED-Screen-0-2-5-Low-Nicotine-Original-Factory-New-65-scaled-780x2048.webp 780w, https:\/\/vapexyz.com\/wp-content\/uploads\/2025\/02\/WASPE-FIHP-40000-Puffs-Double-Flavor-LED-Screen-0-2-5-Low-Nicotine-Original-Factory-New-65-scaled-5x12.webp 5w, https:\/\/vapexyz.com\/wp-content\/uploads\/2025\/02\/WASPE-FIHP-40000-Puffs-Double-Flavor-LED-Screen-0-2-5-Low-Nicotine-Original-Factory-New-65-scaled-510x1339.webp 510w\" sizes=\"auto, (max-width: 975px) 100vw, 975px\" \/><\/div>\n<h3 style=\"color: #2c3e50;margin-top: 25px\"><a style=\"color: #3498db;text-decoration: none\" href=\"https:\/\/vapexyz.com\/lt\/produkto-kategorija\/vapsva\/\">Didelis akumuliatorius ir daug skys\u010dio<\/a> \u2013 \u012emoni\u0173 didmenin\u0117 prekyba ir logistika<\/h3>\n<p>Pagrindin\u0117 \u201eVapexyz\u201c kompetencija yra tiekimo grandin\u0117s efektyvumo optimizavimas.  \u201eWASPE AIVIOU 40000 Puffs\u201c ma\u017emenin\u0117s prekybos partneriams yra supakuotas taip, kad b\u016bt\u0173 palengvintas racionalus atsarg\u0173 valdymas ir pardavimo vietos demonstravimas. Kiekvienoje ma\u017emenin\u0117s prekybos d\u0117\u017eut\u0117je yra 10 atskirai u\u017esigilinusi\u0173 vienet\u0173.  Didmenini\u0173 \u012fmoni\u0173 u\u017esakymams pagrindin\u0117je d\u0117\u017e\u0117je yra 160 garintuv\u0173.<\/p>\n<p data-start=\"225\" data-end=\"460\">Duotas 120 gram\u0173 vieneto svoris, pagrindin\u0117 d\u0117\u017e\u0117 sveria ma\u017edaug 19,2 kilogramus prie\u0161 apsaugini\u0173 med\u017eiag\u0173 prid\u0117jim\u0105. \u0160is standartizuotas pakuot\u0117s matmuo leid\u017eia mums apskai\u010diuoti tikslius pristatymo parametrus ir pasi\u016blyti greitus, patikimus pristatymo mar\u0161rutus m\u016bs\u0173 pagrindin\u0117se Europos rinkose. Pasirinkite kokyb\u0119 ir patogum\u0105 su WASPE AIVIOU, didel\u0117s talpos vienkartiniu garintuvu, kuris i\u0161lieka pakankamai kompakti\u0161kas, kad b\u016bt\u0173 galima j\u012f ne\u0161iotis visur. Jis idealiai tinka tiek ma\u017emenin\u0117s prekybos parduotuvi\u0173 platinimui, tiek patikimam asmeniniam naudojimui. Susisiekite su m\u016bs\u0173 B2B pardavimo komanda d\u0117l pakopini\u0173 kain\u0173 modeli\u0173, atitikties dokumentacijos ir dabartini\u0173 speciali\u0173 pasi\u016blym\u0173.<\/p>\n<p style=\"font-weight: bold;color: #2c3e50;text-align: center;font-size: 18px;margin: 40px 0\" data-start=\"462\" data-end=\"522\" data-is-last-node=\"\" data-is-only-node=\"\">Vapexyz \u2013 j\u016bs\u0173 patikimas partneris patikimam vape didmenin\u0117s prekybos platinimui Europoje.<\/p>\n<h3 style=\"color: #2c3e50;margin-top: 40px;border-top: 1px solid #eee;padding-top: 20px\">Pagrindiniai punktai ir didmenin\u0117s prekybos DUK<\/h3>\n<dl style=\"font-family: inherit;margin: 20px 0;background: #fafafa;padding: 20px;border-radius: 8px;border: 1px solid #e0e0e0\">\n<dt style=\"font-weight: bold;font-size: 16px;color: #2c3e50;cursor: default\">Koks yra minimalus u\u017esakymo kiekis (MOQ) WASPE AIVIOU per Vapexyz?<\/dt>\n<dd style=\"margin-left: 0;padding-top: 8px;padding-bottom: 15px;color: #555;border-bottom: 1px solid #ddd\">Kad palaikytume \u012fvairaus dyd\u017eio \u012fmones, m\u016bs\u0173 minimalus u\u017esakymo kiekis (MOQ) nustatytas ties 10 vienetais (lygus vienai ma\u017emenin\u0117s prekybos vitrinos d\u0117\u017eutei). Ta\u010diau, nor\u0117dami maksimaliai padidinti pelno mar\u017eas ir optimizuoti siuntimo svorio santykius, labai rekomenduojame pirkti pagal pagrindin\u0119 d\u0117\u017e\u0119 (160 vienet\u0173).<\/dd>\n<dt style=\"font-weight: bold;font-size: 16px;color: #2c3e50;cursor: default;margin-top: 15px\">Kaip LED ekrano funkcionalumas naudingas galutiniam vartotojui?<\/dt>\n<dd style=\"margin-left: 0;padding-top: 8px;padding-bottom: 15px;color: #555;border-bottom: 1px solid #ddd\">Integruotas skaitmeninis ekranas pakei\u010dia \u012fprast\u0105 sp\u0117jim\u0105, pateikdamas tikslius procentus tiek akumuliatoriaus veikimo laikui, tiek likusiam 36 ml talpyklos t\u016briui. \u0160ie empiriniai duomenys u\u017etikrina, kad vartotojai niekada netik\u0117tai neliks be \u012fkrovos arba turinio.<\/dd>\n<dt style=\"font-weight: bold;font-size: 16px;color: #2c3e50;cursor: default;margin-top: 15px\">Ar \u0161ie garintuvai atitinka Europos platinimo standartus?<\/dt>\n<dd style=\"margin-left: 0;padding-top: 8px;padding-bottom: 15px;color: #555;border-bottom: 1px solid #ddd\">Taip. \u201eVapexyz\u201c kruop\u0161\u010diai tikrina vis\u0105 aparat\u016br\u0105. \u201eWASPE\u201c serija turi b\u016btinus CE ir RoHS \u017eenklus, nurodan\u010dius atitikt\u012f Europos sveikatos, saugos ir aplinkos apsaugos standartams elektronikos prek\u0117ms.<\/dd>\n<dt style=\"font-weight: bold;font-size: 16px;color: #2c3e50;cursor: default;margin-top: 15px\">Kokios stiprumo koncentracijos yra prieinamos didmeninei prekybai?<\/dt>\n<dd style=\"margin-left: 0;padding-top: 8px;padding-bottom: 5px;color: #555\">\u0160ias vienkartines garintuvas galite u\u017esisakyti trimis skirtingomis koncentracijos variantais: 0%, 2% arba 5%. Tai leid\u017eia ma\u017emenininkams tiksliai patenkinti vietini\u0173 gyventoj\u0173 poreikius ir laikytis konkre\u010di\u0173 regionini\u0173 taisykli\u0173.<\/dd>\n<\/dl>\n<\/article>","protected":false},"excerpt":{"rendered":"<p><span class=\"ng-star-inserted\">Atraskite WASPE AIVIOU 40000 Puffs \u012ekraunam\u0105 Vienkartin\u0119 Garintuv\u0105, dabar prieinam\u0105 Vapexyz. \u0160is \u012frenginys si\u016blo i\u0161skirtin\u0119 garinimo patirt\u012f su \u012fsp\u016bdingu 40 000 puf\u0173 talpa ir novatori\u0161ka dviej\u0173 skoni\u0173 technologija, leid\u017eian\u010dia jums perjungti tarp skoni\u0173.<\/span><span class=\"ng-star-inserted\"> Jis maitinamas patvaria 850mAh \u012fkraunama baterija ir turi \u012fvairi\u0173 tinkam\u0173 j\u016bs\u0173 poreikiams pritaikom\u0173 garinimo stiprum\u0173.<span style=\"color: #ed1c24\">(Pra\u0161ome atkreipti d\u0117mes\u012f: \u0160is produktas n\u0117ra pristatomas \u012f \u010cekijos Respublikos teritorij\u0105.)<\/span><\/span><\/p>","protected":false},"featured_media":43801,"comment_status":"open","ping_status":"closed","template":"","meta":{"_lmt_disableupdate":"no","_lmt_disable":""},"product_brand":[],"product_cat":[852,989,1018,947,1019,1020,935,934,927,929,928,930,933,939,932,938,931,936,937,1017,1021,1022,949,946,950,1016,860,1023,1024,1025,1026,1027,951,1028,1029,1030,1031,1032,1033,1034,1035,953,1036,1037,987,1038],"product_tag":[],"class_list":{"0":"post-39512","1":"product","2":"type-product","3":"status-publish","4":"has-post-thumbnail","6":"product_cat-waspe","7":"product_cat-40000-puff-vapes","8":"product_cat-apple-flavor-disposable-vapes","9":"product_cat-big-puffs-vapes","10":"product_cat-blue-razz-flavor-disposable-vapes","11":"product_cat-blueberry-flavor-disposable-vapes","12":"product_cat-bulk-buy-disposable-vapes-in-austria","13":"product_cat-bulk-buy-disposable-vapes-in-belgium","14":"product_cat-bulk-buy-disposable-vapes-in-europe","15":"product_cat-bulk-buy-disposable-vapes-in-france","16":"product_cat-bulk-buy-disposable-vapes-in-germany","17":"product_cat-bulk-buy-disposable-vapes-in-italy","18":"product_cat-bulk-buy-disposable-vapes-in-netherlands","19":"product_cat-bulk-buy-disposable-vapes-in-norway","20":"product_cat-bulk-buy-disposable-vapes-in-poland","21":"product_cat-bulk-buy-disposable-vapes-in-portugal","22":"product_cat-bulk-buy-disposable-vapes-in-spain","23":"product_cat-bulk-buy-disposable-vapes-in-sweden","24":"product_cat-bulk-buy-disposable-vapes-in-switzerland","25":"product_cat-buy-best-disposable-vape-flavors","26":"product_cat-cherry-flavor-disposable-vapes","27":"product_cat-cola-flavor-disposable-vapes","28":"product_cat-digital-box-vapes","29":"product_cat-disposable-vapes-series","30":"product_cat-dual-mesh-vapes","31":"product_cat-european-vape-warehouse","32":"product_cat-fihp","33":"product_cat-grape-flavor-disposable-vapes","34":"product_cat-guava-flavor-disposable-vapes","35":"product_cat-ice-flavor-disposable-vapes","36":"product_cat-kiwi-flavor-disposable-vapes","37":"product_cat-lemon-flavor-disposable-vapes","38":"product_cat-lower-nicotine-vapes","39":"product_cat-lush-flavor-disposable-vapes","40":"product_cat-mango-flavor-disposable-vapes","41":"product_cat-mint-flavor-disposable-vapes","42":"product_cat-mixed-berries-flavor-disposable-vapes","43":"product_cat-passion-fruit-flavor-disposable-vapes","44":"product_cat-peach-flavor-disposable-vapes","45":"product_cat-pineapple-flavor-disposable-vapes","46":"product_cat-raspberry-flavor-disposable-vapes","47":"product_cat-rechargeable-vapes","48":"product_cat-red-bull-flavor-disposable-vapes","49":"product_cat-strawberry-flavor-disposable-vapes","50":"product_cat-vape-shop-by-puffs","51":"product_cat-watermelon-flavor-disposable-vapes","53":"first","54":"instock","55":"shipping-taxable","56":"purchasable","57":"product-type-variable","58":"has-default-attributes"},"jetpack_sharing_enabled":true,"tiered_pricing_type":"fixed","tiered_pricing_fixed_rules":[],"tiered_pricing_product_settings":{"layout":"default","base_unit_name":{"singular":null,"plural":null},"default_variation":null},"tiered_pricing_minimum_quantity":null,"tiered_pricing_roles_data":[],"tiered_pricing_percentage_rules":[],"tiered_pricing_maximum_quantity":null,"tiered_pricing_quantity_step":null,"_links":{"self":[{"href":"https:\/\/vapexyz.com\/lt\/wp-json\/wp\/v2\/product\/39512","targetHints":{"allow":["GET"]}}],"collection":[{"href":"https:\/\/vapexyz.com\/lt\/wp-json\/wp\/v2\/product"}],"about":[{"href":"https:\/\/vapexyz.com\/lt\/wp-json\/wp\/v2\/types\/product"}],"replies":[{"embeddable":true,"href":"https:\/\/vapexyz.com\/lt\/wp-json\/wp\/v2\/comments?post=39512"}],"wp:featuredmedia":[{"embeddable":true,"href":"https:\/\/vapexyz.com\/lt\/wp-json\/wp\/v2\/media\/43801"}],"wp:attachment":[{"href":"https:\/\/vapexyz.com\/lt\/wp-json\/wp\/v2\/media?parent=39512"}],"wp:term":[{"taxonomy":"product_brand","embeddable":true,"href":"https:\/\/vapexyz.com\/lt\/wp-json\/wp\/v2\/product_brand?post=39512"},{"taxonomy":"product_cat","embeddable":true,"href":"https:\/\/vapexyz.com\/lt\/wp-json\/wp\/v2\/product_cat?post=39512"},{"taxonomy":"product_tag","embeddable":true,"href":"https:\/\/vapexyz.com\/lt\/wp-json\/wp\/v2\/product_tag?post=39512"}],"curies":[{"name":"wp","href":"https:\/\/api.w.org\/{rel}","templated":true}]}}