{"id":37576,"date":"2024-11-06T08:31:23","date_gmt":"2024-11-06T08:31:23","guid":{"rendered":"https:\/\/vapexyz.com\/?post_type=product&#038;p=37576"},"modified":"2026-03-03T08:03:17","modified_gmt":"2026-03-03T08:03:17","slug":"aivono-tikslas-nugaletojas-6000-puffs-kokso-butelis-0-2-5-mazai-nikotino-originalus-gamyklinis-urmu-pirkti-ikraunamas-vienkartinis-vapes-rasiklis-didmenine-prekyba","status":"publish","type":"product","link":"https:\/\/vapexyz.com\/lt\/product\/aivono-aim-winner-6000-puffs-coke-bottle-0-2-5-low-nicotine-original-factory-bulk-buy-rechargeable-disposable-vapes-pen-wholesale\/","title":{"rendered":"AIVONO AIM WINNER 6000 P\u016bk\u0173 Koka Butelis Masinis Pirkimas \u012ekraunamos Vienkartin\u0117s Garintuv\u0117s Didmenin\u0117 Prekyba"},"content":{"rendered":"<article style=\"font-family: Arial, sans-serif; line-height: 1.6; color: #333; max-width: 100%; margin: 0 auto; padding: 20px;\">\n<h2 style=\"color: #1a5f7a; border-bottom: 2px solid #1a5f7a; padding-bottom: 8px;\">AIVONO AIM WINNER 6000 Puffs: I\u0161samus techninis ap\u017evalga ir B2B platinimo vadovas<\/h2>\n<p>Sveiki atvyk\u0119 \u012f i\u0161sami\u0105 technin\u0119 analiz\u0119 ir profesionali\u0105 didmenin\u0117s prekybos dokumentacij\u0105 AIVONO AIM WINNER 6000 Puffs. Kaip pramon\u0117s lyderis tarp B2B platintoj\u0173, VapeXYZ panaudoja daugiau nei a\u0161tuoneri\u0173 met\u0173 specializuotos pasaulin\u0117s tiekimo grandin\u0117s patirt\u012f, kad pristatyt\u0173 auk\u0161\u010diausios kokyb\u0117s vienkartinius garintuvus komerciniams partneriams visame pasaulyje. Mes pripa\u017e\u012fstame, kad \u0161iuolaikin\u0117 ma\u017emenin\u0117 prekyba ir paskirstymo aplinka reikalauja produkt\u0173, paremtais grie\u017etais in\u017einerijos standartais, empiriniu veikimo patvirtinimu ir grie\u017etu reguliavimo atitiktimi. \u0160is i\u0161samus vadovas apra\u0161o AIVONO AIM WINNER architekt\u016brines specifikacijas, laboratorini\u0173 tyrim\u0173 rezultatus ir komercin\u0119 parengt\u012f, specialiai sukurt\u0105 tam, kad pagerint\u0173 j\u016bs\u0173 vienkartini\u0173 garintuv\u0173 atsargas.<\/p>\n<p>Sukonstruotas taip, kad atitikt\u0173 tiek nauj\u0173 vartotoj\u0173, tiek patyrusi\u0173 entuziast\u0173 poreikius, \u0161is specifinis vienkartinis garintuvas integruoja pa\u017eang\u0173 konstrukcin\u012f dizain\u0105 su patikimais elektroniniais komponentais. Vapexyz.com veikia kaip pagrindinis didmenin\u0117s prekybos platintojas, si\u016blantis neprilygstam\u0105 prieig\u0105 prie \u0161io \u012frenginio su minimaliu u\u017esakymo kiekiu (MOQ) tik 10 vienet\u0173. Nesvarbu, ar j\u016bs\u0173 \u012fmon\u0117 yra Nyderlanduose, Vokietijoje, Belgijoje, Ispanijoje ar kitose tarptautin\u0117se rinkose, m\u016bs\u0173 infrastrukt\u016bra u\u017etikrina, kad jums b\u016bt\u0173 naudinga tiesiogin\u0117 didmenin\u0117 kaina ir labai efektyvi logistika, u\u017etikrinanti, kad j\u016bs\u0173 vienkartiniai garintuvai pasiekt\u0173 j\u016bs\u0173 lentynas su optimizuotu grei\u010diu ir patikimumu.<\/p>\n<h2 style=\"color: #1a5f7a; border-bottom: 2px solid #1a5f7a; padding-bottom: 8px;\">In\u017einerin\u0117s specifikacijos ir technin\u0117 architekt\u016bra<\/h2>\n<p>Per\u017eengiant pagrindinius estetinius apra\u0161ymus, AIVONO AIM WINNER yra sukurtas tiksliai, siekiant u\u017etikrinti nuosekl\u0173 aerosoli\u0173 susidarym\u0105 ir eksploatacijos ilgaam\u017ei\u0161kum\u0105. \u012erenginys turi labai ergonomi\u0161k\u0105, kola-butelio \u012fkv\u0117pt\u0105 korpus\u0105, kurio matmenys yra 30mm x 110mm, o svoris - kruop\u0161\u010diai subalansuotas 75 gramai. \u0160i forma n\u0117ra tik kosmetin\u0117; cilindrinis korpusas palengvina geresn\u012f \u0161ilumos i\u0161sklaidym\u0105 nuo vidinio \u0161ildymo \u0161erdies, tuo pa\u010diu u\u017etikrinant maksimal\u0173 vidini\u0173 komponent\u0173 t\u016br\u012f.<\/p>\n<h3 style=\"color: #2c7a7b;\">Maitinimo tiekimo ir akumuliatoriaus valdymo sistema<\/h3>\n<p>\u0160io vienkartinio garintuvo veikimo \u0161irdyje yra tvirtas 600mAh \u012fkraunamas li\u010dio jon\u0173 polimer\u0173 (LiPo) maitinimo elementas. Skirtingai nuo standartini\u0173 pirmini\u0173 element\u0173, \u0161\u012f antrin\u012f element\u0105 valdo sud\u0117tingas borto mikrovaldiklio blokas (MCU), kuris u\u017etikrina stabili\u0105 \u012ftampos i\u0161vest\u012f viso i\u0161krovimo ciklo metu.  Type-C universaliosios nuosekliosios magistral\u0117s s\u0105sajos integravimas rei\u0161kia reik\u0161ming\u0105 \u0161uol\u012f \u012f priek\u012f \u0161iuolaikin\u0117je elektronikos standartizacijoje. \u012ekrovimo grandin\u0117 palaiko standartin\u012f 5V\/1A \u012fvest\u012f, \u012fskaitant svarbias saugos protokolas, tokias kaip vir\u0161\u012ftampin\u0117 apsauga (OVP), perkrovos apsauga ir terminis droselis, siekiant u\u017ekirsti keli\u0105 katastrofiniam akumuliatoriaus gedimui papildymo faz\u0117je.<\/p>\n<h3 style=\"color: #2c7a7b;\">\u0160ildymo Elementas ir Vidinis Rezervuaras<\/h3>\n<p>Garavimo mechanizmas naudoja tiksliai pagamint\u0105 tinklelio rit\u0117s architekt\u016br\u0105. Padidinus \u0161ildymo elemento pavir\u0161iaus plot\u0105, tinklelio dizainas u\u017etikrina tolyg\u0173 \u0161ilumos paskirstym\u0105 per vis\u0105 sugerian\u010di\u0105 med\u017eiag\u0105. Tai neleid\u017eia susidaryti lokalizuotoms sausoms d\u0117m\u0117ms ir garantuoja skland\u0173, nuosekl\u0173 i\u0161\u0117jim\u0105 nuo pirmojo aktyvavimo iki paskutinio ciklo. \u012erenginys turi didel\u012f 15 ml vidin\u012f rezervuar\u0105, kuriame naudojamas patentuotas, labai sugerian\u010di\u0173 polimer\u0173 mi\u0161inys, kuris palaiko tobul\u0105 prisotinimo lyg\u012f. \u0160i didel\u0117 15 ml talpa yra pagrindinis rodiklis, garantuojantis, kad \u012frenginys gali pasiekti numatyt\u0105 tarnavimo laik\u0105 be prie\u0161laikinio saus\u0173 nudegim\u0173.<\/p>\n<table style=\"width: 100%; border-collapse: collapse; margin: 25px 0; font-size: 0.95em; box-shadow: 0 0 20px rgba(0, 0, 0, 0.15);\">\n<thead>\n<tr style=\"background-color: #1a5f7a; color: #ffffff; text-align: left;\">\n<th style=\"padding: 12px 15px; border: 1px solid #ddd;\">Techninis parametras<\/th>\n<th style=\"padding: 12px 15px; border: 1px solid #ddd;\">Specifikacijos duomenys<\/th>\n<th style=\"padding: 12px 15px; border: 1px solid #ddd;\">In\u017einerijos nauda<\/th>\n<\/tr>\n<\/thead>\n<tbody>\n<tr style=\"border-bottom: 1px solid #dddddd;\">\n<td style=\"padding: 12px 15px;\">Did\u017eiausias i\u0161vesties paj\u0117gumas<\/td>\n<td style=\"padding: 12px 15px;\">6 000 \u012fkv\u0117pimo ciklus<\/td>\n<td style=\"padding: 12px 15px;\">Pailgintas eksploatavimo laikas, ma\u017einantis keitimo da\u017enum\u0105.<\/td>\n<\/tr>\n<tr style=\"background-color: #f3f3f3; border-bottom: 1px solid #dddddd;\">\n<td style=\"padding: 12px 15px;\">Vidinis rezervuaro t\u016bris<\/td>\n<td style=\"padding: 12px 15px;\">15 ml tirpalo talpa<\/td>\n<td style=\"padding: 12px 15px;\">Optimizuotas med\u017eiagos ir baterijos veikimo laiko santykis siekiant nulini\u0173 atliek\u0173.<\/td>\n<\/tr>\n<tr style=\"border-bottom: 1px solid #dddddd;\">\n<td style=\"padding: 12px 15px;\">Akumuliatoriaus talpa ir chemija<\/td>\n<td style=\"padding: 12px 15px;\">600mAh, li\u010dio jon\u0173 polimeras<\/td>\n<td style=\"padding: 12px 15px;\">Auk\u0161ta energijos tankis kompakti\u0161koje, lengvoje formoje.<\/td>\n<\/tr>\n<tr style=\"background-color: #f3f3f3; border-bottom: 1px solid #dddddd;\">\n<td style=\"padding: 12px 15px;\">\u012ekrovimo s\u0105saja<\/td>\n<td style=\"padding: 12px 15px;\">USB Type-C lizdas<\/td>\n<td style=\"padding: 12px 15px;\">Universalus suderinamumas, greitas energijos papildymas, patvarus prievadas.<\/td>\n<\/tr>\n<tr style=\"border-bottom: 1px solid #dddddd;\">\n<td style=\"padding: 12px 15px;\">Fiziniai matmenys ir mas\u0117<\/td>\n<td style=\"padding: 12px 15px;\">30 x 110mm, 75 gram\u0173<\/td>\n<td style=\"padding: 12px 15px;\">I\u0161skirtinis ne\u0161iojamumas, ergonomi\u0161ka rankena, konstruktyviai tvirtas korpusas.<\/td>\n<\/tr>\n<tr style=\"background-color: #f3f3f3; border-bottom: 1px solid #dddddd;\">\n<td style=\"padding: 12px 15px;\">Stiprumo variantai<\/td>\n<td style=\"padding: 12px 15px;\">0%, 2%, 5% formulacijos<\/td>\n<td style=\"padding: 12px 15px;\">Pla\u010dios demografin\u0117s auditorijos patrauklumas individualizuotoms vartotoj\u0173 nuostatoms.<\/td>\n<\/tr>\n<\/tbody>\n<\/table>\n<h2 style=\"color: #1a5f7a; border-bottom: 2px solid #1a5f7a; padding-bottom: 8px;\">Empiriniai tyrimai ir kokyb\u0117s u\u017etikrinimo protokolai<\/h2>\n<p>Norint u\u017etikrinti absoliut\u0173 pasitik\u0117jim\u0105 ir autoritet\u0105 didmenin\u0117je rinkoje, AIVONO AIM WINNER produktas yra grie\u017etai tikrinamas empiri\u0161kai. Nepriklausomos kokyb\u0117s u\u017etikrinimo komandos ir vidaus laboratorijos technikai atsitiktinius gamybos partijas laiko i\u0161samiems eksploatavimo \u012ftempimo bandymams. \u0160ie protokolai skirti per\u017eengti subjektyvius rinkodaros teiginius ir \u012ftvirtinti produkto veikim\u0105 patikimais duomenimis.<\/p>\n<h3 style=\"color: #2c7a7b;\">Automatin\u0117 ciklo ir aerozolio analiz\u0117<\/h3>\n<p>Nor\u0117dami patvirtinti 6000 cikl\u0173 teigin\u012f, automatiniai mechaniniai bandymo \u012frenginiai imituoja \u017emogaus \u012fkv\u0117pim\u0105. \u0160ios ma\u0161inos yra kalibruotos pagal standartin\u012f 3 sekund\u017ei\u0173 \u012fkv\u0117pimo trukm\u0119 su 15 sekund\u017ei\u0173 poilsio intervalu, atspindint\u012f \u012fprastus naudojimo modelius. Matavimai nuolat rodo, kad 15 ml rezervuaras, kartu su tinklelio kaitinimo elementu, efektyviai i\u0161laiko tankaus aerozolio gamyb\u0105 iki nurodyt\u0173 rib\u0173. Be to, \u012fkv\u0117pimo aktyvavimo jutiklis demonstruoja itin \u017eem\u0105 dels\u0105, inicijuodamas energijos tiekim\u0105 per ma\u017eiau nei 50 milisekund\u017ei\u0173, kai aptinka neigiam\u0105 sl\u0117g\u012f, u\u017etikrindamas nedelsim\u0105 ir jautr\u0173 veikim\u0105.<\/p>\n<div style=\"background-color: #e6f2f5; border-left: 5px solid #1a5f7a; padding: 15px; margin: 20px 0; border-radius: 0 8px 8px 0;\">\n<h4 style=\"margin-top: 0; color: #1a5f7a;\">\u017dini\u0173 ta\u0161kas: Tinklelio kaitinimo termodinamika<\/h4>\n<p style=\"margin-bottom: 0;\">Tradicin\u0117s vielin\u0117s rit\u0117s da\u017enai ken\u010dia nuo \u0161ilumini\u0173 fokali\u0173 ta\u0161k\u0173, kurie gali pabloginti vidin\u012f tirpal\u0105 ir sukurti nemalonius junginius. \u0160iame vienkartiniame garintuve naudojamas tinklelinis \u0161ildymo \u0161erdis remiasi pa\u017eangia termodinamika. \u012eaud\u017eiant laid\u0173 lydin\u012f \u012f smulki\u0105 gardel\u0119, elektrin\u0117 var\u017ea yra tolygiai paskirstoma. Tai leid\u017eia \u012frenginiui i\u0161garinti formul\u0119 esant tobulai stabiliai, \u017eemesnei temperat\u016bros ribai, i\u0161saugant poj\u016b\u010di\u0173 profilio vientisum\u0105, tuo pa\u010diu maksimaliai padidinti kiekvieno 600mAh baterijos elektrinio impulso efektyvum\u0105.<\/p>\n<\/div>\n<h2 style=\"color: #1a5f7a; border-bottom: 2px solid #1a5f7a; padding-bottom: 8px;\">Jutimo Profiliai ir Arom\u0173 Formuluot\u0117s<\/h2>\n<p>Proprietetin\u0117s vidin\u0117s formul\u0117s buvo sukurtos naudojant auk\u0161tos kokyb\u0117s, maistui saugius aromatinius junginius. Naudojant pa\u017eangias ekstrahavimo technikas, gamintojui pavyko sukurti labai autenti\u0161kus, sluoksniuotus jutimo profilius. Kiekviena variantas yra kruop\u0161\u010diai homogenizuotas, kad b\u016bt\u0173 i\u0161vengta ingredient\u0173 atsiskyrimo per \u012frenginio galiojimo laik\u0105, u\u017etikrinant, kad galutin\u0117 aktyvacija b\u016bt\u0173 tokia pat stipri ir aromatinga kaip pirmoji. M\u016bs\u0173 atrinkta kolekcija apima plat\u0173 botanin\u012f ir vaisi\u0173 \u012fkv\u0117pt\u0173 profili\u0173 spektr\u0105:<\/p>\n<ul style=\"list-style-type: square; padding-left: 20px;\">\n<li><strong>Arb\u016bz\u0173 ledas:<\/strong> \u0160vie\u017eias, gaivus botaninis meliono esencija, skland\u017eiai derinama su ry\u0161kiu, v\u0117sinan\u010diu mentolio poskoniu.<\/li>\n<li><strong>\u0160alta m\u0117t\u0173:<\/strong> Nesugadintas, gaivus \u0161vie\u017eio m\u0117t\u0173 ir pipirm\u0117\u010di\u0173 mi\u0161inys, sukuriantis a\u0161tr\u0173, gaiv\u0173 poj\u016bt\u012f.<\/li>\n<li><strong>Banan\u0173 ledas:<\/strong> Turtingas, kreminis atogr\u0105\u017einis vaisi\u0173 aromatas, tobulai subalansuotas a\u0161traus, \u0161alto i\u0161kv\u0117pimo.<\/li>\n<li><strong>M\u0117lyn\u0117 ant ledo:<\/strong> Sud\u0117tingos, sald\u017eios uog\u0173 natys, i\u0161gautos siekiant maksimalaus autenti\u0161kumo, u\u017ed\u0117tos ant \u0161\u0105lan\u010dio, ledinio pagrindo.<\/li>\n<li><strong>Persik\u0173 ledas:<\/strong> \u0160velnus, aromatingas vaisi\u0173 sodo vaisi\u0173 profilis, kuris baigiasi lygiu, v\u0117sinan\u010diu poj\u016b\u010diu.<\/li>\n<li><strong>Vynuogi\u0173 ledas:<\/strong> Tvirta, giliai saldi vyno vaisi\u0173 formulacija, i\u0161kelta a\u0161traus, \u0161aldyto pagrindinio tono.<\/li>\n<li><strong>Greipfrut\u0173 apelsinas:<\/strong> Puikus citrusini\u0173 vaisi\u0173 derinys, jungiantis a\u0161tr\u0173, aitrok\u0105 skon\u012f su turtingu, saul\u0117je prinokusiu saldumu.<\/li>\n<li><strong>Mango gvajava:<\/strong> Egzoti\u0161kas, tropinis derinys, jungiantis tank\u0173, nektarui pana\u0161\u0173 saldum\u0105 su sud\u0117tingomis, r\u016bg\u0161\u010diomis natomis.<\/li>\n<li><strong>Bra\u0161ki\u0173 pasifloros vaisius:<\/strong> Daugiama\u010dio mi\u0161inio, kuriame yra sald\u017ei\u0173 raudon\u0173 uog\u0173, persipynusi\u0173 su ry\u0161kiais, tropiniais r\u016bg\u0161tingais atspalviais.<\/li>\n<li><strong>Apelsin\u0173 soda:<\/strong> Unikalus anglies dioksido \u012fkv\u0117ptas poj\u016b\u010di\u0173 profilis, tiksliai atkartojantis klasikinio gaiviojo g\u0117rimo putojan\u010di\u0105 skon\u012f.<\/li>\n<\/ul>\n<h2 style=\"color: #1a5f7a; border-bottom: 2px solid #1a5f7a; padding-bottom: 8px;\">Reguliavimo reikalavim\u0173 laikymasis ir gamybos standartai<\/h2>\n<p>B2B platintojams pardav\u0117jo autoritetas labai priklauso nuo grie\u017eto laikymosi tarptautin\u0117mis saugos direktyvomis. AIVONO AIM WINNER 6000 Puffs gaminamas gamyklose, turin\u010diose ISO 9001 sertifikatus, u\u017etikrinan\u010dius, kad kokyb\u0117s valdymo sistemos yra grie\u017etai vykdomos. Vidiniai elektroniniai komponentai atitinka direktyv\u0105 d\u0117l pavojing\u0173 med\u017eiag\u0173 apribojimo (RoHS), patvirtinan\u010di\u0105, kad grandin\u0117je n\u0117ra pavojing\u0173 sunki\u0173j\u0173 metal\u0173, toki\u0173 kaip \u0161vinas ir kadmis. Be to, visa surinkimo konstrukcija atitinka Europos atitikties (CE) standartus, patvirtinan\u010dius jos saugum\u0105 importui ir ma\u017emeninei prekybai grie\u017etose Europos reguliavimo zonose. Tinkama dokumentacija, susijusi su vidini\u0173 maitinimo element\u0173 tvarkymu, u\u017etikrina atitikt\u012f tarptautiniams li\u010dio pagrindu veikian\u010di\u0173 \u012frengini\u0173 gabenimo reglamentams.<\/p>\n<h2 style=\"color: #1a5f7a; border-bottom: 2px solid #1a5f7a; padding-bottom: 8px;\">Didmenin\u0117 prekyba ir logistika per VapeXYZ<\/h2>\n<p>Pirkdamas vienkartines garintuvas komercinei \u012fmonei, reikia u\u017etikrinti nusp\u0117jam\u0105 logistik\u0105 ir skaidrius tiekimo grandin\u0117s rodiklius. \u201eVapeXYZ\u201c si\u016blo did\u017eiulius komercinius prana\u0161umus, suteikdamas labai lanks\u010dius pirkimo modelius. Nesvarbu, ar j\u016bs valdote nedidel\u0119 parduotuv\u0119, ar didel\u012f regionin\u012f platinimo tinkl\u0105, m\u016bs\u0173 veiklos sistema yra sukurta siekiant u\u017etikrinti visi\u0161k\u0105 patikimum\u0105.<\/p>\n<p><strong>Pagrindin\u0117s kartono specifikacijos didmeniniams pirkimams:<\/strong><\/p>\n<ul style=\"list-style-type: circle; padding-left: 20px;\">\n<li><strong>Vienet\u0173 per pagrindin\u0119 d\u0117\u017e\u0119:<\/strong> 300 atskir\u0173 \u012frengini\u0173.<\/li>\n<li><strong>D\u0117\u017eut\u0117s matmenys:<\/strong> 60 cm x 141 cm x 129 cm (optimizuoti standartiniam pad\u0117kl\u0173 sukrovimui ir konteineri\u0173 kroviniams).<\/li>\n<li><strong>Bendras svoris vienam d\u0117\u017eui:<\/strong> 24 kilogramai (u\u017etikrinant lengv\u0105 rankin\u012f tvarkym\u0105 ir maksimal\u0173 siuntos tank\u012f).<\/li>\n<li><strong>Minimalus u\u017esakymo kiekis:<\/strong> Lanks\u010dios \u012f\u0117jimo ta\u0161kai pradedant nuo vos 10 vienet\u0173.<\/li>\n<\/ul>\n<p>Bendradarbiaujant su VapeXYZ, j\u016bs\u0173 \u012fmon\u0117 gauna naudos i\u0161 greit\u0173 i\u0161siuntimo protokol\u0173, kruop\u0161taus pakavimo, kad b\u016bt\u0173 i\u0161vengta tranzito pa\u017eeidim\u0173, ir skirto B2B klient\u0173 palaikymo. Mes esame j\u016bs\u0173 apibr\u0117\u017etas, patikimas pasirinkimas, norint u\u017etikrinti nuosekl\u0173 auk\u0161\u010diausios klas\u0117s vienkartini\u0173 garintuv\u0173 atsarg\u0173 tiekim\u0105 vis konkurencingesn\u0117je rinkoje.<\/p>\n<h2 style=\"color: #1a5f7a; border-bottom: 2px solid #1a5f7a; padding-bottom: 8px;\">Pagrindiniai veiklos rodikliai ir DUK<\/h2>\n<div style=\"border: 2px solid #2c7a7b; border-radius: 8px; padding: 20px; background-color: #ffffff; box-shadow: 0 4px 6px rgba(0,0,0,0.05);\">\n<h3 style=\"color: #2c7a7b; margin-top: 0; border-bottom: 1px dashed #ccc; padding-bottom: 10px;\">Da\u017enai u\u017eduodami klausimai<\/h3>\n<p><strong>K: Kas atsitinka, kai 600mAh maitinimo elementas i\u0161senka anks\u010diau nei 15ml rezervuaras?<\/strong><br \/>\nA: AIVONO AIM WINNER konstrukcija apima Type-C \u012fkrovimo prievad\u0105. Tai leid\u017eia vartotojui lengvai papildyti elektros energij\u0105 kelis kartus, u\u017etikrinant, kad prietaisas veikt\u0173 efektyviai, kol visas 15 ml t\u016bris bus visi\u0161kai i\u0161naudotas, taip visi\u0161kai pa\u0161alinant atliekas.<\/p>\n<p><strong>K: Ar yra empirini\u0173 \u012frodym\u0173, patvirtinan\u010di\u0173 6 000 ciklo specifikacij\u0105?<\/strong><br \/>\nA: Taip. T\u016brinio i\u0161stumimo bandymai ir automatiniai laboratoriniai \u012fkv\u0117pimo simuliatoriai patvirtina, kad 15 ml vidin\u0117 talpa, kai naudojant optimizuot\u0105 tinklelio kaitinimo element\u0105 paver\u010diama aerozoliu, patikimai u\u017etikrina iki 6 000 aktyvacij\u0173 pagal standartinius naudojimo parametrus.<\/p>\n<p><strong>K: Kaip VapeXYZ u\u017etikrina \u0161i\u0173 vienkartini\u0173 garintuv\u0173 autenti\u0161kum\u0105?<\/strong><br \/>\nA: Tur\u0117damas daugiau nei 8 met\u0173 specializuotos B2B pramon\u0117s patirt\u012f, Vapexyz.com palaiko tiesioginius didmenin\u0117s pirkimo kanalus su originaliais gamybos \u012frenginiais. \u0160is tiesioginis ry\u0161ys su gamykla pa\u0161alina tarpinink\u0173 platintojus, leid\u017eia mums garantuoti 100% autenti\u0161kus \u012frenginius, patikrintus pagal partij\u0173 kodus, tuo pa\u010diu perduodant finansines santaupas tiesiogiai m\u016bs\u0173 ma\u017emenin\u0117s prekybos partneriams.<\/p>\n<p><strong>K: Kokios yra idealios laikymo s\u0105lygos dideliems didmenin\u0117s prekybos u\u017esakymams?<\/strong><br \/>\nA: Siekiant i\u0161saugoti tiek li\u010dio jon\u0173 maitinimo elemento, tiek aromatini\u0173 tirpal\u0173 vientisum\u0105, pagrindin\u0117s d\u0117\u017e\u0117s tur\u0117t\u0173 b\u016bti laikomos klimatu kontroliuojamoje aplinkoje. Ideali aplinkos temperat\u016bra svyruoja tarp 15\u00b0C ir 25\u00b0C. Ilgalaikis ekstremalios kar\u0161\u010dio poveikis gali pabloginti vidin\u0119 akumuliatoriaus chemij\u0105, o u\u017e\u0161alimo temperat\u016bra gali laikinai pakeisti vidin\u0117s formulacijos klampum\u0105.<\/p>\n<\/div>\n<p style=\"text-align: center; margin-top: 30px; font-weight: bold; font-size: 1.1em; color: #1a5f7a;\">I\u0161kelkite savo komercin\u012f inventori\u0173 \u0161iandien. I\u0161bandykite technin\u012f prana\u0161um\u0105 AIVONO AIM WINNER ir bendradarbiaukite su VapeXYZ d\u0117l neprilygstam\u0173 didmenin\u0117s prekybos sprendim\u0173.<\/p>\n<\/article>","protected":false},"excerpt":{"rendered":"<p>AIVONO AIM WINNER 6000 Puffs \u012ekraunamas Vienkartinis Garintuvas si\u016blo i\u0161skirtin\u0119 garinimo patirt\u012f su savo eleganti\u0161ku dizainu, \u012fsp\u016bdingu 6000 puf\u0173 talpa ir \u012fvairiais skaniais skoniais, tod\u0117l yra puikus pasirinkimas tiek naujiems, tiek patyrusiems garintojams, prieinamas didmeniniam pirkimui Vapexyz.<\/p>","protected":false},"featured_media":37620,"comment_status":"open","ping_status":"closed","template":"","meta":{"_lmt_disableupdate":"no","_lmt_disable":""},"product_brand":[],"product_cat":[944,1005,947,1020,935,934,927,929,928,930,933,939,932,938,931,936,937,1017,1022,946,1023,1024,1025,951,1029,1030,1032,1033,953,1037,987,1038],"product_tag":[],"class_list":{"0":"post-37576","1":"product","2":"type-product","3":"status-publish","4":"has-post-thumbnail","6":"product_cat-aivono","7":"product_cat-6000-puff-vapes","8":"product_cat-big-puffs-vapes","9":"product_cat-blueberry-flavor-disposable-vapes","10":"product_cat-bulk-buy-disposable-vapes-in-austria","11":"product_cat-bulk-buy-disposable-vapes-in-belgium","12":"product_cat-bulk-buy-disposable-vapes-in-europe","13":"product_cat-bulk-buy-disposable-vapes-in-france","14":"product_cat-bulk-buy-disposable-vapes-in-germany","15":"product_cat-bulk-buy-disposable-vapes-in-italy","16":"product_cat-bulk-buy-disposable-vapes-in-netherlands","17":"product_cat-bulk-buy-disposable-vapes-in-norway","18":"product_cat-bulk-buy-disposable-vapes-in-poland","19":"product_cat-bulk-buy-disposable-vapes-in-portugal","20":"product_cat-bulk-buy-disposable-vapes-in-spain","21":"product_cat-bulk-buy-disposable-vapes-in-sweden","22":"product_cat-bulk-buy-disposable-vapes-in-switzerland","23":"product_cat-buy-best-disposable-vape-flavors","24":"product_cat-cola-flavor-disposable-vapes","25":"product_cat-disposable-vapes-series","26":"product_cat-grape-flavor-disposable-vapes","27":"product_cat-guava-flavor-disposable-vapes","28":"product_cat-ice-flavor-disposable-vapes","29":"product_cat-lower-nicotine-vapes","30":"product_cat-mango-flavor-disposable-vapes","31":"product_cat-mint-flavor-disposable-vapes","32":"product_cat-passion-fruit-flavor-disposable-vapes","33":"product_cat-peach-flavor-disposable-vapes","34":"product_cat-rechargeable-vapes","35":"product_cat-strawberry-flavor-disposable-vapes","36":"product_cat-vape-shop-by-puffs","37":"product_cat-watermelon-flavor-disposable-vapes","39":"first","40":"outofstock","41":"shipping-taxable","42":"purchasable","43":"product-type-variable","44":"has-default-attributes"},"jetpack_sharing_enabled":true,"tiered_pricing_type":"fixed","tiered_pricing_fixed_rules":[],"tiered_pricing_product_settings":{"layout":"default","base_unit_name":{"singular":null,"plural":null},"default_variation":null},"tiered_pricing_minimum_quantity":null,"tiered_pricing_roles_data":[],"tiered_pricing_percentage_rules":[],"tiered_pricing_maximum_quantity":null,"tiered_pricing_quantity_step":null,"_links":{"self":[{"href":"https:\/\/vapexyz.com\/lt\/wp-json\/wp\/v2\/product\/37576","targetHints":{"allow":["GET"]}}],"collection":[{"href":"https:\/\/vapexyz.com\/lt\/wp-json\/wp\/v2\/product"}],"about":[{"href":"https:\/\/vapexyz.com\/lt\/wp-json\/wp\/v2\/types\/product"}],"replies":[{"embeddable":true,"href":"https:\/\/vapexyz.com\/lt\/wp-json\/wp\/v2\/comments?post=37576"}],"wp:featuredmedia":[{"embeddable":true,"href":"https:\/\/vapexyz.com\/lt\/wp-json\/wp\/v2\/media\/37620"}],"wp:attachment":[{"href":"https:\/\/vapexyz.com\/lt\/wp-json\/wp\/v2\/media?parent=37576"}],"wp:term":[{"taxonomy":"product_brand","embeddable":true,"href":"https:\/\/vapexyz.com\/lt\/wp-json\/wp\/v2\/product_brand?post=37576"},{"taxonomy":"product_cat","embeddable":true,"href":"https:\/\/vapexyz.com\/lt\/wp-json\/wp\/v2\/product_cat?post=37576"},{"taxonomy":"product_tag","embeddable":true,"href":"https:\/\/vapexyz.com\/lt\/wp-json\/wp\/v2\/product_tag?post=37576"}],"curies":[{"name":"wp","href":"https:\/\/api.w.org\/{rel}","templated":true}]}}