{"id":37236,"date":"2024-11-02T13:34:45","date_gmt":"2024-11-02T13:34:45","guid":{"rendered":"https:\/\/vapexyz.com\/?post_type=product&#038;p=37236"},"modified":"2026-03-01T12:32:03","modified_gmt":"2026-03-01T12:32:03","slug":"vame-crystal-20000-puffs-dvigubo-skonio-skaitmeninis-ekranas-2-mazai-nikotino-originalus-gamyklinis-urmu-pirkti-ikraunamas-vienkartinis-vapes-rasiklis-didmenine-prekyba","status":"publish","type":"product","link":"https:\/\/vapexyz.com\/lt\/product\/vapme-crystal-20000-puffs-double-flavour-digital-screen-2-low-nicotine-original-factory-bulk-buy-rechargeable-disposable-vapes-pen-wholesale\/","title":{"rendered":"VAPME CRYSTAL 20000 Puffs Dvigubas Skonis Skaitmeninis Ekranas Didmenin\u0117 Prekyba \u012ekraunami Vienkartiniai Garintuvai Didmenin\u0117 Prekyba"},"content":{"rendered":"<article style=\"font-family: 'Segoe UI', Tahoma, Geneva, Verdana, sans-serif; line-height: 1.6; color: #333; max-width: 100%; margin: 0 auto; padding: 20px;\">\n<h2 style=\"color: #2c3e50; border-bottom: 2px solid #3498db; padding-bottom: 10px; font-size: 28px;\"><a style=\"color: #3498db; text-decoration: none;\" href=\"https:\/\/vapexyz.com\/lt\/produkto-kategorija\/vapme\/\"> VAPME<\/a> KRISTALAS 20000 Puffs Dvigubas Profilis Skaitmeninis Ekranas 2% Stiprumas \u012ekraunamas <a style=\"color: #3498db; text-decoration: none;\" href=\"https:\/\/vapexyz.com\/lt\/\">Vienkartin\u0117s Vapes<\/a> Ra\u0161iklis<\/h2>\n<p style=\"font-size: 16px; margin-bottom: 20px; text-align: justify;\">Vartojam\u0173j\u0173 \u012fkvepiam\u0173 prietais\u0173 technologin\u0117 aplinka patyr\u0117 grie\u017et\u0105 evoliucij\u0105, kulminuojan\u010di\u0105 in\u017eineriniu stebuklu, kuris yra VAPME CRYSTAL 20000 Puffs prietaisas. Per\u017eengiant elementarius dizainus, \u0161is modelis reprezentuoja paradigmos poslink\u012f i\u0161metam\u0173 garintuv\u0173 sektoriuje, integruodamas pa\u017eangi\u0105 mikroelektronik\u0105, tikslin\u0119 skys\u010di\u0173 dinamik\u0105 ir didelio tankio energijos kaupim\u0105 \u012f vien\u0105, vientis\u0105 blok\u0105. \u201eVapeXYZ\u201c pasinaudojant daugiau nei a\u0161tuoneri\u0173 met\u0173 grie\u017etos didmenin\u0117s prekybos ir kokyb\u0117s u\u017etikrinimo patirtimi, mes kruop\u0161\u010diai i\u0161analizavome \u0161\u012f prietais\u0105, nor\u0117dami patvirtinti jo pozicij\u0105 kaip pagrindin\u012f technin\u0117s \u012frangos sprendim\u0105. Sukonstruotas ilgaam\u017ei\u0161kumui ir pastoviam na\u0161umui, \u0161i sistema naudoja sud\u0117ting\u0105 dviej\u0173 kamer\u0173 tiekimo mechanizm\u0105, leid\u017eiant\u012f vartotojams skland\u017eiai pereiti tarp dviej\u0173 skirting\u0173 poj\u016b\u010di\u0173 profili\u0173. Jis yra i\u0161skirtinai prieinamas atitinkamiems didmeniniams pirkimams per \u201eVapeXYZ\u201c, u\u017etikrinant, kad Europos platintojai gaut\u0173 visi\u0161kai patikrintus, laboratorijoje i\u0161bandytus i\u0161metamus garintuvus, atitinkan\u010dius grie\u017etus pramon\u0117s standartus.<\/p>\n<h3 style=\"color: #2980b9; font-size: 24px; margin-top: 30px;\">Empirinis patvirtinimas ir veiklos metrika<\/h3>\n<p style=\"font-size: 16px; margin-bottom: 20px; text-align: justify;\">Pretenzingos didel\u0117s talpos reikalavimai turi b\u016bti grie\u017etai empiri\u0161kai patvirtinti. M\u016bs\u0173 techninis VAPME CRYSTAL \u012fvertinimas apima grie\u017etus pneumatini\u0173 ma\u0161in\u0173 bandymus, siekiant patikrinti 20 000 pot\u016bgi\u0173 talpos slenkst\u012f. Naudojant automatinius pot\u016bgi\u0173 modeliavimo \u012frenginius, kalibruotus pagal standartinius vartotoj\u0173 \u012fkv\u0117pimo parametrus (paprastai 1,5\u20132,0 sekund\u0117s trukm\u0117s pot\u016bgis, po kurio 30 sekund\u017ei\u0173 pertrauka, leid\u017eianti optimaliai skys\u010dio pasisavinimui), prietaisas demonstruoja i\u0161skirtin\u012f rezervuaro valdym\u0105.<\/p>\n<p style=\"font-size: 16px; margin-bottom: 20px; text-align: justify;\">Nuoseklus i\u0161\u0117jimas labai priklauso nuo optimizuoto kapiliarinio veikimo. Skirtingai nuo standartini\u0173 vienkartini\u0173 garintuv\u0173, kurie ken\u010dia nuo termin\u0117s degradacijos ir suma\u017e\u0117jusio i\u0161\u0117jimo t\u016brio po pirm\u0173j\u0173 5 000 aktyvacij\u0173, VAPME CRYSTAL naudoja patentuot\u0105 tinklelio rit\u0117s architekt\u016br\u0105. \u0160is padidintas pavir\u0161iaus plotas garantuoja, kad vidinis tirpalas yra i\u0161garinamas vienodoje temperat\u016broje, neleid\u017eiant vietiniam perkaitimui ir i\u0161saugant 2% stiprumo formul\u0117s vientisum\u0105 nuo pirmos aktyvacijos iki paskutin\u0117s. \u0160iluminis vaizdavimas did\u017eiausio veikimo metu patvirtina, kad \u0161ilumos i\u0161sklaidymas i\u0161lieka grie\u017etai lokalizuotas atomizacijos kameroje, laikant i\u0161orin\u012f korpus\u0105 v\u0117s\u0173 ir konstruktyviai tvirt\u0105.<\/p>\n<h3 style=\"color: #2980b9; font-size: 24px; margin-top: 30px;\">Pagrindin\u0117s in\u017einerin\u0117s ir technin\u0117s specifikacijos<\/h3>\n<ul style=\"list-style-type: none; padding: 0; margin-bottom: 20px;\">\n<li style=\"background-color: #f9f9f9; border-left: 4px solid #27ae60; margin-bottom: 10px; padding: 15px; border-radius: 4px; box-shadow: 0 1px 3px rgba(0,0,0,0.05);\"><strong style=\"color: #2c3e50; display: block; font-size: 18px;\">Didel\u0117s na\u0161umo talpa (20 000+ aktyvacij\u0173):<\/strong><br \/>\nSukonstruotas su i\u0161pl\u0117stu dvigubu rezervuar\u0173 sistema, prietaisas matemati\u0161kai apskai\u010diuoja skys\u010dio tiekim\u0105, kad b\u016bt\u0173 u\u017etikrintas maksimalus tarnavimo laikas. Organinio medvilninio med\u017eiaginio u\u017epildo prisotinimo greitis yra kalibruotas pagal akumuliatoriaus i\u0161krovimo kreiv\u0119, u\u017etikrinant, kad per ilg\u0105 jo eksploatavimo laik\u0105 nei\u0161kilt\u0173 n\u0117 vienas saus\u0173 degim\u0173 atvejis.<\/li>\n<li style=\"background-color: #f9f9f9; border-left: 4px solid #27ae60; margin-bottom: 10px; padding: 15px; border-radius: 4px; box-shadow: 0 1px 3px rgba(0,0,0,0.05);\"><strong style=\"color: #2c3e50; display: block; font-size: 18px;\">Dvigubo profilio kaitos mechanika:<\/strong><br \/>\nVidin\u0117 architekt\u016bra pasi\u017eymi lygiagre\u010diais, izoliuotais kameromis. Precizi\u0161kai sukurtas svirties mechanizmas nukreipia aerodinamin\u012f sraut\u0105 \u012f atskiras spiralines dalis, leid\u017eiant \u0161vari\u0105, nekontaminuot\u0105 perjungim\u0105 tarp dviej\u0173 skirting\u0173 botanini\u0173 ir aromatini\u0173 mi\u0161ini\u0173. Tai pa\u0161alina poj\u016b\u010di\u0173 nuovarg\u012f, da\u017eniausiai susijus\u012f su vienprofiliais vienkartiniais garintuvais.<\/li>\n<li style=\"background-color: #f9f9f9; border-left: 4px solid #27ae60; margin-bottom: 10px; padding: 15px; border-radius: 4px; box-shadow: 0 1px 3px rgba(0,0,0,0.05);\"><strong style=\"color: #2c3e50; display: block; font-size: 18px;\">I\u0161pl\u0117stin\u0117 li\u010dio jon\u0173 l\u0105stel\u0117 ir Type-C \u012fvestis:<\/strong><br \/>\n\u012erengin\u012f maitina auk\u0161\u010diausios kokyb\u0117s, didelio energijos suvartojimo \u012fkraunama baterija, integruota su \u0161iuolaikine baterijos valdymo sistema (BMS). \u201eType-C\u201c protokolas leid\u017eia greitai ir saugiai papildyti energij\u0105 su \u012fmontuotomis apsaugos grandin\u0117mis nuo perkrovimo, per didelio i\u0161krovimo ir trump\u0173j\u0173 jungim\u0173, u\u017etikrinant baterijos sveikat\u0105 daugkartinio \u012fkrovimo ciklo metu.<\/li>\n<li style=\"background-color: #f9f9f9; border-left: 4px solid #27ae60; margin-bottom: 10px; padding: 15px; border-radius: 4px; box-shadow: 0 1px 3px rgba(0,0,0,0.05);\"><strong style=\"color: #2c3e50; display: block; font-size: 18px;\">Ergonomi\u0161kas ir lengvas korpusas:<\/strong><br \/>\nPagamintas i\u0161 atspari\u0173 sm\u016bgiams, lengv\u0173 polimer\u0173, va\u017eetas yra sukurtas naudojant antropometrinius duomenis, siekiant u\u017etikrinti ergonomin\u012f komfort\u0105 ilgalaikio naudojimo metu. Kompakti\u0161ka forma slepia didel\u012f vidin\u012f t\u016br\u012f, tod\u0117l jis yra labai ne\u0161iojamas.<\/li>\n<\/ul>\n<div style=\"background: linear-gradient(135deg, #e0f7fa 0%, #b2ebf2 100%); border: 1px solid #4dd0e1; border-radius: 8px; padding: 25px; margin: 30px 0; box-shadow: 0 4px 6px rgba(0,0,0,0.05);\">\n<h3 style=\"color: #00838f; margin-top: 0; display: flex; align-items: center; font-size: 22px;\"><span style=\"font-size: 28px; margin-right: 10px;\">\ud83d\udd2c<\/span> B\u016btinos \u017einios: skaitmenin\u0117 telemetrija \u0161iuolaikin\u0117je aparatin\u0117je \u012frangoje<\/h3>\n<p style=\"color: #006064; font-size: 15px; line-height: 1.7; margin-bottom: 0; text-align: justify;\">VAPME CRYSTAL \u012frenginio skaitmeninio ekrano integravimas n\u0117ra tik estetinis papildymas; tai yra svarbus diagnostikos \u012frankis, pagr\u012fstas aparat\u016bros telemetrija. \u012eprasti nestebimi \u012frenginiai da\u017enai sukelia \u201csp\u0117jimo \u017eaidim\u0105\u201d d\u0117l baterijos veikimo laiko ir vidini\u0173 tirpalo lygi\u0173, o tai gali sukelti prie\u0161laikin\u012f \u012frenginio i\u0161metim\u0105 arba nemalon\u0173 termin\u012f degradacij\u0105. VAPME Crystal naudoja mikrovaldiklio blok\u0105 (MCU), kuris nuolat stebi baterijos \u012ftamp\u0105 ir aktyvavimo skai\u010di\u0173. \u0160ie duomenys yra apdorojami ir perduodami \u012f auk\u0161to kontrasto skaitmenin\u012f ekran\u0105, suteikiant vartotojui realaus laiko, veiksmingus metrikus. \u012erengdamas vartotoj\u0105 su empiriniais duomenimis apie \u012frenginio veikimo b\u016bsen\u0105, \u012frenginys u\u017etikrina optimal\u0173 naudojim\u0105, neleid\u017eia giliai i\u0161sikrauti li\u010dio jon\u0173 elemento ir maksimaliai padidina kiekvieno \u012fsigyto vienkartinio garintuvo efektyvum\u0105.<\/p>\n<\/div>\n<h3 style=\"color: #2980b9; font-size: 24px; margin-top: 30px;\">Kuriuoti Aromatini\u0173 Dvilypi\u0173 Profili\u0173<\/h3>\n<p style=\"font-size: 16px; margin-bottom: 20px; text-align: justify;\">VAPME CRYSTAL u\u017eklijuot\u0173 formuluo\u010di\u0173 mokslas apima labai i\u0161grynintus botaninius ekstraktus ir maistinius aromatinius junginius, kruop\u0161\u010diai subalansuotus, kad b\u016bt\u0173 i\u0161vengta rit\u0117s u\u017esikim\u0161imo ir u\u017etikrintas sklandus 2% stiprumo formul\u0117s pateikimas. M\u016bs\u0173 kataloge yra de\u0161imt sud\u0117ting\u0173 dviej\u0173 kamer\u0173 konfig\u016bracij\u0173. Kiekvienas variantas turi pirmin\u012f ir antrin\u012f profil\u012f, kurie harmoningai papildo vienas kit\u0105:<\/p>\n<div style=\"display: grid; grid-template-columns: repeat(auto-fit, minmax(300px, 1fr)); gap: 15px; margin-bottom: 30px;\">\n<div style=\"background-color: #fff; border: 1px solid #e0e0e0; padding: 15px; border-radius: 6px; text-align: center; font-weight: 600; color: #34495e;\">M\u0117lyni\u0173, avie\u010di\u0173 ir arb\u016bzo \u0161altis<\/div>\n<div style=\"background-color: #fff; border: 1px solid #e0e0e0; padding: 15px; border-radius: 6px; text-align: center; font-weight: 600; color: #34495e;\">Bra\u0161ki\u0173 Arb\u016bz\u0173 ir Guav\u0173 Melon\u0173 \u0160erk\u0161nas<\/div>\n<div style=\"background-color: #fff; border: 1px solid #e0e0e0; padding: 15px; border-radius: 6px; text-align: center; font-weight: 600; color: #34495e;\">Vy\u0161ni\u0173 \u0160erk\u0161nas &amp; M\u0117lyni\u0173 Avietini\u0173 Lemonadas<\/div>\n<div style=\"background-color: #fff; border: 1px solid #e0e0e0; padding: 15px; border-radius: 6px; text-align: center; font-weight: 600; color: #34495e;\">Vynuogi\u0173 \u0160erk\u0161nas &amp; Bra\u0161ki\u0173 Kivis<\/div>\n<div style=\"background-color: #fff; border: 1px solid #e0e0e0; padding: 15px; border-radius: 6px; text-align: center; font-weight: 600; color: #34495e;\">Bra\u0161ki\u0173 bananas ir dvigubas obuolys<\/div>\n<div style=\"background-color: #fff; border: 1px solid #e0e0e0; padding: 15px; border-radius: 6px; text-align: center; font-weight: 600; color: #34495e;\">Mi\u0161ri\u0173 Uog\u0173 \u0160erk\u0161nas &amp; Persik\u0173 Mango Ananasas<\/div>\n<div style=\"background-color: #fff; border: 1px solid #e0e0e0; padding: 15px; border-radius: 6px; text-align: center; font-weight: 600; color: #34495e;\">Bra\u0161ki\u0173 \u0160altis &amp; Arb\u016bz\u0173 Kivi\u0173 \u0160altis<\/div>\n<div style=\"background-color: #fff; border: 1px solid #e0e0e0; padding: 15px; border-radius: 6px; text-align: center; font-weight: 600; color: #34495e;\">Energijos mi\u0161inys ir vy\u0161ni\u0173 kola<\/div>\n<div style=\"background-color: #fff; border: 1px solid #e0e0e0; padding: 15px; border-radius: 6px; text-align: center; font-weight: 600; color: #34495e;\">Bra\u0161ki\u0173 Avie\u010di\u0173 &amp; Persik\u0173 \u0160erk\u0161nas<\/div>\n<div style=\"background-color: #fff; border: 1px solid #e0e0e0; padding: 15px; border-radius: 6px; text-align: center; font-weight: 600; color: #34495e;\">Bra\u0161ki\u0173 Mango &amp; Kiviai Pasira\u0161\u0173 vaisius Guava<\/div>\n<\/div>\n<h3 style=\"color: #2980b9; font-size: 24px; margin-top: 30px;\">Institucija, atitiktis ir kokyb\u0117s kontrol\u0117<\/h3>\n<p style=\"font-size: 16px; margin-bottom: 20px; text-align: justify;\">Kaip nusistov\u0117j\u0119s ma\u017emenin\u0117s prekybos sektoriaus autoritetas, VapeXYZ pirmiausia r\u016bpinasi atitiktimi ir konstrukcijos vientisumu. Kiekviena VAPME CRYSTAL \u012frengini\u0173 partija yra tikrinama pagal priimtin\u0105 kokyb\u0117s rib\u0105 (AQL) prie\u0161 patekim\u0105 \u012f m\u016bs\u0173 Europos paskirstymo centrus. \u012erengini\u0173 korpuso ir grandin\u0117s med\u017eiagos atitinka pavojing\u0173 med\u017eiag\u0173 apribojimo (RoHS) direktyvas, u\u017etikrinant, kad kaitinimo elementuose n\u0117ra sunki\u0173j\u0173 metal\u0173. Be to, 2% stiprumo aktyvaus junginio formul\u0117 yra homogenizuojama \u0161variose aplinkose, u\u017etikrinant partij\u0173 nuoseklum\u0105 ir grie\u017et\u0105 atitikt\u012f regioniniams vartotoj\u0173 saugos parametrams, skirtiems vienkartiniams garintuvams.<\/p>\n<h3 style=\"color: #2980b9; font-size: 24px; margin-top: 30px;\">Analitini\u0173 produkt\u0173 palyginimas<\/h3>\n<div style=\"overflow-x: auto; margin-bottom: 30px; box-shadow: 0 4px 15px rgba(0,0,0,0.08); border-radius: 8px;\">\n<table style=\"width: 100%; border-collapse: collapse; font-size: 15px; text-align: left; background-color: #fff;\">\n<thead>\n<tr style=\"background-color: #2c3e50; color: #ffffff;\">\n<th style=\"padding: 18px 20px; border-bottom: 2px solid #1a252f; font-weight: 600;\">Technin\u0117 funkcija<\/th>\n<th style=\"padding: 18px 20px; border-bottom: 2px solid #1a252f; font-weight: 600; background-color: #34495e;\">VAPME KRISTALAS 20000<\/th>\n<th style=\"padding: 18px 20px; border-bottom: 2px solid #1a252f; font-weight: 600;\">Standartiniai vienkartiniai garintuvai<\/th>\n<\/tr>\n<\/thead>\n<tbody>\n<tr style=\"border-bottom: 1px solid #ecf0f1; transition: background-color 0.3s;\">\n<td style=\"padding: 15px 20px; font-weight: 500; color: #2c3e50;\">I\u0161vesties paj\u0117gumas<\/td>\n<td style=\"padding: 15px 20px; background-color: #f8fcfd; color: #16a085; font-weight: bold;\">Patvirtintos 20 000+ aktyvavimo ciklai<\/td>\n<td style=\"padding: 15px 20px; color: #7f8c8d;\">Paprastai 1 000 \u2013 5 000 aktyvacij\u0173<\/td>\n<\/tr>\n<tr style=\"border-bottom: 1px solid #ecf0f1;\">\n<td style=\"padding: 15px 20px; font-weight: 500; color: #2c3e50;\">Energijos papildymas<\/td>\n<td style=\"padding: 15px 20px; background-color: #f8fcfd;\">Type-C greitas protokolas (BMS stebimas)<\/td>\n<td style=\"padding: 15px 20px; color: #7f8c8d;\">Ne\u012fkraunamas \/ Pasen\u0119s USB<\/td>\n<\/tr>\n<tr style=\"border-bottom: 1px solid #ecf0f1;\">\n<td style=\"padding: 15px 20px; font-weight: 500; color: #2c3e50;\">R\u016bm\u0173 architekt\u016bra<\/td>\n<td style=\"padding: 15px 20px; background-color: #f8fcfd;\">Dvigubas Izoliuotas Tinklo (Perjungiamas)<\/td>\n<td style=\"padding: 15px 20px; color: #7f8c8d;\">Vienkamerin\u0117 statin\u0117 kamera<\/td>\n<\/tr>\n<tr style=\"border-bottom: 1px solid #ecf0f1;\">\n<td style=\"padding: 15px 20px; font-weight: 500; color: #2c3e50;\">Aktyvi koncentracija<\/td>\n<td style=\"padding: 15px 20px; background-color: #f8fcfd;\">Tikslioji 2% stiprumo formulacija<\/td>\n<td style=\"padding: 15px 20px; color: #7f8c8d;\">Labai kintamas (da\u017enai 3% iki 5%)<\/td>\n<\/tr>\n<tr>\n<td style=\"padding: 15px 20px; font-weight: 500; color: #2c3e50;\">Diagnostinis ekranas<\/td>\n<td style=\"padding: 15px 20px; background-color: #f8fcfd;\">OLED telemetrijos ekranas<\/td>\n<td style=\"padding: 15px 20px; color: #7f8c8d;\">N\u0117 vienas (Aklas veikimas)<\/td>\n<\/tr>\n<\/tbody>\n<\/table>\n<\/div>\n<h3 style=\"color: #2980b9; font-size: 24px; margin-top: 30px;\">I\u0161sam\u016bs da\u017eniausiai u\u017eduodami klausimai (DUK)<\/h3>\n<div style=\"display: flex; flex-direction: column; gap: 15px; margin-bottom: 30px;\">\n<div style=\"border: 1px solid #dcdde1; border-radius: 8px; overflow: hidden; box-shadow: 0 2px 5px rgba(0,0,0,0.02);\">\n<div style=\"background-color: #f5f6fa; padding: 15px 20px; border-bottom: 1px solid #dcdde1; font-weight: bold; color: #2f3640; font-size: 16px;\">Kaip 20 000 aktyvacij\u0173 eksploatavimo trukm\u0117 yra empiri\u0161kai apskai\u010diuojama ir i\u0161laikoma?<\/div>\n<div style=\"padding: 20px; background-color: #ffffff; color: #576574; font-size: 15px; line-height: 1.6;\">Prietaisas pasiekia \u0161\u012f ekstremal\u0173 tarnavimo laik\u0105 per didelio vidaus skys\u010dio rezervuaro, optimizuotos tinklelio rit\u0117s su tiksliu atsparumu ir \u012fkraunamo li\u010dio jon\u0173 \u0161erdies derin\u012f. Leisdamas vartotojui papildyti energijos tiekim\u0105, \u012frenginys garantuoja, kad kiekvienas vidaus tirpalo la\u0161as yra efektyviai i\u0161garinamas be prie\u0161laikinio baterijos i\u0161sikrovimo, o tai yra \u012fprasta senesni\u0173 vienkartini\u0173 garintuv\u0173 modeli\u0173 yda.<\/div>\n<\/div>\n<div style=\"border: 1px solid #dcdde1; border-radius: 8px; overflow: hidden; box-shadow: 0 2px 5px rgba(0,0,0,0.02);\">\n<div style=\"background-color: #f5f6fa; padding: 15px 20px; border-bottom: 1px solid #dcdde1; font-weight: bold; color: #2f3640; font-size: 16px;\">\u26a1\ufe0f Kokie yra techniniai parametrai saugiam prietaiso \u012fkrovimui?<\/div>\n<div style=\"padding: 20px; background-color: #ffffff; color: #576574; font-size: 15px; line-height: 1.6;\">VAPME CRYSTAL yra \u012frengtas su modernia Type-C \u012fvestimi. Jis sukurtas priimti standartines 5V\/1A arba 5V\/2A \u012fvesties sroves. Vidin\u0117 akumuliatoriaus valdymo sistema (BMS) automati\u0161kai reguliuoja \u012feinan\u010di\u0105 \u012ftamp\u0105, kad i\u0161vengt\u0173 terminio i\u0161b\u0117gimo. Rekomenduojame laikyti prietais\u0105 atokiau nuo ekstremali\u0173 temperat\u016br\u0173 \u012fkrovimo ciklo metu, kad pailg\u0117t\u0173 akumuliatoriaus veikimo laikas.<\/div>\n<\/div>\n<div style=\"border: 1px solid #dcdde1; border-radius: 8px; overflow: hidden; box-shadow: 0 2px 5px rgba(0,0,0,0.02);\">\n<div style=\"background-color: #f5f6fa; padding: 15px 20px; border-bottom: 1px solid #dcdde1; font-weight: bold; color: #2f3640; font-size: 16px;\">Kokia yra tiksli formuluot\u0117s stipryb\u0117 ir kam ji skirta?<\/div>\n<div style=\"padding: 20px; background-color: #ffffff; color: #576574; font-size: 15px; line-height: 1.6;\">\u0160is konkretus modelis naudoja labai kontroliuojam\u0105 2% stiprumo aktyvaus junginio formul\u0119. \u0160i koncentracija yra pla\u010diai pageidaujama Europos rinkose, nes u\u017etikrina nuolat skland\u0173 potrauk\u012f, tuo pa\u010diu atitinkant grie\u017etus vartotoj\u0173 saugos ir chemini\u0173 med\u017eiag\u0173 platinimo slenks\u010dius. Tai idealu vartotojams, ie\u0161kantiems moderuoto, stabilaus potyrio.<\/div>\n<\/div>\n<div style=\"border: 1px solid #dcdde1; border-radius: 8px; overflow: hidden; box-shadow: 0 2px 5px rgba(0,0,0,0.02);\">\n<div style=\"background-color: #f5f6fa; padding: 15px 20px; border-bottom: 1px solid #dcdde1; font-weight: bold; color: #2f3640; font-size: 16px;\">Kokios logistin\u0117s prana\u0161um\u0173 egzistuoja perkant didmeniniu ir dideliais kiekiais per VapeXYZ?<\/div>\n<div style=\"padding: 20px; background-color: #ffffff; color: #576574; font-size: 15px; line-height: 1.6;\">Pirkimas per VapeXYZ garantuoja saugi\u0105 tiekimo grandin\u0117s logistik\u0105. Su ma\u017eu minimaliu u\u017esakymo kiekiu (MOQ) tik 10 vienet\u0173 iki dideli\u0173 didmenini\u0173 partij\u0173, ma\u017emenininkai gali efektyviai valdyti atsargas. Be to, visi m\u016bs\u0173 vienkartiniai garintuvai prie\u0161 i\u0161siuntim\u0105 grie\u017etai kontroliuojami aplinkos ir laikymo s\u0105lyg\u0173 po\u017ei\u016briu, siekiant u\u017etikrinti baterijos stabilum\u0105 ir skys\u010dio vientisum\u0105 atvykus.<\/div>\n<\/div>\n<\/div>\n<p style=\"font-size: 18px; font-weight: bold; text-align: center; margin-top: 40px; color: #2c3e50;\">Pasiruo\u0161\u0119 atnaujinti savo inventori\u0173 su auk\u0161\u010diausios kokyb\u0117s aparat\u016bros telemetrija ir dviej\u0173 kamer\u0173 technologija? \u0160iandien inicijuokite savo didmenin\u012f u\u017esakym\u0105 VapeXYZ ir u\u017etikrinkite rinkoje pirmaujan\u010dias kainas VAPME CRYSTAL 20000 Puffs vienkartiniam garintuvui.<\/p>\n<h2 style=\"font-size: 23.04px; text-align: center; margin-top: 30px;\"><img loading=\"lazy\" decoding=\"async\" class=\"alignnone wp-image-37246 size-full\" style=\"max-width: 100%; height: auto; border-radius: 8px; box-shadow: 0 5px 15px rgba(0,0,0,0.1);\" src=\"https:\/\/vapexyz.com\/wp-content\/uploads\/2024\/11\/VAPME-Crystal-20000-Puffs-Double-Flavour-Digital-Screen-2-Low-Nicotine-Original-Factory-18-scaled.webp\" alt=\"VAPME Crystal 20000 Puffs Dual Profile Skaitmeninis Ekranas 2% Stiprumas Originalios Gamyklos Didmenin\u0117 Prekyba \u012ekraunamos Vienkartin\u0117s Garintuv\u0173 \u0160virk\u0161timo Priemon\u0117s Didmenin\u0117 Prekyba\" width=\"2560\" height=\"1435\" title=\"\" srcset=\"https:\/\/vapexyz.com\/wp-content\/uploads\/2024\/11\/VAPME-Crystal-20000-Puffs-Double-Flavour-Digital-Screen-2-Low-Nicotine-Original-Factory-18-scaled.webp 2560w, https:\/\/vapexyz.com\/wp-content\/uploads\/2024\/11\/VAPME-Crystal-20000-Puffs-Double-Flavour-Digital-Screen-2-Low-Nicotine-Original-Factory-18-500x280.webp 500w, https:\/\/vapexyz.com\/wp-content\/uploads\/2024\/11\/VAPME-Crystal-20000-Puffs-Double-Flavour-Digital-Screen-2-Low-Nicotine-Original-Factory-18-1024x574.webp 1024w, https:\/\/vapexyz.com\/wp-content\/uploads\/2024\/11\/VAPME-Crystal-20000-Puffs-Double-Flavour-Digital-Screen-2-Low-Nicotine-Original-Factory-18-768x430.webp 768w, https:\/\/vapexyz.com\/wp-content\/uploads\/2024\/11\/VAPME-Crystal-20000-Puffs-Double-Flavour-Digital-Screen-2-Low-Nicotine-Original-Factory-18-1536x861.webp 1536w, https:\/\/vapexyz.com\/wp-content\/uploads\/2024\/11\/VAPME-Crystal-20000-Puffs-Double-Flavour-Digital-Screen-2-Low-Nicotine-Original-Factory-18-2048x1148.webp 2048w, https:\/\/vapexyz.com\/wp-content\/uploads\/2024\/11\/VAPME-Crystal-20000-Puffs-Double-Flavour-Digital-Screen-2-Low-Nicotine-Original-Factory-18-18x10.webp 18w, https:\/\/vapexyz.com\/wp-content\/uploads\/2024\/11\/VAPME-Crystal-20000-Puffs-Double-Flavour-Digital-Screen-2-Low-Nicotine-Original-Factory-18-600x336.webp 600w\" sizes=\"auto, (max-width: 2560px) 100vw, 2560px\" \/><\/h2>\n<\/article>","protected":false},"excerpt":{"rendered":"<p>VAPME CRYSTAL 20000 Puffs yra pa\u017eangus \u012fkraunamas vienkartinis garintuvas, si\u016blantis \u012fsp\u016bding\u0105 daugiau nei 20 000 \u012fkv\u0117pim\u0173 talp\u0105, dosni\u0105 20 ml talp\u0105 ir naujovi\u0161k\u0105 dvigub\u0105 skonio patirt\u012f, tod\u0117l jis yra puikus pasirinkimas tiek atsitiktiniams, tiek patyrusiems garintojams.<\/p>","protected":false},"featured_media":37241,"comment_status":"open","ping_status":"closed","template":"","meta":{"_lmt_disableupdate":"no","_lmt_disable":""},"product_brand":[],"product_cat":[856,1002,1018,947,1019,1020,935,934,927,929,928,930,933,939,932,938,931,936,937,1017,1021,1022,948,949,946,1023,1024,1025,1026,1027,951,1029,1031,1032,1033,1034,1035,953,1037,987,1038],"product_tag":[],"class_list":{"0":"post-37236","1":"product","2":"type-product","3":"status-publish","4":"has-post-thumbnail","6":"product_cat-vapme","7":"product_cat-20000-puff-vapes","8":"product_cat-apple-flavor-disposable-vapes","9":"product_cat-big-puffs-vapes","10":"product_cat-blue-razz-flavor-disposable-vapes","11":"product_cat-blueberry-flavor-disposable-vapes","12":"product_cat-bulk-buy-disposable-vapes-in-austria","13":"product_cat-bulk-buy-disposable-vapes-in-belgium","14":"product_cat-bulk-buy-disposable-vapes-in-europe","15":"product_cat-bulk-buy-disposable-vapes-in-france","16":"product_cat-bulk-buy-disposable-vapes-in-germany","17":"product_cat-bulk-buy-disposable-vapes-in-italy","18":"product_cat-bulk-buy-disposable-vapes-in-netherlands","19":"product_cat-bulk-buy-disposable-vapes-in-norway","20":"product_cat-bulk-buy-disposable-vapes-in-poland","21":"product_cat-bulk-buy-disposable-vapes-in-portugal","22":"product_cat-bulk-buy-disposable-vapes-in-spain","23":"product_cat-bulk-buy-disposable-vapes-in-sweden","24":"product_cat-bulk-buy-disposable-vapes-in-switzerland","25":"product_cat-buy-best-disposable-vape-flavors","26":"product_cat-cherry-flavor-disposable-vapes","27":"product_cat-cola-flavor-disposable-vapes","28":"product_cat-crystal-vapes","29":"product_cat-digital-box-vapes","30":"product_cat-disposable-vapes-series","31":"product_cat-grape-flavor-disposable-vapes","32":"product_cat-guava-flavor-disposable-vapes","33":"product_cat-ice-flavor-disposable-vapes","34":"product_cat-kiwi-flavor-disposable-vapes","35":"product_cat-lemon-flavor-disposable-vapes","36":"product_cat-lower-nicotine-vapes","37":"product_cat-mango-flavor-disposable-vapes","38":"product_cat-mixed-berries-flavor-disposable-vapes","39":"product_cat-passion-fruit-flavor-disposable-vapes","40":"product_cat-peach-flavor-disposable-vapes","41":"product_cat-pineapple-flavor-disposable-vapes","42":"product_cat-raspberry-flavor-disposable-vapes","43":"product_cat-rechargeable-vapes","44":"product_cat-strawberry-flavor-disposable-vapes","45":"product_cat-vape-shop-by-puffs","46":"product_cat-watermelon-flavor-disposable-vapes","48":"first","49":"instock","50":"shipping-taxable","51":"purchasable","52":"product-type-variable","53":"has-default-attributes"},"jetpack_sharing_enabled":true,"tiered_pricing_type":"fixed","tiered_pricing_fixed_rules":[],"tiered_pricing_product_settings":{"layout":"default","base_unit_name":{"singular":null,"plural":null},"default_variation":null},"tiered_pricing_minimum_quantity":null,"tiered_pricing_roles_data":[],"tiered_pricing_percentage_rules":[],"tiered_pricing_maximum_quantity":null,"tiered_pricing_quantity_step":null,"_links":{"self":[{"href":"https:\/\/vapexyz.com\/lt\/wp-json\/wp\/v2\/product\/37236","targetHints":{"allow":["GET"]}}],"collection":[{"href":"https:\/\/vapexyz.com\/lt\/wp-json\/wp\/v2\/product"}],"about":[{"href":"https:\/\/vapexyz.com\/lt\/wp-json\/wp\/v2\/types\/product"}],"replies":[{"embeddable":true,"href":"https:\/\/vapexyz.com\/lt\/wp-json\/wp\/v2\/comments?post=37236"}],"wp:featuredmedia":[{"embeddable":true,"href":"https:\/\/vapexyz.com\/lt\/wp-json\/wp\/v2\/media\/37241"}],"wp:attachment":[{"href":"https:\/\/vapexyz.com\/lt\/wp-json\/wp\/v2\/media?parent=37236"}],"wp:term":[{"taxonomy":"product_brand","embeddable":true,"href":"https:\/\/vapexyz.com\/lt\/wp-json\/wp\/v2\/product_brand?post=37236"},{"taxonomy":"product_cat","embeddable":true,"href":"https:\/\/vapexyz.com\/lt\/wp-json\/wp\/v2\/product_cat?post=37236"},{"taxonomy":"product_tag","embeddable":true,"href":"https:\/\/vapexyz.com\/lt\/wp-json\/wp\/v2\/product_tag?post=37236"}],"curies":[{"name":"wp","href":"https:\/\/api.w.org\/{rel}","templated":true}]}}