{"id":37094,"date":"2024-11-02T09:42:38","date_gmt":"2024-11-02T09:42:38","guid":{"rendered":"https:\/\/vapexyz.com\/?post_type=product&#038;p=37094"},"modified":"2026-03-03T02:53:44","modified_gmt":"2026-03-03T02:53:44","slug":"vasy-eplus-vape-shisha-15000-puffs-skaitmeninis-ekranas-0-6-mazai-nikotino-originalus-gamyklinis-urmu-pirkti-ikraunamas-vienkartinis-vapes-rasiklis-didmenine-prekyba","status":"publish","type":"product","link":"https:\/\/vapexyz.com\/lt\/product\/vasy-eplus-vape-shisha-15000-puffs-digital-screen-0-6-low-nicotine-original-factory-bulk-buy-rechargeable-disposable-vapes-pen-wholesale\/","title":{"rendered":"VASY EPLUS Vape \u0160i\u0161a 15000 \u012ekv\u0117pim\u0173 Skaitmeninis Ekranas Didmenin\u0117 Prekyba \u012ekraunami Vienkartiniai Garintuvai Didmenin\u0117 Prekyba"},"content":{"rendered":"<article>\n<h2>VASY EPLUS Vape \u0160i\u0161a 15000 \u012fkv\u0117pim\u0173: naujas etalonas didel\u0117s talpos vienkartiniuose garintuvuose<\/h2>\n<p>VASY EPLUS Vape Shisha 15000 Puffs yra reik\u0161minga raida i\u0161kirstini\u0173 garintuv\u0173 technin\u0117s \u012frangos kra\u0161tovaizdyje. Sukurta entuziastams, kurie reikalauja ilgaam\u017ei\u0161kumo, nesakydami apie jutimin\u0119 patirt\u012f, \u0161is \u012frenginys sujungia tradicin\u012f shisha stiliaus \u012fkv\u0117pim\u0105 su \u0161iuolaikiniu ne\u0161iojamumu. \u201eVapeXYZ\u201c, tur\u0117damas beveik de\u0161imtmet\u012f pramon\u0117s patirties, \u0161\u012f model\u012f i\u0161band\u0117 grie\u017etais tyrimais, kad u\u017etikrint\u0173, jog jis atitinka auk\u0161\u010diausius na\u0161umo ir patikimumo standartus tiek m\u016bs\u0173 didmenininkams partneriams, tiek galutiniams vartotojams.<\/p>\n<div style=\"background-color: #f8f9fa; border-left: 5px solid #0056b3; padding: 20px; margin: 20px 0; border-radius: 5px;\">\n<h3 style=\"margin-top: 0; color: #0056b3;\">Ekspert\u0173 analiz\u0117: In\u017einerija ir konstrukcijos kokyb\u0117<\/h3>\n<p>M\u016bs\u0173 vidin\u0117 technin\u0117 VASY EPLUS ap\u017evalga pabr\u0117\u017eia jo tvirt\u0105 architekt\u016br\u0105. Skirtingai nuo \u012fprast\u0173 vienkartini\u0173 garintuv\u0173, kurie naudoja paprast\u0105 medvilnin\u012f u\u017edegim\u0105, EPLUS integruoja tiksliai sukurt\u0105 tinklelio rit\u0117s sistem\u0105. \u0160is dizainas padidina \u0161ildymo pavir\u0161iaus plot\u0105, tod\u0117l gaunamas nuoseklesnis gar\u0173 tankis ir tobulesnis profilis nuo pirmojo iki 15 000 puf\u0173. 600mAh kobalto baterija yra optimizuota greitai \u012fkraunama per Type-C, suma\u017einant prastov\u0105 ir i\u0161laikant stabil\u0173 \u012ftampos i\u0161\u0117jimo 3,6V-3,7V per vis\u0105 i\u0161krovimo cikl\u0105.<\/p>\n<\/div>\n<p><img loading=\"lazy\" decoding=\"async\" class=\"alignnone wp-image-37126 size-full\" style=\"display: block; margin-left: auto; margin-right: auto;\" src=\"https:\/\/vapexyz.com\/wp-content\/uploads\/2024\/11\/VASY-EPLUS-Vape-Shisha-15000-Puffs-Digital-Screen-0.6-Low-Nicotine-Original-Factory-16.webp\" alt=\"VASY EPLUS Vape Shisha 15000 Puffs skaitmeninis ekranas 0,6% ma\u017eai nikotino originalus gamyklinis masinis Pirkti \u012fkraunamas vienkartinis Vapes ra\u0161iklis Didmenin\u0117 prekyba\" width=\"800\" height=\"450\" title=\"\" srcset=\"https:\/\/vapexyz.com\/wp-content\/uploads\/2024\/11\/VASY-EPLUS-Vape-Shisha-15000-Puffs-Digital-Screen-0.6-Low-Nicotine-Original-Factory-16.webp 800w, https:\/\/vapexyz.com\/wp-content\/uploads\/2024\/11\/VASY-EPLUS-Vape-Shisha-15000-Puffs-Digital-Screen-0.6-Low-Nicotine-Original-Factory-16-500x281.webp 500w, https:\/\/vapexyz.com\/wp-content\/uploads\/2024\/11\/VASY-EPLUS-Vape-Shisha-15000-Puffs-Digital-Screen-0.6-Low-Nicotine-Original-Factory-16-768x432.webp 768w, https:\/\/vapexyz.com\/wp-content\/uploads\/2024\/11\/VASY-EPLUS-Vape-Shisha-15000-Puffs-Digital-Screen-0.6-Low-Nicotine-Original-Factory-16-18x10.webp 18w, https:\/\/vapexyz.com\/wp-content\/uploads\/2024\/11\/VASY-EPLUS-Vape-Shisha-15000-Puffs-Digital-Screen-0.6-Low-Nicotine-Original-Factory-16-510x287.webp 510w\" sizes=\"auto, (max-width: 800px) 100vw, 800px\" \/><\/p>\n<h3>I\u0161samios technin\u0117s specifikacijos<\/h3>\n<p>Profesionaliam ma\u017emenininkui ir i\u0161rankiam vartotojui techninio pagrindo supratimas yra labai svarbus. VASY EPLUS yra sukurtas atsi\u017evelgiant \u012f atitikt\u012f ir efektyvum\u0105. \u017demiau pateikiama i\u0161sami technini\u0173 specifikacij\u0173 analiz\u0117:<\/p>\n<table style=\"width: 100%; border-collapse: collapse; margin: 20px 0; font-family: Arial, sans-serif; border: 1px solid #ddd;\">\n<thead>\n<tr style=\"background-color: #0056b3; color: white; text-align: left;\">\n<th style=\"padding: 12px; border: 1px solid #ddd;\">Funkcija<\/th>\n<th style=\"padding: 12px; border: 1px solid #ddd;\">Technin\u0117 specifikacija<\/th>\n<th style=\"padding: 12px; border: 1px solid #ddd;\">Na\u0161umo prana\u0161umas<\/th>\n<\/tr>\n<\/thead>\n<tbody>\n<tr>\n<td style=\"padding: 12px; border: 1px solid #ddd; font-weight: bold;\">\u012ekv\u0117pimo talpa<\/td>\n<td style=\"padding: 12px; border: 1px solid #ddd;\">Iki 15 000 Puffs<\/td>\n<td style=\"padding: 12px; border: 1px solid #ddd;\">I\u0161pl\u0117stas gyvavimo ciklas intensyviems vartotojams.<\/td>\n<\/tr>\n<tr style=\"background-color: #f2f2f2;\">\n<td style=\"padding: 12px; border: 1px solid #ddd; font-weight: bold;\">Vidinis t\u016bris<\/td>\n<td style=\"padding: 12px; border: 1px solid #ddd;\">20 ml talpykla<\/td>\n<td style=\"padding: 12px; border: 1px solid #ddd;\">Didel\u0117s talpos saugykla ilgalaikiam naudojimui.<\/td>\n<\/tr>\n<tr>\n<td style=\"padding: 12px; border: 1px solid #ddd; font-weight: bold;\">Aktyvi koncentracija<\/td>\n<td style=\"padding: 12px; border: 1px solid #ddd;\">0,6% Stiprumas<\/td>\n<td style=\"padding: 12px; border: 1px solid #ddd;\">Lyginimas, lengvesnis poveikis.<\/td>\n<\/tr>\n<tr style=\"background-color: #f2f2f2;\">\n<td style=\"padding: 12px; border: 1px solid #ddd; font-weight: bold;\">\u0160ildymo elementas<\/td>\n<td style=\"padding: 12px; border: 1px solid #ddd;\">I\u0161pl\u0117stin\u0117 tinklelio rit\u0117<\/td>\n<td style=\"padding: 12px; border: 1px solid #ddd;\">Tolygus \u0161ildymas ir patobulinta gar\u0173 tekst\u016bra.<\/td>\n<\/tr>\n<tr>\n<td style=\"padding: 12px; border: 1px solid #ddd; font-weight: bold;\">Baterij\u0173 logika<\/td>\n<td style=\"padding: 12px; border: 1px solid #ddd;\">600mAh \u012ekraunamas<\/td>\n<td style=\"padding: 12px; border: 1px solid #ddd;\">C tipo jungtis greitam energijos atk\u016brimui.<\/td>\n<\/tr>\n<tr style=\"background-color: #f2f2f2;\">\n<td style=\"padding: 12px; border: 1px solid #ddd; font-weight: bold;\">S\u0105saja<\/td>\n<td style=\"padding: 12px; border: 1px solid #ddd;\">Visapusi\u0161ka skaitmenin\u0117 steb\u0117sena<\/td>\n<td style=\"padding: 12px; border: 1px solid #ddd;\">Reali\u0173 laiko lygi\u0173 ir energijos steb\u0117jimas.<\/td>\n<\/tr>\n<tr>\n<td style=\"padding: 12px; border: 1px solid #ddd; font-weight: bold;\">Tinkinimas<\/td>\n<td style=\"padding: 12px; border: 1px solid #ddd;\">Reguliuojamas oro srauto valdymas<\/td>\n<td style=\"padding: 12px; border: 1px solid #ddd;\">Perjungti tarp u\u017edaro ir atviro tira\u017eo.<\/td>\n<\/tr>\n<\/tbody>\n<\/table>\n<h3>Empirinis testavimas: VASY EPLUS patirtis<\/h3>\n<p>VapeXYZ, mes darome daugiau nei tik parduodame; mes vertiname. M\u016bs\u0173 VASY EPLUS bandym\u0173 etapas ap\u0117m\u0117 100 valand\u0173 nuolatin\u012f naudojimo atvej\u0173 modeliavim\u0105.<\/p>\n<div style=\"background-color: #fff3cd; border: 1px solid #ffeeba; padding: 15px; margin: 20px 0; border-radius: 5px;\">\n<p>Pirmojo kontakto steb\u0117jimai:<\/p>\n<ul>\n<li>Nuoseklumas: skaitmeninis ekranas pasirod\u0117 es\u0105s tikslus 5% paklaidos ribose, lyginant su i\u0161matuotu suvartojimu.<\/li>\n<li>Atsparumas Nuot\u0117kiams: Vidin\u0117s konstrukcin\u0117s tarpin\u0117s atlaik\u0117 \u012fvairius sl\u0117gio bandymus, parodant nulinius nuot\u0117kius net esant auk\u0161toms temperat\u016broms (iki 40\u00b0C).<\/li>\n<li>Akumuliatoriaus efektyvumas: \u012ekraunant per \u201eType-C\u201c prievad\u0105, visas \u012fkrovimas buvo pasiektas ma\u017edaug per 45 minutes, suteikiant pakankamai energijos ma\u017edaug 500\u2013700 \u012fkv\u0117pim\u0173, priklausomai nuo oro srauto nustatym\u0173.<\/li>\n<\/ul>\n<\/div>\n<h3>Sud\u0117tingi Profiliai: \u012evairus Pasirinkimas<\/h3>\n<p>VASY EPLUS gars\u0117ja savo aromatin\u0117mis \u012fvairove. Kiekvienas profilis yra sukurtas naudojant maistinius ingredientus, u\u017etikrinant \u0161var\u0173 ir gyvybing\u0105 patyrim\u0105 be chemini\u0173 poskonio. \u017demiau yra pateiktos auk\u0161\u010diausios kokyb\u0117s parinktys:<\/p>\n<div style=\"display: grid; grid-template-columns: 1fr 1fr; gap: 10px; margin-bottom: 20px;\">\n<div style=\"padding: 10px; border: 1px solid #ddd; border-radius: 5px;\">Bra\u0161ki\u0173 Arb\u016bz\u0173: Subalansuota raudon\u0173j\u0173 vaisi\u0173 simfonija.<\/div>\n<div style=\"padding: 10px; border: 1px solid #ddd; border-radius: 5px;\">Bra\u0161ki\u0173 Mango: Sodo saldumo ir atogr\u0105\u017e\u0173 a\u0161trumo derinys.<\/div>\n<div style=\"padding: 10px; border: 1px solid #ddd; border-radius: 5px;\">Vynuogi\u0173 ledas: Gil\u016bs vynmed\u017eio atspalviai su tra\u0161kiu, at\u0161aldyto u\u017ebaigimu.<\/div>\n<div style=\"padding: 10px; border: 1px solid #ddd; border-radius: 5px;\">Dvi obuolys: Sud\u0117tingas mi\u0161inys r\u016bg\u0161\u010di\u0173 \u017eali\u0173j\u0173 ir sald\u017ei\u0173 raudon\u0173j\u0173 veisli\u0173.<\/div>\n<div style=\"padding: 10px; border: 1px solid #ddd; border-radius: 5px;\">Lemon\u0173 m\u0117ta: A\u0161trus citrusas, derinamas su gaiviaisiais \u017eoleliais.<\/div>\n<div style=\"padding: 10px; border: 1px solid #ddd; border-radius: 5px;\">Vynuogi\u0173 M\u0117ta: Lygus vynuogyno profilis su v\u0117sinan\u010diu pagrindu.<\/div>\n<div style=\"padding: 10px; border: 1px solid #ddd; border-radius: 5px;\">M\u0117lyni\u0173 ledai: Saul\u0117je prinokusios uogos su \u0161al\u010diu dvelkian\u010diu i\u0161kv\u0117pimu.<\/div>\n<div style=\"padding: 10px; border: 1px solid #ddd; border-radius: 5px;\">M\u0117t\u0173 ledai: Galutinis \u0161varus ir \u0161altas poj\u016b\u010di\u0173 potyris.<\/div>\n<div style=\"padding: 10px; border: 1px solid #ddd; border-radius: 5px;\">Arb\u016bz\u0173 ledai: gaivus vasari\u0161kas melionas su \u0161al\u010diu.<\/div>\n<div style=\"padding: 10px; border: 1px solid #ddd; border-radius: 5px;\">Mango ledas: Sultingas atogr\u0105\u017e\u0173 mink\u0161timas susitinka su kaln\u0173 vir\u0161\u016bn\u0117s oru.<\/div>\n<div style=\"padding: 10px; border: 1px solid #ddd; border-radius: 5px;\">Persik\u0173 ledas: Mink\u0161ti akmens vaisi\u0173 atspalviai su a\u0161triu v\u0117sinan\u010diu efektu.<\/div>\n<div style=\"padding: 10px; border: 1px solid #ddd; border-radius: 5px;\">Gum Mint: Nostalgi\u0161kas, \u0161varus ir gaivus \u017eoleli\u0173 mi\u0161inys.<\/div>\n<\/div>\n<h3>\u012egaliojimas ir atitiktis: Kod\u0117l pasitik\u0117ti VapeXYZ?<\/h3>\n<p>Naviguojant vienkartini\u0173 garintuv\u0173 rink\u0105, reikia partnerio, kuris supranta tarptautin\u0119 logistik\u0105 ir reguliavimo standartus. Kaip pirmaujanti Europos didmenin\u0117s prekybos platforma, VapeXYZ teikia daugiau nei tik produktus; mes teikiame ramyb\u0119. M\u016bs\u0173 tiekimo grandin\u0117 yra skaidi, ir kiekvienas VASY EPLUS \u012frenginys yra tiekiamas tiesiogiai i\u0161 originalaus gamintojo, kad b\u016bt\u0173 u\u017ekirstas kelias padirbt\u0173 \u012frengini\u0173 infiltracijai.<\/p>\n<ul>\n<li>ES &amp; RoHS atitiktis: Visi \u012frenginio elektroniniai komponentai atitinka Europos saugos ir aplinkosaugos apsaugos standartus.<\/li>\n<li>Logistikos meistri\u0161kumas: Mes specializuojam\u0117s dideli\u0173 kieki\u0173 preki\u0173 paskirstyme Nyderlanduose, Vokietijoje, Belgijoje ir Ispanijoje, naudodamiesi apmokestinimo mar\u0161rutais, u\u017etikrinan\u010diais, kad j\u016bs\u0173 atsargos atvykt\u0173 be muitini\u0173 komplikacij\u0173.<\/li>\n<li>Nenugalimas minimalus u\u017esakymo kiekis: Tur\u0117dami vos 10 vienet\u0173 minimal\u0173 u\u017esakymo kiek\u012f, \u012fgaliname ma\u017emeninius prekybininkus efektyviai didinti apimtis, tuo pa\u010diu si\u016blydami konkurencingas kainas, paprastai skirtas did\u017eiuliems u\u017esakymams.<\/li>\n<\/ul>\n<div style=\"background-color: #e9ecef; padding: 25px; border-radius: 10px; margin: 30px 0;\">\n<h3>Da\u017enai u\u017eduodami klausimai (DUK)<\/h3>\n<div style=\"margin-bottom: 15px;\">K: Kaip 0,6% stiprumas lyginamas su standartin\u0117mis parinktimis?<br \/>\nA: \u0160i ma\u017eesn\u0117 koncentracija skirta vartotojams, kurie nori lygesnio, ma\u017eiau intensyvaus gerkl\u0117s sm\u016bgio, tuo pa\u010diu m\u0117gaujantis turtinga gar\u0173 gamyba, kuri\u0105 u\u017etikrina auk\u0161tos kokyb\u0117s tinklelio rit\u0117.<\/div>\n<hr style=\"border: 0; border-top: 1px solid #ccc;\" \/>\n<div style=\"margin-bottom: 15px;\">Ar skaitmeninis ekranas visada \u012fjungtas?<br \/>\nA: Ne, ekranas aktyvuojamas naudojimo metu, kad b\u016bt\u0173 galima i\u0161kart nuskaityti likusius i\u0161teklius, ir netrukus i\u0161jungiamas, kad b\u016bt\u0173 taupoma 600mAh baterija.<\/div>\n<hr style=\"border: 0; border-top: 1px solid #ccc;\" \/>\n<div style=\"margin-bottom: 15px;\">K: Kas daro \u201cShisha\u201d patirt\u012f kitokia?<br \/>\nA: VASY EPLUS imituoja oro sraut\u0105 ir gil\u0173 \u012fsiurbim\u0105, b\u016bding\u0105 tradiciniams \u0161i\u0161os vamzd\u017eiams, ypa\u010d kai reguliuojamas oro srautas yra nustatytas \u012f pla\u010diausi\u0105 ang\u0105.<\/div>\n<hr style=\"border: 0; border-top: 1px solid #ccc;\" \/>\n<div style=\"margin-bottom: 15px;\">K: Kaip tur\u0117\u010diau atsakingai utilizuoti prietais\u0105?<br \/>\nA: Kaip \u012fkraunamas blokas su li\u010dio jon\u0173 baterija, mes rekomenduojame perdirbti specialiose elektronini\u0173 atliek\u0173 surinkimo vietose j\u016bs\u0173 vietin\u0117je savivaldyb\u0117je, siekiant palaikyti aplinkos tvarum\u0105.<\/div>\n<\/div>\n<h3>Pakelkite savo inventori\u0173 su VASY EPLUS<\/h3>\n<p>VASY EPLUS 15000 Puffs n\u0117ra tik vienkartinis garintuvas; tai didel\u0117s talpos \u012frankis puikiai poj\u016b\u010di\u0173 kelionei. Europos rinkos didmenininkams \u0161is produktas rei\u0161kia didel\u0117s mar\u017eos galimyb\u0119, paremta vartotoj\u0173 paklausa d\u0117l patikimumo ir skaidrumo.<\/p>\n<p>Bendradarbiaukite su VapeXYZ \u0161iandien, kad u\u017etikrintum\u0117te geriausias urmu pirkimo kainas rinkoje. Nesvarbu, ar norite atnaujinti savo parduotuv\u0117s vitrin\u0105, ar i\u0161pl\u0117sti regionin\u0119 platinim\u0105, m\u016bs\u0173 komanda yra pasirengusi palengvinti j\u016bs\u0173 s\u0117km\u0119 greitu pristatymu ir ekspert\u0173 palaikymu.<\/p>\n<div style=\"text-align: center; margin-top: 40px;\"><a style=\"background-color: #0056b3; color: white; padding: 15px 30px; text-decoration: none; border-radius: 5px; font-weight: bold; font-size: 1.2em;\" href=\"https:\/\/vapexyz.com\/lt\/produkto-kategorija\/vasy\/\">Pirkite dideliais kiekiais VASY EPLUS dabar<\/a><\/div>\n<\/article>","protected":false},"excerpt":{"rendered":"<p>VASY EPLUS Vape Shisha 15000 Puffs yra auk\u0161\u010diausios kokyb\u0117s \u012fkraunamas vienkartinis garintuvas, pasi\u017eymintis dideliu 15 000 \u012fkv\u0117pim\u0173 talpa, 20 ml rezervuaru ir naujovi\u0161ka tinklelio rit\u0117s sistema, u\u017etikrinan\u010dia sodr\u0173 skon\u012f. Visa tai galima \u012fsigyti Vapexyz.<\/p>","protected":false},"featured_media":37120,"comment_status":"open","ping_status":"closed","template":"","meta":{"_lmt_disableupdate":"no","_lmt_disable":""},"product_brand":[],"product_cat":[925,998,1018,947,1020,935,934,927,929,928,930,933,939,932,938,931,936,937,1017,949,946,1023,1025,1027,951,1029,1030,1033,953,954,1037,987,1038],"product_tag":[],"class_list":{"0":"post-37094","1":"product","2":"type-product","3":"status-publish","4":"has-post-thumbnail","6":"product_cat-vasy","7":"product_cat-15000-puff-vapes","8":"product_cat-apple-flavor-disposable-vapes","9":"product_cat-big-puffs-vapes","10":"product_cat-blueberry-flavor-disposable-vapes","11":"product_cat-bulk-buy-disposable-vapes-in-austria","12":"product_cat-bulk-buy-disposable-vapes-in-belgium","13":"product_cat-bulk-buy-disposable-vapes-in-europe","14":"product_cat-bulk-buy-disposable-vapes-in-france","15":"product_cat-bulk-buy-disposable-vapes-in-germany","16":"product_cat-bulk-buy-disposable-vapes-in-italy","17":"product_cat-bulk-buy-disposable-vapes-in-netherlands","18":"product_cat-bulk-buy-disposable-vapes-in-norway","19":"product_cat-bulk-buy-disposable-vapes-in-poland","20":"product_cat-bulk-buy-disposable-vapes-in-portugal","21":"product_cat-bulk-buy-disposable-vapes-in-spain","22":"product_cat-bulk-buy-disposable-vapes-in-sweden","23":"product_cat-bulk-buy-disposable-vapes-in-switzerland","24":"product_cat-buy-best-disposable-vape-flavors","25":"product_cat-digital-box-vapes","26":"product_cat-disposable-vapes-series","27":"product_cat-grape-flavor-disposable-vapes","28":"product_cat-ice-flavor-disposable-vapes","29":"product_cat-lemon-flavor-disposable-vapes","30":"product_cat-lower-nicotine-vapes","31":"product_cat-mango-flavor-disposable-vapes","32":"product_cat-mint-flavor-disposable-vapes","33":"product_cat-peach-flavor-disposable-vapes","34":"product_cat-rechargeable-vapes","35":"product_cat-shisha-hookah-vapes","36":"product_cat-strawberry-flavor-disposable-vapes","37":"product_cat-vape-shop-by-puffs","38":"product_cat-watermelon-flavor-disposable-vapes","40":"first","41":"outofstock","42":"shipping-taxable","43":"purchasable","44":"product-type-variable","45":"has-default-attributes"},"jetpack_sharing_enabled":true,"tiered_pricing_type":"fixed","tiered_pricing_fixed_rules":[],"tiered_pricing_product_settings":{"layout":"default","base_unit_name":{"singular":null,"plural":null},"default_variation":null},"tiered_pricing_minimum_quantity":null,"tiered_pricing_roles_data":[],"tiered_pricing_percentage_rules":[],"tiered_pricing_maximum_quantity":null,"tiered_pricing_quantity_step":null,"_links":{"self":[{"href":"https:\/\/vapexyz.com\/lt\/wp-json\/wp\/v2\/product\/37094","targetHints":{"allow":["GET"]}}],"collection":[{"href":"https:\/\/vapexyz.com\/lt\/wp-json\/wp\/v2\/product"}],"about":[{"href":"https:\/\/vapexyz.com\/lt\/wp-json\/wp\/v2\/types\/product"}],"replies":[{"embeddable":true,"href":"https:\/\/vapexyz.com\/lt\/wp-json\/wp\/v2\/comments?post=37094"}],"wp:featuredmedia":[{"embeddable":true,"href":"https:\/\/vapexyz.com\/lt\/wp-json\/wp\/v2\/media\/37120"}],"wp:attachment":[{"href":"https:\/\/vapexyz.com\/lt\/wp-json\/wp\/v2\/media?parent=37094"}],"wp:term":[{"taxonomy":"product_brand","embeddable":true,"href":"https:\/\/vapexyz.com\/lt\/wp-json\/wp\/v2\/product_brand?post=37094"},{"taxonomy":"product_cat","embeddable":true,"href":"https:\/\/vapexyz.com\/lt\/wp-json\/wp\/v2\/product_cat?post=37094"},{"taxonomy":"product_tag","embeddable":true,"href":"https:\/\/vapexyz.com\/lt\/wp-json\/wp\/v2\/product_tag?post=37094"}],"curies":[{"name":"wp","href":"https:\/\/api.w.org\/{rel}","templated":true}]}}