{"id":36354,"date":"2024-10-28T14:06:29","date_gmt":"2024-10-28T14:06:29","guid":{"rendered":"https:\/\/vapexyz.com\/?post_type=product&#038;p=36354"},"modified":"2026-03-03T00:46:00","modified_gmt":"2026-03-03T00:46:00","slug":"mrvi-dragon-13000-puffs-dvigubo-tinklelio-skaitmeninis-ekranas-2-5-mazas-nikotino-originalus-gamyklos-biriu-masiu-pirkti-ikraunamas-vienkartinis-vapes-pen-didmenine-prekyba","status":"publish","type":"product","link":"https:\/\/vapexyz.com\/lt\/product\/mrvi-dragon-13000-puffs-dual-mesh-digital-screen-2-5-low-nicotine-original-factory-bulk-buy-rechargeable-disposable-vapes-pen-wholesale\/","title":{"rendered":"MRVI Dragon 13000 Puffs Dual Mesh Skaitmeninio Ekrano Didmenin\u0117 Prekyba \u012ekraunami Vienkartiniai Garintuvai Dideliuose Kiek\u010diuose"},"content":{"rendered":"<article style=\"font-family: 'Segoe UI', Roboto, Helvetica, Arial, sans-serif; line-height: 1.8; color: #2c3e50; max-width: 100%; margin: 0 auto; padding: 20px;\">\n<h2 style=\"color: #1a365d; border-bottom: 2px solid #3182ce; padding-bottom: 10px; margin-bottom: 24px;\">In\u017einerijos Puikumas: I\u0161samus MRVI Dragon 13000 Puffs Techninis \u012evertinimas<\/h2>\n<p style=\"margin-bottom: 16px;\">Sveiki atvyk\u0119 \u012f VapeXYZ, j\u016bs\u0173 pagrindin\u012f pasaulin\u012f pa\u017eangios \u012fkv\u0117pimo technologijos platinimo centr\u0105. Tur\u0117dami daugiau nei a\u0161tuoneri\u0173 met\u0173 dokumentuot\u0105 veiklos istorij\u0105 tarptautin\u0117je didmenin\u0117s prekybos tiekimo grandin\u0117je, suk\u016br\u0117me grie\u017et\u0105 sistem\u0105 auk\u0161\u010diausios klas\u0117s vienkartini\u0173 garintuv\u0173 tikrinimui ir platinimui. M\u016bs\u0173 portfel\u012f sudaro pirmaujan\u010di\u0173 gamintoj\u0173, toki\u0173 kaip BANG BOX, WASPE, UWIN, BIMO, RandM, BANG, VOZOL, Elf Box ir MYDE, pramon\u0117je pirmaujanti \u012franga. \u0160iandien pristatome i\u0161sami\u0105 empirin\u0119 ir technin\u0119 analiz\u0119 apie flagman\u0105 m\u016bs\u0173 kataloge: MRVI Dragon 13000 Puffs.<\/p>\n<p style=\"margin-bottom: 24px;\">Veikdama kaip specializuotas verslo-verslui (B2B) pardav\u0117jas, VapeXYZ si\u016blo tiesiogines i\u0161 gamyklos kainas su labai optimizuotu logistiku. Mes palaikome lokalizuotus ma\u017emenininkus ir regioninius platintojus, si\u016blydami strategi\u0161kai \u017eem\u0105 minimal\u0173 u\u017esakymo kiek\u012f (MOQ) - tik 10 vienet\u0173. Bendradarbiaujant su mumis, j\u016bs \u012fgyjate prieig\u0105 prie labiausiai in\u017einerini\u0173 vienkartini\u0173 garintuv\u0173 sistem\u0173 rinkoje, u\u017etikrinam\u0173 m\u016bs\u0173 pla\u010diais tiekimo grandin\u0117s patikimumo ir kokyb\u0117s u\u017etikrinimo protokolais.<\/p>\n<h3 style=\"color: #2b6cb0; margin-top: 32px; margin-bottom: 16px;\">Technin\u0117s specifikacijos ir technin\u0117 architekt\u016bra<\/h3>\n<p style=\"margin-bottom: 16px;\">MRVI Dragon 13000 Puffs rei\u0161kia reik\u0161ming\u0105 \u017eingsn\u012f \u012f priek\u012f ne\u0161iojam\u0173j\u0173 aerosolizacijos \u012frengini\u0173 srityje. Tolimas nuo standartinio vienkartinio garintuvo, \u0161is \u012frenginys \u012ftraukia pa\u017eangi\u0105 telemetrij\u0105, sud\u0117ting\u0105 \u0161ilumin\u0119 dinamik\u0105 ir didel\u0117s talpos rezervuar\u0105. Siekdami u\u017etikrinti, kad m\u016bs\u0173 ma\u017emeniniai partneriai suprast\u0173 pagrindinius \u0161io \u012frenginio mechanizmus, m\u016bs\u0173 technin\u0117 komanda dokumentavo jo pagrindinius parametrus.<\/p>\n<table style=\"border-collapse: collapse; width: 100%; margin-bottom: 32px; font-size: 15px; box-shadow: 0 4px 6px rgba(0,0,0,0.1); border-radius: 8px; overflow: hidden;\">\n<thead>\n<tr style=\"background-color: #ebf8ff; color: #2b6cb0; text-align: left;\">\n<th style=\"padding: 12px 16px; border-bottom: 2px solid #bee3f8;\">Specifikacija<\/th>\n<th style=\"padding: 12px 16px; border-bottom: 2px solid #bee3f8;\">In\u017einerin\u0117s detal\u0117s \/ Matavimas<\/th>\n<\/tr>\n<\/thead>\n<tbody>\n<tr style=\"background-color: #ffffff; border-bottom: 1px solid #e2e8f0;\">\n<td style=\"padding: 12px 16px; font-weight: bold;\">Rezervuaro talpa<\/td>\n<td style=\"padding: 12px 16px;\">20mL didelio sulaikymo polisintetin\u0117 laikymo l\u0105stel\u0117<\/td>\n<\/tr>\n<tr style=\"background-color: #f7fafc; border-bottom: 1px solid #e2e8f0;\">\n<td style=\"padding: 12px 16px; font-weight: bold;\">Maitinimo tiekimas<\/td>\n<td style=\"padding: 12px 16px;\">650mAh li\u010dio-polimero (LiPo) \u012fkraunama baterija<\/td>\n<\/tr>\n<tr style=\"background-color: #ffffff; border-bottom: 1px solid #e2e8f0;\">\n<td style=\"padding: 12px 16px; font-weight: bold;\">\u012ekrovimo protokolas<\/td>\n<td style=\"padding: 12px 16px;\">USB Type-C \u012fvestis (palaiko 5V\/1A standartizuot\u0105 \u012fkrovim\u0105)<\/td>\n<\/tr>\n<tr style=\"background-color: #f7fafc; border-bottom: 1px solid #e2e8f0;\">\n<td style=\"padding: 12px 16px; font-weight: bold;\">\u0160iluminis elementas<\/td>\n<td style=\"padding: 12px 16px;\">I\u0161pl\u0117stin\u0117 dvigubo tinklelio architekt\u016bra optimizuotam \u0161ilumos srautui<\/td>\n<\/tr>\n<tr style=\"background-color: #ffffff; border-bottom: 1px solid #e2e8f0;\">\n<td style=\"padding: 12px 16px; font-weight: bold;\">Alkaloid\u0173 stiprumas<\/td>\n<td style=\"padding: 12px 16px;\">Yra 20mg\/mL (2%) arba 50mg\/mL (5%) koncentracij\u0173<\/td>\n<\/tr>\n<tr style=\"background-color: #f7fafc; border-bottom: 1px solid #e2e8f0;\">\n<td style=\"padding: 12px 16px; font-weight: bold;\">Vartotojo s\u0105saja<\/td>\n<td style=\"padding: 12px 16px;\">Auk\u0161to kontrasto LED skaitmeninis telemetrijos ekranas (baterijos ir talpos metrika)<\/td>\n<\/tr>\n<\/tbody>\n<\/table>\n<h3 style=\"color: #2b6cb0; margin-top: 32px; margin-bottom: 16px;\">Eksperimentin\u0117 veiklos analiz\u0117: dviej\u0173 re\u017eim\u0173 veikimas<\/h3>\n<p style=\"margin-bottom: 16px;\">Atliekant m\u016bs\u0173 vidaus laboratorinius tyrimus ir nuolatinius ciklo \u012fvertinimus, MRVI Dragon demonstravo i\u0161skirtin\u012f termin\u012f stabilum\u0105. Mikrovaldiklio integracija leid\u017eia \u012frenginiui pasi\u016blyti du skirtingus na\u0161umo nustatymus, manipuliuojant i\u0161\u0117jimo vat\u0173 kiekiu ir pasiprie\u0161inimo \u012ftraukimu, siekiant pakeisti vartotojo patirt\u012f.<\/p>\n<ul style=\"margin-bottom: 24px; padding-left: 20px;\">\n<li style=\"margin-bottom: 10px;\">Impulso re\u017eimas (maksimali i\u0161eiga): \u012ejungus abu kaitinimo sluoksnius vienu metu, prietaisas padidina bendr\u0105 \u012f formul\u0119 perduodam\u0105 \u0161ilumos sraut\u0105. Tai sukuria tankesn\u012f aerozolio debes\u012f ir \u017eymiai sustiprina aromat\u0105. M\u016bs\u0173 bandym\u0173 parametruose naudojant \u0161\u012f auk\u0161to traukimo re\u017eim\u0105 gaunami ma\u017edaug 6 500 bendri traukimo ciklai.<\/li>\n<li style=\"margin-bottom: 10px;\">\u012eprastas re\u017eimas (pastovus efektyvumas): \u0160is nustatymas optimizuoja baterijos i\u0161sikrovim\u0105 ir tirpalo s\u0105naudas, moduliuodamas energijos tiekim\u0105 \u012f vien\u0105 tinklelio s\u0105saj\u0105 arba kaitaliodamas \u0161ilumin\u0119 apkrov\u0105. Tai i\u0161saugo 650mAh elemento \u012fkrovimo trukm\u0119, efektyviai prailginant \u012frenginio veikimo laik\u0105 iki patvirtinto 13 000 traukimo ciklo slenks\u010dio.<\/li>\n<\/ul>\n<div style=\"background-color: #e6fffa; border-left: 5px solid #319795; padding: 20px; margin: 32px 0; border-radius: 0 8px 8px 0;\">\n<h4 style=\"color: #234e52; margin-top: 0; margin-bottom: 12px; font-size: 18px;\">\ud83d\udd2c Empirinis \u017eini\u0173 ta\u0161kas: dvigubo tinklelio technologijos fizika<\/h4>\n<p style=\"color: #285e61; margin: 0; font-size: 15px;\">Tradicin\u0117s vieno\u017eyl\u0117s rit\u0117s ken\u010dia nuo netolygaus \u0161ilumos pasiskirstymo, da\u017enai sukeldamos lokal\u0173 perkaitim\u0105, kuris pablogina formul\u0119 ir sukuria kartaus aromato. MRVI Dragon naudoja tiksl\u0173 mikro-perforuot\u0105 dvigub\u0105 tinklelio matric\u0105. Tai padidina bendr\u0105 pavir\u0161iaus plot\u0105, lie\u010diam\u0105 su kapiliariniu med\u017eiagu, beveik 40%. Rezultatas yra \u017eemesn\u0117 b\u016btina darbo temperat\u016bra faz\u0117s pasikeitimui (aerozolio susidarymui), kuris labai pagerina kaitinimo elemento ilgaam\u017ei\u0161kum\u0105 ir garantuoja absoliut\u0173 skonio nuoseklum\u0105 nuo pirmojo ciklo iki paskutinio.<\/p>\n<\/div>\n<h3 style=\"color: #2b6cb0; margin-top: 32px; margin-bottom: 16px;\">Aromatini\u0173 profili\u0173: Sensorin\u0117 in\u017einerija<\/h3>\n<p style=\"margin-bottom: 16px;\">Pagrindin\u0117 MRVI Dragon rinkos patrauklumo dalis yra kruop\u0161\u010diai sukurtas formuli\u0173 meniu. U\u017euot si\u016bl\u0119 pagrindines, vienmaites galimybes, \u0161ie profiliai yra biochemi\u0161kai sukonstruoti, kad suteikt\u0173 daugiapakop\u0119 poj\u016b\u010di\u0173 kelion\u0119. \u017demiau yra empiri\u0161kai suskirstytas s\u0105ra\u0161as turim\u0173 pasirinkim\u0173:<\/p>\n<div style=\"display: grid; grid-template-columns: repeat(auto-fit, minmax(300px, 1fr)); gap: 16px; margin-bottom: 32px;\">\n<div style=\"background: #f8fafc; border: 1px solid #e2e8f0; padding: 15px; border-radius: 8px;\">M\u0117lyni\u0173 Arb\u016bz\u0173: Sud\u0117tingas tamsi\u0173, \u017eem\u0117s uog\u0173 nat\u0173 derinys, puikiai stabilizuotas gaivaus, atgaivinan\u010dio meliono poskonio.<\/div>\n<div style=\"background: #f8fafc; border: 1px solid #e2e8f0; padding: 15px; border-radius: 8px;\">Persik\u0173 \u0160altis: Turtingi akmens vaisi\u0173 aromatai kartu su sintetiniu au\u0161inimo agentu, kuris suteikia a\u0161tr\u0173, \u017eemesn\u0119 nei nulio poj\u016b\u010di\u0173 fini\u0161\u0105.<\/div>\n<div style=\"background: #f8fafc; border: 1px solid #e2e8f0; padding: 15px; border-radius: 8px;\">M\u0117lyno avietinio \u0161al\u010dio: gyvas, r\u016bg\u0161tus profilis, sukurtas klasikini\u0173 konditerijos skoni\u0173 kopijai, u\u017ebaigtas lediniu botaniniu \u0161altuku.<\/div>\n<div style=\"background: #f8fafc; border: 1px solid #e2e8f0; padding: 15px; border-radius: 8px;\">Bra\u0161ki\u0173 \u0160altis: Subrendusios, botanin\u0117s bra\u0161ki\u0173 nat\u0173, sustiprintos endotherminiu v\u0117sinimo poj\u016b\u010diu, skirtos maksimaliam gomurio atgaivinimui.<\/div>\n<div style=\"background: #f8fafc; border: 1px solid #e2e8f0; padding: 15px; border-radius: 8px;\">Vandensmeliono \u0160altis: Grynas, vasari\u0161kas meliono esencija, sustiprinta gaiviu au\u0161inimo junginiu, suteikiantis skland\u017ei\u0105 \u012fkv\u0117pimo patirt\u012f.<\/div>\n<div style=\"background: #f8fafc; border: 1px solid #e2e8f0; padding: 15px; border-radius: 8px;\">Cherry Frost: Gili, turtinga sodo vy\u0161ni\u0173 charakteristika kruop\u0161\u010diai subalansuota su gaiviu, \u0161al\u010dio pana\u0161iu i\u0161kv\u0117pimu.<\/div>\n<div style=\"background: #f8fafc; border: 1px solid #e2e8f0; padding: 15px; border-radius: 8px;\">M\u0117lyni\u0173 \u0160altis: Savaranki\u0161kas tamsi\u0173 uog\u0173 ekstraktas, derinamas su v\u0117sinan\u010diu mentolio darinys, suteikiantis gaivinan\u010di\u0105 gerkl\u0117s poj\u016bt\u012f.<\/div>\n<div style=\"background: #f8fafc; border: 1px solid #e2e8f0; padding: 15px; border-radius: 8px;\">Vynuogi\u0173 \u0160erk\u0161nas: Tvirtos, pilno k\u016bno vynininkyst\u0117s nat\u0173, kurios suteikia turting\u0105, sald\u0173 pradin\u012f potyr\u012f, po kurio seka \u0161erk\u0161nas.<\/div>\n<div style=\"background: #f8fafc; border: 1px solid #e2e8f0; padding: 15px; border-radius: 8px;\">Mi\u0161ri\u0173 uog\u0173: Harmoningas bra\u0161ki\u0173, avie\u010di\u0173 ir m\u0117lyni\u0173 agregatas, sukurtas siekiant tobulai subalansuoto r\u016bg\u0161taus-saldaus santykio.<\/div>\n<div style=\"background: #f8fafc; border: 1px solid #e2e8f0; padding: 15px; border-radius: 8px;\">Bra\u0161ki\u0173 Mango: Tropinis mi\u0161inys, jungiantis sodo bra\u0161ki\u0173 r\u016bg\u0161tum\u0105 su tankiu, cukringu atogr\u0105\u017e\u0173 mang\u0173 profiliu.<\/div>\n<\/div>\n<h3 style=\"color: #2b6cb0; margin-top: 32px; margin-bottom: 16px;\">Baterijos telemetrijos ir skaitmenin\u0117s s\u0105sajos patvirtinimas<\/h3>\n<p style=\"margin-bottom: 24px;\">Vienas i\u0161 da\u017eniausi\u0173 vartotoj\u0173 skausmo ta\u0161k\u0173 ne\u0161iojam\u0173 aerozolizacijos rinkoje yra baterijos ir formul\u0117s i\u0161eikvojimo nenusp\u0117jamumas. MRVI Dragon tai visi\u0161kai suma\u017eina integruotu LED skaitmeniniu ekranu. \u0160is s\u0105sajas naudoja nuolatinius \u012ftampos kritimo skai\u010diavimus, kad pateikt\u0173 realaus laiko, labai tikslius 650mAh LiPo elemento procentini\u0173 rodmen\u0173. Be to, jame naudojama sud\u0117tinga algoritmin\u0117 steb\u0117jimo sistema, pagr\u012fsta aktyvavimo laiku ir \u0161ilumos i\u0161\u0117jimu, siekiant \u012fvertinti likus\u012f 20mL rezervuaro t\u016br\u012f, u\u017etikrinant, kad vartotojas niekada nebus u\u017ekluptas.<\/p>\n<h3 style=\"color: #2b6cb0; margin-top: 32px; margin-bottom: 16px;\">Med\u017eiag\u0173 sauga, reguliavimo reikalavim\u0173 laikymasis ir kokyb\u0117s u\u017etikrinimas<\/h3>\n<p style=\"margin-bottom: 16px;\">Kaip profesionalus platintojas, VapeXYZ itin daug d\u0117mesio skiria aparat\u016brai, atitinkan\u010diai pasaulinius saugos gamybos parametrus. MRVI Dragon yra surenkamas moderniuose, be dulki\u0173, ISO sertifikuotuose \u012frenginiuose. Vidin\u0117 grandin\u0117 yra sukurta su apsaugin\u0117mis funkcijomis, \u012fskaitant trump\u0173j\u0173 jungim\u0173 apsaug\u0105, perkrovimo apsaug\u0105 ir 8 sekund\u017ei\u0173 i\u0161traukimo nutraukim\u0105, kad b\u016bt\u0173 i\u0161vengta neketinamo ilgalaikio aktyvavimo.<\/p>\n<p style=\"margin-bottom: 24px;\">\u012erenginys naudoja sunkiasv\u012f, maisto kokyb\u0117s polikarbonato korpus\u0105, kuris atsparus \u012ftr\u016bkimams ir neleid\u017eia konstrukcijos deformacijos esant standartin\u0117ms \u0161ilumin\u0117ms apkrovoms. Kadangi jame yra li\u010dio jon\u0173 baterija, mes grie\u017etai patariame visiems ma\u017emenininkams \u0161viesti galutinius vartotojus apie tinkamas elektronini\u0173 atliek\u0173 \u0161alinimo proced\u016bras, u\u017etikrinant, kad aparatin\u0117 \u012franga b\u016bt\u0173 perdirbama specialiose baterij\u0173 apdorojimo \u012fstaigose, siekiant i\u0161laikyti aplinkosaugin\u012f atitikt\u012f.<\/p>\n<div style=\"margin: 40px 0; text-align: center;\"><img loading=\"lazy\" decoding=\"async\" class=\"alignnone wp-image-36366 size-full\" style=\"display: block; margin: 0 auto; max-width: 100%; height: auto; border-radius: 12px; box-shadow: 0 10px 15px -3px rgba(0, 0, 0, 0.1);\" src=\"https:\/\/vapexyz.com\/wp-content\/uploads\/2024\/10\/MRVI-Dragon-13000-Puffs-Dual-Mesh-Digital-Screen-2-5-Low-Nicotine-Original-Factory-14.webp\" alt=\"MRVI Dragon 13000 Puffs Dviej\u0173 tinkleli\u0173 skaitmeninis ekranas 2% 5% Ma\u017eas nikotino kiekis originalus gamyklinis masinis Pirkti \u012fkraunamas vienkartinis Vapes Pen Didmenin\u0117 prekyba\" width=\"1060\" height=\"2466\" title=\"\" srcset=\"https:\/\/vapexyz.com\/wp-content\/uploads\/2024\/10\/MRVI-Dragon-13000-Puffs-Dual-Mesh-Digital-Screen-2-5-Low-Nicotine-Original-Factory-14.webp 1060w, https:\/\/vapexyz.com\/wp-content\/uploads\/2024\/10\/MRVI-Dragon-13000-Puffs-Dual-Mesh-Digital-Screen-2-5-Low-Nicotine-Original-Factory-14-215x500.webp 215w, https:\/\/vapexyz.com\/wp-content\/uploads\/2024\/10\/MRVI-Dragon-13000-Puffs-Dual-Mesh-Digital-Screen-2-5-Low-Nicotine-Original-Factory-14-440x1024.webp 440w, https:\/\/vapexyz.com\/wp-content\/uploads\/2024\/10\/MRVI-Dragon-13000-Puffs-Dual-Mesh-Digital-Screen-2-5-Low-Nicotine-Original-Factory-14-768x1787.webp 768w, https:\/\/vapexyz.com\/wp-content\/uploads\/2024\/10\/MRVI-Dragon-13000-Puffs-Dual-Mesh-Digital-Screen-2-5-Low-Nicotine-Original-Factory-14-660x1536.webp 660w, https:\/\/vapexyz.com\/wp-content\/uploads\/2024\/10\/MRVI-Dragon-13000-Puffs-Dual-Mesh-Digital-Screen-2-5-Low-Nicotine-Original-Factory-14-880x2048.webp 880w, https:\/\/vapexyz.com\/wp-content\/uploads\/2024\/10\/MRVI-Dragon-13000-Puffs-Dual-Mesh-Digital-Screen-2-5-Low-Nicotine-Original-Factory-14-5x12.webp 5w, https:\/\/vapexyz.com\/wp-content\/uploads\/2024\/10\/MRVI-Dragon-13000-Puffs-Dual-Mesh-Digital-Screen-2-5-Low-Nicotine-Original-Factory-14-600x1396.webp 600w\" sizes=\"auto, (max-width: 1060px) 100vw, 1060px\" \/><\/div>\n<h3 style=\"color: #2b6cb0; margin-top: 32px; margin-bottom: 16px;\">Didmenin\u0117 prekyba ir tiekimo grandin\u0117s logistika<\/h3>\n<p style=\"margin-bottom: 16px;\">VapeXYZ yra sukurtas dideliems kiekiams, mastelio keitimui ir skland\u017eioms B2B operacijoms. Integruojant MRVI Dragon \u012f j\u016bs\u0173 ma\u017emenin\u0117s prekybos katalog\u0105, labai svarbu suprasti fizin\u0119 siuntos logistik\u0105 sand\u0117lio planavimui ir mar\u017eos skai\u010diavimui. Mes optimizavome savo pakuo\u010di\u0173 standartus, kad u\u017etikrintume saug\u0173 transportavim\u0105 ir ekonomi\u0161kai efektyv\u0173 krovini\u0173 gabenim\u0105.<\/p>\n<ul style=\"margin-bottom: 32px; padding-left: 20px;\">\n<li style=\"margin-bottom: 8px;\">Paruo\u0161ta ma\u017emeninei prekybai: 10 atskir\u0173 vienet\u0173 supakuota \u012f vien\u0105 demonstracin\u012f d\u0117\u017eut\u0119.<\/li>\n<li style=\"margin-bottom: 8px;\">Pagrindin\u0117s d\u0117\u017e\u0117s tankis: 200 bendr\u0173 vienet\u0173 kiekvienoje u\u017eplombuotoje pagrindin\u0117je d\u0117\u017e\u0117je.<\/li>\n<li style=\"margin-bottom: 8px;\">Kartoninio svorio matrica: 19kg (Bendras svoris optimizuotas pagal tarptautinius oro ir j\u016br\u0173 krovini\u0173 gabenimo slenks\u010dius).<\/li>\n<li style=\"margin-bottom: 8px;\">Kartonin\u0117s d\u0117\u017e\u0117s matmenys: 60cm x 32cm x 23cm (Apskai\u010diuoti standartiniam pad\u0117klo sukrovimo efektyvumui).<\/li>\n<\/ul>\n<div style=\"background-color: #f7fafc; border: 1px solid #cbd5e0; border-radius: 8px; padding: 24px; margin-bottom: 32px;\">\n<h3 style=\"color: #2d3748; margin-top: 0; margin-bottom: 20px; font-size: 20px; border-bottom: 2px solid #e2e8f0; padding-bottom: 10px;\"><a style=\"color: #3182ce; text-decoration: none; transition: color 0.2s ease;\" href=\"https:\/\/vapexyz.com\/lt\/produkto-kategorija\/mrvi-vienkartiniai-garai\/\">MRVI vienkartiniai garai<\/a>Patvirtinta technin\u0117 DUK<\/h3>\n<div style=\"margin-bottom: 16px;\">K: Kaip Type-C prievadas reguliuoja \u012fkrovimo \u012fvest\u012f?<\/p>\n<p style=\"margin: 0; color: #4a5568;\">A: \u012ejungiamas \u012fkrovimo valdiklis priima standartin\u012f 5V\/1A \u012f\u0117jim\u0105. Naudojant didel\u0117s galios greit\u0105 \u012fkrovikl\u012f, \u012frenginys nebus pa\u017eeistas, nes vidinis lustas suma\u017eina srov\u0119, kad apsaugot\u0173 650mAh LiPo element\u0105, tod\u0117l visas ciklas \u012fkraunamas ma\u017edaug per 45-60 minu\u010di\u0173.<\/p>\n<\/div>\n<div style=\"margin-bottom: 16px;\">K: Ar yra nepriklausomas 13 000 cikl\u0173 teiginio patvirtinimas?<\/p>\n<p style=\"margin: 0; color: #4a5568;\">A: 13 000 skai\u010dius gaunamas i\u0161 automatinio laboratorinio tyrimo, naudojant standartin\u0119 1,5\u20132 sekund\u017ei\u0173 \u012fkv\u0117pimo trukm\u0117s baz\u0119 \u201c\u012fprastu re\u017eimu\u201d. Asmenin\u0117s \u012fkv\u0117pimo trukm\u0117s, aplinkos temperat\u016bros ir re\u017eimo pasirinkimo (pvz., \u201ePulse Mode\u201c) skirtumai empiri\u0161kai kei\u010dia galutin\u012f i\u0161\u0117jim\u0105.<\/p>\n<\/div>\n<div style=\"margin-bottom: 16px;\">K: Ar ekranas reikalauja aktyvaus naudotojo \u012fvesties, kad veikt\u0173?<\/p>\n<p style=\"margin: 0; color: #4a5568;\">A: Ne. Ekranas veikia pasyvaus aktyvavimo telemetrijos grandin\u0117je. Jis ap\u0161vie\u010diamas per MEMS (mikroelektromechanines sistemas) oro srauto jutikl\u012f, kai inicijuojamas \u012fkv\u0117pimas, dinami\u0161kai rodant dabartinius parametrus kelet\u0105 sekund\u017ei\u0173 po aktyvavimo.<\/p>\n<\/div>\n<div style=\"margin-bottom: 0;\">K: Kaip VapeXYZ tvarko dideli\u0173 siunt\u0173 atitikt\u012f tarptautiniam siuntimui?<\/p>\n<p style=\"margin: 0; color: #4a5568;\">Tur\u0117dami 8 met\u0173 veiklos duomenis, tvarkome visas b\u016btin\u0105sias akumuliatoriaus deklaravimo formas (MSDS, UN38.3), kurias reikalauja pasauliniai krovini\u0173 ve\u017e\u0117jai, u\u017etikrindami, kad vienkartini\u0173 garintuv\u0173 siunt\u0173 muitin\u0117s proced\u016bros b\u016bt\u0173 labai efektyvios ir atitikt\u0173 reikalavimus.<\/p>\n<\/div>\n<\/div>\n<p style=\"font-weight: bold; text-align: center; font-size: 18px; margin-top: 40px; color: #2c3e50;\">I\u0161kelkite savo ma\u017emenin\u0117s prekybos inventori\u0173 su moksli\u0161kai pagr\u012fstais, tiksliai sukurtos aparat\u016bros sprendimais. Susisiekite su VapeXYZ \u0161iandien, kad u\u017etikrintum\u0117te savo didmenin\u0117s prekybos paskirstym\u0105 MRVI Dragon serijos.<\/p>\n<\/article>","protected":false},"excerpt":{"rendered":"<p>MRVI Dragon 13000 Puffs \u012ekraunamas Vienkartinis Garintuvas, parduotavonas Vapexyz, sujungia didel\u0119 talp\u0105, dvigub\u0105 veikimo re\u017eim\u0105 ir plat\u0173 skoni\u0173 \u012fvairov\u0119 su pa\u017eangia tinklelio rit\u0117s technologija, skirta auk\u0161\u010diausios kokyb\u0117s, ilgalaikei garinimo patir\u010diai.<\/p>","protected":false},"featured_media":36360,"comment_status":"open","ping_status":"closed","template":"","meta":{"_lmt_disableupdate":"no","_lmt_disable":""},"product_brand":[],"product_cat":[974,992,947,1019,1020,935,934,927,929,928,930,933,939,932,938,931,936,937,1017,1021,949,946,950,1023,1025,951,1029,1031,1033,1035,953,1037,987,1038],"product_tag":[],"class_list":{"0":"post-36354","1":"product","2":"type-product","3":"status-publish","4":"has-post-thumbnail","6":"product_cat-mrvi-disposable-vapes","7":"product_cat-13000-puff-vapes","8":"product_cat-big-puffs-vapes","9":"product_cat-blue-razz-flavor-disposable-vapes","10":"product_cat-blueberry-flavor-disposable-vapes","11":"product_cat-bulk-buy-disposable-vapes-in-austria","12":"product_cat-bulk-buy-disposable-vapes-in-belgium","13":"product_cat-bulk-buy-disposable-vapes-in-europe","14":"product_cat-bulk-buy-disposable-vapes-in-france","15":"product_cat-bulk-buy-disposable-vapes-in-germany","16":"product_cat-bulk-buy-disposable-vapes-in-italy","17":"product_cat-bulk-buy-disposable-vapes-in-netherlands","18":"product_cat-bulk-buy-disposable-vapes-in-norway","19":"product_cat-bulk-buy-disposable-vapes-in-poland","20":"product_cat-bulk-buy-disposable-vapes-in-portugal","21":"product_cat-bulk-buy-disposable-vapes-in-spain","22":"product_cat-bulk-buy-disposable-vapes-in-sweden","23":"product_cat-bulk-buy-disposable-vapes-in-switzerland","24":"product_cat-buy-best-disposable-vape-flavors","25":"product_cat-cherry-flavor-disposable-vapes","26":"product_cat-digital-box-vapes","27":"product_cat-disposable-vapes-series","28":"product_cat-dual-mesh-vapes","29":"product_cat-grape-flavor-disposable-vapes","30":"product_cat-ice-flavor-disposable-vapes","31":"product_cat-lower-nicotine-vapes","32":"product_cat-mango-flavor-disposable-vapes","33":"product_cat-mixed-berries-flavor-disposable-vapes","34":"product_cat-peach-flavor-disposable-vapes","35":"product_cat-raspberry-flavor-disposable-vapes","36":"product_cat-rechargeable-vapes","37":"product_cat-strawberry-flavor-disposable-vapes","38":"product_cat-vape-shop-by-puffs","39":"product_cat-watermelon-flavor-disposable-vapes","41":"first","42":"outofstock","43":"shipping-taxable","44":"purchasable","45":"product-type-variable","46":"has-default-attributes"},"jetpack_sharing_enabled":true,"tiered_pricing_type":"fixed","tiered_pricing_fixed_rules":[],"tiered_pricing_product_settings":{"layout":"default","base_unit_name":{"singular":null,"plural":null},"default_variation":null},"tiered_pricing_minimum_quantity":null,"tiered_pricing_roles_data":[],"tiered_pricing_percentage_rules":[],"tiered_pricing_maximum_quantity":null,"tiered_pricing_quantity_step":null,"_links":{"self":[{"href":"https:\/\/vapexyz.com\/lt\/wp-json\/wp\/v2\/product\/36354","targetHints":{"allow":["GET"]}}],"collection":[{"href":"https:\/\/vapexyz.com\/lt\/wp-json\/wp\/v2\/product"}],"about":[{"href":"https:\/\/vapexyz.com\/lt\/wp-json\/wp\/v2\/types\/product"}],"replies":[{"embeddable":true,"href":"https:\/\/vapexyz.com\/lt\/wp-json\/wp\/v2\/comments?post=36354"}],"wp:featuredmedia":[{"embeddable":true,"href":"https:\/\/vapexyz.com\/lt\/wp-json\/wp\/v2\/media\/36360"}],"wp:attachment":[{"href":"https:\/\/vapexyz.com\/lt\/wp-json\/wp\/v2\/media?parent=36354"}],"wp:term":[{"taxonomy":"product_brand","embeddable":true,"href":"https:\/\/vapexyz.com\/lt\/wp-json\/wp\/v2\/product_brand?post=36354"},{"taxonomy":"product_cat","embeddable":true,"href":"https:\/\/vapexyz.com\/lt\/wp-json\/wp\/v2\/product_cat?post=36354"},{"taxonomy":"product_tag","embeddable":true,"href":"https:\/\/vapexyz.com\/lt\/wp-json\/wp\/v2\/product_tag?post=36354"}],"curies":[{"name":"wp","href":"https:\/\/api.w.org\/{rel}","templated":true}]}}