{"id":36076,"date":"2024-10-26T08:35:59","date_gmt":"2024-10-26T08:35:59","guid":{"rendered":"https:\/\/vapexyz.com\/?post_type=product&#038;p=36076"},"modified":"2026-03-01T01:44:41","modified_gmt":"2026-03-01T01:44:41","slug":"keturraciai-karo-laivas-18000-puffs-skaitmeninis-ekranas-dvigubas-tinklelis-5-mazai-nikotino-originalus-gamyklinis-urmu-pirkti-ikraunamas-vienkartinis-vapes-rasiklis-didmenine-prekyba","status":"publish","type":"product","link":"https:\/\/vapexyz.com\/lt\/product\/atvs-warship-18000-puffs-digital-screen-dual-mesh-5-low-nicotine-original-factory-bulk-buy-rechargeable-disposable-vapes-pen-wholesale\/","title":{"rendered":"ATVS KARINI\u0172 LAIV\u0172 18000 \u012ekv\u0117pim\u0173 Skaitmeninis Ekranas Dvigubas Tinklelis Masinis Pirkimas \u012ekraunamos Vienkartin\u0117s Garintuv\u0117s Didmenin\u0117 Prekyba"},"content":{"rendered":"<article style=\"font-family: system-ui, -apple-system, sans-serif; line-height: 1.6; color: #333; max-width: 100%; margin: 0 auto; padding: 20px;\">\n<h2 style=\"color: #1a202c; border-bottom: 2px solid #e2e8f0; padding-bottom: 10px; font-size: 2em;\">ATVS KARINIS LAIVAS 18000 \u012ekv\u0117pim\u0173 Skaitmeninis Ekranas Dvigubas Tinklelis 5% Koncentracija Originali Gamykla Didmenin\u0117 Prekyba \u012ekraunamos Vienkartin\u0117s Garintuv\u0173 \u0160virk\u0161timo Priemon\u0117s Didmenin\u0117 Prekyba<\/h2>\n<p>ATVS WARSHIP 18000 Puffs yra reik\u0161mingas \u017eingsnis \u012f priek\u012f kuriant didel\u0117s talpos vienkartinius garintuvus. Sukurtas atitikti ir galutini\u0173 vartotoj\u0173, ir didmenin\u0117s prekybos platintoj\u0173 grie\u017etus reikalavimus, \u0161is prietaisas sujungia ilg\u0105 veikimo laik\u0105 su tiksliu elektroniniu steb\u0117jimu. VapeXYZ, remdamasis daugiau nei a\u0161tuoneri\u0173 met\u0173 patirtimi pasaulin\u0117je prekyboje, did\u017eiuojasi si\u016blydamas \u0161i\u0105 auk\u0161\u010diausios kokyb\u0117s \u012frang\u0105 Europos rinkai ir toliau. Sutelkdamas d\u0117mes\u012f \u012f patikimus veiklos rodiklius, tvirt\u0105 vidin\u0119 architekt\u016br\u0105 ir patikim\u0105 tiekimo grandin\u0117s logistik\u0105, mes teikiame ma\u017emenin\u0117s prekybos partneriams labai patikim\u0105 produkt\u0105, paremt\u0105 tikra B2B ekspertize.<\/p>\n<p>Nesvarbu, ar j\u016bs valdote didelio masto platinimo tinkl\u0105, ar specializuot\u0105 butik\u0105, patikim\u0173 vienkartini\u0173 garintuv\u0173 \u012fsigijimas reikalauja ai\u0161kaus supratimo apie technin\u0117s \u012frangos technines specifikacijas. ATVS WARSHIP gaminamas moderniausiose gamyklose, laikantis grie\u017et\u0173 kokyb\u0117s kontrol\u0117s standart\u0173, u\u017etikrinan\u010di\u0173 nuoseklum\u0105 dideliuose gamybos partijuose. Per VapeXYZ komerciniai pirk\u0117jai gali \u012fsigyti \u0161iuos auk\u0161\u010diausios klas\u0117s \u012frenginius su i\u0161skirtinai prieinamu minimaliu u\u017esakymo kiekiu (MOQ) tik 10 vienet\u0173, u\u017epildant atstum\u0105 tarp did\u017eiuli\u0173 gamykl\u0173 produkcijos ir lanks\u010diojo atsarg\u0173 valdymo.<\/p>\n<h3 style=\"color: #2d3748; margin-top: 30px; font-size: 1.5em;\">Technin\u0117s specifikacijos ir aparat\u016bros in\u017einerija<\/h3>\n<p>\u0160irdyje ATVS WARSHIP veikimo slypi labai optimizuota vidin\u0117 architekt\u016bra. Atsisakant primityvi\u0173 vieno\u017eyl\u0173 konfig\u016bracij\u0173, \u0161i \u012franga naudoja pa\u017eangi\u0105 dvigub\u0105 tinklelio kaitinimo matric\u0105. Tinklelio elementai u\u017etikrina daug didesn\u012f pavir\u0161iaus plot\u0105 lyginant su tradiciniais vij\u0173 laidais. In\u017eineriniu po\u017ei\u016briu \u0161is padid\u0117j\u0119s pavir\u0161iaus plotas leid\u017eia tolygiau paskirstyti \u0161ilumin\u0119 energij\u0105. Suma\u017einus lokalizuotus kar\u0161tus ta\u0161kus, dviguba tinklelio sistema neleid\u017eia prie\u0161laikiniam vidaus aerosolizuojan\u010dio tirpalo degradacijai, u\u017etikrinant, kad gar\u0173 strukt\u016brinis vientisumas i\u0161lieka pastovus nuo pradinio aktyvavimo iki galutinio \u012frenginio veikimo.<\/p>\n<p>\u0160\u012f sud\u0117ting\u0105 termodinamin\u012f proces\u0105 \u012fgalina auk\u0161tos kokyb\u0117s 750mAh li\u010dio jon\u0173 maitinimo elementas. Pasirinktas d\u0117l savo puikaus energijos tankio ir stabilios i\u0161krovos kreiv\u0117s, \u0161is \u012fkraunamas akumuliatorius u\u017etikrina, kad \u012frenginys gali i\u0161laikyti reikiam\u0105 \u012ftampos i\u0161\u0117jim\u0105, kad efektyviai veikt\u0173 dvigub\u0105 tinklelio matric\u0105. \u012erenginio s\u0105sajos su \u0161iuolaikiniais elektronikos standartais, leid\u017eian\u010diais greitai papildyti maitinimo element\u0105, \u012ftraukimas - Type-C \u012fkrovimo prievadas. Vidin\u0117s energijos valdymo sistemos reguliuoja \u012feinan\u010di\u0105 srov\u0119, apsaugodamos akumuliatori\u0173 nuo perkrovimo, gilaus i\u0161kraipymo ir terminio i\u0161b\u0117gimo, taip prailginant \u012frenginio tarnavimo laik\u0105.<\/p>\n<p>Be to, \u012frenginys turi didel\u0119 25 ml talpyklos talp\u0105. \u0160is vidinis bakas pagamintas i\u0161 auk\u0161tos kokyb\u0117s, maisto kokyb\u0117s PCTG polimer\u0173, specialiai pasirinkt\u0173 d\u0117l j\u0173 cheminio atsparumo ir terminio stabilumo. Tai u\u017etikrina, kad patentuota 5% koncentracijos formul\u0117 lieka neu\u017eter\u0161ta ir saugiai \u012fmontuota \u012f va\u017e\u012f, labai suma\u017einant nutek\u0117jimo rizik\u0105 transportavimo arba kasdien\u0117s eksploatacijos metu.<\/p>\n<h3 style=\"color: #2d3748; margin-top: 30px; font-size: 1.5em;\">Empiriniai veiklos rodikliai ir telemetrija<\/h3>\n<p>Teiginys \u201c18 000 \u012fkv\u0117pim\u0173\u201d n\u0117ra savavali\u0161kas skai\u010dius, ta\u010diau jis gautas i\u0161 standartizuot\u0173 bandym\u0173 metodologij\u0173.  Kontrolin\u0117se laboratorin\u0117se aplinkose ATVS WARSHIP yra grie\u017etai \u012fvertinamas naudojant automatinius \u012fkv\u0117pimo simuliatorius. \u0160ios mechanizuotos sistemos yra kalibruotos taip, kad atkartot\u0173 \u017emogaus \u012fkv\u0117pimo modelius, grie\u017etai reguliuojant kiekvieno aktyvavimo trukm\u0119 ir poilsio intervalus tarp j\u0173.  \u0160iais empiriniais bandymais prietaisas nuolat demonstruoja savo geb\u0117jim\u0105 efektyviai apdoroti 25 ml vidin\u0119 formul\u0119, patvirtindamas savo ilgalaik\u0119 eksploatavimo trukm\u0119.<\/p>\n<p>Vienas i\u0161 svarbiausi\u0173 technologini\u0173 \u0161io vienkartinio garintuvo papildym\u0173 yra integruotas LED skaitmeninis ekranas. Tradiciniai vienkartiniai garintuvai da\u017enai palieka vartotoj\u0105 sp\u0117liojant apie \u012frenginio likus\u012f tarnavimo laik\u0105, d\u0117l ko gali atsirasti netik\u0117tas i\u0161sikrovimas. ATVS WARSHIP i\u0161sprend\u017eia \u0161i\u0105 problem\u0105 naudodamas vidinius mikrovaldiklius, kurie matuoja \u012ftampos kritimus ir \u012fvertina rezervuaro t\u016br\u012f. \u0160ie telemetrijos duomenys realiu laiku yra perduodami \u012f LED ekran\u0105, suteikiant vartotojui tiksl\u0173, empirin\u012f rodmen\u012f tiek apie dabartin\u012f akumuliatoriaus \u012fkrovim\u0105, tiek apie likusi\u0105 aerozolizavimo talp\u0105. \u0160is duomenimis pagr\u012fstas po\u017ei\u016bris pagerina vartotojo patirt\u012f, pirmiausia suteikiant nusp\u0117jamum\u0105 ir kontrol\u0119.<\/p>\n<h3 style=\"color: #2d3748; margin-top: 30px; font-size: 1.5em;\">Kokyb\u0117s u\u017etikrinimo ir platinimo tarnyba<\/h3>\n<p>\u0160iandien rinkoje ie\u0161kant vienkartini\u0173 garintuv\u0173, b\u016btina bendradarbiauti su subjektais, kurie demonstruoja negin\u010dijam\u0105 veiklos autoritet\u0105. \u201eVapeXYZ\u201c veikia kaip profesionalus didmenin\u0117s prekybos platintojas, kruop\u0161\u010diai tikrinantis \u012f m\u016bs\u0173 katalog\u0105 \u012ftrauktus produktus. \u201eATVS WARSHIP\u201c yra surenkamas gamybos aplinkose, kuriose saugumas ir atitiktis yra prioritetas, paprastai laikantis standartini\u0173 vartojimo elektronikos sertifikat\u0173, toki\u0173 kaip CE ir RoHS. Tai u\u017etikrina, kad surinkimui naudojami sunkieji metalai ir elektroniniai komponentai atitinka grie\u017etus tarptautinius saugos standartus.<\/p>\n<p>M\u016bs\u0173 a\u0161tuoneri\u0173 met\u0173 veiklos istorija leido mums patobulinti m\u016bs\u0173 logistinius r\u0117mus. \u201eVapeXYZ\u201c garantuoja tiesioginius didmeninius kain\u0173 modelius, u\u017etikrindama, kad m\u016bs\u0173 partneriai gaut\u0173 naudos i\u0161 optimizuot\u0173 pelno mar\u017e\u0173, neprarandant produkto autenti\u0161kumo. M\u016bs\u0173 itin \u017eemas minimalus u\u017esakymo kiekis (MOQ) - 10 vienet\u0173 - yra specialiai sukurtas siekiant leisti ma\u017emenininkams empiri\u0161kai i\u0161bandyti rinkos reakcij\u0105 prie\u0161 \u012fsipareigojant did\u017eiuli\u0173 atsarg\u0173 i\u0161laid\u0173. \u0160is skaidrus, partneriams orientuotas po\u017ei\u016bris yra tai, kas \u012ftvirtina \u201eVapeXYZ\u201c kaip patikim\u0105 pasaulin\u0117s platinimo peiza\u017eo ramst\u012f.<\/p>\n<h3 style=\"color: #2d3748; margin-top: 30px; font-size: 1.5em;\">Aromatini\u0173 Profili\u0173 ir Sensorin\u0117s Parinktys<\/h3>\n<p>Kad atitikt\u0173 \u012fvairius vartotoj\u0173 pageidavimus, ATVS WARSHIP yra sukurtas su \u012fvairiais kruop\u0161\u010diai parengtais aromatiniais profili\u0173 asortimentais. \u0160ie mi\u0161iniai yra sukurti naudojant auk\u0161to grynumo kvap\u0173 junginius, siekiant u\u017etikrinti stabili\u0105 ir subalansuot\u0105 poj\u016b\u010di\u0173 patirt\u012f.<\/p>\n<ul style=\"list-style-type: square; padding-left: 20px; color: #4a5568;\">\n<li>Bra\u0161ki\u0173 su ledais: Subalansuotas sald\u017eios vasarin\u0117s uogos aromat\u0173 derinys su turtingu, kreminiu v\u0117sinan\u010diu poj\u016b\u010diu.<\/li>\n<li>Bra\u0161ki\u0173 ir arb\u016bz\u0173: Tra\u0161kus, gaivus dviej\u0173 labai populiar\u0173 botanini\u0173 profili\u0173 derinys.<\/li>\n<li>Li\u010diai su led\u0173 kremu: I\u0161siskiriantis, egzoti\u0161kas profilis, papildytas lygiu, at\u0161aldytu fini\u0161u.<\/li>\n<li>M\u0117ta: Grynai gaivus, tra\u0161kus ir v\u0117sinantis botaninis ekstraktas.<\/li>\n<li>Vaisi\u0173 mi\u0161inys: Sud\u0117tingas \u012fvairi\u0173 sod\u0173 ir tropini\u0173 aromat\u0173 derinys.<\/li>\n<li>Mango su led\u0173: Turtingi, atogr\u0105\u017einiai akordai, susipyn\u0119 su tankia, v\u0117sinan\u010dia srov\u0117.<\/li>\n<li>Gvajava su ledais: Ry\u0161kus, \u0161velniai r\u016bg\u0161tus atogr\u0105\u017e\u0173 esencija, u\u017ebaigta kreminiu \u0161altumu.<\/li>\n<li>Vynuog\u0117 su led\u0173 kremu: Gili, stipri vynuogi\u0173 vaisi\u0173 nata, subalansuota \u0161altos, lygaus tekst\u016bros.<\/li>\n<li>M\u0117lyni\u0173 ant ledo: a\u0161trios, laukin\u0117s uog\u0173 aromatai, derinami su intensyviu v\u0117sinan\u010diu poveikiu.<\/li>\n<li>Persika ant Ledo: Mink\u0161tos, sald\u017eios akmenini\u0173 vaisi\u0173 esencijos, sustiprintos gaiviu, lediniu poj\u016b\u010diu.<\/li>\n<li>Kola su ledais: Nostalgi\u0161kas, putojantis kolos profilis, i\u0161kloj\u0119s su lygiu kremi\u0161kumu.<\/li>\n<li>Arb\u016bzas su ledu: b\u016bdingas vasaros profilis, pasi\u016blantis gaiv\u0173 atgaiv\u0105 ir gil\u0173 \u0161alt\u012f.<\/li>\n<\/ul>\n<h3 style=\"color: #2d3748; margin-top: 30px; font-size: 1.5em;\">I\u0161samus produkto analiz\u0117<\/h3>\n<p>Toliau pateikiama lentel\u0117 i\u0161ry\u0161kina standartizuotas ATVS WARSHIP specifikacijas, pateikdama ai\u0161ki\u0105, empirin\u0119 ap\u017evalg\u0105 apie jo technin\u0117s \u012frangos galimybes, skirt\u0105 didmeniniam \u012fvertinimui.<\/p>\n<table style=\"width: 100%; border-collapse: collapse; margin: 25px 0; font-family: system-ui, -apple-system, sans-serif; box-shadow: 0 4px 6px rgba(0, 0, 0, 0.05); border-radius: 8px; overflow: hidden;\">\n<thead>\n<tr>\n<th style=\"background-color: #2c3e50; color: #ffffff; padding: 15px; text-align: left; font-weight: 600; border-bottom: 2px solid #1a252f;\">In\u017einerin\u0117 ypatyb\u0117<\/th>\n<th style=\"background-color: #2c3e50; color: #ffffff; padding: 15px; text-align: left; font-weight: 600; border-bottom: 2px solid #1a252f;\">Technin\u0117 specifikacija<\/th>\n<\/tr>\n<\/thead>\n<tbody>\n<tr style=\"background-color: #f8fafc; border-bottom: 1px solid #e2e8f0;\">\n<td style=\"padding: 15px; color: #4a5568; font-weight: 500;\">\u012erenginio talpa (i\u0161p\u016btimo skai\u010dius)<\/td>\n<td style=\"padding: 15px; color: #4a5568;\">18 000 (I\u0161bandyta naudojant automatizuot\u0105 modeliavim\u0105)<\/td>\n<\/tr>\n<tr style=\"background-color: #ffffff; border-bottom: 1px solid #e2e8f0;\">\n<td style=\"padding: 15px; color: #4a5568; font-weight: 500;\">Aktyvaus junginio koncentracija<\/td>\n<td style=\"padding: 15px; color: #4a5568;\">5% standartin\u0117 formulacija<\/td>\n<\/tr>\n<tr style=\"background-color: #f8fafc; border-bottom: 1px solid #e2e8f0;\">\n<td style=\"padding: 15px; color: #4a5568; font-weight: 500;\">Maitinimo elemento architekt\u016bra<\/td>\n<td style=\"padding: 15px; color: #4a5568;\">750mAh \u012ekraunama li\u010dio jon\u0173 baterija<\/td>\n<\/tr>\n<tr style=\"background-color: #ffffff; border-bottom: 1px solid #e2e8f0;\">\n<td style=\"padding: 15px; color: #4a5568; font-weight: 500;\">Vidinis rezervuaro t\u016bris<\/td>\n<td style=\"padding: 15px; color: #4a5568;\">25ml (PCTG korpusas)<\/td>\n<\/tr>\n<tr style=\"background-color: #f8fafc; border-bottom: 1px solid #e2e8f0;\">\n<td style=\"padding: 15px; color: #4a5568; font-weight: 500;\">\u0160ildymo matrica<\/td>\n<td style=\"padding: 15px; color: #4a5568;\">I\u0161pl\u0117stin\u0117 dvigubo tinklo konfig\u016bracija<\/td>\n<\/tr>\n<tr style=\"background-color: #ffffff; border-bottom: 1px solid #e2e8f0;\">\n<td style=\"padding: 15px; color: #4a5568; font-weight: 500;\">Telemetrijos s\u0105saja<\/td>\n<td style=\"padding: 15px; color: #4a5568;\">LED skaitmeninis ekranas (gali ir formuliavimo lygiai)<\/td>\n<\/tr>\n<tr style=\"background-color: #f8fafc; border-bottom: 1px solid #e2e8f0;\">\n<td style=\"padding: 15px; color: #4a5568; font-weight: 500;\">\u012ekrovimo protokolas<\/td>\n<td style=\"padding: 15px; color: #4a5568;\">C tipo greitas pristatymas<\/td>\n<\/tr>\n<\/tbody>\n<\/table>\n<h3 style=\"color: #2d3748; margin-top: 30px; font-size: 1.5em;\">Pagrindin\u0117s operacin\u0117s i\u0161vados<\/h3>\n<div style=\"background: linear-gradient(135deg, #f0f4f8 0%, #d9e2ec 100%); padding: 25px; border-radius: 10px; border-left: 6px solid #3182ce; margin: 25px 0; box-shadow: 0 2px 4px rgba(0,0,0,0.1);\">\n<h4 style=\"margin-top: 0; color: #2c5282; font-size: 1.2em;\">Kod\u0117l ATVS WARSHIP i\u0161siskiria rinkoje:<\/h4>\n<ul style=\"margin-bottom: 0; color: #2d3748; padding-left: 20px; line-height: 1.8;\">\n<li>Duomenimis pagr\u012fstas naudojimas: skaitmeninis LED ekranas pa\u0161alina sp\u0117jimus i\u0161 vienkartini\u0173 garintuv\u0173, suteikiant tiksl\u0173, realaus laiko duomenis apie vidinius i\u0161teklius.<\/li>\n<li>\u0160iluminis efektyvumas: Dvigubi tinklelio elementai u\u017etikrina, kad \u0161ilumin\u0117 i\u0161eiga b\u016bt\u0173 tolygiai paskirstyta, i\u0161saugant chemin\u0119 tirpalo vientisum\u0105 visuose 18 000 aktyvavimuose.<\/li>\n<li>Logistin\u0117 lankstumas: remiamas VapeXYZ tvirto platinimo tinklo, \u0161is \u012frenginys yra prieinamas dideliais kiekiais \u012fsigyti su labai \u012fmanomu minimaliu u\u017esakymo kiekiu (MOQ) tik 10 vienet\u0173.<\/li>\n<li>Ilgalaik\u0117 galia: 750mAh talpos maitinimo elementas kartu su \u0161iuolaiki\u0161ku Type-C \u012fkrovimu u\u017etikrina minimal\u0173 prastov\u0105 ir efektyv\u0173 energijos naudojim\u0105.<\/li>\n<\/ul>\n<\/div>\n<h3 style=\"color: #2d3748; margin-top: 30px; font-size: 1.5em;\">Da\u017enai u\u017eduodami klausimai (DUK)<\/h3>\n<div style=\"background-color: #ffffff; border: 1px solid #e2e8f0; border-radius: 10px; padding: 25px; margin-bottom: 25px; box-shadow: 0 4px 6px rgba(0,0,0,0.02);\">\n<h4 style=\"color: #2b6cb0; margin-top: 0; font-size: 1.1em;\">1. Koks yra patvirtintas ATVS WARSHIP veikimo laikas?<\/h4>\n<p style=\"color: #4a5568; margin-bottom: 20px;\">Remiantis laboratoriniais tyrimais, naudojant automatizuot\u0105 \u012fkv\u0117pimo \u012frang\u0105, ATVS WARSHIP yra sukurtas taip, kad veikt\u0173 iki 18 000 skirting\u0173 aktyvacij\u0173. Faktinis naudojimas gali \u0161iek tiek skirtis priklausomai nuo individualaus \u012fkv\u0117pimo trukm\u0117s ir aplinkos veiksni\u0173, ta\u010diau 25 ml rezervuaras u\u017etikrina labai ilg\u0105 tarnavimo laik\u0105.<\/p>\n<h4 style=\"color: #2b6cb0; margin-top: 0; font-size: 1.1em;\">2. Ar \u0161iai konkre\u010diai \u012frangai reikia specializuotos \u012fkrovimo \u012frangos?<\/h4>\n<p style=\"color: #4a5568; margin-bottom: 20px;\">Ne. Integruota 750mAh li\u010dio jon\u0173 baterija naudoja standartin\u012f Type-C prievad\u0105 \u012fkrovimui. \u0160is standartizuotas \u012fkrovimo protokolas u\u017etikrina suderinamum\u0105 su dauguma \u0161iuolaikini\u0173 elektronini\u0173 \u012fkrovimo periferini\u0173 \u012frengini\u0173, palengvinantis greit\u0105 ir saug\u0173 energijos atk\u016brim\u0105.<\/p>\n<h4 style=\"color: #2b6cb0; margin-top: 0; font-size: 1.1em;\">3. Kokia aktyvioji koncentracija vidin\u0117je formul\u0117je?<\/h4>\n<p style=\"color: #4a5568; margin-bottom: 20px;\">Vidinis rezervuaras turi standartizuot\u0105 5% koncentracijos tirpal\u0105. \u0160is specifinis santykis yra sukurtas tam, kad b\u016bt\u0173 u\u017etikrintas subalansuotas ir nuoseklus poj\u016btis, stabilizuojamas nuoseklios dvigubo tinklelio \u0161ildymo sistemos \u0161ilumin\u0117s i\u0161vesties.<\/p>\n<h4 style=\"color: #2b6cb0; margin-top: 0; font-size: 1.1em;\">4. Kaip \u012fmon\u0117s gali \u012fsigyti \u0161\u012f model\u012f ma\u017emeninei platinimui?<\/h4>\n<p style=\"color: #4a5568; margin-bottom: 0;\">Komercin\u0117s \u012fmon\u0117s gali \u012fsigyti didmenin\u012f preki\u0173 kiek\u012f tiesiogiai per VapeXYZ. Kaip nusistov\u0117j\u0119s didmenin\u0117s prekybos sektoriaus autoritetas, turintis daugiau nei a\u0161tuoneri\u0173 met\u0173 patirt\u012f, mes si\u016blome konkurencingus B2B kain\u0173 modelius, skland\u017ei\u0105 Europos logistik\u0105 ir labai prieinam\u0105 minimal\u0173 u\u017esakymo kiek\u012f (MOQ) \u2013 tik 10 vienet\u0173.<\/p>\n<\/div>\n<p><img loading=\"lazy\" decoding=\"async\" class=\"alignnone wp-image-36093 size-full\" style=\"max-width: 100%; height: auto; border-radius: 8px; box-shadow: 0 4px 8px rgba(0,0,0,0.1); margin-top: 20px;\" src=\"https:\/\/vapexyz.com\/wp-content\/uploads\/2024\/10\/ATVS-Warship-18000-Puffs-Digital-Screen-5-Low-Nicotine-Original-Factory-34.webp\" alt=\"ATVS karo laivas 18000 i\u0161pu\u010di\u0173 skaitmeninis ekranas dvigubas tinklelis 5% koncentracija originali gamyklin\u0117 didmenin\u0117 prekyba \u012fkraunamos i\u0161metamos vape ra\u0161iklis didmenin\u0117 prekyba\" width=\"1000\" height=\"471\" title=\"\" srcset=\"https:\/\/vapexyz.com\/wp-content\/uploads\/2024\/10\/ATVS-Warship-18000-Puffs-Digital-Screen-5-Low-Nicotine-Original-Factory-34.webp 1000w, https:\/\/vapexyz.com\/wp-content\/uploads\/2024\/10\/ATVS-Warship-18000-Puffs-Digital-Screen-5-Low-Nicotine-Original-Factory-34-500x236.webp 500w, https:\/\/vapexyz.com\/wp-content\/uploads\/2024\/10\/ATVS-Warship-18000-Puffs-Digital-Screen-5-Low-Nicotine-Original-Factory-34-768x362.webp 768w, https:\/\/vapexyz.com\/wp-content\/uploads\/2024\/10\/ATVS-Warship-18000-Puffs-Digital-Screen-5-Low-Nicotine-Original-Factory-34-18x8.webp 18w, https:\/\/vapexyz.com\/wp-content\/uploads\/2024\/10\/ATVS-Warship-18000-Puffs-Digital-Screen-5-Low-Nicotine-Original-Factory-34-510x240.webp 510w\" sizes=\"auto, (max-width: 1000px) 100vw, 1000px\" \/><\/p>\n<\/article>","protected":false},"excerpt":{"rendered":"<p>ATVS WARSHIP 18000 Puffs yra ilgai tarnaujantis, daugkartinio naudojimo i\u0161metamas garintuvas su LED ekranu, galinga 750mAh baterija, dviguba tinklelio spirale ir dosnia 25ml talpa.<\/p>","protected":false},"featured_media":36089,"comment_status":"open","ping_status":"closed","template":"","meta":{"_lmt_disableupdate":"no","_lmt_disable":""},"product_brand":[],"product_cat":[997,973,947,1020,935,934,927,929,928,930,933,939,932,938,931,936,937,1017,1022,948,949,946,950,1023,1024,1025,951,1029,1030,1031,1033,953,1037,987,1038],"product_tag":[],"class_list":{"0":"post-36076","1":"product","2":"type-product","3":"status-publish","4":"has-post-thumbnail","6":"product_cat-18000-puff-vapes","7":"product_cat-atvs-disposable-vapes","8":"product_cat-big-puffs-vapes","9":"product_cat-blueberry-flavor-disposable-vapes","10":"product_cat-bulk-buy-disposable-vapes-in-austria","11":"product_cat-bulk-buy-disposable-vapes-in-belgium","12":"product_cat-bulk-buy-disposable-vapes-in-europe","13":"product_cat-bulk-buy-disposable-vapes-in-france","14":"product_cat-bulk-buy-disposable-vapes-in-germany","15":"product_cat-bulk-buy-disposable-vapes-in-italy","16":"product_cat-bulk-buy-disposable-vapes-in-netherlands","17":"product_cat-bulk-buy-disposable-vapes-in-norway","18":"product_cat-bulk-buy-disposable-vapes-in-poland","19":"product_cat-bulk-buy-disposable-vapes-in-portugal","20":"product_cat-bulk-buy-disposable-vapes-in-spain","21":"product_cat-bulk-buy-disposable-vapes-in-sweden","22":"product_cat-bulk-buy-disposable-vapes-in-switzerland","23":"product_cat-buy-best-disposable-vape-flavors","24":"product_cat-cola-flavor-disposable-vapes","25":"product_cat-crystal-vapes","26":"product_cat-digital-box-vapes","27":"product_cat-disposable-vapes-series","28":"product_cat-dual-mesh-vapes","29":"product_cat-grape-flavor-disposable-vapes","30":"product_cat-guava-flavor-disposable-vapes","31":"product_cat-ice-flavor-disposable-vapes","32":"product_cat-lower-nicotine-vapes","33":"product_cat-mango-flavor-disposable-vapes","34":"product_cat-mint-flavor-disposable-vapes","35":"product_cat-mixed-berries-flavor-disposable-vapes","36":"product_cat-peach-flavor-disposable-vapes","37":"product_cat-rechargeable-vapes","38":"product_cat-strawberry-flavor-disposable-vapes","39":"product_cat-vape-shop-by-puffs","40":"product_cat-watermelon-flavor-disposable-vapes","42":"first","43":"instock","44":"shipping-taxable","45":"purchasable","46":"product-type-variable","47":"has-default-attributes"},"jetpack_sharing_enabled":true,"tiered_pricing_type":"fixed","tiered_pricing_fixed_rules":[],"tiered_pricing_product_settings":{"layout":"default","base_unit_name":{"singular":null,"plural":null},"default_variation":null},"tiered_pricing_minimum_quantity":null,"tiered_pricing_roles_data":[],"tiered_pricing_percentage_rules":[],"tiered_pricing_maximum_quantity":null,"tiered_pricing_quantity_step":null,"_links":{"self":[{"href":"https:\/\/vapexyz.com\/lt\/wp-json\/wp\/v2\/product\/36076","targetHints":{"allow":["GET"]}}],"collection":[{"href":"https:\/\/vapexyz.com\/lt\/wp-json\/wp\/v2\/product"}],"about":[{"href":"https:\/\/vapexyz.com\/lt\/wp-json\/wp\/v2\/types\/product"}],"replies":[{"embeddable":true,"href":"https:\/\/vapexyz.com\/lt\/wp-json\/wp\/v2\/comments?post=36076"}],"wp:featuredmedia":[{"embeddable":true,"href":"https:\/\/vapexyz.com\/lt\/wp-json\/wp\/v2\/media\/36089"}],"wp:attachment":[{"href":"https:\/\/vapexyz.com\/lt\/wp-json\/wp\/v2\/media?parent=36076"}],"wp:term":[{"taxonomy":"product_brand","embeddable":true,"href":"https:\/\/vapexyz.com\/lt\/wp-json\/wp\/v2\/product_brand?post=36076"},{"taxonomy":"product_cat","embeddable":true,"href":"https:\/\/vapexyz.com\/lt\/wp-json\/wp\/v2\/product_cat?post=36076"},{"taxonomy":"product_tag","embeddable":true,"href":"https:\/\/vapexyz.com\/lt\/wp-json\/wp\/v2\/product_tag?post=36076"}],"curies":[{"name":"wp","href":"https:\/\/api.w.org\/{rel}","templated":true}]}}