{"id":34503,"date":"2024-10-10T13:30:55","date_gmt":"2024-10-10T13:30:55","guid":{"rendered":"https:\/\/vapexyz.com\/?post_type=product&#038;p=34503"},"modified":"2026-02-28T14:51:14","modified_gmt":"2026-02-28T14:51:14","slug":"uwin-crystal-10000-puffs","status":"publish","type":"product","link":"https:\/\/vapexyz.com\/lt\/product\/uwin-crystal-10000-puffs-0-2-3-5-low-nicotine-original-factory-bulk-buy-rechargeable-disposable-vapes-pen-wholesale\/","title":{"rendered":"Uwin Crystal 10000 Puffs Didmenin\u0117 Prekyba \u012ekraunami Vienkartiniai Garintuvai Didmenin\u0117 Prekyba"},"content":{"rendered":"<article style=\"font-family: Arial, sans-serif; line-height: 1.6; color: #333; max-width: 100%; margin: auto; padding: 20px; text-align: justify;\">\n<h2 style=\"color: #2c3e50; border-bottom: 2px solid #3498db; padding-bottom: 10px;\">Uwin Crystal 10000 Puffs: in\u017einerijos etalonas didel\u0117s talpos vienkartiniams garintuvams<\/h2>\n<p>Uwin Crystal 10000 Puffs atstovauja reik\u0161mingai evoliucijai didel\u0117s talpos aparat\u016bros sektoriuje. Sukurtas u\u017etikrinti ilgalaik\u012f na\u0161um\u0105 ir konstrukcijos vientisum\u0105, \u0161is \u012frenginys i\u0161pl\u0117\u010dia standartini\u0173 vienkartini\u0173 garintuv\u0173 ribas, integruodamas pa\u017eang\u0173 med\u017eiag\u0173 moksl\u0105 su tiksliu terminiu reguliavimu. \u201eVapeXYZ\u201c techninis \u012fvertinimas patvirtina, kad \u201eCrystal\u201c serija yra sukurta i\u0161rankiems vartotojams, kurie reikalauja nuoseklumo nuo pirmojo iki de\u0161imto t\u016bkstan\u010dio \u012fkv\u0117pim\u0173.<\/p>\n<p>Sukonstruotas su skaidriu PCTG (Poli ciklo-heksilendimetileno tereftalato glikolio) korpusu, \u012frenginys pasi\u017eymi puikiu cheminiu atsparumu ir terminiu stabilumu. Tai u\u017etikrina, kad vidiniai komponentai i\u0161lieka apsaugoti nuo aplinkos stresori\u0173, tuo pa\u010diu u\u017etikrinant ai\u0161k\u0173 vaizd\u0105 \u012f vidin\u0119 architekt\u016br\u0105 \u2013 \u0161iuolaikin\u0117s gamybos kokyb\u0117s skaidrumo po\u017eym\u012f. Su \u012fvairioms koncentracijos pageidavimams pritaikytomis parinktimis (0%, 2%, 3% ir 5%), Uwin Crystal si\u016blo lanks\u010di\u0105 platform\u0105 pasaulin\u0117s rinkos reikalavimams atitikti.<\/p>\n<div style=\"background-color: #f8f9fa; border-left: 5px solid #3498db; padding: 15px; margin: 20px 0;\">Ekspert\u0173 analiz\u0117: 10 000 \u012fkv\u0117pim\u0173 \u012fvertinimas pasiekiamas d\u0117l sinergijos tarp 18 ml rezervuaro ir optimizuoto 0,8 om\u0173 tinklelio kaitinimo elemento. M\u016bs\u0173 vidiniai sl\u0117gio kritimo tyrimai rodo nuosekl\u0173 oro srauto pasiprie\u0161inim\u0105, kuris imituoja tradicinius \u012fkv\u0117pimo modelius, u\u017etikrinant, kad prietaisas nesusiduria su \u201cskonio nuovargiu\u201d arba sausais \u012fkv\u0117pimais netoli savo eksploatavimo ciklo pabaigos.<\/div>\n<h3 style=\"color: #2c3e50; margin-top: 30px;\">Technin\u0117 architekt\u016bra ir pagrindin\u0117s specifikacijos<\/h3>\n<p>Kad suprast\u0173 patikimum\u0105 <a style=\"color: #3498db; text-decoration: none; font-weight: bold;\" href=\"https:\/\/vapexyz.com\/lt\/produkto-kategorija\/uwin-vienkartiniai-garintuvai\/\">Uwin vienkartiniai garintuvai<\/a>, Reikia pa\u017evelgti \u012f vidin\u0119 konstrukcij\u0105. Skirtingai nei pradinio lygio \u012franga, Uwin Crystal naudoja patentuot\u0105 tinklelio rit\u0117s sistem\u0105, skirt\u0105 maksimaliai padidinti vidin\u0117s terp\u0117s kontaktinio pavir\u0161iaus plot\u0105.<\/p>\n<table style=\"width: 100%; border-collapse: collapse; margin: 20px 0; box-shadow: 0 2px 5px rgba(0,0,0,0.1);\">\n<thead>\n<tr style=\"background-color: #3498db; color: white; text-align: left;\">\n<th style=\"padding: 12px; border: 1px solid #ddd;\">Funkcija<\/th>\n<th style=\"padding: 12px; border: 1px solid #ddd;\">Technin\u0117 specifikacija<\/th>\n<th style=\"padding: 12px; border: 1px solid #ddd;\">Na\u0161umo poveikis<\/th>\n<\/tr>\n<\/thead>\n<tbody>\n<tr>\n<td style=\"padding: 12px; border: 1px solid #ddd; font-weight: bold;\">Talpa<\/td>\n<td style=\"padding: 12px; border: 1px solid #ddd;\">10 000 Patvirtint\u0173 \u012ekv\u0117pim\u0173<\/td>\n<td style=\"padding: 12px; border: 1px solid #ddd;\">I\u0161pl\u0117stas gyvavimo ciklas da\u017enai naudojantiems.<\/td>\n<\/tr>\n<tr style=\"background-color: #f2f2f2;\">\n<td style=\"padding: 12px; border: 1px solid #ddd; font-weight: bold;\">Rezervuaro t\u016bris<\/td>\n<td style=\"padding: 12px; border: 1px solid #ddd;\">18ml integruotas bakelis<\/td>\n<td style=\"padding: 12px; border: 1px solid #ddd;\">Sandariklis nepralaidus nuot\u0117kiams, siekiant i\u0161vengti vakuumo praradimo.<\/td>\n<\/tr>\n<tr>\n<td style=\"padding: 12px; border: 1px solid #ddd; font-weight: bold;\">Akumuliatoriaus chemija<\/td>\n<td style=\"padding: 12px; border: 1px solid #ddd;\">650mAh grynas kobaltas li\u010dio<\/td>\n<td style=\"padding: 12px; border: 1px solid #ddd;\">Stabilus \u012ftampos i\u0161\u0117jimas iki galutinio i\u0161krovimo.<\/td>\n<\/tr>\n<tr style=\"background-color: #f2f2f2;\">\n<td style=\"padding: 12px; border: 1px solid #ddd; font-weight: bold;\">Atsparumas<\/td>\n<td style=\"padding: 12px; border: 1px solid #ddd;\">0,8\u03a9 tinklelio rit\u0117<\/td>\n<td style=\"padding: 12px; border: 1px solid #ddd;\">Optimalus debes\u0173 tankis ir aerozolio konsistencija.<\/td>\n<\/tr>\n<tr>\n<td style=\"padding: 12px; border: 1px solid #ddd; font-weight: bold;\">\u012ekrovimo prievadas<\/td>\n<td style=\"padding: 12px; border: 1px solid #ddd;\">C tipo greitas \u012fkrovimas<\/td>\n<td style=\"padding: 12px; border: 1px solid #ddd;\">Suma\u017eintas prastovos laikas ir \u0161ilumin\u0117 apsauga.<\/td>\n<\/tr>\n<\/tbody>\n<\/table>\n<h3 style=\"color: #2c3e50;\">Empiriniai rezultatai: pirmojo lygio patvirtinimas<\/h3>\n<p>M\u016bs\u0173 kokyb\u0117s kontrol\u0117s laboratorijose Uwin Crystal 10000 Puffs buvo atliktas grie\u017etas stresinis testavimas, siekiant patvirtinti gamintojo teiginius. Mes sutelk\u0117me d\u0117mes\u012f \u012f tris pagrindinius rodiklius: i\u0161traukimo nuoseklum\u0105, akumuliatoriaus ciklo efektyvum\u0105 ir dag\u010dio prisotinimo stabilum\u0105.<\/p>\n<ul style=\"list-style-type: none; padding: 0;\">\n<li style=\"background: #ffffff; margin-bottom: 10px; padding: 15px; border-left: 5px solid #2ecc71; border-radius: 4px; box-shadow: 0 1px 3px rgba(0,0,0,0.1);\">I\u0161traukimo nuoseklumas: I\u0161matuotas naudojant automatinius puffavimo aparatus, prietaisas i\u0161laik\u0117 ma\u017eesn\u0119 nei 5,1% dispersij\u0105 aerozolio gamyboje per pirmuosius 5 000 i\u0161traukim\u0173, parodydamas 0,8 om\u0173 rit\u0117s tikslum\u0105.<\/li>\n<li style=\"background: #ffffff; margin-bottom: 10px; padding: 15px; border-left: 5px solid #2ecc71; border-radius: 4px; box-shadow: 0 1px 3px rgba(0,0,0,0.1);\">\u0160ilumos valdymas: Per t\u0119stinius 3 sekund\u017ei\u0173 intervalus, i\u0161orinio korpuso temperat\u016bra i\u0161liko \u017eemiau 38\u00b0C (100,4\u00b0F), rodant efektyv\u0173 \u0161ilumos i\u0161sklaidym\u0105, kuris neleid\u017eia vidini\u0173 komponent\u0173 degradacijai.<\/li>\n<li style=\"background: #ffffff; margin-bottom: 10px; padding: 15px; border-left: 5px solid #2ecc71; border-radius: 4px; box-shadow: 0 1px 3px rgba(0,0,0,0.1);\">Nuot\u0117kio ma\u017einimas: \u012erengin\u012f pateikus \u012f simuliavimo auk\u0161to auk\u0161\u010dio (\u017eemo sl\u0117gio) aplinkas, rezervuare buvo u\u017efiksuotas nulinis nuot\u0117kis, tod\u0117l jis yra patikimas pasirinkimas tarptautiniam kelion\u0117ms ir gabenimui.<\/li>\n<\/ul>\n<h3 style=\"color: #2c3e50;\">Strateginiai privalumai didmeniniam pirkimui ir didmeninei prekybai<\/h3>\n<p>Kaip pirmaujantis Europos platintojas, VapeXYZ supranta, kad didmeniniai partneriai reikalauja daugiau nei tik produkto; jiems reikalingas tiekimo grandin\u0117s patikimumas. \u201eUwin Crystal\u201c yra strategi\u0161kai supakuotas B2B sektoriui. Kiekvienoje pagrindin\u0117je d\u0117\u017e\u0117je yra 200 vienet\u0173, suskirstyt\u0173 \u012f 10 demonstracini\u0173 d\u0117\u017ei\u0173 (20 vienet\u0173 kiekvienoje d\u0117\u017e\u0117je). \u0160i konfig\u016bracija optimizuoja lentyn\u0173 erdv\u0119 ma\u017emenin\u0117s prekybos aplinkoje Vokietijoje, Nyderlanduose, Ispanijoje ir Belgijoje.<\/p>\n<p>Pasinaudodami m\u016bs\u0173 giliai \u012fsi\u0161aknijusiais santykiais su originalios \u012frangos gamintojais (OEM), teikiame tiesiogin\u012f tiekimo vamzdyn\u0105 \u012f gamykl\u0105. Tai pa\u0161alina \u201ctarpininko antkain\u012f\u201d ir u\u017etikrina, kad kiekviena vienkartini\u0173 garintuv\u0173 partija atitinka ISO 9001 kokyb\u0117s standartus ir CE\/RoHS aplinkosaugos sertifikatus. Verslo savininkui tai rei\u0161kia ma\u017eesnius gr\u0105\u017einimo rodiklius ir didesn\u012f klient\u0173 i\u0161laikym\u0105.<\/p>\n<h3 style=\"color: #2c3e50;\">Jutimo Profiliai: 15 Firmini\u0173 Mi\u0161ini\u0173<\/h3>\n<p>Uwin Crystal 10000 Puffs yra prieinamas i\u0161 15 skirting\u0173 aromatini\u0173 profili\u0173, kruop\u0161\u010diai atrinkt\u0173. Kiekvienas i\u0161 j\u0173 yra sukurtas naudojant auk\u0161to grynumo ingredientus, kad b\u016bt\u0173 u\u017etikrintas \u0161varus fini\u0161as be cheminio poskonio, da\u017enai randamo generiniuose \u012frenginiuose.<\/p>\n<div style=\"display: grid; grid-template-columns: repeat(auto-fit, minmax(250px, 1fr)); gap: 15px; margin: 20px 0;\">\n<div style=\"background: #fff; border: 1px solid #ddd; padding: 15px; border-radius: 8px;\">Berry &amp; Frost serija:<\/p>\n<ul style=\"padding-left: 20px;\">\n<li>M\u0117lyn\u0117s Aviet\u0117s<\/li>\n<li>M\u0117lyni\u0173 ledas<\/li>\n<li>Vy\u0161ni\u0173 ledas<\/li>\n<li>Mi\u0161rios uogos<\/li>\n<li>Ponas M\u0117lynas (Signat\u016brinis mi\u0161inys)<\/li>\n<\/ul>\n<\/div>\n<div style=\"background: #fff; border: 1px solid #ddd; padding: 15px; border-radius: 8px;\">Egzoti\u0161ka ir tropin\u0117 serija:<\/p>\n<ul style=\"padding-left: 20px;\">\n<li>Kivi pasifloros gvajava<\/li>\n<li>Bra\u0161ki\u0173 kivi<\/li>\n<li>Persik\u0173 ledas<\/li>\n<li>Vynuogi\u0173 ledas<\/li>\n<li>Persik\u0173 uogos<\/li>\n<\/ul>\n<\/div>\n<div style=\"background: #fff; border: 1px solid #ddd; padding: 15px; border-radius: 8px;\">Vasarin\u0117s klasikos:<\/p>\n<ul style=\"padding-left: 20px;\">\n<li>Bra\u0161ki\u0173 arb\u016bzas<\/li>\n<li>Arb\u016bz\u0173 ledas<\/li>\n<li>Bra\u0161ki\u0173 ledas<\/li>\n<li>Bra\u0161ki\u0173 avie\u010di\u0173 vy\u0161nia<\/li>\n<li>Vy\u0161ni\u0173 kola<\/li>\n<\/ul>\n<\/div>\n<\/div>\n<h3 style=\"color: #2c3e50;\">Kod\u0117l VapeXYZ yra patikimas i\u0161kirst\u0173 garintuv\u0173 autoritetas<\/h3>\n<p>Beveik de\u0161imtmet\u012f specializuodamasi, VapeXYZ \u012fsitvirtino kaip kertinis Europos platinimo peiza\u017eo akmuo. Mes ne tik parduodame produktus; mes kuruojame aparat\u016bros portfel\u012f, atitinkant\u012f grie\u017etus TPD (Tabako produkt\u0173 direktyvos) ir vietini\u0173 saugos standart\u0173 reikalavimus. M\u016bs\u0173 autoritetas yra pastatytas ant:<\/p>\n<ul style=\"list-style-type: square; margin-left: 20px;\">\n<li>Patvirtinta tiekimo grandin\u0117: tiesiogin\u0117s partneryst\u0117s su tokiomis prek\u0117mis kaip BANG BOX ir RandM u\u017etikrina 100% autenti\u0161kum\u0105.<\/li>\n<li>Logistin\u0117 meistri\u0161kumas: Specializuoti siuntimo mar\u0161rutai ES, u\u017etikrinantys be mokes\u010di\u0173 ir muitin\u0117s i\u0161valyt\u0105 pristatym\u0105 \u012f pagrindinius centrus.<\/li>\n<li>Rinkos ekspertiz\u0117: realaus laiko duomenys apie vartotoj\u0173 tendencijas Vokietijos ir Nyderland\u0173 rinkose, padedantys didmenininkams prekiauti tuo, kas yra paklausa.<\/li>\n<\/ul>\n<div style=\"background-color: #e8f4fd; padding: 20px; border-radius: 10px; border: 1px solid #3498db; margin: 30px 0;\">\n<h3 style=\"margin-top: 0; color: #2c3e50;\">Da\u017eniausiai u\u017eduodami klausimai (Pagrindiniai punktai)<\/h3>\n<p>K: Kaip \u201eType-C\u201c \u012fkrovimas veikia prietaiso ilgaam\u017ei\u0161kum\u0105?<\/p>\n<p>A: \u201eType-C\u201c prievadas palaiko 5V\/1A \u012fkrovim\u0105, kuris reguliuoja \u0161ilum\u0105. Skirtingai nei senesni \u201emicro-USB\u201c prievadai, tai apsaugo vidin\u0119 baterijos chemij\u0105, u\u017etikrindamas, kad visas 18 ml terp\u0117s b\u016bt\u0173 panaudotas be prie\u0161laikinio baterijos gedimo.<\/p>\n<p>K: Ar 0,8 om\u0173 rit\u0117 tinkama naudoti auk\u0161to da\u017enio re\u017eimais?<br \/>\nA: Taip. Po om\u0173 tinklelio dizainas buvo specialiai pasirinktas \u201cCrystal 10000\u201d, kad b\u016bt\u0173 i\u0161vengta rit\u0117s \u201eu\u017esikim\u0161imo\u201c. Jis leid\u017eia grei\u010diau atv\u0117sti tarp \u012fkv\u0117pim\u0173, o tai i\u0161saugo aromatinio profilio ai\u0161kum\u0105 vis\u0105 garintuvo naudojimo laik\u0105.<\/p>\n<p>K: Kokia yra minimalaus u\u017esakymo kiekio (MOQ) 10 vienet\u0173 nauda?<br \/>\nM\u016bs\u0173 ma\u017ea minimali u\u017esakymo kiekis (MOQ) leid\u017eia ma\u017eesniems ma\u017emenininkams ir individualiems entuziastams gauti tikr\u0105j\u0105 didmenin\u0117s prekybos kain\u0105 be didelio finansinio rizikos, susijusio su did\u017eiuliais atsarg\u0173 i\u0161laidais. Tai suteikia ma\u017e\u0105 \u012f\u0117jimo barjer\u0105 norint i\u0161bandyti Uwin prek\u0117s \u017eenklo veikim\u0105 j\u016bs\u0173 vietin\u0117je rinkoje.<\/p>\n<\/div>\n<p>Patirkite didelio na\u0161umo gar\u0173 \u012fkv\u0117pimo vir\u0161\u016bn\u0119. Nesvarbu, ar ie\u0161kote u\u017etikrinti savo klientams patikimiausia rinkoje esan\u010dia \u012franga, ar jums reikia patvaraus \u012frenginio asmeniniam naudojimui, Uwin Crystal 10000 Puffs yra pagrindinis pasirinkimas vienkartini\u0173 garintuv\u0173 kategorijoje.<\/p>\n<h2 style=\"text-align: center;\"><img loading=\"lazy\" decoding=\"async\" class=\"alignnone wp-image-34586 size-full\" style=\"max-width: 100%; height: auto;\" src=\"https:\/\/vapexyz.com\/wp-content\/uploads\/2024\/10\/Uwin-Crystal-10000-Puffs-Original-Factory-ps-16-scaled.webp\" alt=\"Uwin Crystal 10000 Puffs in\u017einerija ir didmenin\u0117 prekyba\" width=\"2560\" height=\"1600\" title=\"\" srcset=\"https:\/\/vapexyz.com\/wp-content\/uploads\/2024\/10\/Uwin-Crystal-10000-Puffs-Original-Factory-ps-16-scaled.webp 2560w, https:\/\/vapexyz.com\/wp-content\/uploads\/2024\/10\/Uwin-Crystal-10000-Puffs-Original-Factory-ps-16-scaled-500x313.webp 500w, https:\/\/vapexyz.com\/wp-content\/uploads\/2024\/10\/Uwin-Crystal-10000-Puffs-Original-Factory-ps-16-scaled-1024x640.webp 1024w, https:\/\/vapexyz.com\/wp-content\/uploads\/2024\/10\/Uwin-Crystal-10000-Puffs-Original-Factory-ps-16-scaled-768x480.webp 768w, https:\/\/vapexyz.com\/wp-content\/uploads\/2024\/10\/Uwin-Crystal-10000-Puffs-Original-Factory-ps-16-scaled-1536x960.webp 1536w, https:\/\/vapexyz.com\/wp-content\/uploads\/2024\/10\/Uwin-Crystal-10000-Puffs-Original-Factory-ps-16-scaled-2048x1280.webp 2048w, https:\/\/vapexyz.com\/wp-content\/uploads\/2024\/10\/Uwin-Crystal-10000-Puffs-Original-Factory-ps-16-scaled-18x12.webp 18w, https:\/\/vapexyz.com\/wp-content\/uploads\/2024\/10\/Uwin-Crystal-10000-Puffs-Original-Factory-ps-16-scaled-510x319.webp 510w\" sizes=\"auto, (max-width: 2560px) 100vw, 2560px\" \/><\/h2>\n<p style=\"text-align: center; font-weight: bold; margin-top: 40px; font-size: 1.2em;\">U\u017etikrinkite savo inventori\u0173 \u0161iandien VapeXYZ - ten, kur kokyb\u0117 atitinka didmenin\u0117s prekybos efektyvum\u0105.<\/p>\n<\/article>","protected":false},"excerpt":{"rendered":"<p><strong>\ud83d\udc4b<\/strong>Uwin Crystal 10000 Puffs yra galima \u012fsigyti kaip<strong> <span style=\"color: #ed1c24;\">M\u0117gin\u0117li\u0173 d\u0117\u017e\u0117 (1 d\u0117\u017e\u0117, kurioje yra 10 skirting\u0173 skoni\u0173).<\/span><\/strong><\/p>\n<p>Uwin Crystal 10000 Puffs \u012ekraunamas Vienkartinis Garintuvas si\u016blo ilgai tarnaujant\u012f, iki 10 000 \u012fkv\u0117pim\u0173, ma\u017eo stiprumo variantus, \u012fkraunam\u0105 650mAh baterij\u0105 ir 15 skirting\u0173 skoni\u0173, prieinamus didmeniniu pirkimu Vapexyz.<\/p>","protected":false},"featured_media":34584,"comment_status":"open","ping_status":"closed","template":"","meta":{"_lmt_disableupdate":"no","_lmt_disable":""},"product_brand":[],"product_cat":[967,994,947,1020,935,934,927,929,928,930,933,939,932,938,931,936,937,1017,1021,1022,948,1092,946,1023,1024,1025,1026,951,1031,1032,1033,1035,953,1037,987,1038],"product_tag":[],"class_list":{"0":"post-34503","1":"product","2":"type-product","3":"status-publish","4":"has-post-thumbnail","6":"product_cat-uwin-disposable-vapes","7":"product_cat-10000-puff-vapes","8":"product_cat-big-puffs-vapes","9":"product_cat-blueberry-flavor-disposable-vapes","10":"product_cat-bulk-buy-disposable-vapes-in-austria","11":"product_cat-bulk-buy-disposable-vapes-in-belgium","12":"product_cat-bulk-buy-disposable-vapes-in-europe","13":"product_cat-bulk-buy-disposable-vapes-in-france","14":"product_cat-bulk-buy-disposable-vapes-in-germany","15":"product_cat-bulk-buy-disposable-vapes-in-italy","16":"product_cat-bulk-buy-disposable-vapes-in-netherlands","17":"product_cat-bulk-buy-disposable-vapes-in-norway","18":"product_cat-bulk-buy-disposable-vapes-in-poland","19":"product_cat-bulk-buy-disposable-vapes-in-portugal","20":"product_cat-bulk-buy-disposable-vapes-in-spain","21":"product_cat-bulk-buy-disposable-vapes-in-sweden","22":"product_cat-bulk-buy-disposable-vapes-in-switzerland","23":"product_cat-buy-best-disposable-vape-flavors","24":"product_cat-cherry-flavor-disposable-vapes","25":"product_cat-cola-flavor-disposable-vapes","26":"product_cat-crystal-vapes","27":"product_cat-disposable-vape-variety-pack","28":"product_cat-disposable-vapes-series","29":"product_cat-grape-flavor-disposable-vapes","30":"product_cat-guava-flavor-disposable-vapes","31":"product_cat-ice-flavor-disposable-vapes","32":"product_cat-kiwi-flavor-disposable-vapes","33":"product_cat-lower-nicotine-vapes","34":"product_cat-mixed-berries-flavor-disposable-vapes","35":"product_cat-passion-fruit-flavor-disposable-vapes","36":"product_cat-peach-flavor-disposable-vapes","37":"product_cat-raspberry-flavor-disposable-vapes","38":"product_cat-rechargeable-vapes","39":"product_cat-strawberry-flavor-disposable-vapes","40":"product_cat-vape-shop-by-puffs","41":"product_cat-watermelon-flavor-disposable-vapes","43":"first","44":"instock","45":"shipping-taxable","46":"purchasable","47":"product-type-variable","48":"has-default-attributes"},"jetpack_sharing_enabled":true,"tiered_pricing_type":"fixed","tiered_pricing_fixed_rules":[],"tiered_pricing_product_settings":{"layout":"default","base_unit_name":{"singular":null,"plural":null},"default_variation":null},"tiered_pricing_minimum_quantity":null,"tiered_pricing_roles_data":[],"tiered_pricing_percentage_rules":[],"tiered_pricing_maximum_quantity":null,"tiered_pricing_quantity_step":null,"_links":{"self":[{"href":"https:\/\/vapexyz.com\/lt\/wp-json\/wp\/v2\/product\/34503","targetHints":{"allow":["GET"]}}],"collection":[{"href":"https:\/\/vapexyz.com\/lt\/wp-json\/wp\/v2\/product"}],"about":[{"href":"https:\/\/vapexyz.com\/lt\/wp-json\/wp\/v2\/types\/product"}],"replies":[{"embeddable":true,"href":"https:\/\/vapexyz.com\/lt\/wp-json\/wp\/v2\/comments?post=34503"}],"wp:featuredmedia":[{"embeddable":true,"href":"https:\/\/vapexyz.com\/lt\/wp-json\/wp\/v2\/media\/34584"}],"wp:attachment":[{"href":"https:\/\/vapexyz.com\/lt\/wp-json\/wp\/v2\/media?parent=34503"}],"wp:term":[{"taxonomy":"product_brand","embeddable":true,"href":"https:\/\/vapexyz.com\/lt\/wp-json\/wp\/v2\/product_brand?post=34503"},{"taxonomy":"product_cat","embeddable":true,"href":"https:\/\/vapexyz.com\/lt\/wp-json\/wp\/v2\/product_cat?post=34503"},{"taxonomy":"product_tag","embeddable":true,"href":"https:\/\/vapexyz.com\/lt\/wp-json\/wp\/v2\/product_tag?post=34503"}],"curies":[{"name":"wp","href":"https:\/\/api.w.org\/{rel}","templated":true}]}}