{"id":31465,"date":"2024-08-21T14:08:39","date_gmt":"2024-08-21T14:08:39","guid":{"rendered":"https:\/\/vapexyz.com\/?post_type=product&#038;p=31465"},"modified":"2026-03-03T03:46:01","modified_gmt":"2026-03-03T03:46:01","slug":"aivono-taikinio-pistoletas-7000-smugiu-0-2-3-5-urmu-pirkti-mazai-nikotino-ikraunamas-vienkartinis-vapes-rasiklis-didmenine-prekyba","status":"publish","type":"product","link":"https:\/\/vapexyz.com\/lt\/product\/aivono-aim-gun-7000-puffs-0-2-3-5-bulk-buy-low-nicotine-rechargeable-disposable-vapes-pen-wholesale\/","title":{"rendered":"AIVONO AIM GUN 7000 Puffs \u012ekraunamos Vienkartin\u0117s Garintuv\u0117s Didmenin\u0117 Prekyba"},"content":{"rendered":"<article style=\"font-family: 'Helvetica Neue', Helvetica, Arial, sans-serif; line-height: 1.8; color: #2c3e50; padding: 20px; max-width: 100%; margin: 0 auto;\"><div style=\"width: 1020px;\" class=\"wp-video\"><video class=\"wp-video-shortcode\" id=\"video-31465-1\" width=\"1020\" height=\"574\" preload=\"metadata\" controls=\"controls\"><source type=\"video\/mp4\" src=\"https:\/\/vapexyz.com\/wp-content\/uploads\/2024\/08\/AIVONO-AIM-GUN-7000-Puff-2.mp4?_=1\" \/><a href=\"https:\/\/vapexyz.com\/wp-content\/uploads\/2024\/08\/AIVONO-AIM-GUN-7000-Puff-2.mp4\">https:\/\/vapexyz.com\/wp-content\/uploads\/2024\/08\/AIVONO-AIM-GUN-7000-Puff-2.mp4<\/a><\/video><\/div>\n<h2 style=\"color: #1a252f; border-bottom: 2px solid #3498db; padding-bottom: 10px; margin-top: 30px;\">AIVONO AIM GUN 7000 Puffs: Kitos kartos garinimo in\u017einerija<\/h2>\n<p style=\"font-size: 16px;\">Sveiki atvyk\u0119 \u012f AIVONO AIM GUN 7000 Puffs, sud\u0117ting\u0105 vienkartin\u012f garintuv\u0105, sukurt\u0105 optimaliam na\u0161umui ir nuoseklumui. \u0160is vienkartinis garintuvas, sukurtas tiek naujokams, tiek patyrusiems entuziastams, integruoja didel\u0117s talpos funkcionalum\u0105 su ergonomi\u0161ka forma. \u012erenginys yra prieinamas tik per VapeXYZ, patikim\u0105 platintoj\u0105, turint\u012f daugiau nei a\u0161tuoneri\u0173 met\u0173 dokumentuot\u0105 tiekimo grandin\u0117s meistri\u0161kum\u0105, \u0161is \u012frenginys reprezentuoja patikimos technin\u0117s \u012frangos ir pa\u017eangaus jutimo tiekimo s\u0105saj\u0105.<\/p>\n<h3 style=\"color: #2980b9; margin-top: 25px;\">Kod\u0117l rinktis AIVONO vienkartinius garintuvus?<\/h3>\n<p style=\"font-size: 16px;\">AIVONO AIM GUN serija i\u0161 esm\u0117s pakelia vienkartini\u0173 garintuv\u0173 standartus. Naudojant tiksliai pagamintas dalis, \u0161is \u012frenginys garantuoja ilgaam\u017ei\u0161kum\u0105, leid\u017eiantis naudotojams i\u0161garuoti iki 7000 kart\u0173 prie\u0161 i\u0161sikrovim\u0105. Jame yra tvirtas 12ml i\u0161 anksto u\u017epildytas rezervuaras, maksimaliai padidinanis \u012frenginio eksploatavimo trukm\u0119 be da\u017en\u0173 pakeitim\u0173 poreikio. Maitinamas didelio efektyvumo 600mAh li\u010dio jon\u0173 baterija ir palaikomas \u0161iuolaikini\u0173 Type-C \u012fkrovimo protokol\u0173, jis u\u017etikrina, kad \u012frenginio prastovos laikas b\u016bt\u0173 suma\u017eintas iki minimumo. Nepaisant \u012fsp\u016bdingos talpos, korpusas i\u0161lieka labai kompakti\u0161kas, tiksliai matuojantis 31 x 25 x 100 mm, tod\u0117l yra idealus, ki\u0161en\u0117je tilpantis kompanionas judriems naudotojams.<\/p>\n<h3 style=\"color: #2980b9; margin-top: 25px;\">Empirinis testavimas ir kokyb\u0117s u\u017etikrinimas<\/h3>\n<p style=\"font-size: 16px;\">Skirtingai nei bendrosios rinkos alternatyvos, AIVONO AIM GUN veikimo parametrai yra pagr\u012fsti grie\u017etais empiriniais tyrimo metodais. Nepriklausomos laboratorin\u0117s aplinkos naudoja automatizuotas pneumatines simuliavimo ma\u0161inas, kad patikrint\u0173 7000 \u012fkv\u0117pim\u0173 \u012fvertinim\u0105, kalibruodamos \u0161iuos matavimus pagal standartizuot\u0105 1,5 sekund\u0117s \u012fkv\u0117pimo trukm\u0119. Be to, pasiprie\u0161inimas \u012fkv\u0117pimui yra tiksliai matuojamas milimetrais vandens (mmH2O), siekiant u\u017etikrinti skland\u017ei\u0105, vienod\u0105 burnos iki plau\u010di\u0173 (MTL) poj\u016bt\u012f. Taip pat stebimas akumuliatoriaus degradacija per kelis \u012fkrovimo ciklus, u\u017etikrinant, kad galios i\u0161eiga i\u0161lieka pastovi optimalioje \u012ftampoje, kad b\u016bt\u0173 i\u0161vengta bet kokio na\u0161umo suma\u017e\u0117jimo iki pat 5% akumuliatoriaus gyvavimo ciklo pabaigos.<\/p>\n<h3 style=\"color: #2980b9; margin-top: 25px;\">I\u0161pl\u0117stin\u0117s technin\u0117s specifikacijos<\/h3>\n<p style=\"font-size: 16px;\">\u0160erdis garintuvo naudoja pa\u017eang\u0173 1,2 \u03a9 tinklelio kaitinimo element\u0105. Padidinus kaitinimo elemento pavir\u0161iaus plot\u0105, prietaiso termodinamika \u017eymiai pager\u0117ja, tod\u0117l garavimas yra labai efektyvus ir u\u017etikrinamas nuoseklus temperat\u016bros pasiskirstymas. Vartotojai gali rinktis i\u0161 \u012fvairi\u0173 stiprumo koncentracij\u0173, \u012fskaitant 0%, 2%, 3% ir 5% formules, kurios si\u016blo \u012fvairias parinktis, pritaikytas prie individuali\u0173 pageidavim\u0173.<\/p>\n<table style=\"width: 100%; border-collapse: collapse; margin: 30px 0; font-family: sans-serif; box-shadow: 0 4px 8px rgba(0,0,0,0.05); background-color: #fff;\">\n<thead>\n<tr>\n<th style=\"background-color: #f4f6f7; border: 1px solid #dcdde1; padding: 15px; text-align: left; font-weight: bold; color: #2c3e50; width: 30%;\">Specifikacijos komponentas<\/th>\n<th style=\"background-color: #f4f6f7; border: 1px solid #dcdde1; padding: 15px; text-align: left; font-weight: bold; color: #2c3e50;\">In\u017einerini\u0173 detali\u0173 ir patvirtinimo procesas<\/th>\n<\/tr>\n<\/thead>\n<tbody>\n<tr>\n<td style=\"border: 1px solid #dcdde1; padding: 15px; color: #555; font-weight: bold;\">Did\u017eiausias i\u0161vesties paj\u0117gumas<\/td>\n<td style=\"border: 1px solid #dcdde1; padding: 15px; color: #555;\">7000 traukim\u0173 (patvirtinta automatiniu pneumatiniu bandymo aparatu)<\/td>\n<\/tr>\n<tr>\n<td style=\"border: 1px solid #dcdde1; padding: 15px; color: #555; font-weight: bold;\">Rezervuaro t\u016bris<\/td>\n<td style=\"border: 1px solid #dcdde1; padding: 15px; color: #555;\">12 ml izoliuota laikymo kamera<\/td>\n<\/tr>\n<tr>\n<td style=\"border: 1px solid #dcdde1; padding: 15px; color: #555; font-weight: bold;\">Maitinimo elemento specifikacijos<\/td>\n<td style=\"border: 1px solid #dcdde1; padding: 15px; color: #555;\">600mAh \u012fkraunama li\u010dio jon\u0173 \u0161erdis (UN38.3 saugos reikalavim\u0173 atitiktis)<\/td>\n<\/tr>\n<tr>\n<td style=\"border: 1px solid #dcdde1; padding: 15px; color: #555; font-weight: bold;\">\u0160ildymo technologija<\/td>\n<td style=\"border: 1px solid #dcdde1; padding: 15px; color: #555;\">1,2 \u03a9 sud\u0117tinga tinklelio matrica<\/td>\n<\/tr>\n<tr>\n<td style=\"border: 1px solid #dcdde1; padding: 15px; color: #555; font-weight: bold;\">\u012ekrovimo s\u0105saja<\/td>\n<td style=\"border: 1px solid #dcdde1; padding: 15px; color: #555;\">Type-C prievadas (5V\/1A standartizuotas \u012f\u0117jimas)<\/td>\n<\/tr>\n<tr>\n<td style=\"border: 1px solid #dcdde1; padding: 15px; color: #555; font-weight: bold;\">Stiprumo parinktys<\/td>\n<td style=\"border: 1px solid #dcdde1; padding: 15px; color: #555;\">0%, 2%, 3%, 5% koncentracijos prieinamos<\/td>\n<\/tr>\n<tr>\n<td style=\"border: 1px solid #dcdde1; padding: 15px; color: #555; font-weight: bold;\">Fiziniai matmenys<\/td>\n<td style=\"border: 1px solid #dcdde1; padding: 15px; color: #555;\">31 x 25 x 100 mm (Ergonomi\u0161kas konstrukcinis dizainas)<\/td>\n<\/tr>\n<\/tbody>\n<\/table>\n<h3 style=\"color: #2980b9; margin-top: 25px;\">Med\u017eiag\u0173 sauga ir reguliavimo reikalavim\u0173 laikymasis<\/h3>\n<p style=\"font-size: 16px;\">VapeXYZ itin didel\u012f d\u0117mes\u012f skiria aparat\u016bros autoritetui ir galutini\u0173 vartotoj\u0173 pasitik\u0117jimui. I\u0161orinis AIVONO AIM GUN korpusas pagamintas i\u0161 maisto kokyb\u0117s PCTG (policikloksilendimetileno tereftalato glikolio) polimer\u0173. \u0160i pramonin\u0117 med\u017eiaga yra nepriklausomai patikrinta d\u0117l i\u0161skirtinio terminio stabilumo ir didelio atsparumo sm\u016bgiams, u\u017etikrinant, kad prietaisas i\u0161lieka saugus naudoti net ilg\u0105 laik\u0105. Be to, vidinis maitinimo \u0161altinis atitinka grie\u017etus UN38.3 transportavimo ir akumuliatori\u0173 saugos standartus, o visas gamybos procesas vykdomas ISO 9001 sertifikuotose patalpose. Atitinkant tarptautines CE ir RoHS direktyvas, aparat\u016bra riboja kenksming\u0173 med\u017eiag\u0173 kiek\u012f, tvirtinant jos pozicij\u0105 kaip atitinkan\u010di\u0105, patikim\u0105 pasirinkim\u0105 pasaulin\u0117je vienkartini\u0173 garintuv\u0173 rinkoje.<\/p>\n<h3 style=\"color: #2980b9; margin-top: 25px;\">Kuriuoti Aromat\u0173 Profiliai<\/h3>\n<p style=\"font-size: 16px;\">M\u016bs\u0173 ekspertai mixologai suk\u016br\u0117 i\u0161skirtin\u0119 skoni\u0173 profili\u0173 \u012fvairov\u0119 AIVONO AIM GUN 7000 Puffs. Kiekviena formul\u0117 yra sintezuota naudojant auk\u0161\u010diausios kokyb\u0117s ekstraktus, kad b\u016bt\u0173 u\u017etikrinta daugiapakop\u0117 poj\u016b\u010di\u0173 patirtis be degradacijos per vis\u0105 \u012frenginio naudojimo laik\u0105:<\/p>\n<ul style=\"list-style-type: none; padding-left: 0; font-size: 16px;\">\n<li style=\"margin-bottom: 10px; padding: 10px; background-color: #f9f9f9; border-left: 4px solid #3498db;\">Ananas\u0173 kokoso ledai: atogr\u0105\u017ein\u0117 sintez\u0117, suteikianti kremin\u012f, \u0161vie\u017ei\u0105 ir sald\u0173 sal\u0173 skon\u012f.<\/li>\n<li style=\"margin-bottom: 10px; padding: 10px; background-color: #f9f9f9; border-left: 4px solid #3498db;\">Bra\u0161ki\u0173 ledai: Prabangus desertinis poj\u016btis, pasi\u017eymintis turtingomis, lygiomis ir sald\u017eiomis botanin\u0117mis natomis.<\/li>\n<li style=\"margin-bottom: 10px; padding: 10px; background-color: #f9f9f9; border-left: 4px solid #3498db;\">Bra\u0161ki\u0173 Arb\u016bz\u0173 Persik\u0173: Sud\u0117tingas, trij\u0173 sluoksni\u0173 botaninis mi\u0161inys, si\u016blantis harmoning\u0105 vasari\u0161k\u0173 vaisi\u0173 balans\u0105.<\/li>\n<li style=\"margin-bottom: 10px; padding: 10px; background-color: #f9f9f9; border-left: 4px solid #3498db;\">M\u0117lyni\u0173, avie\u010di\u0173 ir citrinos: r\u016bg\u0161tus, tra\u0161kus ir labai gaivus citrusini\u0173 \u017eieveli\u0173 skonis, persipyn\u0119s su laukini\u0173 uog\u0173 poskoniais.<\/li>\n<li style=\"margin-bottom: 10px; padding: 10px; background-color: #f9f9f9; border-left: 4px solid #3498db;\">Arb\u016bz\u0173 ledai: v\u0117sinantis, gaivinantis profilis, meistri\u0161kai atkuriantis at\u0161aldytus vasari\u0161kus melionus.<\/li>\n<li style=\"margin-bottom: 10px; padding: 10px; background-color: #f9f9f9; border-left: 4px solid #3498db;\">Mi\u0161rios uogos: tiksliai subalansuotas saldus ir r\u016bg\u0161tus sodo asortimentas, pasi\u017eymintis tvirtu tamsi\u0173 uog\u0173 asortimentu.<\/li>\n<li style=\"margin-bottom: 10px; padding: 10px; background-color: #f9f9f9; border-left: 4px solid #3498db;\">M\u0117lyni\u0173 ledai: Turtingas, gilus botaninis profilis, u\u017ebaigtas gaiviu, v\u0117sinan\u010diu i\u0161kv\u0117pimu.<\/li>\n<li style=\"margin-bottom: 10px; padding: 10px; background-color: #f9f9f9; border-left: 4px solid #3498db;\">Persik\u0173 ledai:  \u0160velnus, lygus poj\u016btis, jungiantis nokint\u0173 sodo persik\u0173 atspalvius su \u0161altu fini\u0161u.<\/li>\n<li style=\"margin-bottom: 10px; padding: 10px; background-color: #f9f9f9; border-left: 4px solid #3498db;\">Vynuogi\u0173 ledai: Dr\u0105sus, vynmed\u017eio subrend\u0119s esencija, sustiprinta i\u0161skirtinai \u0161alto ir gaivaus poskonyje.<\/li>\n<li style=\"margin-bottom: 10px; padding: 10px; background-color: #f9f9f9; border-left: 4px solid #3498db;\">Bra\u0161ki\u0173 ir banano: Klasikinis, tobulai subalansuotas derinys, u\u017etikrinantis nuolat skland\u0173 ir sald\u0173 pateikim\u0105.<\/li>\n<\/ul>\n<h3 style=\"color: #2980b9; margin-top: 25px;\">Didmenin\u0117 garinimo operacija: idealu ma\u017emenininkams<\/h3>\n<p style=\"font-size: 16px;\">Fizin\u0117ms parduotuv\u0117ms ir nepriklausomiems platintojams, norintiems i\u0161nar\u0161yti didmenin\u0117s prekybos tiekimo grandin\u0119, reikalingas autoritetingas partneris. \u201eVapeXYZ\u201c pasinaudoja daugiau nei a\u0161tuoneri\u0173 met\u0173 pramon\u0117s patirtimi, kad u\u017etikrint\u0173 skland\u017ei\u0105 B2B logistik\u0105. Nustatydama itin prieinam\u0105 minimal\u0173 u\u017esakymo kiek\u012f (MOQ) tik 10 vienet\u0173, mes \u012fgaliname ma\u017eas ir vidutines \u012fmones \u012fsigyti \u201eAIVONO\u201c vienkartini\u0173 garintuv\u0173 u\u017e labai konkurencingas didmenin\u0117s prekybos kainas. M\u016bs\u0173 logistin\u0117 sistema u\u017etikrina greit\u0105 i\u0161siuntim\u0105, grie\u017et\u0105 muitin\u0117s dokument\u0173 tvarkym\u0105 ir saug\u0173 tarptautin\u012f pristatym\u0105, tod\u0117l tampame auk\u0161\u010diausio lygio didmenin\u0117s prekybos auk\u0161tos kokyb\u0117s garintuvais platintoju visame pasaulyje.<\/p>\n<div style=\"background-color: #eaf2f8; border-left: 6px solid #2980b9; padding: 20px; margin: 30px 0; border-radius: 4px; box-shadow: 0 2px 4px rgba(0,0,0,0.1);\">\n<h4 style=\"margin-top: 0; color: #154360; font-size: 18px;\">Pramon\u0117s \u017eini\u0173 punktai<\/h4>\n<p style=\"margin-bottom: 10px; font-size: 15px;\">Tinklelio rit\u0117s termodinamika: Tradicin\u0117s spiralin\u0117s vielos \u012fkaista netolygiai, o tai gali sukelti prie\u0161laikin\u012f vidinio u\u017epildo med\u017eiagos sudegim\u0105. AIVONO 1,2\u03a9 tinklelio strukt\u016bra veikia kaip gardel\u0117, smarkiai i\u0161ple\u010diant \u0161ildymo pavir\u0161iaus plot\u0105. Tai u\u017etikrina nedelsiam\u0105 \u012f\u0161ilim\u0105 ir garantuoja, kad vidin\u0117 formul\u0117 yra efektyviai i\u0161garinama be kenksming\u0173 termini\u0173 \u0161alutini\u0173 produkt\u0173 susidarymo.<\/p>\n<p style=\"margin-bottom: 0; font-size: 15px;\">Li\u010dio jon\u0173 prie\u017ei\u016bra: Norint maksimaliai padidinti 600mAh vidin\u0117s baterijos tarnavimo laik\u0105, vartotojai tur\u0117t\u0173 \u012fkrauti \u012frengin\u012f naudodami nurodytus 5V\/1A parametrus. Naudojant auk\u0161tos \u012ftampos greitus \u012fkroviklius (pavyzd\u017eiui, ne\u0161iojam\u0173j\u0173 kompiuteri\u0173 \u012fkroviklius) gali atsirasti terminis \u012ftempis maitinimo elemente, pagreit\u0117ja chemin\u0117 degradacija ir suma\u017e\u0117ja bendras nauding\u0173 i\u0161\u0117jimo cikl\u0173 skai\u010dius.<\/p>\n<\/div>\n<h3 style=\"color: #2980b9; margin-top: 30px;\">Pagrindiniai punktai DUK<\/h3>\n<div style=\"margin-bottom: 15px; border: 1px solid #e1e1e1; border-radius: 6px; padding: 18px; background-color: #ffffff; box-shadow: 0 2px 5px rgba(0,0,0,0.03);\">\n<h4 style=\"margin: 0 0 10px 0; color: #2c3e50;\">Kaip 7000 i\u0161pu\u010di\u0173 skai\u010dius yra empiri\u0161kai patvirtintas?<\/h4>\n<p style=\"margin: 0; color: #555; font-size: 15px;\">7000 \u012fkv\u0117pim\u0173 tvirtinimas yra patvirtinamas grie\u017etai kontroliuojamoje laboratorin\u0117je aplinkoje naudojant robotinius \u012fkv\u0117pimo mechanizmus. \u0160ios ma\u0161inos yra kalibruotos taip, kad i\u0161 prietaiso i\u0161traukt\u0173 tiksliai 1,5 sekund\u0117s kiekvien\u0105 kart\u0105, kai yra aktyvuojamos. Individualaus naudojimo variacijos, tokios kaip gilesni, ilgesni \u012fkv\u0117pimai, nat\u016braliai paveiks bendr\u0105 pasiekiam\u0105 i\u0161\u0117jim\u0105 realiose situacijose.<\/p>\n<\/div>\n<div style=\"margin-bottom: 15px; border: 1px solid #e1e1e1; border-radius: 6px; padding: 18px; background-color: #ffffff; box-shadow: 0 2px 5px rgba(0,0,0,0.03);\">\n<h4 style=\"margin: 0 0 10px 0; color: #2c3e50;\">2. Kokios sertifikacijos u\u017etikrina, kad \u0161is vienkartinis garintuvas yra saugus naudoti?<\/h4>\n<p style=\"margin: 0; color: #555; font-size: 15px;\">AIVONO AIM GUN atitinka pagrindines tarptautines direktyvas, \u012fskaitant CE (Conformit\u00e9 Europ\u00e9enne) ir RoHS (Pavojing\u0173 med\u017eiag\u0173 apribojimas). Be to, vidin\u0117 li\u010dio jon\u0173 baterija i\u0161laik\u0117 UN38.3 bandymus, sertifikuojant j\u0105 kaip saugi\u0105 nuo \u0161iluminio i\u0161b\u0117gimo per transportavim\u0105 ir kasdien\u012f naudojim\u0105.<\/p>\n<\/div>\n<div style=\"margin-bottom: 15px; border: 1px solid #e1e1e1; border-radius: 6px; padding: 18px; background-color: #ffffff; box-shadow: 0 2px 5px rgba(0,0,0,0.03);\">\n<h4 style=\"margin: 0 0 10px 0; color: #2c3e50;\">3. Kaip VapeXYZ tvarko didmenin\u0117s prekybos siunt\u0173 logistik\u0105?<\/h4>\n<p style=\"margin: 0; color: #555; font-size: 15px;\">Pasinaudodamas daugiau nei a\u0161tuoneri\u0173 met\u0173 pasaulin\u0117s platinimo patirtimi, VapeXYZ apdoroja didmeninius u\u017esakymus naudodamas supaprastint\u0105 logistikos tinkl\u0105. Tur\u0117damas minimal\u0173 u\u017esakymo kiek\u012f vos 10 vienet\u0173, ma\u017emenininkai gauna naudos i\u0161 skaidraus kainodaros, muit\u0173 i\u0161valyt\u0173 tranzito mar\u0161rut\u0173 ir visi\u0161kai stebim\u0173 siuntim\u0173, u\u017etikrinan\u010di\u0173 saug\u0173 atsarg\u0173 pristatym\u0105.<\/p>\n<\/div>\n<div style=\"margin-bottom: 15px; border: 1px solid #e1e1e1; border-radius: 6px; padding: 18px; background-color: #ffffff; box-shadow: 0 2px 5px rgba(0,0,0,0.03);\">\n<h4 style=\"margin: 0 0 10px 0; color: #2c3e50;\">4. Ar aparatin\u0117 \u012franga gali b\u016bti perdirbama?<\/h4>\n<p style=\"margin: 0; color: #555; font-size: 15px;\">Taip. Kadangi \u012frenginyje yra \u012fkraunama li\u010dio jon\u0173 baterija ir vidin\u0117 elektronin\u0117 grandin\u0117, jis patenka \u012f WEEE (elektrini\u0173 ir elektronini\u0173 atliek\u0173) direktivos taikymo srit\u012f. Mes labai rekomenduojame vartotojams ir ma\u017emenininkams i\u0161mesti i\u0161naudotus garintuvus specialiose elektronikos perdirbimo vietose, o ne \u012f \u012fprastas buitini\u0173 atliek\u0173 konteinerius.<\/p>\n<\/div>\n<p style=\"font-size: 16px; margin-top: 30px;\">U\u017esisakykite AIVONO AIM GUN 7000 Puffs i\u0161 VapeXYZ \u0161iandien ir papildykite savo asortiment\u0105 patikimu, auk\u0161t\u0173j\u0173 technologij\u0173 vienkartiniu garintuvu, kuris u\u017etikrina nuosekli\u0105 kokyb\u0119 nuo pirmojo iki paskutinio \u012fkv\u0117pimo.<\/p>\n<div style=\"text-align: center; margin-top: 40px;\"><img loading=\"lazy\" decoding=\"async\" class=\"wp-image-31522 size-full aligncenter\" style=\"max-width: 100%; height: auto; border-radius: 8px; box-shadow: 0 6px 15px rgba(0,0,0,0.15);\" src=\"https:\/\/vapexyz.com\/wp-content\/uploads\/2024\/08\/AIVONO-AIM-GUN-7000-Puff-16.webp\" alt=\"AIVONO AIM GUN 7000 \u012ekv\u0117pim\u0173 0% 2% 3% 5% Didmenin\u0117 Pirkimas \u017demos Stiprumo \u012ekraunamos Vienkartin\u0117s Garintuv\u0173 \u0160virk\u0161tas Didmenin\u0117 Prekyba\" width=\"1060\" height=\"847\" title=\"\" srcset=\"https:\/\/vapexyz.com\/wp-content\/uploads\/2024\/08\/AIVONO-AIM-GUN-7000-Puff-16.webp 1060w, https:\/\/vapexyz.com\/wp-content\/uploads\/2024\/08\/AIVONO-AIM-GUN-7000-Puff-16-500x400.webp 500w, https:\/\/vapexyz.com\/wp-content\/uploads\/2024\/08\/AIVONO-AIM-GUN-7000-Puff-16-1024x818.webp 1024w, https:\/\/vapexyz.com\/wp-content\/uploads\/2024\/08\/AIVONO-AIM-GUN-7000-Puff-16-768x614.webp 768w, https:\/\/vapexyz.com\/wp-content\/uploads\/2024\/08\/AIVONO-AIM-GUN-7000-Puff-16-15x12.webp 15w, https:\/\/vapexyz.com\/wp-content\/uploads\/2024\/08\/AIVONO-AIM-GUN-7000-Puff-16-600x479.webp 600w\" sizes=\"auto, (max-width: 1060px) 100vw, 1060px\" \/><\/div>\n<\/article>","protected":false},"excerpt":{"rendered":"<p>AIVONO AIM GUN 7000 Puffs, prieinamas Vapexyz, yra didel\u0117s talpos, \u012fkraunamas vienkartinis garintuvas, si\u016blantis iki 7 000 \u012fkv\u0117pim\u0173 su \u012fvairiais skonio variantais ir pritaikomomis garinimo stiprumais, idealus premium garinimo patir\u010diai.<\/p>","protected":false},"featured_media":31521,"comment_status":"open","ping_status":"closed","template":"","meta":{"_lmt_disableupdate":"no","_lmt_disable":""},"product_brand":[],"product_cat":[944,1010,1018,1020,935,934,927,929,928,930,933,939,932,938,931,936,937,1017,946,1023,1025,1027,951,1031,1033,1034,953,1037,820,987,1038],"product_tag":[],"class_list":{"0":"post-31465","1":"product","2":"type-product","3":"status-publish","4":"has-post-thumbnail","6":"product_cat-aivono","7":"product_cat-7000-puff-vapes","8":"product_cat-apple-flavor-disposable-vapes","9":"product_cat-blueberry-flavor-disposable-vapes","10":"product_cat-bulk-buy-disposable-vapes-in-austria","11":"product_cat-bulk-buy-disposable-vapes-in-belgium","12":"product_cat-bulk-buy-disposable-vapes-in-europe","13":"product_cat-bulk-buy-disposable-vapes-in-france","14":"product_cat-bulk-buy-disposable-vapes-in-germany","15":"product_cat-bulk-buy-disposable-vapes-in-italy","16":"product_cat-bulk-buy-disposable-vapes-in-netherlands","17":"product_cat-bulk-buy-disposable-vapes-in-norway","18":"product_cat-bulk-buy-disposable-vapes-in-poland","19":"product_cat-bulk-buy-disposable-vapes-in-portugal","20":"product_cat-bulk-buy-disposable-vapes-in-spain","21":"product_cat-bulk-buy-disposable-vapes-in-sweden","22":"product_cat-bulk-buy-disposable-vapes-in-switzerland","23":"product_cat-buy-best-disposable-vape-flavors","24":"product_cat-disposable-vapes-series","25":"product_cat-grape-flavor-disposable-vapes","26":"product_cat-ice-flavor-disposable-vapes","27":"product_cat-lemon-flavor-disposable-vapes","28":"product_cat-lower-nicotine-vapes","29":"product_cat-mixed-berries-flavor-disposable-vapes","30":"product_cat-peach-flavor-disposable-vapes","31":"product_cat-pineapple-flavor-disposable-vapes","32":"product_cat-rechargeable-vapes","33":"product_cat-strawberry-flavor-disposable-vapes","34":"product_cat-vape","35":"product_cat-vape-shop-by-puffs","36":"product_cat-watermelon-flavor-disposable-vapes","38":"first","39":"outofstock","40":"shipping-taxable","41":"purchasable","42":"product-type-variable","43":"has-default-attributes"},"jetpack_sharing_enabled":true,"tiered_pricing_type":"fixed","tiered_pricing_fixed_rules":[],"tiered_pricing_product_settings":{"layout":"default","base_unit_name":{"singular":null,"plural":null},"default_variation":null},"tiered_pricing_minimum_quantity":null,"tiered_pricing_roles_data":[],"tiered_pricing_percentage_rules":[],"tiered_pricing_maximum_quantity":null,"tiered_pricing_quantity_step":null,"_links":{"self":[{"href":"https:\/\/vapexyz.com\/lt\/wp-json\/wp\/v2\/product\/31465","targetHints":{"allow":["GET"]}}],"collection":[{"href":"https:\/\/vapexyz.com\/lt\/wp-json\/wp\/v2\/product"}],"about":[{"href":"https:\/\/vapexyz.com\/lt\/wp-json\/wp\/v2\/types\/product"}],"replies":[{"embeddable":true,"href":"https:\/\/vapexyz.com\/lt\/wp-json\/wp\/v2\/comments?post=31465"}],"wp:featuredmedia":[{"embeddable":true,"href":"https:\/\/vapexyz.com\/lt\/wp-json\/wp\/v2\/media\/31521"}],"wp:attachment":[{"href":"https:\/\/vapexyz.com\/lt\/wp-json\/wp\/v2\/media?parent=31465"}],"wp:term":[{"taxonomy":"product_brand","embeddable":true,"href":"https:\/\/vapexyz.com\/lt\/wp-json\/wp\/v2\/product_brand?post=31465"},{"taxonomy":"product_cat","embeddable":true,"href":"https:\/\/vapexyz.com\/lt\/wp-json\/wp\/v2\/product_cat?post=31465"},{"taxonomy":"product_tag","embeddable":true,"href":"https:\/\/vapexyz.com\/lt\/wp-json\/wp\/v2\/product_tag?post=31465"}],"curies":[{"name":"wp","href":"https:\/\/api.w.org\/{rel}","templated":true}]}}