{"id":17026,"date":"2024-03-09T09:55:09","date_gmt":"2024-03-09T09:55:09","guid":{"rendered":"https:\/\/vapexyz.com\/product\/elf-box-5500-disposable-vape-5500-puffs-authentic-e-cigarette-pen\/"},"modified":"2026-02-28T02:21:48","modified_gmt":"2026-02-28T02:21:48","slug":"elf-box-5500-vienkartinis-vape-5500-pustu-autentiskas-el-cigareciu-tusinukas-didmenine-prekyba","status":"publish","type":"product","link":"https:\/\/vapexyz.com\/lt\/product\/elf-box-5500-disposable-vape-5500-puffs-authentic-e-cigarette-pen-wholesale\/","title":{"rendered":"ELF BOX 5500 Vienkartinis Vape 5500 Puffs Autenti\u0161kas E cigare\u010di\u0173 ra\u0161iklis Didmenin\u0117 prekyba"},"content":{"rendered":"<article>\n<h2>M\u016bs\u0173 M\u0117gstamiausias Garintuvas Tapo Dar Geresnis!<\/h2>\n<p>Mes myl\u0117jome ELF BOX 5500 lygiai kaip ir j\u016bs! Ta\u010diau kartais geriems dalykams reikia pasikeisti \u2013 ir mes radome ka\u017ek\u0105 dar nuostabesnio jums!<\/p>\n<h3>Susipa\u017einkite su savo nauju geriausiu draugu: <a href=\"https:\/\/vapexyz.com\/lt\/produktas\/elf-box-digital-12000-puffs-0-2-3-5-nikotino-led-ekranas-vienkartinis-vape-didmenine-prekyba\/\">ELF BOX DIGITAL 12000 Puffs \n\n(Translation is not necessary for product names and technical specifications, however I will provide it if needed)\n\n ELF BOX DIGITAL 12000 Puffs \n\nbecomes \n\nELF BOX DIGITAL 12000 Puffs<\/a><\/h3>\n<p>Sakykite sveiki itin i\u0161maniajam garintuvui, kuris tarnauja ilgiau ir veikia geriau! Tai tarsi atnaujinimas nuo dvira\u010dio iki \u0161aunaus elektrinio scooterio! \ud83d\udef4<\/p>\n<div style=\"background: #f8f9fa;padding: 20px;border-radius: 10px;margin: 20px 0\">\n<h3 style=\"margin-top: 0\">Palyginkime M\u016bs\u0173 Garintuv\u0173 Draugus I\u0161 \u0160ono \u012e \u0160on\u0105<\/h3>\n<table style=\"width: 100%;border-collapse: collapse;background: white;border-radius: 8px\">\n<tbody>\n<tr style=\"border-bottom: 1px solid #eee\">\n<td style=\"padding: 12px\">K\u0105 Mes Lyginame<\/td>\n<td style=\"padding: 12px\">Senas Draugas: ELF BOX 5500<\/td>\n<td style=\"padding: 12px\">Nauja Super\u017evaig\u017ed\u0117: ELF BOX DIGITAL 12000<\/td>\n<\/tr>\n<tr style=\"border-bottom: 1px solid #eee;background: #f8f9fa\">\n<td style=\"padding: 12px\">Kiek P\u016bk\u0173?<\/td>\n<td style=\"padding: 12px\">5500 i\u0161p\u016btim\u0173<\/td>\n<td style=\"padding: 12px\">12 000 p\u016btim\u0173 \u2013 tai daugiau nei dvigubai!<\/td>\n<\/tr>\n<tr style=\"border-bottom: 1px solid #eee\">\n<td style=\"padding: 12px\">Skystis Viduje<\/td>\n<td style=\"padding: 12px\">12ml \u2013 gana gerai!<\/td>\n<td style=\"padding: 12px\">23ml \u2013 beveik dvigubai daugiau!<\/td>\n<\/tr>\n<tr style=\"border-bottom: 1px solid #eee;background: #f8f9fa\">\n<td style=\"padding: 12px\">Ypatumai<\/td>\n<td style=\"padding: 12px\">Veikia gerai<\/td>\n<td style=\"padding: 12px\">Skaitmeninis ekranas, kuriame matoma viskas! \ud83d\udcf1<\/td>\n<\/tr>\n<tr style=\"border-bottom: 1px solid #eee\">\n<td style=\"padding: 12px\">Baterijos maitinimas<\/td>\n<td style=\"padding: 12px\">650mAh \u2013 gera galia<\/td>\n<td style=\"padding: 12px\">500mAh \u2013 i\u0161manioji baterija, kuri ilgai tarnauja<\/td>\n<\/tr>\n<\/tbody>\n<\/table>\n<\/div>\n<div style=\"background: #e8f5e8;padding: 20px;border-radius: 10px;margin: 20px 0\">\n<h3 style=\"margin-top: 0\">Kod\u0117l jums patiks naujoji ELF BOX DIGITAL \ud83c\udf1f<\/h3>\n<ul style=\"padding: 0\">\n<li style=\"padding: 8px 0\">\ud83d\udcca Skaitmeninis ekranas visk\u0105 ai\u0161kiai parodo<\/li>\n<li style=\"padding: 8px 0\">\ud83c\udf31 Geriau m\u016bs\u0173 planetai \u2013 ekologi\u0161ka!<\/li>\n<li style=\"padding: 8px 0\">\u26a1 T\u0119siasi daug ilgiau \u2013 ma\u017eiau kelioni\u0173 \u012f parduotuv\u0119<\/li>\n<li style=\"padding: 8px 0\">Puikiai tinka tiek pradedantiesiems, tiek ekspertams<\/li>\n<li style=\"padding: 8px 0\">\ud83c\udfa8 \u0160aunus metalo dizainas, kuris puikiai jau\u010diasi j\u016bs\u0173 rankoje<\/li>\n<\/ul>\n<\/div>\n<div style=\"background: #e3f2fd;padding: 20px;border-radius: 10px;margin: 20px 0\">\n<h3 style=\"margin-top: 0\">\u012edom\u016bs Faktai Apie J\u016bs\u0173 Nauj\u0105 Garintuv\u0105 \ud83d\udcda<\/h3>\n<p>Skaitmeninis ekranas yra tarsi ma\u017eas pagalbininkas, kuris parodo tiksliai, kas vyksta j\u016bs\u0173 garintuve! Nebe sp\u0117liojimai! \ud83c\udfaf<\/p>\n<p>Nors akumuliatoriaus numeris atrodo ma\u017eesnis, jis i\u0161 tikr\u0173j\u0173 yra labai protingas ir puikiai veikia su nauj\u0105ja technologija, suteikdamas jums nuostab\u0173 na\u0161um\u0105 vis\u0105 dien\u0105!<\/p>\n<\/div>\n<div style=\"background: #fff3e0;padding: 20px;border-radius: 10px;margin: 20px 0\">\n<h3 style=\"margin-top: 0\">Klausimai, kuriuos galite tur\u0117ti \ud83e\udd17<\/h3>\n<p>Ar man patiks skoniai?<\/p>\n<p>Taip! I\u0161saugojome j\u016bs\u0173 m\u0117gstamus, tokius kaip Strawberry Ice ir Blue Razz Ice, ir prid\u0117jome nauj\u0173 \u012fdomi\u0173, toki\u0173 kaip Watermelon Bubblegum ir Coconut Melon! Kiekvienam yra ka\u017ekas! \ud83c\udf53\ud83c\udf49<\/p>\n<p>Ar lengva naudoti?<\/p>\n<p>Dar lengviau nei anks\u010diau! Skaitmeninis ekranas visk\u0105 daro paprastu suprasti. Puikiai tinka tiek naujiems, tiek patyrusiems garintojams!<\/p>\n<p>Kod\u0117l tur\u0117\u010diau pereiti?<\/p>\n<p>Gaunate daugiau nei dvigubai daugiau p\u016bk\u0173, beveik dvigubai daugiau skys\u010dio ir \u0161aunias naujas funkcijas \u2013 visa tai tuo pat metu pad\u0117damas aplinkai! Tai laim\u0117jimas! \ud83c\udfc6<\/p>\n<\/div>\n<h3>Pasiruo\u0161\u0119 atnaujinimui? \ud83d\ude80<\/h3>\n<p>Mes taip patenkinti \u0161iuo nauju garintuvu ir \u017einome, kad jums jis taip pat patiks! Jis turi visk\u0105, k\u0105 jums patiko ELF BOX 5500, bet yra protingesnis, ilgiau tarnauja ir dar smagiau naudoti!<\/p>\n<p>Pakeiskite savo pasirinkim\u0105 \u0161iandien ir patirkite ateities garinimo patirt\u012f! J\u016bs\u0173 garinimo kelion\u0117 k\u0105 tik buvo atnaujinta!<\/p>\n<\/article>","protected":false},"excerpt":{"rendered":"<div class=\"custom-product\" style=\"border: 1px solid #eee; text-align: center; max-width: 100%; margin: 0 auto; font-family: Arial, sans-serif; box-sizing: border-box;\">\n        <!-- Product image - full width -->\n        <a href=\"https:\/\/vapexyz.com\/lt\/product\/elf-box-digital-12000-puffs-0-2-3-5-nicotine-led-display-disposable-vape-wholesale\/\" style=\"display: block; margin-bottom: 15px;\">\n            <img decoding=\"async\" src=\"https:\/\/vapexyz.com\/wp-content\/uploads\/2024\/03\/ELF_box_digital_12k_puffs_1-1.jpg\" alt=\"ELF BOX DIGITAL 12000 Puff\u0173 LED Ekranas Vienkartinis Garintuvas Didmenin\u0117 Prekyba\" style=\"width: 100%; height: auto; display: block;\">        <\/a>\n        \n        <!-- Product name -->\n        <h3 style=\"margin: 10px 0; font-size: 1.2em; line-height: 1.4; color: #333;\">\n            ELF BOX DIGITAL 12000 Puff\u0173 LED Ekranas Vienkartinis Garintuvas Didmenin\u0117 Prekyba        <\/h3>\n        \n        <!-- Product price -->\n        <div class=\"price\" style=\"color: #ff0000; font-weight: bold; font-size: 1.4em; margin: 10px 0;\">\n            \t\t<span class=\"tiered-pricing-dynamic-price-wrapper tiered-pricing-dynamic-price-wrapper--variable\"\n\t\t\t  data-display-context=\"shop-loop\"\n\t\t\t  data-price-type=\"dynamic\"\n\t\t\t  data-product-id=\"17127\"\n\t\t\t  data-parent-id=\"17127\">\n\t\t\t<span class=\"woocommerce-Price-amount amount\"><bdi><span class=\"woocommerce-Price-currencySymbol\">\u20ac<\/span>5.69<\/bdi><\/span><\/span>        <\/div>\n        \n        <!-- Product rating -->\n        <div class=\"rating\" style=\"margin: 15px 0; min-height: 25px;\">\n            <div class=\"star-rating\" role=\"img\" aria-label=\"\u012evertinta 5,00 i\u0161 5\"><span style=\"width:100%\">\u012evertintas <strong class=\"rating\">5.00<\/strong> i\u0161 5<\/span><\/div>        <\/div>\n        \n        <!-- Buy Now button -->\n        <div class=\"buy-now-button\" style=\"margin-top: 20px;\">\n            <a href=\"https:\/\/vapexyz.com\/lt\/product\/elf-box-digital-12000-puffs-0-2-3-5-nicotine-led-display-disposable-vape-wholesale\/\" \n               class=\"buy-now-btn\" \n               style=\"display: inline-block; background-color: #4CAF50; color: white !important; padding: 12px 24px; text-align: center; text-decoration: none; font-weight: bold; border-radius: 4px; transition: all 0.3s; border: none; cursor: pointer; font-size: 1em;\">\n                Pirkite dabar            <\/a>\n        <\/div>\n    <\/div>","protected":false},"featured_media":17027,"comment_status":"open","ping_status":"closed","template":"","meta":{"_lmt_disableupdate":"no","_lmt_disable":""},"product_brand":[],"product_cat":[829,1018,1019,935,934,927,929,928,930,933,939,932,938,931,936,937,1017,946,1023,1025,1026,951,1028,1030,1034,1037,820,987,1038],"product_tag":[],"class_list":{"0":"post-17026","1":"product","2":"type-product","3":"status-publish","4":"has-post-thumbnail","6":"product_cat-elf-box","7":"product_cat-apple-flavor-disposable-vapes","8":"product_cat-blue-razz-flavor-disposable-vapes","9":"product_cat-bulk-buy-disposable-vapes-in-austria","10":"product_cat-bulk-buy-disposable-vapes-in-belgium","11":"product_cat-bulk-buy-disposable-vapes-in-europe","12":"product_cat-bulk-buy-disposable-vapes-in-france","13":"product_cat-bulk-buy-disposable-vapes-in-germany","14":"product_cat-bulk-buy-disposable-vapes-in-italy","15":"product_cat-bulk-buy-disposable-vapes-in-netherlands","16":"product_cat-bulk-buy-disposable-vapes-in-norway","17":"product_cat-bulk-buy-disposable-vapes-in-poland","18":"product_cat-bulk-buy-disposable-vapes-in-portugal","19":"product_cat-bulk-buy-disposable-vapes-in-spain","20":"product_cat-bulk-buy-disposable-vapes-in-sweden","21":"product_cat-bulk-buy-disposable-vapes-in-switzerland","22":"product_cat-buy-best-disposable-vape-flavors","23":"product_cat-disposable-vapes-series","24":"product_cat-grape-flavor-disposable-vapes","25":"product_cat-ice-flavor-disposable-vapes","26":"product_cat-kiwi-flavor-disposable-vapes","27":"product_cat-lower-nicotine-vapes","28":"product_cat-lush-flavor-disposable-vapes","29":"product_cat-mint-flavor-disposable-vapes","30":"product_cat-pineapple-flavor-disposable-vapes","31":"product_cat-strawberry-flavor-disposable-vapes","32":"product_cat-vape","33":"product_cat-vape-shop-by-puffs","34":"product_cat-watermelon-flavor-disposable-vapes","36":"first","37":"outofstock","38":"shipping-taxable","39":"purchasable","40":"product-type-variable","41":"has-default-attributes"},"jetpack_sharing_enabled":true,"tiered_pricing_type":"fixed","tiered_pricing_fixed_rules":[],"tiered_pricing_product_settings":{"layout":"default","base_unit_name":{"singular":null,"plural":null},"default_variation":null},"tiered_pricing_minimum_quantity":null,"tiered_pricing_roles_data":[],"tiered_pricing_percentage_rules":[],"tiered_pricing_maximum_quantity":null,"tiered_pricing_quantity_step":null,"_links":{"self":[{"href":"https:\/\/vapexyz.com\/lt\/wp-json\/wp\/v2\/product\/17026","targetHints":{"allow":["GET"]}}],"collection":[{"href":"https:\/\/vapexyz.com\/lt\/wp-json\/wp\/v2\/product"}],"about":[{"href":"https:\/\/vapexyz.com\/lt\/wp-json\/wp\/v2\/types\/product"}],"replies":[{"embeddable":true,"href":"https:\/\/vapexyz.com\/lt\/wp-json\/wp\/v2\/comments?post=17026"}],"wp:featuredmedia":[{"embeddable":true,"href":"https:\/\/vapexyz.com\/lt\/wp-json\/wp\/v2\/media\/17027"}],"wp:attachment":[{"href":"https:\/\/vapexyz.com\/lt\/wp-json\/wp\/v2\/media?parent=17026"}],"wp:term":[{"taxonomy":"product_brand","embeddable":true,"href":"https:\/\/vapexyz.com\/lt\/wp-json\/wp\/v2\/product_brand?post=17026"},{"taxonomy":"product_cat","embeddable":true,"href":"https:\/\/vapexyz.com\/lt\/wp-json\/wp\/v2\/product_cat?post=17026"},{"taxonomy":"product_tag","embeddable":true,"href":"https:\/\/vapexyz.com\/lt\/wp-json\/wp\/v2\/product_tag?post=17026"}],"curies":[{"name":"wp","href":"https:\/\/api.w.org\/{rel}","templated":true}]}}