{"id":16915,"date":"2024-03-09T09:51:44","date_gmt":"2024-03-09T09:51:44","guid":{"rendered":"https:\/\/vapexyz.com\/product\/bang-xxl-2000-puffs-disposable-vape-kit-800mah\/"},"modified":"2026-02-06T03:36:15","modified_gmt":"2026-02-06T03:36:15","slug":"bang-xxl-2000-puffs-vienkartinis-vape-rinkinys-800mah","status":"publish","type":"product","link":"https:\/\/vapexyz.com\/lt\/product\/bang-xxl-2000-puffs-disposable-vape-kit-800mah\/","title":{"rendered":"\u201eBang XXL 2000 Puffs\u201c vienkartinis gar\u0173 rinkinys, 800 mAh, masinis pirkimas"},"content":{"rendered":"<article>\n<h2>Nuostabios Atnaujinimo Naujienos: I\u0161 BANG XXL 2000 Puffs \u012f <a href=\"https:\/\/vapexyz.com\/lt\/produktas\/sprogimas-12000-putimu-0-2-3-5-mazas-nikotino-kiekis-dideliais-kiekiais-pirkti-ikraunama-vienkartini-vapes-rasikli-didmenine-prekyba\/\">BANG 12000 Puff\u0173!<\/a> \ud83c\udf8a<\/h2>\n<p>Sveiki, garinimo draugai! Turime super \u012fdomi\u0173 naujien\u0173 apie m\u016bs\u0173 BANG XXL 2000 Puffs. Tai buvo kaip tas ma\u017eas saldaini\u0173 mai\u0161elis, kuris dar\u0117 jus laimingais! \ud83c\udf6c Bet sp\u0117kite, k\u0105? Mes radome mil\u017eini\u0161k\u0105 saldaini\u0173 parduotuv\u0119, kuri yra dar geresn\u0117! \ud83c\udfea<\/p>\n<p>Leiskite mums jums pristatyti ne\u012ftik\u0117tin\u0105 BANG 12000 Puffs! Tai tarsi j\u016bs\u0173 m\u0117gstamiausias \u017eaislas u\u017eaugo ir tapo superherojumi!<\/p>\n<h3>J\u016bs\u0173 garinimas k\u0105 tik gavo mil\u017eini\u0161k\u0105 gali\u0105! \ud83d\ude80<\/h3>\n<p>\u012esivaizduokite, kaip j\u016bs\u0173 m\u0117gstamiausias vaizdo \u017eaidim\u0173 persona\u017eas atranda slapt\u0105 lobi\u0173 skryni\u0105 su \u0161e\u0161is kartus didesne galia! \u0160tai k\u0105 rei\u0161kia pereiti prie BANG 12000!<\/p>\n<div style=\"background-color: #fff0f5;border-radius: 12px;padding: 18px;margin: 20px 0;border-left: 5px solid #ff69b4\">\n<h4 style=\"margin-top: 0;color: #c71585;text-align: center\">Kod\u0117l BANG 12000 privers jus \u0161okti i\u0161 d\u017eiaugsmo:<\/h4>\n<ul style=\"color: #8b008b\">\n<li>\u0160e\u0161is kartus daugiau p\u016bk\u0173 \u2013 12 000 vietoj 2000!<\/li>\n<li>Pakartotinai \u012fkraunama baterija \u2013 nebereikia i\u0161mesti!<\/li>\n<li>Daug daugiau skys\u010dio \u2013 20ml vietoj 6ml!<\/li>\n<li>Daugiau nikotino pasirinkim\u0173: 0%, 2%, 3% arba 5%<\/li>\n<li>Puikiai tinka parduotuv\u0117ms ir didmeninei prekybai! \ud83c\udfea<\/li>\n<\/ul>\n<\/div>\n<h3>Lyginkime didel\u012f skirtum\u0105! \ud83d\udd0d<\/h3>\n<table style=\"width: 100%;border-collapse: collapse;background: #fafafa;border-radius: 8px;overflow: hidden;font-size: 16px\">\n<tbody>\n<tr style=\"background-color: #ff69b4;color: white\">\n<th style=\"padding: 14px;text-align: left\">funkcijos<\/th>\n<th style=\"padding: 14px;text-align: left\">BANG XXL 2000<\/th>\n<th style=\"padding: 14px;text-align: left\">BANG 12000<\/th>\n<\/tr>\n<tr style=\"border-bottom: 1px solid #e0e0e0\">\n<td style=\"padding: 14px;background-color: #f5f5f5\">I\u0161 viso i\u0161p\u016btim\u0173<\/td>\n<td style=\"padding: 14px\">2000 i\u0161p\u016btim\u0173<\/td>\n<td style=\"padding: 14px;color: #ff69b4\">12 000 i\u0161p\u016btim\u0173<\/td>\n<\/tr>\n<tr style=\"border-bottom: 1px solid #e0e0e0\">\n<td style=\"padding: 14px;background-color: #f5f5f5\">Baterija<\/td>\n<td style=\"padding: 14px\">Ne\u012fkraunamas<\/td>\n<td style=\"padding: 14px;color: #ff69b4\">\u012ekraunamas<\/td>\n<\/tr>\n<tr style=\"border-bottom: 1px solid #e0e0e0\">\n<td style=\"padding: 14px;background-color: #f5f5f5\">Skys\u010dio kiekis<\/td>\n<td style=\"padding: 14px\">6 ml<\/td>\n<td style=\"padding: 14px;color: #ff69b4\">20 ml<\/td>\n<\/tr>\n<tr style=\"border-bottom: 1px solid #e0e0e0\">\n<td style=\"padding: 14px;background-color: #f5f5f5\">Nikotino pasirinkimas<\/td>\n<td style=\"padding: 14px\">2%, 5%, 6%<\/td>\n<td style=\"padding: 14px;color: #ff69b4\">0%, 2%, 3%, 5%<\/td>\n<\/tr>\n<tr>\n<td style=\"padding: 14px;background-color: #f5f5f5\">Vert\u0117<\/td>\n<td style=\"padding: 14px\">Gerai<\/td>\n<td style=\"padding: 14px;color: #ff69b4\">Nuostabu<\/td>\n<\/tr>\n<\/tbody>\n<\/table>\n<h3>Nuostabios BANG 12000 naudos!<\/h3>\n<div style=\"background-color: #f0f8ff;border-radius: 10px;padding: 20px;margin: 20px 0;border: 2px solid #87ceeb\">\n<h4 style=\"color: #4169e1;margin-top: 0;text-align: center\">Kod\u0117l jums patiks didelis atnaujinimas:<\/h4>\n<div style=\"align-items: center;margin: 12px 0;padding: 10px;background: white;border-radius: 8px\">\n<p><span style=\"font-size: 28px;margin-right: 12px\">6<\/span><\/p>\n<div><span style=\"color: #2f4f4f\">\u0160e\u0161is kartus daugiau smagumo: 12 000 \u012fkv\u0117pim\u0173 rei\u0161kia, kad garinimas t\u0119siasi ir t\u0119siasi! Tarsi gautum\u0117te \u0161e\u0161is mai\u0161elius saldaini\u0173 vietoj vieno!<\/span><\/div>\n<\/div>\n<div style=\"align-items: center;margin: 12px 0;padding: 10px;background: white;border-radius: 8px\">\n<p><span style=\"font-size: 28px;margin-right: 12px\">\ud83d\udd0b<\/span><\/p>\n<div><span style=\"color: #2f4f4f\">Baterij\u0173 magija: \u012ekraunamos baterijos rei\u0161kia, kad jas galima naudoti v\u0117l ir v\u0117l! Tarsi tur\u0117ti \u017eaisl\u0105 su \u012fkraunamomis baterijomis! \ud83c\udf0d\ud83d\udc9a<\/span><\/div>\n<\/div>\n<div style=\"align-items: center;margin: 12px 0;padding: 10px;background: white;border-radius: 8px\">\n<p><span style=\"font-size: 28px;margin-right: 12px\">\ud83c\udf53<\/span><\/p>\n<div><span style=\"color: #2f4f4f\">Daugiau skonini\u0173 nuotyki\u0173: Visos j\u016bs\u0173 m\u0117gstamos bei naujos \u012fdomios, tokios kaip \u017dem\u0117\u010di\u0173 Ly\u010diai ir Juodojo Drakono Ledo Kremas! \ud83c\udf66\ud83d\udc32<\/span><\/div>\n<\/div>\n<\/div>\n<h3>Klausimai, Kurie Galb\u016bt Jums Kyla \ud83e\udd14<\/h3>\n<div style=\"background-color: #f5fffa;border-radius: 10px;padding: 18px;margin: 20px 0\">\n<div style=\"margin-bottom: 16px;padding-bottom: 16px;border-bottom: 1px solid #98fb98\">\n<p style=\"color: #2e8b57;margin-bottom: 6px;font-size: 17px\">Ar 12 000 \u012fkv\u0117pim\u0173 tikrai yra tiek daug daugiau?<\/p>\n<p style=\"margin-top: 0;color: #228b22\">O taip! Tai tarsi tur\u0117ti \u0161e\u0161is led\u0173 k\u016bgius vietoj vieno! Kur kas daugiau skanaus linksmyb\u0117s!<\/p>\n<\/div>\n<div style=\"margin-bottom: 16px;padding-bottom: 16px;border-bottom: 1px solid #98fb98\">\n<p style=\"color: #2e8b57;margin-bottom: 6px;font-size: 17px\">Kod\u0117l \u012fkraunamos baterijos yra geresn\u0117s?<\/p>\n<p style=\"margin-top: 0;color: #228b22\">Tai daug protingiau m\u016bs\u0173 planetai! Pavyzd\u017eiui, naudoti \u012fkraunamas baterijas vietoj j\u0173 i\u0161metimo! Be to, tai sutaupo jums pinigus!<\/p>\n<\/div>\n<div>\n<p style=\"color: #2e8b57;margin-bottom: 6px;font-size: 17px\">O kaip mano m\u0117gstamiausi XXL skoniai?<\/p>\n<p style=\"margin-top: 0;color: #228b22\">Daugelis j\u0173 vis dar \u010dia! \u017dem\u0117lapiai su bra\u0161k\u0117mis ir bananais, arb\u016bz\u0173 ledai ir dar daugiau! Be to, prid\u0117jome nuostabi\u0173 nauj\u0173, kuriuos j\u016bs \u012fsimyl\u0117site!<\/p>\n<\/div>\n<\/div>\n<div style=\"background-color: #ff69b4;color: white;padding: 22px;border-radius: 15px;text-align: center;margin: 25px 0\">\n<h3 style=\"margin-top: 0;font-size: 22px\">Pasiruo\u0161\u0119 savo super atnaujinimui?<\/h3>\n<p style=\"font-size: 18px;margin-bottom: 12px\">Tai n\u0117ra atsisveikinimas su XXL \u2013 tai sveikinimasis su pa\u010diu ne\u012ftikimiausiu garinimo patyrimu su BANG 12000!<\/p>\n<p style=\"font-size: 19px\">\u0160e\u0161is kartus daugiau gar\u0173, \u012fkraunama baterija, daugiau skoni\u0173 \u2013 j\u016bs\u0173 tobulas garintuvas k\u0105 tik tapo super\u017evaig\u017ede!<\/p>\n<\/div>\n<\/article>","protected":false},"excerpt":{"rendered":"<div class=\"custom-product\" style=\"border: 1px solid #eee; text-align: center; max-width: 100%; margin: 0 auto; font-family: Arial, sans-serif; box-sizing: border-box;\">\n        <!-- Product image - full width -->\n        <a href=\"https:\/\/vapexyz.com\/lt\/product\/bang-12000-puffs-0-2-3-5-low-nicotine-bulk-buy-rechargeable-disposable-vapes-pen-wholesale\/\" style=\"display: block; margin-bottom: 15px;\">\n            <img decoding=\"async\" src=\"https:\/\/vapexyz.com\/wp-content\/uploads\/2024\/08\/Bang-12000.webp\" alt=\"BANG 12000 \u012fkv\u0117pim\u0173 didmenin\u0117 prekyba \u012fkraunamais vienkartiniais garintuvais dideliais kiekiais pirkimui\" style=\"width: 100%; height: auto; display: block;\">        <\/a>\n        \n        <!-- Product name -->\n        <h3 style=\"margin: 10px 0; font-size: 1.2em; line-height: 1.4; color: #333;\">\n            BANG 12000 \u012fkv\u0117pim\u0173 didmenin\u0117 prekyba \u012fkraunamais vienkartiniais garintuvais dideliais kiekiais pirkimui        <\/h3>\n        \n        <!-- Product price -->\n        <div class=\"price\" style=\"color: #ff0000; font-weight: bold; font-size: 1.4em; margin: 10px 0;\">\n            \t\t<span class=\"tiered-pricing-dynamic-price-wrapper tiered-pricing-dynamic-price-wrapper--variable\"\n\t\t\t  data-display-context=\"shop-loop\"\n\t\t\t  data-price-type=\"dynamic\"\n\t\t\t  data-product-id=\"29579\"\n\t\t\t  data-parent-id=\"29579\">\n\t\t\t<span class=\"woocommerce-Price-amount amount\"><bdi><span class=\"woocommerce-Price-currencySymbol\">\u20ac<\/span>4.97<\/bdi><\/span><\/span>        <\/div>\n        \n        <!-- Product rating -->\n        <div class=\"rating\" style=\"margin: 15px 0; min-height: 25px;\">\n            <div class=\"star-rating\">Dar n\u0117ra \u012fvertinim\u0173<\/div>        <\/div>\n        \n        <!-- Buy Now button -->\n        <div class=\"buy-now-button\" style=\"margin-top: 20px;\">\n            <a href=\"https:\/\/vapexyz.com\/lt\/product\/bang-12000-puffs-0-2-3-5-low-nicotine-bulk-buy-rechargeable-disposable-vapes-pen-wholesale\/\" \n               class=\"buy-now-btn\" \n               style=\"display: inline-block; background-color: #4CAF50; color: white !important; padding: 12px 24px; text-align: center; text-decoration: none; font-weight: bold; border-radius: 4px; transition: all 0.3s; border: none; cursor: pointer; font-size: 1em;\">\n                Pirkite dabar            <\/a>\n        <\/div>\n    <\/div>","protected":false},"featured_media":16914,"comment_status":"open","ping_status":"closed","template":"","meta":{"_lmt_disableupdate":"no","_lmt_disable":""},"product_brand":[],"product_cat":[1018,821,1020,935,934,927,929,928,930,933,939,932,938,931,936,937,1017,1022,946,1023,1025,1027,951,1030,1032,1033,953,1037,987],"product_tag":[],"class_list":{"0":"post-16915","1":"product","2":"type-product","3":"status-publish","4":"has-post-thumbnail","6":"product_cat-apple-flavor-disposable-vapes","7":"product_cat-bang","8":"product_cat-blueberry-flavor-disposable-vapes","9":"product_cat-bulk-buy-disposable-vapes-in-austria","10":"product_cat-bulk-buy-disposable-vapes-in-belgium","11":"product_cat-bulk-buy-disposable-vapes-in-europe","12":"product_cat-bulk-buy-disposable-vapes-in-france","13":"product_cat-bulk-buy-disposable-vapes-in-germany","14":"product_cat-bulk-buy-disposable-vapes-in-italy","15":"product_cat-bulk-buy-disposable-vapes-in-netherlands","16":"product_cat-bulk-buy-disposable-vapes-in-norway","17":"product_cat-bulk-buy-disposable-vapes-in-poland","18":"product_cat-bulk-buy-disposable-vapes-in-portugal","19":"product_cat-bulk-buy-disposable-vapes-in-spain","20":"product_cat-bulk-buy-disposable-vapes-in-sweden","21":"product_cat-bulk-buy-disposable-vapes-in-switzerland","22":"product_cat-buy-best-disposable-vape-flavors","23":"product_cat-cola-flavor-disposable-vapes","24":"product_cat-disposable-vapes-series","25":"product_cat-grape-flavor-disposable-vapes","26":"product_cat-ice-flavor-disposable-vapes","27":"product_cat-lemon-flavor-disposable-vapes","28":"product_cat-lower-nicotine-vapes","29":"product_cat-mint-flavor-disposable-vapes","30":"product_cat-passion-fruit-flavor-disposable-vapes","31":"product_cat-peach-flavor-disposable-vapes","32":"product_cat-rechargeable-vapes","33":"product_cat-strawberry-flavor-disposable-vapes","34":"product_cat-vape-shop-by-puffs","36":"first","37":"outofstock","38":"shipping-taxable","39":"purchasable","40":"product-type-simple"},"jetpack_sharing_enabled":true,"tiered_pricing_type":"fixed","tiered_pricing_fixed_rules":[],"tiered_pricing_product_settings":{"layout":"default","base_unit_name":{"singular":null,"plural":null},"default_variation":null},"tiered_pricing_minimum_quantity":null,"tiered_pricing_roles_data":[],"tiered_pricing_percentage_rules":[],"tiered_pricing_maximum_quantity":null,"tiered_pricing_quantity_step":null,"_links":{"self":[{"href":"https:\/\/vapexyz.com\/lt\/wp-json\/wp\/v2\/product\/16915","targetHints":{"allow":["GET"]}}],"collection":[{"href":"https:\/\/vapexyz.com\/lt\/wp-json\/wp\/v2\/product"}],"about":[{"href":"https:\/\/vapexyz.com\/lt\/wp-json\/wp\/v2\/types\/product"}],"replies":[{"embeddable":true,"href":"https:\/\/vapexyz.com\/lt\/wp-json\/wp\/v2\/comments?post=16915"}],"wp:featuredmedia":[{"embeddable":true,"href":"https:\/\/vapexyz.com\/lt\/wp-json\/wp\/v2\/media\/16914"}],"wp:attachment":[{"href":"https:\/\/vapexyz.com\/lt\/wp-json\/wp\/v2\/media?parent=16915"}],"wp:term":[{"taxonomy":"product_brand","embeddable":true,"href":"https:\/\/vapexyz.com\/lt\/wp-json\/wp\/v2\/product_brand?post=16915"},{"taxonomy":"product_cat","embeddable":true,"href":"https:\/\/vapexyz.com\/lt\/wp-json\/wp\/v2\/product_cat?post=16915"},{"taxonomy":"product_tag","embeddable":true,"href":"https:\/\/vapexyz.com\/lt\/wp-json\/wp\/v2\/product_tag?post=16915"}],"curies":[{"name":"wp","href":"https:\/\/api.w.org\/{rel}","templated":true}]}}