{"id":16893,"date":"2024-03-09T09:51:33","date_gmt":"2024-03-09T09:51:33","guid":{"rendered":"https:\/\/vapexyz.com\/product\/bang-bc5000-box-disposable-vape-5000-puffs-authentic-e-cigarette-pen\/"},"modified":"2025-11-12T08:34:46","modified_gmt":"2025-11-12T08:34:46","slug":"bang-bc5000-dezutes-vienkartinis-vape-5000-puku-autentiskas-el-cigareciu-rasiklis","status":"publish","type":"product","link":"https:\/\/vapexyz.com\/lt\/product\/bang-bc5000-box-disposable-vape-5000-puffs-authentic-e-cigarette-pen\/","title":{"rendered":"Bang BC5000 d\u0117\u017eut\u0117s vienkartinis Vape 5000 Puffs autenti\u0161kas E cigare\u010di\u0173 ra\u0161iklis"},"content":{"rendered":"<article>\n<h2>\u012edomus Atnaujinimas Apie BANG BOX BC 5000 Puffs ir <a href=\"https:\/\/vapexyz.com\/lt\/produktas\/bang-bc-5000-puffs\/\">BANG BLAZE BC 5000 Puffs!<\/a><\/h2>\n<p>Sveiki, garinimo draugai! Turime naujien\u0173 apie m\u016bs\u0173 populiar\u0173 BANG BOX BC 5000 Puffs. Jis buvo kaip tas m\u0117gstamas \u017eaislas, kuris visada priversdavo nusi\u0161ypsoti! \ud83e\uddf8 Bet kartais mes randame ka\u017ek\u0105, kas gali priversti mus nusi\u0161ypsoti dar labiau! \ud83d\ude04<\/p>\n<p>Leiskite mums jums pristatyti fantasti\u0161k\u0105 BANG BLAZE BC 5000 Puffs! Tai tarsi BANG BOX b\u016bt\u0173 nu\u0117j\u0119s \u012f superheroj\u0173 mokykl\u0105 ir gr\u012f\u017e\u0119s su nuostabiais naujais \u012fgaliojimais!<\/p>\n<h3>J\u016bs\u0173 garinimas k\u0105 tik tapo nuostabiu atnaujinimu!<\/h3>\n<p>\u012esivaizduokite savo m\u0117gstam\u0105 animacinio filmo heroj\u0173, gaunant\u012f magi\u0161k\u0105 pertvarkym\u0105, kuris dar labiau j\u012f pagerina! B\u016btent tai atsitiko su BANG BLAZE! \ud83d\udcfa\u2728<\/p>\n<div style=\"background-color: #fff0f5;border-radius: 12px;padding: 18px;margin: 20px 0;border-left: 5px solid #ff69b4\">\n<h4 style=\"margin-top: 0;color: #c71585;text-align: center\">Kas daro BANG BLAZE ypa\u010d i\u0161skirtin\u012f:<\/h4>\n<ul style=\"color: #8b008b\">\n<li>Tokie pat puik\u016bs 5000 \u012fkv\u0117pimai, kuriuos j\u016bs m\u0117gote!<\/li>\n<li>Daugiau nikotino pasirinkim\u0173: 0%, 2%, 3% arba 5%<\/li>\n<li>Geresn\u0117 rit\u0117 sklandesniam skoniui!<\/li>\n<li>Lengvesnis svoris lengvam ne\u0161imui!<\/li>\n<li>Nauji skan\u016bs skoniai, kuriuos reikia i\u0161bandyti! \ud83c\udf53\ud83e\udd6d<\/li>\n<\/ul>\n<\/div>\n<h3>Pa\u017ei\u016br\u0117kime, kaip jie lyginasi! \ud83d\udd0d<\/h3>\n<table style=\"width: 100%;border-collapse: collapse;background: #fafafa;border-radius: 8px;overflow: hidden;font-size: 16px\">\n<tbody>\n<tr style=\"background-color: #ff69b4;color: white\">\n<th style=\"padding: 14px;text-align: left\">funkcijos<\/th>\n<th style=\"padding: 14px;text-align: left\">BANG BOX BC 5000<\/th>\n<th style=\"padding: 14px;text-align: left\">BANG BLAZE BC 5000<\/th>\n<\/tr>\n<tr style=\"border-bottom: 1px solid #e0e0e0\">\n<td style=\"padding: 14px;background-color: #f5f5f5\">I\u0161 viso i\u0161p\u016btim\u0173<\/td>\n<td style=\"padding: 14px\">5000 i\u0161p\u016btim\u0173<\/td>\n<td style=\"padding: 14px;color: #ff69b4\">5000 i\u0161p\u016btim\u0173<\/td>\n<\/tr>\n<tr style=\"border-bottom: 1px solid #e0e0e0\">\n<td style=\"padding: 14px;background-color: #f5f5f5\">Nikotino pasirinkimas<\/td>\n<td style=\"padding: 14px\">Tik 5%<\/td>\n<td style=\"padding: 14px;color: #ff69b4\">0%, 2%, 3%, 5%<\/td>\n<\/tr>\n<tr style=\"border-bottom: 1px solid #e0e0e0\">\n<td style=\"padding: 14px;background-color: #f5f5f5\">Rit\u0117s tipas<\/td>\n<td style=\"padding: 14px\">\u012eprastas rit\u0117<\/td>\n<td style=\"padding: 14px;color: #ff69b4\">1,2\u03a9 tinklelio rit\u0117<\/td>\n<\/tr>\n<tr style=\"border-bottom: 1px solid #e0e0e0\">\n<td style=\"padding: 14px;background-color: #f5f5f5\">Svoris<\/td>\n<td style=\"padding: 14px\">52 gramai<\/td>\n<td style=\"padding: 14px;color: #ff69b4\">50 gram\u0173<\/td>\n<\/tr>\n<tr>\n<td style=\"padding: 14px;background-color: #f5f5f5\">Flavor Choices<\/td>\n<td style=\"padding: 14px\">24 skoniai<\/td>\n<td style=\"padding: 14px;color: #ff69b4\">16 nauj\u0173 skoni\u0173<\/td>\n<\/tr>\n<\/tbody>\n<\/table>\n<h3>Nuostab\u016bs patobulinimai BANG BLAZE!<\/h3>\n<div style=\"background-color: #f0f8ff;border-radius: 10px;padding: 20px;margin: 20px 0;border: 2px solid #87ceeb\">\n<h4 style=\"color: #4169e1;margin-top: 0;text-align: center\">Kas naujo ir \u012fdomaus:<\/h4>\n<div style=\"align-items: center;margin: 12px 0;padding: 10px;background: white;border-radius: 8px\"><span style=\"font-size: 28px;margin-right: 12px\">4<\/span><\/p>\n<div><span style=\"color: #2f4f4f\">Keturi nikotino pasirinkimai: Dabar galite pasirinkti tai, kas jums tinka! Kaip pasirinkti savo m\u0117gstam\u0105 led\u0173 skon\u012f!<\/span><\/div>\n<\/div>\n<div style=\"align-items: center;margin: 12px 0;padding: 10px;background: white;border-radius: 8px\"><span style=\"font-size: 28px;margin-right: 12px\">\ud83d\udc45<\/span><\/p>\n<div><span style=\"color: #2f4f4f\">Geriau skonis magija: Naujoji tinklelio rit\u0117 kiekvien\u0105 \u012fkv\u0117pim\u0105 daro ypa\u010d skland\u017eiu ir skaniu! Kaip j\u016bs\u0173 m\u0117gstamiausias saldainis, bet dar geriau!<\/span><\/div>\n<\/div>\n<div style=\"align-items: center;margin: 12px 0;padding: 10px;background: white;border-radius: 8px\"><span style=\"font-size: 28px;margin-right: 12px\">\ud83e\udeb6<\/span><\/p>\n<div><span style=\"color: #2f4f4f\">Lengvesnis nei kada: 2 gramai lengvesnis rei\u0161kia, kad j\u012f ne\u0161iojant ki\u0161en\u0117je jau\u010diasi kaip ne\u0161iojamas plunksna! Taip patogu!<\/span><\/div>\n<\/div>\n<\/div>\n<h3>Klausimai, Kurie Gali Jus \u012edominti<\/h3>\n<div style=\"background-color: #f5fffa;border-radius: 10px;padding: 18px;margin: 20px 0\">\n<div style=\"margin-bottom: 16px;padding-bottom: 16px;border-bottom: 1px solid #98fb98\">\n<p style=\"color: #2e8b57;margin-bottom: 6px;font-size: 17px\">Ar mano m\u0117gstami skoniai vis dar prieinami?<\/p>\n<p style=\"margin-top: 0;color: #228b22\">Daugelis j\u016bs\u0173 m\u0117gstam\u0173 skoni\u0173 vis dar \u010dia! \u017dem\u0117\u010di\u0173 Mango, Kiviai Pasira\u0161ymo Vaisiai Gvajavos, ir dar! Be to, nauji \u012fdom\u016bs skoniai, tokie kaip \u017dem\u0117\u010di\u0173 Ledai!<\/p>\n<\/div>\n<div style=\"margin-bottom: 16px;padding-bottom: 16px;border-bottom: 1px solid #98fb98\">\n<p style=\"color: #2e8b57;margin-bottom: 6px;font-size: 17px\">Kod\u0117l daugiau nikotino pasirinkim\u0173 yra geriau?<\/p>\n<p style=\"margin-top: 0;color: #228b22\">Tai pana\u0161u \u012f skirtingus bat\u0173 dyd\u017eius - kiekvienas gali rasti tobul\u0105 dyd\u012f, kuris puikiai tinka!<\/p>\n<\/div>\n<div>\n<p style=\"color: #2e8b57;margin-bottom: 6px;font-size: 17px\">O kaip d\u0117l tinklelio rit\u0117s?<\/p>\n<p style=\"margin-top: 0;color: #228b22\">Nauja tinklelio rit\u0117 yra kaip atnaujinimas i\u0161 \u012fprasto televizoriaus \u012f auk\u0161tos rai\u0161kos \u2013 viskas skamba ai\u0161kiau ir skland\u017eiau!<\/p>\n<\/div>\n<\/div>\n<div style=\"background-color: #ff69b4;color: white;padding: 22px;border-radius: 15px;text-align: center;margin: 25px 0\">\n<h3 style=\"margin-top: 0;font-size: 22px\">Pasiruo\u0161\u0119 savo nuostabiam atnaujinimui? \ud83c\udf08<\/h3>\n<p style=\"font-size: 18px;margin-bottom: 12px\">Tai n\u0117ra atsisveikinimas su BANG BOX \u2013 tai sveiki naujam, dar geresniam garinimo patyrimui su BANG BLAZE! \ud83d\udc4b<\/p>\n<p style=\"font-size: 19px\">Tokie pat puik\u016bs garai, daugiau pasirinkim\u0173, geresnis skonis \u2013 j\u016bs\u0173 tobulas garintuvas k\u0105 tik \u012fgijo magi\u0161k\u0105 atnaujinim\u0105!<\/p>\n<\/div>\n<\/article>","protected":false},"excerpt":{"rendered":"<div class=\"custom-product\" style=\"border: 1px solid #eee; text-align: center; max-width: 100%; margin: 0 auto; font-family: Arial, sans-serif; box-sizing: border-box;\">\n        <!-- Product image - full width -->\n        <a href=\"https:\/\/vapexyz.com\/lt\/product\/bang-bc-5000-puffs-0-2-3-5-low-nicotine-bulk-buy-rechargeable-disposable-vapes-pen-wholesale\/\" style=\"display: block; margin-bottom: 15px;\">\n            <img decoding=\"async\" src=\"https:\/\/vapexyz.com\/wp-content\/uploads\/2024\/08\/BANG-BLAZE-BC-5000-Puffs-DSK062-0-2-3-5-Low-Nicotine-Bulk-Buy-Rechargeable-Disposable-Vapes-Pen-Wholesale-17.webp\" alt=\"BANG BLAZE BC 5000 Puffs DSK062 Didmenin\u0117 prekyba \u012ekraunamos Vienkartin\u0117s Garintuv\u0117s Dideliu Kiek\u010diu\" style=\"width: 100%; height: auto; display: block;\">        <\/a>\n        \n        <!-- Product name -->\n        <h3 style=\"margin: 10px 0; font-size: 1.2em; line-height: 1.4; color: #333;\">\n            BANG BLAZE BC 5000 Puffs DSK062 Didmenin\u0117 prekyba \u012ekraunamos Vienkartin\u0117s Garintuv\u0117s Dideliu Kiek\u010diu        <\/h3>\n        \n        <!-- Product price -->\n        <div class=\"price\" style=\"color: #ff0000; font-weight: bold; font-size: 1.4em; margin: 10px 0;\">\n            \t\t<span class=\"tiered-pricing-dynamic-price-wrapper tiered-pricing-dynamic-price-wrapper--variable\"\n\t\t\t  data-display-context=\"shop-loop\"\n\t\t\t  data-price-type=\"dynamic\"\n\t\t\t  data-product-id=\"29694\"\n\t\t\t  data-parent-id=\"29694\">\n\t\t\t<span class=\"woocommerce-Price-amount amount\"><bdi><span class=\"woocommerce-Price-currencySymbol\">\u20ac<\/span>3.56<\/bdi><\/span><\/span>        <\/div>\n        \n        <!-- Product rating -->\n        <div class=\"rating\" style=\"margin: 15px 0; min-height: 25px;\">\n            <div class=\"star-rating\">Dar n\u0117ra \u012fvertinim\u0173<\/div>        <\/div>\n        \n        <!-- Buy Now button -->\n        <div class=\"buy-now-button\" style=\"margin-top: 20px;\">\n            <a href=\"https:\/\/vapexyz.com\/lt\/product\/bang-bc-5000-puffs-0-2-3-5-low-nicotine-bulk-buy-rechargeable-disposable-vapes-pen-wholesale\/\" \n               class=\"buy-now-btn\" \n               style=\"display: inline-block; background-color: #4CAF50; color: white !important; padding: 12px 24px; text-align: center; text-decoration: none; font-weight: bold; border-radius: 4px; transition: all 0.3s; border: none; cursor: pointer; font-size: 1em;\">\n                Pirkite dabar            <\/a>\n        <\/div>\n    <\/div>","protected":false},"featured_media":16892,"comment_status":"open","ping_status":"closed","template":"","meta":{"_lmt_disableupdate":"no","_lmt_disable":""},"product_brand":[],"product_cat":[1004,1018,821,1019,1020,935,934,927,929,928,930,933,939,932,938,931,936,937,1017,1022,946,1023,1024,1025,1026,1027,951,1029,1030,1032,1033,1034,1037,987,1038],"product_tag":[],"class_list":{"0":"post-16893","1":"product","2":"type-product","3":"status-publish","4":"has-post-thumbnail","6":"product_cat-5000-puff-vapes","7":"product_cat-apple-flavor-disposable-vapes","8":"product_cat-bang","9":"product_cat-blue-razz-flavor-disposable-vapes","10":"product_cat-blueberry-flavor-disposable-vapes","11":"product_cat-bulk-buy-disposable-vapes-in-austria","12":"product_cat-bulk-buy-disposable-vapes-in-belgium","13":"product_cat-bulk-buy-disposable-vapes-in-europe","14":"product_cat-bulk-buy-disposable-vapes-in-france","15":"product_cat-bulk-buy-disposable-vapes-in-germany","16":"product_cat-bulk-buy-disposable-vapes-in-italy","17":"product_cat-bulk-buy-disposable-vapes-in-netherlands","18":"product_cat-bulk-buy-disposable-vapes-in-norway","19":"product_cat-bulk-buy-disposable-vapes-in-poland","20":"product_cat-bulk-buy-disposable-vapes-in-portugal","21":"product_cat-bulk-buy-disposable-vapes-in-spain","22":"product_cat-bulk-buy-disposable-vapes-in-sweden","23":"product_cat-bulk-buy-disposable-vapes-in-switzerland","24":"product_cat-buy-best-disposable-vape-flavors","25":"product_cat-cola-flavor-disposable-vapes","26":"product_cat-disposable-vapes-series","27":"product_cat-grape-flavor-disposable-vapes","28":"product_cat-guava-flavor-disposable-vapes","29":"product_cat-ice-flavor-disposable-vapes","30":"product_cat-kiwi-flavor-disposable-vapes","31":"product_cat-lemon-flavor-disposable-vapes","32":"product_cat-lower-nicotine-vapes","33":"product_cat-mango-flavor-disposable-vapes","34":"product_cat-mint-flavor-disposable-vapes","35":"product_cat-passion-fruit-flavor-disposable-vapes","36":"product_cat-peach-flavor-disposable-vapes","37":"product_cat-pineapple-flavor-disposable-vapes","38":"product_cat-strawberry-flavor-disposable-vapes","39":"product_cat-vape-shop-by-puffs","40":"product_cat-watermelon-flavor-disposable-vapes","42":"first","43":"outofstock","44":"shipping-taxable","45":"purchasable","46":"product-type-simple"},"jetpack_sharing_enabled":true,"tiered_pricing_type":"fixed","tiered_pricing_fixed_rules":[],"tiered_pricing_product_settings":{"layout":"default","base_unit_name":{"singular":null,"plural":null},"default_variation":null},"tiered_pricing_minimum_quantity":null,"tiered_pricing_roles_data":[],"tiered_pricing_percentage_rules":[],"tiered_pricing_maximum_quantity":null,"tiered_pricing_quantity_step":null,"_links":{"self":[{"href":"https:\/\/vapexyz.com\/lt\/wp-json\/wp\/v2\/product\/16893","targetHints":{"allow":["GET"]}}],"collection":[{"href":"https:\/\/vapexyz.com\/lt\/wp-json\/wp\/v2\/product"}],"about":[{"href":"https:\/\/vapexyz.com\/lt\/wp-json\/wp\/v2\/types\/product"}],"replies":[{"embeddable":true,"href":"https:\/\/vapexyz.com\/lt\/wp-json\/wp\/v2\/comments?post=16893"}],"wp:featuredmedia":[{"embeddable":true,"href":"https:\/\/vapexyz.com\/lt\/wp-json\/wp\/v2\/media\/16892"}],"wp:attachment":[{"href":"https:\/\/vapexyz.com\/lt\/wp-json\/wp\/v2\/media?parent=16893"}],"wp:term":[{"taxonomy":"product_brand","embeddable":true,"href":"https:\/\/vapexyz.com\/lt\/wp-json\/wp\/v2\/product_brand?post=16893"},{"taxonomy":"product_cat","embeddable":true,"href":"https:\/\/vapexyz.com\/lt\/wp-json\/wp\/v2\/product_cat?post=16893"},{"taxonomy":"product_tag","embeddable":true,"href":"https:\/\/vapexyz.com\/lt\/wp-json\/wp\/v2\/product_tag?post=16893"}],"curies":[{"name":"wp","href":"https:\/\/api.w.org\/{rel}","templated":true}]}}