{"id":16873,"date":"2024-03-09T09:51:00","date_gmt":"2024-03-09T09:51:00","guid":{"rendered":"https:\/\/vapexyz.com\/product\/bang-tornado-13k-puffs-0-2-3-5-nicotine-rechargeable-disposable-pod\/"},"modified":"2026-03-04T03:08:36","modified_gmt":"2026-03-04T03:08:36","slug":"bang-tornado-13k-pustu-0-2-3-5-nikotino-ikraunama-vienkartine-dezute","status":"publish","type":"product","link":"https:\/\/vapexyz.com\/lt\/product\/bang-tornado-13k-puffs-0-2-3-5-nicotine-rechargeable-disposable-pod\/","title":{"rendered":"Bang Tornado 13k Puffs \u012ekraunamas Vienkartinis Garintuvas"},"content":{"rendered":"<article style=\"font-family: Arial, sans-serif; line-height: 1.6; color: #333;\">\n<h2 style=\"color: #0050b3; border-bottom: 2px solid #1890ff; padding-bottom: 10px;\">Technologin\u0117 evoliucija: per\u0117jimas nuo BANG TORNADO 13000 prie BANG BOX 20000 vienkartinio garintuvo<\/h2>\n<p style=\"font-size: 16px; margin-bottom: 20px;\">Sveiki atvyk\u0119 \u012f nauj\u0105j\u0105 pa\u017eangiosios garinimo technologijos kart\u0105. Spar\u010diai vystantis elektronini\u0173 tiekimo sistem\u0173 rinkai, norint i\u0161likti prie\u0161akyje, reikia nuolatini\u0173 inovacij\u0173, grie\u017etos kokyb\u0117s kontrol\u0117s ir nepajudinamo \u012fsipareigojimo vartotoj\u0173 pasitenkinimui. \u0160iandien analizuojame visapusi\u0161k\u0105 atnaujinimo keli\u0105 nuo labai vertinamo BANG TORNADO 13000 iki naujai sukurtos BANG BOX 20000. Nors TORNADO modelis nustat\u0117 tvirt\u0105 etalon\u0105 patikimumui ir kompakti\u0161kam na\u0161umui, naujausia BANG BOX iteracija rei\u0161kia reik\u0161ming\u0105 \u017eingsn\u012f \u012f priek\u012f pagal t\u016br\u012f, pastov\u0173 energijos tiekim\u0105 ir bendr\u0105 konstrukcijos vientisum\u0105.<\/p>\n<p style=\"font-size: 16px; margin-bottom: 20px;\">Vartotojams ir didmenininkams vienodai svarbu suprasti \u0161io per\u0117jimo pagrindines technologines naujoves. \u0160is i\u0161samus suskirstymas nagrin\u0117ja techninius specifikacijas, empirinius bandym\u0173 duomenis ir reguliavimo atitikties standartus, kurie i\u0161kelia BANG BOX 20000 kaip pagrindin\u012f pasirinkim\u0105 konkurencingame vienkartini\u0173 garintuv\u0173 sektoriuje. Nesvarbu, ar esate ma\u017emenin\u0117s prekybos platintojas, optimizuojantis savo atsargas, ar galutinis vartotojas, ie\u0161kantis maksimalaus efektyvumo, \u0161i analiz\u0117 teikia faktin\u012f pagrind\u0105, b\u016btin\u0105 norint priimti pagr\u012fst\u0105 sprendim\u0105.<\/p>\n<h3 style=\"color: #003a8c; margin-top: 30px;\">Ekspertiz\u0117: pa\u017eangios in\u017einerijos ir technin\u0117s specifikacijos<\/h3>\n<p style=\"font-size: 16px; margin-bottom: 15px;\">Pagrindin\u0117 BANG BOX 20000 vienkartinio garintuvo architekt\u016bra buvo visi\u0161kai i\u0161 naujo sukurta, kad atitikt\u0173 prailgint\u0105 jo veikimo laik\u0105. \u0160io \u012frenginio \u0161irdyje yra labai sud\u0117tingas tinklelio kaitinimo elementas. Skirtingai nuo standartini\u0173 vielini\u0173 spirali\u0173, kurios gali netolygiai \u012fkaisti ir prie\u0161laiki\u0161kai pabloginti vidin\u012f tirpal\u0105, patentuota tinklelio grotel\u0117 padidina s\u0105ly\u010dio su \u012fsiurbimo med\u017eiaga pavir\u0161iaus plot\u0105. \u0160i specializuota in\u017einerija u\u017etikrina optimal\u0173 \u0161ilumos i\u0161sklaidym\u0105, tod\u0117l nuo pirmojo iki paskutinio naudojimo gaunamas i\u0161skirtinai lygus ir pastovus \u012fkv\u0117pimas.<\/p>\n<p style=\"font-size: 16px; margin-bottom: 15px;\">Be to, vidinis rezervuaras buvo \u017eymiai i\u0161pl\u0117stas naudojant maistini\u0173 kokyb\u0117s PCTG plastik\u0105. \u0160i med\u017eiaga buvo specialiai pasirinkta d\u0117l savo didelio tempimo stiprumo, \u0161iluminio stabilumo ir cheminio atsparumo, u\u017etikrinant, kad patentuotas tirpalas viduje lieka visi\u0161kai nepakeistas i\u0161orini\u0173 aplinkos veiksni\u0173. Maitinimo sistema remiasi didelio tankio, auk\u0161\u010diausios kokyb\u0117s kobaltu pagaminta baterijos l\u0105stele. \u0160is maitinimo \u0161altinis yra valdomas mikrovaldiklio bloko (MCU), kuris grie\u017etai reguliuoja i\u0161\u0117jimo \u012ftamp\u0105. Kai baterija i\u0161sikrauna per savo ilg\u0105 eksploatavimo laik\u0105, MCU u\u017etikrina, kad galia, taikoma tinklelio rit\u0117s, i\u0161lieka visi\u0161kai pastovi, neleid\u017eia da\u017enai i\u0161kilti problemai d\u0117l suma\u017e\u0117jusio gar\u0173 gamybos v\u0117lesniuose \u012frenginio gyvavimo etapuose.<\/p>\n<div style=\"background-color: #e6f7ff; border-radius: 12px; padding: 25px; margin: 30px 0; border-left: 6px solid #1890ff; box-shadow: 0 4px 6px rgba(0,0,0,0.05);\">\n<h4 style=\"margin-top: 0; color: #0050b3; font-size: 18px; text-transform: uppercase; letter-spacing: 1px;\">Pagrindin\u0117s in\u017einerijos patobulinimai:<\/h4>\n<ul style=\"color: #003a8c; font-size: 16px; padding-left: 20px;\">\n<li style=\"margin-bottom: 10px;\">T\u016brinis i\u0161sipl\u0117timas: Sukonstruotas taip, kad atlaikyt\u0173 iki 20 000 naudojim\u0173, o tai yra statisti\u0161kai reik\u0161mingas 53,81% padid\u0117jimas lyginant su ankstesne karta.<\/li>\n<li style=\"margin-bottom: 10px;\">Formuliavimo stiprumai: Yra tiksliai kalibruot\u0173 0%, 2%, 3% ir 5% formuli\u0173, atitinkan\u010di\u0173 \u012fvairias vartotoj\u0173 reguliavimo aplinkas.<\/li>\n<li style=\"margin-bottom: 10px;\">Termodinaminis stabilumas: naujos kartos tinklelio architekt\u016bra neleid\u017eia perkaitimui ir sausiems tempimams.<\/li>\n<li style=\"margin-bottom: 10px;\">Paruo\u0161to naudoti formatas: I\u0161 karto paruo\u0161tas naudoti, nereikalaujantis jokios pradin\u0117s s\u0105rankos, \u012fkrovimo ar papildomo \u012fkrovimo, u\u017etikrinantis i\u0161kart parduodam\u0105 pasirengim\u0105.<\/li>\n<li style=\"margin-bottom: 10px;\">I\u0161sam\u016bs botaniniai portfeliai: pasi\u017eymi kruop\u0161\u010diai sukurtomis, poj\u016b\u010diams skirtomis kompozicijomis, kurias suk\u016br\u0117 meistri\u0161ki aromatiniai chemikai.<\/li>\n<\/ul>\n<\/div>\n<h3 style=\"color: #003a8c; margin-top: 30px;\">Empiriniai duomenys: Laboratoriniai tyrimai ir veiklos metrika<\/h3>\n<p style=\"font-size: 16px; margin-bottom: 15px;\">Siekiant patvirtinti BANG BOX 20000 veikimo charakteristikas, buvo atlikti i\u0161sam\u016bs empiriniai tyrimai kontroliuojamose laboratorin\u0117se aplinkose. 20 000 \u201e\u012fk\u016br\u0173\u201c metrika n\u0117ra teorinis \u012fvertinimas; tai yra grie\u017eto pneumatini\u0173 simuliacij\u0173 rezultatas. Naudojant automatizuotas i\u0161traukimo ma\u0161inas, vienkartiniai garintuvai yra pateikiami standartizuotiems bandym\u0173 protokolams: 3 sekund\u017ei\u0173 nenutr\u016bkstamas i\u0161traukimas, po kurio seka 15 sekund\u017ei\u0173 pertrauka, imituojant vidutin\u012f \u017emogaus vartojimo model\u012f. Pagal \u0161iuos grie\u017etus parametrus prietaisai nuolat atitiko ir da\u017enai vir\u0161ijo nurodyt\u0105 talp\u0105, i\u0161laikydami optimal\u0173 gar\u0173 tank\u012f viso bandymo ciklo metu.<\/p>\n<p style=\"font-size: 16px; margin-bottom: 15px;\">Kitas pagrindinis empirinio patvirtinimo d\u0117mesys buvo baterijos degradacija. \u012eprasti vienkartiniai garintuvai da\u017enai ken\u010dia nuo \u012ftampos suma\u017e\u0117jimo, tai rei\u0161kia, kad garas tampa silpnas, kai baterija i\u0161senka. M\u016bs\u0173 bandymai patvirtina, kad integrin\u0117 \u012ftampos reguliavimo grandin\u0117 BANG BOX i\u0161laiko stabil\u0173 3,6 V i\u0161\u0117jim\u0105 iki pat 5% baterijos veikimo pabaigos. Be to, buvo i\u0161matuotas pasiprie\u0161inimas \u012fkv\u0117pimui naudojant skaitmeninius manometrus, u\u017eregistruojant optimal\u0173 paskal\u0173 diapazon\u0105, kuris tiksliai imituoja suaugusi\u0173 vartotoj\u0173 pageidaujam\u0105 lyt\u0117jimo pasiprie\u0161inim\u0105, u\u017etikrinant patenkinam\u0105 \u201eburn-to-lung\u201c (MTL) patirt\u012f.<\/p>\n<h3 style=\"color: #003a8c; margin-top: 30px;\">\u012egaliojimas ir pasitik\u0117jimas: pramon\u0117s standartai ir atitiktis<\/h3>\n<p style=\"font-size: 16px; margin-bottom: 15px;\">Kai ie\u0161kote vienkartinio garintuvo, pasitik\u0117jimas gamybos procesu yra itin svarbus. BANG BOX 20000 gaminamas \u0161iuolaikiniuose gamykluose, kurie atitinka ISO 9001 kokyb\u0117s valdymo sistemos standartus. \u0160i sertifikacija garantuoja, kad kiekvienas surinkimo proceso etapas - nuo \u017ealiav\u0173 tiekimo iki galutin\u0117s pakuot\u0117s - yra stebimas, dokumentuojamas ir nuolat kartojamas, siekiant i\u0161vengti defekt\u0173.<\/p>\n<p style=\"font-size: 16px; margin-bottom: 15px;\">Be to, prietaisas atitinka grie\u017etus tarptautinius saugos reikalavimus. Elektroniniai komponentai turi CE sertifikat\u0105, kuris rodo atitikt\u012f sveikatos, saugos ir aplinkos apsaugos standartams produktams, parduodamiems Europos ekonomin\u0117je zonoje. Vidin\u0117 baterija ir grandin\u0117 taip pat turi RoHS (Pavojing\u0173 med\u017eiag\u0173 apribojimo) sertifikat\u0105, patvirtinant\u012f, kad produktas yra visi\u0161kai be pavojing\u0173 sunki\u0173j\u0173 metal\u0173, toki\u0173 kaip \u0161vinas, gyvsidabris ir kadmis. Pirmiausia r\u016bpinantis \u0161iais nepriklausomais patvirtinimais, VapeXYZ u\u017etikrina, kad kiekvienas didmeninis u\u017esakymas pristatys saugias, teis\u0117tai atitinkan\u010dias ir labai patikimas prekes \u012f j\u016bs\u0173 ma\u017emenin\u0117s prekybos lentynas.<\/p>\n<h3 style=\"color: #003a8c; margin-top: 30px;\">Palyginamoji analiz\u0117: technin\u0117s specifikacijos<\/h3>\n<p style=\"font-size: 16px; margin-bottom: 15px;\">Kad ai\u0161kiai iliustruot\u0173 technologin\u012f \u0161uol\u012f, toliau pateikiama lentel\u0117, kurioje yra greta esan\u010di\u0173 palyginim\u0173 tarp pasenkusios sistemos ir atnaujinto \u012frenginio technini\u0173 charakteristik\u0173. \u0160ie duomenys \u012fgalina didmeninius pirk\u0117jus ai\u0161kiai suprasti naujojo modelio vert\u0117s pasi\u016blym\u0105.<\/p>\n<table style=\"width: 100%; border-collapse: collapse; background: #ffffff; border-radius: 8px; overflow: hidden; font-size: 16px; box-shadow: 0 2px 8px rgba(0,0,0,0.1); margin-bottom: 30px;\">\n<thead>\n<tr style=\"background-color: #0050b3; color: white;\">\n<th style=\"padding: 16px; text-align: left; font-weight: bold; width: 30%;\">Techninis rodiklis<\/th>\n<th style=\"padding: 16px; text-align: left; font-weight: bold; width: 35%;\">BANGAS TORNADAS 13000<\/th>\n<th style=\"padding: 16px; text-align: left; font-weight: bold; width: 35%;\">BANG BOX 20000<\/th>\n<\/tr>\n<\/thead>\n<tbody>\n<tr style=\"border-bottom: 1px solid #e8e8e8;\">\n<td style=\"padding: 16px; background-color: #fafafa; font-weight: bold; color: #333;\">Operatyvin\u0117 talpa<\/td>\n<td style=\"padding: 16px; color: #555;\">Patvirtinta iki 13 000 naudojim\u0173<\/td>\n<td style=\"padding: 16px; color: #1890ff; font-weight: bold;\">Patvirtinta iki 20 000 naudojim\u0173<\/td>\n<\/tr>\n<tr style=\"border-bottom: 1px solid #e8e8e8;\">\n<td style=\"padding: 16px; background-color: #fafafa; font-weight: bold; color: #333;\">Maitinimo tiekimas<\/td>\n<td style=\"padding: 16px; color: #555;\">650mAh (Reikia \u012fkrauti)<\/td>\n<td style=\"padding: 16px; color: #1890ff; font-weight: bold;\">Auk\u0161to tankio l\u0105stel\u0117 (nuolatin\u0117 i\u0161vestis)<\/td>\n<\/tr>\n<tr style=\"border-bottom: 1px solid #e8e8e8;\">\n<td style=\"padding: 16px; background-color: #fafafa; font-weight: bold; color: #333;\">Rezervuaro t\u016bris<\/td>\n<td style=\"padding: 16px; color: #555;\">23 ml vidin\u0117 talpa<\/td>\n<td style=\"padding: 16px; color: #1890ff; font-weight: bold;\">I\u0161pl\u0117sta didelio na\u0161umo talpa<\/td>\n<\/tr>\n<tr style=\"border-bottom: 1px solid #e8e8e8;\">\n<td style=\"padding: 16px; background-color: #fafafa; font-weight: bold; color: #333;\">\u0160ildymo architekt\u016bra<\/td>\n<td style=\"padding: 16px; color: #555;\">Standartinis tinklelio elementas<\/td>\n<td style=\"padding: 16px; color: #1890ff; font-weight: bold;\">Kitos kartos termodinaminis tinklas<\/td>\n<\/tr>\n<tr>\n<td style=\"padding: 16px; background-color: #fafafa; font-weight: bold; color: #333;\">Arom\u0173 portfelis<\/td>\n<td style=\"padding: 16px; color: #555;\">16 standartiniai profiliai<\/td>\n<td style=\"padding: 16px; color: #1890ff; font-weight: bold;\">12+ Naujai Sukurt\u0173 Mi\u0161ini\u0173<\/td>\n<\/tr>\n<\/tbody>\n<\/table>\n<h3 style=\"color: #003a8c; margin-top: 30px;\">Kuriuoti Arom\u0173 Profiliai ir Botaniniai Mi\u0161iniai<\/h3>\n<p style=\"font-size: 16px; margin-bottom: 15px;\">Kritin\u0117 naudotojo patirties dalis yra poj\u016b\u010di\u0173 pristatymas. BANG BOX 20000 pristato labai i\u0161tobulint\u0105 skoni\u0173 portfel\u012f, pasiekt\u0105 tiksliai derinant auk\u0161tos kokyb\u0117s botaninius ekstraktus ir maistinius aromatinius junginius. U\u017euot pasikliaujant dirbtiniais saldikliais, kurie gali sugadinti kaitinimo rit\u0119, m\u016bs\u0173 formul\u0117se naudojami subalansuoti, termini\u0161kai stabil\u016bs ingredientai.<\/p>\n<p style=\"font-size: 16px; margin-bottom: 15px;\">Vartotojai gali rinktis i\u0161 plataus profili\u0173 asortimento, pradedant nuo gaivi\u0173, vaisini\u0173 mi\u0161ini\u0173, toki\u0173 kaip Banana Ice ir Mango On Ice, iki turting\u0173, tradicini\u0173 profili\u0173, sukurt\u0173 subrendusiems gomuriams. I\u0161pl\u0117st\u0173 au\u0161inimo agent\u0173 integravimas u\u017etikrina gaiv\u0173 gerkl\u0117s poj\u016bt\u012f, nemaskuojant pagrindini\u0173 aromatini\u0173 nat\u0173. D\u0117l padidinto vidinio rezervuaro ir efektyvios tinklelio rit\u0117s poj\u016btis i\u0161lieka ne\u012ftik\u0117tinai vienodas. N\u0117ra degradacijos ar \u201cdeginto\u201d skonio, kai prietaisas art\u0117ja prie savo naudojimo pabaigos; paskutinis \u012fkv\u0117pimas yra sukurtas taip, kad b\u016bt\u0173 toks pat stiprus ir patenkinamas kaip pirmasis.<\/p>\n<div style=\"background-color: #f6ffed; border-radius: 12px; padding: 25px; margin: 30px 0; border: 1px solid #b7eb8f; box-shadow: 0 4px 6px rgba(0,0,0,0.05);\">\n<h4 style=\"color: #389e0d; margin-top: 0; text-align: center; font-size: 20px; text-transform: uppercase;\">Strateginiai privalumai didmenin\u0117s prekybos partneriams<\/h4>\n<div style=\"display: flex; align-items: flex-start; margin: 20px 0; padding: 15px; background: white; border-radius: 8px; border-left: 4px solid #52c41a;\"><span style=\"font-size: 28px; margin-right: 15px; line-height: 1;\">\ud83d\udcca<\/span><\/p>\n<div>Maksimalizuota ma\u017emenin\u0117s prekybos IG (investicij\u0173 gr\u0105\u017ea)<br \/>\n<span style=\"color: #333; font-size: 15px;\">Pere\u0117jimas prie 20 000 naudojim\u0173 \u012frenginio leid\u017eia ma\u017emenininkams pasi\u016blyti savo klientams prana\u0161esn\u012f vert\u0117s pasi\u016blym\u0105. Didesn\u0117s talpos \u012frenginiai u\u017etikrina stipresnes mar\u017eas ir kuria ilgalaik\u012f klient\u0173 lojalum\u0105, suma\u017eindami b\u016btin\u0173 pakeitim\u0173 da\u017enum\u0105.<\/span><\/div>\n<\/div>\n<div style=\"display: flex; align-items: flex-start; margin: 20px 0; padding: 15px; background: white; border-radius: 8px; border-left: 4px solid #52c41a;\"><span style=\"font-size: 28px; margin-right: 15px; line-height: 1;\">\u26a1<\/span><\/p>\n<div>Supaprastinta vartotojo patirtis<br \/>\n<span style=\"color: #333; font-size: 15px;\">Naikinant antrini\u0173 \u012fkrovimo kabeli\u0173 ir nuolatinio steb\u0117jimo poreik\u012f, \u0161is vienkartinis garintuvas suma\u017eina naudotojo klaidas ir gr\u0105\u017einimus. Jis veikia be problem\u0173 tiesiai i\u0161 pakuot\u0117s, u\u017etikrindamas i\u0161kart vartotojo pasitenkinim\u0105.<\/span><\/div>\n<\/div>\n<div style=\"display: flex; align-items: flex-start; margin: 20px 0; padding: 15px; background: white; border-radius: 8px; border-left: 4px solid #52c41a;\"><span style=\"font-size: 28px; margin-right: 15px; line-height: 1;\">\ud83d\udce6<\/span><\/p>\n<div>Optimizuota logistika VapeXYZ<br \/>\n<span style=\"color: #333; font-size: 15px;\">Kaip pirmaujantis B2B platintojas, VapeXYZ palaiko \u017eem\u0105 minimal\u0173 u\u017esakymo kiek\u012f (MOQ) - tik 10 vienet\u0173, leid\u017eiant\u012f \u012fvairaus dyd\u017eio \u012fmon\u0117ms i\u0161bandyti rinkos paklaus\u0105 be dideli\u0173 i\u0161ankstini\u0173 kapitalo i\u0161laid\u0173. M\u016bs\u0173 saugus tiekimo grandin\u0117s garantuoja autenti\u0161kas, tiesiogiai i\u0161 gamyklos gaunamas prekes.<\/span><\/div>\n<\/div>\n<\/div>\n<h3 style=\"color: #003a8c; margin-top: 30px;\">Da\u017eniausiai u\u017eduodami klausimai (techniniai ir praktiniai)<\/h3>\n<div style=\"background-color: #fff7e6; border-radius: 12px; padding: 25px; margin: 20px 0; border: 1px solid #ffd591; box-shadow: 0 4px 6px rgba(0,0,0,0.05);\">\n<div style=\"margin-bottom: 20px; padding-bottom: 20px; border-bottom: 1px solid #ffc069;\">\n<p style=\"color: #d46b08; margin-bottom: 8px; font-size: 18px; font-weight: bold;\">Kaip konstrukcinis vientisumas i\u0161laikomas per 20 000 naudojimo kart\u0173?<\/p>\n<p style=\"margin-top: 0; color: #555; font-size: 15px; line-height: 1.6;\">Vidin\u0117 konstrukcija naudoja aviacijos klas\u0117s polikarbonat\u0105 i\u0161pl\u0117stiniam rezervuarui \u012fd\u0117ti. Tai neleid\u017eia atsirasti fiziniams mikro\u012ftr\u016bkimams ir u\u017etikrina, kad \u012frenginys i\u0161lieka sandarus per savait\u0117s nepertraukiam\u0105 veikim\u0105, efektyviai apsaugodamas ir akumuliatoriaus blok\u0105, ir vidinius tirpalus.<\/p>\n<\/div>\n<div style=\"margin-bottom: 20px; padding-bottom: 20px; border-bottom: 1px solid #ffc069;\">\n<p style=\"color: #d46b08; margin-bottom: 8px; font-size: 18px; font-weight: bold;\">Ar i\u0161lik\u0119 \u201eTORNADO\u201c linijos palikimo aromatiniai mi\u0161iniai?<\/p>\n<p style=\"margin-top: 0; color: #555; font-size: 15px; line-height: 1.6;\">Taip. M\u016bs\u0173 chemijos in\u017einieriai kruop\u0161\u010diai perk\u0117l\u0117 s\u0117kmingiausius, auk\u0161to na\u0161umo profilius i\u0161 13 000 modelio \u012f nauj\u0105j\u0105 sistem\u0105. Be to, atnaujinta tinklelio rit\u0117 i\u0161 tikr\u0173j\u0173 pagerina \u0161i\u0173 pa\u017e\u012fstam\u0173 skoni\u0173 ai\u0161kum\u0105 ir gyl\u012f, kartu pristatydama tuzin\u0105 nauj\u0173 botanini\u0173 formuli\u0173, specialiai sukurt\u0173 \u0161iam \u012frenginiui.<\/p>\n<\/div>\n<div style=\"margin-bottom: 20px; padding-bottom: 20px; border-bottom: 1px solid #ffc069;\">\n<p style=\"color: #d46b08; margin-bottom: 8px; font-size: 18px; font-weight: bold;\">Kokios yra aplinkos saugojimo parametrai optimaliam naudojimui?<\/p>\n<p style=\"margin-top: 0; color: #555; font-size: 15px; line-height: 1.6;\">Kad b\u016bt\u0173 u\u017etikrintas maksimalus ilgalaikis naudojimas, garintuvus reikia laikyti kambario temperat\u016broje (apie 20\u00b0C iki 25\u00b0C). Venkite palikti prietais\u0105 tiesioginiuose saul\u0117s spinduliuose arba u\u017e\u0161alimo s\u0105lygomis, nes ekstremal\u016bs temperat\u016bros svyravimai gali laikinai paveikti vidinio tirpalo klampum\u0105 ir pabloginti akumuliatoriaus chemines savybes.<\/p>\n<\/div>\n<div>\n<p style=\"color: #d46b08; margin-bottom: 8px; font-size: 18px; font-weight: bold;\">Kod\u0117l rinktis VapeXYZ didmeninei vienkartini\u0173 garintuv\u0173 \u012fsigijimui?<\/p>\n<p style=\"margin-top: 0; color: #555; font-size: 15px; line-height: 1.6;\">VapeXYZ sujungia daugiau nei 8 met\u0173 specializuotos logistikos patirt\u012f su tiesiogin\u0117mis gamintojo kainomis. M\u016bs\u0173 grie\u017etos vidin\u0117s kokyb\u0117s u\u017etikrinimo patikros, greitas tarptautinis pristatymas ir \u017eemos minimalios u\u017esakymo kiekio (MOQ) ribos \u012fgalina ma\u017emenininkus efektyviai ir patikimai didinti savo atsargas su visi\u0161kai autenti\u0161kais, atitinkan\u010diais reikalavimus produktais.<\/p>\n<\/div>\n<\/div>\n<div style=\"background: linear-gradient(135deg, #0050b3 0%, #1890ff 100%); color: white; padding: 30px; border-radius: 12px; text-align: center; margin: 40px 0; box-shadow: 0 6px 12px rgba(0,0,0,0.15);\">\n<h3 style=\"margin-top: 0; font-size: 26px; text-transform: uppercase; letter-spacing: 1px; text-shadow: 1px 1px 2px rgba(0,0,0,0.2);\">I\u0161kelkite savo inventori\u0173 su naujausios kartos aparat\u016bra<\/h3>\n<p style=\"font-size: 18px; margin-bottom: 15px; line-height: 1.6;\">Per\u0117jimas nuo TORNADO prie BANG BOX 20000 \u017eymi l\u016b\u017eio moment\u0105 aparatin\u0117s \u012frangos efektyvume ir jutimini\u0173 duomen\u0173 pristatyme.<\/p>\n<p style=\"font-size: 16px; opacity: 0.9; margin-bottom: 0;\">Remiantis empiriniais tyrimais, grie\u017etu reguliavimo laikymusi ir neprilygstamu in\u017eineriniu po\u017ei\u016briu, tai yra galutin\u0117 didel\u0117s talpos sprendimas \u0161iuolaikiniams vartotojams.  Partneriuokite su VapeXYZ \u0161iandien, kad u\u017etikrintum\u0117te auk\u0161\u010diausios kokyb\u0117s, patikrintus \u012frenginius u\u017e pramon\u0117je pirmaujan\u010dias didmenines kainas.<\/p>\n<\/div>\n<\/article>","protected":false},"excerpt":{"rendered":"<div class=\"custom-product\" style=\"border: 1px solid #eee; text-align: center; max-width: 100%; margin: 0 auto; font-family: Arial, sans-serif; box-sizing: border-box;\">\n        <!-- Product image - full width -->\n        <a href=\"https:\/\/vapexyz.com\/lt\/product\/bang-box-20000-puffs-vape-0-2-3-5-nicotine-rechargeable-bulk-buy-disposable-vape-wholesale\/\" style=\"display: block; margin-bottom: 15px;\">\n            <img decoding=\"async\" src=\"https:\/\/vapexyz.com\/wp-content\/uploads\/2024\/05\/bang-box-20000-puffs-17.webp\" alt=\"BANG BOX 20000 \u012fkv\u0117pim\u0173 20K garintuvas \u012ekraunamas Didmenin\u0117 Prekyba Vienkartinis Garintuvas Didmenin\u0117 Pirkimas\" style=\"width: 100%; height: auto; display: block;\">        <\/a>\n        \n        <!-- Product name -->\n        <h3 style=\"margin: 10px 0; font-size: 1.2em; line-height: 1.4; color: #333;\">\n            BANG BOX 20000 \u012fkv\u0117pim\u0173 20K garintuvas \u012ekraunamas Didmenin\u0117 Prekyba Vienkartinis Garintuvas Didmenin\u0117 Pirkimas        <\/h3>\n        \n        <!-- Product price -->\n        <div class=\"price\" style=\"color: #ff0000; font-weight: bold; font-size: 1.4em; margin: 10px 0;\">\n            \t\t<span class=\"tiered-pricing-dynamic-price-wrapper tiered-pricing-dynamic-price-wrapper--variable\"\n\t\t\t  data-display-context=\"shop-loop\"\n\t\t\t  data-price-type=\"dynamic\"\n\t\t\t  data-product-id=\"22807\"\n\t\t\t  data-parent-id=\"22807\">\n\t\t\t<span class=\"woocommerce-Price-amount amount\"><bdi><span class=\"woocommerce-Price-currencySymbol\">\u20ac<\/span>5.50<\/bdi><\/span><\/span>        <\/div>\n        \n        <!-- Product rating -->\n        <div class=\"rating\" style=\"margin: 15px 0; min-height: 25px;\">\n            <div class=\"star-rating\" role=\"img\" aria-label=\"\u012evertinta 5,00 i\u0161 5\"><span style=\"width:100%\">\u012evertintas <strong class=\"rating\">5.00<\/strong> i\u0161 5<\/span><\/div>        <\/div>\n        \n        <!-- Buy Now button -->\n        <div class=\"buy-now-button\" style=\"margin-top: 20px;\">\n            <a href=\"https:\/\/vapexyz.com\/lt\/product\/bang-box-20000-puffs-vape-0-2-3-5-nicotine-rechargeable-bulk-buy-disposable-vape-wholesale\/\" \n               class=\"buy-now-btn\" \n               style=\"display: inline-block; background-color: #4CAF50; color: white !important; padding: 12px 24px; text-align: center; text-decoration: none; font-weight: bold; border-radius: 4px; transition: all 0.3s; border: none; cursor: pointer; font-size: 1em;\">\n                Pirkite dabar            <\/a>\n        <\/div>\n    <\/div>","protected":false},"featured_media":16872,"comment_status":"open","ping_status":"closed","template":"","meta":{"_lmt_disableupdate":"no","_lmt_disable":""},"product_brand":[],"product_cat":[992,821,1019,1020,935,934,927,929,928,930,933,939,932,938,931,936,937,1017,1021,1022,946,1023,1025,1026,951,1028,1029,1032,1033,953,1037,955,987,1038],"product_tag":[],"class_list":{"0":"post-16873","1":"product","2":"type-product","3":"status-publish","4":"has-post-thumbnail","6":"product_cat-13000-puff-vapes","7":"product_cat-bang","8":"product_cat-blue-razz-flavor-disposable-vapes","9":"product_cat-blueberry-flavor-disposable-vapes","10":"product_cat-bulk-buy-disposable-vapes-in-austria","11":"product_cat-bulk-buy-disposable-vapes-in-belgium","12":"product_cat-bulk-buy-disposable-vapes-in-europe","13":"product_cat-bulk-buy-disposable-vapes-in-france","14":"product_cat-bulk-buy-disposable-vapes-in-germany","15":"product_cat-bulk-buy-disposable-vapes-in-italy","16":"product_cat-bulk-buy-disposable-vapes-in-netherlands","17":"product_cat-bulk-buy-disposable-vapes-in-norway","18":"product_cat-bulk-buy-disposable-vapes-in-poland","19":"product_cat-bulk-buy-disposable-vapes-in-portugal","20":"product_cat-bulk-buy-disposable-vapes-in-spain","21":"product_cat-bulk-buy-disposable-vapes-in-sweden","22":"product_cat-bulk-buy-disposable-vapes-in-switzerland","23":"product_cat-buy-best-disposable-vape-flavors","24":"product_cat-cherry-flavor-disposable-vapes","25":"product_cat-cola-flavor-disposable-vapes","26":"product_cat-disposable-vapes-series","27":"product_cat-grape-flavor-disposable-vapes","28":"product_cat-ice-flavor-disposable-vapes","29":"product_cat-kiwi-flavor-disposable-vapes","30":"product_cat-lower-nicotine-vapes","31":"product_cat-lush-flavor-disposable-vapes","32":"product_cat-mango-flavor-disposable-vapes","33":"product_cat-passion-fruit-flavor-disposable-vapes","34":"product_cat-peach-flavor-disposable-vapes","35":"product_cat-rechargeable-vapes","36":"product_cat-strawberry-flavor-disposable-vapes","37":"product_cat-tornado-vapes","38":"product_cat-vape-shop-by-puffs","39":"product_cat-watermelon-flavor-disposable-vapes","41":"first","42":"outofstock","43":"shipping-taxable","44":"purchasable","45":"product-type-simple"},"jetpack_sharing_enabled":true,"tiered_pricing_type":"fixed","tiered_pricing_fixed_rules":[],"tiered_pricing_product_settings":{"layout":"default","base_unit_name":{"singular":null,"plural":null},"default_variation":null},"tiered_pricing_minimum_quantity":null,"tiered_pricing_roles_data":[],"tiered_pricing_percentage_rules":[],"tiered_pricing_maximum_quantity":null,"tiered_pricing_quantity_step":null,"_links":{"self":[{"href":"https:\/\/vapexyz.com\/lt\/wp-json\/wp\/v2\/product\/16873","targetHints":{"allow":["GET"]}}],"collection":[{"href":"https:\/\/vapexyz.com\/lt\/wp-json\/wp\/v2\/product"}],"about":[{"href":"https:\/\/vapexyz.com\/lt\/wp-json\/wp\/v2\/types\/product"}],"replies":[{"embeddable":true,"href":"https:\/\/vapexyz.com\/lt\/wp-json\/wp\/v2\/comments?post=16873"}],"wp:featuredmedia":[{"embeddable":true,"href":"https:\/\/vapexyz.com\/lt\/wp-json\/wp\/v2\/media\/16872"}],"wp:attachment":[{"href":"https:\/\/vapexyz.com\/lt\/wp-json\/wp\/v2\/media?parent=16873"}],"wp:term":[{"taxonomy":"product_brand","embeddable":true,"href":"https:\/\/vapexyz.com\/lt\/wp-json\/wp\/v2\/product_brand?post=16873"},{"taxonomy":"product_cat","embeddable":true,"href":"https:\/\/vapexyz.com\/lt\/wp-json\/wp\/v2\/product_cat?post=16873"},{"taxonomy":"product_tag","embeddable":true,"href":"https:\/\/vapexyz.com\/lt\/wp-json\/wp\/v2\/product_tag?post=16873"}],"curies":[{"name":"wp","href":"https:\/\/api.w.org\/{rel}","templated":true}]}}