{"id":4439,"date":"2021-10-12T16:27:24","date_gmt":"2021-10-12T16:27:24","guid":{"rendered":"http:\/\/dummy.xtemos.com\/woodmart2\/elementor\/?page_id=4439"},"modified":"2026-03-07T07:08:45","modified_gmt":"2026-03-07T07:08:45","slug":"susisiekite-su-mumis","status":"publish","type":"page","link":"https:\/\/vapexyz.com\/lt\/contact-us\/","title":{"rendered":"Susisiekite su mumis"},"content":{"rendered":"<h4>D\u0116L VIS\u0172 KLAUSIM\u0172 SUSISIEKITE MUMIS<\/h4>\n<p>Prie\u0161 susisiekdami su mumis, per\u017ei\u016br\u0117kite toliau pateikt\u0105 DUK skyri\u0173 ir su\u017einokite, ar \u012f j\u016bs\u0173 klausim\u0105 jau buvo atsakyta. Jei nerandate atsakymo, nedvejodami naudokite kontaktin\u0119 form\u0105 ir mes su jumis susisieksime darbo valandomis.<\/p>\n<p><strong>El. pa\u0161tas:<\/strong>\u00a0info@vapexyz.com<\/p>\n<p><strong>\u012emon\u0117:<\/strong>\u00a0CYBERGEN TECH LIMITED<\/p>\n<p><strong>Adresas:<\/strong>\u00a0A516 kambarys, 5 auk\u0161tas, Yee Fat Industrial Building, 35 Tai Yau gatv\u0117, San Po Kong, Kowloon, Honkongas<\/p>\n\n\t<section class=\"section\" id=\"section_1810793702\">\n\t\t<div class=\"section-bg fill\" >\n\t\t\t\t\t\t\t\t\t\n\t\t\t\n\n\t\t<\/div>\n\n\t\t\n\n\t\t<div class=\"section-content relative\">\n\t\t\t\n<div class=\"row\"  id=\"row-46265596\">\n\n\t<div id=\"col-696829882\" class=\"col medium-6 small-12 large-6\"  >\n\t\t\t\t<div class=\"col-inner\"  >\n\t\t\t\n\t\t\t\n<h3 class=\"accordion_title\">DA\u017dNAI U\u017dDUODAMI KLAUSIMAI<\/h3><div class=\"accordion\">\n\t<div id=\"accordion-2860481188\" class=\"accordion-item\">\n\t\t<a id=\"accordion-2860481188-label\" class=\"accordion-title plain\" href=\"#accordion-item-what-is-the-timeframe-for-receiving-a-refund?\" aria-expanded=\"false\" aria-controls=\"accordion-2860481188-content\" >\n\t\t\t<button class=\"toggle\" aria-label=\"Perjungti\"><i class=\"icon-angle-down\"><\/i><\/button>\n\t\t\t<span>Koks yra pinig\u0173 gr\u0105\u017einimo terminas?<\/span>\n\t\t<\/a>\n\t\t<div id=\"accordion-2860481188-content\" class=\"accordion-inner\" aria-labelledby=\"accordion-2860481188-label\" >\n\t\t\t\n<p>Paprastai l\u0117\u0161os gr\u0105\u017einamos tiesiai \u012f j\u016bs\u0173 banko kortel\u0119 ir gali u\u017etrukti ma\u017edaug nuo 3 iki 15 dien\u0173. Tiksli trukm\u0117 daugiausia priklauso nuo j\u016bs\u0173 vietinio banko apdorojimo laiko.<\/p>\n\t\t<\/div>\n\t<\/div>\n\t\n\t<div id=\"accordion-399839190\" class=\"accordion-item\">\n\t\t<a id=\"accordion-399839190-label\" class=\"accordion-title plain\" href=\"#accordion-item-how-can-i-track-my-order?\" aria-expanded=\"false\" aria-controls=\"accordion-399839190-content\" >\n\t\t\t<button class=\"toggle\" aria-label=\"Perjungti\"><i class=\"icon-angle-down\"><\/i><\/button>\n\t\t\t<span>Kaip galiu sekti savo u\u017esakym\u0105?<\/span>\n\t\t<\/a>\n\t\t<div id=\"accordion-399839190-content\" class=\"accordion-inner\" aria-labelledby=\"accordion-399839190-label\" >\n\t\t\t\n<p>Nor\u0117dami steb\u0117ti savo u\u017esakym\u0105, galite apsilankyti u\u017esakymo puslapyje adresu https:\/\/vapexyz.com\/my-account\/orders\/. Be to, el. pa\u0161tu jums bus atsi\u0173stas sekimo numeris. Galite naudoti \u0161\u012f sekimo numer\u012f nor\u0117dami steb\u0117ti savo u\u017esakymo b\u016bsen\u0105 adresu https:\/\/www.17track.net.<\/p>\n<p>Palaukite 1\u20135 darbo dienas apdorojimui ir gamybai, kol j\u016bs\u0173 u\u017esakymas bus i\u0161si\u0173stas.<\/p>\n\t\t<\/div>\n\t<\/div>\n\t\n\t<div id=\"accordion-2343228633\" class=\"accordion-item\">\n\t\t<a id=\"accordion-2343228633-label\" class=\"accordion-title plain\" href=\"#accordion-item-which-payment-methods-do-you-accept?\" aria-expanded=\"false\" aria-controls=\"accordion-2343228633-content\" >\n\t\t\t<button class=\"toggle\" aria-label=\"Perjungti\"><i class=\"icon-angle-down\"><\/i><\/button>\n\t\t\t<span>Kokius mok\u0117jimo b\u016bdus priimate?<\/span>\n\t\t<\/a>\n\t\t<div id=\"accordion-2343228633-content\" class=\"accordion-inner\" aria-labelledby=\"accordion-2343228633-label\" >\n\t\t\t\n<p>Priimame mok\u0117jimus kredito kortel\u0117mis (\u201eVisa\u201c, \u201eMastercard\u201c), tiesioginiais banko pavedimais ir \u201eCrypto Wallet\u201c. Atsiskaitym\u0173 grynaisiais nepriimame.<\/p>\n\t\t<\/div>\n\t<\/div>\n\t\n\t<div id=\"accordion-3524840497\" class=\"accordion-item\">\n\t\t<a id=\"accordion-3524840497-label\" class=\"accordion-title plain\" href=\"#accordion-item-are-customs-duties-and-taxes-included-in-the-price?\" aria-expanded=\"false\" aria-controls=\"accordion-3524840497-content\" >\n\t\t\t<button class=\"toggle\" aria-label=\"Perjungti\"><i class=\"icon-angle-down\"><\/i><\/button>\n\t\t\t<span>Ar muitin\u0117s pareigos ir mokes\u010diai \u012fskai\u010diuoti \u012f kain\u0105?<\/span>\n\t\t<\/a>\n\t\t<div id=\"accordion-3524840497-content\" class=\"accordion-inner\" aria-labelledby=\"accordion-3524840497-label\" >\n\t\t\t\n<p>\u0160alyse, kuriose gali b\u016bti taikomas DDP (apmok\u0117tas pristatymo muitas) metodas, nereikia atlikti muitin\u0117s formalum\u0173 ir nereikia mok\u0117ti joki\u0173 muit\u0173 (i\u0161skyrus Kanad\u0105). J\u016bs\u0173 u\u017esakymai bus saugiai pristatyti jums.<\/p>\n<p>\u012e u\u017esakym\u0173 kainas \u012fskai\u010diuoti visi mokes\u010diai, \u012fskaitant muitus (i\u0161skyrus Kanad\u0105).<\/p>\n\t\t<\/div>\n\t<\/div>\n\t\n\t<div id=\"accordion-3576794915\" class=\"accordion-item\">\n\t\t<a id=\"accordion-3576794915-label\" class=\"accordion-title plain\" href=\"#accordion-item-how-can-i-initiate-a-return-for-my-purchase?\" aria-expanded=\"false\" aria-controls=\"accordion-3576794915-content\" >\n\t\t\t<button class=\"toggle\" aria-label=\"Perjungti\"><i class=\"icon-angle-down\"><\/i><\/button>\n\t\t\t<span>Kaip galiu inicijuoti pirkinio gr\u0105\u017einim\u0105?<\/span>\n\t\t<\/a>\n\t\t<div id=\"accordion-3576794915-content\" class=\"accordion-inner\" aria-labelledby=\"accordion-3576794915-label\" >\n\t\t\t\n<p>Nor\u0117dami prad\u0117ti savo pirkinio gr\u0105\u017einimo proces\u0105, susisiekite su mumis bet kokiais gr\u0105\u017einimo klausimais adresu info@vapexyz.com<\/p>\n\t\t<\/div>\n\t<\/div>\n\t\n\t<div id=\"accordion-3805658168\" class=\"accordion-item\">\n\t\t<a id=\"accordion-3805658168-label\" class=\"accordion-title plain\" href=\"#accordion-item-what-is-the-process-for-canceling-or-modifying-my-order?\" aria-expanded=\"false\" aria-controls=\"accordion-3805658168-content\" >\n\t\t\t<button class=\"toggle\" aria-label=\"Perjungti\"><i class=\"icon-angle-down\"><\/i><\/button>\n\t\t\t<span>Koks yra u\u017esakymo at\u0161aukimo arba pakeitimo procesas?<\/span>\n\t\t<\/a>\n\t\t<div id=\"accordion-3805658168-content\" class=\"accordion-inner\" aria-labelledby=\"accordion-3805658168-label\" >\n\t\t\t\n<p>U\u017esakymo pakeitimus galite atlikti iki 23:00 val. (PDT.-7 GMT) t\u0105 pa\u010di\u0105 dien\u0105, kai jis buvo pateiktas. Nor\u0117dami pra\u0161yti pakeitim\u0173, susisiekite su mumis adresu <a href=\"mailto:info@vapexyz.com\" target=\"_blank\" rel=\"noopener\">info@vapexyz.com<\/a>. Jei turite klausim\u0173 ar pagalbos, taip pat galite susisiekti su mumis el. pa\u0161tu arba WhatsApp, ir mes nedelsdami i\u0161spr\u0119sime j\u016bs\u0173 problemas.<\/p>\n\t\t<\/div>\n\t<\/div>\n\t\n\t<div id=\"accordion-3157004127\" class=\"accordion-item\">\n\t\t<a id=\"accordion-3157004127-label\" class=\"accordion-title plain\" href=\"#accordion-item-what&#039;s-the-shipping-policy?\" aria-expanded=\"false\" aria-controls=\"accordion-3157004127-content\" >\n\t\t\t<button class=\"toggle\" aria-label=\"Perjungti\"><i class=\"icon-angle-down\"><\/i><\/button>\n\t\t\t<span>Kokia siuntimo politika?<\/span>\n\t\t<\/a>\n\t\t<div id=\"accordion-3157004127-content\" class=\"accordion-inner\" aria-labelledby=\"accordion-3157004127-label\" >\n\t\t\t\n<p>Nemokamas pristatymas galimas u\u017esakymams Jungtin\u0117se Amerikos Valstijose ir Australijoje. Tam tikroms \u0161alims si\u016blome DDP (sumok\u0117to pristatymo muito) metod\u0105, tod\u0117l jums nereikia atlikti muitin\u0117s formalum\u0173 ir mokes\u010di\u0173.<\/p>\n<p>Pristatymo b\u016bdai:<\/p>\n<ul>\n<li>JAV: UPS Express (i\u0161skyrus Aliask\u0105 ir Havajus)<\/li>\n<li>JK: Vietinis DPD Express<\/li>\n<li>Europa: UPS Express \/ DPD Express \/ DHL Express<\/li>\n<li>Europos \u0161alys, galin\u010dios taikyti DDP metod\u0105: Vokietija, Belgija, Liuksemburgas, Nyderlandai, \u010cekija, Lenkija, Kroatija, Slovakija, Slov\u0117nija, Suomija, Danija, \u0160vedija, Austrija, Pranc\u016bzija, Italija, Vengrija, Bulgarija, Lietuva, Estija, Latvija, Graikija, Airija, Portugalija, Ispanija.<\/li>\n<\/ul>\n<p>Pastaba: siuntos \u012f Europos \u0161alis, i\u0161skyrus JK, bus \u012fforminamos Vokietijoje, o i\u0161 ten siun\u010diamos \u012f kitas Europos \u0161alis.<\/p>\n<p>Taip pat si\u016blome siuntim\u0105 \u012f:<\/p>\n<ul>\n<li>JAE (tik Dubajus)<\/li>\n<li>piet\u0173 Afrika<\/li>\n<li>Vietnamas<\/li>\n<li>Vakar\u0173 Malaizija (i\u0161skyrus Kalimantano sal\u0105)<\/li>\n<\/ul>\n<table>\n<tbody>\n<tr>\n<td>\u0160alis<\/td>\n<td>atsiuntimo metodas<\/td>\n<td>Pristatymo laikas<\/td>\n<\/tr>\n<tr>\n<td>JAV<\/td>\n<td>Vietin\u0117 UPS \u017eem\u0117<\/td>\n<td>10-15 dien\u0173<\/td>\n<\/tr>\n<tr>\n<td>JK<\/td>\n<td>Vietinis DPD Express<\/td>\n<td>7-12 dien\u0173<\/td>\n<\/tr>\n<tr>\n<td>Vokietija<\/td>\n<td>UPS\/DPD\/DHL Vokietija<\/td>\n<td>8-15 dien\u0173<\/td>\n<\/tr>\n<tr>\n<td>Pranc\u016bzija<\/td>\n<td>UPS\/DPD\/DHL Vokietija<\/td>\n<td>10-15 dien\u0173<\/td>\n<\/tr>\n<tr>\n<td>Belgija<\/td>\n<td>UPS\/DPD\/DHL Vokietija<\/td>\n<td>10-15 dien\u0173<\/td>\n<\/tr>\n<tr>\n<td>Liuksemburgas<\/td>\n<td>UPS\/DPD\/DHL Vokietija<\/td>\n<td>10-15 dien\u0173<\/td>\n<\/tr>\n<tr>\n<td>Nyderlandai<\/td>\n<td>UPS\/DPD\/DHL Vokietija<\/td>\n<td>10-15 dien\u0173<\/td>\n<\/tr>\n<tr>\n<td>\u010cekijos Respublika<\/td>\n<td>UPS\/DPD\/DHL Vokietija<\/td>\n<td>10-15 dien\u0173<\/td>\n<\/tr>\n<tr>\n<td>Lenkija<\/td>\n<td>UPS\/DPD\/DHL Vokietija<\/td>\n<td>10-15 dien\u0173<\/td>\n<\/tr>\n<tr>\n<td>Kroatija<\/td>\n<td>UPS\/DPD\/DHL Vokietija<\/td>\n<td>10-15 dien\u0173<\/td>\n<\/tr>\n<tr>\n<td>Slovakija<\/td>\n<td>UPS\/DPD\/DHL Vokietija<\/td>\n<td>10-15 dien\u0173<\/td>\n<\/tr>\n<tr>\n<td>Slov\u0117nija<\/td>\n<td>UPS\/DPD\/DHL Vokietija<\/td>\n<td>10-15 dien\u0173<\/td>\n<\/tr>\n<tr>\n<td>Suomija<\/td>\n<td>UPS\/DPD\/DHL Vokietija<\/td>\n<td>10-15 dien\u0173<\/td>\n<\/tr>\n<tr>\n<td>Danija<\/td>\n<td>UPS\/DPD\/DHL Vokietija<\/td>\n<td>10-15 dien\u0173<\/td>\n<\/tr>\n<tr>\n<td>\u0160vedija<\/td>\n<td>UPS\/DPD\/DHL Vokietija<\/td>\n<td>10-15 dien\u0173<\/td>\n<\/tr>\n<tr>\n<td>Austrija<\/td>\n<td>UPS\/DPD\/DHL Vokietija<\/td>\n<td>10-15 dien\u0173<\/td>\n<\/tr>\n<tr>\n<td>Italija<\/td>\n<td>UPS\/DPD\/DHL Vokietija<\/td>\n<td>10-15 dien\u0173<\/td>\n<\/tr>\n<tr>\n<td>Vengrija<\/td>\n<td>UPS\/DPD\/DHL Vokietija<\/td>\n<td>10-15 dien\u0173<\/td>\n<\/tr>\n<tr>\n<td>Lietuva<\/td>\n<td>UPS\/DPD\/DHL Vokietija<\/td>\n<td>10-15 dien\u0173<\/td>\n<\/tr>\n<tr>\n<td>Estija<\/td>\n<td>UPS\/DPD\/DHL Vokietija<\/td>\n<td>10-15 dien\u0173<\/td>\n<\/tr>\n<tr>\n<td>Latvija<\/td>\n<td>UPS\/DPD\/DHL Vokietija<\/td>\n<td>10-15 dien\u0173<\/td>\n<\/tr>\n<tr>\n<td>Graikija<\/td>\n<td>UPS\/DPD\/DHL Vokietija<\/td>\n<td>10-15 dien\u0173<\/td>\n<\/tr>\n<tr>\n<td>Airija<\/td>\n<td>UPS\/DPD\/DHL Vokietija<\/td>\n<td>10-15 dien\u0173<\/td>\n<\/tr>\n<tr>\n<td>Portugalija<\/td>\n<td>UPS\/DPD\/DHL Vokietija<\/td>\n<td>10-15 dien\u0173<\/td>\n<\/tr>\n<tr>\n<td>Ispanija<\/td>\n<td>UPS\/DPD\/DHL Vokietija<\/td>\n<td>10-15 dien\u0173<\/td>\n<\/tr>\n<tr>\n<td>JAE (tik Dubajus)<\/td>\n<td>Dubajui skirta linija<\/td>\n<td>12-18 dien\u0173<\/td>\n<\/tr>\n<tr>\n<td>piet\u0173 Afrika<\/td>\n<td>Piet\u0173 Afrikai skirta linija<\/td>\n<td>15-25 dienos<\/td>\n<\/tr>\n<tr>\n<td>Vietnamas<\/td>\n<td>Vietnamui skirta linija<\/td>\n<td>3-5 dienos<\/td>\n<\/tr>\n<tr>\n<td>Vakar\u0173 Malaizija<\/td>\n<td>Malaizijai skirta linija<\/td>\n<td>4-8 dienos<\/td>\n<\/tr>\n<\/tbody>\n<\/table>\n<p>Kitos \u0161alys<\/p>\n<p>Anks\u010diau nepamin\u0117tose \u0161alyse muitin\u0117s formalumai ir muito mok\u0117jimas b\u016btinas atve\u017eus siunt\u0105. Norint nustatyti tiksli\u0105 mokes\u010dio sum\u0105, patartina kreiptis \u012f vietines muitines d\u0117l konkre\u010dios informacijos. Be to, j\u016bs\u0173 muitin\u0117s skyrius gali papra\u0161yti verslo liudijimo, jei taikoma.<\/p>\n\t\t<\/div>\n\t<\/div>\n\t\n\t<div id=\"accordion-1273265659\" class=\"accordion-item\">\n\t\t<a id=\"accordion-1273265659-label\" class=\"accordion-title plain\" href=\"#accordion-item-in-case-of-a-lost-or-delayed-package,-what-steps-should-i-take?\" aria-expanded=\"false\" aria-controls=\"accordion-1273265659-content\" >\n\t\t\t<button class=\"toggle\" aria-label=\"Perjungti\"><i class=\"icon-angle-down\"><\/i><\/button>\n\t\t\t<span>Koki\u0173 veiksm\u0173 tur\u0117\u010diau imtis, jei siuntinys pamestas arba atid\u0117tas?<\/span>\n\t\t<\/a>\n\t\t<div id=\"accordion-1273265659-content\" class=\"accordion-inner\" aria-labelledby=\"accordion-1273265659-label\" >\n\t\t\t\n<p>Jei j\u016bs\u0173 paketas pamet\u0117te arba smarkiai v\u0117luojate, susisiekite su m\u016bs\u0173 klient\u0173 aptarnavimo komanda. Atliksime tyrim\u0105 ir suteiksime pagalb\u0105 sprend\u017eiant klausim\u0105.<\/p>\n\t\t<\/div>\n\t<\/div>\n\t\n\t<div id=\"accordion-3924929812\" class=\"accordion-item\">\n\t\t<a id=\"accordion-3924929812-label\" class=\"accordion-title plain\" href=\"#accordion-item-what-is-the-approximate-shipping-timeframe?\" aria-expanded=\"false\" aria-controls=\"accordion-3924929812-content\" >\n\t\t\t<button class=\"toggle\" aria-label=\"Perjungti\"><i class=\"icon-angle-down\"><\/i><\/button>\n\t\t\t<span>Koks yra apytikslis pristatymo terminas?<\/span>\n\t\t<\/a>\n\t\t<div id=\"accordion-3924929812-content\" class=\"accordion-inner\" aria-labelledby=\"accordion-3924929812-label\" >\n\t\t\t\n<p>Sand\u0117liavimo laikas svyruoja nuo 1 iki 5 dien\u0173, o pristatymo laikas paprastai yra nuo 7 iki 15 dien\u0173, priklausomai nuo produkto.<\/p>\n\t\t<\/div>\n\t<\/div>\n\t\n<\/div>\n\t\t<\/div>\n\t\t\t\t\t<\/div>\n\n\t\n\n\t<div id=\"col-1397457396\" class=\"col medium-6 small-12 large-6\"  >\n\t\t\t\t<div class=\"col-inner\"  >\n\t\t\t\n\t\t\t\n<h2>ATSI\u0172SKITE MUMS PRANE\u0160IM\u0104 BET KADA<\/h2>\n\n<div class=\"wpcf7 no-js\" id=\"wpcf7-f14-o1\" lang=\"en-US\" dir=\"ltr\" data-wpcf7-id=\"14\">\n<div class=\"screen-reader-response\"><p role=\"status\" aria-live=\"polite\" aria-atomic=\"true\"><\/p> <ul><\/ul><\/div>\n<form action=\"\/lt\/wp-json\/wp\/v2\/pages\/4439#wpcf7-f14-o1\" method=\"post\" class=\"wpcf7-form init\" aria-label=\"Kontaktin\u0117 forma\" novalidate=\"novalidate\" data-status=\"init\" data-trp-original-action=\"\/lt\/wp-json\/wp\/v2\/pages\/4439#wpcf7-f14-o1\">\n<fieldset class=\"hidden-fields-container\"><input type=\"hidden\" name=\"_wpcf7\" value=\"14\" \/><input type=\"hidden\" name=\"_wpcf7_version\" value=\"6.1.5\" \/><input type=\"hidden\" name=\"_wpcf7_locale\" value=\"en_US\" \/><input type=\"hidden\" name=\"_wpcf7_unit_tag\" value=\"wpcf7-f14-o1\" \/><input type=\"hidden\" name=\"_wpcf7_container_post\" value=\"0\" \/><input type=\"hidden\" name=\"_wpcf7_posted_data_hash\" value=\"\" \/>\n<\/fieldset>\n<p><label> Tavo vardas<br \/>\n<span class=\"wpcf7-form-control-wrap\" data-name=\"your-name\"><input size=\"40\" maxlength=\"400\" class=\"wpcf7-form-control wpcf7-text wpcf7-validates-as-required\" autocomplete=\"name\" aria-required=\"true\" aria-invalid=\"false\" value=\"\" type=\"text\" name=\"your-name\" \/><\/span> <\/label>\n<\/p>\n<p><label> Tavo elektroninis pa\u0161tas<br \/>\n<span class=\"wpcf7-form-control-wrap\" data-name=\"your-email\"><input size=\"40\" maxlength=\"400\" class=\"wpcf7-form-control wpcf7-email wpcf7-validates-as-required wpcf7-text wpcf7-validates-as-email\" autocomplete=\"email\" aria-required=\"true\" aria-invalid=\"false\" value=\"\" type=\"email\" name=\"your-email\" \/><\/span> <\/label>\n<\/p>\n<p><label> Tema<br \/>\n<span class=\"wpcf7-form-control-wrap\" data-name=\"your-subject\"><input size=\"40\" maxlength=\"400\" class=\"wpcf7-form-control wpcf7-text wpcf7-validates-as-required\" aria-required=\"true\" aria-invalid=\"false\" value=\"\" type=\"text\" name=\"your-subject\" \/><\/span> <\/label>\n<\/p>\n<p><label> Tavo \u017einut\u0117<br \/>\n<span class=\"wpcf7-form-control-wrap\" data-name=\"your-message\"><textarea cols=\"40\" rows=\"10\" maxlength=\"2000\" class=\"wpcf7-form-control wpcf7-textarea wpcf7-validates-as-required\" aria-required=\"true\" aria-invalid=\"false\" name=\"your-message\"><\/textarea><\/span> <\/label><br \/>\n<div class=\"cf7-cf-turnstile\" style=\"margin-top: 0px; margin-bottom: -15px;\"> <div id=\"cf-turnstile-cf7-4234300154\" class=\"cf-turnstile\" data-sitekey=\"0x4AAAAAABilaR2d5jCp8eH3\" data-theme=\"light\" data-language=\"auto\" data-size=\"normal\" data-retry=\"auto\" data-retry-interval=\"1000\" data-refresh-expired=\"auto\" data-refresh-timeout=\"auto\" data-action=\"contact-form-7\" data-callback=\"turnstileCF7Callback\" data-appearance=\"always\"><\/div> <script>document.addEventListener(\"DOMContentLoaded\", function() { setTimeout(function(){ var e=document.getElementById(\"cf-turnstile-cf7-4234300154\"); if(e&&!e.innerHTML.trim()){turnstile.render(e, {sitekey:\"0x4AAAAAABilaR2d5jCp8eH3\"});} }, 200); });<\/script> <br class=\"cf-turnstile-br cf-turnstile-br-cf7-4234300154\"> <style>#cf-turnstile-cf7-4234300154 { margin-left: -15px; }<\/style> <script>document.addEventListener(\"DOMContentLoaded\",function(){document.querySelectorAll('.wpcf7-form').forEach(function(e){e.addEventListener('submit',function(){if(document.getElementById('cf-turnstile-cf7-4234300154')){setTimeout(function(){turnstile.reset('#cf-turnstile-cf7-4234300154');},1000)}})})});<\/script> <\/div><br\/><input class=\"wpcf7-form-control wpcf7-submit has-spinner\" type=\"submit\" value=\"Pateikti\" \/>\n<\/p><div class=\"wpcf7-response-output\" aria-hidden=\"true\"><\/div>\n<input type=\"hidden\" name=\"trp-form-language\" value=\"lt\"\/><\/form>\n<\/div>\n\n\t\t<\/div>\n\t\t\t\t\t<\/div>\n\n\t\n<\/div>\n\t\t<\/div>\n\n\t\t\n<style>\n#section_1810793702 {\n  padding-top: 10px;\n  padding-bottom: 10px;\n}\n<\/style>\n\t<\/section>","protected":false},"excerpt":{"rendered":"<p>CONTACT US FOR ANY QUESTIONS Before contacting us, please check the FAQ section below to see if your question has already been answered. If you can\u2019t find the answer, feel free to use the contact form and we will get back to you during business hours. Email:\u00a0info@vapexyz.com Company:\u00a0CYBERGEN TECH LIMITED Address:\u00a0Room A516, 5\/F, Yee Fat [&#8230;]\n","protected":false},"author":1,"featured_media":0,"parent":0,"menu_order":0,"comment_status":"closed","ping_status":"closed","template":"page-blank-title-center.php","meta":{"_lmt_disableupdate":"no","_lmt_disable":"","footnotes":""},"class_list":["post-4439","page","type-page","status-publish","hentry"],"jetpack_sharing_enabled":true,"_links":{"self":[{"href":"https:\/\/vapexyz.com\/lt\/wp-json\/wp\/v2\/pages\/4439","targetHints":{"allow":["GET"]}}],"collection":[{"href":"https:\/\/vapexyz.com\/lt\/wp-json\/wp\/v2\/pages"}],"about":[{"href":"https:\/\/vapexyz.com\/lt\/wp-json\/wp\/v2\/types\/page"}],"author":[{"embeddable":true,"href":"https:\/\/vapexyz.com\/lt\/wp-json\/wp\/v2\/users\/1"}],"replies":[{"embeddable":true,"href":"https:\/\/vapexyz.com\/lt\/wp-json\/wp\/v2\/comments?post=4439"}],"version-history":[{"count":0,"href":"https:\/\/vapexyz.com\/lt\/wp-json\/wp\/v2\/pages\/4439\/revisions"}],"wp:attachment":[{"href":"https:\/\/vapexyz.com\/lt\/wp-json\/wp\/v2\/media?parent=4439"}],"curies":[{"name":"wp","href":"https:\/\/api.w.org\/{rel}","templated":true}]}}