{"id":3,"date":"2024-01-24T18:23:43","date_gmt":"2024-01-24T18:23:43","guid":{"rendered":"http:\/\/vapexyz.com\/?page_id=3"},"modified":"2026-03-07T07:50:49","modified_gmt":"2026-03-07T07:50:49","slug":"privatumo-politika","status":"publish","type":"page","link":"https:\/\/vapexyz.com\/lt\/privacy-policy\/","title":{"rendered":"Privatumo politika"},"content":{"rendered":"<h2 class=\"wp-block-heading\" dir=\"auto\"><strong>Privatumo politika<\/strong><\/h2>\r\n<p dir=\"auto\">\u0160ioje privatumo politikoje apra\u0161oma, kaip \u201eVapeXYZ\u201c (toliau \u2013 \u201eSvetain\u0117\u201c arba \u201emes\u201c) renka, naudoja ir atskleid\u017eia j\u016bs\u0173 asmenin\u0119 informacij\u0105, kai lankot\u0117s ar perkate m\u016bs\u0173 svetain\u0117je.<\/p>\r\n<h3 dir=\"auto\"><strong>Kontaktas:<\/strong><\/h3>\r\n<p dir=\"auto\">Jei turite klausim\u0173, reikia papildomos informacijos apie m\u016bs\u0173 privatumo praktik\u0105 arba norite pateikti skund\u0105, susisiekite su mumis el.\u00a0<a href=\"mailto:info@vapexyz.com\" target=\"_blank\" rel=\"noopener\">info@vapexyz.com<\/a>\u00a0per\u017ei\u016br\u0117j\u0119 \u0161i\u0105 politik\u0105.<\/p>\r\n<h3 dir=\"auto\"><strong>Asmenin\u0117s informacijos rinkimas:<\/strong><\/h3>\r\n<p dir=\"auto\">Kai lankot\u0117s m\u016bs\u0173 svetain\u0117je, renkame konkre\u010di\u0105 informacij\u0105 apie j\u016bs\u0173 \u012frengin\u012f, s\u0105veik\u0105 su svetaine ir informacij\u0105, reikaling\u0105 j\u016bs\u0173 pirkiniams apdoroti. Be to, jei susisieksite su mumis d\u0117l klient\u0173 aptarnavimo, galime rinkti daugiau informacijos. \u0160ioje politikoje visi duomenys, susij\u0119 su identifikuojamu asmeniu, vadinami \u201easmenine informacija\u201c. I\u0161sami\u0105 informacij\u0105 apie m\u016bs\u0173 renkam\u0105 asmenin\u0119 informacij\u0105 ir prie\u017eastis, d\u0117l kuri\u0173 ji renkasi, rasite toliau:<\/p>\r\n<ul>\r\n<li>\r\n<h4 dir=\"auto\"><strong>\u012erenginio informacija:<\/strong><\/h4>\r\n<ul>\r\n<li><strong>Paskirtis:<\/strong>\u00a0Nor\u0117dami tiksliai \u012fkelti svetain\u0119 u\u017e jus ir atlikti svetain\u0117s optimizavimo analiz\u0119.<\/li>\r\n<li><strong>\u0160altinis:<\/strong>\u00a0Automati\u0161kai renkami naudojant slapukus, \u017eurnalo failus, \u017einiatinklio \u0161vyturius, \u017eymas ar pikselius, kai patenkama \u012f m\u016bs\u0173 svetain\u0119.<\/li>\r\n<li><strong>Surinkta asmenin\u0117 informacija:<\/strong>\u00a0\u017diniatinklio nar\u0161ykl\u0117s versija, IP adresas, laiko juosta, slapuk\u0173 informacija, \u017ei\u016br\u0117tos svetain\u0117s ar produktai, paie\u0161kos terminai ir s\u0105veika su svetaine.<\/li>\r\n<\/ul>\r\n<\/li>\r\n<li>\r\n<h4 dir=\"auto\"><strong>Informacija apie u\u017esakym\u0105:<\/strong><\/h4>\r\n<ul>\r\n<li><strong>Paskirtis:<\/strong>\u00a0Teikti produktus \/ paslaugas, apdoroti mok\u0117jimus, organizuoti pristatym\u0105, i\u0161ra\u0161yti s\u0105skaitas fakt\u016bras \/ patvirtinimus, bendrauti su jumis, tikrinti u\u017esakymus d\u0117l rizikos \/ suk\u010diavimo ir si\u0173sti su produktu \/ paslauga susijusi\u0105 informacij\u0105 arba reklam\u0105 pagal j\u016bs\u0173 pageidavimus.<\/li>\r\n<li><strong>\u0160altinis:<\/strong>\u00a0Tiesiogiai surinkta i\u0161 j\u016bs\u0173.<\/li>\r\n<li><strong>Surinkta asmenin\u0117 informacija:<\/strong>\u00a0Vardas, pavard\u0117, atsiskaitymo adresas, pristatymo adresas, mok\u0117jimo informacija (\u012fskaitant kredito korteli\u0173 numerius), el. pa\u0161to adresas ir telefono numeris.<\/li>\r\n<\/ul>\r\n<\/li>\r\n<li>\r\n<h4 dir=\"auto\"><strong>Informacija apie klient\u0173 aptarnavim\u0105:<\/strong><\/h4>\r\n<ul>\r\n<li><strong>Paskirtis:<\/strong>\u00a0Nor\u0117dami optimizuoti svetain\u0117s naudojim\u0105 ir teikti klient\u0173 palaikym\u0105.<\/li>\r\n<li><strong>\u0160altinis:<\/strong>\u00a0Automati\u0161kai renkama prisijungus prie m\u016bs\u0173 svetain\u0117s.<\/li>\r\n<li><strong>Paskirtis:<\/strong>\u00a0Si\u016blyti klient\u0173 palaikym\u0105.<\/li>\r\n<li><strong>\u0160altinis:<\/strong>\u00a0Tiesiogiai surinkta i\u0161 j\u016bs\u0173.<\/li>\r\n<\/ul>\r\n<\/li>\r\n<\/ul>\r\n<h3 dir=\"auto\"><strong>Nepilname\u010diai:<\/strong><\/h3>\r\n<p dir=\"auto\">M\u016bs\u0173 svetain\u0117 n\u0117ra skirta asmenims, jaunesniems nei 21 met\u0173. S\u0105moningai nerenkame vaik\u0173 asmenin\u0117s informacijos. Jei manote, kad j\u016bs\u0173 vaikas mums pateik\u0117 asmenin\u0119 informacij\u0105, susisiekite su mumis d\u0117l i\u0161trynimo.<\/p>\r\n<h3 dir=\"auto\"><strong>Dalijimasis asmenine informacija:<\/strong><\/h3>\r\n<p dir=\"auto\">Mes dalijam\u0117s j\u016bs\u0173 asmenine informacija su paslaug\u0173 teik\u0117jais, kad pad\u0117tume si\u016blyti paslaugas ir vykdyti su jumis sudarytas sutartis. Tai gali apimti dalijim\u0105si informacija, siekiant laikytis \u012fstatym\u0173, atsakyti \u012f teisinius pra\u0161ymus arba apsaugoti m\u016bs\u0173 teises.<\/p>\r\n<h3 dir=\"auto\"><strong>Reklama pagal elges\u012f:<\/strong><\/h3>\r\n<p dir=\"auto\">Mes naudojame j\u016bs\u0173 asmenin\u0119 informacij\u0105 tiksliniams skelbimams ar rinkodaros prane\u0161imams, kurie, m\u016bs\u0173 manymu, gali jus sudominti. Tai apima dalijim\u0105si informacija su reklamos partneriais. Tam tikr\u0173 paslaug\u0173 galite atsisakyti naudodami pateiktas nuorodas.<\/p>\r\n<h3 dir=\"auto\"><strong>Naudojant asmenin\u0119 informacij\u0105:<\/strong><\/h3>\r\n<p dir=\"auto\">Naudojame j\u016bs\u0173 asmenin\u0119 informacij\u0105, kad gal\u0117tume teikti tokias paslaugas kaip produkt\u0173 pardavimas, mok\u0117jim\u0173 apdorojimas, u\u017esakym\u0173 vykdymas ir informuoti apie naujus produktus, paslaugas ir pasi\u016blymus.<\/p>\r\n<h3 dir=\"auto\"><strong>Teis\u0117tas pagrindas:<\/strong><\/h3>\r\n<p dir=\"auto\">Pagal GDPR, jei gyvenate EEE, j\u016bs\u0173 asmenin\u0119 informacij\u0105 tvarkome remdamiesi \u012fvairiais reglamente nurodytais teis\u0117tais pagrindais.<\/p>\r\n<h3 dir=\"auto\"><strong>I\u0161laikymas:<\/strong><\/h3>\r\n<p dir=\"auto\">Mes saugome j\u016bs\u0173 asmenin\u0119 informacij\u0105 savo \u012fra\u0161ams, nebent j\u016bs pra\u0161ote j\u0105 i\u0161trinti.<\/p>\r\n<h3 dir=\"auto\"><strong>Automatinis sprendim\u0173 pri\u0117mimas:<\/strong><\/h3>\r\n<p dir=\"auto\">Naudodami klient\u0173 duomenis nedalyvaujame visi\u0161kai automatizuotuose sprendim\u0173 pri\u0117mimo procesuose, turin\u010diuose teisini\u0173 pasekmi\u0173.<\/p>\r\n<h3 dir=\"auto\"><strong>Parduodant asmenin\u0119 informacij\u0105:<\/strong><\/h3>\r\n<p dir=\"auto\">M\u016bs\u0173 svetain\u0117 parduoda asmenin\u0119 informacij\u0105, kaip apibr\u0117\u017eta CCPA. Pateikiama i\u0161sami informacija apie parduodamas kategorijas ir atsisakymo instrukcijos.<\/p>\r\n<h3 dir=\"auto\"><strong>J\u016bs\u0173 teis\u0117s:<\/strong><\/h3>\r\n<p dir=\"auto\">EEE ir Kalifornijos gyventojai turi teis\u0119 pasiekti, taisyti, atnaujinti arba i\u0161trinti savo asmenin\u0119 informacij\u0105. Pateikiamos naudojimosi \u0161iomis teis\u0117mis instrukcijos.<\/p>\r\n<h3 dir=\"auto\"><strong>Slapukai:<\/strong><\/h3>\r\n<p dir=\"auto\">Nor\u0117dami pagerinti j\u016bs\u0173 nar\u0161ymo patirt\u012f, naudojame slapukus. Slapukus galite valdyti ir tvarkyti naudodami savo nar\u0161ykl\u0117s nustatymus.<\/p>\r\n<h3 dir=\"auto\"><strong>Nesekti:<\/strong><\/h3>\r\n<p dir=\"auto\">Mes nekei\u010diame savo duomen\u0173 praktikos, remdamiesi nar\u0161ykli\u0173 signalais \u201eNesekti\u201c.<\/p>\r\n<h3 dir=\"auto\"><strong>Pakeitimai:<\/strong><\/h3>\r\n<p dir=\"auto\">Galime periodi\u0161kai atnaujinti \u0161i\u0105 privatumo politik\u0105, kad atspind\u0117t\u0173 veiklos, teisinius ar reguliavimo pakeitimus.<\/p>\r\n<h3 dir=\"auto\"><strong>Skundai:<\/strong><\/h3>\r\n<p dir=\"auto\">D\u0117l skund\u0173 susisiekite su mumis el. pa\u0161tu arba el. pa\u0161tu, naudodami \u201eSusisiekite\u201c pateikt\u0105 informacij\u0105.<\/p>\r\n<p dir=\"auto\">D\u0117kojame, kad per\u017ei\u016br\u0117jote m\u016bs\u0173 \u201eVapeXYZ\u201c privatumo politik\u0105.<\/p>","protected":false},"excerpt":{"rendered":"<p>Privacy Policy This Privacy Policy outlines how VapeXYZ (referred to as &#8220;the Site&#8221; or &#8220;we&#8221;) collects, uses, and discloses your Personal Information when you visit or make purchases on our website. Contact: If you have any questions, require additional information about our privacy practices, or wish to file a complaint, please reach out to us [&#8230;]\n","protected":false},"author":1,"featured_media":0,"parent":0,"menu_order":0,"comment_status":"closed","ping_status":"closed","template":"page-blank-title-center.php","meta":{"_lmt_disableupdate":"no","_lmt_disable":"","footnotes":""},"class_list":["post-3","page","type-page","status-publish","hentry"],"jetpack_sharing_enabled":true,"_links":{"self":[{"href":"https:\/\/vapexyz.com\/lt\/wp-json\/wp\/v2\/pages\/3","targetHints":{"allow":["GET"]}}],"collection":[{"href":"https:\/\/vapexyz.com\/lt\/wp-json\/wp\/v2\/pages"}],"about":[{"href":"https:\/\/vapexyz.com\/lt\/wp-json\/wp\/v2\/types\/page"}],"author":[{"embeddable":true,"href":"https:\/\/vapexyz.com\/lt\/wp-json\/wp\/v2\/users\/1"}],"replies":[{"embeddable":true,"href":"https:\/\/vapexyz.com\/lt\/wp-json\/wp\/v2\/comments?post=3"}],"version-history":[{"count":0,"href":"https:\/\/vapexyz.com\/lt\/wp-json\/wp\/v2\/pages\/3\/revisions"}],"wp:attachment":[{"href":"https:\/\/vapexyz.com\/lt\/wp-json\/wp\/v2\/media?parent=3"}],"curies":[{"name":"wp","href":"https:\/\/api.w.org\/{rel}","templated":true}]}}