{"id":13,"date":"2024-03-03T08:49:12","date_gmt":"2024-03-03T08:49:12","guid":{"rendered":"https:\/\/vapexyz.com\/?page_id=13"},"modified":"2026-03-07T07:42:53","modified_gmt":"2026-03-07T07:42:53","slug":"grazinimas_grazinimas","status":"publish","type":"page","link":"https:\/\/vapexyz.com\/lt\/refund_returns\/","title":{"rendered":"Pinig\u0173 gr\u0105\u017einimo ir gr\u0105\u017einimo politika"},"content":{"rendered":"<h2 dir=\"auto\">Pinig\u0173 gr\u0105\u017einimo ir gr\u0105\u017einimo politika<\/h2>\r\n<h3 dir=\"auto\"><strong>Gr\u0105\u017einimai:<\/strong><\/h3>\r\n<ul>\r\n<li>\r\n<p dir=\"auto\">Visus NEATIDARYTOS, NENAUDOTOS ir NESUgadintus gaminius priimame gr\u0105\u017einti per 7 dienas nuo j\u0173 gavimo. Pinigai bus gr\u0105\u017einti pagal pradin\u0119 mok\u0117jimo form\u0105 po gr\u0105\u017einimo patikrinimo. Kai tik gausime prekes, skirkite apdorojimui 3\u20135 darbo dienas. Susisiekite su mumis adresu\u00a0<a href=\"mailto:info@vapexyz.com\" target=\"_blank\" rel=\"noopener\">info@vapexyz.com<\/a>\u00a0u\u017e pagalb\u0105 gr\u012f\u017eimui.<\/p>\r\n<\/li>\r\n<li>\r\n<p dir=\"auto\">Gr\u0105\u017einant bus pateikta siuntimo etiket\u0117, ta\u010diau atminkite, kad siuntimo mokes\u010dius nustatome savo nuo\u017ei\u016bra ir kiekvienu atveju jie skirsis. \u0160is mokestis bus i\u0161skai\u010diuotas i\u0161 visos gr\u0105\u017einamos sumos.<\/p>\r\n<\/li>\r\n<li>\r\n<p dir=\"auto\"><em>Pastaba: Visos garintuv\u0117s yra NEGR\u0104\u017dINAMOS, kai tik jos yra atidarytos arba j\u0173 sandariklis yra pa\u017eeistas.<\/em><\/p>\r\n<\/li>\r\n<\/ul>\r\n<h3 dir=\"auto\"><strong>Garantija:<\/strong><\/h3>\r\n<ul>\r\n<li>D\u0117l gaminio pob\u016bd\u017eio higienos ir saugumo sumetimais panaudot\u0173 gamini\u0173 gr\u0105\u017einti nepriimame.<\/li>\r\n<\/ul>\r\n<h3 dir=\"auto\"><strong>Prietaisai:<\/strong><\/h3>\r\n<ul>\r\n<li>M\u016bs\u0173 politika apima 7 dien\u0173 garantij\u0105 nuo pristatymo datos. Po 7 dien\u0173 pateikite gamintojui garantijos pretenzij\u0105.<\/li>\r\n<li>Garantija netaikoma susid\u0117v\u0117jimui, netinkamam naudojimui, atsitiktiniams pa\u017eeidimams, nuot\u0117kiams ar i\u0161oriniams komponentams.<\/li>\r\n<li>Si\u016blome vienkartin\u012f pakeitim\u0105 arba gr\u0105\u017einim\u0105 \u012f pradin\u0119 mok\u0117jimo form\u0105.<\/li>\r\n<\/ul>\r\n<h3 dir=\"auto\"><strong>Vienkartiniai:<\/strong><\/h3>\r\n<ul>\r\n<li>Vienkartini\u0173 gar\u0173 garantij\u0105 kiekvienu konkre\u010diu atveju nustatome savo nuo\u017ei\u016bra.<\/li>\r\n<li>El. pa\u0161tas\u00a0<a href=\"mailto:info@vapexyz.com\" target=\"_blank\" rel=\"noopener\">info@vapexyz.com<\/a>\u00a0problemoms; brokuoti vienkartiniai daiktai gr\u0105\u017einami pradiniu mok\u0117jimo b\u016bdu.<\/li>\r\n<li>Mes nesi\u016blome keisti ar pakeisti vienkartini\u0173 gar\u0173.<\/li>\r\n<\/ul>\r\n<h3 dir=\"auto\"><strong>Aptariamos problemos:<\/strong><\/h3>\r\n<ul>\r\n<li>Negyva atvykus, automati\u0161kai u\u017esidega, nutek\u0117jo atvykus.<\/li>\r\n<\/ul>\r\n<h3 dir=\"auto\"><strong>Neapimama:<\/strong><\/h3>\r\n<ul>\r\n<li>Skonis, numatoma vape naudojimo trukm\u0117.<\/li>\r\n<\/ul>\r\n<h3 dir=\"auto\"><strong>Nepadengti elementai:<\/strong><\/h3>\r\n<ul>\r\n<li>Kei\u010diamos rit\u0117s, ank\u0161tys, stiklas, rezervuarai, purk\u0161tuvai, elektronin\u0117s sultys.<\/li>\r\n<\/ul>\r\n<h3 dir=\"auto\"><strong>Produktai su defektais:<\/strong><\/h3>\r\n<ul>\r\n<li>Gr\u0105\u017einus nekokybi\u0161kus gaminius galima pakeisti per 14 dien\u0173 nuo \u012fsigijimo.<\/li>\r\n<li>Klientai padengia visas siuntimo i\u0161laidas, kai gr\u0105\u017einama nekokybi\u0161ka prek\u0117, nebent gauta negyvi atvykus.<\/li>\r\n<\/ul>\r\n<h3 dir=\"auto\"><strong>Tr\u016bksta \/ suged\u0119 elementai:<\/strong><\/h3>\r\n<ul>\r\n<li>Prane\u0161kite apie tr\u016bkstamus \/ sugedusius elementus per 48 valandas nuo gavimo. Stiklo gaminiai ir priedai netaikomi, nebent jie sudu\u017et\u0173 atvykus.<\/li>\r\n<\/ul>\r\n<h3 dir=\"auto\"><strong>U\u017esakymo at\u0161aukimas:<\/strong><\/h3>\r\n<ul>\r\n<li>kontaktas\u00a0<a href=\"mailto:info@vapexyz.com\" target=\"_blank\" rel=\"noopener\">info@vapexyz.com<\/a>\u00a0su \u201eAt\u0161aukimo u\u017eklausa: u\u017esakykite #\u201c at\u0161aukimams.<\/li>\r\n<li>I\u0161si\u0173stas u\u017esakymas negali b\u016bti at\u0161auktas. Klientai gali atsisakyti pakuot\u0117s arba gr\u0105\u017einti j\u0105, kad b\u016bt\u0173 gr\u0105\u017einti pinigai.<\/li>\r\n<li>Pinigai gr\u0105\u017einami naudojant pradin\u012f mok\u0117jimo b\u016bd\u0105. Parduotuv\u0117s kreditas gali b\u016bti i\u0161duotas, jei pinig\u0173 gr\u0105\u017einti pradiniu mok\u0117jimo b\u016bdu ne\u012fmanoma.<\/li>\r\n<\/ul>\r\n<h3 dir=\"auto\"><strong>Pamesti ir pavogti paketai:<\/strong><\/h3>\r\n<ul>\r\n<li>VapeXYZ neatsako u\u017e pamestas ar pavogtas pakuotes po pristatymo patvirtinimo. Pretenzijas reikia pateikti tiesiogiai siunt\u0173 ve\u017e\u0117jui.<\/li>\r\n<\/ul>","protected":false},"excerpt":{"rendered":"<p>Refund and Returns Policy Returns: We accept returns of all UNOPENED, UNUSED, and UNDAMAGED products within 7 days of receipt. Refunds will be issued to the original form of payment after a return inspection. Please allow 3-5 business days for processing once we receive the items. Contact us at\u00a0info@vapexyz.com\u00a0for return assistance. A shipping label will [&#8230;]\n","protected":false},"author":1,"featured_media":0,"parent":0,"menu_order":0,"comment_status":"closed","ping_status":"closed","template":"","meta":{"_lmt_disableupdate":"no","_lmt_disable":"","footnotes":""},"class_list":["post-13","page","type-page","status-publish","hentry"],"jetpack_sharing_enabled":true,"_links":{"self":[{"href":"https:\/\/vapexyz.com\/lt\/wp-json\/wp\/v2\/pages\/13","targetHints":{"allow":["GET"]}}],"collection":[{"href":"https:\/\/vapexyz.com\/lt\/wp-json\/wp\/v2\/pages"}],"about":[{"href":"https:\/\/vapexyz.com\/lt\/wp-json\/wp\/v2\/types\/page"}],"author":[{"embeddable":true,"href":"https:\/\/vapexyz.com\/lt\/wp-json\/wp\/v2\/users\/1"}],"replies":[{"embeddable":true,"href":"https:\/\/vapexyz.com\/lt\/wp-json\/wp\/v2\/comments?post=13"}],"version-history":[{"count":0,"href":"https:\/\/vapexyz.com\/lt\/wp-json\/wp\/v2\/pages\/13\/revisions"}],"wp:attachment":[{"href":"https:\/\/vapexyz.com\/lt\/wp-json\/wp\/v2\/media?parent=13"}],"curies":[{"name":"wp","href":"https:\/\/api.w.org\/{rel}","templated":true}]}}