{"id":69406,"date":"2026-03-13T09:03:56","date_gmt":"2026-03-13T09:03:56","guid":{"rendered":"https:\/\/vapexyz.com\/?post_type=product&#038;p=69406"},"modified":"2026-03-15T14:42:30","modified_gmt":"2026-03-15T14:42:30","slug":"bang-blaze-200k-dsk069-vaporizzatori-usa-e-getta-allingrosso-acquisto-in-bulk-200000-tiri-6-in-1-commutabile-doppia-maglia","status":"publish","type":"product","link":"https:\/\/vapexyz.com\/it\/product\/bang-blaze-200k-dsk069-disposable-vapes-wholesale-bulk-buy-200000-puffs-6-in-1-switchable-dual-mesh\/","title":{"rendered":"BANG BLAZE 200K DSK069 Vape monouso all'ingrosso Acquisto in bulk 200000 Puffs 6 in 1 Doppia maglia commutabile"},"content":{"rendered":"<article>\n<h2 style=\"color: #2c3e50;text-align: center\"><a href=\"https:\/\/vapexyz.com\/it\/categoria-di-prodotto\/scoppio\/\">BANG BLAZE<\/a> 200K DSK069: Il Gigante Ultimo tra le Vape Monouso<\/h2>\n<p>Sei pronto per un'esperienza di svapo che non si ferma mai? Il BANG BLAZE 200K DSK069 \u00e8 qui per cambiare tutto! Con una capacit\u00e0 mozzafiato di 200.000 tiri, questo dispositivo \u00e8 progettato per divertimento di lunga durata. \u00c8 colorato, intelligente e perfetto per chiunque voglia un vaporizzatore usa e getta affidabile che rimanga al loro fianco per settimane.<\/p>\n<p>Su VapeXYZ, siamo la vostra casa all'ingrosso europea di riferimento per questi incredibili vaporizzatori usa e getta. Che stiate acquistando per voi stessi o per il vostro negozio, ci assicuriamo che ottenete i migliori prezzi all'ingrosso sul mercato!<\/p>\n<div style=\"margin: 20px 0;font-family: sans-serif;line-height: 1.6;color: #444\">\n<h3 style=\"color: #2980b9;margin-bottom: 12px\">Perch\u00e9 il BANG BLAZE 200K \u00e8 un Cambiagame<\/h3>\n<p style=\"font-size: 1em;margin: 0\">Sperimenta il futuro della vaporizzazione con BANG BLAZE 200K. Progettato per una longevit\u00e0 estrema, offre oltre 200.000 puff, leader nel settore, garantendo che il tuo dispositivo duri quanto il tuo stile di vita richiede. Resta in totale controllo con il display LED intelligente integrato per il monitoraggio in tempo reale della batteria e , mentre la nostra tecnologia Dual Mesh avanzata garantisce una presa costantemente liscia, bilanciata e saporita dalla prima all'ultima puff.<\/p>\n<\/div>\n<h3 style=\"color: #2c3e50\">Esplora le tue opzioni 6-in-1<\/h3>\n<p>Ogni dispositivo \u00e8 come una cassa di tesori con 6 diverse variet\u00e0 all'interno! Controlla le opzioni sorprendenti disponibili per l'acquisto in bulk:<\/p>\n<table style=\"width: 100%;border-collapse: collapse;margin: 20px 0;border: 1px solid #ddd;font-family: Arial, sans-serif\">\n<thead>\n<tr style=\"background-color: #34495e;color: white;text-align: left\">\n<th style=\"padding: 12px;border: 1px solid #ddd;width: 30%\">Nome dell'opzione<\/th>\n<th style=\"padding: 12px;border: 1px solid #ddd\">Variet\u00e0 incluse (6 in 1)<\/th>\n<\/tr>\n<\/thead>\n<tbody>\n<tr>\n<td style=\"padding: 10px;border: 1px solid #ddd;font-weight: bold;color: #e67e22\">1. Misto soleggiato<\/td>\n<td style=\"padding: 10px;border: 1px solid #ddd\">Peach Ice, Limone Lime, Fragola Anguria, Mirtillo Uva, Fragola Mamba, Ciliegia Melograno<\/td>\n<\/tr>\n<tr style=\"background-color: #f9f9f9\">\n<td style=\"padding: 10px;border: 1px solid #ddd;font-weight: bold;color: #e67e22\">2. Frutteto tropicale<\/td>\n<td style=\"padding: 10px;border: 1px solid #ddd\">Sorbetto di anguria, Mela Uva, Mirtillo Lampone, Mango Pesca, Ananas Arancia, Mirtillo Pesca<\/td>\n<\/tr>\n<tr>\n<td style=\"padding: 10px;border: 1px solid #ddd;font-weight: bold;color: #e67e22\">3. Avventura fresca<\/td>\n<td style=\"padding: 10px;border: 1px solid #ddd\">Ghiaccio d'uva, Limone di lampone, Red Bull di mirtillo, Cocco di ananas, Lychee di fragola, Ghiaccio del Drago Nero<\/td>\n<\/tr>\n<tr style=\"background-color: #f9f9f9\">\n<td style=\"padding: 10px;border: 1px solid #ddd;font-weight: bold;color: #e67e22\">4. Giardino di Frutti di Bosco<\/td>\n<td style=\"padding: 10px;border: 1px solid #ddd\">Mirtillo Ghiaccio, Anguria Frambosa, Aloe Vera Uva, Fragola Banana, Amore 66, Mirtillo Ciliegia<\/td>\n<\/tr>\n<tr>\n<td style=\"padding: 10px;border: 1px solid #ddd;font-weight: bold;color: #e67e22\">5. Dolci Trattamenti<\/td>\n<td style=\"padding: 10px;border: 1px solid #ddd\">Mela Ghiaccio, Frutti di Bosco Misti, Gomma da Masticare Anguria, Anguria Mirtillo, Mango Fragola, Aloe Mango Melone<\/td>\n<\/tr>\n<tr style=\"background-color: #f9f9f9\">\n<td style=\"padding: 10px;border: 1px solid #ddd;font-weight: bold;color: #e67e22\">6. Festa sull'Isola<\/td>\n<td style=\"padding: 10px;border: 1px solid #ddd\">Pineapple Ice, Kiwi Passion Fruit Guava, Orso Gommoso, Anguria Dragon Fruit, Pesca Mango Anguria, Mirtillo Cranberry Ciliegia<\/td>\n<\/tr>\n<tr>\n<td style=\"padding: 10px;border: 1px solid #ddd;font-weight: bold;color: #e67e22\">7. Pura Felicit\u00e0 di Frutta<\/td>\n<td style=\"padding: 10px;border: 1px solid #ddd\">Fragola, Mirtillo nero Gelato di Ananas, Frutta Tropicale, Gomma da Masticare Uva, Uva Mirtillo, Mango Frutta della Passione<\/td>\n<\/tr>\n<tr style=\"background-color: #f9f9f9\">\n<td style=\"padding: 10px;border: 1px solid #ddd;font-weight: bold;color: #e67e22\">8. Raccolto d'oro<\/td>\n<td style=\"padding: 10px;border: 1px solid #ddd\">Triplo Mango, Pesca Uva, Gelato alla Fragola, Fragola Kiwi, Energia Uva, Cola Rossa<\/td>\n<\/tr>\n<tr>\n<td style=\"padding: 10px;border: 1px solid #ddd;font-weight: bold;color: #e67e22\">9. Brezza Rinfrescante<\/td>\n<td style=\"padding: 10px;border: 1px solid #ddd\">Banana Ice, Aloe Vera Mela, Passione Frutto Pompelmo, Fragola Cocco, Fragola Anguria Gomme, Anguria Lime Ice<\/td>\n<\/tr>\n<tr style=\"background-color: #f9f9f9\">\n<td style=\"padding: 10px;border: 1px solid #ddd;font-weight: bold;color: #e67e22\">10. Crema e Aspro<\/td>\n<td style=\"padding: 10px;border: 1px solid #ddd\">Ghiaccio di Ciliegia, Limone Rosa, Menta Mirtillo, Gelato di Banana, Ghiaccio di Frutta della Passione e Ananas, Mela Verde Kiwi<\/td>\n<\/tr>\n<tr>\n<td style=\"padding: 10px;border: 1px solid #ddd;font-weight: bold;color: #e67e22\">11. Dolci Sogni<\/td>\n<td style=\"padding: 10px;border: 1px solid #ddd\">Rainbow Candy, Pesca-Pera Ice, Cappuccino, Fresh Mint Mojito, Fragola-Mango-Cassis, Fluffy Marshmallow<\/td>\n<\/tr>\n<tr style=\"background-color: #f9f9f9\">\n<td style=\"padding: 10px;border: 1px solid #ddd;font-weight: bold;color: #e67e22\">12. Super Berry Blast<\/td>\n<td style=\"padding: 10px;border: 1px solid #ddd\">Moretta nera, Triplo Melone, Fragola Lampone, Super Bacca, Mirtillo Mora Fragola, Pesca Limone Acqua<\/td>\n<\/tr>\n<\/tbody>\n<\/table>\n<div style=\"background-color: #e8f6f3;border-left: 10px solid #1abc9c;padding: 20px;margin: 30px 0;border-radius: 5px\">\n<h3 style=\"color: #16a085;margin-top: 0\">\ud83d\udca1 Knowledge Box: Il Modo Intelligente di Vaporizzare<\/h3>\n<p>Il BANG BLAZE 200K \u00e8 progettato per essere facile da usare. Invece di portare molti piccoli vaporizzatori usa e getta, questo dispositivo sostituisce tutti loro. \u00c8 dotato di una batteria ricaricabile da 600mAh, quindi puoi semplicemente collegarlo con un cavo di tipo C e continuare fino all'ultimo soffio. \u00c8 intelligente per il tuo portafoglio e migliore per il mondo che ci circonda!<\/p>\n<\/div>\n<h3 style=\"color: #2c3e50\">Fatti tecnici<\/h3>\n<table style=\"width: 100%;border-collapse: collapse;margin-bottom: 20px\">\n<thead>\n<tr style=\"background-color: #2c3e50;color: white\">\n<th style=\"padding: 12px;border: 1px solid #ddd\">Specifica<\/th>\n<th style=\"padding: 12px;border: 1px solid #ddd\">Dettagli<\/th>\n<\/tr>\n<\/thead>\n<tbody>\n<tr>\n<td style=\"padding: 10px;border: 1px solid #ddd;font-weight: bold\">Conteggio dei soffi<\/td>\n<td style=\"padding: 10px;border: 1px solid #ddd\">200.000 Puffs<\/td>\n<\/tr>\n<tr>\n<td style=\"padding: 10px;border: 1px solid #ddd;font-weight: bold\">Batteria<\/td>\n<td style=\"padding: 10px;border: 1px solid #ddd\">600mAh (ricaricabile tramite Type-C)<\/td>\n<\/tr>\n<tr>\n<td style=\"padding: 10px;border: 1px solid #ddd;font-weight: bold\">Sistema a bobina<\/td>\n<td style=\"padding: 10px;border: 1px solid #ddd\">1,2\u03a9 Doppia Bobina Mesh<\/td>\n<\/tr>\n<tr>\n<td style=\"padding: 10px;border: 1px solid #ddd;font-weight: bold\">Schermo<\/td>\n<td style=\"padding: 10px;border: 1px solid #ddd\">Monitor intelligente digitale<\/td>\n<\/tr>\n<tr>\n<td style=\"padding: 10px;border: 1px solid #ddd;font-weight: bold\">Esperienza<\/td>\n<td style=\"padding: 10px;border: 1px solid #ddd\">Opzioni commutabili 6-in-1<\/td>\n<\/tr>\n<\/tbody>\n<\/table>\n<div style=\"background-color: #fff9e6;border: 2px dashed #f39c12;border-radius: 15px;padding: 25px;margin-top: 30px\">\n<h3 style=\"color: #d35400;margin-top: 0;text-align: center\">Domande Frequenti (FAQ)<\/h3>\n<div style=\"margin-bottom: 15px\">\n<p style=\"font-weight: bold;color: #2980b9;margin-bottom: 5px\">Come carico il mio BANG BLAZE?<\/p>\n<p style=\"margin-top: 0;color: #444\">Utilizza semplicemente un cavo di tipo C (come la maggior parte dei telefoni moderni) e collegalo alla parte inferiore del dispositivo. Lo schermo intelligente ti mostrer\u00e0 lo stato della batteria!<\/p>\n<\/div>\n<hr style=\"border: 0;border-top: 1px solid #f39c12;margin: 15px 0\" \/>\n<div style=\"margin-bottom: 15px\">\n<p style=\"font-weight: bold;color: #2980b9;margin-bottom: 5px\">Posso acquistarli in grandi quantit\u00e0 per il mio negozio?<\/p>\n<p style=\"margin-top: 0;color: #444\">S\u00ec! VapeXYZ \u00e8 una piattaforma leader all'ingrosso. Ci specializziamo in ordini di acquisto in bulk di sigarette elettroniche usa e getta in tutta Europa, offrendo i prezzi pi\u00f9 competitivi.<\/p>\n<\/div>\n<hr style=\"border: 0;border-top: 1px solid #f39c12;margin: 15px 0\" \/>\n<div style=\"margin-bottom: 0\">\n<p style=\"font-weight: bold;color: #2980b9;margin-bottom: 5px\">Quante opzioni ci sono in un dispositivo?<\/p>\n<p style=\"margin-top: 0;color: #444\">Ogni dispositivo BANG BLAZE 200K \u00e8 dotato di un'impostazione \u201c6-in-1\u201d, il che significa che si ottengono una variet\u00e0 di 6 esperienze diverse in ogni singola unit\u00e0!<\/p>\n<\/div>\n<\/div>\n<p><img loading=\"lazy\" decoding=\"async\" class=\"size-full wp-image-69550 aligncenter\" src=\"https:\/\/vapexyz.com\/wp-content\/uploads\/2026\/03\/BANG-BLAZE-200K-DSK069-Disposable-Vapes-Wholesale-Bulk-Buy-200000-Puffs-6-In-1-Switchable-Dual-Mesh-scaled.webp\" alt=\"BANG BLAZE 200K DSK069 Vape monouso all&#039;ingrosso Acquisto in bulk 200000 Puffs 6 in 1 Doppia maglia commutabile\" width=\"1129\" height=\"2560\" title=\"\" srcset=\"https:\/\/vapexyz.com\/wp-content\/uploads\/2026\/03\/BANG-BLAZE-200K-DSK069-Disposable-Vapes-Wholesale-Bulk-Buy-200000-Puffs-6-In-1-Switchable-Dual-Mesh-scaled.webp 1129w, https:\/\/vapexyz.com\/wp-content\/uploads\/2026\/03\/BANG-BLAZE-200K-DSK069-Disposable-Vapes-Wholesale-Bulk-Buy-200000-Puffs-6-In-1-Switchable-Dual-Mesh-221x500.webp 221w, https:\/\/vapexyz.com\/wp-content\/uploads\/2026\/03\/BANG-BLAZE-200K-DSK069-Disposable-Vapes-Wholesale-Bulk-Buy-200000-Puffs-6-In-1-Switchable-Dual-Mesh-452x1024.webp 452w, https:\/\/vapexyz.com\/wp-content\/uploads\/2026\/03\/BANG-BLAZE-200K-DSK069-Disposable-Vapes-Wholesale-Bulk-Buy-200000-Puffs-6-In-1-Switchable-Dual-Mesh-768x1741.webp 768w, https:\/\/vapexyz.com\/wp-content\/uploads\/2026\/03\/BANG-BLAZE-200K-DSK069-Disposable-Vapes-Wholesale-Bulk-Buy-200000-Puffs-6-In-1-Switchable-Dual-Mesh-677x1536.webp 677w, https:\/\/vapexyz.com\/wp-content\/uploads\/2026\/03\/BANG-BLAZE-200K-DSK069-Disposable-Vapes-Wholesale-Bulk-Buy-200000-Puffs-6-In-1-Switchable-Dual-Mesh-903x2048.webp 903w, https:\/\/vapexyz.com\/wp-content\/uploads\/2026\/03\/BANG-BLAZE-200K-DSK069-Disposable-Vapes-Wholesale-Bulk-Buy-200000-Puffs-6-In-1-Switchable-Dual-Mesh-5x12.webp 5w, https:\/\/vapexyz.com\/wp-content\/uploads\/2026\/03\/BANG-BLAZE-200K-DSK069-Disposable-Vapes-Wholesale-Bulk-Buy-200000-Puffs-6-In-1-Switchable-Dual-Mesh-510x1156.webp 510w\" sizes=\"auto, (max-width: 1129px) 100vw, 1129px\" \/><\/p>\n<p style=\"text-align: center;margin-top: 40px;font-size: 1.3em;color: #2ecc71;font-weight: bold\">\u2728 Pronti a vivere il puff definitivo? Visita <a href=\"https:\/\/vapexyz.com\/it\/\">VapeXYZ<\/a> E ricevi il tuo BANG BLAZE 200K oggi stesso!<\/p>\n<\/article>","protected":false},"excerpt":{"rendered":"<div id=\"model-response-message-contentr_001ec7cad91754b3\" class=\"markdown markdown-main-panel tutor-markdown-rendering stronger enable-updated-hr-color\" dir=\"ltr\" aria-live=\"polite\">\n<p data-path-to-node=\"0\">Eleva il tuo inventario con il BANG BLAZE 200K DSK069, una potente sigaretta elettronica usa e getta che vanta un incredibile numero di 200.000 tiri, tecnologia a schermo intelligente e opzioni versatili 6-in-1, disponibile per acquisto all'ingrosso in grandi quantit\u00e0 esclusivamente su VapeXYZ.<\/p>\n<\/div>","protected":false},"featured_media":69552,"comment_status":"open","ping_status":"closed","template":"","meta":{"_lmt_disableupdate":"no","_lmt_disable":""},"product_brand":[],"product_cat":[821,1106,947,935,934,927,929,928,930,933,939,932,938,931,936,937,1017,949,946,950,951,953,1105,987],"product_tag":[],"class_list":{"0":"post-69406","1":"product","2":"type-product","3":"status-publish","4":"has-post-thumbnail","6":"product_cat-bang","7":"product_cat-200000-puffs-vapes","8":"product_cat-big-puffs-vapes","9":"product_cat-bulk-buy-disposable-vapes-in-austria","10":"product_cat-bulk-buy-disposable-vapes-in-belgium","11":"product_cat-bulk-buy-disposable-vapes-in-europe","12":"product_cat-bulk-buy-disposable-vapes-in-france","13":"product_cat-bulk-buy-disposable-vapes-in-germany","14":"product_cat-bulk-buy-disposable-vapes-in-italy","15":"product_cat-bulk-buy-disposable-vapes-in-netherlands","16":"product_cat-bulk-buy-disposable-vapes-in-norway","17":"product_cat-bulk-buy-disposable-vapes-in-poland","18":"product_cat-bulk-buy-disposable-vapes-in-portugal","19":"product_cat-bulk-buy-disposable-vapes-in-spain","20":"product_cat-bulk-buy-disposable-vapes-in-sweden","21":"product_cat-bulk-buy-disposable-vapes-in-switzerland","22":"product_cat-buy-best-disposable-vape-flavors","23":"product_cat-digital-box-vapes","24":"product_cat-disposable-vapes-series","25":"product_cat-dual-mesh-vapes","26":"product_cat-lower-nicotine-vapes","27":"product_cat-rechargeable-vapes","28":"product_cat-six-flavor-vapes","29":"product_cat-vape-shop-by-puffs","31":"first","32":"instock","33":"shipping-taxable","34":"purchasable","35":"product-type-variable","36":"has-default-attributes"},"jetpack_sharing_enabled":true,"tiered_pricing_type":"fixed","tiered_pricing_fixed_rules":[],"tiered_pricing_product_settings":{"layout":"default","base_unit_name":{"singular":null,"plural":null},"default_variation":null},"tiered_pricing_minimum_quantity":null,"tiered_pricing_roles_data":[],"tiered_pricing_percentage_rules":[],"tiered_pricing_maximum_quantity":null,"tiered_pricing_quantity_step":null,"_links":{"self":[{"href":"https:\/\/vapexyz.com\/it\/wp-json\/wp\/v2\/product\/69406","targetHints":{"allow":["GET"]}}],"collection":[{"href":"https:\/\/vapexyz.com\/it\/wp-json\/wp\/v2\/product"}],"about":[{"href":"https:\/\/vapexyz.com\/it\/wp-json\/wp\/v2\/types\/product"}],"replies":[{"embeddable":true,"href":"https:\/\/vapexyz.com\/it\/wp-json\/wp\/v2\/comments?post=69406"}],"wp:featuredmedia":[{"embeddable":true,"href":"https:\/\/vapexyz.com\/it\/wp-json\/wp\/v2\/media\/69552"}],"wp:attachment":[{"href":"https:\/\/vapexyz.com\/it\/wp-json\/wp\/v2\/media?parent=69406"}],"wp:term":[{"taxonomy":"product_brand","embeddable":true,"href":"https:\/\/vapexyz.com\/it\/wp-json\/wp\/v2\/product_brand?post=69406"},{"taxonomy":"product_cat","embeddable":true,"href":"https:\/\/vapexyz.com\/it\/wp-json\/wp\/v2\/product_cat?post=69406"},{"taxonomy":"product_tag","embeddable":true,"href":"https:\/\/vapexyz.com\/it\/wp-json\/wp\/v2\/product_tag?post=69406"}],"curies":[{"name":"wp","href":"https:\/\/api.w.org\/{rel}","templated":true}]}}